{"id":128624,"date":"2019-10-28T16:47:00","date_gmt":"2019-10-28T16:47:00","guid":{"rendered":"https:\/\/www.eliassen.nl\/?product=teichpumpe-pontec-pondomax-in-2-versionen"},"modified":"2026-02-23T09:04:39","modified_gmt":"2026-02-23T08:04:39","slug":"teichpumpe-pontec-pondomax-in-2-versionen","status":"publish","type":"product","link":"https:\/\/www.eliassen.nl\/de\/teichpumpe-pontec-pondomax-in-2-versionen\/","title":{"rendered":"Teichpumpe Pontec Pondomax in 2 Versionen"},"content":{"rendered":"<p><b>Beschreibung Pontec PondoMax 5000 Teichpumpe  <\/b><\/p>\n<p>Die Pontec PondoMax ist eine Teichpumpe mit deutscher Oase-Technologie. In der Teichwelt ist diese Technologie immer noch unumstritten und das spiegelt sich in der Pontec Teichpumpe wider. Dieses Pumpenmodell ist ideal f\u00fcr Wasserf\u00e4lle und gro\u00dfe Modelle von Wasserornamenten geeignet.<\/p>\n<p>Die Pontec PondoMax 5000 Teichpumpe ist mit W\u00e4rmeschutz und einer gestuften Schlaucht\u00fclle erh\u00e4ltlich. Die Pumpe hat standardm\u00e4\u00dfig ein 10 Meter langes Kabel und ist in der Teichwelt als energieeffiziente Teichpumpe bekannt.<\/p>\n<p>Diese Pumpe kann auch in unserem Gesch\u00e4ft abgeholt werden.<\/p>\n<p><span style=\"color: #993300;\"><b>Technische Daten Typ 5000:<\/b><\/span><\/p>\n<p>Nennspannung Pumpe: 220-240 V\/ 50\/60 Hz\/<\/p>\n<p>Wattleistung: 60 Watt<\/p>\n<p>Kapazit\u00e4t der Filterpumpe: 5000 Liter\/Stunde<\/p>\n<p>Maximale Saugh\u00f6he: 2,60 Meter<\/p>\n<p>L\u00e4nge Stromkabel Pumpe: 10 Meter<\/p>\n<p>Inklusive Adapterschlauchdurchf\u00fchrung: 25, 32 und 38 mm<\/p>\n<p>Thermischer Schutz<\/p>\n<p>Garantie: 3 Jahre<\/p>\n<p>Ma\u00dfe der Teichpumpe: 280 x 235 x 150 mm<\/p>\n<p><span style=\"color: #993300;\"><b>Technische Daten Typ 8000:<\/b><\/span><\/p>\n<p>Nennspannung Pumpe: 220-240 V\/ 50\/60 Hz\/<\/p>\n<p>Wattleistung: 70 Watt<\/p>\n<p>Kapazit\u00e4t der Filterpumpe: 8000 Liter\/Stunde<\/p>\n<p>Maximale Saugh\u00f6he: 2,80 Meter<\/p>\n<p>L\u00e4nge Stromkabel Pumpe: 10 Meter<\/p>\n<p>Inklusive Adapterschlauchdurchf\u00fchrung: 25, 32 und 38 mm<\/p>\n<p>Thermischer Schutz<\/p>\n<p>Garantie: 3 Jahre<\/p>\n<p>Ma\u00dfe der Teichpumpe: 280 x 235 x 150 mm<\/p>\n","protected":false},"excerpt":{"rendered":"<p>Beschreibung Pontec PondoMax 5000 Teichpumpe Die Pontec PondoMax ist eine Teichpumpe mit deutscher Oase-Technologie. In der Teichwelt ist diese Technologie immer noch unumstritten und das spiegelt sich in der Pontec Teichpumpe wider. Dieses Pumpenmodell ist ideal f\u00fcr Wasserf\u00e4lle und gro\u00dfe Modelle von Wasserornamenten geeignet. Die Pontec PondoMax 5000 Teichpumpe ist mit W\u00e4rmeschutz und einer gestuften &hellip;<\/p>\n","protected":false},"featured_media":9538,"template":"","meta":{"_acf_changed":false,"_genesis_title":"","_genesis_description":""},"product_brand":[6936],"product_cat":[545,536],"product_tag":[],"class_list":{"0":"post-128624","1":"product","2":"type-product","3":"status-publish","4":"has-post-thumbnail","6":"product_brand-pontec-de","7":"product_cat-teile-wasserspiele","8":"product_cat-wassereigenschaften","10":"first","11":"instock","12":"taxable","13":"shipping-taxable","14":"purchasable","15":"product-type-variable"},"acf":[],"meta_all":{"total_sales":"3","wcml_sync_hash":{"postmeta_fields":"e3b8eb3bf5fffcdd17bf113c58b1c558"},"attr_label_translations":[],"cor_restricted_countries":[]},"meta_all_flat":{"total_sales":"3","wcml_sync_hash.postmeta_fields":"e3b8eb3bf5fffcdd17bf113c58b1c558"},"yoast_head":"<!-- This site is optimized with the Yoast SEO Premium plugin v26.2 (Yoast SEO v27.2) - https:\/\/yoast.com\/product\/yoast-seo-premium-wordpress\/ -->\n<title>Teichpumpe Pontec Pondomax in 2 Ausf\u00fchrungen | Eliassen<\/title>\n<meta name=\"description\" content=\"Kaufen Sie bei Eliassen die Teichpumpe Pontec Pondomax in 2 Ausf\u00fchrungen online oder sehen Sie sie live im Ausstellungsraum. Bestellen Sie direkt online.\" \/>\n<meta name=\"robots\" content=\"index, follow, max-snippet:-1, max-image-preview:large, max-video-preview:-1\" \/>\n<link rel=\"canonical\" href=\"https:\/\/www.eliassen.nl\/de\/teichpumpe-pontec-pondomax-in-2-versionen\/\" \/>\n<meta property=\"og:locale\" content=\"de_DE\" \/>\n<meta property=\"og:type\" content=\"article\" \/>\n<meta property=\"og:title\" content=\"Pontec Teichpumpe Pontec Pondomax in 2 Versionen - Eliassen.nl\" \/>\n<meta property=\"og:description\" content=\"Kaufen Sie bei Eliassen die Teichpumpe Pontec Pondomax in 2 Ausf\u00fchrungen online oder sehen Sie sie live im Ausstellungsraum. Bestellen Sie direkt online.\" \/>\n<meta property=\"og:url\" content=\"https:\/\/www.eliassen.nl\/de\/teichpumpe-pontec-pondomax-in-2-versionen\/\" \/>\n<meta property=\"og:site_name\" content=\"Eliassen.nl\" \/>\n<meta property=\"article:publisher\" content=\"https:\/\/www.facebook.com\/TuincentrumEliassenAmmerzoden\" \/>\n<meta property=\"article:modified_time\" content=\"2026-02-23T08:04:39+00:00\" \/>\n<meta property=\"og:image\" content=\"https:\/\/www.eliassen.nl\/wp-content\/uploads\/2024\/01\/sl640.jpg\" \/>\n\t<meta property=\"og:image:width\" content=\"572\" \/>\n\t<meta property=\"og:image:height\" content=\"572\" \/>\n\t<meta property=\"og:image:type\" content=\"image\/jpeg\" \/>\n<meta name=\"twitter:card\" content=\"summary_large_image\" \/>\n<script type=\"application\/ld+json\" class=\"yoast-schema-graph\">{\"@context\":\"https:\/\/schema.org\",\"@graph\":[{\"@type\":\"WebPage\",\"@id\":\"https:\/\/www.eliassen.nl\/de\/teichpumpe-pontec-pondomax-in-2-versionen\/\",\"url\":\"https:\/\/www.eliassen.nl\/de\/teichpumpe-pontec-pondomax-in-2-versionen\/\",\"name\":\"Teichpumpe Pontec Pondomax in 2 Ausf\u00fchrungen | Eliassen\",\"isPartOf\":{\"@id\":\"https:\/\/www.eliassen.nl\/de\/#website\"},\"primaryImageOfPage\":{\"@id\":\"https:\/\/www.eliassen.nl\/de\/teichpumpe-pontec-pondomax-in-2-versionen\/#primaryimage\"},\"image\":{\"@id\":\"https:\/\/www.eliassen.nl\/de\/teichpumpe-pontec-pondomax-in-2-versionen\/#primaryimage\"},\"thumbnailUrl\":\"https:\/\/www.eliassen.nl\/wp-content\/uploads\/2024\/01\/sl640.jpg\",\"datePublished\":\"2019-10-28T16:47:00+00:00\",\"dateModified\":\"2026-02-23T08:04:39+00:00\",\"description\":\"Kaufen Sie bei Eliassen die Teichpumpe Pontec Pondomax in 2 Ausf\u00fchrungen online oder sehen Sie sie live im Ausstellungsraum. Bestellen Sie direkt online.\",\"breadcrumb\":{\"@id\":\"https:\/\/www.eliassen.nl\/de\/teichpumpe-pontec-pondomax-in-2-versionen\/#breadcrumb\"},\"inLanguage\":\"de\",\"potentialAction\":[{\"@type\":\"ReadAction\",\"target\":[\"https:\/\/www.eliassen.nl\/de\/teichpumpe-pontec-pondomax-in-2-versionen\/\"]}]},{\"@type\":\"ImageObject\",\"inLanguage\":\"de\",\"@id\":\"https:\/\/www.eliassen.nl\/de\/teichpumpe-pontec-pondomax-in-2-versionen\/#primaryimage\",\"url\":\"https:\/\/www.eliassen.nl\/wp-content\/uploads\/2024\/01\/sl640.jpg\",\"contentUrl\":\"https:\/\/www.eliassen.nl\/wp-content\/uploads\/2024\/01\/sl640.jpg\",\"width\":572,\"height\":572,\"caption\":\"s-l640\"},{\"@type\":\"BreadcrumbList\",\"@id\":\"https:\/\/www.eliassen.nl\/de\/teichpumpe-pontec-pondomax-in-2-versionen\/#breadcrumb\",\"itemListElement\":[{\"@type\":\"ListItem\",\"position\":1,\"name\":\"Home\",\"item\":\"https:\/\/www.eliassen.nl\/de\/\"},{\"@type\":\"ListItem\",\"position\":2,\"name\":\"Shop\",\"item\":\"https:\/\/www.eliassen.nl\/de\/shop\/\"},{\"@type\":\"ListItem\",\"position\":3,\"name\":\"Wasserspiele\",\"item\":\"https:\/\/www.eliassen.nl\/de\/wassereigenschaften\/\"},{\"@type\":\"ListItem\",\"position\":4,\"name\":\"Teile Wasserspiele\",\"item\":\"https:\/\/www.eliassen.nl\/de\/wassereigenschaften\/teile-wasserspiele\/\"},{\"@type\":\"ListItem\",\"position\":5,\"name\":\"Teichpumpe Pontec Pondomax in 2 Versionen\"}]},{\"@type\":\"WebSite\",\"@id\":\"https:\/\/www.eliassen.nl\/de\/#website\",\"url\":\"https:\/\/www.eliassen.nl\/de\/\",\"name\":\"Eliassen Home & Garden Pleasure\",\"description\":\"\",\"publisher\":{\"@id\":\"https:\/\/www.eliassen.nl\/de\/#organization\"},\"alternateName\":\"Eliassen.nl\",\"potentialAction\":[{\"@type\":\"SearchAction\",\"target\":{\"@type\":\"EntryPoint\",\"urlTemplate\":\"https:\/\/www.eliassen.nl\/de\/?s={search_term_string}\"},\"query-input\":{\"@type\":\"PropertyValueSpecification\",\"valueRequired\":true,\"valueName\":\"search_term_string\"}}],\"inLanguage\":\"de\"},{\"@type\":[\"Organization\",\"Place\"],\"@id\":\"https:\/\/www.eliassen.nl\/de\/#organization\",\"name\":\"Eliassen Home & Garden Pleasure\",\"url\":\"https:\/\/www.eliassen.nl\/de\/\",\"logo\":{\"@id\":\"https:\/\/www.eliassen.nl\/de\/teichpumpe-pontec-pondomax-in-2-versionen\/#local-main-organization-logo\"},\"image\":{\"@id\":\"https:\/\/www.eliassen.nl\/de\/teichpumpe-pontec-pondomax-in-2-versionen\/#local-main-organization-logo\"},\"sameAs\":[\"https:\/\/www.facebook.com\/TuincentrumEliassenAmmerzoden\",\"https:\/\/www.instagram.com\/eliassenhomeandgarden\/\",\"https:\/\/nl.pinterest.com\/eliassenhomeandgarden\/\",\"https:\/\/www.youtube.com\/@eliassenhomegardenpleasure4558\"],\"telephone\":[],\"openingHoursSpecification\":[{\"@type\":\"OpeningHoursSpecification\",\"dayOfWeek\":[\"Monday\",\"Tuesday\",\"Wednesday\",\"Thursday\",\"Friday\",\"Saturday\",\"Sunday\"],\"opens\":\"09:00\",\"closes\":\"17:00\"}]},{\"@type\":\"ImageObject\",\"inLanguage\":\"de\",\"@id\":\"https:\/\/www.eliassen.nl\/de\/teichpumpe-pontec-pondomax-in-2-versionen\/#local-main-organization-logo\",\"url\":\"https:\/\/www.eliassen.nl\/wp-content\/uploads\/2024\/01\/logo_4nd.jpg\",\"contentUrl\":\"https:\/\/www.eliassen.nl\/wp-content\/uploads\/2024\/01\/logo_4nd.jpg\",\"width\":500,\"height\":500,\"caption\":\"Eliassen Home & Garden Pleasure\"}]}<\/script>\n<meta property=\"og:availability\" content=\"instock\" \/>\n<meta property=\"product:availability\" content=\"instock\" \/>\n<meta property=\"product:retailer_item_id\" content=\"50855\" \/>\n<meta property=\"product:condition\" content=\"new\" \/>\n<!-- \/ Yoast SEO Premium plugin. -->","yoast_head_json":{"title":"Teichpumpe Pontec Pondomax in 2 Ausf\u00fchrungen | Eliassen","description":"Kaufen Sie bei Eliassen die Teichpumpe Pontec Pondomax in 2 Ausf\u00fchrungen online oder sehen Sie sie live im Ausstellungsraum. Bestellen Sie direkt online.","robots":{"index":"index","follow":"follow","max-snippet":"max-snippet:-1","max-image-preview":"max-image-preview:large","max-video-preview":"max-video-preview:-1"},"canonical":"https:\/\/www.eliassen.nl\/de\/teichpumpe-pontec-pondomax-in-2-versionen\/","og_locale":"de_DE","og_type":"article","og_title":"Pontec Teichpumpe Pontec Pondomax in 2 Versionen - Eliassen.nl","og_description":"Kaufen Sie bei Eliassen die Teichpumpe Pontec Pondomax in 2 Ausf\u00fchrungen online oder sehen Sie sie live im Ausstellungsraum. Bestellen Sie direkt online.","og_url":"https:\/\/www.eliassen.nl\/de\/teichpumpe-pontec-pondomax-in-2-versionen\/","og_site_name":"Eliassen.nl","article_publisher":"https:\/\/www.facebook.com\/TuincentrumEliassenAmmerzoden","article_modified_time":"2026-02-23T08:04:39+00:00","og_image":[{"width":572,"height":572,"url":"https:\/\/www.eliassen.nl\/wp-content\/uploads\/2024\/01\/sl640.jpg","type":"image\/jpeg"}],"twitter_card":"summary_large_image","schema":{"@context":"https:\/\/schema.org","@graph":[{"@type":"WebPage","@id":"https:\/\/www.eliassen.nl\/de\/teichpumpe-pontec-pondomax-in-2-versionen\/","url":"https:\/\/www.eliassen.nl\/de\/teichpumpe-pontec-pondomax-in-2-versionen\/","name":"Teichpumpe Pontec Pondomax in 2 Ausf\u00fchrungen | Eliassen","isPartOf":{"@id":"https:\/\/www.eliassen.nl\/de\/#website"},"primaryImageOfPage":{"@id":"https:\/\/www.eliassen.nl\/de\/teichpumpe-pontec-pondomax-in-2-versionen\/#primaryimage"},"image":{"@id":"https:\/\/www.eliassen.nl\/de\/teichpumpe-pontec-pondomax-in-2-versionen\/#primaryimage"},"thumbnailUrl":"https:\/\/www.eliassen.nl\/wp-content\/uploads\/2024\/01\/sl640.jpg","datePublished":"2019-10-28T16:47:00+00:00","dateModified":"2026-02-23T08:04:39+00:00","description":"Kaufen Sie bei Eliassen die Teichpumpe Pontec Pondomax in 2 Ausf\u00fchrungen online oder sehen Sie sie live im Ausstellungsraum. Bestellen Sie direkt online.","breadcrumb":{"@id":"https:\/\/www.eliassen.nl\/de\/teichpumpe-pontec-pondomax-in-2-versionen\/#breadcrumb"},"inLanguage":"de","potentialAction":[{"@type":"ReadAction","target":["https:\/\/www.eliassen.nl\/de\/teichpumpe-pontec-pondomax-in-2-versionen\/"]}]},{"@type":"ImageObject","inLanguage":"de","@id":"https:\/\/www.eliassen.nl\/de\/teichpumpe-pontec-pondomax-in-2-versionen\/#primaryimage","url":"https:\/\/www.eliassen.nl\/wp-content\/uploads\/2024\/01\/sl640.jpg","contentUrl":"https:\/\/www.eliassen.nl\/wp-content\/uploads\/2024\/01\/sl640.jpg","width":572,"height":572,"caption":"s-l640"},{"@type":"BreadcrumbList","@id":"https:\/\/www.eliassen.nl\/de\/teichpumpe-pontec-pondomax-in-2-versionen\/#breadcrumb","itemListElement":[{"@type":"ListItem","position":1,"name":"Home","item":"https:\/\/www.eliassen.nl\/de\/"},{"@type":"ListItem","position":2,"name":"Shop","item":"https:\/\/www.eliassen.nl\/de\/shop\/"},{"@type":"ListItem","position":3,"name":"Wasserspiele","item":"https:\/\/www.eliassen.nl\/de\/wassereigenschaften\/"},{"@type":"ListItem","position":4,"name":"Teile Wasserspiele","item":"https:\/\/www.eliassen.nl\/de\/wassereigenschaften\/teile-wasserspiele\/"},{"@type":"ListItem","position":5,"name":"Teichpumpe Pontec Pondomax in 2 Versionen"}]},{"@type":"WebSite","@id":"https:\/\/www.eliassen.nl\/de\/#website","url":"https:\/\/www.eliassen.nl\/de\/","name":"Eliassen Home & Garden Pleasure","description":"","publisher":{"@id":"https:\/\/www.eliassen.nl\/de\/#organization"},"alternateName":"Eliassen.nl","potentialAction":[{"@type":"SearchAction","target":{"@type":"EntryPoint","urlTemplate":"https:\/\/www.eliassen.nl\/de\/?s={search_term_string}"},"query-input":{"@type":"PropertyValueSpecification","valueRequired":true,"valueName":"search_term_string"}}],"inLanguage":"de"},{"@type":["Organization","Place"],"@id":"https:\/\/www.eliassen.nl\/de\/#organization","name":"Eliassen Home & Garden Pleasure","url":"https:\/\/www.eliassen.nl\/de\/","logo":{"@id":"https:\/\/www.eliassen.nl\/de\/teichpumpe-pontec-pondomax-in-2-versionen\/#local-main-organization-logo"},"image":{"@id":"https:\/\/www.eliassen.nl\/de\/teichpumpe-pontec-pondomax-in-2-versionen\/#local-main-organization-logo"},"sameAs":["https:\/\/www.facebook.com\/TuincentrumEliassenAmmerzoden","https:\/\/www.instagram.com\/eliassenhomeandgarden\/","https:\/\/nl.pinterest.com\/eliassenhomeandgarden\/","https:\/\/www.youtube.com\/@eliassenhomegardenpleasure4558"],"telephone":[],"openingHoursSpecification":[{"@type":"OpeningHoursSpecification","dayOfWeek":["Monday","Tuesday","Wednesday","Thursday","Friday","Saturday","Sunday"],"opens":"09:00","closes":"17:00"}]},{"@type":"ImageObject","inLanguage":"de","@id":"https:\/\/www.eliassen.nl\/de\/teichpumpe-pontec-pondomax-in-2-versionen\/#local-main-organization-logo","url":"https:\/\/www.eliassen.nl\/wp-content\/uploads\/2024\/01\/logo_4nd.jpg","contentUrl":"https:\/\/www.eliassen.nl\/wp-content\/uploads\/2024\/01\/logo_4nd.jpg","width":500,"height":500,"caption":"Eliassen Home & Garden Pleasure"}]},"og_availability":"instock","product_availability":"instock","product_retailer_item_id":"50855","product_condition":"new"},"df_price":95,"df_sale_price":"","df_regular_price":95,"df_image_link":"https:\/\/www.eliassen.nl\/wp-content\/uploads\/2024\/01\/sl640.jpg","image":"https:\/\/www.eliassen.nl\/wp-content\/uploads\/2024\/01\/sl640.jpg","price_search":"<span class=\"woocommerce-Price-amount amount\"><bdi><span class=\"woocommerce-Price-currencySymbol\">&euro;<\/span>&nbsp;95,00<\/bdi><\/span>","category":"Teile Wasserspiele","global_unique_id":"4010052508559","_links":{"self":[{"href":"https:\/\/www.eliassen.nl\/de\/wp-json\/wp\/v2\/product\/128624","targetHints":{"allow":["GET"]}}],"collection":[{"href":"https:\/\/www.eliassen.nl\/de\/wp-json\/wp\/v2\/product"}],"about":[{"href":"https:\/\/www.eliassen.nl\/de\/wp-json\/wp\/v2\/types\/product"}],"wp:featuredmedia":[{"embeddable":true,"href":"https:\/\/www.eliassen.nl\/de\/wp-json\/wp\/v2\/media\/9538"}],"wp:attachment":[{"href":"https:\/\/www.eliassen.nl\/de\/wp-json\/wp\/v2\/media?parent=128624"}],"wp:term":[{"taxonomy":"product_brand","embeddable":true,"href":"https:\/\/www.eliassen.nl\/de\/wp-json\/wp\/v2\/product_brand?post=128624"},{"taxonomy":"product_cat","embeddable":true,"href":"https:\/\/www.eliassen.nl\/de\/wp-json\/wp\/v2\/product_cat?post=128624"},{"taxonomy":"product_tag","embeddable":true,"href":"https:\/\/www.eliassen.nl\/de\/wp-json\/wp\/v2\/product_tag?post=128624"}],"curies":[{"name":"wp","href":"https:\/\/api.w.org\/{rel}","templated":true}]}}