{"id":128395,"date":"2019-10-28T16:25:38","date_gmt":"2019-10-28T16:25:38","guid":{"rendered":"https:\/\/www.eliassen.nl\/?product=dibond-moderne-malerei1-80x80cm-copy"},"modified":"2026-01-07T13:29:24","modified_gmt":"2026-01-07T12:29:24","slug":"aluminiumlackierung-wimpern","status":"publish","type":"product","link":"https:\/\/www.eliassen.nl\/de\/aluminiumlackierung-wimpern\/","title":{"rendered":"Aluminium Malerei Wimpern"},"content":{"rendered":"<p>M\u00f6gen Sie ein modernes Kunstwerk an Ihrer Wand? Dieses Modell mit einem Frauengesicht ist messerscharf auf Dibond-Aluminiumblech gedruckt und k\u00f6nnte etwas f\u00fcr SIE sein. Dibond ist ein 3 mm dickes Aluminiumblech mit einem Kunststoffkern. Darauf ist dieses Bild UV-best\u00e4ndig gedruckt. Anschlie\u00dfend wird das Gem\u00e4lde lackiert, wodurch ein sch\u00f6ner, nicht \u00fcbertriebener Glanz entsteht. Diese Wanddekoration aus Aluminium kann sicher in Winterg\u00e4rten oder unter einer Veranda h\u00e4ngen.<\/p>\n<p>Normalerweise haben wir dieses Modell in unserem Shop in der Gr\u00f6\u00dfe 100x100cm, aber Sie k\u00f6nnen dieses Modell auch in anderen Gr\u00f6\u00dfen bestellen. Die Lieferzeit f\u00fcr diese anderen Gr\u00f6\u00dfen betr\u00e4gt 4-6 Wochen.<\/p>\n<p><strong>W\u00e4hlen Sie Ihre Gr\u00f6\u00dfe hier oben auf der Seite.<\/strong><\/p>\n<p><em>Technische Daten:<\/em><\/p>\n<ul>\n<li>Garantie: 2 Jahre<\/li>\n<li>Gr\u00f6\u00dfe: 100 x 100 cm<\/li>\n<li>Material: Dibond 3mm<\/li>\n<li>Einfaches Aufh\u00e4ngen mit 1 Schraube (mitgeliefert)<\/li>\n<li>Verpackt in einem stabilen Karton.<\/li>\n<li>Gro\u00dfe Farbtiefe dank modernster Drucktechnologie<\/li>\n<li>Farbechtheit garantiert<\/li>\n<li>Schnelle Lieferung<\/li>\n<li><strong>Besuchen Sie unseren Shop mit der gr\u00f6\u00dften Kollektion an Wanddekoration in den Beneluxl\u00e4ndern !!!<\/strong><\/li>\n<\/ul>\n","protected":false},"excerpt":{"rendered":"<p>M\u00f6gen Sie ein modernes Kunstwerk an Ihrer Wand? Dieses Modell mit einem Frauengesicht ist messerscharf auf Dibond-Aluminiumblech gedruckt und k\u00f6nnte etwas f\u00fcr SIE sein. Dibond ist ein 3 mm dickes Aluminiumblech mit einem Kunststoffkern. Darauf ist dieses Bild UV-best\u00e4ndig gedruckt. Anschlie\u00dfend wird das Gem\u00e4lde lackiert, wodurch ein sch\u00f6ner, nicht \u00fcbertriebener Glanz entsteht. Diese Wanddekoration aus &hellip;<\/p>\n","protected":false},"featured_media":8557,"template":"","meta":{"_acf_changed":false,"_genesis_title":"","_genesis_description":""},"product_brand":[6934],"product_cat":[479,410,413],"product_tag":[],"class_list":{"0":"post-128395","1":"product","2":"type-product","3":"status-publish","4":"has-post-thumbnail","6":"product_brand-mondiart-de","7":"product_cat-dibond-gemaelde-aus-aluminium","8":"product_cat-gemaelde","9":"product_cat-gemaelde-outlet","11":"first","12":"instock","13":"taxable","14":"shipping-taxable","15":"purchasable","16":"product-type-simple"},"acf":[],"meta_all":{"total_sales":"1","wcml_sync_hash":{"postmeta_fields":"3b6e192983df37fa6c6b724de0bc2d33"},"attr_label_translations":[],"cor_restricted_countries":[]},"meta_all_flat":{"total_sales":"1","wcml_sync_hash.postmeta_fields":"3b6e192983df37fa6c6b724de0bc2d33"},"yoast_head":"<!-- This site is optimized with the Yoast SEO Premium plugin v26.2 (Yoast SEO v27.2) - https:\/\/yoast.com\/product\/yoast-seo-premium-wordpress\/ -->\n<title>Dibond Malerei Wimpern | Eliassen<\/title>\n<meta name=\"description\" content=\"Bei Eliassen k\u00f6nnen Sie Dibond Malerei Wimpern online kaufen oder live im Showroom ansehen. Bestellen Sie direkt online.\" \/>\n<meta name=\"robots\" content=\"index, follow, max-snippet:-1, max-image-preview:large, max-video-preview:-1\" \/>\n<link rel=\"canonical\" href=\"https:\/\/www.eliassen.nl\/de\/aluminiumlackierung-wimpern\/\" \/>\n<meta property=\"og:locale\" content=\"de_DE\" \/>\n<meta property=\"og:type\" content=\"article\" \/>\n<meta property=\"og:title\" content=\"MondiArt Aluminium Malerei Wimpern - Eliassen.nl\" \/>\n<meta property=\"og:description\" content=\"Bei Eliassen k\u00f6nnen Sie Dibond Malerei Wimpern online kaufen oder live im Showroom ansehen. Bestellen Sie direkt online.\" \/>\n<meta property=\"og:url\" content=\"https:\/\/www.eliassen.nl\/de\/aluminiumlackierung-wimpern\/\" \/>\n<meta property=\"og:site_name\" content=\"Eliassen.nl\" \/>\n<meta property=\"article:publisher\" content=\"https:\/\/www.facebook.com\/TuincentrumEliassenAmmerzoden\" \/>\n<meta property=\"article:modified_time\" content=\"2026-01-07T12:29:24+00:00\" \/>\n<meta property=\"og:image\" content=\"https:\/\/www.eliassen.nl\/wp-content\/uploads\/2024\/01\/1041137.jpg\" \/>\n\t<meta property=\"og:image:width\" content=\"842\" \/>\n\t<meta property=\"og:image:height\" content=\"842\" \/>\n\t<meta property=\"og:image:type\" content=\"image\/jpeg\" \/>\n<meta name=\"twitter:card\" content=\"summary_large_image\" \/>\n<script type=\"application\/ld+json\" class=\"yoast-schema-graph\">{\"@context\":\"https:\/\/schema.org\",\"@graph\":[{\"@type\":\"WebPage\",\"@id\":\"https:\/\/www.eliassen.nl\/de\/aluminiumlackierung-wimpern\/\",\"url\":\"https:\/\/www.eliassen.nl\/de\/aluminiumlackierung-wimpern\/\",\"name\":\"Dibond Malerei Wimpern | Eliassen\",\"isPartOf\":{\"@id\":\"https:\/\/www.eliassen.nl\/de\/#website\"},\"primaryImageOfPage\":{\"@id\":\"https:\/\/www.eliassen.nl\/de\/aluminiumlackierung-wimpern\/#primaryimage\"},\"image\":{\"@id\":\"https:\/\/www.eliassen.nl\/de\/aluminiumlackierung-wimpern\/#primaryimage\"},\"thumbnailUrl\":\"https:\/\/www.eliassen.nl\/wp-content\/uploads\/2024\/01\/1041137.jpg\",\"datePublished\":\"2019-10-28T16:25:38+00:00\",\"dateModified\":\"2026-01-07T12:29:24+00:00\",\"description\":\"Bei Eliassen k\u00f6nnen Sie Dibond Malerei Wimpern online kaufen oder live im Showroom ansehen. Bestellen Sie direkt online.\",\"breadcrumb\":{\"@id\":\"https:\/\/www.eliassen.nl\/de\/aluminiumlackierung-wimpern\/#breadcrumb\"},\"inLanguage\":\"de\",\"potentialAction\":[{\"@type\":\"ReadAction\",\"target\":[\"https:\/\/www.eliassen.nl\/de\/aluminiumlackierung-wimpern\/\"]}]},{\"@type\":\"ImageObject\",\"inLanguage\":\"de\",\"@id\":\"https:\/\/www.eliassen.nl\/de\/aluminiumlackierung-wimpern\/#primaryimage\",\"url\":\"https:\/\/www.eliassen.nl\/wp-content\/uploads\/2024\/01\/1041137.jpg\",\"contentUrl\":\"https:\/\/www.eliassen.nl\/wp-content\/uploads\/2024\/01\/1041137.jpg\",\"width\":842,\"height\":842,\"caption\":\"1041137\"},{\"@type\":\"BreadcrumbList\",\"@id\":\"https:\/\/www.eliassen.nl\/de\/aluminiumlackierung-wimpern\/#breadcrumb\",\"itemListElement\":[{\"@type\":\"ListItem\",\"position\":1,\"name\":\"Home\",\"item\":\"https:\/\/www.eliassen.nl\/de\/\"},{\"@type\":\"ListItem\",\"position\":2,\"name\":\"Shop\",\"item\":\"https:\/\/www.eliassen.nl\/de\/shop\/\"},{\"@type\":\"ListItem\",\"position\":3,\"name\":\"Gem\u00e4lde\",\"item\":\"https:\/\/www.eliassen.nl\/de\/gemaelde\/\"},{\"@type\":\"ListItem\",\"position\":4,\"name\":\"Dibond-Gem\u00e4lde aus Aluminium\",\"item\":\"https:\/\/www.eliassen.nl\/de\/gemaelde\/dibond-gemaelde-aus-aluminium\/\"},{\"@type\":\"ListItem\",\"position\":5,\"name\":\"Aluminium Malerei Wimpern\"}]},{\"@type\":\"WebSite\",\"@id\":\"https:\/\/www.eliassen.nl\/de\/#website\",\"url\":\"https:\/\/www.eliassen.nl\/de\/\",\"name\":\"Eliassen Home & Garden Pleasure\",\"description\":\"\",\"publisher\":{\"@id\":\"https:\/\/www.eliassen.nl\/de\/#organization\"},\"alternateName\":\"Eliassen.nl\",\"potentialAction\":[{\"@type\":\"SearchAction\",\"target\":{\"@type\":\"EntryPoint\",\"urlTemplate\":\"https:\/\/www.eliassen.nl\/de\/?s={search_term_string}\"},\"query-input\":{\"@type\":\"PropertyValueSpecification\",\"valueRequired\":true,\"valueName\":\"search_term_string\"}}],\"inLanguage\":\"de\"},{\"@type\":[\"Organization\",\"Place\"],\"@id\":\"https:\/\/www.eliassen.nl\/de\/#organization\",\"name\":\"Eliassen Home & Garden Pleasure\",\"url\":\"https:\/\/www.eliassen.nl\/de\/\",\"logo\":{\"@id\":\"https:\/\/www.eliassen.nl\/de\/aluminiumlackierung-wimpern\/#local-main-organization-logo\"},\"image\":{\"@id\":\"https:\/\/www.eliassen.nl\/de\/aluminiumlackierung-wimpern\/#local-main-organization-logo\"},\"sameAs\":[\"https:\/\/www.facebook.com\/TuincentrumEliassenAmmerzoden\",\"https:\/\/www.instagram.com\/eliassenhomeandgarden\/\",\"https:\/\/nl.pinterest.com\/eliassenhomeandgarden\/\",\"https:\/\/www.youtube.com\/@eliassenhomegardenpleasure4558\"],\"telephone\":[],\"openingHoursSpecification\":[{\"@type\":\"OpeningHoursSpecification\",\"dayOfWeek\":[\"Monday\",\"Tuesday\",\"Wednesday\",\"Thursday\",\"Friday\",\"Saturday\",\"Sunday\"],\"opens\":\"09:00\",\"closes\":\"17:00\"}]},{\"@type\":\"ImageObject\",\"inLanguage\":\"de\",\"@id\":\"https:\/\/www.eliassen.nl\/de\/aluminiumlackierung-wimpern\/#local-main-organization-logo\",\"url\":\"https:\/\/www.eliassen.nl\/wp-content\/uploads\/2024\/01\/logo_4nd.jpg\",\"contentUrl\":\"https:\/\/www.eliassen.nl\/wp-content\/uploads\/2024\/01\/logo_4nd.jpg\",\"width\":500,\"height\":500,\"caption\":\"Eliassen Home & Garden Pleasure\"}]}<\/script>\n<meta property=\"product:price:amount\" content=\"104.00\" \/>\n<meta property=\"product:price:currency\" content=\"EUR\" \/>\n<meta property=\"og:availability\" content=\"instock\" \/>\n<meta property=\"product:availability\" content=\"instock\" \/>\n<meta property=\"product:retailer_item_id\" content=\"1041137\" \/>\n<meta property=\"product:condition\" content=\"new\" \/>\n<!-- \/ Yoast SEO Premium plugin. -->","yoast_head_json":{"title":"Dibond Malerei Wimpern | Eliassen","description":"Bei Eliassen k\u00f6nnen Sie Dibond Malerei Wimpern online kaufen oder live im Showroom ansehen. Bestellen Sie direkt online.","robots":{"index":"index","follow":"follow","max-snippet":"max-snippet:-1","max-image-preview":"max-image-preview:large","max-video-preview":"max-video-preview:-1"},"canonical":"https:\/\/www.eliassen.nl\/de\/aluminiumlackierung-wimpern\/","og_locale":"de_DE","og_type":"article","og_title":"MondiArt Aluminium Malerei Wimpern - Eliassen.nl","og_description":"Bei Eliassen k\u00f6nnen Sie Dibond Malerei Wimpern online kaufen oder live im Showroom ansehen. Bestellen Sie direkt online.","og_url":"https:\/\/www.eliassen.nl\/de\/aluminiumlackierung-wimpern\/","og_site_name":"Eliassen.nl","article_publisher":"https:\/\/www.facebook.com\/TuincentrumEliassenAmmerzoden","article_modified_time":"2026-01-07T12:29:24+00:00","og_image":[{"width":842,"height":842,"url":"https:\/\/www.eliassen.nl\/wp-content\/uploads\/2024\/01\/1041137.jpg","type":"image\/jpeg"}],"twitter_card":"summary_large_image","schema":{"@context":"https:\/\/schema.org","@graph":[{"@type":"WebPage","@id":"https:\/\/www.eliassen.nl\/de\/aluminiumlackierung-wimpern\/","url":"https:\/\/www.eliassen.nl\/de\/aluminiumlackierung-wimpern\/","name":"Dibond Malerei Wimpern | Eliassen","isPartOf":{"@id":"https:\/\/www.eliassen.nl\/de\/#website"},"primaryImageOfPage":{"@id":"https:\/\/www.eliassen.nl\/de\/aluminiumlackierung-wimpern\/#primaryimage"},"image":{"@id":"https:\/\/www.eliassen.nl\/de\/aluminiumlackierung-wimpern\/#primaryimage"},"thumbnailUrl":"https:\/\/www.eliassen.nl\/wp-content\/uploads\/2024\/01\/1041137.jpg","datePublished":"2019-10-28T16:25:38+00:00","dateModified":"2026-01-07T12:29:24+00:00","description":"Bei Eliassen k\u00f6nnen Sie Dibond Malerei Wimpern online kaufen oder live im Showroom ansehen. Bestellen Sie direkt online.","breadcrumb":{"@id":"https:\/\/www.eliassen.nl\/de\/aluminiumlackierung-wimpern\/#breadcrumb"},"inLanguage":"de","potentialAction":[{"@type":"ReadAction","target":["https:\/\/www.eliassen.nl\/de\/aluminiumlackierung-wimpern\/"]}]},{"@type":"ImageObject","inLanguage":"de","@id":"https:\/\/www.eliassen.nl\/de\/aluminiumlackierung-wimpern\/#primaryimage","url":"https:\/\/www.eliassen.nl\/wp-content\/uploads\/2024\/01\/1041137.jpg","contentUrl":"https:\/\/www.eliassen.nl\/wp-content\/uploads\/2024\/01\/1041137.jpg","width":842,"height":842,"caption":"1041137"},{"@type":"BreadcrumbList","@id":"https:\/\/www.eliassen.nl\/de\/aluminiumlackierung-wimpern\/#breadcrumb","itemListElement":[{"@type":"ListItem","position":1,"name":"Home","item":"https:\/\/www.eliassen.nl\/de\/"},{"@type":"ListItem","position":2,"name":"Shop","item":"https:\/\/www.eliassen.nl\/de\/shop\/"},{"@type":"ListItem","position":3,"name":"Gem\u00e4lde","item":"https:\/\/www.eliassen.nl\/de\/gemaelde\/"},{"@type":"ListItem","position":4,"name":"Dibond-Gem\u00e4lde aus Aluminium","item":"https:\/\/www.eliassen.nl\/de\/gemaelde\/dibond-gemaelde-aus-aluminium\/"},{"@type":"ListItem","position":5,"name":"Aluminium Malerei Wimpern"}]},{"@type":"WebSite","@id":"https:\/\/www.eliassen.nl\/de\/#website","url":"https:\/\/www.eliassen.nl\/de\/","name":"Eliassen Home & Garden Pleasure","description":"","publisher":{"@id":"https:\/\/www.eliassen.nl\/de\/#organization"},"alternateName":"Eliassen.nl","potentialAction":[{"@type":"SearchAction","target":{"@type":"EntryPoint","urlTemplate":"https:\/\/www.eliassen.nl\/de\/?s={search_term_string}"},"query-input":{"@type":"PropertyValueSpecification","valueRequired":true,"valueName":"search_term_string"}}],"inLanguage":"de"},{"@type":["Organization","Place"],"@id":"https:\/\/www.eliassen.nl\/de\/#organization","name":"Eliassen Home & Garden Pleasure","url":"https:\/\/www.eliassen.nl\/de\/","logo":{"@id":"https:\/\/www.eliassen.nl\/de\/aluminiumlackierung-wimpern\/#local-main-organization-logo"},"image":{"@id":"https:\/\/www.eliassen.nl\/de\/aluminiumlackierung-wimpern\/#local-main-organization-logo"},"sameAs":["https:\/\/www.facebook.com\/TuincentrumEliassenAmmerzoden","https:\/\/www.instagram.com\/eliassenhomeandgarden\/","https:\/\/nl.pinterest.com\/eliassenhomeandgarden\/","https:\/\/www.youtube.com\/@eliassenhomegardenpleasure4558"],"telephone":[],"openingHoursSpecification":[{"@type":"OpeningHoursSpecification","dayOfWeek":["Monday","Tuesday","Wednesday","Thursday","Friday","Saturday","Sunday"],"opens":"09:00","closes":"17:00"}]},{"@type":"ImageObject","inLanguage":"de","@id":"https:\/\/www.eliassen.nl\/de\/aluminiumlackierung-wimpern\/#local-main-organization-logo","url":"https:\/\/www.eliassen.nl\/wp-content\/uploads\/2024\/01\/logo_4nd.jpg","contentUrl":"https:\/\/www.eliassen.nl\/wp-content\/uploads\/2024\/01\/logo_4nd.jpg","width":500,"height":500,"caption":"Eliassen Home & Garden Pleasure"}]},"product_price_amount":"104.00","product_price_currency":"EUR","og_availability":"instock","product_availability":"instock","product_retailer_item_id":"1041137","product_condition":"new"},"df_price":104,"df_sale_price":"","df_regular_price":104,"df_image_link":"https:\/\/www.eliassen.nl\/wp-content\/uploads\/2024\/01\/1041137.jpg","image":"https:\/\/www.eliassen.nl\/wp-content\/uploads\/2024\/01\/1041137.jpg","price_search":"<span class=\"woocommerce-Price-amount amount\"><bdi><span class=\"woocommerce-Price-currencySymbol\">&euro;<\/span>&nbsp;104,00<\/bdi><\/span>","category":"Dibond-Gem\u00e4lde aus Aluminium","global_unique_id":"7438245935932","_links":{"self":[{"href":"https:\/\/www.eliassen.nl\/de\/wp-json\/wp\/v2\/product\/128395","targetHints":{"allow":["GET"]}}],"collection":[{"href":"https:\/\/www.eliassen.nl\/de\/wp-json\/wp\/v2\/product"}],"about":[{"href":"https:\/\/www.eliassen.nl\/de\/wp-json\/wp\/v2\/types\/product"}],"wp:featuredmedia":[{"embeddable":true,"href":"https:\/\/www.eliassen.nl\/de\/wp-json\/wp\/v2\/media\/8557"}],"wp:attachment":[{"href":"https:\/\/www.eliassen.nl\/de\/wp-json\/wp\/v2\/media?parent=128395"}],"wp:term":[{"taxonomy":"product_brand","embeddable":true,"href":"https:\/\/www.eliassen.nl\/de\/wp-json\/wp\/v2\/product_brand?post=128395"},{"taxonomy":"product_cat","embeddable":true,"href":"https:\/\/www.eliassen.nl\/de\/wp-json\/wp\/v2\/product_cat?post=128395"},{"taxonomy":"product_tag","embeddable":true,"href":"https:\/\/www.eliassen.nl\/de\/wp-json\/wp\/v2\/product_tag?post=128395"}],"curies":[{"name":"wp","href":"https:\/\/api.w.org\/{rel}","templated":true}]}}