{"id":128381,"date":"2019-10-28T16:24:48","date_gmt":"2019-10-28T16:24:48","guid":{"rendered":"https:\/\/www.eliassen.nl\/?product=boeddahoofd-verschiedenen-groessen"},"modified":"2026-04-17T11:52:25","modified_gmt":"2026-04-17T09:52:25","slug":"brunnen-buddhakopf-in-verschiedenen-grossen","status":"publish","type":"product","link":"https:\/\/www.eliassen.nl\/de\/brunnen-buddhakopf-in-verschiedenen-grossen\/","title":{"rendered":"Springbrunnen Buddha Kopf verschiedene Gr\u00f6\u00dfen"},"content":{"rendered":"<p><strong>Es handelt sich um ein loses Ornament. Erkundigen Sie sich nach den anderen ben\u00f6tigten Teilen.<\/strong><\/p>\n<p>Ein schwarz\/brauner Buddhakopf, in den Gr\u00f6\u00dfen 50cm, 75cm, 100cm , 123cm , und satte 150cm hoch! Hergestellt aus hochwertigem Kunststein. Das Wasser l\u00e4uft \u00fcber den Kopf. F\u00fcr eine wahrhaft orientalische Atmosph\u00e4re, die auch am Abend stimmungsvoll ist, wenn Sie sie mit einem Scheinwerfer beleuchten.<br \/>\nSie finden diese unter Zubeh\u00f6r.  <span style=\"color: #ff0000;\">W\u00e4hlen Sie hier oben Ihre Gr\u00f6\u00dfe aus.<\/span><\/p>\n<p><strong>Besuchen Sie unseren Ausstellungsraum, um viele Modelle live zu bewundern!<\/strong><br \/>\nErkundigen Sie sich nach den Lieferzeiten.<\/p>\n","protected":false},"excerpt":{"rendered":"<p>Es handelt sich um ein loses Ornament. Erkundigen Sie sich nach den anderen ben\u00f6tigten Teilen.<\/p>\n","protected":false},"featured_media":8533,"template":"","meta":{"_acf_changed":false,"_genesis_title":"","_genesis_description":""},"product_brand":[7505],"product_cat":[563,539,551,536],"product_tag":[],"class_list":{"0":"post-128381","1":"product","2":"type-product","3":"status-publish","4":"has-post-thumbnail","6":"product_brand-sonstige","7":"product_cat-buddha-brunnen","8":"product_cat-einzigartige-eigene-modelle-von-losen-wasserspiele","9":"product_cat-lose-wasserspiele","10":"product_cat-wassereigenschaften","12":"first","13":"instock","14":"taxable","15":"shipping-taxable","16":"purchasable","17":"product-type-variable"},"acf":[],"meta_all":{"total_sales":"3","wcml_sync_hash":{"postmeta_fields":"f56c9cd0c7bd2cdf8ac26fca4bb42faa"},"attr_label_translations":[],"cor_restricted_countries":[]},"meta_all_flat":{"total_sales":"3","wcml_sync_hash.postmeta_fields":"f56c9cd0c7bd2cdf8ac26fca4bb42faa"},"yoast_head":"<!-- This site is optimized with the Yoast SEO Premium plugin v26.2 (Yoast SEO v27.2) - https:\/\/yoast.com\/product\/yoast-seo-premium-wordpress\/ -->\n<title>Springbrunnen Buddha Kopf verschiedene Gr\u00f6\u00dfen<\/title>\n<meta name=\"description\" content=\"buddha kopf verschiedene gr\u00f6\u00dfen\" \/>\n<meta name=\"robots\" content=\"index, follow, max-snippet:-1, max-image-preview:large, max-video-preview:-1\" \/>\n<link rel=\"canonical\" href=\"https:\/\/www.eliassen.nl\/de\/brunnen-buddhakopf-in-verschiedenen-grossen\/\" \/>\n<meta property=\"og:locale\" content=\"de_DE\" \/>\n<meta property=\"og:type\" content=\"article\" \/>\n<meta property=\"og:title\" content=\"Sonstige Springbrunnen Buddha Kopf verschiedene Gr\u00f6\u00dfen - Eliassen.nl\" \/>\n<meta property=\"og:description\" content=\"buddha kopf verschiedene gr\u00f6\u00dfen\" \/>\n<meta property=\"og:url\" content=\"https:\/\/www.eliassen.nl\/de\/brunnen-buddhakopf-in-verschiedenen-grossen\/\" \/>\n<meta property=\"og:site_name\" content=\"Eliassen.nl\" \/>\n<meta property=\"article:publisher\" content=\"https:\/\/www.facebook.com\/TuincentrumEliassenAmmerzoden\" \/>\n<meta property=\"article:modified_time\" content=\"2026-04-17T09:52:25+00:00\" \/>\n<meta property=\"og:image\" content=\"https:\/\/www.eliassen.nl\/wp-content\/uploads\/2024\/01\/brbh30_2nd.jpg\" \/>\n\t<meta property=\"og:image:width\" content=\"576\" \/>\n\t<meta property=\"og:image:height\" content=\"1024\" \/>\n\t<meta property=\"og:image:type\" content=\"image\/jpeg\" \/>\n<meta name=\"twitter:card\" content=\"summary_large_image\" \/>\n<script type=\"application\/ld+json\" class=\"yoast-schema-graph\">{\"@context\":\"https:\/\/schema.org\",\"@graph\":[{\"@type\":\"WebPage\",\"@id\":\"https:\/\/www.eliassen.nl\/de\/brunnen-buddhakopf-in-verschiedenen-grossen\/\",\"url\":\"https:\/\/www.eliassen.nl\/de\/brunnen-buddhakopf-in-verschiedenen-grossen\/\",\"name\":\"Springbrunnen Buddha Kopf verschiedene Gr\u00f6\u00dfen\",\"isPartOf\":{\"@id\":\"https:\/\/www.eliassen.nl\/de\/#website\"},\"primaryImageOfPage\":{\"@id\":\"https:\/\/www.eliassen.nl\/de\/brunnen-buddhakopf-in-verschiedenen-grossen\/#primaryimage\"},\"image\":{\"@id\":\"https:\/\/www.eliassen.nl\/de\/brunnen-buddhakopf-in-verschiedenen-grossen\/#primaryimage\"},\"thumbnailUrl\":\"https:\/\/www.eliassen.nl\/wp-content\/uploads\/2024\/01\/brbh30_2nd.jpg\",\"datePublished\":\"2019-10-28T16:24:48+00:00\",\"dateModified\":\"2026-04-17T09:52:25+00:00\",\"description\":\"buddha kopf verschiedene gr\u00f6\u00dfen\",\"breadcrumb\":{\"@id\":\"https:\/\/www.eliassen.nl\/de\/brunnen-buddhakopf-in-verschiedenen-grossen\/#breadcrumb\"},\"inLanguage\":\"de\",\"potentialAction\":[{\"@type\":\"ReadAction\",\"target\":[\"https:\/\/www.eliassen.nl\/de\/brunnen-buddhakopf-in-verschiedenen-grossen\/\"]}]},{\"@type\":\"ImageObject\",\"inLanguage\":\"de\",\"@id\":\"https:\/\/www.eliassen.nl\/de\/brunnen-buddhakopf-in-verschiedenen-grossen\/#primaryimage\",\"url\":\"https:\/\/www.eliassen.nl\/wp-content\/uploads\/2024\/01\/brbh30_2nd.jpg\",\"contentUrl\":\"https:\/\/www.eliassen.nl\/wp-content\/uploads\/2024\/01\/brbh30_2nd.jpg\",\"width\":576,\"height\":1024,\"caption\":\"br-bh-30\"},{\"@type\":\"BreadcrumbList\",\"@id\":\"https:\/\/www.eliassen.nl\/de\/brunnen-buddhakopf-in-verschiedenen-grossen\/#breadcrumb\",\"itemListElement\":[{\"@type\":\"ListItem\",\"position\":1,\"name\":\"Home\",\"item\":\"https:\/\/www.eliassen.nl\/de\/\"},{\"@type\":\"ListItem\",\"position\":2,\"name\":\"Shop\",\"item\":\"https:\/\/www.eliassen.nl\/de\/shop\/\"},{\"@type\":\"ListItem\",\"position\":3,\"name\":\"Wasserspiele\",\"item\":\"https:\/\/www.eliassen.nl\/de\/wassereigenschaften\/\"},{\"@type\":\"ListItem\",\"position\":4,\"name\":\"Buddha-Brunnen\",\"item\":\"https:\/\/www.eliassen.nl\/de\/wassereigenschaften\/buddha-brunnen\/\"},{\"@type\":\"ListItem\",\"position\":5,\"name\":\"Springbrunnen Buddha Kopf verschiedene Gr\u00f6\u00dfen\"}]},{\"@type\":\"WebSite\",\"@id\":\"https:\/\/www.eliassen.nl\/de\/#website\",\"url\":\"https:\/\/www.eliassen.nl\/de\/\",\"name\":\"Eliassen Home & Garden Pleasure\",\"description\":\"\",\"publisher\":{\"@id\":\"https:\/\/www.eliassen.nl\/de\/#organization\"},\"alternateName\":\"Eliassen.nl\",\"potentialAction\":[{\"@type\":\"SearchAction\",\"target\":{\"@type\":\"EntryPoint\",\"urlTemplate\":\"https:\/\/www.eliassen.nl\/de\/?s={search_term_string}\"},\"query-input\":{\"@type\":\"PropertyValueSpecification\",\"valueRequired\":true,\"valueName\":\"search_term_string\"}}],\"inLanguage\":\"de\"},{\"@type\":[\"Organization\",\"Place\"],\"@id\":\"https:\/\/www.eliassen.nl\/de\/#organization\",\"name\":\"Eliassen Home & Garden Pleasure\",\"url\":\"https:\/\/www.eliassen.nl\/de\/\",\"logo\":{\"@id\":\"https:\/\/www.eliassen.nl\/de\/brunnen-buddhakopf-in-verschiedenen-grossen\/#local-main-organization-logo\"},\"image\":{\"@id\":\"https:\/\/www.eliassen.nl\/de\/brunnen-buddhakopf-in-verschiedenen-grossen\/#local-main-organization-logo\"},\"sameAs\":[\"https:\/\/www.facebook.com\/TuincentrumEliassenAmmerzoden\",\"https:\/\/www.instagram.com\/eliassenhomeandgarden\/\",\"https:\/\/nl.pinterest.com\/eliassenhomeandgarden\/\",\"https:\/\/www.youtube.com\/@eliassenhomegardenpleasure4558\"],\"telephone\":[],\"openingHoursSpecification\":[{\"@type\":\"OpeningHoursSpecification\",\"dayOfWeek\":[\"Monday\",\"Tuesday\",\"Wednesday\",\"Thursday\",\"Friday\",\"Saturday\",\"Sunday\"],\"opens\":\"09:00\",\"closes\":\"17:00\"}]},{\"@type\":\"ImageObject\",\"inLanguage\":\"de\",\"@id\":\"https:\/\/www.eliassen.nl\/de\/brunnen-buddhakopf-in-verschiedenen-grossen\/#local-main-organization-logo\",\"url\":\"https:\/\/www.eliassen.nl\/wp-content\/uploads\/2024\/01\/logo_4nd.jpg\",\"contentUrl\":\"https:\/\/www.eliassen.nl\/wp-content\/uploads\/2024\/01\/logo_4nd.jpg\",\"width\":500,\"height\":500,\"caption\":\"Eliassen Home & Garden Pleasure\"}]}<\/script>\n<meta property=\"og:availability\" content=\"instock\" \/>\n<meta property=\"product:availability\" content=\"instock\" \/>\n<meta property=\"product:retailer_item_id\" content=\"Br bh 75\" \/>\n<meta property=\"product:condition\" content=\"new\" \/>\n<!-- \/ Yoast SEO Premium plugin. -->","yoast_head_json":{"title":"Springbrunnen Buddha Kopf verschiedene Gr\u00f6\u00dfen","description":"buddha kopf verschiedene gr\u00f6\u00dfen","robots":{"index":"index","follow":"follow","max-snippet":"max-snippet:-1","max-image-preview":"max-image-preview:large","max-video-preview":"max-video-preview:-1"},"canonical":"https:\/\/www.eliassen.nl\/de\/brunnen-buddhakopf-in-verschiedenen-grossen\/","og_locale":"de_DE","og_type":"article","og_title":"Sonstige Springbrunnen Buddha Kopf verschiedene Gr\u00f6\u00dfen - Eliassen.nl","og_description":"buddha kopf verschiedene gr\u00f6\u00dfen","og_url":"https:\/\/www.eliassen.nl\/de\/brunnen-buddhakopf-in-verschiedenen-grossen\/","og_site_name":"Eliassen.nl","article_publisher":"https:\/\/www.facebook.com\/TuincentrumEliassenAmmerzoden","article_modified_time":"2026-04-17T09:52:25+00:00","og_image":[{"width":576,"height":1024,"url":"https:\/\/www.eliassen.nl\/wp-content\/uploads\/2024\/01\/brbh30_2nd.jpg","type":"image\/jpeg"}],"twitter_card":"summary_large_image","schema":{"@context":"https:\/\/schema.org","@graph":[{"@type":"WebPage","@id":"https:\/\/www.eliassen.nl\/de\/brunnen-buddhakopf-in-verschiedenen-grossen\/","url":"https:\/\/www.eliassen.nl\/de\/brunnen-buddhakopf-in-verschiedenen-grossen\/","name":"Springbrunnen Buddha Kopf verschiedene Gr\u00f6\u00dfen","isPartOf":{"@id":"https:\/\/www.eliassen.nl\/de\/#website"},"primaryImageOfPage":{"@id":"https:\/\/www.eliassen.nl\/de\/brunnen-buddhakopf-in-verschiedenen-grossen\/#primaryimage"},"image":{"@id":"https:\/\/www.eliassen.nl\/de\/brunnen-buddhakopf-in-verschiedenen-grossen\/#primaryimage"},"thumbnailUrl":"https:\/\/www.eliassen.nl\/wp-content\/uploads\/2024\/01\/brbh30_2nd.jpg","datePublished":"2019-10-28T16:24:48+00:00","dateModified":"2026-04-17T09:52:25+00:00","description":"buddha kopf verschiedene gr\u00f6\u00dfen","breadcrumb":{"@id":"https:\/\/www.eliassen.nl\/de\/brunnen-buddhakopf-in-verschiedenen-grossen\/#breadcrumb"},"inLanguage":"de","potentialAction":[{"@type":"ReadAction","target":["https:\/\/www.eliassen.nl\/de\/brunnen-buddhakopf-in-verschiedenen-grossen\/"]}]},{"@type":"ImageObject","inLanguage":"de","@id":"https:\/\/www.eliassen.nl\/de\/brunnen-buddhakopf-in-verschiedenen-grossen\/#primaryimage","url":"https:\/\/www.eliassen.nl\/wp-content\/uploads\/2024\/01\/brbh30_2nd.jpg","contentUrl":"https:\/\/www.eliassen.nl\/wp-content\/uploads\/2024\/01\/brbh30_2nd.jpg","width":576,"height":1024,"caption":"br-bh-30"},{"@type":"BreadcrumbList","@id":"https:\/\/www.eliassen.nl\/de\/brunnen-buddhakopf-in-verschiedenen-grossen\/#breadcrumb","itemListElement":[{"@type":"ListItem","position":1,"name":"Home","item":"https:\/\/www.eliassen.nl\/de\/"},{"@type":"ListItem","position":2,"name":"Shop","item":"https:\/\/www.eliassen.nl\/de\/shop\/"},{"@type":"ListItem","position":3,"name":"Wasserspiele","item":"https:\/\/www.eliassen.nl\/de\/wassereigenschaften\/"},{"@type":"ListItem","position":4,"name":"Buddha-Brunnen","item":"https:\/\/www.eliassen.nl\/de\/wassereigenschaften\/buddha-brunnen\/"},{"@type":"ListItem","position":5,"name":"Springbrunnen Buddha Kopf verschiedene Gr\u00f6\u00dfen"}]},{"@type":"WebSite","@id":"https:\/\/www.eliassen.nl\/de\/#website","url":"https:\/\/www.eliassen.nl\/de\/","name":"Eliassen Home & Garden Pleasure","description":"","publisher":{"@id":"https:\/\/www.eliassen.nl\/de\/#organization"},"alternateName":"Eliassen.nl","potentialAction":[{"@type":"SearchAction","target":{"@type":"EntryPoint","urlTemplate":"https:\/\/www.eliassen.nl\/de\/?s={search_term_string}"},"query-input":{"@type":"PropertyValueSpecification","valueRequired":true,"valueName":"search_term_string"}}],"inLanguage":"de"},{"@type":["Organization","Place"],"@id":"https:\/\/www.eliassen.nl\/de\/#organization","name":"Eliassen Home & Garden Pleasure","url":"https:\/\/www.eliassen.nl\/de\/","logo":{"@id":"https:\/\/www.eliassen.nl\/de\/brunnen-buddhakopf-in-verschiedenen-grossen\/#local-main-organization-logo"},"image":{"@id":"https:\/\/www.eliassen.nl\/de\/brunnen-buddhakopf-in-verschiedenen-grossen\/#local-main-organization-logo"},"sameAs":["https:\/\/www.facebook.com\/TuincentrumEliassenAmmerzoden","https:\/\/www.instagram.com\/eliassenhomeandgarden\/","https:\/\/nl.pinterest.com\/eliassenhomeandgarden\/","https:\/\/www.youtube.com\/@eliassenhomegardenpleasure4558"],"telephone":[],"openingHoursSpecification":[{"@type":"OpeningHoursSpecification","dayOfWeek":["Monday","Tuesday","Wednesday","Thursday","Friday","Saturday","Sunday"],"opens":"09:00","closes":"17:00"}]},{"@type":"ImageObject","inLanguage":"de","@id":"https:\/\/www.eliassen.nl\/de\/brunnen-buddhakopf-in-verschiedenen-grossen\/#local-main-organization-logo","url":"https:\/\/www.eliassen.nl\/wp-content\/uploads\/2024\/01\/logo_4nd.jpg","contentUrl":"https:\/\/www.eliassen.nl\/wp-content\/uploads\/2024\/01\/logo_4nd.jpg","width":500,"height":500,"caption":"Eliassen Home & Garden Pleasure"}]},"og_availability":"instock","product_availability":"instock","product_retailer_item_id":"Br bh 75","product_condition":"new"},"df_price":149,"df_sale_price":"","df_regular_price":149,"df_image_link":"https:\/\/www.eliassen.nl\/wp-content\/uploads\/2024\/01\/brbh30_2nd.jpg","image":"https:\/\/www.eliassen.nl\/wp-content\/uploads\/2024\/01\/brbh30_2nd.jpg","price_search":"<span class=\"woocommerce-Price-amount amount\"><bdi><span class=\"woocommerce-Price-currencySymbol\">&euro;<\/span>&nbsp;149,00<\/bdi><\/span>","category":"Buddha-Brunnen","global_unique_id":"7438245780747","_links":{"self":[{"href":"https:\/\/www.eliassen.nl\/de\/wp-json\/wp\/v2\/product\/128381","targetHints":{"allow":["GET"]}}],"collection":[{"href":"https:\/\/www.eliassen.nl\/de\/wp-json\/wp\/v2\/product"}],"about":[{"href":"https:\/\/www.eliassen.nl\/de\/wp-json\/wp\/v2\/types\/product"}],"wp:featuredmedia":[{"embeddable":true,"href":"https:\/\/www.eliassen.nl\/de\/wp-json\/wp\/v2\/media\/8533"}],"wp:attachment":[{"href":"https:\/\/www.eliassen.nl\/de\/wp-json\/wp\/v2\/media?parent=128381"}],"wp:term":[{"taxonomy":"product_brand","embeddable":true,"href":"https:\/\/www.eliassen.nl\/de\/wp-json\/wp\/v2\/product_brand?post=128381"},{"taxonomy":"product_cat","embeddable":true,"href":"https:\/\/www.eliassen.nl\/de\/wp-json\/wp\/v2\/product_cat?post=128381"},{"taxonomy":"product_tag","embeddable":true,"href":"https:\/\/www.eliassen.nl\/de\/wp-json\/wp\/v2\/product_tag?post=128381"}],"curies":[{"name":"wp","href":"https:\/\/api.w.org\/{rel}","templated":true}]}}