{"id":12826,"date":"2019-10-28T17:33:33","date_gmt":"2019-10-28T17:33:33","guid":{"rendered":"https:\/\/www.eliassen.nl\/?product=stehend-engel-grossen-garten-statue"},"modified":"2026-01-16T13:24:30","modified_gmt":"2026-01-16T12:24:30","slug":"gartenstatue-stehender-engel-gross-137cm","status":"publish","type":"product","link":"https:\/\/www.eliassen.nl\/de\/gartenstatue-stehender-engel-gross-137cm\/","title":{"rendered":"Gartenstatue stehender Engel gro\u00df 137cm"},"content":{"rendered":"<p>Wundersch\u00f6n gestalteter gro\u00dfer massiver weiblicher Engel aus hochwertigem Steinguss, grau eingewaschen.<\/p>\n<p>Kann auf den gro\u00dfen Sockel mit der Artikelnummer 114925 gestellt werden.<\/p>\n<ul>\n<li>Massiver Kunststein<\/li>\n<li>Gr\u00f6\u00dfe 80cm breit und 137cm hoch<\/li>\n<li>100kg<\/li>\n<li>2 Jahre Garantie<\/li>\n<li>Wir sind bestrebt, dieses Produkt auch immer in unserem Ausstellungsraum zu haben, damit Sie dieses Modell auch live sehen k\u00f6nnen. Rufen Sie uns an oder mailen Sie uns, wenn Sie kommen m\u00f6chten, um Missverst\u00e4ndnisse zu vermeiden.<\/li>\n<\/ul>\n","protected":false},"excerpt":{"rendered":"<p>Gr\u00f6\u00dfe 80cm breit und 137cm hoch<br \/>\n100kg<\/p>\n","protected":false},"featured_media":12814,"template":"","meta":{"_acf_changed":false,"_genesis_title":"","_genesis_description":""},"product_brand":[6956],"product_cat":[677,695,7239],"product_tag":[],"class_list":{"0":"post-12826","1":"product","2":"type-product","3":"status-publish","4":"has-post-thumbnail","6":"product_brand-vidroflor-de","7":"product_cat-betonstatuen","8":"product_cat-engels-und-marienstatuen","9":"product_cat-bilder","11":"first","12":"instock","13":"taxable","14":"shipping-taxable","15":"purchasable","16":"product-type-simple"},"acf":[],"meta_all":{"total_sales":"2","wcml_sync_hash":{"postmeta_fields":"f5bcbb0b2394364a33047a662c9b7f1f"},"attr_label_translations":[],"cor_restricted_countries":[]},"meta_all_flat":{"total_sales":"2","wcml_sync_hash.postmeta_fields":"f5bcbb0b2394364a33047a662c9b7f1f"},"yoast_head":"<!-- This site is optimized with the Yoast SEO Premium plugin v26.2 (Yoast SEO v27.2) - https:\/\/yoast.com\/product\/yoast-seo-premium-wordpress\/ -->\n<title>Gartenstatue stehender Engel gro\u00df | Hochwertiger Kunststein | Eliassen.nl<\/title>\n<meta name=\"description\" content=\"Sie m\u00f6chten eine gro\u00dfe Gartenstatue Engel kaufen? Dieses Exemplar ist wundersch\u00f6n f\u00fcr jeden Garten. Grau verwaschen und sch\u00f6n mit einem Sockel kombiniert. Sehen Sie sich unser Filmmaterial LIVE an!\" \/>\n<meta name=\"robots\" content=\"index, follow, max-snippet:-1, max-image-preview:large, max-video-preview:-1\" \/>\n<link rel=\"canonical\" href=\"https:\/\/www.eliassen.nl\/de\/gartenstatue-stehender-engel-gross-137cm\/\" \/>\n<meta property=\"og:locale\" content=\"de_DE\" \/>\n<meta property=\"og:type\" content=\"article\" \/>\n<meta property=\"og:title\" content=\"vidroflor Gartenstatue stehender Engel gro\u00df 137cm - Eliassen.nl\" \/>\n<meta property=\"og:description\" content=\"Sie m\u00f6chten eine gro\u00dfe Gartenstatue Engel kaufen? Dieses Exemplar ist wundersch\u00f6n f\u00fcr jeden Garten. Grau verwaschen und sch\u00f6n mit einem Sockel kombiniert. Sehen Sie sich unser Filmmaterial LIVE an!\" \/>\n<meta property=\"og:url\" content=\"https:\/\/www.eliassen.nl\/de\/gartenstatue-stehender-engel-gross-137cm\/\" \/>\n<meta property=\"og:site_name\" content=\"Eliassen.nl\" \/>\n<meta property=\"article:publisher\" content=\"https:\/\/www.facebook.com\/TuincentrumEliassenAmmerzoden\" \/>\n<meta property=\"article:modified_time\" content=\"2026-01-16T12:24:30+00:00\" \/>\n<meta property=\"og:image\" content=\"https:\/\/www.eliassen.nl\/wp-content\/uploads\/2024\/01\/knipsel_11nd.png\" \/>\n\t<meta property=\"og:image:width\" content=\"663\" \/>\n\t<meta property=\"og:image:height\" content=\"993\" \/>\n\t<meta property=\"og:image:type\" content=\"image\/png\" \/>\n<meta name=\"twitter:card\" content=\"summary_large_image\" \/>\n<script type=\"application\/ld+json\" class=\"yoast-schema-graph\">{\"@context\":\"https:\/\/schema.org\",\"@graph\":[{\"@type\":\"WebPage\",\"@id\":\"https:\/\/www.eliassen.nl\/de\/gartenstatue-stehender-engel-gross-137cm\/\",\"url\":\"https:\/\/www.eliassen.nl\/de\/gartenstatue-stehender-engel-gross-137cm\/\",\"name\":\"Gartenstatue stehender Engel gro\u00df | Hochwertiger Kunststein | Eliassen.nl\",\"isPartOf\":{\"@id\":\"https:\/\/www.eliassen.nl\/de\/#website\"},\"primaryImageOfPage\":{\"@id\":\"https:\/\/www.eliassen.nl\/de\/gartenstatue-stehender-engel-gross-137cm\/#primaryimage\"},\"image\":{\"@id\":\"https:\/\/www.eliassen.nl\/de\/gartenstatue-stehender-engel-gross-137cm\/#primaryimage\"},\"thumbnailUrl\":\"https:\/\/www.eliassen.nl\/wp-content\/uploads\/2024\/01\/knipsel_11nd.png\",\"datePublished\":\"2019-10-28T17:33:33+00:00\",\"dateModified\":\"2026-01-16T12:24:30+00:00\",\"description\":\"Sie m\u00f6chten eine gro\u00dfe Gartenstatue Engel kaufen? Dieses Exemplar ist wundersch\u00f6n f\u00fcr jeden Garten. Grau verwaschen und sch\u00f6n mit einem Sockel kombiniert. Sehen Sie sich unser Filmmaterial LIVE an!\",\"breadcrumb\":{\"@id\":\"https:\/\/www.eliassen.nl\/de\/gartenstatue-stehender-engel-gross-137cm\/#breadcrumb\"},\"inLanguage\":\"de\",\"potentialAction\":[{\"@type\":\"ReadAction\",\"target\":[\"https:\/\/www.eliassen.nl\/de\/gartenstatue-stehender-engel-gross-137cm\/\"]}]},{\"@type\":\"ImageObject\",\"inLanguage\":\"de\",\"@id\":\"https:\/\/www.eliassen.nl\/de\/gartenstatue-stehender-engel-gross-137cm\/#primaryimage\",\"url\":\"https:\/\/www.eliassen.nl\/wp-content\/uploads\/2024\/01\/knipsel_11nd.png\",\"contentUrl\":\"https:\/\/www.eliassen.nl\/wp-content\/uploads\/2024\/01\/knipsel_11nd.png\",\"width\":663,\"height\":993,\"caption\":\"Schneiden Sie\"},{\"@type\":\"BreadcrumbList\",\"@id\":\"https:\/\/www.eliassen.nl\/de\/gartenstatue-stehender-engel-gross-137cm\/#breadcrumb\",\"itemListElement\":[{\"@type\":\"ListItem\",\"position\":1,\"name\":\"Home\",\"item\":\"https:\/\/www.eliassen.nl\/de\/\"},{\"@type\":\"ListItem\",\"position\":2,\"name\":\"Shop\",\"item\":\"https:\/\/www.eliassen.nl\/de\/shop\/\"},{\"@type\":\"ListItem\",\"position\":3,\"name\":\"Bilder\",\"item\":\"https:\/\/www.eliassen.nl\/de\/bilder\/\"},{\"@type\":\"ListItem\",\"position\":4,\"name\":\"Betonstatuen\",\"item\":\"https:\/\/www.eliassen.nl\/de\/bilder\/betonstatuen\/\"},{\"@type\":\"ListItem\",\"position\":5,\"name\":\"Engels- und Marienstatuen\",\"item\":\"https:\/\/www.eliassen.nl\/de\/bilder\/betonstatuen\/engels-und-marienstatuen\/\"},{\"@type\":\"ListItem\",\"position\":6,\"name\":\"Gartenstatue stehender Engel gro\u00df 137cm\"}]},{\"@type\":\"WebSite\",\"@id\":\"https:\/\/www.eliassen.nl\/de\/#website\",\"url\":\"https:\/\/www.eliassen.nl\/de\/\",\"name\":\"Eliassen Home & Garden Pleasure\",\"description\":\"\",\"publisher\":{\"@id\":\"https:\/\/www.eliassen.nl\/de\/#organization\"},\"alternateName\":\"Eliassen.nl\",\"potentialAction\":[{\"@type\":\"SearchAction\",\"target\":{\"@type\":\"EntryPoint\",\"urlTemplate\":\"https:\/\/www.eliassen.nl\/de\/?s={search_term_string}\"},\"query-input\":{\"@type\":\"PropertyValueSpecification\",\"valueRequired\":true,\"valueName\":\"search_term_string\"}}],\"inLanguage\":\"de\"},{\"@type\":[\"Organization\",\"Place\"],\"@id\":\"https:\/\/www.eliassen.nl\/de\/#organization\",\"name\":\"Eliassen Home & Garden Pleasure\",\"url\":\"https:\/\/www.eliassen.nl\/de\/\",\"logo\":{\"@id\":\"https:\/\/www.eliassen.nl\/de\/gartenstatue-stehender-engel-gross-137cm\/#local-main-organization-logo\"},\"image\":{\"@id\":\"https:\/\/www.eliassen.nl\/de\/gartenstatue-stehender-engel-gross-137cm\/#local-main-organization-logo\"},\"sameAs\":[\"https:\/\/www.facebook.com\/TuincentrumEliassenAmmerzoden\",\"https:\/\/www.instagram.com\/eliassenhomeandgarden\/\",\"https:\/\/nl.pinterest.com\/eliassenhomeandgarden\/\",\"https:\/\/www.youtube.com\/@eliassenhomegardenpleasure4558\"],\"telephone\":[],\"openingHoursSpecification\":[{\"@type\":\"OpeningHoursSpecification\",\"dayOfWeek\":[\"Monday\",\"Tuesday\",\"Wednesday\",\"Thursday\",\"Friday\",\"Saturday\",\"Sunday\"],\"opens\":\"09:00\",\"closes\":\"17:00\"}]},{\"@type\":\"ImageObject\",\"inLanguage\":\"de\",\"@id\":\"https:\/\/www.eliassen.nl\/de\/gartenstatue-stehender-engel-gross-137cm\/#local-main-organization-logo\",\"url\":\"https:\/\/www.eliassen.nl\/wp-content\/uploads\/2024\/01\/logo_4nd.jpg\",\"contentUrl\":\"https:\/\/www.eliassen.nl\/wp-content\/uploads\/2024\/01\/logo_4nd.jpg\",\"width\":500,\"height\":500,\"caption\":\"Eliassen Home & Garden Pleasure\"}]}<\/script>\n<meta property=\"product:price:amount\" content=\"649.00\" \/>\n<meta property=\"product:price:currency\" content=\"EUR\" \/>\n<meta property=\"og:availability\" content=\"instock\" \/>\n<meta property=\"product:availability\" content=\"instock\" \/>\n<meta property=\"product:retailer_item_id\" content=\"8086\" \/>\n<meta property=\"product:condition\" content=\"new\" \/>\n<!-- \/ Yoast SEO Premium plugin. -->","yoast_head_json":{"title":"Gartenstatue stehender Engel gro\u00df | Hochwertiger Kunststein | Eliassen.nl","description":"Sie m\u00f6chten eine gro\u00dfe Gartenstatue Engel kaufen? Dieses Exemplar ist wundersch\u00f6n f\u00fcr jeden Garten. Grau verwaschen und sch\u00f6n mit einem Sockel kombiniert. Sehen Sie sich unser Filmmaterial LIVE an!","robots":{"index":"index","follow":"follow","max-snippet":"max-snippet:-1","max-image-preview":"max-image-preview:large","max-video-preview":"max-video-preview:-1"},"canonical":"https:\/\/www.eliassen.nl\/de\/gartenstatue-stehender-engel-gross-137cm\/","og_locale":"de_DE","og_type":"article","og_title":"vidroflor Gartenstatue stehender Engel gro\u00df 137cm - Eliassen.nl","og_description":"Sie m\u00f6chten eine gro\u00dfe Gartenstatue Engel kaufen? Dieses Exemplar ist wundersch\u00f6n f\u00fcr jeden Garten. Grau verwaschen und sch\u00f6n mit einem Sockel kombiniert. Sehen Sie sich unser Filmmaterial LIVE an!","og_url":"https:\/\/www.eliassen.nl\/de\/gartenstatue-stehender-engel-gross-137cm\/","og_site_name":"Eliassen.nl","article_publisher":"https:\/\/www.facebook.com\/TuincentrumEliassenAmmerzoden","article_modified_time":"2026-01-16T12:24:30+00:00","og_image":[{"width":663,"height":993,"url":"https:\/\/www.eliassen.nl\/wp-content\/uploads\/2024\/01\/knipsel_11nd.png","type":"image\/png"}],"twitter_card":"summary_large_image","schema":{"@context":"https:\/\/schema.org","@graph":[{"@type":"WebPage","@id":"https:\/\/www.eliassen.nl\/de\/gartenstatue-stehender-engel-gross-137cm\/","url":"https:\/\/www.eliassen.nl\/de\/gartenstatue-stehender-engel-gross-137cm\/","name":"Gartenstatue stehender Engel gro\u00df | Hochwertiger Kunststein | Eliassen.nl","isPartOf":{"@id":"https:\/\/www.eliassen.nl\/de\/#website"},"primaryImageOfPage":{"@id":"https:\/\/www.eliassen.nl\/de\/gartenstatue-stehender-engel-gross-137cm\/#primaryimage"},"image":{"@id":"https:\/\/www.eliassen.nl\/de\/gartenstatue-stehender-engel-gross-137cm\/#primaryimage"},"thumbnailUrl":"https:\/\/www.eliassen.nl\/wp-content\/uploads\/2024\/01\/knipsel_11nd.png","datePublished":"2019-10-28T17:33:33+00:00","dateModified":"2026-01-16T12:24:30+00:00","description":"Sie m\u00f6chten eine gro\u00dfe Gartenstatue Engel kaufen? Dieses Exemplar ist wundersch\u00f6n f\u00fcr jeden Garten. Grau verwaschen und sch\u00f6n mit einem Sockel kombiniert. Sehen Sie sich unser Filmmaterial LIVE an!","breadcrumb":{"@id":"https:\/\/www.eliassen.nl\/de\/gartenstatue-stehender-engel-gross-137cm\/#breadcrumb"},"inLanguage":"de","potentialAction":[{"@type":"ReadAction","target":["https:\/\/www.eliassen.nl\/de\/gartenstatue-stehender-engel-gross-137cm\/"]}]},{"@type":"ImageObject","inLanguage":"de","@id":"https:\/\/www.eliassen.nl\/de\/gartenstatue-stehender-engel-gross-137cm\/#primaryimage","url":"https:\/\/www.eliassen.nl\/wp-content\/uploads\/2024\/01\/knipsel_11nd.png","contentUrl":"https:\/\/www.eliassen.nl\/wp-content\/uploads\/2024\/01\/knipsel_11nd.png","width":663,"height":993,"caption":"Schneiden Sie"},{"@type":"BreadcrumbList","@id":"https:\/\/www.eliassen.nl\/de\/gartenstatue-stehender-engel-gross-137cm\/#breadcrumb","itemListElement":[{"@type":"ListItem","position":1,"name":"Home","item":"https:\/\/www.eliassen.nl\/de\/"},{"@type":"ListItem","position":2,"name":"Shop","item":"https:\/\/www.eliassen.nl\/de\/shop\/"},{"@type":"ListItem","position":3,"name":"Bilder","item":"https:\/\/www.eliassen.nl\/de\/bilder\/"},{"@type":"ListItem","position":4,"name":"Betonstatuen","item":"https:\/\/www.eliassen.nl\/de\/bilder\/betonstatuen\/"},{"@type":"ListItem","position":5,"name":"Engels- und Marienstatuen","item":"https:\/\/www.eliassen.nl\/de\/bilder\/betonstatuen\/engels-und-marienstatuen\/"},{"@type":"ListItem","position":6,"name":"Gartenstatue stehender Engel gro\u00df 137cm"}]},{"@type":"WebSite","@id":"https:\/\/www.eliassen.nl\/de\/#website","url":"https:\/\/www.eliassen.nl\/de\/","name":"Eliassen Home & Garden Pleasure","description":"","publisher":{"@id":"https:\/\/www.eliassen.nl\/de\/#organization"},"alternateName":"Eliassen.nl","potentialAction":[{"@type":"SearchAction","target":{"@type":"EntryPoint","urlTemplate":"https:\/\/www.eliassen.nl\/de\/?s={search_term_string}"},"query-input":{"@type":"PropertyValueSpecification","valueRequired":true,"valueName":"search_term_string"}}],"inLanguage":"de"},{"@type":["Organization","Place"],"@id":"https:\/\/www.eliassen.nl\/de\/#organization","name":"Eliassen Home & Garden Pleasure","url":"https:\/\/www.eliassen.nl\/de\/","logo":{"@id":"https:\/\/www.eliassen.nl\/de\/gartenstatue-stehender-engel-gross-137cm\/#local-main-organization-logo"},"image":{"@id":"https:\/\/www.eliassen.nl\/de\/gartenstatue-stehender-engel-gross-137cm\/#local-main-organization-logo"},"sameAs":["https:\/\/www.facebook.com\/TuincentrumEliassenAmmerzoden","https:\/\/www.instagram.com\/eliassenhomeandgarden\/","https:\/\/nl.pinterest.com\/eliassenhomeandgarden\/","https:\/\/www.youtube.com\/@eliassenhomegardenpleasure4558"],"telephone":[],"openingHoursSpecification":[{"@type":"OpeningHoursSpecification","dayOfWeek":["Monday","Tuesday","Wednesday","Thursday","Friday","Saturday","Sunday"],"opens":"09:00","closes":"17:00"}]},{"@type":"ImageObject","inLanguage":"de","@id":"https:\/\/www.eliassen.nl\/de\/gartenstatue-stehender-engel-gross-137cm\/#local-main-organization-logo","url":"https:\/\/www.eliassen.nl\/wp-content\/uploads\/2024\/01\/logo_4nd.jpg","contentUrl":"https:\/\/www.eliassen.nl\/wp-content\/uploads\/2024\/01\/logo_4nd.jpg","width":500,"height":500,"caption":"Eliassen Home & Garden Pleasure"}]},"product_price_amount":"649.00","product_price_currency":"EUR","og_availability":"instock","product_availability":"instock","product_retailer_item_id":"8086","product_condition":"new"},"df_price":649,"df_sale_price":"","df_regular_price":649,"df_image_link":"https:\/\/www.eliassen.nl\/wp-content\/uploads\/2024\/01\/knipsel_11nd.png","image":"https:\/\/www.eliassen.nl\/wp-content\/uploads\/2024\/01\/knipsel_11nd.png","price_search":"<span class=\"woocommerce-Price-amount amount\"><bdi><span class=\"woocommerce-Price-currencySymbol\">&euro;<\/span>&nbsp;649,00<\/bdi><\/span>","category":"Betonstatuen","global_unique_id":"7438235695686","_links":{"self":[{"href":"https:\/\/www.eliassen.nl\/de\/wp-json\/wp\/v2\/product\/12826","targetHints":{"allow":["GET"]}}],"collection":[{"href":"https:\/\/www.eliassen.nl\/de\/wp-json\/wp\/v2\/product"}],"about":[{"href":"https:\/\/www.eliassen.nl\/de\/wp-json\/wp\/v2\/types\/product"}],"wp:featuredmedia":[{"embeddable":true,"href":"https:\/\/www.eliassen.nl\/de\/wp-json\/wp\/v2\/media\/12814"}],"wp:attachment":[{"href":"https:\/\/www.eliassen.nl\/de\/wp-json\/wp\/v2\/media?parent=12826"}],"wp:term":[{"taxonomy":"product_brand","embeddable":true,"href":"https:\/\/www.eliassen.nl\/de\/wp-json\/wp\/v2\/product_brand?post=12826"},{"taxonomy":"product_cat","embeddable":true,"href":"https:\/\/www.eliassen.nl\/de\/wp-json\/wp\/v2\/product_cat?post=12826"},{"taxonomy":"product_tag","embeddable":true,"href":"https:\/\/www.eliassen.nl\/de\/wp-json\/wp\/v2\/product_tag?post=12826"}],"curies":[{"name":"wp","href":"https:\/\/api.w.org\/{rel}","templated":true}]}}