{"id":128236,"date":"2019-10-28T16:22:01","date_gmt":"2019-10-28T16:22:01","guid":{"rendered":"https:\/\/www.eliassen.nl\/?product=eliassen-schwarze-rose-wasserspiel"},"modified":"2026-02-23T09:05:33","modified_gmt":"2026-02-23T08:05:33","slug":"wasserbrunnenblume-black-rose-50cm","status":"publish","type":"product","link":"https:\/\/www.eliassen.nl\/de\/wasserbrunnenblume-black-rose-50cm\/","title":{"rendered":"Wasserfont\u00e4ne Blume Schwarze Rose 50cm"},"content":{"rendered":"<p><strong><video controls=\"controls\" width=\"500\" height=\"250\"><br \/>\n<\/video><\/strong><\/p>\n<p><strong>Es handelt sich um ein loses Ornament. Erkundigen Sie sich nach den anderen ben\u00f6tigten Teilen.<\/strong><\/p>\n<p>Die Wasserfont\u00e4nenblume wurde im eigenen Haus entwickelt und hergestellt und ist nirgendwo anders erh\u00e4ltlich. Blumenmodell, sehr arbeitsintensiv in der Herstellung. Hergestellt aus poliertem Basalt. K\u00fcnstlerisches Objekt mit einer sehr kleinen Auflage. Die Gr\u00f6\u00dfe betr\u00e4gt 50x50cm. Sieht auch sehr sch\u00f6n aus, wenn sie in einem Teich oder in einem modernen Teichbeh\u00e4lter steht.<\/p>\n<p><strong>Tipp:<\/strong> unsere eigenen polierten schwarzen Dekobl\u00f6cke, in 3 Gr\u00f6\u00dfen, eignen sich sehr gut f\u00fcr die Arbeit \u00fcber dem Gitterrost, diese bilden einen sehr sch\u00f6nen Kontrast zum Ornament. Kommen Sie in unseren Ausstellungsraum, um viele Modelle live zu bewundern! !<\/p>\n<ul>\n<li>fester Basalt<\/li>\n<li>bleibt sch\u00f6n<\/li>\n<li>sehr einzigartiges Design, nur bei uns erh\u00e4ltlich<\/li>\n<\/ul>\n<p>Haben Sie Fragen zu diesem Artikel oder ben\u00f6tigen Sie Ratschl\u00e4ge, um dieses Modell mit allen anderen wesentlichen Bestandteilen zu vervollst\u00e4ndigen? Wenn ja, k\u00f6nnen Sie uns gerne kontaktieren.<\/p>\n","protected":false},"excerpt":{"rendered":"<p>Es handelt sich um ein loses Ornament. Erkundigen Sie sich nach den anderen ben\u00f6tigten Teilen.<\/p>\n","protected":false},"featured_media":8239,"template":"","meta":{"_acf_changed":false,"_genesis_title":"","_genesis_description":""},"product_brand":[6916],"product_cat":[539,551,569,536],"product_tag":[],"class_list":{"0":"post-128236","1":"product","2":"type-product","3":"status-publish","4":"has-post-thumbnail","6":"product_brand-eliassen-de","7":"product_cat-einzigartige-eigene-modelle-von-losen-wasserspiele","8":"product_cat-lose-wasserspiele","9":"product_cat-wasserbaelle","10":"product_cat-wassereigenschaften","12":"first","13":"instock","14":"taxable","15":"shipping-taxable","16":"purchasable","17":"product-type-variable"},"acf":[],"meta_all":{"total_sales":"0","wcml_sync_hash":{"postmeta_fields":"3435aa072e2689baa0e1205b989a2845"},"attr_label_translations":[],"cor_restricted_countries":[]},"meta_all_flat":{"total_sales":"0","wcml_sync_hash.postmeta_fields":"3435aa072e2689baa0e1205b989a2845"},"yoast_head":"<!-- This site is optimized with the Yoast SEO Premium plugin v26.2 (Yoast SEO v27.2) - https:\/\/yoast.com\/product\/yoast-seo-premium-wordpress\/ -->\n<title>Wasserfont\u00e4ne Blume (schwarz) Schwarze Rose | 50cm | Eliassen.nl<\/title>\n<meta name=\"description\" content=\"Eine EINZIGARTIGE Blumenwasserfont\u00e4ne f\u00fcr den Garten. NIRGENDWO SONST ZU VERKAUFEN! Eigene Entwicklung. Mehr als +300 Wasserornamente LIVE in unserem Shop\" \/>\n<meta name=\"robots\" content=\"index, follow, max-snippet:-1, max-image-preview:large, max-video-preview:-1\" \/>\n<link rel=\"canonical\" href=\"https:\/\/www.eliassen.nl\/de\/wasserbrunnenblume-black-rose-50cm\/\" \/>\n<meta property=\"og:locale\" content=\"de_DE\" \/>\n<meta property=\"og:type\" content=\"article\" \/>\n<meta property=\"og:title\" content=\"Eliassen Wasserfont\u00e4ne Blume Schwarze Rose 50cm - Eliassen.nl\" \/>\n<meta property=\"og:description\" content=\"Eine EINZIGARTIGE Blumenwasserfont\u00e4ne f\u00fcr den Garten. NIRGENDWO SONST ZU VERKAUFEN! Eigene Entwicklung. Mehr als +300 Wasserornamente LIVE in unserem Shop\" \/>\n<meta property=\"og:url\" content=\"https:\/\/www.eliassen.nl\/de\/wasserbrunnenblume-black-rose-50cm\/\" \/>\n<meta property=\"og:site_name\" content=\"Eliassen.nl\" \/>\n<meta property=\"article:publisher\" content=\"https:\/\/www.facebook.com\/TuincentrumEliassenAmmerzoden\" \/>\n<meta property=\"article:modified_time\" content=\"2026-02-23T08:05:33+00:00\" \/>\n<meta property=\"og:image\" content=\"https:\/\/www.eliassen.nl\/wp-content\/uploads\/2024\/01\/mijnproject2.png\" \/>\n\t<meta property=\"og:image:width\" content=\"750\" \/>\n\t<meta property=\"og:image:height\" content=\"1000\" \/>\n\t<meta property=\"og:image:type\" content=\"image\/png\" \/>\n<meta name=\"twitter:card\" content=\"summary_large_image\" \/>\n<script type=\"application\/ld+json\" class=\"yoast-schema-graph\">{\"@context\":\"https:\/\/schema.org\",\"@graph\":[{\"@type\":\"WebPage\",\"@id\":\"https:\/\/www.eliassen.nl\/de\/wasserbrunnenblume-black-rose-50cm\/\",\"url\":\"https:\/\/www.eliassen.nl\/de\/wasserbrunnenblume-black-rose-50cm\/\",\"name\":\"Wasserfont\u00e4ne Blume (schwarz) Schwarze Rose | 50cm | Eliassen.nl\",\"isPartOf\":{\"@id\":\"https:\/\/www.eliassen.nl\/de\/#website\"},\"primaryImageOfPage\":{\"@id\":\"https:\/\/www.eliassen.nl\/de\/wasserbrunnenblume-black-rose-50cm\/#primaryimage\"},\"image\":{\"@id\":\"https:\/\/www.eliassen.nl\/de\/wasserbrunnenblume-black-rose-50cm\/#primaryimage\"},\"thumbnailUrl\":\"https:\/\/www.eliassen.nl\/wp-content\/uploads\/2024\/01\/mijnproject2.png\",\"datePublished\":\"2019-10-28T16:22:01+00:00\",\"dateModified\":\"2026-02-23T08:05:33+00:00\",\"description\":\"Eine EINZIGARTIGE Blumenwasserfont\u00e4ne f\u00fcr den Garten. NIRGENDWO SONST ZU VERKAUFEN! Eigene Entwicklung. Mehr als +300 Wasserornamente LIVE in unserem Shop\",\"breadcrumb\":{\"@id\":\"https:\/\/www.eliassen.nl\/de\/wasserbrunnenblume-black-rose-50cm\/#breadcrumb\"},\"inLanguage\":\"de\",\"potentialAction\":[{\"@type\":\"ReadAction\",\"target\":[\"https:\/\/www.eliassen.nl\/de\/wasserbrunnenblume-black-rose-50cm\/\"]}]},{\"@type\":\"ImageObject\",\"inLanguage\":\"de\",\"@id\":\"https:\/\/www.eliassen.nl\/de\/wasserbrunnenblume-black-rose-50cm\/#primaryimage\",\"url\":\"https:\/\/www.eliassen.nl\/wp-content\/uploads\/2024\/01\/mijnproject2.png\",\"contentUrl\":\"https:\/\/www.eliassen.nl\/wp-content\/uploads\/2024\/01\/mijnproject2.png\",\"width\":750,\"height\":1000,\"caption\":\"Mein Projekt (2)\"},{\"@type\":\"BreadcrumbList\",\"@id\":\"https:\/\/www.eliassen.nl\/de\/wasserbrunnenblume-black-rose-50cm\/#breadcrumb\",\"itemListElement\":[{\"@type\":\"ListItem\",\"position\":1,\"name\":\"Home\",\"item\":\"https:\/\/www.eliassen.nl\/de\/\"},{\"@type\":\"ListItem\",\"position\":2,\"name\":\"Shop\",\"item\":\"https:\/\/www.eliassen.nl\/de\/shop\/\"},{\"@type\":\"ListItem\",\"position\":3,\"name\":\"Wasserspiele\",\"item\":\"https:\/\/www.eliassen.nl\/de\/wassereigenschaften\/\"},{\"@type\":\"ListItem\",\"position\":4,\"name\":\"Einzigartige eigene Modelle von losen Wasserspielen\",\"item\":\"https:\/\/www.eliassen.nl\/de\/wassereigenschaften\/einzigartige-eigene-modelle-von-losen-wasserspiele\/\"},{\"@type\":\"ListItem\",\"position\":5,\"name\":\"Wasserfont\u00e4ne Blume Schwarze Rose 50cm\"}]},{\"@type\":\"WebSite\",\"@id\":\"https:\/\/www.eliassen.nl\/de\/#website\",\"url\":\"https:\/\/www.eliassen.nl\/de\/\",\"name\":\"Eliassen Home & Garden Pleasure\",\"description\":\"\",\"publisher\":{\"@id\":\"https:\/\/www.eliassen.nl\/de\/#organization\"},\"alternateName\":\"Eliassen.nl\",\"potentialAction\":[{\"@type\":\"SearchAction\",\"target\":{\"@type\":\"EntryPoint\",\"urlTemplate\":\"https:\/\/www.eliassen.nl\/de\/?s={search_term_string}\"},\"query-input\":{\"@type\":\"PropertyValueSpecification\",\"valueRequired\":true,\"valueName\":\"search_term_string\"}}],\"inLanguage\":\"de\"},{\"@type\":[\"Organization\",\"Place\"],\"@id\":\"https:\/\/www.eliassen.nl\/de\/#organization\",\"name\":\"Eliassen Home & Garden Pleasure\",\"url\":\"https:\/\/www.eliassen.nl\/de\/\",\"logo\":{\"@id\":\"https:\/\/www.eliassen.nl\/de\/wasserbrunnenblume-black-rose-50cm\/#local-main-organization-logo\"},\"image\":{\"@id\":\"https:\/\/www.eliassen.nl\/de\/wasserbrunnenblume-black-rose-50cm\/#local-main-organization-logo\"},\"sameAs\":[\"https:\/\/www.facebook.com\/TuincentrumEliassenAmmerzoden\",\"https:\/\/www.instagram.com\/eliassenhomeandgarden\/\",\"https:\/\/nl.pinterest.com\/eliassenhomeandgarden\/\",\"https:\/\/www.youtube.com\/@eliassenhomegardenpleasure4558\"],\"telephone\":[],\"openingHoursSpecification\":[{\"@type\":\"OpeningHoursSpecification\",\"dayOfWeek\":[\"Monday\",\"Tuesday\",\"Wednesday\",\"Thursday\",\"Friday\",\"Saturday\",\"Sunday\"],\"opens\":\"09:00\",\"closes\":\"17:00\"}]},{\"@type\":\"ImageObject\",\"inLanguage\":\"de\",\"@id\":\"https:\/\/www.eliassen.nl\/de\/wasserbrunnenblume-black-rose-50cm\/#local-main-organization-logo\",\"url\":\"https:\/\/www.eliassen.nl\/wp-content\/uploads\/2024\/01\/logo_4nd.jpg\",\"contentUrl\":\"https:\/\/www.eliassen.nl\/wp-content\/uploads\/2024\/01\/logo_4nd.jpg\",\"width\":500,\"height\":500,\"caption\":\"Eliassen Home & Garden Pleasure\"}]}<\/script>\n<meta property=\"og:availability\" content=\"instock\" \/>\n<meta property=\"product:availability\" content=\"instock\" \/>\n<meta property=\"product:retailer_item_id\" content=\"Br50\" \/>\n<meta property=\"product:condition\" content=\"new\" \/>\n<!-- \/ Yoast SEO Premium plugin. -->","yoast_head_json":{"title":"Wasserfont\u00e4ne Blume (schwarz) Schwarze Rose | 50cm | Eliassen.nl","description":"Eine EINZIGARTIGE Blumenwasserfont\u00e4ne f\u00fcr den Garten. NIRGENDWO SONST ZU VERKAUFEN! Eigene Entwicklung. Mehr als +300 Wasserornamente LIVE in unserem Shop","robots":{"index":"index","follow":"follow","max-snippet":"max-snippet:-1","max-image-preview":"max-image-preview:large","max-video-preview":"max-video-preview:-1"},"canonical":"https:\/\/www.eliassen.nl\/de\/wasserbrunnenblume-black-rose-50cm\/","og_locale":"de_DE","og_type":"article","og_title":"Eliassen Wasserfont\u00e4ne Blume Schwarze Rose 50cm - Eliassen.nl","og_description":"Eine EINZIGARTIGE Blumenwasserfont\u00e4ne f\u00fcr den Garten. NIRGENDWO SONST ZU VERKAUFEN! Eigene Entwicklung. Mehr als +300 Wasserornamente LIVE in unserem Shop","og_url":"https:\/\/www.eliassen.nl\/de\/wasserbrunnenblume-black-rose-50cm\/","og_site_name":"Eliassen.nl","article_publisher":"https:\/\/www.facebook.com\/TuincentrumEliassenAmmerzoden","article_modified_time":"2026-02-23T08:05:33+00:00","og_image":[{"width":750,"height":1000,"url":"https:\/\/www.eliassen.nl\/wp-content\/uploads\/2024\/01\/mijnproject2.png","type":"image\/png"}],"twitter_card":"summary_large_image","schema":{"@context":"https:\/\/schema.org","@graph":[{"@type":"WebPage","@id":"https:\/\/www.eliassen.nl\/de\/wasserbrunnenblume-black-rose-50cm\/","url":"https:\/\/www.eliassen.nl\/de\/wasserbrunnenblume-black-rose-50cm\/","name":"Wasserfont\u00e4ne Blume (schwarz) Schwarze Rose | 50cm | Eliassen.nl","isPartOf":{"@id":"https:\/\/www.eliassen.nl\/de\/#website"},"primaryImageOfPage":{"@id":"https:\/\/www.eliassen.nl\/de\/wasserbrunnenblume-black-rose-50cm\/#primaryimage"},"image":{"@id":"https:\/\/www.eliassen.nl\/de\/wasserbrunnenblume-black-rose-50cm\/#primaryimage"},"thumbnailUrl":"https:\/\/www.eliassen.nl\/wp-content\/uploads\/2024\/01\/mijnproject2.png","datePublished":"2019-10-28T16:22:01+00:00","dateModified":"2026-02-23T08:05:33+00:00","description":"Eine EINZIGARTIGE Blumenwasserfont\u00e4ne f\u00fcr den Garten. NIRGENDWO SONST ZU VERKAUFEN! Eigene Entwicklung. Mehr als +300 Wasserornamente LIVE in unserem Shop","breadcrumb":{"@id":"https:\/\/www.eliassen.nl\/de\/wasserbrunnenblume-black-rose-50cm\/#breadcrumb"},"inLanguage":"de","potentialAction":[{"@type":"ReadAction","target":["https:\/\/www.eliassen.nl\/de\/wasserbrunnenblume-black-rose-50cm\/"]}]},{"@type":"ImageObject","inLanguage":"de","@id":"https:\/\/www.eliassen.nl\/de\/wasserbrunnenblume-black-rose-50cm\/#primaryimage","url":"https:\/\/www.eliassen.nl\/wp-content\/uploads\/2024\/01\/mijnproject2.png","contentUrl":"https:\/\/www.eliassen.nl\/wp-content\/uploads\/2024\/01\/mijnproject2.png","width":750,"height":1000,"caption":"Mein Projekt (2)"},{"@type":"BreadcrumbList","@id":"https:\/\/www.eliassen.nl\/de\/wasserbrunnenblume-black-rose-50cm\/#breadcrumb","itemListElement":[{"@type":"ListItem","position":1,"name":"Home","item":"https:\/\/www.eliassen.nl\/de\/"},{"@type":"ListItem","position":2,"name":"Shop","item":"https:\/\/www.eliassen.nl\/de\/shop\/"},{"@type":"ListItem","position":3,"name":"Wasserspiele","item":"https:\/\/www.eliassen.nl\/de\/wassereigenschaften\/"},{"@type":"ListItem","position":4,"name":"Einzigartige eigene Modelle von losen Wasserspielen","item":"https:\/\/www.eliassen.nl\/de\/wassereigenschaften\/einzigartige-eigene-modelle-von-losen-wasserspiele\/"},{"@type":"ListItem","position":5,"name":"Wasserfont\u00e4ne Blume Schwarze Rose 50cm"}]},{"@type":"WebSite","@id":"https:\/\/www.eliassen.nl\/de\/#website","url":"https:\/\/www.eliassen.nl\/de\/","name":"Eliassen Home & Garden Pleasure","description":"","publisher":{"@id":"https:\/\/www.eliassen.nl\/de\/#organization"},"alternateName":"Eliassen.nl","potentialAction":[{"@type":"SearchAction","target":{"@type":"EntryPoint","urlTemplate":"https:\/\/www.eliassen.nl\/de\/?s={search_term_string}"},"query-input":{"@type":"PropertyValueSpecification","valueRequired":true,"valueName":"search_term_string"}}],"inLanguage":"de"},{"@type":["Organization","Place"],"@id":"https:\/\/www.eliassen.nl\/de\/#organization","name":"Eliassen Home & Garden Pleasure","url":"https:\/\/www.eliassen.nl\/de\/","logo":{"@id":"https:\/\/www.eliassen.nl\/de\/wasserbrunnenblume-black-rose-50cm\/#local-main-organization-logo"},"image":{"@id":"https:\/\/www.eliassen.nl\/de\/wasserbrunnenblume-black-rose-50cm\/#local-main-organization-logo"},"sameAs":["https:\/\/www.facebook.com\/TuincentrumEliassenAmmerzoden","https:\/\/www.instagram.com\/eliassenhomeandgarden\/","https:\/\/nl.pinterest.com\/eliassenhomeandgarden\/","https:\/\/www.youtube.com\/@eliassenhomegardenpleasure4558"],"telephone":[],"openingHoursSpecification":[{"@type":"OpeningHoursSpecification","dayOfWeek":["Monday","Tuesday","Wednesday","Thursday","Friday","Saturday","Sunday"],"opens":"09:00","closes":"17:00"}]},{"@type":"ImageObject","inLanguage":"de","@id":"https:\/\/www.eliassen.nl\/de\/wasserbrunnenblume-black-rose-50cm\/#local-main-organization-logo","url":"https:\/\/www.eliassen.nl\/wp-content\/uploads\/2024\/01\/logo_4nd.jpg","contentUrl":"https:\/\/www.eliassen.nl\/wp-content\/uploads\/2024\/01\/logo_4nd.jpg","width":500,"height":500,"caption":"Eliassen Home & Garden Pleasure"}]},"og_availability":"instock","product_availability":"instock","product_retailer_item_id":"Br50","product_condition":"new"},"df_price":550,"df_sale_price":"","df_regular_price":550,"df_image_link":"https:\/\/www.eliassen.nl\/wp-content\/uploads\/2024\/01\/mijnproject2.png","image":"https:\/\/www.eliassen.nl\/wp-content\/uploads\/2024\/01\/mijnproject2.png","price_search":"<span class=\"woocommerce-Price-amount amount\"><bdi><span class=\"woocommerce-Price-currencySymbol\">&euro;<\/span>&nbsp;550,00<\/bdi><\/span>","category":"Einzigartige eigene Modelle von losen Wasserspielen","global_unique_id":"7438235637679","_links":{"self":[{"href":"https:\/\/www.eliassen.nl\/de\/wp-json\/wp\/v2\/product\/128236","targetHints":{"allow":["GET"]}}],"collection":[{"href":"https:\/\/www.eliassen.nl\/de\/wp-json\/wp\/v2\/product"}],"about":[{"href":"https:\/\/www.eliassen.nl\/de\/wp-json\/wp\/v2\/types\/product"}],"wp:featuredmedia":[{"embeddable":true,"href":"https:\/\/www.eliassen.nl\/de\/wp-json\/wp\/v2\/media\/8239"}],"wp:attachment":[{"href":"https:\/\/www.eliassen.nl\/de\/wp-json\/wp\/v2\/media?parent=128236"}],"wp:term":[{"taxonomy":"product_brand","embeddable":true,"href":"https:\/\/www.eliassen.nl\/de\/wp-json\/wp\/v2\/product_brand?post=128236"},{"taxonomy":"product_cat","embeddable":true,"href":"https:\/\/www.eliassen.nl\/de\/wp-json\/wp\/v2\/product_cat?post=128236"},{"taxonomy":"product_tag","embeddable":true,"href":"https:\/\/www.eliassen.nl\/de\/wp-json\/wp\/v2\/product_tag?post=128236"}],"curies":[{"name":"wp","href":"https:\/\/api.w.org\/{rel}","templated":true}]}}