{"id":128211,"date":"2019-10-28T16:21:49","date_gmt":"2019-10-28T16:21:49","guid":{"rendered":"https:\/\/www.eliassen.nl\/?product=wasser-eigenschaft-wasser-kugel"},"modified":"2026-03-12T15:35:02","modified_gmt":"2026-03-12T14:35:02","slug":"wasser-eigenschaft-wasser-kugel","status":"publish","type":"product","link":"https:\/\/www.eliassen.nl\/de\/wasser-eigenschaft-wasser-kugel\/","title":{"rendered":"Wasserornament Kugel Wasser 60cm"},"content":{"rendered":"<div style=\"width: 1280px;\" class=\"wp-video\"><video class=\"wp-video-shortcode\" id=\"video-128211-1\" width=\"1280\" height=\"720\" preload=\"metadata\" controls=\"controls\"><source type=\"video\/mp4\" src=\"https:\/\/www.eliassen.nl\/wp-content\/uploads\/2026\/03\/VID_20260312_153155.mp4?_=1\" \/><a href=\"https:\/\/www.eliassen.nl\/wp-content\/uploads\/2026\/03\/VID_20260312_153155.mp4\">https:\/\/www.eliassen.nl\/wp-content\/uploads\/2026\/03\/VID_20260312_153155.mp4<\/a><\/video><\/div>\n<p>Diese einzigartige, handgefertigte Wasser-Ornamentkugel passt zu jedem Gartenstil. Er ist aus haltbarem Beton gefertigt, einfach zu installieren und dauerhaft leicht zu bewegen.<br \/>\nBei diesem Wasserornament flie\u00dft ein Wasserfall von oben, der stufenlos verstellbar ist. Sie k\u00f6nnen also w\u00e4hlen, ob Sie einen Wasserfall, eine pl\u00e4tschernde Quelle oder etwas dazwischen haben m\u00f6chten. Auf diese Weise kontrollieren Sie den Wasserlauf selbst. Wenn Sie zum Beispiel drau\u00dfen im Garten oder auf der Terrasse mit Besuchern sitzen m\u00f6chten, w\u00e4hrend im Hintergrund ein Wasserfall zu h\u00f6ren ist, stellen Sie ihn auf die h\u00f6chste Stufe. Wenn Sie drau\u00dfen in aller Ruhe ein Buch lesen m\u00f6chten, stellen Sie die Wasserlampe auf die niedrigste Stufe und genie\u00dfen Sie das Pl\u00e4tschern der Quelle im Hintergrund.<\/p>\n<p>Durch seine Form ist dieses Wasserornament mobil und kann leicht von einer Person an jeden beliebigen Ort gerollt werden. Sie k\u00f6nnen diese Lampe ohne Licht, nur mit warmwei\u00dfem Licht und mit einer LED-Lampe, die jede gew\u00fcnschte Farbe erzeugen kann, mit Fernbedienung bestellen.<\/p>\n<p>Vergessen Sie nicht, unseren Shop zu besuchen, um die beste Beratung und das gr\u00f6\u00dfte Sortiment in den Beneluxl\u00e4ndern zu erhalten!<\/p>\n<p>Gr\u00f6\u00dfe: Schachtelschnitt 58 cm. H\u00f6he 52 cm.<\/p>\n<p>Gewicht: 50 kg<\/p>\n<p>Farbe: Anthrazit<br \/>\nFassungsverm\u00f6gen: 45 Liter<br \/>\nLeistungsaufnahme: 35 W 230V~ \/ 50 Hz<br \/>\nKabell\u00e4nge: 9 Meter<\/p>\n","protected":false},"excerpt":{"rendered":"<p>Diese einzigartige, handgefertigte Wasser-Ornamentkugel passt zu jedem Gartenstil. Er ist aus haltbarem Beton gefertigt, einfach zu installieren und dauerhaft leicht zu bewegen. Bei diesem Wasserornament flie\u00dft ein Wasserfall von oben, der stufenlos verstellbar ist. Sie k\u00f6nnen also w\u00e4hlen, ob Sie einen Wasserfall, eine pl\u00e4tschernde Quelle oder etwas dazwischen haben m\u00f6chten. Auf diese Weise kontrollieren Sie &hellip;<\/p>\n","protected":false},"featured_media":8182,"template":"","meta":{"_acf_changed":false,"_genesis_title":"","_genesis_description":""},"product_brand":[7480],"product_cat":[548,536],"product_tag":[],"class_list":{"0":"post-128211","1":"product","2":"type-product","3":"status-publish","4":"has-post-thumbnail","6":"product_brand-creastone","7":"product_cat-terrassenbrunnen","8":"product_cat-wassereigenschaften","10":"first","11":"instock","12":"sale","13":"taxable","14":"shipping-taxable","15":"purchasable","16":"product-type-simple"},"acf":[],"meta_all":{"total_sales":"2","wcml_sync_hash":{"postmeta_fields":"cd976c6d8a7e18aca9f83b4c52d09d18"},"attr_label_translations":[],"cor_restricted_countries":[]},"meta_all_flat":{"total_sales":"2","wcml_sync_hash.postmeta_fields":"cd976c6d8a7e18aca9f83b4c52d09d18"},"yoast_head":"<!-- This site is optimized with the Yoast SEO Premium plugin v26.2 (Yoast SEO v27.2) - https:\/\/yoast.com\/product\/yoast-seo-premium-wordpress\/ -->\n<title>Wasser-Zierzwiebel f\u00fcr den Garten - Eliassen.de<\/title>\n<meta name=\"description\" content=\"Wasser-Ornamentzwiebel f\u00fcr den Garten. Ein wundersch\u00f6nes, kugelf\u00f6rmiges Wasserornament, das mit einer LED-Lampe erh\u00e4ltlich ist, die jede Farbe wiedergeben kann.\" \/>\n<meta name=\"robots\" content=\"index, follow, max-snippet:-1, max-image-preview:large, max-video-preview:-1\" \/>\n<link rel=\"canonical\" href=\"https:\/\/www.eliassen.nl\/de\/wasser-eigenschaft-wasser-kugel\/\" \/>\n<meta property=\"og:locale\" content=\"de_DE\" \/>\n<meta property=\"og:type\" content=\"article\" \/>\n<meta property=\"og:title\" content=\"Creastone Wasserornament Kugel Wasser 60cm - Eliassen.nl\" \/>\n<meta property=\"og:description\" content=\"Wasser-Ornamentzwiebel f\u00fcr den Garten. Ein wundersch\u00f6nes, kugelf\u00f6rmiges Wasserornament, das mit einer LED-Lampe erh\u00e4ltlich ist, die jede Farbe wiedergeben kann.\" \/>\n<meta property=\"og:url\" content=\"https:\/\/www.eliassen.nl\/de\/wasser-eigenschaft-wasser-kugel\/\" \/>\n<meta property=\"og:site_name\" content=\"Eliassen.nl\" \/>\n<meta property=\"article:publisher\" content=\"https:\/\/www.facebook.com\/TuincentrumEliassenAmmerzoden\" \/>\n<meta property=\"article:modified_time\" content=\"2026-03-12T14:35:02+00:00\" \/>\n<meta property=\"og:image\" content=\"https:\/\/www.eliassen.nl\/wp-content\/uploads\/2024\/01\/facebook.jpg\" \/>\n\t<meta property=\"og:image:width\" content=\"1024\" \/>\n\t<meta property=\"og:image:height\" content=\"537\" \/>\n\t<meta property=\"og:image:type\" content=\"image\/jpeg\" \/>\n<meta name=\"twitter:card\" content=\"summary_large_image\" \/>\n<script type=\"application\/ld+json\" class=\"yoast-schema-graph\">{\"@context\":\"https:\/\/schema.org\",\"@graph\":[{\"@type\":\"WebPage\",\"@id\":\"https:\/\/www.eliassen.nl\/de\/wasser-eigenschaft-wasser-kugel\/\",\"url\":\"https:\/\/www.eliassen.nl\/de\/wasser-eigenschaft-wasser-kugel\/\",\"name\":\"Wasser-Zierzwiebel f\u00fcr den Garten - Eliassen.de\",\"isPartOf\":{\"@id\":\"https:\/\/www.eliassen.nl\/de\/#website\"},\"primaryImageOfPage\":{\"@id\":\"https:\/\/www.eliassen.nl\/de\/wasser-eigenschaft-wasser-kugel\/#primaryimage\"},\"image\":{\"@id\":\"https:\/\/www.eliassen.nl\/de\/wasser-eigenschaft-wasser-kugel\/#primaryimage\"},\"thumbnailUrl\":\"https:\/\/www.eliassen.nl\/wp-content\/uploads\/2024\/01\/facebook.jpg\",\"datePublished\":\"2019-10-28T16:21:49+00:00\",\"dateModified\":\"2026-03-12T14:35:02+00:00\",\"description\":\"Wasser-Ornamentzwiebel f\u00fcr den Garten. Ein wundersch\u00f6nes, kugelf\u00f6rmiges Wasserornament, das mit einer LED-Lampe erh\u00e4ltlich ist, die jede Farbe wiedergeben kann.\",\"breadcrumb\":{\"@id\":\"https:\/\/www.eliassen.nl\/de\/wasser-eigenschaft-wasser-kugel\/#breadcrumb\"},\"inLanguage\":\"de\",\"potentialAction\":[{\"@type\":\"ReadAction\",\"target\":[\"https:\/\/www.eliassen.nl\/de\/wasser-eigenschaft-wasser-kugel\/\"]}]},{\"@type\":\"ImageObject\",\"inLanguage\":\"de\",\"@id\":\"https:\/\/www.eliassen.nl\/de\/wasser-eigenschaft-wasser-kugel\/#primaryimage\",\"url\":\"https:\/\/www.eliassen.nl\/wp-content\/uploads\/2024\/01\/facebook.jpg\",\"contentUrl\":\"https:\/\/www.eliassen.nl\/wp-content\/uploads\/2024\/01\/facebook.jpg\",\"width\":1024,\"height\":537,\"caption\":\"facebook\"},{\"@type\":\"BreadcrumbList\",\"@id\":\"https:\/\/www.eliassen.nl\/de\/wasser-eigenschaft-wasser-kugel\/#breadcrumb\",\"itemListElement\":[{\"@type\":\"ListItem\",\"position\":1,\"name\":\"Home\",\"item\":\"https:\/\/www.eliassen.nl\/de\/\"},{\"@type\":\"ListItem\",\"position\":2,\"name\":\"Shop\",\"item\":\"https:\/\/www.eliassen.nl\/de\/shop\/\"},{\"@type\":\"ListItem\",\"position\":3,\"name\":\"Wasserspiele\",\"item\":\"https:\/\/www.eliassen.nl\/de\/wassereigenschaften\/\"},{\"@type\":\"ListItem\",\"position\":4,\"name\":\"Terrassenbrunnen\",\"item\":\"https:\/\/www.eliassen.nl\/de\/wassereigenschaften\/terrassenbrunnen\/\"},{\"@type\":\"ListItem\",\"position\":5,\"name\":\"Wasserornament Kugel Wasser 60cm\"}]},{\"@type\":\"WebSite\",\"@id\":\"https:\/\/www.eliassen.nl\/de\/#website\",\"url\":\"https:\/\/www.eliassen.nl\/de\/\",\"name\":\"Eliassen Home & Garden Pleasure\",\"description\":\"\",\"publisher\":{\"@id\":\"https:\/\/www.eliassen.nl\/de\/#organization\"},\"alternateName\":\"Eliassen.nl\",\"potentialAction\":[{\"@type\":\"SearchAction\",\"target\":{\"@type\":\"EntryPoint\",\"urlTemplate\":\"https:\/\/www.eliassen.nl\/de\/?s={search_term_string}\"},\"query-input\":{\"@type\":\"PropertyValueSpecification\",\"valueRequired\":true,\"valueName\":\"search_term_string\"}}],\"inLanguage\":\"de\"},{\"@type\":[\"Organization\",\"Place\"],\"@id\":\"https:\/\/www.eliassen.nl\/de\/#organization\",\"name\":\"Eliassen Home & Garden Pleasure\",\"url\":\"https:\/\/www.eliassen.nl\/de\/\",\"logo\":{\"@id\":\"https:\/\/www.eliassen.nl\/de\/wasser-eigenschaft-wasser-kugel\/#local-main-organization-logo\"},\"image\":{\"@id\":\"https:\/\/www.eliassen.nl\/de\/wasser-eigenschaft-wasser-kugel\/#local-main-organization-logo\"},\"sameAs\":[\"https:\/\/www.facebook.com\/TuincentrumEliassenAmmerzoden\",\"https:\/\/www.instagram.com\/eliassenhomeandgarden\/\",\"https:\/\/nl.pinterest.com\/eliassenhomeandgarden\/\",\"https:\/\/www.youtube.com\/@eliassenhomegardenpleasure4558\"],\"telephone\":[],\"openingHoursSpecification\":[{\"@type\":\"OpeningHoursSpecification\",\"dayOfWeek\":[\"Monday\",\"Tuesday\",\"Wednesday\",\"Thursday\",\"Friday\",\"Saturday\",\"Sunday\"],\"opens\":\"09:00\",\"closes\":\"17:00\"}]},{\"@type\":\"ImageObject\",\"inLanguage\":\"de\",\"@id\":\"https:\/\/www.eliassen.nl\/de\/wasser-eigenschaft-wasser-kugel\/#local-main-organization-logo\",\"url\":\"https:\/\/www.eliassen.nl\/wp-content\/uploads\/2024\/01\/logo_4nd.jpg\",\"contentUrl\":\"https:\/\/www.eliassen.nl\/wp-content\/uploads\/2024\/01\/logo_4nd.jpg\",\"width\":500,\"height\":500,\"caption\":\"Eliassen Home & Garden Pleasure\"}]}<\/script>\n<meta property=\"product:price:amount\" content=\"500.00\" \/>\n<meta property=\"product:price:currency\" content=\"EUR\" \/>\n<meta property=\"og:availability\" content=\"instock\" \/>\n<meta property=\"product:availability\" content=\"instock\" \/>\n<meta property=\"product:retailer_item_id\" content=\"Bw+p\" \/>\n<meta property=\"product:condition\" content=\"new\" \/>\n<!-- \/ Yoast SEO Premium plugin. -->","yoast_head_json":{"title":"Wasser-Zierzwiebel f\u00fcr den Garten - Eliassen.de","description":"Wasser-Ornamentzwiebel f\u00fcr den Garten. Ein wundersch\u00f6nes, kugelf\u00f6rmiges Wasserornament, das mit einer LED-Lampe erh\u00e4ltlich ist, die jede Farbe wiedergeben kann.","robots":{"index":"index","follow":"follow","max-snippet":"max-snippet:-1","max-image-preview":"max-image-preview:large","max-video-preview":"max-video-preview:-1"},"canonical":"https:\/\/www.eliassen.nl\/de\/wasser-eigenschaft-wasser-kugel\/","og_locale":"de_DE","og_type":"article","og_title":"Creastone Wasserornament Kugel Wasser 60cm - Eliassen.nl","og_description":"Wasser-Ornamentzwiebel f\u00fcr den Garten. Ein wundersch\u00f6nes, kugelf\u00f6rmiges Wasserornament, das mit einer LED-Lampe erh\u00e4ltlich ist, die jede Farbe wiedergeben kann.","og_url":"https:\/\/www.eliassen.nl\/de\/wasser-eigenschaft-wasser-kugel\/","og_site_name":"Eliassen.nl","article_publisher":"https:\/\/www.facebook.com\/TuincentrumEliassenAmmerzoden","article_modified_time":"2026-03-12T14:35:02+00:00","og_image":[{"width":1024,"height":537,"url":"https:\/\/www.eliassen.nl\/wp-content\/uploads\/2024\/01\/facebook.jpg","type":"image\/jpeg"}],"twitter_card":"summary_large_image","schema":{"@context":"https:\/\/schema.org","@graph":[{"@type":"WebPage","@id":"https:\/\/www.eliassen.nl\/de\/wasser-eigenschaft-wasser-kugel\/","url":"https:\/\/www.eliassen.nl\/de\/wasser-eigenschaft-wasser-kugel\/","name":"Wasser-Zierzwiebel f\u00fcr den Garten - Eliassen.de","isPartOf":{"@id":"https:\/\/www.eliassen.nl\/de\/#website"},"primaryImageOfPage":{"@id":"https:\/\/www.eliassen.nl\/de\/wasser-eigenschaft-wasser-kugel\/#primaryimage"},"image":{"@id":"https:\/\/www.eliassen.nl\/de\/wasser-eigenschaft-wasser-kugel\/#primaryimage"},"thumbnailUrl":"https:\/\/www.eliassen.nl\/wp-content\/uploads\/2024\/01\/facebook.jpg","datePublished":"2019-10-28T16:21:49+00:00","dateModified":"2026-03-12T14:35:02+00:00","description":"Wasser-Ornamentzwiebel f\u00fcr den Garten. Ein wundersch\u00f6nes, kugelf\u00f6rmiges Wasserornament, das mit einer LED-Lampe erh\u00e4ltlich ist, die jede Farbe wiedergeben kann.","breadcrumb":{"@id":"https:\/\/www.eliassen.nl\/de\/wasser-eigenschaft-wasser-kugel\/#breadcrumb"},"inLanguage":"de","potentialAction":[{"@type":"ReadAction","target":["https:\/\/www.eliassen.nl\/de\/wasser-eigenschaft-wasser-kugel\/"]}]},{"@type":"ImageObject","inLanguage":"de","@id":"https:\/\/www.eliassen.nl\/de\/wasser-eigenschaft-wasser-kugel\/#primaryimage","url":"https:\/\/www.eliassen.nl\/wp-content\/uploads\/2024\/01\/facebook.jpg","contentUrl":"https:\/\/www.eliassen.nl\/wp-content\/uploads\/2024\/01\/facebook.jpg","width":1024,"height":537,"caption":"facebook"},{"@type":"BreadcrumbList","@id":"https:\/\/www.eliassen.nl\/de\/wasser-eigenschaft-wasser-kugel\/#breadcrumb","itemListElement":[{"@type":"ListItem","position":1,"name":"Home","item":"https:\/\/www.eliassen.nl\/de\/"},{"@type":"ListItem","position":2,"name":"Shop","item":"https:\/\/www.eliassen.nl\/de\/shop\/"},{"@type":"ListItem","position":3,"name":"Wasserspiele","item":"https:\/\/www.eliassen.nl\/de\/wassereigenschaften\/"},{"@type":"ListItem","position":4,"name":"Terrassenbrunnen","item":"https:\/\/www.eliassen.nl\/de\/wassereigenschaften\/terrassenbrunnen\/"},{"@type":"ListItem","position":5,"name":"Wasserornament Kugel Wasser 60cm"}]},{"@type":"WebSite","@id":"https:\/\/www.eliassen.nl\/de\/#website","url":"https:\/\/www.eliassen.nl\/de\/","name":"Eliassen Home & Garden Pleasure","description":"","publisher":{"@id":"https:\/\/www.eliassen.nl\/de\/#organization"},"alternateName":"Eliassen.nl","potentialAction":[{"@type":"SearchAction","target":{"@type":"EntryPoint","urlTemplate":"https:\/\/www.eliassen.nl\/de\/?s={search_term_string}"},"query-input":{"@type":"PropertyValueSpecification","valueRequired":true,"valueName":"search_term_string"}}],"inLanguage":"de"},{"@type":["Organization","Place"],"@id":"https:\/\/www.eliassen.nl\/de\/#organization","name":"Eliassen Home & Garden Pleasure","url":"https:\/\/www.eliassen.nl\/de\/","logo":{"@id":"https:\/\/www.eliassen.nl\/de\/wasser-eigenschaft-wasser-kugel\/#local-main-organization-logo"},"image":{"@id":"https:\/\/www.eliassen.nl\/de\/wasser-eigenschaft-wasser-kugel\/#local-main-organization-logo"},"sameAs":["https:\/\/www.facebook.com\/TuincentrumEliassenAmmerzoden","https:\/\/www.instagram.com\/eliassenhomeandgarden\/","https:\/\/nl.pinterest.com\/eliassenhomeandgarden\/","https:\/\/www.youtube.com\/@eliassenhomegardenpleasure4558"],"telephone":[],"openingHoursSpecification":[{"@type":"OpeningHoursSpecification","dayOfWeek":["Monday","Tuesday","Wednesday","Thursday","Friday","Saturday","Sunday"],"opens":"09:00","closes":"17:00"}]},{"@type":"ImageObject","inLanguage":"de","@id":"https:\/\/www.eliassen.nl\/de\/wasser-eigenschaft-wasser-kugel\/#local-main-organization-logo","url":"https:\/\/www.eliassen.nl\/wp-content\/uploads\/2024\/01\/logo_4nd.jpg","contentUrl":"https:\/\/www.eliassen.nl\/wp-content\/uploads\/2024\/01\/logo_4nd.jpg","width":500,"height":500,"caption":"Eliassen Home & Garden Pleasure"}]},"product_price_amount":"500.00","product_price_currency":"EUR","og_availability":"instock","product_availability":"instock","product_retailer_item_id":"Bw+p","product_condition":"new"},"df_price":500,"df_sale_price":500,"df_regular_price":692,"df_image_link":"https:\/\/www.eliassen.nl\/wp-content\/uploads\/2024\/01\/facebook.jpg","image":"https:\/\/www.eliassen.nl\/wp-content\/uploads\/2024\/01\/facebook.jpg","price_search":"<span class=\"woocommerce-Price-amount amount\"><bdi><span class=\"woocommerce-Price-currencySymbol\">&euro;<\/span>&nbsp;500,00<\/bdi><\/span>","category":"Terrassenbrunnen","global_unique_id":"7438245758753","_links":{"self":[{"href":"https:\/\/www.eliassen.nl\/de\/wp-json\/wp\/v2\/product\/128211","targetHints":{"allow":["GET"]}}],"collection":[{"href":"https:\/\/www.eliassen.nl\/de\/wp-json\/wp\/v2\/product"}],"about":[{"href":"https:\/\/www.eliassen.nl\/de\/wp-json\/wp\/v2\/types\/product"}],"wp:featuredmedia":[{"embeddable":true,"href":"https:\/\/www.eliassen.nl\/de\/wp-json\/wp\/v2\/media\/8182"}],"wp:attachment":[{"href":"https:\/\/www.eliassen.nl\/de\/wp-json\/wp\/v2\/media?parent=128211"}],"wp:term":[{"taxonomy":"product_brand","embeddable":true,"href":"https:\/\/www.eliassen.nl\/de\/wp-json\/wp\/v2\/product_brand?post=128211"},{"taxonomy":"product_cat","embeddable":true,"href":"https:\/\/www.eliassen.nl\/de\/wp-json\/wp\/v2\/product_cat?post=128211"},{"taxonomy":"product_tag","embeddable":true,"href":"https:\/\/www.eliassen.nl\/de\/wp-json\/wp\/v2\/product_tag?post=128211"}],"curies":[{"name":"wp","href":"https:\/\/api.w.org\/{rel}","templated":true}]}}