{"id":128195,"date":"2019-10-28T16:21:35","date_gmt":"2019-10-28T16:21:35","guid":{"rendered":"https:\/\/www.eliassen.nl\/?product=eliassen-kei-wasserkugel-original-in-5-groessen"},"modified":"2026-03-27T09:58:31","modified_gmt":"2026-03-27T08:58:31","slug":"kei-wasserball-original-in-5-grossen","status":"publish","type":"product","link":"https:\/\/www.eliassen.nl\/de\/kei-wasserball-original-in-5-grossen\/","title":{"rendered":"Kei Wasserkugel Original in 5 Gr\u00f6\u00dfen"},"content":{"rendered":"<p><img decoding=\"async\" src=\"https:\/\/www.eliassen.nl\/wp-content\/uploads\/2025\/12\/afbeelding1.png\" alt=\"\" width=\"400\" height=\"187\"><\/p>\n<p><strong>Die Komplettsets enthalten alles, was Sie brauchen, um das Element in Betrieb zu nehmen. Die Sets enthalten keine Abdecksteine und Spotbeleuchtung!<\/strong><\/p>\n<p><strong>Oben sehen Sie, wie viele Dekosteine wir pro Gl\u00fchbirnengr\u00f6\u00dfe empfehlen. Sie finden diese <span style=\"color: #0000ff;\"><a style=\"color: #0000ff;\" href=\"https:\/\/www.eliassen.nl\/nl\/tuin-overig\/sierstenen\/\">hier finden<\/a>  <\/span>finden.<\/strong><br \/>\n<strong>Spots zum Beleuchten der Gl\u00fchbirne sehen Sie <span style=\"color: #0000ff;\"><a style=\"color: #0000ff;\" href=\"https:\/\/www.eliassen.nl\/nl\/waterornamenten\/onderdelen-waterornamenten\/\">hier<\/a><\/span>.<\/strong><\/p>\n<p>Sehen Sie sich diese sch\u00f6ne Boulder-Wasserkugel an, die in 5 Gr\u00f6\u00dfen erh\u00e4ltlich ist. Gestalten Sie Ihren Garten exklusiv und unverwechselbar mit diesen Wasserkugeln aus wasserfestem Steinguss, mit Durchmessern von 35, 50, 63, 80 oder sogar 100 cm. Vollst\u00e4ndig mit <span style=\"text-decoration: underline;\">ganzen<\/span>Flussbl\u00f6cken eingelegt, sehr exklusiv und arbeitsintensiv in der Herstellung. Da diese Gl\u00fchbirnen nicht maschinell, sondern von Hand gefertigt werden, sind bei diesen Gl\u00fchbirnen immer Unebenheiten zu finden. Erzeugt einen sch\u00f6nen kr\u00e4uselnden Klang und ein sehr sch\u00f6nes Funkeln, besonders im Dunkeln, wenn ein Scheinwerfer darauf gerichtet ist.<\/p>\n<p><strong>Besuchen Sie unseren Ausstellungsraum und bewundern Sie viele Modelle live!!!<\/strong><\/p>\n<p>Versch\u00f6nern Sie Ihr sch\u00f6nes Garteninterieur mit einem Wasserornament. Dieser sch\u00f6ne Springbrunnen in Form einer Kugel wurde in Handarbeit aus zahlreichen Felsbl\u00f6cken gefertigt, um diesen sch\u00f6nen und besonderen Effekt zu erzielen. Der Keibol hat eine helle Farbe, aber wenn er feucht ist, erscheint er in einer dunkleren Farbe. Sehen Sie sich das Video unten an, um sich von der au\u00dfergew\u00f6hnlichen Wirkung zu \u00fcberzeugen.<\/p>\n<p>Haben Sie eine Frage zu diesem Produkt? Wenn ja, k\u00f6nnen Sie uns gerne kontaktieren.<\/p>\n<ul>\n<li>100% handgefertigt<\/li>\n<li>Verwendung von ganzen Flusskieseln<\/li>\n<li>100% frostbest\u00e4ndig<\/li>\n<li>Material: Beton mit Flusskieseln<\/li>\n<li>Sehen Sie live mit uns<\/li>\n<li>Es handelt sich um ein loses Ornament. Erkundigen Sie sich nach den anderen ben\u00f6tigten Teilen.<br \/>\n<video controls=\"controls\" width=\"500\" height=\"250\"><br \/>\n<\/video><\/li>\n<\/ul>\n","protected":false},"excerpt":{"rendered":"<p><strong>Es handelt sich um ein loses Ornament. Angeh\u00e4ngtes Angebot ansehen<\/strong><\/p>\n","protected":false},"featured_media":8128,"template":"","meta":{"_acf_changed":false,"_genesis_title":"","_genesis_description":""},"product_brand":[6916],"product_cat":[539,551,569,536],"product_tag":[],"class_list":{"0":"post-128195","1":"product","2":"type-product","3":"status-publish","4":"has-post-thumbnail","6":"product_brand-eliassen-de","7":"product_cat-einzigartige-eigene-modelle-von-losen-wasserspiele","8":"product_cat-lose-wasserspiele","9":"product_cat-wasserbaelle","10":"product_cat-wassereigenschaften","12":"first","13":"instock","14":"taxable","15":"shipping-taxable","16":"purchasable","17":"product-type-variable"},"acf":[],"meta_all":{"wcml_sync_hash":{"postmeta_fields":"cfa6f4599fb1c2cc71c92ca1a42a793e"},"attr_label_translations":[],"searchwp_related":"kei wasserball original gr\u00f6\u00dfen grosen kei-wasserball in 5","cor_restricted_countries":[],"total_sales":"33"},"meta_all_flat":{"wcml_sync_hash.postmeta_fields":"cfa6f4599fb1c2cc71c92ca1a42a793e","searchwp_related":"kei wasserball original gr\u00f6\u00dfen grosen kei-wasserball in 5","total_sales":"33"},"yoast_head":"<!-- This site is optimized with the Yoast SEO Premium plugin v26.2 (Yoast SEO v27.2) - https:\/\/yoast.com\/product\/yoast-seo-premium-wordpress\/ -->\n<title>Betonbrocken Wasserkugel Original in 5 Gr\u00f6\u00dfen f\u00fcr den Garten<\/title>\n<meta name=\"description\" content=\"Die Boulder Wasserkugel ist in 5 Gr\u00f6\u00dfen erh\u00e4ltlich, so dass Sie zwischen kleinen und gro\u00dfen Wasserkugeln w\u00e4hlen k\u00f6nnen. Hergestellt aus Beton. Sehr exklusiv. Auch LIVE in unserem Shop\" \/>\n<meta name=\"robots\" content=\"index, follow, max-snippet:-1, max-image-preview:large, max-video-preview:-1\" \/>\n<link rel=\"canonical\" href=\"https:\/\/www.eliassen.nl\/de\/kei-wasserball-original-in-5-grossen\/\" \/>\n<meta property=\"og:locale\" content=\"de_DE\" \/>\n<meta property=\"og:type\" content=\"article\" \/>\n<meta property=\"og:title\" content=\"Eliassen Kei Wasserkugel Original in 5 Gr\u00f6\u00dfen - Eliassen.nl\" \/>\n<meta property=\"og:description\" content=\"Die Boulder Wasserkugel ist in 5 Gr\u00f6\u00dfen erh\u00e4ltlich, so dass Sie zwischen kleinen und gro\u00dfen Wasserkugeln w\u00e4hlen k\u00f6nnen. Hergestellt aus Beton. Sehr exklusiv. Auch LIVE in unserem Shop\" \/>\n<meta property=\"og:url\" content=\"https:\/\/www.eliassen.nl\/de\/kei-wasserball-original-in-5-grossen\/\" \/>\n<meta property=\"og:site_name\" content=\"Eliassen.nl\" \/>\n<meta property=\"article:publisher\" content=\"https:\/\/www.facebook.com\/TuincentrumEliassenAmmerzoden\" \/>\n<meta property=\"article:modified_time\" content=\"2026-03-27T08:58:31+00:00\" \/>\n<meta property=\"og:image\" content=\"https:\/\/www.eliassen.nl\/wp-content\/uploads\/2024\/01\/keiwaterboloriginalin5mateneliassennl.jpg\" \/>\n\t<meta property=\"og:image:width\" content=\"1024\" \/>\n\t<meta property=\"og:image:height\" content=\"576\" \/>\n\t<meta property=\"og:image:type\" content=\"image\/jpeg\" \/>\n<meta name=\"twitter:card\" content=\"summary_large_image\" \/>\n<script type=\"application\/ld+json\" class=\"yoast-schema-graph\">{\"@context\":\"https:\/\/schema.org\",\"@graph\":[{\"@type\":\"WebPage\",\"@id\":\"https:\/\/www.eliassen.nl\/de\/kei-wasserball-original-in-5-grossen\/\",\"url\":\"https:\/\/www.eliassen.nl\/de\/kei-wasserball-original-in-5-grossen\/\",\"name\":\"Betonbrocken Wasserkugel Original in 5 Gr\u00f6\u00dfen f\u00fcr den Garten\",\"isPartOf\":{\"@id\":\"https:\/\/www.eliassen.nl\/de\/#website\"},\"primaryImageOfPage\":{\"@id\":\"https:\/\/www.eliassen.nl\/de\/kei-wasserball-original-in-5-grossen\/#primaryimage\"},\"image\":{\"@id\":\"https:\/\/www.eliassen.nl\/de\/kei-wasserball-original-in-5-grossen\/#primaryimage\"},\"thumbnailUrl\":\"https:\/\/www.eliassen.nl\/wp-content\/uploads\/2024\/01\/keiwaterboloriginalin5mateneliassennl.jpg\",\"datePublished\":\"2019-10-28T16:21:35+00:00\",\"dateModified\":\"2026-03-27T08:58:31+00:00\",\"description\":\"Die Boulder Wasserkugel ist in 5 Gr\u00f6\u00dfen erh\u00e4ltlich, so dass Sie zwischen kleinen und gro\u00dfen Wasserkugeln w\u00e4hlen k\u00f6nnen. Hergestellt aus Beton. Sehr exklusiv. Auch LIVE in unserem Shop\",\"breadcrumb\":{\"@id\":\"https:\/\/www.eliassen.nl\/de\/kei-wasserball-original-in-5-grossen\/#breadcrumb\"},\"inLanguage\":\"de\",\"potentialAction\":[{\"@type\":\"ReadAction\",\"target\":[\"https:\/\/www.eliassen.nl\/de\/kei-wasserball-original-in-5-grossen\/\"]}]},{\"@type\":\"ImageObject\",\"inLanguage\":\"de\",\"@id\":\"https:\/\/www.eliassen.nl\/de\/kei-wasserball-original-in-5-grossen\/#primaryimage\",\"url\":\"https:\/\/www.eliassen.nl\/wp-content\/uploads\/2024\/01\/keiwaterboloriginalin5mateneliassennl.jpg\",\"contentUrl\":\"https:\/\/www.eliassen.nl\/wp-content\/uploads\/2024\/01\/keiwaterboloriginalin5mateneliassennl.jpg\",\"width\":1024,\"height\":576,\"caption\":\"Kei Wasserkugel Original in 5 Gr\u00f6\u00dfen - Eliassen.nl\"},{\"@type\":\"BreadcrumbList\",\"@id\":\"https:\/\/www.eliassen.nl\/de\/kei-wasserball-original-in-5-grossen\/#breadcrumb\",\"itemListElement\":[{\"@type\":\"ListItem\",\"position\":1,\"name\":\"Home\",\"item\":\"https:\/\/www.eliassen.nl\/de\/\"},{\"@type\":\"ListItem\",\"position\":2,\"name\":\"Shop\",\"item\":\"https:\/\/www.eliassen.nl\/de\/shop\/\"},{\"@type\":\"ListItem\",\"position\":3,\"name\":\"Wasserspiele\",\"item\":\"https:\/\/www.eliassen.nl\/de\/wassereigenschaften\/\"},{\"@type\":\"ListItem\",\"position\":4,\"name\":\"Einzigartige eigene Modelle von losen Wasserspielen\",\"item\":\"https:\/\/www.eliassen.nl\/de\/wassereigenschaften\/einzigartige-eigene-modelle-von-losen-wasserspiele\/\"},{\"@type\":\"ListItem\",\"position\":5,\"name\":\"Kei Wasserkugel Original in 5 Gr\u00f6\u00dfen\"}]},{\"@type\":\"WebSite\",\"@id\":\"https:\/\/www.eliassen.nl\/de\/#website\",\"url\":\"https:\/\/www.eliassen.nl\/de\/\",\"name\":\"Eliassen Home & Garden Pleasure\",\"description\":\"\",\"publisher\":{\"@id\":\"https:\/\/www.eliassen.nl\/de\/#organization\"},\"alternateName\":\"Eliassen.nl\",\"potentialAction\":[{\"@type\":\"SearchAction\",\"target\":{\"@type\":\"EntryPoint\",\"urlTemplate\":\"https:\/\/www.eliassen.nl\/de\/?s={search_term_string}\"},\"query-input\":{\"@type\":\"PropertyValueSpecification\",\"valueRequired\":true,\"valueName\":\"search_term_string\"}}],\"inLanguage\":\"de\"},{\"@type\":[\"Organization\",\"Place\"],\"@id\":\"https:\/\/www.eliassen.nl\/de\/#organization\",\"name\":\"Eliassen Home & Garden Pleasure\",\"url\":\"https:\/\/www.eliassen.nl\/de\/\",\"logo\":{\"@id\":\"https:\/\/www.eliassen.nl\/de\/kei-wasserball-original-in-5-grossen\/#local-main-organization-logo\"},\"image\":{\"@id\":\"https:\/\/www.eliassen.nl\/de\/kei-wasserball-original-in-5-grossen\/#local-main-organization-logo\"},\"sameAs\":[\"https:\/\/www.facebook.com\/TuincentrumEliassenAmmerzoden\",\"https:\/\/www.instagram.com\/eliassenhomeandgarden\/\",\"https:\/\/nl.pinterest.com\/eliassenhomeandgarden\/\",\"https:\/\/www.youtube.com\/@eliassenhomegardenpleasure4558\"],\"telephone\":[],\"openingHoursSpecification\":[{\"@type\":\"OpeningHoursSpecification\",\"dayOfWeek\":[\"Monday\",\"Tuesday\",\"Wednesday\",\"Thursday\",\"Friday\",\"Saturday\",\"Sunday\"],\"opens\":\"09:00\",\"closes\":\"17:00\"}]},{\"@type\":\"ImageObject\",\"inLanguage\":\"de\",\"@id\":\"https:\/\/www.eliassen.nl\/de\/kei-wasserball-original-in-5-grossen\/#local-main-organization-logo\",\"url\":\"https:\/\/www.eliassen.nl\/wp-content\/uploads\/2024\/01\/logo_4nd.jpg\",\"contentUrl\":\"https:\/\/www.eliassen.nl\/wp-content\/uploads\/2024\/01\/logo_4nd.jpg\",\"width\":500,\"height\":500,\"caption\":\"Eliassen Home & Garden Pleasure\"}]}<\/script>\n<meta property=\"og:availability\" content=\"instock\" \/>\n<meta property=\"product:availability\" content=\"instock\" \/>\n<meta property=\"product:retailer_item_id\" content=\"Keibol50\" \/>\n<meta property=\"product:condition\" content=\"new\" \/>\n<!-- \/ Yoast SEO Premium plugin. -->","yoast_head_json":{"title":"Betonbrocken Wasserkugel Original in 5 Gr\u00f6\u00dfen f\u00fcr den Garten","description":"Die Boulder Wasserkugel ist in 5 Gr\u00f6\u00dfen erh\u00e4ltlich, so dass Sie zwischen kleinen und gro\u00dfen Wasserkugeln w\u00e4hlen k\u00f6nnen. Hergestellt aus Beton. Sehr exklusiv. Auch LIVE in unserem Shop","robots":{"index":"index","follow":"follow","max-snippet":"max-snippet:-1","max-image-preview":"max-image-preview:large","max-video-preview":"max-video-preview:-1"},"canonical":"https:\/\/www.eliassen.nl\/de\/kei-wasserball-original-in-5-grossen\/","og_locale":"de_DE","og_type":"article","og_title":"Eliassen Kei Wasserkugel Original in 5 Gr\u00f6\u00dfen - Eliassen.nl","og_description":"Die Boulder Wasserkugel ist in 5 Gr\u00f6\u00dfen erh\u00e4ltlich, so dass Sie zwischen kleinen und gro\u00dfen Wasserkugeln w\u00e4hlen k\u00f6nnen. Hergestellt aus Beton. Sehr exklusiv. Auch LIVE in unserem Shop","og_url":"https:\/\/www.eliassen.nl\/de\/kei-wasserball-original-in-5-grossen\/","og_site_name":"Eliassen.nl","article_publisher":"https:\/\/www.facebook.com\/TuincentrumEliassenAmmerzoden","article_modified_time":"2026-03-27T08:58:31+00:00","og_image":[{"width":1024,"height":576,"url":"https:\/\/www.eliassen.nl\/wp-content\/uploads\/2024\/01\/keiwaterboloriginalin5mateneliassennl.jpg","type":"image\/jpeg"}],"twitter_card":"summary_large_image","schema":{"@context":"https:\/\/schema.org","@graph":[{"@type":"WebPage","@id":"https:\/\/www.eliassen.nl\/de\/kei-wasserball-original-in-5-grossen\/","url":"https:\/\/www.eliassen.nl\/de\/kei-wasserball-original-in-5-grossen\/","name":"Betonbrocken Wasserkugel Original in 5 Gr\u00f6\u00dfen f\u00fcr den Garten","isPartOf":{"@id":"https:\/\/www.eliassen.nl\/de\/#website"},"primaryImageOfPage":{"@id":"https:\/\/www.eliassen.nl\/de\/kei-wasserball-original-in-5-grossen\/#primaryimage"},"image":{"@id":"https:\/\/www.eliassen.nl\/de\/kei-wasserball-original-in-5-grossen\/#primaryimage"},"thumbnailUrl":"https:\/\/www.eliassen.nl\/wp-content\/uploads\/2024\/01\/keiwaterboloriginalin5mateneliassennl.jpg","datePublished":"2019-10-28T16:21:35+00:00","dateModified":"2026-03-27T08:58:31+00:00","description":"Die Boulder Wasserkugel ist in 5 Gr\u00f6\u00dfen erh\u00e4ltlich, so dass Sie zwischen kleinen und gro\u00dfen Wasserkugeln w\u00e4hlen k\u00f6nnen. Hergestellt aus Beton. Sehr exklusiv. Auch LIVE in unserem Shop","breadcrumb":{"@id":"https:\/\/www.eliassen.nl\/de\/kei-wasserball-original-in-5-grossen\/#breadcrumb"},"inLanguage":"de","potentialAction":[{"@type":"ReadAction","target":["https:\/\/www.eliassen.nl\/de\/kei-wasserball-original-in-5-grossen\/"]}]},{"@type":"ImageObject","inLanguage":"de","@id":"https:\/\/www.eliassen.nl\/de\/kei-wasserball-original-in-5-grossen\/#primaryimage","url":"https:\/\/www.eliassen.nl\/wp-content\/uploads\/2024\/01\/keiwaterboloriginalin5mateneliassennl.jpg","contentUrl":"https:\/\/www.eliassen.nl\/wp-content\/uploads\/2024\/01\/keiwaterboloriginalin5mateneliassennl.jpg","width":1024,"height":576,"caption":"Kei Wasserkugel Original in 5 Gr\u00f6\u00dfen - Eliassen.nl"},{"@type":"BreadcrumbList","@id":"https:\/\/www.eliassen.nl\/de\/kei-wasserball-original-in-5-grossen\/#breadcrumb","itemListElement":[{"@type":"ListItem","position":1,"name":"Home","item":"https:\/\/www.eliassen.nl\/de\/"},{"@type":"ListItem","position":2,"name":"Shop","item":"https:\/\/www.eliassen.nl\/de\/shop\/"},{"@type":"ListItem","position":3,"name":"Wasserspiele","item":"https:\/\/www.eliassen.nl\/de\/wassereigenschaften\/"},{"@type":"ListItem","position":4,"name":"Einzigartige eigene Modelle von losen Wasserspielen","item":"https:\/\/www.eliassen.nl\/de\/wassereigenschaften\/einzigartige-eigene-modelle-von-losen-wasserspiele\/"},{"@type":"ListItem","position":5,"name":"Kei Wasserkugel Original in 5 Gr\u00f6\u00dfen"}]},{"@type":"WebSite","@id":"https:\/\/www.eliassen.nl\/de\/#website","url":"https:\/\/www.eliassen.nl\/de\/","name":"Eliassen Home & Garden Pleasure","description":"","publisher":{"@id":"https:\/\/www.eliassen.nl\/de\/#organization"},"alternateName":"Eliassen.nl","potentialAction":[{"@type":"SearchAction","target":{"@type":"EntryPoint","urlTemplate":"https:\/\/www.eliassen.nl\/de\/?s={search_term_string}"},"query-input":{"@type":"PropertyValueSpecification","valueRequired":true,"valueName":"search_term_string"}}],"inLanguage":"de"},{"@type":["Organization","Place"],"@id":"https:\/\/www.eliassen.nl\/de\/#organization","name":"Eliassen Home & Garden Pleasure","url":"https:\/\/www.eliassen.nl\/de\/","logo":{"@id":"https:\/\/www.eliassen.nl\/de\/kei-wasserball-original-in-5-grossen\/#local-main-organization-logo"},"image":{"@id":"https:\/\/www.eliassen.nl\/de\/kei-wasserball-original-in-5-grossen\/#local-main-organization-logo"},"sameAs":["https:\/\/www.facebook.com\/TuincentrumEliassenAmmerzoden","https:\/\/www.instagram.com\/eliassenhomeandgarden\/","https:\/\/nl.pinterest.com\/eliassenhomeandgarden\/","https:\/\/www.youtube.com\/@eliassenhomegardenpleasure4558"],"telephone":[],"openingHoursSpecification":[{"@type":"OpeningHoursSpecification","dayOfWeek":["Monday","Tuesday","Wednesday","Thursday","Friday","Saturday","Sunday"],"opens":"09:00","closes":"17:00"}]},{"@type":"ImageObject","inLanguage":"de","@id":"https:\/\/www.eliassen.nl\/de\/kei-wasserball-original-in-5-grossen\/#local-main-organization-logo","url":"https:\/\/www.eliassen.nl\/wp-content\/uploads\/2024\/01\/logo_4nd.jpg","contentUrl":"https:\/\/www.eliassen.nl\/wp-content\/uploads\/2024\/01\/logo_4nd.jpg","width":500,"height":500,"caption":"Eliassen Home & Garden Pleasure"}]},"og_availability":"instock","product_availability":"instock","product_retailer_item_id":"Keibol50","product_condition":"new"},"df_price":179,"df_sale_price":"","df_regular_price":179,"df_image_link":"https:\/\/www.eliassen.nl\/wp-content\/uploads\/2024\/01\/keiwaterboloriginalin5mateneliassennl.jpg","image":"https:\/\/www.eliassen.nl\/wp-content\/uploads\/2024\/01\/keiwaterboloriginalin5mateneliassennl.jpg","price_search":"<span class=\"woocommerce-Price-amount amount\"><bdi><span class=\"woocommerce-Price-currencySymbol\">&euro;<\/span>&nbsp;179,00<\/bdi><\/span>","category":"Einzigartige eigene Modelle von losen Wasserspielen","global_unique_id":"7438235632643","_links":{"self":[{"href":"https:\/\/www.eliassen.nl\/de\/wp-json\/wp\/v2\/product\/128195","targetHints":{"allow":["GET"]}}],"collection":[{"href":"https:\/\/www.eliassen.nl\/de\/wp-json\/wp\/v2\/product"}],"about":[{"href":"https:\/\/www.eliassen.nl\/de\/wp-json\/wp\/v2\/types\/product"}],"wp:featuredmedia":[{"embeddable":true,"href":"https:\/\/www.eliassen.nl\/de\/wp-json\/wp\/v2\/media\/8128"}],"wp:attachment":[{"href":"https:\/\/www.eliassen.nl\/de\/wp-json\/wp\/v2\/media?parent=128195"}],"wp:term":[{"taxonomy":"product_brand","embeddable":true,"href":"https:\/\/www.eliassen.nl\/de\/wp-json\/wp\/v2\/product_brand?post=128195"},{"taxonomy":"product_cat","embeddable":true,"href":"https:\/\/www.eliassen.nl\/de\/wp-json\/wp\/v2\/product_cat?post=128195"},{"taxonomy":"product_tag","embeddable":true,"href":"https:\/\/www.eliassen.nl\/de\/wp-json\/wp\/v2\/product_tag?post=128195"}],"curies":[{"name":"wp","href":"https:\/\/api.w.org\/{rel}","templated":true}]}}