{"id":127982,"date":"2019-10-28T16:18:19","date_gmt":"2019-10-28T16:18:19","guid":{"rendered":"https:\/\/www.eliassen.nl\/?product=bild-boeddahoofd-grosse-vielzahl-von-groessen"},"modified":"2026-02-23T09:05:58","modified_gmt":"2026-02-23T08:05:58","slug":"statue-buddha-kopf-gross-verschiedene-grossen","status":"publish","type":"product","link":"https:\/\/www.eliassen.nl\/de\/statue-buddha-kopf-gross-verschiedene-grossen\/","title":{"rendered":"Statue Buddha Kopf gro\u00df verschiedene Gr\u00f6\u00dfen"},"content":{"rendered":"<p><strong>Dieses Modell gibt es jetzt auch in Rostbraun!<\/strong><\/p>\n<p>Verleihen Sie Ihrem Haus, Ihrem Gesch\u00e4ft oder Ihrem Garten mit diesem sehr sch\u00f6n geformten Buddhakopf einen komplett orientalischen Touch. Hergestellt aus hochwertigem Kunststein mit hohem Zementanteil. Sch\u00f6n detailliert. In bis zu f\u00fcnf Gr\u00f6\u00dfen. Die Farbe kann vom Foto abweichen. Die Lieferzeit kann bis zu 1 Woche betragen.<br \/>\n<strong><span style=\"color: #ff0000;\"><span style=\"color: #ff0000;\">Klicken Sie hier oben auf Ihre richtige Gr\u00f6\u00dfe.<\/span><\/span><\/strong><\/p>\n<ul>\n<li>H\u00f6he: 50, 75, 100, 125 oder 150 cm<\/li>\n<li>Opp-Gr\u00f6\u00dfe: 50 x 50, 75 x 72, 80 x 82 oder 100 x 100cm<\/li>\n<li>Hochwertiger Kunststein<\/li>\n<li>Handgemacht<\/li>\n<li>Schnelle Lieferung<\/li>\n<li><strong>praktisch alles aus dieser Serie auch in unserem Shop erh\u00e4ltlich<\/strong><\/li>\n<\/ul>\n<p>&nbsp;<\/p>\n","protected":false},"excerpt":{"rendered":"<p>\u2713 50cm, 75cm, 100cm, 125cm oder 150cm hoch \u2713 Hochwertiger Kunststein<\/p>\n","protected":false},"featured_media":7600,"template":"","meta":{"_acf_changed":false,"_genesis_title":"","_genesis_description":""},"product_brand":[7505],"product_cat":[677,680,7239],"product_tag":[],"class_list":{"0":"post-127982","1":"product","2":"type-product","3":"status-publish","4":"has-post-thumbnail","6":"product_brand-sonstige","7":"product_cat-betonstatuen","8":"product_cat-buddha-statuen","9":"product_cat-bilder","11":"first","12":"instock","13":"taxable","14":"shipping-taxable","15":"purchasable","16":"product-type-variable"},"acf":[],"meta_all":{"total_sales":"2","wcml_sync_hash":{"postmeta_fields":"02284ff6ae13ab11b8b484de8867e61e"},"attr_label_translations":[],"cor_restricted_countries":[]},"meta_all_flat":{"total_sales":"2","wcml_sync_hash.postmeta_fields":"02284ff6ae13ab11b8b484de8867e61e"},"yoast_head":"<!-- This site is optimized with the Yoast SEO Premium plugin v26.2 (Yoast SEO v27.2) - https:\/\/yoast.com\/product\/yoast-seo-premium-wordpress\/ -->\n<title>Statue Buddha Kopf gro\u00df verschiedene Gr\u00f6\u00dfen<\/title>\n<meta name=\"description\" content=\"Buddhahead gro\u00df verschiedene Gr\u00f6\u00dfen\" \/>\n<meta name=\"robots\" content=\"index, follow, max-snippet:-1, max-image-preview:large, max-video-preview:-1\" \/>\n<link rel=\"canonical\" href=\"https:\/\/www.eliassen.nl\/de\/statue-buddha-kopf-gross-verschiedene-grossen\/\" \/>\n<meta property=\"og:locale\" content=\"de_DE\" \/>\n<meta property=\"og:type\" content=\"article\" \/>\n<meta property=\"og:title\" content=\"Sonstige Statue Buddha Kopf gro\u00df verschiedene Gr\u00f6\u00dfen - Eliassen.nl\" \/>\n<meta property=\"og:description\" content=\"Buddhahead gro\u00df verschiedene Gr\u00f6\u00dfen\" \/>\n<meta property=\"og:url\" content=\"https:\/\/www.eliassen.nl\/de\/statue-buddha-kopf-gross-verschiedene-grossen\/\" \/>\n<meta property=\"og:site_name\" content=\"Eliassen.nl\" \/>\n<meta property=\"article:publisher\" content=\"https:\/\/www.facebook.com\/TuincentrumEliassenAmmerzoden\" \/>\n<meta property=\"article:modified_time\" content=\"2026-02-23T08:05:58+00:00\" \/>\n<meta property=\"og:image\" content=\"https:\/\/www.eliassen.nl\/wp-content\/uploads\/2024\/01\/eliassenbeeldboeddahoofdgrootdiversematen1.png\" \/>\n\t<meta property=\"og:image:width\" content=\"750\" \/>\n\t<meta property=\"og:image:height\" content=\"1000\" \/>\n\t<meta property=\"og:image:type\" content=\"image\/png\" \/>\n<meta name=\"twitter:card\" content=\"summary_large_image\" \/>\n<script type=\"application\/ld+json\" class=\"yoast-schema-graph\">{\"@context\":\"https:\/\/schema.org\",\"@graph\":[{\"@type\":\"WebPage\",\"@id\":\"https:\/\/www.eliassen.nl\/de\/statue-buddha-kopf-gross-verschiedene-grossen\/\",\"url\":\"https:\/\/www.eliassen.nl\/de\/statue-buddha-kopf-gross-verschiedene-grossen\/\",\"name\":\"Statue Buddha Kopf gro\u00df verschiedene Gr\u00f6\u00dfen\",\"isPartOf\":{\"@id\":\"https:\/\/www.eliassen.nl\/de\/#website\"},\"primaryImageOfPage\":{\"@id\":\"https:\/\/www.eliassen.nl\/de\/statue-buddha-kopf-gross-verschiedene-grossen\/#primaryimage\"},\"image\":{\"@id\":\"https:\/\/www.eliassen.nl\/de\/statue-buddha-kopf-gross-verschiedene-grossen\/#primaryimage\"},\"thumbnailUrl\":\"https:\/\/www.eliassen.nl\/wp-content\/uploads\/2024\/01\/eliassenbeeldboeddahoofdgrootdiversematen1.png\",\"datePublished\":\"2019-10-28T16:18:19+00:00\",\"dateModified\":\"2026-02-23T08:05:58+00:00\",\"description\":\"Buddhahead gro\u00df verschiedene Gr\u00f6\u00dfen\",\"breadcrumb\":{\"@id\":\"https:\/\/www.eliassen.nl\/de\/statue-buddha-kopf-gross-verschiedene-grossen\/#breadcrumb\"},\"inLanguage\":\"de\",\"potentialAction\":[{\"@type\":\"ReadAction\",\"target\":[\"https:\/\/www.eliassen.nl\/de\/statue-buddha-kopf-gross-verschiedene-grossen\/\"]}]},{\"@type\":\"ImageObject\",\"inLanguage\":\"de\",\"@id\":\"https:\/\/www.eliassen.nl\/de\/statue-buddha-kopf-gross-verschiedene-grossen\/#primaryimage\",\"url\":\"https:\/\/www.eliassen.nl\/wp-content\/uploads\/2024\/01\/eliassenbeeldboeddahoofdgrootdiversematen1.png\",\"contentUrl\":\"https:\/\/www.eliassen.nl\/wp-content\/uploads\/2024\/01\/eliassenbeeldboeddahoofdgrootdiversematen1.png\",\"width\":750,\"height\":1000,\"caption\":\"Eliassen Statue Buddha Kopf gro\u00df verschiedene Gr\u00f6\u00dfen 1\"},{\"@type\":\"BreadcrumbList\",\"@id\":\"https:\/\/www.eliassen.nl\/de\/statue-buddha-kopf-gross-verschiedene-grossen\/#breadcrumb\",\"itemListElement\":[{\"@type\":\"ListItem\",\"position\":1,\"name\":\"Home\",\"item\":\"https:\/\/www.eliassen.nl\/de\/\"},{\"@type\":\"ListItem\",\"position\":2,\"name\":\"Shop\",\"item\":\"https:\/\/www.eliassen.nl\/de\/shop\/\"},{\"@type\":\"ListItem\",\"position\":3,\"name\":\"Bilder\",\"item\":\"https:\/\/www.eliassen.nl\/de\/bilder\/\"},{\"@type\":\"ListItem\",\"position\":4,\"name\":\"Betonstatuen\",\"item\":\"https:\/\/www.eliassen.nl\/de\/bilder\/betonstatuen\/\"},{\"@type\":\"ListItem\",\"position\":5,\"name\":\"Buddha-Statuen\",\"item\":\"https:\/\/www.eliassen.nl\/de\/bilder\/betonstatuen\/buddha-statuen\/\"},{\"@type\":\"ListItem\",\"position\":6,\"name\":\"Statue Buddha Kopf gro\u00df verschiedene Gr\u00f6\u00dfen\"}]},{\"@type\":\"WebSite\",\"@id\":\"https:\/\/www.eliassen.nl\/de\/#website\",\"url\":\"https:\/\/www.eliassen.nl\/de\/\",\"name\":\"Eliassen Home & Garden Pleasure\",\"description\":\"\",\"publisher\":{\"@id\":\"https:\/\/www.eliassen.nl\/de\/#organization\"},\"alternateName\":\"Eliassen.nl\",\"potentialAction\":[{\"@type\":\"SearchAction\",\"target\":{\"@type\":\"EntryPoint\",\"urlTemplate\":\"https:\/\/www.eliassen.nl\/de\/?s={search_term_string}\"},\"query-input\":{\"@type\":\"PropertyValueSpecification\",\"valueRequired\":true,\"valueName\":\"search_term_string\"}}],\"inLanguage\":\"de\"},{\"@type\":[\"Organization\",\"Place\"],\"@id\":\"https:\/\/www.eliassen.nl\/de\/#organization\",\"name\":\"Eliassen Home & Garden Pleasure\",\"url\":\"https:\/\/www.eliassen.nl\/de\/\",\"logo\":{\"@id\":\"https:\/\/www.eliassen.nl\/de\/statue-buddha-kopf-gross-verschiedene-grossen\/#local-main-organization-logo\"},\"image\":{\"@id\":\"https:\/\/www.eliassen.nl\/de\/statue-buddha-kopf-gross-verschiedene-grossen\/#local-main-organization-logo\"},\"sameAs\":[\"https:\/\/www.facebook.com\/TuincentrumEliassenAmmerzoden\",\"https:\/\/www.instagram.com\/eliassenhomeandgarden\/\",\"https:\/\/nl.pinterest.com\/eliassenhomeandgarden\/\",\"https:\/\/www.youtube.com\/@eliassenhomegardenpleasure4558\"],\"telephone\":[],\"openingHoursSpecification\":[{\"@type\":\"OpeningHoursSpecification\",\"dayOfWeek\":[\"Monday\",\"Tuesday\",\"Wednesday\",\"Thursday\",\"Friday\",\"Saturday\",\"Sunday\"],\"opens\":\"09:00\",\"closes\":\"17:00\"}]},{\"@type\":\"ImageObject\",\"inLanguage\":\"de\",\"@id\":\"https:\/\/www.eliassen.nl\/de\/statue-buddha-kopf-gross-verschiedene-grossen\/#local-main-organization-logo\",\"url\":\"https:\/\/www.eliassen.nl\/wp-content\/uploads\/2024\/01\/logo_4nd.jpg\",\"contentUrl\":\"https:\/\/www.eliassen.nl\/wp-content\/uploads\/2024\/01\/logo_4nd.jpg\",\"width\":500,\"height\":500,\"caption\":\"Eliassen Home & Garden Pleasure\"}]}<\/script>\n<meta property=\"og:availability\" content=\"instock\" \/>\n<meta property=\"product:availability\" content=\"instock\" \/>\n<meta property=\"product:retailer_item_id\" content=\"Brbh50\" \/>\n<meta property=\"product:condition\" content=\"new\" \/>\n<!-- \/ Yoast SEO Premium plugin. -->","yoast_head_json":{"title":"Statue Buddha Kopf gro\u00df verschiedene Gr\u00f6\u00dfen","description":"Buddhahead gro\u00df verschiedene Gr\u00f6\u00dfen","robots":{"index":"index","follow":"follow","max-snippet":"max-snippet:-1","max-image-preview":"max-image-preview:large","max-video-preview":"max-video-preview:-1"},"canonical":"https:\/\/www.eliassen.nl\/de\/statue-buddha-kopf-gross-verschiedene-grossen\/","og_locale":"de_DE","og_type":"article","og_title":"Sonstige Statue Buddha Kopf gro\u00df verschiedene Gr\u00f6\u00dfen - Eliassen.nl","og_description":"Buddhahead gro\u00df verschiedene Gr\u00f6\u00dfen","og_url":"https:\/\/www.eliassen.nl\/de\/statue-buddha-kopf-gross-verschiedene-grossen\/","og_site_name":"Eliassen.nl","article_publisher":"https:\/\/www.facebook.com\/TuincentrumEliassenAmmerzoden","article_modified_time":"2026-02-23T08:05:58+00:00","og_image":[{"width":750,"height":1000,"url":"https:\/\/www.eliassen.nl\/wp-content\/uploads\/2024\/01\/eliassenbeeldboeddahoofdgrootdiversematen1.png","type":"image\/png"}],"twitter_card":"summary_large_image","schema":{"@context":"https:\/\/schema.org","@graph":[{"@type":"WebPage","@id":"https:\/\/www.eliassen.nl\/de\/statue-buddha-kopf-gross-verschiedene-grossen\/","url":"https:\/\/www.eliassen.nl\/de\/statue-buddha-kopf-gross-verschiedene-grossen\/","name":"Statue Buddha Kopf gro\u00df verschiedene Gr\u00f6\u00dfen","isPartOf":{"@id":"https:\/\/www.eliassen.nl\/de\/#website"},"primaryImageOfPage":{"@id":"https:\/\/www.eliassen.nl\/de\/statue-buddha-kopf-gross-verschiedene-grossen\/#primaryimage"},"image":{"@id":"https:\/\/www.eliassen.nl\/de\/statue-buddha-kopf-gross-verschiedene-grossen\/#primaryimage"},"thumbnailUrl":"https:\/\/www.eliassen.nl\/wp-content\/uploads\/2024\/01\/eliassenbeeldboeddahoofdgrootdiversematen1.png","datePublished":"2019-10-28T16:18:19+00:00","dateModified":"2026-02-23T08:05:58+00:00","description":"Buddhahead gro\u00df verschiedene Gr\u00f6\u00dfen","breadcrumb":{"@id":"https:\/\/www.eliassen.nl\/de\/statue-buddha-kopf-gross-verschiedene-grossen\/#breadcrumb"},"inLanguage":"de","potentialAction":[{"@type":"ReadAction","target":["https:\/\/www.eliassen.nl\/de\/statue-buddha-kopf-gross-verschiedene-grossen\/"]}]},{"@type":"ImageObject","inLanguage":"de","@id":"https:\/\/www.eliassen.nl\/de\/statue-buddha-kopf-gross-verschiedene-grossen\/#primaryimage","url":"https:\/\/www.eliassen.nl\/wp-content\/uploads\/2024\/01\/eliassenbeeldboeddahoofdgrootdiversematen1.png","contentUrl":"https:\/\/www.eliassen.nl\/wp-content\/uploads\/2024\/01\/eliassenbeeldboeddahoofdgrootdiversematen1.png","width":750,"height":1000,"caption":"Eliassen Statue Buddha Kopf gro\u00df verschiedene Gr\u00f6\u00dfen 1"},{"@type":"BreadcrumbList","@id":"https:\/\/www.eliassen.nl\/de\/statue-buddha-kopf-gross-verschiedene-grossen\/#breadcrumb","itemListElement":[{"@type":"ListItem","position":1,"name":"Home","item":"https:\/\/www.eliassen.nl\/de\/"},{"@type":"ListItem","position":2,"name":"Shop","item":"https:\/\/www.eliassen.nl\/de\/shop\/"},{"@type":"ListItem","position":3,"name":"Bilder","item":"https:\/\/www.eliassen.nl\/de\/bilder\/"},{"@type":"ListItem","position":4,"name":"Betonstatuen","item":"https:\/\/www.eliassen.nl\/de\/bilder\/betonstatuen\/"},{"@type":"ListItem","position":5,"name":"Buddha-Statuen","item":"https:\/\/www.eliassen.nl\/de\/bilder\/betonstatuen\/buddha-statuen\/"},{"@type":"ListItem","position":6,"name":"Statue Buddha Kopf gro\u00df verschiedene Gr\u00f6\u00dfen"}]},{"@type":"WebSite","@id":"https:\/\/www.eliassen.nl\/de\/#website","url":"https:\/\/www.eliassen.nl\/de\/","name":"Eliassen Home & Garden Pleasure","description":"","publisher":{"@id":"https:\/\/www.eliassen.nl\/de\/#organization"},"alternateName":"Eliassen.nl","potentialAction":[{"@type":"SearchAction","target":{"@type":"EntryPoint","urlTemplate":"https:\/\/www.eliassen.nl\/de\/?s={search_term_string}"},"query-input":{"@type":"PropertyValueSpecification","valueRequired":true,"valueName":"search_term_string"}}],"inLanguage":"de"},{"@type":["Organization","Place"],"@id":"https:\/\/www.eliassen.nl\/de\/#organization","name":"Eliassen Home & Garden Pleasure","url":"https:\/\/www.eliassen.nl\/de\/","logo":{"@id":"https:\/\/www.eliassen.nl\/de\/statue-buddha-kopf-gross-verschiedene-grossen\/#local-main-organization-logo"},"image":{"@id":"https:\/\/www.eliassen.nl\/de\/statue-buddha-kopf-gross-verschiedene-grossen\/#local-main-organization-logo"},"sameAs":["https:\/\/www.facebook.com\/TuincentrumEliassenAmmerzoden","https:\/\/www.instagram.com\/eliassenhomeandgarden\/","https:\/\/nl.pinterest.com\/eliassenhomeandgarden\/","https:\/\/www.youtube.com\/@eliassenhomegardenpleasure4558"],"telephone":[],"openingHoursSpecification":[{"@type":"OpeningHoursSpecification","dayOfWeek":["Monday","Tuesday","Wednesday","Thursday","Friday","Saturday","Sunday"],"opens":"09:00","closes":"17:00"}]},{"@type":"ImageObject","inLanguage":"de","@id":"https:\/\/www.eliassen.nl\/de\/statue-buddha-kopf-gross-verschiedene-grossen\/#local-main-organization-logo","url":"https:\/\/www.eliassen.nl\/wp-content\/uploads\/2024\/01\/logo_4nd.jpg","contentUrl":"https:\/\/www.eliassen.nl\/wp-content\/uploads\/2024\/01\/logo_4nd.jpg","width":500,"height":500,"caption":"Eliassen Home & Garden Pleasure"}]},"og_availability":"instock","product_availability":"instock","product_retailer_item_id":"Brbh50","product_condition":"new"},"df_price":125,"df_sale_price":"","df_regular_price":125,"df_image_link":"https:\/\/www.eliassen.nl\/wp-content\/uploads\/2024\/01\/eliassenbeeldboeddahoofdgrootdiversematen1.png","image":"https:\/\/www.eliassen.nl\/wp-content\/uploads\/2024\/01\/eliassenbeeldboeddahoofdgrootdiversematen1.png","price_search":"<span class=\"woocommerce-Price-amount amount\"><bdi><span class=\"woocommerce-Price-currencySymbol\">&euro;<\/span>&nbsp;125,00<\/bdi><\/span>","category":"Betonstatuen","global_unique_id":"7438235719740","_links":{"self":[{"href":"https:\/\/www.eliassen.nl\/de\/wp-json\/wp\/v2\/product\/127982","targetHints":{"allow":["GET"]}}],"collection":[{"href":"https:\/\/www.eliassen.nl\/de\/wp-json\/wp\/v2\/product"}],"about":[{"href":"https:\/\/www.eliassen.nl\/de\/wp-json\/wp\/v2\/types\/product"}],"wp:featuredmedia":[{"embeddable":true,"href":"https:\/\/www.eliassen.nl\/de\/wp-json\/wp\/v2\/media\/7600"}],"wp:attachment":[{"href":"https:\/\/www.eliassen.nl\/de\/wp-json\/wp\/v2\/media?parent=127982"}],"wp:term":[{"taxonomy":"product_brand","embeddable":true,"href":"https:\/\/www.eliassen.nl\/de\/wp-json\/wp\/v2\/product_brand?post=127982"},{"taxonomy":"product_cat","embeddable":true,"href":"https:\/\/www.eliassen.nl\/de\/wp-json\/wp\/v2\/product_cat?post=127982"},{"taxonomy":"product_tag","embeddable":true,"href":"https:\/\/www.eliassen.nl\/de\/wp-json\/wp\/v2\/product_tag?post=127982"}],"curies":[{"name":"wp","href":"https:\/\/api.w.org\/{rel}","templated":true}]}}