{"id":127702,"date":"2019-10-28T16:12:02","date_gmt":"2019-10-28T16:12:02","guid":{"rendered":"https:\/\/www.eliassen.nl\/?product=eliassen-schwarzer-granitsaeulen-4-groessen"},"modified":"2026-02-23T09:06:21","modified_gmt":"2026-02-23T08:06:21","slug":"wassersaulen-aus-schwarzem-basalt-in-4-grossen","status":"publish","type":"product","link":"https:\/\/www.eliassen.nl\/de\/wassersaulen-aus-schwarzem-basalt-in-4-grossen\/","title":{"rendered":"Schwarze Basalt-Wassers\u00e4ulen 4 Gr\u00f6\u00dfen"},"content":{"rendered":"<p><strong>Es handelt sich um ein loses Ornament. Erkundigen Sie sich nach den anderen ben\u00f6tigten Teilen.<\/strong><\/p>\n<p>Hergestellt aus schwarzem Basaltstein. Er wird noch schw\u00e4rzer, wenn Wasser dar\u00fcber l\u00e4uft, und bleibt sch\u00f6n, im Gegensatz zu Hartgestein, das Pflege braucht. Sie k\u00f6nnen eine LED-Leuchte in die S\u00e4ulen stellen, aber es ist sch\u00f6ner, sie im Dunkeln mit einem Scheinwerfer anzustrahlen, damit das Glitzern des Wassers deutlich sichtbar ist.<\/p>\n<p>Diese S\u00e4ulen sind 20x20cm gro\u00df und in den H\u00f6hen 40, 60, 80 und 100cm erh\u00e4ltlich. Diese schlanken S\u00e4ulen sehen auch sehr sch\u00f6n aus, wenn Sie sie in einen Teich oder einen modernen Teichbeh\u00e4lter stellen. Sie k\u00f6nnen sich f\u00fcr ein Solo-Arrangement entscheiden, aber auch mit mehreren S\u00e4ulen, mit allen 4 Gr\u00f6\u00dfen ein sehr schickes Ensemble!  <\/p>\n<p><strong>Besuchen Sie unseren Ausstellungsraum, um viele Modelle live zu bewundern!<\/strong><\/p>\n<ul>\n<li>Material massiver Basaltstein<\/li>\n<li>Gr\u00f6\u00dfe: H\u00f6he 40-60-80-100cm, Breite 20x20cm<\/li>\n<li>Schlauchanschluss 1\/2 Zoll oder 3\/4<\/li>\n<li>Frostbest\u00e4ndig<\/li>\n<li>Haben Sie Fragen zu diesem Artikel oder ben\u00f6tigen Sie Ratschl\u00e4ge, um dieses Modell mit allen anderen wesentlichen Bestandteilen zu vervollst\u00e4ndigen? Wenn ja, k\u00f6nnen Sie uns gerne kontaktieren.<\/li>\n<\/ul>\n<p><strong>Tipp:<\/strong> Mit einem darauf gerichteten LED-Strahler schaffen Sie einen sch\u00f6nen Blickfang f\u00fcr Ihren Garten.<\/p>\n","protected":false},"excerpt":{"rendered":"<p>Es handelt sich um ein loses Ornament. Erkundigen Sie sich nach den anderen ben\u00f6tigten Teilen.<\/p>\n","protected":false},"featured_media":7081,"template":"","meta":{"_acf_changed":false,"_genesis_title":"","_genesis_description":""},"product_brand":[6916],"product_cat":[539,551,536],"product_tag":[],"class_list":{"0":"post-127702","1":"product","2":"type-product","3":"status-publish","4":"has-post-thumbnail","6":"product_brand-eliassen-de","7":"product_cat-einzigartige-eigene-modelle-von-losen-wasserspiele","8":"product_cat-lose-wasserspiele","9":"product_cat-wassereigenschaften","11":"first","12":"instock","13":"taxable","14":"shipping-taxable","15":"purchasable","16":"product-type-variable"},"acf":[],"meta_all":{"total_sales":"0","wcml_sync_hash":{"postmeta_fields":"72e51b7567b7276b8949f985d0b000dd"},"attr_label_translations":[]},"meta_all_flat":{"total_sales":"0","wcml_sync_hash.postmeta_fields":"72e51b7567b7276b8949f985d0b000dd"},"yoast_head":"<!-- This site is optimized with the Yoast SEO Premium plugin v26.2 (Yoast SEO v27.2) - https:\/\/yoast.com\/product\/yoast-seo-premium-wordpress\/ -->\n<title>Schwarze Basalt-Wassers\u00e4ulen in 4 Gr\u00f6\u00dfen | Eliassen.nl<\/title>\n<meta name=\"description\" content=\"Schwarze Basalt-Wassers\u00e4ulen in 4 Gr\u00f6\u00dfen, so dass Sie zwischen gro\u00dfen und kleinen Gr\u00f6\u00dfen von Wassers\u00e4ulen w\u00e4hlen k\u00f6nnen. Hergestellt aus schwarzem Basaltstein. Besuchen Sie unseren Shop.\" \/>\n<meta name=\"robots\" content=\"index, follow, max-snippet:-1, max-image-preview:large, max-video-preview:-1\" \/>\n<link rel=\"canonical\" href=\"https:\/\/www.eliassen.nl\/de\/wassersaulen-aus-schwarzem-basalt-in-4-grossen\/\" \/>\n<meta property=\"og:locale\" content=\"de_DE\" \/>\n<meta property=\"og:type\" content=\"article\" \/>\n<meta property=\"og:title\" content=\"Eliassen Schwarze Basalt-Wassers\u00e4ulen 4 Gr\u00f6\u00dfen - Eliassen.nl\" \/>\n<meta property=\"og:description\" content=\"Schwarze Basalt-Wassers\u00e4ulen in 4 Gr\u00f6\u00dfen, so dass Sie zwischen gro\u00dfen und kleinen Gr\u00f6\u00dfen von Wassers\u00e4ulen w\u00e4hlen k\u00f6nnen. Hergestellt aus schwarzem Basaltstein. Besuchen Sie unseren Shop.\" \/>\n<meta property=\"og:url\" content=\"https:\/\/www.eliassen.nl\/de\/wassersaulen-aus-schwarzem-basalt-in-4-grossen\/\" \/>\n<meta property=\"og:site_name\" content=\"Eliassen.nl\" \/>\n<meta property=\"article:publisher\" content=\"https:\/\/www.facebook.com\/TuincentrumEliassenAmmerzoden\" \/>\n<meta property=\"article:modified_time\" content=\"2026-02-23T08:06:21+00:00\" \/>\n<meta property=\"og:image\" content=\"https:\/\/www.eliassen.nl\/wp-content\/uploads\/2024\/01\/mijnproject19.png\" \/>\n\t<meta property=\"og:image:width\" content=\"515\" \/>\n\t<meta property=\"og:image:height\" content=\"1024\" \/>\n\t<meta property=\"og:image:type\" content=\"image\/png\" \/>\n<meta name=\"twitter:card\" content=\"summary_large_image\" \/>\n<script type=\"application\/ld+json\" class=\"yoast-schema-graph\">{\"@context\":\"https:\/\/schema.org\",\"@graph\":[{\"@type\":\"WebPage\",\"@id\":\"https:\/\/www.eliassen.nl\/de\/wassersaulen-aus-schwarzem-basalt-in-4-grossen\/\",\"url\":\"https:\/\/www.eliassen.nl\/de\/wassersaulen-aus-schwarzem-basalt-in-4-grossen\/\",\"name\":\"Schwarze Basalt-Wassers\u00e4ulen in 4 Gr\u00f6\u00dfen | Eliassen.nl\",\"isPartOf\":{\"@id\":\"https:\/\/www.eliassen.nl\/de\/#website\"},\"primaryImageOfPage\":{\"@id\":\"https:\/\/www.eliassen.nl\/de\/wassersaulen-aus-schwarzem-basalt-in-4-grossen\/#primaryimage\"},\"image\":{\"@id\":\"https:\/\/www.eliassen.nl\/de\/wassersaulen-aus-schwarzem-basalt-in-4-grossen\/#primaryimage\"},\"thumbnailUrl\":\"https:\/\/www.eliassen.nl\/wp-content\/uploads\/2024\/01\/mijnproject19.png\",\"datePublished\":\"2019-10-28T16:12:02+00:00\",\"dateModified\":\"2026-02-23T08:06:21+00:00\",\"description\":\"Schwarze Basalt-Wassers\u00e4ulen in 4 Gr\u00f6\u00dfen, so dass Sie zwischen gro\u00dfen und kleinen Gr\u00f6\u00dfen von Wassers\u00e4ulen w\u00e4hlen k\u00f6nnen. Hergestellt aus schwarzem Basaltstein. Besuchen Sie unseren Shop.\",\"breadcrumb\":{\"@id\":\"https:\/\/www.eliassen.nl\/de\/wassersaulen-aus-schwarzem-basalt-in-4-grossen\/#breadcrumb\"},\"inLanguage\":\"de\",\"potentialAction\":[{\"@type\":\"ReadAction\",\"target\":[\"https:\/\/www.eliassen.nl\/de\/wassersaulen-aus-schwarzem-basalt-in-4-grossen\/\"]}]},{\"@type\":\"ImageObject\",\"inLanguage\":\"de\",\"@id\":\"https:\/\/www.eliassen.nl\/de\/wassersaulen-aus-schwarzem-basalt-in-4-grossen\/#primaryimage\",\"url\":\"https:\/\/www.eliassen.nl\/wp-content\/uploads\/2024\/01\/mijnproject19.png\",\"contentUrl\":\"https:\/\/www.eliassen.nl\/wp-content\/uploads\/2024\/01\/mijnproject19.png\",\"width\":515,\"height\":1024,\"caption\":\"Mein Projekt (19)\"},{\"@type\":\"BreadcrumbList\",\"@id\":\"https:\/\/www.eliassen.nl\/de\/wassersaulen-aus-schwarzem-basalt-in-4-grossen\/#breadcrumb\",\"itemListElement\":[{\"@type\":\"ListItem\",\"position\":1,\"name\":\"Home\",\"item\":\"https:\/\/www.eliassen.nl\/de\/\"},{\"@type\":\"ListItem\",\"position\":2,\"name\":\"Shop\",\"item\":\"https:\/\/www.eliassen.nl\/de\/shop\/\"},{\"@type\":\"ListItem\",\"position\":3,\"name\":\"Wasserspiele\",\"item\":\"https:\/\/www.eliassen.nl\/de\/wassereigenschaften\/\"},{\"@type\":\"ListItem\",\"position\":4,\"name\":\"Einzigartige eigene Modelle von losen Wasserspielen\",\"item\":\"https:\/\/www.eliassen.nl\/de\/wassereigenschaften\/einzigartige-eigene-modelle-von-losen-wasserspiele\/\"},{\"@type\":\"ListItem\",\"position\":5,\"name\":\"Schwarze Basalt-Wassers\u00e4ulen 4 Gr\u00f6\u00dfen\"}]},{\"@type\":\"WebSite\",\"@id\":\"https:\/\/www.eliassen.nl\/de\/#website\",\"url\":\"https:\/\/www.eliassen.nl\/de\/\",\"name\":\"Eliassen Home & Garden Pleasure\",\"description\":\"\",\"publisher\":{\"@id\":\"https:\/\/www.eliassen.nl\/de\/#organization\"},\"alternateName\":\"Eliassen.nl\",\"potentialAction\":[{\"@type\":\"SearchAction\",\"target\":{\"@type\":\"EntryPoint\",\"urlTemplate\":\"https:\/\/www.eliassen.nl\/de\/?s={search_term_string}\"},\"query-input\":{\"@type\":\"PropertyValueSpecification\",\"valueRequired\":true,\"valueName\":\"search_term_string\"}}],\"inLanguage\":\"de\"},{\"@type\":[\"Organization\",\"Place\"],\"@id\":\"https:\/\/www.eliassen.nl\/de\/#organization\",\"name\":\"Eliassen Home & Garden Pleasure\",\"url\":\"https:\/\/www.eliassen.nl\/de\/\",\"logo\":{\"@id\":\"https:\/\/www.eliassen.nl\/de\/wassersaulen-aus-schwarzem-basalt-in-4-grossen\/#local-main-organization-logo\"},\"image\":{\"@id\":\"https:\/\/www.eliassen.nl\/de\/wassersaulen-aus-schwarzem-basalt-in-4-grossen\/#local-main-organization-logo\"},\"sameAs\":[\"https:\/\/www.facebook.com\/TuincentrumEliassenAmmerzoden\",\"https:\/\/www.instagram.com\/eliassenhomeandgarden\/\",\"https:\/\/nl.pinterest.com\/eliassenhomeandgarden\/\",\"https:\/\/www.youtube.com\/@eliassenhomegardenpleasure4558\"],\"telephone\":[],\"openingHoursSpecification\":[{\"@type\":\"OpeningHoursSpecification\",\"dayOfWeek\":[\"Monday\",\"Tuesday\",\"Wednesday\",\"Thursday\",\"Friday\",\"Saturday\",\"Sunday\"],\"opens\":\"09:00\",\"closes\":\"17:00\"}]},{\"@type\":\"ImageObject\",\"inLanguage\":\"de\",\"@id\":\"https:\/\/www.eliassen.nl\/de\/wassersaulen-aus-schwarzem-basalt-in-4-grossen\/#local-main-organization-logo\",\"url\":\"https:\/\/www.eliassen.nl\/wp-content\/uploads\/2024\/01\/logo_4nd.jpg\",\"contentUrl\":\"https:\/\/www.eliassen.nl\/wp-content\/uploads\/2024\/01\/logo_4nd.jpg\",\"width\":500,\"height\":500,\"caption\":\"Eliassen Home & Garden Pleasure\"}]}<\/script>\n<meta property=\"og:availability\" content=\"instock\" \/>\n<meta property=\"product:availability\" content=\"instock\" \/>\n<meta property=\"product:retailer_item_id\" content=\"Black40\" \/>\n<meta property=\"product:condition\" content=\"new\" \/>\n<!-- \/ Yoast SEO Premium plugin. -->","yoast_head_json":{"title":"Schwarze Basalt-Wassers\u00e4ulen in 4 Gr\u00f6\u00dfen | Eliassen.nl","description":"Schwarze Basalt-Wassers\u00e4ulen in 4 Gr\u00f6\u00dfen, so dass Sie zwischen gro\u00dfen und kleinen Gr\u00f6\u00dfen von Wassers\u00e4ulen w\u00e4hlen k\u00f6nnen. Hergestellt aus schwarzem Basaltstein. Besuchen Sie unseren Shop.","robots":{"index":"index","follow":"follow","max-snippet":"max-snippet:-1","max-image-preview":"max-image-preview:large","max-video-preview":"max-video-preview:-1"},"canonical":"https:\/\/www.eliassen.nl\/de\/wassersaulen-aus-schwarzem-basalt-in-4-grossen\/","og_locale":"de_DE","og_type":"article","og_title":"Eliassen Schwarze Basalt-Wassers\u00e4ulen 4 Gr\u00f6\u00dfen - Eliassen.nl","og_description":"Schwarze Basalt-Wassers\u00e4ulen in 4 Gr\u00f6\u00dfen, so dass Sie zwischen gro\u00dfen und kleinen Gr\u00f6\u00dfen von Wassers\u00e4ulen w\u00e4hlen k\u00f6nnen. Hergestellt aus schwarzem Basaltstein. Besuchen Sie unseren Shop.","og_url":"https:\/\/www.eliassen.nl\/de\/wassersaulen-aus-schwarzem-basalt-in-4-grossen\/","og_site_name":"Eliassen.nl","article_publisher":"https:\/\/www.facebook.com\/TuincentrumEliassenAmmerzoden","article_modified_time":"2026-02-23T08:06:21+00:00","og_image":[{"width":515,"height":1024,"url":"https:\/\/www.eliassen.nl\/wp-content\/uploads\/2024\/01\/mijnproject19.png","type":"image\/png"}],"twitter_card":"summary_large_image","schema":{"@context":"https:\/\/schema.org","@graph":[{"@type":"WebPage","@id":"https:\/\/www.eliassen.nl\/de\/wassersaulen-aus-schwarzem-basalt-in-4-grossen\/","url":"https:\/\/www.eliassen.nl\/de\/wassersaulen-aus-schwarzem-basalt-in-4-grossen\/","name":"Schwarze Basalt-Wassers\u00e4ulen in 4 Gr\u00f6\u00dfen | Eliassen.nl","isPartOf":{"@id":"https:\/\/www.eliassen.nl\/de\/#website"},"primaryImageOfPage":{"@id":"https:\/\/www.eliassen.nl\/de\/wassersaulen-aus-schwarzem-basalt-in-4-grossen\/#primaryimage"},"image":{"@id":"https:\/\/www.eliassen.nl\/de\/wassersaulen-aus-schwarzem-basalt-in-4-grossen\/#primaryimage"},"thumbnailUrl":"https:\/\/www.eliassen.nl\/wp-content\/uploads\/2024\/01\/mijnproject19.png","datePublished":"2019-10-28T16:12:02+00:00","dateModified":"2026-02-23T08:06:21+00:00","description":"Schwarze Basalt-Wassers\u00e4ulen in 4 Gr\u00f6\u00dfen, so dass Sie zwischen gro\u00dfen und kleinen Gr\u00f6\u00dfen von Wassers\u00e4ulen w\u00e4hlen k\u00f6nnen. Hergestellt aus schwarzem Basaltstein. Besuchen Sie unseren Shop.","breadcrumb":{"@id":"https:\/\/www.eliassen.nl\/de\/wassersaulen-aus-schwarzem-basalt-in-4-grossen\/#breadcrumb"},"inLanguage":"de","potentialAction":[{"@type":"ReadAction","target":["https:\/\/www.eliassen.nl\/de\/wassersaulen-aus-schwarzem-basalt-in-4-grossen\/"]}]},{"@type":"ImageObject","inLanguage":"de","@id":"https:\/\/www.eliassen.nl\/de\/wassersaulen-aus-schwarzem-basalt-in-4-grossen\/#primaryimage","url":"https:\/\/www.eliassen.nl\/wp-content\/uploads\/2024\/01\/mijnproject19.png","contentUrl":"https:\/\/www.eliassen.nl\/wp-content\/uploads\/2024\/01\/mijnproject19.png","width":515,"height":1024,"caption":"Mein Projekt (19)"},{"@type":"BreadcrumbList","@id":"https:\/\/www.eliassen.nl\/de\/wassersaulen-aus-schwarzem-basalt-in-4-grossen\/#breadcrumb","itemListElement":[{"@type":"ListItem","position":1,"name":"Home","item":"https:\/\/www.eliassen.nl\/de\/"},{"@type":"ListItem","position":2,"name":"Shop","item":"https:\/\/www.eliassen.nl\/de\/shop\/"},{"@type":"ListItem","position":3,"name":"Wasserspiele","item":"https:\/\/www.eliassen.nl\/de\/wassereigenschaften\/"},{"@type":"ListItem","position":4,"name":"Einzigartige eigene Modelle von losen Wasserspielen","item":"https:\/\/www.eliassen.nl\/de\/wassereigenschaften\/einzigartige-eigene-modelle-von-losen-wasserspiele\/"},{"@type":"ListItem","position":5,"name":"Schwarze Basalt-Wassers\u00e4ulen 4 Gr\u00f6\u00dfen"}]},{"@type":"WebSite","@id":"https:\/\/www.eliassen.nl\/de\/#website","url":"https:\/\/www.eliassen.nl\/de\/","name":"Eliassen Home & Garden Pleasure","description":"","publisher":{"@id":"https:\/\/www.eliassen.nl\/de\/#organization"},"alternateName":"Eliassen.nl","potentialAction":[{"@type":"SearchAction","target":{"@type":"EntryPoint","urlTemplate":"https:\/\/www.eliassen.nl\/de\/?s={search_term_string}"},"query-input":{"@type":"PropertyValueSpecification","valueRequired":true,"valueName":"search_term_string"}}],"inLanguage":"de"},{"@type":["Organization","Place"],"@id":"https:\/\/www.eliassen.nl\/de\/#organization","name":"Eliassen Home & Garden Pleasure","url":"https:\/\/www.eliassen.nl\/de\/","logo":{"@id":"https:\/\/www.eliassen.nl\/de\/wassersaulen-aus-schwarzem-basalt-in-4-grossen\/#local-main-organization-logo"},"image":{"@id":"https:\/\/www.eliassen.nl\/de\/wassersaulen-aus-schwarzem-basalt-in-4-grossen\/#local-main-organization-logo"},"sameAs":["https:\/\/www.facebook.com\/TuincentrumEliassenAmmerzoden","https:\/\/www.instagram.com\/eliassenhomeandgarden\/","https:\/\/nl.pinterest.com\/eliassenhomeandgarden\/","https:\/\/www.youtube.com\/@eliassenhomegardenpleasure4558"],"telephone":[],"openingHoursSpecification":[{"@type":"OpeningHoursSpecification","dayOfWeek":["Monday","Tuesday","Wednesday","Thursday","Friday","Saturday","Sunday"],"opens":"09:00","closes":"17:00"}]},{"@type":"ImageObject","inLanguage":"de","@id":"https:\/\/www.eliassen.nl\/de\/wassersaulen-aus-schwarzem-basalt-in-4-grossen\/#local-main-organization-logo","url":"https:\/\/www.eliassen.nl\/wp-content\/uploads\/2024\/01\/logo_4nd.jpg","contentUrl":"https:\/\/www.eliassen.nl\/wp-content\/uploads\/2024\/01\/logo_4nd.jpg","width":500,"height":500,"caption":"Eliassen Home & Garden Pleasure"}]},"og_availability":"instock","product_availability":"instock","product_retailer_item_id":"Black40","product_condition":"new"},"df_price":85,"df_sale_price":"","df_regular_price":85,"df_image_link":"https:\/\/www.eliassen.nl\/wp-content\/uploads\/2024\/01\/mijnproject19.png","image":"https:\/\/www.eliassen.nl\/wp-content\/uploads\/2024\/01\/mijnproject19.png","price_search":"<span class=\"woocommerce-Price-amount amount\"><bdi><span class=\"woocommerce-Price-currencySymbol\">&euro;<\/span>&nbsp;85,00<\/bdi><\/span>","category":"Einzigartige eigene Modelle von losen Wasserspielen","global_unique_id":"7438245699629","_links":{"self":[{"href":"https:\/\/www.eliassen.nl\/de\/wp-json\/wp\/v2\/product\/127702","targetHints":{"allow":["GET"]}}],"collection":[{"href":"https:\/\/www.eliassen.nl\/de\/wp-json\/wp\/v2\/product"}],"about":[{"href":"https:\/\/www.eliassen.nl\/de\/wp-json\/wp\/v2\/types\/product"}],"wp:featuredmedia":[{"embeddable":true,"href":"https:\/\/www.eliassen.nl\/de\/wp-json\/wp\/v2\/media\/7081"}],"wp:attachment":[{"href":"https:\/\/www.eliassen.nl\/de\/wp-json\/wp\/v2\/media?parent=127702"}],"wp:term":[{"taxonomy":"product_brand","embeddable":true,"href":"https:\/\/www.eliassen.nl\/de\/wp-json\/wp\/v2\/product_brand?post=127702"},{"taxonomy":"product_cat","embeddable":true,"href":"https:\/\/www.eliassen.nl\/de\/wp-json\/wp\/v2\/product_cat?post=127702"},{"taxonomy":"product_tag","embeddable":true,"href":"https:\/\/www.eliassen.nl\/de\/wp-json\/wp\/v2\/product_tag?post=127702"}],"curies":[{"name":"wp","href":"https:\/\/api.w.org\/{rel}","templated":true}]}}