{"id":127687,"date":"2019-10-28T16:11:35","date_gmt":"2019-10-28T16:11:35","guid":{"rendered":"https:\/\/www.eliassen.nl\/?product=eliassen-swinger-wassersaeulen-in-4-groessen"},"modified":"2026-02-23T09:06:23","modified_gmt":"2026-02-23T08:06:23","slug":"wassersaulen-swinger-in-4-grossen","status":"publish","type":"product","link":"https:\/\/www.eliassen.nl\/de\/wassersaulen-swinger-in-4-grossen\/","title":{"rendered":"Wassers\u00e4ulen Swingers in 4 Gr\u00f6\u00dfen"},"content":{"rendered":"<p><strong><video controls=\"controls\" width=\"500\" height=\"250\"><source src=\"https:\/\/cdn.webshopapp.com\/shops\/289658\/files\/444295063\/waterzuilen-swingers-in-4-maten-eliassennl.mp4\" type=\"video\/mp4\"><\/source><\/video><\/strong><\/p>\n<p><strong>Es handelt sich um ein loses Ornament. Erkundigen Sie sich nach den anderen ben\u00f6tigten Teilen.<\/strong><\/p>\n<p>Granit-Wassers\u00e4ulen aus eigener Herstellung und Entwicklung, die nirgendwo anders verkauft werden! Hergestellt aus (teilweise) poliertem Granit, dunkelt nach, wenn Wasser dar\u00fcber l\u00e4uft, bleibt aber sch\u00f6n, im Gegensatz zu Hartgestein, das Pflege ben\u00f6tigt. In den S\u00e4ulen k\u00f6nnen LED-Leuchten angebracht werden.<\/p>\n<p>Diese S\u00e4ulen sind 20x20cm gro\u00df und in H\u00f6hen von 40, 70, 100 und sogar 130cm erh\u00e4ltlich. Sie eignen sich auch f\u00fcr gr\u00f6\u00dfere G\u00e4rten oder in Unternehmen. Sieht auch sehr sch\u00f6n aus, wenn Sie sie in einen Teich oder einen modernen Teichbeh\u00e4lter stellen. Kann auch als ein sehr gro\u00dfes 3-teiliges Set aufgestellt werden.<\/p>\n<p><strong>Besuchen Sie unseren Ausstellungsraum, um viele Modelle live zu bewundern!<\/strong><\/p>\n<p>Die Farbe kann vom Foto abweichen.<\/p>\n<ul>\n<li>Granit<\/li>\n<li>Bleibt sch\u00f6n<\/li>\n<li>Einzigartiges Design, nur bei uns erh\u00e4ltlich<\/li>\n<li>Die Farbe kann vom Foto abweichen.<\/li>\n<\/ul>\n","protected":false},"excerpt":{"rendered":"<p>Es handelt sich um ein loses Ornament. Erkundigen Sie sich nach den anderen ben\u00f6tigten Teilen.<\/p>\n","protected":false},"featured_media":7054,"template":"","meta":{"_acf_changed":false,"_genesis_title":"","_genesis_description":""},"product_brand":[6916],"product_cat":[539,551,536],"product_tag":[],"class_list":{"0":"post-127687","1":"product","2":"type-product","3":"status-publish","4":"has-post-thumbnail","6":"product_brand-eliassen-de","7":"product_cat-einzigartige-eigene-modelle-von-losen-wasserspiele","8":"product_cat-lose-wasserspiele","9":"product_cat-wassereigenschaften","11":"first","12":"instock","13":"taxable","14":"shipping-taxable","15":"purchasable","16":"product-type-variable"},"acf":[],"meta_all":{"total_sales":"0","wcml_sync_hash":{"postmeta_fields":"9a0e69aff06b3c06992f4b358a630d81"},"attr_label_translations":[],"cor_restricted_countries":[]},"meta_all_flat":{"total_sales":"0","wcml_sync_hash.postmeta_fields":"9a0e69aff06b3c06992f4b358a630d81"},"yoast_head":"<!-- This site is optimized with the Yoast SEO Premium plugin v26.2 (Yoast SEO v27.2) - https:\/\/yoast.com\/product\/yoast-seo-premium-wordpress\/ -->\n<title>Wassers\u00e4ulen Swingers in 4 Gr\u00f6\u00dfen | Eliassen.nl<\/title>\n<meta name=\"description\" content=\"Wassers\u00e4ulen sind in 4 Gr\u00f6\u00dfen erh\u00e4ltlich. NIRGENDWO SONST ZU VERKAUFEN! Auch f\u00fcr gr\u00f6\u00dfere G\u00e4rten geeignet. Mehrere Wassers\u00e4ulen f\u00fcr den Garten LIVE ausgestellt!\" \/>\n<meta name=\"robots\" content=\"index, follow, max-snippet:-1, max-image-preview:large, max-video-preview:-1\" \/>\n<link rel=\"canonical\" href=\"https:\/\/www.eliassen.nl\/de\/wassersaulen-swinger-in-4-grossen\/\" \/>\n<meta property=\"og:locale\" content=\"de_DE\" \/>\n<meta property=\"og:type\" content=\"article\" \/>\n<meta property=\"og:title\" content=\"Eliassen Wassers\u00e4ulen Swingers in 4 Gr\u00f6\u00dfen - Eliassen.nl\" \/>\n<meta property=\"og:description\" content=\"Wassers\u00e4ulen sind in 4 Gr\u00f6\u00dfen erh\u00e4ltlich. NIRGENDWO SONST ZU VERKAUFEN! Auch f\u00fcr gr\u00f6\u00dfere G\u00e4rten geeignet. Mehrere Wassers\u00e4ulen f\u00fcr den Garten LIVE ausgestellt!\" \/>\n<meta property=\"og:url\" content=\"https:\/\/www.eliassen.nl\/de\/wassersaulen-swinger-in-4-grossen\/\" \/>\n<meta property=\"og:site_name\" content=\"Eliassen.nl\" \/>\n<meta property=\"article:publisher\" content=\"https:\/\/www.facebook.com\/TuincentrumEliassenAmmerzoden\" \/>\n<meta property=\"article:modified_time\" content=\"2026-02-23T08:06:23+00:00\" \/>\n<meta property=\"og:image\" content=\"https:\/\/www.eliassen.nl\/wp-content\/uploads\/2024\/01\/mijnproject20220930t161411883.png\" \/>\n\t<meta property=\"og:image:width\" content=\"619\" \/>\n\t<meta property=\"og:image:height\" content=\"1000\" \/>\n\t<meta property=\"og:image:type\" content=\"image\/png\" \/>\n<meta name=\"twitter:card\" content=\"summary_large_image\" \/>\n<script type=\"application\/ld+json\" class=\"yoast-schema-graph\">{\"@context\":\"https:\/\/schema.org\",\"@graph\":[{\"@type\":\"WebPage\",\"@id\":\"https:\/\/www.eliassen.nl\/de\/wassersaulen-swinger-in-4-grossen\/\",\"url\":\"https:\/\/www.eliassen.nl\/de\/wassersaulen-swinger-in-4-grossen\/\",\"name\":\"Wassers\u00e4ulen Swingers in 4 Gr\u00f6\u00dfen | Eliassen.nl\",\"isPartOf\":{\"@id\":\"https:\/\/www.eliassen.nl\/de\/#website\"},\"primaryImageOfPage\":{\"@id\":\"https:\/\/www.eliassen.nl\/de\/wassersaulen-swinger-in-4-grossen\/#primaryimage\"},\"image\":{\"@id\":\"https:\/\/www.eliassen.nl\/de\/wassersaulen-swinger-in-4-grossen\/#primaryimage\"},\"thumbnailUrl\":\"https:\/\/www.eliassen.nl\/wp-content\/uploads\/2024\/01\/mijnproject20220930t161411883.png\",\"datePublished\":\"2019-10-28T16:11:35+00:00\",\"dateModified\":\"2026-02-23T08:06:23+00:00\",\"description\":\"Wassers\u00e4ulen sind in 4 Gr\u00f6\u00dfen erh\u00e4ltlich. NIRGENDWO SONST ZU VERKAUFEN! Auch f\u00fcr gr\u00f6\u00dfere G\u00e4rten geeignet. Mehrere Wassers\u00e4ulen f\u00fcr den Garten LIVE ausgestellt!\",\"breadcrumb\":{\"@id\":\"https:\/\/www.eliassen.nl\/de\/wassersaulen-swinger-in-4-grossen\/#breadcrumb\"},\"inLanguage\":\"de\",\"potentialAction\":[{\"@type\":\"ReadAction\",\"target\":[\"https:\/\/www.eliassen.nl\/de\/wassersaulen-swinger-in-4-grossen\/\"]}]},{\"@type\":\"ImageObject\",\"inLanguage\":\"de\",\"@id\":\"https:\/\/www.eliassen.nl\/de\/wassersaulen-swinger-in-4-grossen\/#primaryimage\",\"url\":\"https:\/\/www.eliassen.nl\/wp-content\/uploads\/2024\/01\/mijnproject20220930t161411883.png\",\"contentUrl\":\"https:\/\/www.eliassen.nl\/wp-content\/uploads\/2024\/01\/mijnproject20220930t161411883.png\",\"width\":619,\"height\":1000,\"caption\":\"Mein Projekt - 2022-09-30T161411.883\"},{\"@type\":\"BreadcrumbList\",\"@id\":\"https:\/\/www.eliassen.nl\/de\/wassersaulen-swinger-in-4-grossen\/#breadcrumb\",\"itemListElement\":[{\"@type\":\"ListItem\",\"position\":1,\"name\":\"Home\",\"item\":\"https:\/\/www.eliassen.nl\/de\/\"},{\"@type\":\"ListItem\",\"position\":2,\"name\":\"Shop\",\"item\":\"https:\/\/www.eliassen.nl\/de\/shop\/\"},{\"@type\":\"ListItem\",\"position\":3,\"name\":\"Wasserspiele\",\"item\":\"https:\/\/www.eliassen.nl\/de\/wassereigenschaften\/\"},{\"@type\":\"ListItem\",\"position\":4,\"name\":\"Einzigartige eigene Modelle von losen Wasserspielen\",\"item\":\"https:\/\/www.eliassen.nl\/de\/wassereigenschaften\/einzigartige-eigene-modelle-von-losen-wasserspiele\/\"},{\"@type\":\"ListItem\",\"position\":5,\"name\":\"Wassers\u00e4ulen Swingers in 4 Gr\u00f6\u00dfen\"}]},{\"@type\":\"WebSite\",\"@id\":\"https:\/\/www.eliassen.nl\/de\/#website\",\"url\":\"https:\/\/www.eliassen.nl\/de\/\",\"name\":\"Eliassen Home & Garden Pleasure\",\"description\":\"\",\"publisher\":{\"@id\":\"https:\/\/www.eliassen.nl\/de\/#organization\"},\"alternateName\":\"Eliassen.nl\",\"potentialAction\":[{\"@type\":\"SearchAction\",\"target\":{\"@type\":\"EntryPoint\",\"urlTemplate\":\"https:\/\/www.eliassen.nl\/de\/?s={search_term_string}\"},\"query-input\":{\"@type\":\"PropertyValueSpecification\",\"valueRequired\":true,\"valueName\":\"search_term_string\"}}],\"inLanguage\":\"de\"},{\"@type\":[\"Organization\",\"Place\"],\"@id\":\"https:\/\/www.eliassen.nl\/de\/#organization\",\"name\":\"Eliassen Home & Garden Pleasure\",\"url\":\"https:\/\/www.eliassen.nl\/de\/\",\"logo\":{\"@id\":\"https:\/\/www.eliassen.nl\/de\/wassersaulen-swinger-in-4-grossen\/#local-main-organization-logo\"},\"image\":{\"@id\":\"https:\/\/www.eliassen.nl\/de\/wassersaulen-swinger-in-4-grossen\/#local-main-organization-logo\"},\"sameAs\":[\"https:\/\/www.facebook.com\/TuincentrumEliassenAmmerzoden\",\"https:\/\/www.instagram.com\/eliassenhomeandgarden\/\",\"https:\/\/nl.pinterest.com\/eliassenhomeandgarden\/\",\"https:\/\/www.youtube.com\/@eliassenhomegardenpleasure4558\"],\"telephone\":[],\"openingHoursSpecification\":[{\"@type\":\"OpeningHoursSpecification\",\"dayOfWeek\":[\"Monday\",\"Tuesday\",\"Wednesday\",\"Thursday\",\"Friday\",\"Saturday\",\"Sunday\"],\"opens\":\"09:00\",\"closes\":\"17:00\"}]},{\"@type\":\"ImageObject\",\"inLanguage\":\"de\",\"@id\":\"https:\/\/www.eliassen.nl\/de\/wassersaulen-swinger-in-4-grossen\/#local-main-organization-logo\",\"url\":\"https:\/\/www.eliassen.nl\/wp-content\/uploads\/2024\/01\/logo_4nd.jpg\",\"contentUrl\":\"https:\/\/www.eliassen.nl\/wp-content\/uploads\/2024\/01\/logo_4nd.jpg\",\"width\":500,\"height\":500,\"caption\":\"Eliassen Home & Garden Pleasure\"}]}<\/script>\n<meta property=\"og:availability\" content=\"instock\" \/>\n<meta property=\"product:availability\" content=\"instock\" \/>\n<meta property=\"product:retailer_item_id\" content=\"Swing40\" \/>\n<meta property=\"product:condition\" content=\"new\" \/>\n<!-- \/ Yoast SEO Premium plugin. -->","yoast_head_json":{"title":"Wassers\u00e4ulen Swingers in 4 Gr\u00f6\u00dfen | Eliassen.nl","description":"Wassers\u00e4ulen sind in 4 Gr\u00f6\u00dfen erh\u00e4ltlich. NIRGENDWO SONST ZU VERKAUFEN! Auch f\u00fcr gr\u00f6\u00dfere G\u00e4rten geeignet. Mehrere Wassers\u00e4ulen f\u00fcr den Garten LIVE ausgestellt!","robots":{"index":"index","follow":"follow","max-snippet":"max-snippet:-1","max-image-preview":"max-image-preview:large","max-video-preview":"max-video-preview:-1"},"canonical":"https:\/\/www.eliassen.nl\/de\/wassersaulen-swinger-in-4-grossen\/","og_locale":"de_DE","og_type":"article","og_title":"Eliassen Wassers\u00e4ulen Swingers in 4 Gr\u00f6\u00dfen - Eliassen.nl","og_description":"Wassers\u00e4ulen sind in 4 Gr\u00f6\u00dfen erh\u00e4ltlich. NIRGENDWO SONST ZU VERKAUFEN! Auch f\u00fcr gr\u00f6\u00dfere G\u00e4rten geeignet. Mehrere Wassers\u00e4ulen f\u00fcr den Garten LIVE ausgestellt!","og_url":"https:\/\/www.eliassen.nl\/de\/wassersaulen-swinger-in-4-grossen\/","og_site_name":"Eliassen.nl","article_publisher":"https:\/\/www.facebook.com\/TuincentrumEliassenAmmerzoden","article_modified_time":"2026-02-23T08:06:23+00:00","og_image":[{"width":619,"height":1000,"url":"https:\/\/www.eliassen.nl\/wp-content\/uploads\/2024\/01\/mijnproject20220930t161411883.png","type":"image\/png"}],"twitter_card":"summary_large_image","schema":{"@context":"https:\/\/schema.org","@graph":[{"@type":"WebPage","@id":"https:\/\/www.eliassen.nl\/de\/wassersaulen-swinger-in-4-grossen\/","url":"https:\/\/www.eliassen.nl\/de\/wassersaulen-swinger-in-4-grossen\/","name":"Wassers\u00e4ulen Swingers in 4 Gr\u00f6\u00dfen | Eliassen.nl","isPartOf":{"@id":"https:\/\/www.eliassen.nl\/de\/#website"},"primaryImageOfPage":{"@id":"https:\/\/www.eliassen.nl\/de\/wassersaulen-swinger-in-4-grossen\/#primaryimage"},"image":{"@id":"https:\/\/www.eliassen.nl\/de\/wassersaulen-swinger-in-4-grossen\/#primaryimage"},"thumbnailUrl":"https:\/\/www.eliassen.nl\/wp-content\/uploads\/2024\/01\/mijnproject20220930t161411883.png","datePublished":"2019-10-28T16:11:35+00:00","dateModified":"2026-02-23T08:06:23+00:00","description":"Wassers\u00e4ulen sind in 4 Gr\u00f6\u00dfen erh\u00e4ltlich. NIRGENDWO SONST ZU VERKAUFEN! Auch f\u00fcr gr\u00f6\u00dfere G\u00e4rten geeignet. Mehrere Wassers\u00e4ulen f\u00fcr den Garten LIVE ausgestellt!","breadcrumb":{"@id":"https:\/\/www.eliassen.nl\/de\/wassersaulen-swinger-in-4-grossen\/#breadcrumb"},"inLanguage":"de","potentialAction":[{"@type":"ReadAction","target":["https:\/\/www.eliassen.nl\/de\/wassersaulen-swinger-in-4-grossen\/"]}]},{"@type":"ImageObject","inLanguage":"de","@id":"https:\/\/www.eliassen.nl\/de\/wassersaulen-swinger-in-4-grossen\/#primaryimage","url":"https:\/\/www.eliassen.nl\/wp-content\/uploads\/2024\/01\/mijnproject20220930t161411883.png","contentUrl":"https:\/\/www.eliassen.nl\/wp-content\/uploads\/2024\/01\/mijnproject20220930t161411883.png","width":619,"height":1000,"caption":"Mein Projekt - 2022-09-30T161411.883"},{"@type":"BreadcrumbList","@id":"https:\/\/www.eliassen.nl\/de\/wassersaulen-swinger-in-4-grossen\/#breadcrumb","itemListElement":[{"@type":"ListItem","position":1,"name":"Home","item":"https:\/\/www.eliassen.nl\/de\/"},{"@type":"ListItem","position":2,"name":"Shop","item":"https:\/\/www.eliassen.nl\/de\/shop\/"},{"@type":"ListItem","position":3,"name":"Wasserspiele","item":"https:\/\/www.eliassen.nl\/de\/wassereigenschaften\/"},{"@type":"ListItem","position":4,"name":"Einzigartige eigene Modelle von losen Wasserspielen","item":"https:\/\/www.eliassen.nl\/de\/wassereigenschaften\/einzigartige-eigene-modelle-von-losen-wasserspiele\/"},{"@type":"ListItem","position":5,"name":"Wassers\u00e4ulen Swingers in 4 Gr\u00f6\u00dfen"}]},{"@type":"WebSite","@id":"https:\/\/www.eliassen.nl\/de\/#website","url":"https:\/\/www.eliassen.nl\/de\/","name":"Eliassen Home & Garden Pleasure","description":"","publisher":{"@id":"https:\/\/www.eliassen.nl\/de\/#organization"},"alternateName":"Eliassen.nl","potentialAction":[{"@type":"SearchAction","target":{"@type":"EntryPoint","urlTemplate":"https:\/\/www.eliassen.nl\/de\/?s={search_term_string}"},"query-input":{"@type":"PropertyValueSpecification","valueRequired":true,"valueName":"search_term_string"}}],"inLanguage":"de"},{"@type":["Organization","Place"],"@id":"https:\/\/www.eliassen.nl\/de\/#organization","name":"Eliassen Home & Garden Pleasure","url":"https:\/\/www.eliassen.nl\/de\/","logo":{"@id":"https:\/\/www.eliassen.nl\/de\/wassersaulen-swinger-in-4-grossen\/#local-main-organization-logo"},"image":{"@id":"https:\/\/www.eliassen.nl\/de\/wassersaulen-swinger-in-4-grossen\/#local-main-organization-logo"},"sameAs":["https:\/\/www.facebook.com\/TuincentrumEliassenAmmerzoden","https:\/\/www.instagram.com\/eliassenhomeandgarden\/","https:\/\/nl.pinterest.com\/eliassenhomeandgarden\/","https:\/\/www.youtube.com\/@eliassenhomegardenpleasure4558"],"telephone":[],"openingHoursSpecification":[{"@type":"OpeningHoursSpecification","dayOfWeek":["Monday","Tuesday","Wednesday","Thursday","Friday","Saturday","Sunday"],"opens":"09:00","closes":"17:00"}]},{"@type":"ImageObject","inLanguage":"de","@id":"https:\/\/www.eliassen.nl\/de\/wassersaulen-swinger-in-4-grossen\/#local-main-organization-logo","url":"https:\/\/www.eliassen.nl\/wp-content\/uploads\/2024\/01\/logo_4nd.jpg","contentUrl":"https:\/\/www.eliassen.nl\/wp-content\/uploads\/2024\/01\/logo_4nd.jpg","width":500,"height":500,"caption":"Eliassen Home & Garden Pleasure"}]},"og_availability":"instock","product_availability":"instock","product_retailer_item_id":"Swing40","product_condition":"new"},"df_price":139,"df_sale_price":"","df_regular_price":139,"df_image_link":"https:\/\/www.eliassen.nl\/wp-content\/uploads\/2024\/01\/mijnproject20220930t161411883.png","image":"https:\/\/www.eliassen.nl\/wp-content\/uploads\/2024\/01\/mijnproject20220930t161411883.png","price_search":"<span class=\"woocommerce-Price-amount amount\"><bdi><span class=\"woocommerce-Price-currencySymbol\">&euro;<\/span>&nbsp;139,00<\/bdi><\/span>","category":"Einzigartige eigene Modelle von losen Wasserspielen","global_unique_id":"7438235638638","_links":{"self":[{"href":"https:\/\/www.eliassen.nl\/de\/wp-json\/wp\/v2\/product\/127687","targetHints":{"allow":["GET"]}}],"collection":[{"href":"https:\/\/www.eliassen.nl\/de\/wp-json\/wp\/v2\/product"}],"about":[{"href":"https:\/\/www.eliassen.nl\/de\/wp-json\/wp\/v2\/types\/product"}],"wp:featuredmedia":[{"embeddable":true,"href":"https:\/\/www.eliassen.nl\/de\/wp-json\/wp\/v2\/media\/7054"}],"wp:attachment":[{"href":"https:\/\/www.eliassen.nl\/de\/wp-json\/wp\/v2\/media?parent=127687"}],"wp:term":[{"taxonomy":"product_brand","embeddable":true,"href":"https:\/\/www.eliassen.nl\/de\/wp-json\/wp\/v2\/product_brand?post=127687"},{"taxonomy":"product_cat","embeddable":true,"href":"https:\/\/www.eliassen.nl\/de\/wp-json\/wp\/v2\/product_cat?post=127687"},{"taxonomy":"product_tag","embeddable":true,"href":"https:\/\/www.eliassen.nl\/de\/wp-json\/wp\/v2\/product_tag?post=127687"}],"curies":[{"name":"wp","href":"https:\/\/api.w.org\/{rel}","templated":true}]}}