{"id":127447,"date":"2019-10-28T16:02:05","date_gmt":"2019-10-28T16:02:05","guid":{"rendered":"https:\/\/www.eliassen.nl\/?product=rost-verschiedenen-groessen"},"modified":"2026-02-23T09:06:37","modified_gmt":"2026-02-23T08:06:37","slug":"hahn-verschiedene-grossen-fur-wasser-funktion-oder-brunnen","status":"publish","type":"product","link":"https:\/\/www.eliassen.nl\/de\/hahn-verschiedene-grossen-fur-wasser-funktion-oder-brunnen\/","title":{"rendered":"Rost in verschiedenen Gr\u00f6\u00dfen f\u00fcr Wasserornamente oder Springbrunnen"},"content":{"rendered":"<p>Gitter verzinkt, 30mm hoch, in verschiedenen Gr\u00f6\u00dfen, Standardgr\u00f6\u00dfe 30x60mm. F\u00fcr sehr schwere Objekte sind auch extra schwere Gitter mit einer Maschenweite von 30x30mm erh\u00e4ltlich. Alle Modelle sind mit einer \u00d6ffnung f\u00fcr den Zugang zur Pumpe ausgestattet. Um dieses Loch zu schlie\u00dfen, sind Gitterklappen erh\u00e4ltlich.<br \/>Bevor Sie das Gitter mit Kieselsteinen abschlie\u00dfen, empfehlen wir Ihnen, zuerst das Gittertuch auf das Gitter zu legen.<br \/><strong><span style=\"color: #ff0000;\">W\u00e4hlen Sie hier oben Ihre Gr\u00f6\u00dfe aus.  <\/span><\/strong><\/p>\n","protected":false},"excerpt":{"rendered":"<p>Gitter oder Wasserornamente verschiedene Gr\u00f6\u00dfen<\/p>\n","protected":false},"featured_media":6640,"template":"","meta":{"_acf_changed":false,"_genesis_title":"","_genesis_description":""},"product_brand":[6916],"product_cat":[545,536],"product_tag":[],"class_list":{"0":"post-127447","1":"product","2":"type-product","3":"status-publish","4":"has-post-thumbnail","6":"product_brand-eliassen-de","7":"product_cat-teile-wasserspiele","8":"product_cat-wassereigenschaften","10":"first","11":"instock","12":"taxable","13":"shipping-taxable","14":"purchasable","15":"product-type-variable"},"acf":[],"meta_all":{"total_sales":"22","wcml_sync_hash":{"postmeta_fields":"831a1f3e3b00c21a29809b8d23a5be4a"},"attr_label_translations":[]},"meta_all_flat":{"total_sales":"22","wcml_sync_hash.postmeta_fields":"831a1f3e3b00c21a29809b8d23a5be4a"},"yoast_head":"<!-- This site is optimized with the Yoast SEO Premium plugin v26.2 (Yoast SEO v27.2) - https:\/\/yoast.com\/product\/yoast-seo-premium-wordpress\/ -->\n<title>Rost in verschiedenen Gr\u00f6\u00dfen f\u00fcr Wasserdekoration oder Springbrunnen | Eliassen<\/title>\n<meta name=\"description\" content=\"Bei Eliassen k\u00f6nnen Sie Roste in verschiedenen Gr\u00f6\u00dfen f\u00fcr Wasserdekorationen oder Springbrunnen online kaufen oder live im Ausstellungsraum betrachten. Bestellen Sie direkt online.\" \/>\n<meta name=\"robots\" content=\"index, follow, max-snippet:-1, max-image-preview:large, max-video-preview:-1\" \/>\n<link rel=\"canonical\" href=\"https:\/\/www.eliassen.nl\/de\/hahn-verschiedene-grossen-fur-wasser-funktion-oder-brunnen\/\" \/>\n<meta property=\"og:locale\" content=\"de_DE\" \/>\n<meta property=\"og:type\" content=\"article\" \/>\n<meta property=\"og:title\" content=\"Eliassen Rost in verschiedenen Gr\u00f6\u00dfen f\u00fcr Wasserornamente oder Springbrunnen - Eliassen.nl\" \/>\n<meta property=\"og:description\" content=\"Bei Eliassen k\u00f6nnen Sie Roste in verschiedenen Gr\u00f6\u00dfen f\u00fcr Wasserdekorationen oder Springbrunnen online kaufen oder live im Ausstellungsraum betrachten. Bestellen Sie direkt online.\" \/>\n<meta property=\"og:url\" content=\"https:\/\/www.eliassen.nl\/de\/hahn-verschiedene-grossen-fur-wasser-funktion-oder-brunnen\/\" \/>\n<meta property=\"og:site_name\" content=\"Eliassen.nl\" \/>\n<meta property=\"article:publisher\" content=\"https:\/\/www.facebook.com\/TuincentrumEliassenAmmerzoden\" \/>\n<meta property=\"article:modified_time\" content=\"2026-02-23T08:06:37+00:00\" \/>\n<meta property=\"og:image\" content=\"https:\/\/www.eliassen.nl\/wp-content\/uploads\/2024\/01\/src115324384.jpg\" \/>\n\t<meta property=\"og:image:width\" content=\"384\" \/>\n\t<meta property=\"og:image:height\" content=\"300\" \/>\n\t<meta property=\"og:image:type\" content=\"image\/jpeg\" \/>\n<meta name=\"twitter:card\" content=\"summary_large_image\" \/>\n<script type=\"application\/ld+json\" class=\"yoast-schema-graph\">{\"@context\":\"https:\/\/schema.org\",\"@graph\":[{\"@type\":\"WebPage\",\"@id\":\"https:\/\/www.eliassen.nl\/de\/hahn-verschiedene-grossen-fur-wasser-funktion-oder-brunnen\/\",\"url\":\"https:\/\/www.eliassen.nl\/de\/hahn-verschiedene-grossen-fur-wasser-funktion-oder-brunnen\/\",\"name\":\"Rost in verschiedenen Gr\u00f6\u00dfen f\u00fcr Wasserdekoration oder Springbrunnen | Eliassen\",\"isPartOf\":{\"@id\":\"https:\/\/www.eliassen.nl\/de\/#website\"},\"primaryImageOfPage\":{\"@id\":\"https:\/\/www.eliassen.nl\/de\/hahn-verschiedene-grossen-fur-wasser-funktion-oder-brunnen\/#primaryimage\"},\"image\":{\"@id\":\"https:\/\/www.eliassen.nl\/de\/hahn-verschiedene-grossen-fur-wasser-funktion-oder-brunnen\/#primaryimage\"},\"thumbnailUrl\":\"https:\/\/www.eliassen.nl\/wp-content\/uploads\/2024\/01\/src115324384.jpg\",\"datePublished\":\"2019-10-28T16:02:05+00:00\",\"dateModified\":\"2026-02-23T08:06:37+00:00\",\"description\":\"Bei Eliassen k\u00f6nnen Sie Roste in verschiedenen Gr\u00f6\u00dfen f\u00fcr Wasserdekorationen oder Springbrunnen online kaufen oder live im Ausstellungsraum betrachten. Bestellen Sie direkt online.\",\"breadcrumb\":{\"@id\":\"https:\/\/www.eliassen.nl\/de\/hahn-verschiedene-grossen-fur-wasser-funktion-oder-brunnen\/#breadcrumb\"},\"inLanguage\":\"de\",\"potentialAction\":[{\"@type\":\"ReadAction\",\"target\":[\"https:\/\/www.eliassen.nl\/de\/hahn-verschiedene-grossen-fur-wasser-funktion-oder-brunnen\/\"]}]},{\"@type\":\"ImageObject\",\"inLanguage\":\"de\",\"@id\":\"https:\/\/www.eliassen.nl\/de\/hahn-verschiedene-grossen-fur-wasser-funktion-oder-brunnen\/#primaryimage\",\"url\":\"https:\/\/www.eliassen.nl\/wp-content\/uploads\/2024\/01\/src115324384.jpg\",\"contentUrl\":\"https:\/\/www.eliassen.nl\/wp-content\/uploads\/2024\/01\/src115324384.jpg\",\"width\":384,\"height\":300,\"caption\":\"src-115324-384\"},{\"@type\":\"BreadcrumbList\",\"@id\":\"https:\/\/www.eliassen.nl\/de\/hahn-verschiedene-grossen-fur-wasser-funktion-oder-brunnen\/#breadcrumb\",\"itemListElement\":[{\"@type\":\"ListItem\",\"position\":1,\"name\":\"Home\",\"item\":\"https:\/\/www.eliassen.nl\/de\/\"},{\"@type\":\"ListItem\",\"position\":2,\"name\":\"Shop\",\"item\":\"https:\/\/www.eliassen.nl\/de\/shop\/\"},{\"@type\":\"ListItem\",\"position\":3,\"name\":\"Wasserspiele\",\"item\":\"https:\/\/www.eliassen.nl\/de\/wassereigenschaften\/\"},{\"@type\":\"ListItem\",\"position\":4,\"name\":\"Teile Wasserspiele\",\"item\":\"https:\/\/www.eliassen.nl\/de\/wassereigenschaften\/teile-wasserspiele\/\"},{\"@type\":\"ListItem\",\"position\":5,\"name\":\"Rost in verschiedenen Gr\u00f6\u00dfen f\u00fcr Wasserornamente oder Springbrunnen\"}]},{\"@type\":\"WebSite\",\"@id\":\"https:\/\/www.eliassen.nl\/de\/#website\",\"url\":\"https:\/\/www.eliassen.nl\/de\/\",\"name\":\"Eliassen Home & Garden Pleasure\",\"description\":\"\",\"publisher\":{\"@id\":\"https:\/\/www.eliassen.nl\/de\/#organization\"},\"alternateName\":\"Eliassen.nl\",\"potentialAction\":[{\"@type\":\"SearchAction\",\"target\":{\"@type\":\"EntryPoint\",\"urlTemplate\":\"https:\/\/www.eliassen.nl\/de\/?s={search_term_string}\"},\"query-input\":{\"@type\":\"PropertyValueSpecification\",\"valueRequired\":true,\"valueName\":\"search_term_string\"}}],\"inLanguage\":\"de\"},{\"@type\":[\"Organization\",\"Place\"],\"@id\":\"https:\/\/www.eliassen.nl\/de\/#organization\",\"name\":\"Eliassen Home & Garden Pleasure\",\"url\":\"https:\/\/www.eliassen.nl\/de\/\",\"logo\":{\"@id\":\"https:\/\/www.eliassen.nl\/de\/hahn-verschiedene-grossen-fur-wasser-funktion-oder-brunnen\/#local-main-organization-logo\"},\"image\":{\"@id\":\"https:\/\/www.eliassen.nl\/de\/hahn-verschiedene-grossen-fur-wasser-funktion-oder-brunnen\/#local-main-organization-logo\"},\"sameAs\":[\"https:\/\/www.facebook.com\/TuincentrumEliassenAmmerzoden\",\"https:\/\/www.instagram.com\/eliassenhomeandgarden\/\",\"https:\/\/nl.pinterest.com\/eliassenhomeandgarden\/\",\"https:\/\/www.youtube.com\/@eliassenhomegardenpleasure4558\"],\"telephone\":[],\"openingHoursSpecification\":[{\"@type\":\"OpeningHoursSpecification\",\"dayOfWeek\":[\"Monday\",\"Tuesday\",\"Wednesday\",\"Thursday\",\"Friday\",\"Saturday\",\"Sunday\"],\"opens\":\"09:00\",\"closes\":\"17:00\"}]},{\"@type\":\"ImageObject\",\"inLanguage\":\"de\",\"@id\":\"https:\/\/www.eliassen.nl\/de\/hahn-verschiedene-grossen-fur-wasser-funktion-oder-brunnen\/#local-main-organization-logo\",\"url\":\"https:\/\/www.eliassen.nl\/wp-content\/uploads\/2024\/01\/logo_4nd.jpg\",\"contentUrl\":\"https:\/\/www.eliassen.nl\/wp-content\/uploads\/2024\/01\/logo_4nd.jpg\",\"width\":500,\"height\":500,\"caption\":\"Eliassen Home & Garden Pleasure\"}]}<\/script>\n<meta property=\"og:availability\" content=\"instock\" \/>\n<meta property=\"product:availability\" content=\"instock\" \/>\n<meta property=\"product:retailer_item_id\" content=\"2610545\" \/>\n<meta property=\"product:condition\" content=\"new\" \/>\n<!-- \/ Yoast SEO Premium plugin. -->","yoast_head_json":{"title":"Rost in verschiedenen Gr\u00f6\u00dfen f\u00fcr Wasserdekoration oder Springbrunnen | Eliassen","description":"Bei Eliassen k\u00f6nnen Sie Roste in verschiedenen Gr\u00f6\u00dfen f\u00fcr Wasserdekorationen oder Springbrunnen online kaufen oder live im Ausstellungsraum betrachten. Bestellen Sie direkt online.","robots":{"index":"index","follow":"follow","max-snippet":"max-snippet:-1","max-image-preview":"max-image-preview:large","max-video-preview":"max-video-preview:-1"},"canonical":"https:\/\/www.eliassen.nl\/de\/hahn-verschiedene-grossen-fur-wasser-funktion-oder-brunnen\/","og_locale":"de_DE","og_type":"article","og_title":"Eliassen Rost in verschiedenen Gr\u00f6\u00dfen f\u00fcr Wasserornamente oder Springbrunnen - Eliassen.nl","og_description":"Bei Eliassen k\u00f6nnen Sie Roste in verschiedenen Gr\u00f6\u00dfen f\u00fcr Wasserdekorationen oder Springbrunnen online kaufen oder live im Ausstellungsraum betrachten. Bestellen Sie direkt online.","og_url":"https:\/\/www.eliassen.nl\/de\/hahn-verschiedene-grossen-fur-wasser-funktion-oder-brunnen\/","og_site_name":"Eliassen.nl","article_publisher":"https:\/\/www.facebook.com\/TuincentrumEliassenAmmerzoden","article_modified_time":"2026-02-23T08:06:37+00:00","og_image":[{"width":384,"height":300,"url":"https:\/\/www.eliassen.nl\/wp-content\/uploads\/2024\/01\/src115324384.jpg","type":"image\/jpeg"}],"twitter_card":"summary_large_image","schema":{"@context":"https:\/\/schema.org","@graph":[{"@type":"WebPage","@id":"https:\/\/www.eliassen.nl\/de\/hahn-verschiedene-grossen-fur-wasser-funktion-oder-brunnen\/","url":"https:\/\/www.eliassen.nl\/de\/hahn-verschiedene-grossen-fur-wasser-funktion-oder-brunnen\/","name":"Rost in verschiedenen Gr\u00f6\u00dfen f\u00fcr Wasserdekoration oder Springbrunnen | Eliassen","isPartOf":{"@id":"https:\/\/www.eliassen.nl\/de\/#website"},"primaryImageOfPage":{"@id":"https:\/\/www.eliassen.nl\/de\/hahn-verschiedene-grossen-fur-wasser-funktion-oder-brunnen\/#primaryimage"},"image":{"@id":"https:\/\/www.eliassen.nl\/de\/hahn-verschiedene-grossen-fur-wasser-funktion-oder-brunnen\/#primaryimage"},"thumbnailUrl":"https:\/\/www.eliassen.nl\/wp-content\/uploads\/2024\/01\/src115324384.jpg","datePublished":"2019-10-28T16:02:05+00:00","dateModified":"2026-02-23T08:06:37+00:00","description":"Bei Eliassen k\u00f6nnen Sie Roste in verschiedenen Gr\u00f6\u00dfen f\u00fcr Wasserdekorationen oder Springbrunnen online kaufen oder live im Ausstellungsraum betrachten. Bestellen Sie direkt online.","breadcrumb":{"@id":"https:\/\/www.eliassen.nl\/de\/hahn-verschiedene-grossen-fur-wasser-funktion-oder-brunnen\/#breadcrumb"},"inLanguage":"de","potentialAction":[{"@type":"ReadAction","target":["https:\/\/www.eliassen.nl\/de\/hahn-verschiedene-grossen-fur-wasser-funktion-oder-brunnen\/"]}]},{"@type":"ImageObject","inLanguage":"de","@id":"https:\/\/www.eliassen.nl\/de\/hahn-verschiedene-grossen-fur-wasser-funktion-oder-brunnen\/#primaryimage","url":"https:\/\/www.eliassen.nl\/wp-content\/uploads\/2024\/01\/src115324384.jpg","contentUrl":"https:\/\/www.eliassen.nl\/wp-content\/uploads\/2024\/01\/src115324384.jpg","width":384,"height":300,"caption":"src-115324-384"},{"@type":"BreadcrumbList","@id":"https:\/\/www.eliassen.nl\/de\/hahn-verschiedene-grossen-fur-wasser-funktion-oder-brunnen\/#breadcrumb","itemListElement":[{"@type":"ListItem","position":1,"name":"Home","item":"https:\/\/www.eliassen.nl\/de\/"},{"@type":"ListItem","position":2,"name":"Shop","item":"https:\/\/www.eliassen.nl\/de\/shop\/"},{"@type":"ListItem","position":3,"name":"Wasserspiele","item":"https:\/\/www.eliassen.nl\/de\/wassereigenschaften\/"},{"@type":"ListItem","position":4,"name":"Teile Wasserspiele","item":"https:\/\/www.eliassen.nl\/de\/wassereigenschaften\/teile-wasserspiele\/"},{"@type":"ListItem","position":5,"name":"Rost in verschiedenen Gr\u00f6\u00dfen f\u00fcr Wasserornamente oder Springbrunnen"}]},{"@type":"WebSite","@id":"https:\/\/www.eliassen.nl\/de\/#website","url":"https:\/\/www.eliassen.nl\/de\/","name":"Eliassen Home & Garden Pleasure","description":"","publisher":{"@id":"https:\/\/www.eliassen.nl\/de\/#organization"},"alternateName":"Eliassen.nl","potentialAction":[{"@type":"SearchAction","target":{"@type":"EntryPoint","urlTemplate":"https:\/\/www.eliassen.nl\/de\/?s={search_term_string}"},"query-input":{"@type":"PropertyValueSpecification","valueRequired":true,"valueName":"search_term_string"}}],"inLanguage":"de"},{"@type":["Organization","Place"],"@id":"https:\/\/www.eliassen.nl\/de\/#organization","name":"Eliassen Home & Garden Pleasure","url":"https:\/\/www.eliassen.nl\/de\/","logo":{"@id":"https:\/\/www.eliassen.nl\/de\/hahn-verschiedene-grossen-fur-wasser-funktion-oder-brunnen\/#local-main-organization-logo"},"image":{"@id":"https:\/\/www.eliassen.nl\/de\/hahn-verschiedene-grossen-fur-wasser-funktion-oder-brunnen\/#local-main-organization-logo"},"sameAs":["https:\/\/www.facebook.com\/TuincentrumEliassenAmmerzoden","https:\/\/www.instagram.com\/eliassenhomeandgarden\/","https:\/\/nl.pinterest.com\/eliassenhomeandgarden\/","https:\/\/www.youtube.com\/@eliassenhomegardenpleasure4558"],"telephone":[],"openingHoursSpecification":[{"@type":"OpeningHoursSpecification","dayOfWeek":["Monday","Tuesday","Wednesday","Thursday","Friday","Saturday","Sunday"],"opens":"09:00","closes":"17:00"}]},{"@type":"ImageObject","inLanguage":"de","@id":"https:\/\/www.eliassen.nl\/de\/hahn-verschiedene-grossen-fur-wasser-funktion-oder-brunnen\/#local-main-organization-logo","url":"https:\/\/www.eliassen.nl\/wp-content\/uploads\/2024\/01\/logo_4nd.jpg","contentUrl":"https:\/\/www.eliassen.nl\/wp-content\/uploads\/2024\/01\/logo_4nd.jpg","width":500,"height":500,"caption":"Eliassen Home & Garden Pleasure"}]},"og_availability":"instock","product_availability":"instock","product_retailer_item_id":"2610545","product_condition":"new"},"df_price":67.5,"df_sale_price":"","df_regular_price":67.5,"df_image_link":"https:\/\/www.eliassen.nl\/wp-content\/uploads\/2024\/01\/src115324384.jpg","image":"https:\/\/www.eliassen.nl\/wp-content\/uploads\/2024\/01\/src115324384.jpg","price_search":"<span class=\"woocommerce-Price-amount amount\"><bdi><span class=\"woocommerce-Price-currencySymbol\">&euro;<\/span>&nbsp;67,50<\/bdi><\/span>","category":"Teile Wasserspiele","global_unique_id":"8715191011583","_links":{"self":[{"href":"https:\/\/www.eliassen.nl\/de\/wp-json\/wp\/v2\/product\/127447","targetHints":{"allow":["GET"]}}],"collection":[{"href":"https:\/\/www.eliassen.nl\/de\/wp-json\/wp\/v2\/product"}],"about":[{"href":"https:\/\/www.eliassen.nl\/de\/wp-json\/wp\/v2\/types\/product"}],"wp:featuredmedia":[{"embeddable":true,"href":"https:\/\/www.eliassen.nl\/de\/wp-json\/wp\/v2\/media\/6640"}],"wp:attachment":[{"href":"https:\/\/www.eliassen.nl\/de\/wp-json\/wp\/v2\/media?parent=127447"}],"wp:term":[{"taxonomy":"product_brand","embeddable":true,"href":"https:\/\/www.eliassen.nl\/de\/wp-json\/wp\/v2\/product_brand?post=127447"},{"taxonomy":"product_cat","embeddable":true,"href":"https:\/\/www.eliassen.nl\/de\/wp-json\/wp\/v2\/product_cat?post=127447"},{"taxonomy":"product_tag","embeddable":true,"href":"https:\/\/www.eliassen.nl\/de\/wp-json\/wp\/v2\/product_tag?post=127447"}],"curies":[{"name":"wp","href":"https:\/\/api.w.org\/{rel}","templated":true}]}}