{"id":127427,"date":"2019-10-28T16:02:00","date_gmt":"2019-10-28T16:02:00","guid":{"rendered":"https:\/\/www.eliassen.nl\/?product=kunststoffwasserbehaelter-verschiedener-groessen"},"modified":"2026-02-23T09:06:34","modified_gmt":"2026-02-23T08:06:34","slug":"plastikwasserschale-in-verschiedenen-grossen-fur-ornament-oder-springbrunnen","status":"publish","type":"product","link":"https:\/\/www.eliassen.nl\/de\/plastikwasserschale-in-verschiedenen-grossen-fur-ornament-oder-springbrunnen\/","title":{"rendered":"Wasserbecken aus Kunststoff in verschiedenen Gr\u00f6\u00dfen f\u00fcr Ornamente oder Springbrunnen"},"content":{"rendered":"<p>Wasserbeh\u00e4lter aus robustem Polyethylen, frostbest\u00e4ndig. In verschiedenen Gr\u00f6\u00dfen. Je gr\u00f6\u00dfer die Kapazit\u00e4t, desto seltener muss Wasser nachgef\u00fcllt werden. Diese Tonnen werden normalerweise im Garten vergraben. Die Gr\u00f6\u00dfen 65 und 88 cm eignen sich auch f\u00fcr eine oberirdische Aufstellung in Kombination mit einer Abdeckung, die \u00fcber die Schale gelegt wird. Das Gewicht des Ornaments sollte nicht zu schwer sein. Sie k\u00f6nnen diese Beh\u00e4lter mit Polyesterdeckeln oder verzinkten Gittern versehen. Wenn Sie Gitterroste verwenden, legen Sie eine Teichfolie zwischen die Wasserschale und den Gitterrost, um Wasserverluste durch die Kapillarwirkung des Gitterrosts zu verhindern und um Spritzwasser aufzufangen und in die Schale zur\u00fcckzuleiten.<br \/>\n<span style=\"color: #ff0000;\"><strong>W\u00e4hlen Sie hier oben Ihre Version aus.  <\/strong><\/span><\/p>\n<p><span style=\"color: #ff0000;\"><strong>die 750-Liter-Wanne kann nur nach Vereinbarung abgeholt werden<\/strong><\/span><\/p>\n<p><span style=\"color: #000000;\">Gr\u00f6\u00dfen:<br \/>\n750ltr Durchmesser 122x82cm hoch  <\/span><br \/>\n<span style=\"color: #000000;\">500ltr Durchmesser 104x82cm hoch<br \/>\n275ltr Durchmesser 110x35cm hoch<br \/>\n230ltr Durchmesser 84x55cm hoch<br \/>\n90ltr Durchmesser 67x35cm hoch<br \/>\n65ltr Durchmesser 60x35cm hoch  <\/span><\/p>\n","protected":false},"excerpt":{"rendered":"<p>Wasserschale Kunststoff verschiedene Gr\u00f6\u00dfen<\/p>\n","protected":false},"featured_media":6607,"template":"","meta":{"_acf_changed":false,"_genesis_title":"","_genesis_description":""},"product_brand":[6916],"product_cat":[545,536],"product_tag":[],"class_list":{"0":"post-127427","1":"product","2":"type-product","3":"status-publish","4":"has-post-thumbnail","6":"product_brand-eliassen-de","7":"product_cat-teile-wasserspiele","8":"product_cat-wassereigenschaften","10":"first","11":"instock","12":"taxable","13":"shipping-taxable","14":"purchasable","15":"product-type-variable"},"acf":[],"meta_all":{"total_sales":"31","wcml_sync_hash":{"postmeta_fields":"99255ceaad3659b0cd9550be27e2c9e2"},"attr_label_translations":[],"cor_restricted_countries":[]},"meta_all_flat":{"total_sales":"31","wcml_sync_hash.postmeta_fields":"99255ceaad3659b0cd9550be27e2c9e2"},"yoast_head":"<!-- This site is optimized with the Yoast SEO Premium plugin v26.2 (Yoast SEO v27.2) - https:\/\/yoast.com\/product\/yoast-seo-premium-wordpress\/ -->\n<title>Wasserschale aus Kunststoff in verschiedenen Gr\u00f6\u00dfen f\u00fcr Ornamente oder Springbrunnen | Eliassen<\/title>\n<meta name=\"description\" content=\"Kaufen Sie bei Eliassen Wasserbecken aus Kunststoff in verschiedenen Gr\u00f6\u00dfen f\u00fcr Ornamente oder Springbrunnen online oder live im Ausstellungsraum. Bestellen Sie direkt online.\" \/>\n<meta name=\"robots\" content=\"index, follow, max-snippet:-1, max-image-preview:large, max-video-preview:-1\" \/>\n<link rel=\"canonical\" href=\"https:\/\/www.eliassen.nl\/de\/plastikwasserschale-in-verschiedenen-grossen-fur-ornament-oder-springbrunnen\/\" \/>\n<meta property=\"og:locale\" content=\"de_DE\" \/>\n<meta property=\"og:type\" content=\"article\" \/>\n<meta property=\"og:title\" content=\"Eliassen Wasserbecken aus Kunststoff in verschiedenen Gr\u00f6\u00dfen f\u00fcr Ornamente oder Springbrunnen - Eliassen.nl\" \/>\n<meta property=\"og:description\" content=\"Kaufen Sie bei Eliassen Wasserbecken aus Kunststoff in verschiedenen Gr\u00f6\u00dfen f\u00fcr Ornamente oder Springbrunnen online oder live im Ausstellungsraum. Bestellen Sie direkt online.\" \/>\n<meta property=\"og:url\" content=\"https:\/\/www.eliassen.nl\/de\/plastikwasserschale-in-verschiedenen-grossen-fur-ornament-oder-springbrunnen\/\" \/>\n<meta property=\"og:site_name\" content=\"Eliassen.nl\" \/>\n<meta property=\"article:publisher\" content=\"https:\/\/www.facebook.com\/TuincentrumEliassenAmmerzoden\" \/>\n<meta property=\"article:modified_time\" content=\"2026-02-23T08:06:34+00:00\" \/>\n<meta property=\"og:image\" content=\"https:\/\/www.eliassen.nl\/wp-content\/uploads\/2024\/01\/m5315008800.jpg\" \/>\n\t<meta property=\"og:image:width\" content=\"600\" \/>\n\t<meta property=\"og:image:height\" content=\"600\" \/>\n\t<meta property=\"og:image:type\" content=\"image\/jpeg\" \/>\n<meta name=\"twitter:card\" content=\"summary_large_image\" \/>\n<script type=\"application\/ld+json\" class=\"yoast-schema-graph\">{\"@context\":\"https:\/\/schema.org\",\"@graph\":[{\"@type\":\"WebPage\",\"@id\":\"https:\/\/www.eliassen.nl\/de\/plastikwasserschale-in-verschiedenen-grossen-fur-ornament-oder-springbrunnen\/\",\"url\":\"https:\/\/www.eliassen.nl\/de\/plastikwasserschale-in-verschiedenen-grossen-fur-ornament-oder-springbrunnen\/\",\"name\":\"Wasserschale aus Kunststoff in verschiedenen Gr\u00f6\u00dfen f\u00fcr Ornamente oder Springbrunnen | Eliassen\",\"isPartOf\":{\"@id\":\"https:\/\/www.eliassen.nl\/de\/#website\"},\"primaryImageOfPage\":{\"@id\":\"https:\/\/www.eliassen.nl\/de\/plastikwasserschale-in-verschiedenen-grossen-fur-ornament-oder-springbrunnen\/#primaryimage\"},\"image\":{\"@id\":\"https:\/\/www.eliassen.nl\/de\/plastikwasserschale-in-verschiedenen-grossen-fur-ornament-oder-springbrunnen\/#primaryimage\"},\"thumbnailUrl\":\"https:\/\/www.eliassen.nl\/wp-content\/uploads\/2024\/01\/m5315008800.jpg\",\"datePublished\":\"2019-10-28T16:02:00+00:00\",\"dateModified\":\"2026-02-23T08:06:34+00:00\",\"description\":\"Kaufen Sie bei Eliassen Wasserbecken aus Kunststoff in verschiedenen Gr\u00f6\u00dfen f\u00fcr Ornamente oder Springbrunnen online oder live im Ausstellungsraum. Bestellen Sie direkt online.\",\"breadcrumb\":{\"@id\":\"https:\/\/www.eliassen.nl\/de\/plastikwasserschale-in-verschiedenen-grossen-fur-ornament-oder-springbrunnen\/#breadcrumb\"},\"inLanguage\":\"de\",\"potentialAction\":[{\"@type\":\"ReadAction\",\"target\":[\"https:\/\/www.eliassen.nl\/de\/plastikwasserschale-in-verschiedenen-grossen-fur-ornament-oder-springbrunnen\/\"]}]},{\"@type\":\"ImageObject\",\"inLanguage\":\"de\",\"@id\":\"https:\/\/www.eliassen.nl\/de\/plastikwasserschale-in-verschiedenen-grossen-fur-ornament-oder-springbrunnen\/#primaryimage\",\"url\":\"https:\/\/www.eliassen.nl\/wp-content\/uploads\/2024\/01\/m5315008800.jpg\",\"contentUrl\":\"https:\/\/www.eliassen.nl\/wp-content\/uploads\/2024\/01\/m5315008800.jpg\",\"width\":600,\"height\":600,\"caption\":\"m5315008800\"},{\"@type\":\"BreadcrumbList\",\"@id\":\"https:\/\/www.eliassen.nl\/de\/plastikwasserschale-in-verschiedenen-grossen-fur-ornament-oder-springbrunnen\/#breadcrumb\",\"itemListElement\":[{\"@type\":\"ListItem\",\"position\":1,\"name\":\"Home\",\"item\":\"https:\/\/www.eliassen.nl\/de\/\"},{\"@type\":\"ListItem\",\"position\":2,\"name\":\"Shop\",\"item\":\"https:\/\/www.eliassen.nl\/de\/shop\/\"},{\"@type\":\"ListItem\",\"position\":3,\"name\":\"Wasserspiele\",\"item\":\"https:\/\/www.eliassen.nl\/de\/wassereigenschaften\/\"},{\"@type\":\"ListItem\",\"position\":4,\"name\":\"Teile Wasserspiele\",\"item\":\"https:\/\/www.eliassen.nl\/de\/wassereigenschaften\/teile-wasserspiele\/\"},{\"@type\":\"ListItem\",\"position\":5,\"name\":\"Wasserbecken aus Kunststoff in verschiedenen Gr\u00f6\u00dfen f\u00fcr Ornamente oder Springbrunnen\"}]},{\"@type\":\"WebSite\",\"@id\":\"https:\/\/www.eliassen.nl\/de\/#website\",\"url\":\"https:\/\/www.eliassen.nl\/de\/\",\"name\":\"Eliassen Home & Garden Pleasure\",\"description\":\"\",\"publisher\":{\"@id\":\"https:\/\/www.eliassen.nl\/de\/#organization\"},\"alternateName\":\"Eliassen.nl\",\"potentialAction\":[{\"@type\":\"SearchAction\",\"target\":{\"@type\":\"EntryPoint\",\"urlTemplate\":\"https:\/\/www.eliassen.nl\/de\/?s={search_term_string}\"},\"query-input\":{\"@type\":\"PropertyValueSpecification\",\"valueRequired\":true,\"valueName\":\"search_term_string\"}}],\"inLanguage\":\"de\"},{\"@type\":[\"Organization\",\"Place\"],\"@id\":\"https:\/\/www.eliassen.nl\/de\/#organization\",\"name\":\"Eliassen Home & Garden Pleasure\",\"url\":\"https:\/\/www.eliassen.nl\/de\/\",\"logo\":{\"@id\":\"https:\/\/www.eliassen.nl\/de\/plastikwasserschale-in-verschiedenen-grossen-fur-ornament-oder-springbrunnen\/#local-main-organization-logo\"},\"image\":{\"@id\":\"https:\/\/www.eliassen.nl\/de\/plastikwasserschale-in-verschiedenen-grossen-fur-ornament-oder-springbrunnen\/#local-main-organization-logo\"},\"sameAs\":[\"https:\/\/www.facebook.com\/TuincentrumEliassenAmmerzoden\",\"https:\/\/www.instagram.com\/eliassenhomeandgarden\/\",\"https:\/\/nl.pinterest.com\/eliassenhomeandgarden\/\",\"https:\/\/www.youtube.com\/@eliassenhomegardenpleasure4558\"],\"telephone\":[],\"openingHoursSpecification\":[{\"@type\":\"OpeningHoursSpecification\",\"dayOfWeek\":[\"Monday\",\"Tuesday\",\"Wednesday\",\"Thursday\",\"Friday\",\"Saturday\",\"Sunday\"],\"opens\":\"09:00\",\"closes\":\"17:00\"}]},{\"@type\":\"ImageObject\",\"inLanguage\":\"de\",\"@id\":\"https:\/\/www.eliassen.nl\/de\/plastikwasserschale-in-verschiedenen-grossen-fur-ornament-oder-springbrunnen\/#local-main-organization-logo\",\"url\":\"https:\/\/www.eliassen.nl\/wp-content\/uploads\/2024\/01\/logo_4nd.jpg\",\"contentUrl\":\"https:\/\/www.eliassen.nl\/wp-content\/uploads\/2024\/01\/logo_4nd.jpg\",\"width\":500,\"height\":500,\"caption\":\"Eliassen Home & Garden Pleasure\"}]}<\/script>\n<meta property=\"og:availability\" content=\"instock\" \/>\n<meta property=\"product:availability\" content=\"instock\" \/>\n<meta property=\"product:retailer_item_id\" content=\"2610038\" \/>\n<meta property=\"product:condition\" content=\"new\" \/>\n<!-- \/ Yoast SEO Premium plugin. -->","yoast_head_json":{"title":"Wasserschale aus Kunststoff in verschiedenen Gr\u00f6\u00dfen f\u00fcr Ornamente oder Springbrunnen | Eliassen","description":"Kaufen Sie bei Eliassen Wasserbecken aus Kunststoff in verschiedenen Gr\u00f6\u00dfen f\u00fcr Ornamente oder Springbrunnen online oder live im Ausstellungsraum. Bestellen Sie direkt online.","robots":{"index":"index","follow":"follow","max-snippet":"max-snippet:-1","max-image-preview":"max-image-preview:large","max-video-preview":"max-video-preview:-1"},"canonical":"https:\/\/www.eliassen.nl\/de\/plastikwasserschale-in-verschiedenen-grossen-fur-ornament-oder-springbrunnen\/","og_locale":"de_DE","og_type":"article","og_title":"Eliassen Wasserbecken aus Kunststoff in verschiedenen Gr\u00f6\u00dfen f\u00fcr Ornamente oder Springbrunnen - Eliassen.nl","og_description":"Kaufen Sie bei Eliassen Wasserbecken aus Kunststoff in verschiedenen Gr\u00f6\u00dfen f\u00fcr Ornamente oder Springbrunnen online oder live im Ausstellungsraum. Bestellen Sie direkt online.","og_url":"https:\/\/www.eliassen.nl\/de\/plastikwasserschale-in-verschiedenen-grossen-fur-ornament-oder-springbrunnen\/","og_site_name":"Eliassen.nl","article_publisher":"https:\/\/www.facebook.com\/TuincentrumEliassenAmmerzoden","article_modified_time":"2026-02-23T08:06:34+00:00","og_image":[{"width":600,"height":600,"url":"https:\/\/www.eliassen.nl\/wp-content\/uploads\/2024\/01\/m5315008800.jpg","type":"image\/jpeg"}],"twitter_card":"summary_large_image","schema":{"@context":"https:\/\/schema.org","@graph":[{"@type":"WebPage","@id":"https:\/\/www.eliassen.nl\/de\/plastikwasserschale-in-verschiedenen-grossen-fur-ornament-oder-springbrunnen\/","url":"https:\/\/www.eliassen.nl\/de\/plastikwasserschale-in-verschiedenen-grossen-fur-ornament-oder-springbrunnen\/","name":"Wasserschale aus Kunststoff in verschiedenen Gr\u00f6\u00dfen f\u00fcr Ornamente oder Springbrunnen | Eliassen","isPartOf":{"@id":"https:\/\/www.eliassen.nl\/de\/#website"},"primaryImageOfPage":{"@id":"https:\/\/www.eliassen.nl\/de\/plastikwasserschale-in-verschiedenen-grossen-fur-ornament-oder-springbrunnen\/#primaryimage"},"image":{"@id":"https:\/\/www.eliassen.nl\/de\/plastikwasserschale-in-verschiedenen-grossen-fur-ornament-oder-springbrunnen\/#primaryimage"},"thumbnailUrl":"https:\/\/www.eliassen.nl\/wp-content\/uploads\/2024\/01\/m5315008800.jpg","datePublished":"2019-10-28T16:02:00+00:00","dateModified":"2026-02-23T08:06:34+00:00","description":"Kaufen Sie bei Eliassen Wasserbecken aus Kunststoff in verschiedenen Gr\u00f6\u00dfen f\u00fcr Ornamente oder Springbrunnen online oder live im Ausstellungsraum. Bestellen Sie direkt online.","breadcrumb":{"@id":"https:\/\/www.eliassen.nl\/de\/plastikwasserschale-in-verschiedenen-grossen-fur-ornament-oder-springbrunnen\/#breadcrumb"},"inLanguage":"de","potentialAction":[{"@type":"ReadAction","target":["https:\/\/www.eliassen.nl\/de\/plastikwasserschale-in-verschiedenen-grossen-fur-ornament-oder-springbrunnen\/"]}]},{"@type":"ImageObject","inLanguage":"de","@id":"https:\/\/www.eliassen.nl\/de\/plastikwasserschale-in-verschiedenen-grossen-fur-ornament-oder-springbrunnen\/#primaryimage","url":"https:\/\/www.eliassen.nl\/wp-content\/uploads\/2024\/01\/m5315008800.jpg","contentUrl":"https:\/\/www.eliassen.nl\/wp-content\/uploads\/2024\/01\/m5315008800.jpg","width":600,"height":600,"caption":"m5315008800"},{"@type":"BreadcrumbList","@id":"https:\/\/www.eliassen.nl\/de\/plastikwasserschale-in-verschiedenen-grossen-fur-ornament-oder-springbrunnen\/#breadcrumb","itemListElement":[{"@type":"ListItem","position":1,"name":"Home","item":"https:\/\/www.eliassen.nl\/de\/"},{"@type":"ListItem","position":2,"name":"Shop","item":"https:\/\/www.eliassen.nl\/de\/shop\/"},{"@type":"ListItem","position":3,"name":"Wasserspiele","item":"https:\/\/www.eliassen.nl\/de\/wassereigenschaften\/"},{"@type":"ListItem","position":4,"name":"Teile Wasserspiele","item":"https:\/\/www.eliassen.nl\/de\/wassereigenschaften\/teile-wasserspiele\/"},{"@type":"ListItem","position":5,"name":"Wasserbecken aus Kunststoff in verschiedenen Gr\u00f6\u00dfen f\u00fcr Ornamente oder Springbrunnen"}]},{"@type":"WebSite","@id":"https:\/\/www.eliassen.nl\/de\/#website","url":"https:\/\/www.eliassen.nl\/de\/","name":"Eliassen Home & Garden Pleasure","description":"","publisher":{"@id":"https:\/\/www.eliassen.nl\/de\/#organization"},"alternateName":"Eliassen.nl","potentialAction":[{"@type":"SearchAction","target":{"@type":"EntryPoint","urlTemplate":"https:\/\/www.eliassen.nl\/de\/?s={search_term_string}"},"query-input":{"@type":"PropertyValueSpecification","valueRequired":true,"valueName":"search_term_string"}}],"inLanguage":"de"},{"@type":["Organization","Place"],"@id":"https:\/\/www.eliassen.nl\/de\/#organization","name":"Eliassen Home & Garden Pleasure","url":"https:\/\/www.eliassen.nl\/de\/","logo":{"@id":"https:\/\/www.eliassen.nl\/de\/plastikwasserschale-in-verschiedenen-grossen-fur-ornament-oder-springbrunnen\/#local-main-organization-logo"},"image":{"@id":"https:\/\/www.eliassen.nl\/de\/plastikwasserschale-in-verschiedenen-grossen-fur-ornament-oder-springbrunnen\/#local-main-organization-logo"},"sameAs":["https:\/\/www.facebook.com\/TuincentrumEliassenAmmerzoden","https:\/\/www.instagram.com\/eliassenhomeandgarden\/","https:\/\/nl.pinterest.com\/eliassenhomeandgarden\/","https:\/\/www.youtube.com\/@eliassenhomegardenpleasure4558"],"telephone":[],"openingHoursSpecification":[{"@type":"OpeningHoursSpecification","dayOfWeek":["Monday","Tuesday","Wednesday","Thursday","Friday","Saturday","Sunday"],"opens":"09:00","closes":"17:00"}]},{"@type":"ImageObject","inLanguage":"de","@id":"https:\/\/www.eliassen.nl\/de\/plastikwasserschale-in-verschiedenen-grossen-fur-ornament-oder-springbrunnen\/#local-main-organization-logo","url":"https:\/\/www.eliassen.nl\/wp-content\/uploads\/2024\/01\/logo_4nd.jpg","contentUrl":"https:\/\/www.eliassen.nl\/wp-content\/uploads\/2024\/01\/logo_4nd.jpg","width":500,"height":500,"caption":"Eliassen Home & Garden Pleasure"}]},"og_availability":"instock","product_availability":"instock","product_retailer_item_id":"2610038","product_condition":"new"},"df_price":12.5,"df_sale_price":"","df_regular_price":12.5,"df_image_link":"https:\/\/www.eliassen.nl\/wp-content\/uploads\/2024\/01\/m5315008800.jpg","image":"https:\/\/www.eliassen.nl\/wp-content\/uploads\/2024\/01\/m5315008800.jpg","price_search":"<span class=\"woocommerce-Price-amount amount\"><bdi><span class=\"woocommerce-Price-currencySymbol\">&euro;<\/span>&nbsp;12,50<\/bdi><\/span>","category":"Teile Wasserspiele","global_unique_id":"8713331610191","_links":{"self":[{"href":"https:\/\/www.eliassen.nl\/de\/wp-json\/wp\/v2\/product\/127427","targetHints":{"allow":["GET"]}}],"collection":[{"href":"https:\/\/www.eliassen.nl\/de\/wp-json\/wp\/v2\/product"}],"about":[{"href":"https:\/\/www.eliassen.nl\/de\/wp-json\/wp\/v2\/types\/product"}],"wp:featuredmedia":[{"embeddable":true,"href":"https:\/\/www.eliassen.nl\/de\/wp-json\/wp\/v2\/media\/6607"}],"wp:attachment":[{"href":"https:\/\/www.eliassen.nl\/de\/wp-json\/wp\/v2\/media?parent=127427"}],"wp:term":[{"taxonomy":"product_brand","embeddable":true,"href":"https:\/\/www.eliassen.nl\/de\/wp-json\/wp\/v2\/product_brand?post=127427"},{"taxonomy":"product_cat","embeddable":true,"href":"https:\/\/www.eliassen.nl\/de\/wp-json\/wp\/v2\/product_cat?post=127427"},{"taxonomy":"product_tag","embeddable":true,"href":"https:\/\/www.eliassen.nl\/de\/wp-json\/wp\/v2\/product_tag?post=127427"}],"curies":[{"name":"wp","href":"https:\/\/api.w.org\/{rel}","templated":true}]}}