{"id":127376,"date":"2019-10-28T16:01:39","date_gmt":"2019-10-28T16:01:39","guid":{"rendered":"https:\/\/www.eliassen.nl\/?product=ubbink-watervalset-niagara-mit-leds-in-zwei-groess"},"modified":"2026-02-23T09:06:45","modified_gmt":"2026-02-23T08:06:45","slug":"wasserfall-set-mit-leds-ubbink-edelstahl-niagara-in-2-grossen","status":"publish","type":"product","link":"https:\/\/www.eliassen.nl\/de\/wasserfall-set-mit-leds-ubbink-edelstahl-niagara-in-2-grossen\/","title":{"rendered":"Wasserabscheider-Set mit LEDs Ubbink RVS Niagara in 2 Gr\u00f6\u00dfen"},"content":{"rendered":"<p><strong>M\u00f6chten Sie den Ausstellungsraum daf\u00fcr besuchen? Kontaktieren Sie uns im Voraus!<\/strong><\/p>\n<p>Die patentierten Niagara-Wasserfallelemente aus Edelstahl sind au\u00dfergew\u00f6hnlich sch\u00f6n. Sie k\u00f6nnen eingemauert oder an einer Wand befestigt werden. In Kombination mit der richtigen Teichpumpe entsteht ein breiter Wasserfilm, der ger\u00e4uschlos in den Teich oder das Auffangbecken zur\u00fcckflie\u00dft.<\/p>\n<p>Mit zwei Anschlussm\u00f6glichkeiten an der R\u00fcckseite oder Unterseite 1&#8243; Innengewinde und 25 mm Schlauchanschluss. Inklusive Schrauben und D\u00fcbeln.<\/p>\n<p>Haben Sie eine Frage zu diesem Artikel? Wenn ja, k\u00f6nnen Sie uns gerne kontaktieren.  <\/p>\n<p><strong>Spezifikationen Niagara LED Set 30:<\/strong><\/p>\n<ul>\n<li>Komplettes Wasserabscheider-Set mit einer maximalen Montageh\u00f6he von 75 cm<\/li>\n<li>Niagara 30 LED-Wasserfall<\/li>\n<li>Pumpe 2300 l\/h<\/li>\n<li>2-Meter-Teichschlauch<\/li>\n<li>Springbrunnen Teich 65L<\/li>\n<li>Ma\u00dfe des Sammelbeckens (LxBxH): 70 x 40 x 30 cm.<\/li>\n<\/ul>\n<p><strong>Spezifikationen Niagara LED Set 60:<\/strong><\/p>\n<ul>\n<li>Komplettes Wasserabscheider-Set mit einer maximalen Montageh\u00f6he von 50 cm.<\/li>\n<li>Niagara 60 LED Wasserfall<\/li>\n<li>Pumpe 3900 l\/h<\/li>\n<li>2-Meter-Teichschlauch<\/li>\n<li>Springbrunnen Teich 65L<\/li>\n<li>Ma\u00dfe des Tabletts (LxBxH): 70 x 40 x 30 cm<\/li>\n<\/ul>\n<p><iframe src=\"http:\/\/www.youtube.com\/embed\/RjDEJ1F2kFw\" width=\"425\" height=\"350\" frameborder=\"0\"><\/iframe><\/p>\n<p>Besuchen Sie unseren Ausstellungsraum, um viele Modelle live zu bewundern!<\/p>\n","protected":false},"excerpt":{"rendered":"<p>M\u00f6chten Sie den Ausstellungsraum daf\u00fcr besuchen? Kontaktieren Sie uns im Voraus!<\/p>\n","protected":false},"featured_media":6493,"template":"","meta":{"_acf_changed":false,"_genesis_title":"","_genesis_description":""},"product_brand":[6952],"product_cat":[575,578,536,566],"product_tag":[],"class_list":{"0":"post-127376","1":"product","2":"type-product","3":"status-publish","4":"has-post-thumbnail","6":"product_brand-acqua-arte-de","7":"product_cat-ubbink-wasserspiele","8":"product_cat-wasserfaelle-und-wasserschalen","9":"product_cat-wassereigenschaften","10":"product_cat-wasserspiele-aus-edelstahl","12":"first","13":"instock","14":"sale","15":"taxable","16":"shipping-taxable","17":"purchasable","18":"product-type-variable"},"acf":[],"meta_all":{"total_sales":"0","wcml_sync_hash":{"postmeta_fields":"1023296873aff78b6e7e0e3fcfd870f6"},"attr_label_translations":[]},"meta_all_flat":{"total_sales":"0","wcml_sync_hash.postmeta_fields":"1023296873aff78b6e7e0e3fcfd870f6"},"yoast_head":"<!-- This site is optimized with the Yoast SEO Premium plugin v26.2 (Yoast SEO v27.2) - https:\/\/yoast.com\/product\/yoast-seo-premium-wordpress\/ -->\n<title>Wasserabscheider-Set mit LEDs Ubbink RVS Niagara in 2 Gr\u00f6\u00dfen | Eliassen<\/title>\n<meta name=\"description\" content=\"Ubbink Wasserabscheider-Set in 2 Gr\u00f6\u00dfen f\u00fcr den Garten. Mit 2 Anschlussm\u00f6glichkeiten. M\u00f6chten Sie weitere komplette Wasserfall-Sets sehen? Besuchen Sie unseren Ausstellungsraum in Ammerzoden!\" \/>\n<meta name=\"robots\" content=\"index, follow, max-snippet:-1, max-image-preview:large, max-video-preview:-1\" \/>\n<link rel=\"canonical\" href=\"https:\/\/www.eliassen.nl\/de\/wasserfall-set-mit-leds-ubbink-edelstahl-niagara-in-2-grossen\/\" \/>\n<meta property=\"og:locale\" content=\"de_DE\" \/>\n<meta property=\"og:type\" content=\"article\" \/>\n<meta property=\"og:title\" content=\"Acqua Arte Wasserabscheider-Set mit LEDs Ubbink RVS Niagara in 2 Gr\u00f6\u00dfen - Eliassen.nl\" \/>\n<meta property=\"og:description\" content=\"Ubbink Wasserabscheider-Set in 2 Gr\u00f6\u00dfen f\u00fcr den Garten. Mit 2 Anschlussm\u00f6glichkeiten. M\u00f6chten Sie weitere komplette Wasserfall-Sets sehen? Besuchen Sie unseren Ausstellungsraum in Ammerzoden!\" \/>\n<meta property=\"og:url\" content=\"https:\/\/www.eliassen.nl\/de\/wasserfall-set-mit-leds-ubbink-edelstahl-niagara-in-2-grossen\/\" \/>\n<meta property=\"og:site_name\" content=\"Eliassen.nl\" \/>\n<meta property=\"article:publisher\" content=\"https:\/\/www.facebook.com\/TuincentrumEliassenAmmerzoden\" \/>\n<meta property=\"article:modified_time\" content=\"2026-02-23T08:06:45+00:00\" \/>\n<meta property=\"og:image\" content=\"https:\/\/www.eliassen.nl\/wp-content\/uploads\/2024\/01\/watervalsetmetledsubbinkrvsniagarain2maten.jpg\" \/>\n\t<meta property=\"og:image:width\" content=\"1024\" \/>\n\t<meta property=\"og:image:height\" content=\"741\" \/>\n\t<meta property=\"og:image:type\" content=\"image\/jpeg\" \/>\n<meta name=\"twitter:card\" content=\"summary_large_image\" \/>\n<script type=\"application\/ld+json\" class=\"yoast-schema-graph\">{\"@context\":\"https:\/\/schema.org\",\"@graph\":[{\"@type\":\"WebPage\",\"@id\":\"https:\/\/www.eliassen.nl\/de\/wasserfall-set-mit-leds-ubbink-edelstahl-niagara-in-2-grossen\/\",\"url\":\"https:\/\/www.eliassen.nl\/de\/wasserfall-set-mit-leds-ubbink-edelstahl-niagara-in-2-grossen\/\",\"name\":\"Wasserabscheider-Set mit LEDs Ubbink RVS Niagara in 2 Gr\u00f6\u00dfen | Eliassen\",\"isPartOf\":{\"@id\":\"https:\/\/www.eliassen.nl\/de\/#website\"},\"primaryImageOfPage\":{\"@id\":\"https:\/\/www.eliassen.nl\/de\/wasserfall-set-mit-leds-ubbink-edelstahl-niagara-in-2-grossen\/#primaryimage\"},\"image\":{\"@id\":\"https:\/\/www.eliassen.nl\/de\/wasserfall-set-mit-leds-ubbink-edelstahl-niagara-in-2-grossen\/#primaryimage\"},\"thumbnailUrl\":\"https:\/\/www.eliassen.nl\/wp-content\/uploads\/2024\/01\/watervalsetmetledsubbinkrvsniagarain2maten.jpg\",\"datePublished\":\"2019-10-28T16:01:39+00:00\",\"dateModified\":\"2026-02-23T08:06:45+00:00\",\"description\":\"Ubbink Wasserabscheider-Set in 2 Gr\u00f6\u00dfen f\u00fcr den Garten. Mit 2 Anschlussm\u00f6glichkeiten. M\u00f6chten Sie weitere komplette Wasserfall-Sets sehen? Besuchen Sie unseren Ausstellungsraum in Ammerzoden!\",\"breadcrumb\":{\"@id\":\"https:\/\/www.eliassen.nl\/de\/wasserfall-set-mit-leds-ubbink-edelstahl-niagara-in-2-grossen\/#breadcrumb\"},\"inLanguage\":\"de\",\"potentialAction\":[{\"@type\":\"ReadAction\",\"target\":[\"https:\/\/www.eliassen.nl\/de\/wasserfall-set-mit-leds-ubbink-edelstahl-niagara-in-2-grossen\/\"]}]},{\"@type\":\"ImageObject\",\"inLanguage\":\"de\",\"@id\":\"https:\/\/www.eliassen.nl\/de\/wasserfall-set-mit-leds-ubbink-edelstahl-niagara-in-2-grossen\/#primaryimage\",\"url\":\"https:\/\/www.eliassen.nl\/wp-content\/uploads\/2024\/01\/watervalsetmetledsubbinkrvsniagarain2maten.jpg\",\"contentUrl\":\"https:\/\/www.eliassen.nl\/wp-content\/uploads\/2024\/01\/watervalsetmetledsubbinkrvsniagarain2maten.jpg\",\"width\":1024,\"height\":741,\"caption\":\"Wasserfall-Set mit LEDs Ubbink RVS Niagara in 2 Gr\u00f6\u00dfen - Eliassen.nl\"},{\"@type\":\"BreadcrumbList\",\"@id\":\"https:\/\/www.eliassen.nl\/de\/wasserfall-set-mit-leds-ubbink-edelstahl-niagara-in-2-grossen\/#breadcrumb\",\"itemListElement\":[{\"@type\":\"ListItem\",\"position\":1,\"name\":\"Home\",\"item\":\"https:\/\/www.eliassen.nl\/de\/\"},{\"@type\":\"ListItem\",\"position\":2,\"name\":\"Shop\",\"item\":\"https:\/\/www.eliassen.nl\/de\/shop\/\"},{\"@type\":\"ListItem\",\"position\":3,\"name\":\"Wasserspiele\",\"item\":\"https:\/\/www.eliassen.nl\/de\/wassereigenschaften\/\"},{\"@type\":\"ListItem\",\"position\":4,\"name\":\"Ubbink-Wasserspiele\",\"item\":\"https:\/\/www.eliassen.nl\/de\/wassereigenschaften\/ubbink-wasserspiele\/\"},{\"@type\":\"ListItem\",\"position\":5,\"name\":\"Wasserabscheider-Set mit LEDs Ubbink RVS Niagara in 2 Gr\u00f6\u00dfen\"}]},{\"@type\":\"WebSite\",\"@id\":\"https:\/\/www.eliassen.nl\/de\/#website\",\"url\":\"https:\/\/www.eliassen.nl\/de\/\",\"name\":\"Eliassen Home & Garden Pleasure\",\"description\":\"\",\"publisher\":{\"@id\":\"https:\/\/www.eliassen.nl\/de\/#organization\"},\"alternateName\":\"Eliassen.nl\",\"potentialAction\":[{\"@type\":\"SearchAction\",\"target\":{\"@type\":\"EntryPoint\",\"urlTemplate\":\"https:\/\/www.eliassen.nl\/de\/?s={search_term_string}\"},\"query-input\":{\"@type\":\"PropertyValueSpecification\",\"valueRequired\":true,\"valueName\":\"search_term_string\"}}],\"inLanguage\":\"de\"},{\"@type\":[\"Organization\",\"Place\"],\"@id\":\"https:\/\/www.eliassen.nl\/de\/#organization\",\"name\":\"Eliassen Home & Garden Pleasure\",\"url\":\"https:\/\/www.eliassen.nl\/de\/\",\"logo\":{\"@id\":\"https:\/\/www.eliassen.nl\/de\/wasserfall-set-mit-leds-ubbink-edelstahl-niagara-in-2-grossen\/#local-main-organization-logo\"},\"image\":{\"@id\":\"https:\/\/www.eliassen.nl\/de\/wasserfall-set-mit-leds-ubbink-edelstahl-niagara-in-2-grossen\/#local-main-organization-logo\"},\"sameAs\":[\"https:\/\/www.facebook.com\/TuincentrumEliassenAmmerzoden\",\"https:\/\/www.instagram.com\/eliassenhomeandgarden\/\",\"https:\/\/nl.pinterest.com\/eliassenhomeandgarden\/\",\"https:\/\/www.youtube.com\/@eliassenhomegardenpleasure4558\"],\"telephone\":[],\"openingHoursSpecification\":[{\"@type\":\"OpeningHoursSpecification\",\"dayOfWeek\":[\"Monday\",\"Tuesday\",\"Wednesday\",\"Thursday\",\"Friday\",\"Saturday\",\"Sunday\"],\"opens\":\"09:00\",\"closes\":\"17:00\"}]},{\"@type\":\"ImageObject\",\"inLanguage\":\"de\",\"@id\":\"https:\/\/www.eliassen.nl\/de\/wasserfall-set-mit-leds-ubbink-edelstahl-niagara-in-2-grossen\/#local-main-organization-logo\",\"url\":\"https:\/\/www.eliassen.nl\/wp-content\/uploads\/2024\/01\/logo_4nd.jpg\",\"contentUrl\":\"https:\/\/www.eliassen.nl\/wp-content\/uploads\/2024\/01\/logo_4nd.jpg\",\"width\":500,\"height\":500,\"caption\":\"Eliassen Home & Garden Pleasure\"}]}<\/script>\n<meta property=\"og:availability\" content=\"instock\" \/>\n<meta property=\"product:availability\" content=\"instock\" \/>\n<meta property=\"product:retailer_item_id\" content=\"1312098\" \/>\n<meta property=\"product:condition\" content=\"new\" \/>\n<!-- \/ Yoast SEO Premium plugin. -->","yoast_head_json":{"title":"Wasserabscheider-Set mit LEDs Ubbink RVS Niagara in 2 Gr\u00f6\u00dfen | Eliassen","description":"Ubbink Wasserabscheider-Set in 2 Gr\u00f6\u00dfen f\u00fcr den Garten. Mit 2 Anschlussm\u00f6glichkeiten. M\u00f6chten Sie weitere komplette Wasserfall-Sets sehen? Besuchen Sie unseren Ausstellungsraum in Ammerzoden!","robots":{"index":"index","follow":"follow","max-snippet":"max-snippet:-1","max-image-preview":"max-image-preview:large","max-video-preview":"max-video-preview:-1"},"canonical":"https:\/\/www.eliassen.nl\/de\/wasserfall-set-mit-leds-ubbink-edelstahl-niagara-in-2-grossen\/","og_locale":"de_DE","og_type":"article","og_title":"Acqua Arte Wasserabscheider-Set mit LEDs Ubbink RVS Niagara in 2 Gr\u00f6\u00dfen - Eliassen.nl","og_description":"Ubbink Wasserabscheider-Set in 2 Gr\u00f6\u00dfen f\u00fcr den Garten. Mit 2 Anschlussm\u00f6glichkeiten. M\u00f6chten Sie weitere komplette Wasserfall-Sets sehen? Besuchen Sie unseren Ausstellungsraum in Ammerzoden!","og_url":"https:\/\/www.eliassen.nl\/de\/wasserfall-set-mit-leds-ubbink-edelstahl-niagara-in-2-grossen\/","og_site_name":"Eliassen.nl","article_publisher":"https:\/\/www.facebook.com\/TuincentrumEliassenAmmerzoden","article_modified_time":"2026-02-23T08:06:45+00:00","og_image":[{"width":1024,"height":741,"url":"https:\/\/www.eliassen.nl\/wp-content\/uploads\/2024\/01\/watervalsetmetledsubbinkrvsniagarain2maten.jpg","type":"image\/jpeg"}],"twitter_card":"summary_large_image","schema":{"@context":"https:\/\/schema.org","@graph":[{"@type":"WebPage","@id":"https:\/\/www.eliassen.nl\/de\/wasserfall-set-mit-leds-ubbink-edelstahl-niagara-in-2-grossen\/","url":"https:\/\/www.eliassen.nl\/de\/wasserfall-set-mit-leds-ubbink-edelstahl-niagara-in-2-grossen\/","name":"Wasserabscheider-Set mit LEDs Ubbink RVS Niagara in 2 Gr\u00f6\u00dfen | Eliassen","isPartOf":{"@id":"https:\/\/www.eliassen.nl\/de\/#website"},"primaryImageOfPage":{"@id":"https:\/\/www.eliassen.nl\/de\/wasserfall-set-mit-leds-ubbink-edelstahl-niagara-in-2-grossen\/#primaryimage"},"image":{"@id":"https:\/\/www.eliassen.nl\/de\/wasserfall-set-mit-leds-ubbink-edelstahl-niagara-in-2-grossen\/#primaryimage"},"thumbnailUrl":"https:\/\/www.eliassen.nl\/wp-content\/uploads\/2024\/01\/watervalsetmetledsubbinkrvsniagarain2maten.jpg","datePublished":"2019-10-28T16:01:39+00:00","dateModified":"2026-02-23T08:06:45+00:00","description":"Ubbink Wasserabscheider-Set in 2 Gr\u00f6\u00dfen f\u00fcr den Garten. Mit 2 Anschlussm\u00f6glichkeiten. M\u00f6chten Sie weitere komplette Wasserfall-Sets sehen? Besuchen Sie unseren Ausstellungsraum in Ammerzoden!","breadcrumb":{"@id":"https:\/\/www.eliassen.nl\/de\/wasserfall-set-mit-leds-ubbink-edelstahl-niagara-in-2-grossen\/#breadcrumb"},"inLanguage":"de","potentialAction":[{"@type":"ReadAction","target":["https:\/\/www.eliassen.nl\/de\/wasserfall-set-mit-leds-ubbink-edelstahl-niagara-in-2-grossen\/"]}]},{"@type":"ImageObject","inLanguage":"de","@id":"https:\/\/www.eliassen.nl\/de\/wasserfall-set-mit-leds-ubbink-edelstahl-niagara-in-2-grossen\/#primaryimage","url":"https:\/\/www.eliassen.nl\/wp-content\/uploads\/2024\/01\/watervalsetmetledsubbinkrvsniagarain2maten.jpg","contentUrl":"https:\/\/www.eliassen.nl\/wp-content\/uploads\/2024\/01\/watervalsetmetledsubbinkrvsniagarain2maten.jpg","width":1024,"height":741,"caption":"Wasserfall-Set mit LEDs Ubbink RVS Niagara in 2 Gr\u00f6\u00dfen - Eliassen.nl"},{"@type":"BreadcrumbList","@id":"https:\/\/www.eliassen.nl\/de\/wasserfall-set-mit-leds-ubbink-edelstahl-niagara-in-2-grossen\/#breadcrumb","itemListElement":[{"@type":"ListItem","position":1,"name":"Home","item":"https:\/\/www.eliassen.nl\/de\/"},{"@type":"ListItem","position":2,"name":"Shop","item":"https:\/\/www.eliassen.nl\/de\/shop\/"},{"@type":"ListItem","position":3,"name":"Wasserspiele","item":"https:\/\/www.eliassen.nl\/de\/wassereigenschaften\/"},{"@type":"ListItem","position":4,"name":"Ubbink-Wasserspiele","item":"https:\/\/www.eliassen.nl\/de\/wassereigenschaften\/ubbink-wasserspiele\/"},{"@type":"ListItem","position":5,"name":"Wasserabscheider-Set mit LEDs Ubbink RVS Niagara in 2 Gr\u00f6\u00dfen"}]},{"@type":"WebSite","@id":"https:\/\/www.eliassen.nl\/de\/#website","url":"https:\/\/www.eliassen.nl\/de\/","name":"Eliassen Home & Garden Pleasure","description":"","publisher":{"@id":"https:\/\/www.eliassen.nl\/de\/#organization"},"alternateName":"Eliassen.nl","potentialAction":[{"@type":"SearchAction","target":{"@type":"EntryPoint","urlTemplate":"https:\/\/www.eliassen.nl\/de\/?s={search_term_string}"},"query-input":{"@type":"PropertyValueSpecification","valueRequired":true,"valueName":"search_term_string"}}],"inLanguage":"de"},{"@type":["Organization","Place"],"@id":"https:\/\/www.eliassen.nl\/de\/#organization","name":"Eliassen Home & Garden Pleasure","url":"https:\/\/www.eliassen.nl\/de\/","logo":{"@id":"https:\/\/www.eliassen.nl\/de\/wasserfall-set-mit-leds-ubbink-edelstahl-niagara-in-2-grossen\/#local-main-organization-logo"},"image":{"@id":"https:\/\/www.eliassen.nl\/de\/wasserfall-set-mit-leds-ubbink-edelstahl-niagara-in-2-grossen\/#local-main-organization-logo"},"sameAs":["https:\/\/www.facebook.com\/TuincentrumEliassenAmmerzoden","https:\/\/www.instagram.com\/eliassenhomeandgarden\/","https:\/\/nl.pinterest.com\/eliassenhomeandgarden\/","https:\/\/www.youtube.com\/@eliassenhomegardenpleasure4558"],"telephone":[],"openingHoursSpecification":[{"@type":"OpeningHoursSpecification","dayOfWeek":["Monday","Tuesday","Wednesday","Thursday","Friday","Saturday","Sunday"],"opens":"09:00","closes":"17:00"}]},{"@type":"ImageObject","inLanguage":"de","@id":"https:\/\/www.eliassen.nl\/de\/wasserfall-set-mit-leds-ubbink-edelstahl-niagara-in-2-grossen\/#local-main-organization-logo","url":"https:\/\/www.eliassen.nl\/wp-content\/uploads\/2024\/01\/logo_4nd.jpg","contentUrl":"https:\/\/www.eliassen.nl\/wp-content\/uploads\/2024\/01\/logo_4nd.jpg","width":500,"height":500,"caption":"Eliassen Home & Garden Pleasure"}]},"og_availability":"instock","product_availability":"instock","product_retailer_item_id":"1312098","product_condition":"new"},"df_price":175,"df_sale_price":"","df_regular_price":175,"df_image_link":"https:\/\/www.eliassen.nl\/wp-content\/uploads\/2024\/01\/watervalsetmetledsubbinkrvsniagarain2maten.jpg","image":"https:\/\/www.eliassen.nl\/wp-content\/uploads\/2024\/01\/watervalsetmetledsubbinkrvsniagarain2maten.jpg","price_search":"<span class=\"woocommerce-Price-amount amount\"><bdi><span class=\"woocommerce-Price-currencySymbol\">&euro;<\/span>&nbsp;175,00<\/bdi><\/span>","category":"Ubbink-Wasserspiele","global_unique_id":"8711465120982","_links":{"self":[{"href":"https:\/\/www.eliassen.nl\/de\/wp-json\/wp\/v2\/product\/127376","targetHints":{"allow":["GET"]}}],"collection":[{"href":"https:\/\/www.eliassen.nl\/de\/wp-json\/wp\/v2\/product"}],"about":[{"href":"https:\/\/www.eliassen.nl\/de\/wp-json\/wp\/v2\/types\/product"}],"wp:featuredmedia":[{"embeddable":true,"href":"https:\/\/www.eliassen.nl\/de\/wp-json\/wp\/v2\/media\/6493"}],"wp:attachment":[{"href":"https:\/\/www.eliassen.nl\/de\/wp-json\/wp\/v2\/media?parent=127376"}],"wp:term":[{"taxonomy":"product_brand","embeddable":true,"href":"https:\/\/www.eliassen.nl\/de\/wp-json\/wp\/v2\/product_brand?post=127376"},{"taxonomy":"product_cat","embeddable":true,"href":"https:\/\/www.eliassen.nl\/de\/wp-json\/wp\/v2\/product_cat?post=127376"},{"taxonomy":"product_tag","embeddable":true,"href":"https:\/\/www.eliassen.nl\/de\/wp-json\/wp\/v2\/product_tag?post=127376"}],"curies":[{"name":"wp","href":"https:\/\/api.w.org\/{rel}","templated":true}]}}