{"id":127353,"date":"2019-10-28T16:01:20","date_gmt":"2019-10-28T16:01:20","guid":{"rendered":"https:\/\/www.eliassen.nl\/?product=waterschalenset-2"},"modified":"2026-02-23T09:06:47","modified_gmt":"2026-02-23T08:06:47","slug":"wassergeschirr-2-teilig","status":"publish","type":"product","link":"https:\/\/www.eliassen.nl\/de\/wassergeschirr-2-teilig\/","title":{"rendered":"Wassern\u00e4pfe Set 2-tlg."},"content":{"rendered":"<p>Das sind Ornamente aus Kunststein, die Sie in ein Kiesbett mit Wasserbecken oder Teich ablassen k\u00f6nnen. Erh\u00e4ltlich in Anthrazit, Terra oder Gelb.<br \/>\nSie k\u00f6nnen den Abstand und die Anordnung sowie die H\u00f6he zwischen ihnen bestimmen. Sie k\u00f6nnen die Schalen mit alten Ziegelsteinen auf unterschiedliche H\u00f6hen bringen oder einen Erdh\u00fcgel aufsch\u00fctten, in den Sie die Schalen eingraben. Der H\u00f6henunterschied sollte nicht mehr als 30 cm betragen, da das Wasser sonst zu stark spritzt und Sie dadurch viel Wasser verlieren. Gr\u00f6\u00dfe der Wasserschalen von oben nach unten: 80 und 80cm Die Sets sind in 2 Varianten erh\u00e4ltlich; Pond Set ist ein komplettes Set mit Pumpe, Schlauch, T\u00fcllen und Steuerventil, zur Installation am Rande eines Teiches. Zu einem Grinbedset geh\u00f6rt auch ein Wassernapf mit Deckel.<\/p>\n<p><strong><span style=\"color: #ff0000;\">W\u00e4hlen Sie hier oben Ihre Version aus.<\/span><\/strong><\/p>\n<p><strong>Besuchen Sie unseren Ausstellungsraum, um viele Modelle live zu bewundern!<\/strong><\/p>\n","protected":false},"excerpt":{"rendered":"<p>Wasserstein-Set -2<\/p>\n","protected":false},"featured_media":6442,"template":"","meta":{"_acf_changed":false,"_genesis_title":"","_genesis_description":""},"product_brand":[7480],"product_cat":[578,560,536],"product_tag":[],"class_list":{"0":"post-127353","1":"product","2":"type-product","3":"status-publish","4":"has-post-thumbnail","6":"product_brand-creastone","7":"product_cat-wasserfaelle-und-wasserschalen","8":"product_cat-wasserschalen-aus-crea-bloecken-von-creastone","9":"product_cat-wassereigenschaften","11":"first","12":"instock","13":"taxable","14":"shipping-taxable","15":"purchasable","16":"product-type-variable"},"acf":[],"meta_all":{"total_sales":"3","wcml_sync_hash":{"postmeta_fields":"15659c7a589f76918ca50b487653f171"},"attr_label_translations":[],"cor_restricted_countries":[]},"meta_all_flat":{"total_sales":"3","wcml_sync_hash.postmeta_fields":"15659c7a589f76918ca50b487653f171"},"yoast_head":"<!-- This site is optimized with the Yoast SEO Premium plugin v26.2 (Yoast SEO v27.2) - https:\/\/yoast.com\/product\/yoast-seo-premium-wordpress\/ -->\n<title>Wasserstein-Set -2<\/title>\n<meta name=\"description\" content=\"Wasserstein-Set -2\" \/>\n<meta name=\"robots\" content=\"index, follow, max-snippet:-1, max-image-preview:large, max-video-preview:-1\" \/>\n<link rel=\"canonical\" href=\"https:\/\/www.eliassen.nl\/de\/wassergeschirr-2-teilig\/\" \/>\n<meta property=\"og:locale\" content=\"de_DE\" \/>\n<meta property=\"og:type\" content=\"article\" \/>\n<meta property=\"og:title\" content=\"Creastone Wassern\u00e4pfe Set 2-tlg. - Eliassen.nl\" \/>\n<meta property=\"og:description\" content=\"Wasserstein-Set -2\" \/>\n<meta property=\"og:url\" content=\"https:\/\/www.eliassen.nl\/de\/wassergeschirr-2-teilig\/\" \/>\n<meta property=\"og:site_name\" content=\"Eliassen.nl\" \/>\n<meta property=\"article:publisher\" content=\"https:\/\/www.facebook.com\/TuincentrumEliassenAmmerzoden\" \/>\n<meta property=\"article:modified_time\" content=\"2026-02-23T08:06:47+00:00\" \/>\n<meta property=\"og:image\" content=\"https:\/\/www.eliassen.nl\/wp-content\/uploads\/2024\/01\/waterschalenset2.jpg\" \/>\n\t<meta property=\"og:image:width\" content=\"934\" \/>\n\t<meta property=\"og:image:height\" content=\"1024\" \/>\n\t<meta property=\"og:image:type\" content=\"image\/jpeg\" \/>\n<meta name=\"twitter:card\" content=\"summary_large_image\" \/>\n<script type=\"application\/ld+json\" class=\"yoast-schema-graph\">{\"@context\":\"https:\/\/schema.org\",\"@graph\":[{\"@type\":\"WebPage\",\"@id\":\"https:\/\/www.eliassen.nl\/de\/wassergeschirr-2-teilig\/\",\"url\":\"https:\/\/www.eliassen.nl\/de\/wassergeschirr-2-teilig\/\",\"name\":\"Wasserstein-Set -2\",\"isPartOf\":{\"@id\":\"https:\/\/www.eliassen.nl\/de\/#website\"},\"primaryImageOfPage\":{\"@id\":\"https:\/\/www.eliassen.nl\/de\/wassergeschirr-2-teilig\/#primaryimage\"},\"image\":{\"@id\":\"https:\/\/www.eliassen.nl\/de\/wassergeschirr-2-teilig\/#primaryimage\"},\"thumbnailUrl\":\"https:\/\/www.eliassen.nl\/wp-content\/uploads\/2024\/01\/waterschalenset2.jpg\",\"datePublished\":\"2019-10-28T16:01:20+00:00\",\"dateModified\":\"2026-02-23T08:06:47+00:00\",\"description\":\"Wasserstein-Set -2\",\"breadcrumb\":{\"@id\":\"https:\/\/www.eliassen.nl\/de\/wassergeschirr-2-teilig\/#breadcrumb\"},\"inLanguage\":\"de\",\"potentialAction\":[{\"@type\":\"ReadAction\",\"target\":[\"https:\/\/www.eliassen.nl\/de\/wassergeschirr-2-teilig\/\"]}]},{\"@type\":\"ImageObject\",\"inLanguage\":\"de\",\"@id\":\"https:\/\/www.eliassen.nl\/de\/wassergeschirr-2-teilig\/#primaryimage\",\"url\":\"https:\/\/www.eliassen.nl\/wp-content\/uploads\/2024\/01\/waterschalenset2.jpg\",\"contentUrl\":\"https:\/\/www.eliassen.nl\/wp-content\/uploads\/2024\/01\/waterschalenset2.jpg\",\"width\":934,\"height\":1024,\"caption\":\"Wassergeschirr-Set-2\"},{\"@type\":\"BreadcrumbList\",\"@id\":\"https:\/\/www.eliassen.nl\/de\/wassergeschirr-2-teilig\/#breadcrumb\",\"itemListElement\":[{\"@type\":\"ListItem\",\"position\":1,\"name\":\"Home\",\"item\":\"https:\/\/www.eliassen.nl\/de\/\"},{\"@type\":\"ListItem\",\"position\":2,\"name\":\"Shop\",\"item\":\"https:\/\/www.eliassen.nl\/de\/shop\/\"},{\"@type\":\"ListItem\",\"position\":3,\"name\":\"Wasserspiele\",\"item\":\"https:\/\/www.eliassen.nl\/de\/wassereigenschaften\/\"},{\"@type\":\"ListItem\",\"position\":4,\"name\":\"Wasserf\u00e4lle und Wasserschalen\",\"item\":\"https:\/\/www.eliassen.nl\/de\/wassereigenschaften\/wasserfaelle-und-wasserschalen\/\"},{\"@type\":\"ListItem\",\"position\":5,\"name\":\"Wassern\u00e4pfe Set 2-tlg.\"}]},{\"@type\":\"WebSite\",\"@id\":\"https:\/\/www.eliassen.nl\/de\/#website\",\"url\":\"https:\/\/www.eliassen.nl\/de\/\",\"name\":\"Eliassen Home & Garden Pleasure\",\"description\":\"\",\"publisher\":{\"@id\":\"https:\/\/www.eliassen.nl\/de\/#organization\"},\"alternateName\":\"Eliassen.nl\",\"potentialAction\":[{\"@type\":\"SearchAction\",\"target\":{\"@type\":\"EntryPoint\",\"urlTemplate\":\"https:\/\/www.eliassen.nl\/de\/?s={search_term_string}\"},\"query-input\":{\"@type\":\"PropertyValueSpecification\",\"valueRequired\":true,\"valueName\":\"search_term_string\"}}],\"inLanguage\":\"de\"},{\"@type\":[\"Organization\",\"Place\"],\"@id\":\"https:\/\/www.eliassen.nl\/de\/#organization\",\"name\":\"Eliassen Home & Garden Pleasure\",\"url\":\"https:\/\/www.eliassen.nl\/de\/\",\"logo\":{\"@id\":\"https:\/\/www.eliassen.nl\/de\/wassergeschirr-2-teilig\/#local-main-organization-logo\"},\"image\":{\"@id\":\"https:\/\/www.eliassen.nl\/de\/wassergeschirr-2-teilig\/#local-main-organization-logo\"},\"sameAs\":[\"https:\/\/www.facebook.com\/TuincentrumEliassenAmmerzoden\",\"https:\/\/www.instagram.com\/eliassenhomeandgarden\/\",\"https:\/\/nl.pinterest.com\/eliassenhomeandgarden\/\",\"https:\/\/www.youtube.com\/@eliassenhomegardenpleasure4558\"],\"telephone\":[],\"openingHoursSpecification\":[{\"@type\":\"OpeningHoursSpecification\",\"dayOfWeek\":[\"Monday\",\"Tuesday\",\"Wednesday\",\"Thursday\",\"Friday\",\"Saturday\",\"Sunday\"],\"opens\":\"09:00\",\"closes\":\"17:00\"}]},{\"@type\":\"ImageObject\",\"inLanguage\":\"de\",\"@id\":\"https:\/\/www.eliassen.nl\/de\/wassergeschirr-2-teilig\/#local-main-organization-logo\",\"url\":\"https:\/\/www.eliassen.nl\/wp-content\/uploads\/2024\/01\/logo_4nd.jpg\",\"contentUrl\":\"https:\/\/www.eliassen.nl\/wp-content\/uploads\/2024\/01\/logo_4nd.jpg\",\"width\":500,\"height\":500,\"caption\":\"Eliassen Home & Garden Pleasure\"}]}<\/script>\n<meta property=\"og:availability\" content=\"instock\" \/>\n<meta property=\"product:availability\" content=\"instock\" \/>\n<meta property=\"product:retailer_item_id\" content=\"7438245623624\" \/>\n<meta property=\"product:condition\" content=\"new\" \/>\n<!-- \/ Yoast SEO Premium plugin. -->","yoast_head_json":{"title":"Wasserstein-Set -2","description":"Wasserstein-Set -2","robots":{"index":"index","follow":"follow","max-snippet":"max-snippet:-1","max-image-preview":"max-image-preview:large","max-video-preview":"max-video-preview:-1"},"canonical":"https:\/\/www.eliassen.nl\/de\/wassergeschirr-2-teilig\/","og_locale":"de_DE","og_type":"article","og_title":"Creastone Wassern\u00e4pfe Set 2-tlg. - Eliassen.nl","og_description":"Wasserstein-Set -2","og_url":"https:\/\/www.eliassen.nl\/de\/wassergeschirr-2-teilig\/","og_site_name":"Eliassen.nl","article_publisher":"https:\/\/www.facebook.com\/TuincentrumEliassenAmmerzoden","article_modified_time":"2026-02-23T08:06:47+00:00","og_image":[{"width":934,"height":1024,"url":"https:\/\/www.eliassen.nl\/wp-content\/uploads\/2024\/01\/waterschalenset2.jpg","type":"image\/jpeg"}],"twitter_card":"summary_large_image","schema":{"@context":"https:\/\/schema.org","@graph":[{"@type":"WebPage","@id":"https:\/\/www.eliassen.nl\/de\/wassergeschirr-2-teilig\/","url":"https:\/\/www.eliassen.nl\/de\/wassergeschirr-2-teilig\/","name":"Wasserstein-Set -2","isPartOf":{"@id":"https:\/\/www.eliassen.nl\/de\/#website"},"primaryImageOfPage":{"@id":"https:\/\/www.eliassen.nl\/de\/wassergeschirr-2-teilig\/#primaryimage"},"image":{"@id":"https:\/\/www.eliassen.nl\/de\/wassergeschirr-2-teilig\/#primaryimage"},"thumbnailUrl":"https:\/\/www.eliassen.nl\/wp-content\/uploads\/2024\/01\/waterschalenset2.jpg","datePublished":"2019-10-28T16:01:20+00:00","dateModified":"2026-02-23T08:06:47+00:00","description":"Wasserstein-Set -2","breadcrumb":{"@id":"https:\/\/www.eliassen.nl\/de\/wassergeschirr-2-teilig\/#breadcrumb"},"inLanguage":"de","potentialAction":[{"@type":"ReadAction","target":["https:\/\/www.eliassen.nl\/de\/wassergeschirr-2-teilig\/"]}]},{"@type":"ImageObject","inLanguage":"de","@id":"https:\/\/www.eliassen.nl\/de\/wassergeschirr-2-teilig\/#primaryimage","url":"https:\/\/www.eliassen.nl\/wp-content\/uploads\/2024\/01\/waterschalenset2.jpg","contentUrl":"https:\/\/www.eliassen.nl\/wp-content\/uploads\/2024\/01\/waterschalenset2.jpg","width":934,"height":1024,"caption":"Wassergeschirr-Set-2"},{"@type":"BreadcrumbList","@id":"https:\/\/www.eliassen.nl\/de\/wassergeschirr-2-teilig\/#breadcrumb","itemListElement":[{"@type":"ListItem","position":1,"name":"Home","item":"https:\/\/www.eliassen.nl\/de\/"},{"@type":"ListItem","position":2,"name":"Shop","item":"https:\/\/www.eliassen.nl\/de\/shop\/"},{"@type":"ListItem","position":3,"name":"Wasserspiele","item":"https:\/\/www.eliassen.nl\/de\/wassereigenschaften\/"},{"@type":"ListItem","position":4,"name":"Wasserf\u00e4lle und Wasserschalen","item":"https:\/\/www.eliassen.nl\/de\/wassereigenschaften\/wasserfaelle-und-wasserschalen\/"},{"@type":"ListItem","position":5,"name":"Wassern\u00e4pfe Set 2-tlg."}]},{"@type":"WebSite","@id":"https:\/\/www.eliassen.nl\/de\/#website","url":"https:\/\/www.eliassen.nl\/de\/","name":"Eliassen Home & Garden Pleasure","description":"","publisher":{"@id":"https:\/\/www.eliassen.nl\/de\/#organization"},"alternateName":"Eliassen.nl","potentialAction":[{"@type":"SearchAction","target":{"@type":"EntryPoint","urlTemplate":"https:\/\/www.eliassen.nl\/de\/?s={search_term_string}"},"query-input":{"@type":"PropertyValueSpecification","valueRequired":true,"valueName":"search_term_string"}}],"inLanguage":"de"},{"@type":["Organization","Place"],"@id":"https:\/\/www.eliassen.nl\/de\/#organization","name":"Eliassen Home & Garden Pleasure","url":"https:\/\/www.eliassen.nl\/de\/","logo":{"@id":"https:\/\/www.eliassen.nl\/de\/wassergeschirr-2-teilig\/#local-main-organization-logo"},"image":{"@id":"https:\/\/www.eliassen.nl\/de\/wassergeschirr-2-teilig\/#local-main-organization-logo"},"sameAs":["https:\/\/www.facebook.com\/TuincentrumEliassenAmmerzoden","https:\/\/www.instagram.com\/eliassenhomeandgarden\/","https:\/\/nl.pinterest.com\/eliassenhomeandgarden\/","https:\/\/www.youtube.com\/@eliassenhomegardenpleasure4558"],"telephone":[],"openingHoursSpecification":[{"@type":"OpeningHoursSpecification","dayOfWeek":["Monday","Tuesday","Wednesday","Thursday","Friday","Saturday","Sunday"],"opens":"09:00","closes":"17:00"}]},{"@type":"ImageObject","inLanguage":"de","@id":"https:\/\/www.eliassen.nl\/de\/wassergeschirr-2-teilig\/#local-main-organization-logo","url":"https:\/\/www.eliassen.nl\/wp-content\/uploads\/2024\/01\/logo_4nd.jpg","contentUrl":"https:\/\/www.eliassen.nl\/wp-content\/uploads\/2024\/01\/logo_4nd.jpg","width":500,"height":500,"caption":"Eliassen Home & Garden Pleasure"}]},"og_availability":"instock","product_availability":"instock","product_retailer_item_id":"7438245623624","product_condition":"new"},"df_price":338,"df_sale_price":"","df_regular_price":338,"df_image_link":"https:\/\/www.eliassen.nl\/wp-content\/uploads\/2024\/01\/waterschalenset2.jpg","image":"https:\/\/www.eliassen.nl\/wp-content\/uploads\/2024\/01\/waterschalenset2.jpg","price_search":"<span class=\"woocommerce-Price-amount amount\"><bdi><span class=\"woocommerce-Price-currencySymbol\">&euro;<\/span>&nbsp;338,00<\/bdi><\/span>","category":"Wasserf\u00e4lle und Wasserschalen","global_unique_id":"7438245623624","_links":{"self":[{"href":"https:\/\/www.eliassen.nl\/de\/wp-json\/wp\/v2\/product\/127353","targetHints":{"allow":["GET"]}}],"collection":[{"href":"https:\/\/www.eliassen.nl\/de\/wp-json\/wp\/v2\/product"}],"about":[{"href":"https:\/\/www.eliassen.nl\/de\/wp-json\/wp\/v2\/types\/product"}],"wp:featuredmedia":[{"embeddable":true,"href":"https:\/\/www.eliassen.nl\/de\/wp-json\/wp\/v2\/media\/6442"}],"wp:attachment":[{"href":"https:\/\/www.eliassen.nl\/de\/wp-json\/wp\/v2\/media?parent=127353"}],"wp:term":[{"taxonomy":"product_brand","embeddable":true,"href":"https:\/\/www.eliassen.nl\/de\/wp-json\/wp\/v2\/product_brand?post=127353"},{"taxonomy":"product_cat","embeddable":true,"href":"https:\/\/www.eliassen.nl\/de\/wp-json\/wp\/v2\/product_cat?post=127353"},{"taxonomy":"product_tag","embeddable":true,"href":"https:\/\/www.eliassen.nl\/de\/wp-json\/wp\/v2\/product_tag?post=127353"}],"curies":[{"name":"wp","href":"https:\/\/api.w.org\/{rel}","templated":true}]}}