{"id":127278,"date":"2019-10-28T16:00:22","date_gmt":"2019-10-28T16:00:22","guid":{"rendered":"https:\/\/www.eliassen.nl\/?product=waterschalenset-4"},"modified":"2026-02-23T09:06:45","modified_gmt":"2026-02-23T08:06:45","slug":"wassergeschirrset-4-teilig","status":"publish","type":"product","link":"https:\/\/www.eliassen.nl\/de\/wassergeschirrset-4-teilig\/","title":{"rendered":"Wassern\u00e4pfe Set 4-tlg."},"content":{"rendered":"<p>Das sind Ornamente aus Kunststein, die Sie in ein Kiesbett mit Wasserbecken oder Teich ablassen k\u00f6nnen. Erh\u00e4ltlich in Anthrazit, Terra oder Gelb. Sie k\u00f6nnen den Abstand und die Anordnung sowie die H\u00f6he zwischen ihnen bestimmen. Sie k\u00f6nnen die Schalen mit alten Klinkern oid auf verschiedene H\u00f6hen bringen. Der H\u00f6henunterschied sollte nicht mehr als 30 cm betragen, da das Wasser sonst zu stark spritzt und Sie dadurch viel Wasser verlieren. Gr\u00f6\u00dfen der Wasserschalen von oben nach unten: 80, 70, 90 und 80 cm Die Sets sind in zwei Versionen erh\u00e4ltlich; Pond Set ist ein komplettes Set mit Pumpe, Schlauch, T\u00fcllen und Steuerventil, zur Installation am Rande eines Teiches. Zu einem Grinbed-Set geh\u00f6rt auch ein Wasserbecken mit Deckel, \u00fcber das Sie Steine streuen k\u00f6nnen.<\/p>\n<p><strong><span style=\"color: #ff0000;\">W\u00e4hlen Sie hier oben Ihre Version aus.<\/span><\/strong><\/p>\n<p><strong>Besuchen Sie unseren Ausstellungsraum, um viele Modelle live zu bewundern!<\/strong><\/p>\n","protected":false},"excerpt":{"rendered":"<p>Wasserstein-Set-4<\/p>\n","protected":false},"featured_media":6307,"template":"","meta":{"_acf_changed":false,"_genesis_title":"","_genesis_description":""},"product_brand":[7480],"product_cat":[578,560,536],"product_tag":[],"class_list":{"0":"post-127278","1":"product","2":"type-product","3":"status-publish","4":"has-post-thumbnail","6":"product_brand-creastone","7":"product_cat-wasserfaelle-und-wasserschalen","8":"product_cat-wasserschalen-aus-crea-bloecken-von-creastone","9":"product_cat-wassereigenschaften","11":"first","12":"instock","13":"taxable","14":"shipping-taxable","15":"purchasable","16":"product-type-variable"},"acf":[],"meta_all":{"total_sales":"1","wcml_sync_hash":{"postmeta_fields":"28ea453e8db6f49263b6f0a6de330c6a"},"attr_label_translations":[],"cor_restricted_countries":[]},"meta_all_flat":{"total_sales":"1","wcml_sync_hash.postmeta_fields":"28ea453e8db6f49263b6f0a6de330c6a"},"yoast_head":"<!-- This site is optimized with the Yoast SEO Premium plugin v26.2 (Yoast SEO v27.2) - https:\/\/yoast.com\/product\/yoast-seo-premium-wordpress\/ -->\n<title>Wasserstein-Set-4<\/title>\n<meta name=\"description\" content=\"Wasserstein-Set-4\" \/>\n<meta name=\"robots\" content=\"index, follow, max-snippet:-1, max-image-preview:large, max-video-preview:-1\" \/>\n<link rel=\"canonical\" href=\"https:\/\/www.eliassen.nl\/de\/wassergeschirrset-4-teilig\/\" \/>\n<meta property=\"og:locale\" content=\"de_DE\" \/>\n<meta property=\"og:type\" content=\"article\" \/>\n<meta property=\"og:title\" content=\"Creastone Wassern\u00e4pfe Set 4-tlg. - Eliassen.nl\" \/>\n<meta property=\"og:description\" content=\"Wasserstein-Set-4\" \/>\n<meta property=\"og:url\" content=\"https:\/\/www.eliassen.nl\/de\/wassergeschirrset-4-teilig\/\" \/>\n<meta property=\"og:site_name\" content=\"Eliassen.nl\" \/>\n<meta property=\"article:publisher\" content=\"https:\/\/www.facebook.com\/TuincentrumEliassenAmmerzoden\" \/>\n<meta property=\"article:modified_time\" content=\"2026-02-23T08:06:45+00:00\" \/>\n<meta property=\"og:image\" content=\"https:\/\/www.eliassen.nl\/wp-content\/uploads\/2024\/01\/waterschalenset4.jpg\" \/>\n\t<meta property=\"og:image:width\" content=\"768\" \/>\n\t<meta property=\"og:image:height\" content=\"1024\" \/>\n\t<meta property=\"og:image:type\" content=\"image\/jpeg\" \/>\n<meta name=\"twitter:card\" content=\"summary_large_image\" \/>\n<script type=\"application\/ld+json\" class=\"yoast-schema-graph\">{\"@context\":\"https:\/\/schema.org\",\"@graph\":[{\"@type\":\"WebPage\",\"@id\":\"https:\/\/www.eliassen.nl\/de\/wassergeschirrset-4-teilig\/\",\"url\":\"https:\/\/www.eliassen.nl\/de\/wassergeschirrset-4-teilig\/\",\"name\":\"Wasserstein-Set-4\",\"isPartOf\":{\"@id\":\"https:\/\/www.eliassen.nl\/de\/#website\"},\"primaryImageOfPage\":{\"@id\":\"https:\/\/www.eliassen.nl\/de\/wassergeschirrset-4-teilig\/#primaryimage\"},\"image\":{\"@id\":\"https:\/\/www.eliassen.nl\/de\/wassergeschirrset-4-teilig\/#primaryimage\"},\"thumbnailUrl\":\"https:\/\/www.eliassen.nl\/wp-content\/uploads\/2024\/01\/waterschalenset4.jpg\",\"datePublished\":\"2019-10-28T16:00:22+00:00\",\"dateModified\":\"2026-02-23T08:06:45+00:00\",\"description\":\"Wasserstein-Set-4\",\"breadcrumb\":{\"@id\":\"https:\/\/www.eliassen.nl\/de\/wassergeschirrset-4-teilig\/#breadcrumb\"},\"inLanguage\":\"de\",\"potentialAction\":[{\"@type\":\"ReadAction\",\"target\":[\"https:\/\/www.eliassen.nl\/de\/wassergeschirrset-4-teilig\/\"]}]},{\"@type\":\"ImageObject\",\"inLanguage\":\"de\",\"@id\":\"https:\/\/www.eliassen.nl\/de\/wassergeschirrset-4-teilig\/#primaryimage\",\"url\":\"https:\/\/www.eliassen.nl\/wp-content\/uploads\/2024\/01\/waterschalenset4.jpg\",\"contentUrl\":\"https:\/\/www.eliassen.nl\/wp-content\/uploads\/2024\/01\/waterschalenset4.jpg\",\"width\":768,\"height\":1024,\"caption\":\"Wassergeschirr-Satz-4\"},{\"@type\":\"BreadcrumbList\",\"@id\":\"https:\/\/www.eliassen.nl\/de\/wassergeschirrset-4-teilig\/#breadcrumb\",\"itemListElement\":[{\"@type\":\"ListItem\",\"position\":1,\"name\":\"Home\",\"item\":\"https:\/\/www.eliassen.nl\/de\/\"},{\"@type\":\"ListItem\",\"position\":2,\"name\":\"Shop\",\"item\":\"https:\/\/www.eliassen.nl\/de\/shop\/\"},{\"@type\":\"ListItem\",\"position\":3,\"name\":\"Wasserspiele\",\"item\":\"https:\/\/www.eliassen.nl\/de\/wassereigenschaften\/\"},{\"@type\":\"ListItem\",\"position\":4,\"name\":\"Wasserf\u00e4lle und Wasserschalen\",\"item\":\"https:\/\/www.eliassen.nl\/de\/wassereigenschaften\/wasserfaelle-und-wasserschalen\/\"},{\"@type\":\"ListItem\",\"position\":5,\"name\":\"Wassern\u00e4pfe Set 4-tlg.\"}]},{\"@type\":\"WebSite\",\"@id\":\"https:\/\/www.eliassen.nl\/de\/#website\",\"url\":\"https:\/\/www.eliassen.nl\/de\/\",\"name\":\"Eliassen Home & Garden Pleasure\",\"description\":\"\",\"publisher\":{\"@id\":\"https:\/\/www.eliassen.nl\/de\/#organization\"},\"alternateName\":\"Eliassen.nl\",\"potentialAction\":[{\"@type\":\"SearchAction\",\"target\":{\"@type\":\"EntryPoint\",\"urlTemplate\":\"https:\/\/www.eliassen.nl\/de\/?s={search_term_string}\"},\"query-input\":{\"@type\":\"PropertyValueSpecification\",\"valueRequired\":true,\"valueName\":\"search_term_string\"}}],\"inLanguage\":\"de\"},{\"@type\":[\"Organization\",\"Place\"],\"@id\":\"https:\/\/www.eliassen.nl\/de\/#organization\",\"name\":\"Eliassen Home & Garden Pleasure\",\"url\":\"https:\/\/www.eliassen.nl\/de\/\",\"logo\":{\"@id\":\"https:\/\/www.eliassen.nl\/de\/wassergeschirrset-4-teilig\/#local-main-organization-logo\"},\"image\":{\"@id\":\"https:\/\/www.eliassen.nl\/de\/wassergeschirrset-4-teilig\/#local-main-organization-logo\"},\"sameAs\":[\"https:\/\/www.facebook.com\/TuincentrumEliassenAmmerzoden\",\"https:\/\/www.instagram.com\/eliassenhomeandgarden\/\",\"https:\/\/nl.pinterest.com\/eliassenhomeandgarden\/\",\"https:\/\/www.youtube.com\/@eliassenhomegardenpleasure4558\"],\"telephone\":[],\"openingHoursSpecification\":[{\"@type\":\"OpeningHoursSpecification\",\"dayOfWeek\":[\"Monday\",\"Tuesday\",\"Wednesday\",\"Thursday\",\"Friday\",\"Saturday\",\"Sunday\"],\"opens\":\"09:00\",\"closes\":\"17:00\"}]},{\"@type\":\"ImageObject\",\"inLanguage\":\"de\",\"@id\":\"https:\/\/www.eliassen.nl\/de\/wassergeschirrset-4-teilig\/#local-main-organization-logo\",\"url\":\"https:\/\/www.eliassen.nl\/wp-content\/uploads\/2024\/01\/logo_4nd.jpg\",\"contentUrl\":\"https:\/\/www.eliassen.nl\/wp-content\/uploads\/2024\/01\/logo_4nd.jpg\",\"width\":500,\"height\":500,\"caption\":\"Eliassen Home & Garden Pleasure\"}]}<\/script>\n<meta property=\"og:availability\" content=\"instock\" \/>\n<meta property=\"product:availability\" content=\"instock\" \/>\n<meta property=\"product:retailer_item_id\" content=\"7438245621613\" \/>\n<meta property=\"product:condition\" content=\"new\" \/>\n<!-- \/ Yoast SEO Premium plugin. -->","yoast_head_json":{"title":"Wasserstein-Set-4","description":"Wasserstein-Set-4","robots":{"index":"index","follow":"follow","max-snippet":"max-snippet:-1","max-image-preview":"max-image-preview:large","max-video-preview":"max-video-preview:-1"},"canonical":"https:\/\/www.eliassen.nl\/de\/wassergeschirrset-4-teilig\/","og_locale":"de_DE","og_type":"article","og_title":"Creastone Wassern\u00e4pfe Set 4-tlg. - Eliassen.nl","og_description":"Wasserstein-Set-4","og_url":"https:\/\/www.eliassen.nl\/de\/wassergeschirrset-4-teilig\/","og_site_name":"Eliassen.nl","article_publisher":"https:\/\/www.facebook.com\/TuincentrumEliassenAmmerzoden","article_modified_time":"2026-02-23T08:06:45+00:00","og_image":[{"width":768,"height":1024,"url":"https:\/\/www.eliassen.nl\/wp-content\/uploads\/2024\/01\/waterschalenset4.jpg","type":"image\/jpeg"}],"twitter_card":"summary_large_image","schema":{"@context":"https:\/\/schema.org","@graph":[{"@type":"WebPage","@id":"https:\/\/www.eliassen.nl\/de\/wassergeschirrset-4-teilig\/","url":"https:\/\/www.eliassen.nl\/de\/wassergeschirrset-4-teilig\/","name":"Wasserstein-Set-4","isPartOf":{"@id":"https:\/\/www.eliassen.nl\/de\/#website"},"primaryImageOfPage":{"@id":"https:\/\/www.eliassen.nl\/de\/wassergeschirrset-4-teilig\/#primaryimage"},"image":{"@id":"https:\/\/www.eliassen.nl\/de\/wassergeschirrset-4-teilig\/#primaryimage"},"thumbnailUrl":"https:\/\/www.eliassen.nl\/wp-content\/uploads\/2024\/01\/waterschalenset4.jpg","datePublished":"2019-10-28T16:00:22+00:00","dateModified":"2026-02-23T08:06:45+00:00","description":"Wasserstein-Set-4","breadcrumb":{"@id":"https:\/\/www.eliassen.nl\/de\/wassergeschirrset-4-teilig\/#breadcrumb"},"inLanguage":"de","potentialAction":[{"@type":"ReadAction","target":["https:\/\/www.eliassen.nl\/de\/wassergeschirrset-4-teilig\/"]}]},{"@type":"ImageObject","inLanguage":"de","@id":"https:\/\/www.eliassen.nl\/de\/wassergeschirrset-4-teilig\/#primaryimage","url":"https:\/\/www.eliassen.nl\/wp-content\/uploads\/2024\/01\/waterschalenset4.jpg","contentUrl":"https:\/\/www.eliassen.nl\/wp-content\/uploads\/2024\/01\/waterschalenset4.jpg","width":768,"height":1024,"caption":"Wassergeschirr-Satz-4"},{"@type":"BreadcrumbList","@id":"https:\/\/www.eliassen.nl\/de\/wassergeschirrset-4-teilig\/#breadcrumb","itemListElement":[{"@type":"ListItem","position":1,"name":"Home","item":"https:\/\/www.eliassen.nl\/de\/"},{"@type":"ListItem","position":2,"name":"Shop","item":"https:\/\/www.eliassen.nl\/de\/shop\/"},{"@type":"ListItem","position":3,"name":"Wasserspiele","item":"https:\/\/www.eliassen.nl\/de\/wassereigenschaften\/"},{"@type":"ListItem","position":4,"name":"Wasserf\u00e4lle und Wasserschalen","item":"https:\/\/www.eliassen.nl\/de\/wassereigenschaften\/wasserfaelle-und-wasserschalen\/"},{"@type":"ListItem","position":5,"name":"Wassern\u00e4pfe Set 4-tlg."}]},{"@type":"WebSite","@id":"https:\/\/www.eliassen.nl\/de\/#website","url":"https:\/\/www.eliassen.nl\/de\/","name":"Eliassen Home & Garden Pleasure","description":"","publisher":{"@id":"https:\/\/www.eliassen.nl\/de\/#organization"},"alternateName":"Eliassen.nl","potentialAction":[{"@type":"SearchAction","target":{"@type":"EntryPoint","urlTemplate":"https:\/\/www.eliassen.nl\/de\/?s={search_term_string}"},"query-input":{"@type":"PropertyValueSpecification","valueRequired":true,"valueName":"search_term_string"}}],"inLanguage":"de"},{"@type":["Organization","Place"],"@id":"https:\/\/www.eliassen.nl\/de\/#organization","name":"Eliassen Home & Garden Pleasure","url":"https:\/\/www.eliassen.nl\/de\/","logo":{"@id":"https:\/\/www.eliassen.nl\/de\/wassergeschirrset-4-teilig\/#local-main-organization-logo"},"image":{"@id":"https:\/\/www.eliassen.nl\/de\/wassergeschirrset-4-teilig\/#local-main-organization-logo"},"sameAs":["https:\/\/www.facebook.com\/TuincentrumEliassenAmmerzoden","https:\/\/www.instagram.com\/eliassenhomeandgarden\/","https:\/\/nl.pinterest.com\/eliassenhomeandgarden\/","https:\/\/www.youtube.com\/@eliassenhomegardenpleasure4558"],"telephone":[],"openingHoursSpecification":[{"@type":"OpeningHoursSpecification","dayOfWeek":["Monday","Tuesday","Wednesday","Thursday","Friday","Saturday","Sunday"],"opens":"09:00","closes":"17:00"}]},{"@type":"ImageObject","inLanguage":"de","@id":"https:\/\/www.eliassen.nl\/de\/wassergeschirrset-4-teilig\/#local-main-organization-logo","url":"https:\/\/www.eliassen.nl\/wp-content\/uploads\/2024\/01\/logo_4nd.jpg","contentUrl":"https:\/\/www.eliassen.nl\/wp-content\/uploads\/2024\/01\/logo_4nd.jpg","width":500,"height":500,"caption":"Eliassen Home & Garden Pleasure"}]},"og_availability":"instock","product_availability":"instock","product_retailer_item_id":"7438245621613","product_condition":"new"},"df_price":666,"df_sale_price":"","df_regular_price":666,"df_image_link":"https:\/\/www.eliassen.nl\/wp-content\/uploads\/2024\/01\/waterschalenset4.jpg","image":"https:\/\/www.eliassen.nl\/wp-content\/uploads\/2024\/01\/waterschalenset4.jpg","price_search":"<span class=\"woocommerce-Price-amount amount\"><bdi><span class=\"woocommerce-Price-currencySymbol\">&euro;<\/span>&nbsp;666,00<\/bdi><\/span>","category":"Wasserf\u00e4lle und Wasserschalen","global_unique_id":"7438245621613","_links":{"self":[{"href":"https:\/\/www.eliassen.nl\/de\/wp-json\/wp\/v2\/product\/127278","targetHints":{"allow":["GET"]}}],"collection":[{"href":"https:\/\/www.eliassen.nl\/de\/wp-json\/wp\/v2\/product"}],"about":[{"href":"https:\/\/www.eliassen.nl\/de\/wp-json\/wp\/v2\/types\/product"}],"wp:featuredmedia":[{"embeddable":true,"href":"https:\/\/www.eliassen.nl\/de\/wp-json\/wp\/v2\/media\/6307"}],"wp:attachment":[{"href":"https:\/\/www.eliassen.nl\/de\/wp-json\/wp\/v2\/media?parent=127278"}],"wp:term":[{"taxonomy":"product_brand","embeddable":true,"href":"https:\/\/www.eliassen.nl\/de\/wp-json\/wp\/v2\/product_brand?post=127278"},{"taxonomy":"product_cat","embeddable":true,"href":"https:\/\/www.eliassen.nl\/de\/wp-json\/wp\/v2\/product_cat?post=127278"},{"taxonomy":"product_tag","embeddable":true,"href":"https:\/\/www.eliassen.nl\/de\/wp-json\/wp\/v2\/product_tag?post=127278"}],"curies":[{"name":"wp","href":"https:\/\/api.w.org\/{rel}","templated":true}]}}