{"id":127262,"date":"2019-10-28T16:00:19","date_gmt":"2019-10-28T16:00:19","guid":{"rendered":"https:\/\/www.eliassen.nl\/?product=ubbink-mamba-wasserfall-acqua-arte"},"modified":"2026-02-23T09:06:48","modified_gmt":"2026-02-23T08:06:48","slug":"edelstahl-wasserspiel-ubbink-mamba-in-2-versionen","status":"publish","type":"product","link":"https:\/\/www.eliassen.nl\/de\/edelstahl-wasserspiel-ubbink-mamba-in-2-versionen\/","title":{"rendered":"Edelstahl-Wasserornament Ubbink Mamba in 2 Ausf\u00fchrungen"},"content":{"rendered":"<p><strong>M\u00f6chten Sie den Ausstellungsraum daf\u00fcr besuchen? Kontaktieren Sie uns im Voraus!<\/strong><\/p>\n<p>Das Wasserornament aus Edelstahl hat ein elegantes und modernes Design. Sie k\u00f6nnen den Wasserfall vor dem Teich und auf einem Wasserbecken mit einem Gitter verwenden. Der Wasserfall ist aus rostfreiem Stahl inox 316l gefertigt. Erh\u00e4ltlich mit oder ohne LED-Streifen.<\/p>\n<p>Dank der integrierten LED-Spitze wird der Wasserfall auch in den dunkleren Stunden des Tages zum Mittelpunkt Ihres Teiches oder Gartens. Zubeh\u00f6r zum Anschluss des Wasserfalls an eine bestehende Installation ist im Lieferumfang enthalten. Im Lieferumfang enthalten ist auch Befestigungsmaterial f\u00fcr die Montage des Edelstahl-Wasserfalls auf Holz oder Beton.<\/p>\n<p>Haben Sie eine Frage zu diesem Artikel? Wenn ja, k\u00f6nnen Sie uns gerne kontaktieren.  <\/p>\n<p><strong>Spezifikationen:<br \/><\/strong><\/p>\n<ul>\n<li>Abmessungen (HxBxT): 54 x 30 x 50 cm<\/li>\n<li>Material: Inox 316<\/li>\n<li>Anschluss: 38 und 50 mm<\/li>\n<li>Empfohlene Pumpe: zwischen 6000\/12000 L\/H  <\/li>\n<li>Anzahl der LEDs: 20<\/li>\n<li>Farbe Leds: Blau<\/li>\n<li>Kabell\u00e4nge Led-Streifen: 5 Meter<\/li>\n<li>Leistung: 2,5 Watt<\/li>\n<li>Weitere ben\u00f6tigte Beh\u00e4lter, Deckel und Pumpen finden Sie in der Gruppe Zubeh\u00f6r.<\/li>\n<\/ul>\n<p><iframe src=\"\/\/www.youtube.com\/embed\/WRXGJ-HxOc8\" width=\"300\" height=\"247\" frameborder=\"0\"><\/iframe><video controls=\"controls\" width=\"400\" height=\"200\"><source src=\"https:\/\/cdn.webshopapp.com\/shops\/289658\/files\/443928104\/ubbink-rvs-waterornament-ubbink-mamba-in-2-uitvoer.mp4\" type=\"video\/mp4\"><\/source><\/video><\/p>\n<p>Besuchen Sie unseren Ausstellungsraum, um viele Modelle live zu bewundern!<\/p>\n","protected":false},"excerpt":{"rendered":"<p>M\u00f6chten Sie den Ausstellungsraum daf\u00fcr besuchen? Kontaktieren Sie uns im Voraus!<\/p>\n","protected":false},"featured_media":127254,"template":"","meta":{"_acf_changed":false,"_genesis_title":"","_genesis_description":""},"product_brand":[6952],"product_cat":[575,578,536,566],"product_tag":[],"class_list":{"0":"post-127262","1":"product","2":"type-product","3":"status-publish","4":"has-post-thumbnail","6":"product_brand-acqua-arte-de","7":"product_cat-ubbink-wasserspiele","8":"product_cat-wasserfaelle-und-wasserschalen","9":"product_cat-wassereigenschaften","10":"product_cat-wasserspiele-aus-edelstahl","12":"first","13":"instock","14":"taxable","15":"shipping-taxable","16":"purchasable","17":"product-type-variable"},"acf":[],"meta_all":{"total_sales":"0","wcml_sync_hash":{"postmeta_fields":"7019dda536b5ba9db493b422737ad5a9"},"attr_label_translations":[]},"meta_all_flat":{"total_sales":"0","wcml_sync_hash.postmeta_fields":"7019dda536b5ba9db493b422737ad5a9"},"yoast_head":"<!-- This site is optimized with the Yoast SEO Premium plugin v26.2 (Yoast SEO v27.2) - https:\/\/yoast.com\/product\/yoast-seo-premium-wordpress\/ -->\n<title>Edelstahl-Wasserornament Ubbink in 2 Ausf\u00fchrungen - Eliassen.nl<\/title>\n<meta name=\"description\" content=\"Ein sch\u00f6nes Wasserornament aus Edelstahl f\u00fcr den Garten. Hergestellt aus rostfreiem Stahl. Dieses moderne Wasserornament f\u00fcr den Garten k\u00f6nnen Sie auch in unserem Ausstellungsraum besichtigen!\" \/>\n<meta name=\"robots\" content=\"index, follow, max-snippet:-1, max-image-preview:large, max-video-preview:-1\" \/>\n<link rel=\"canonical\" href=\"https:\/\/www.eliassen.nl\/de\/edelstahl-wasserspiel-ubbink-mamba-in-2-versionen\/\" \/>\n<meta property=\"og:locale\" content=\"de_DE\" \/>\n<meta property=\"og:type\" content=\"article\" \/>\n<meta property=\"og:title\" content=\"Acqua Arte Edelstahl-Wasserornament Ubbink Mamba in 2 Ausf\u00fchrungen - Eliassen.nl\" \/>\n<meta property=\"og:description\" content=\"Ein sch\u00f6nes Wasserornament aus Edelstahl f\u00fcr den Garten. Hergestellt aus rostfreiem Stahl. Dieses moderne Wasserornament f\u00fcr den Garten k\u00f6nnen Sie auch in unserem Ausstellungsraum besichtigen!\" \/>\n<meta property=\"og:url\" content=\"https:\/\/www.eliassen.nl\/de\/edelstahl-wasserspiel-ubbink-mamba-in-2-versionen\/\" \/>\n<meta property=\"og:site_name\" content=\"Eliassen.nl\" \/>\n<meta property=\"article:publisher\" content=\"https:\/\/www.facebook.com\/TuincentrumEliassenAmmerzoden\" \/>\n<meta property=\"article:modified_time\" content=\"2026-02-23T08:06:48+00:00\" \/>\n<meta property=\"og:image\" content=\"https:\/\/www.eliassen.nl\/wp-content\/uploads\/2024\/02\/ubbinkwatervalmambaeliassennl.jpg\" \/>\n\t<meta property=\"og:image:width\" content=\"314\" \/>\n\t<meta property=\"og:image:height\" content=\"338\" \/>\n\t<meta property=\"og:image:type\" content=\"image\/jpeg\" \/>\n<meta name=\"twitter:card\" content=\"summary_large_image\" \/>\n<script type=\"application\/ld+json\" class=\"yoast-schema-graph\">{\"@context\":\"https:\/\/schema.org\",\"@graph\":[{\"@type\":\"WebPage\",\"@id\":\"https:\/\/www.eliassen.nl\/de\/edelstahl-wasserspiel-ubbink-mamba-in-2-versionen\/\",\"url\":\"https:\/\/www.eliassen.nl\/de\/edelstahl-wasserspiel-ubbink-mamba-in-2-versionen\/\",\"name\":\"Edelstahl-Wasserornament Ubbink in 2 Ausf\u00fchrungen - Eliassen.nl\",\"isPartOf\":{\"@id\":\"https:\/\/www.eliassen.nl\/de\/#website\"},\"primaryImageOfPage\":{\"@id\":\"https:\/\/www.eliassen.nl\/de\/edelstahl-wasserspiel-ubbink-mamba-in-2-versionen\/#primaryimage\"},\"image\":{\"@id\":\"https:\/\/www.eliassen.nl\/de\/edelstahl-wasserspiel-ubbink-mamba-in-2-versionen\/#primaryimage\"},\"thumbnailUrl\":\"https:\/\/www.eliassen.nl\/wp-content\/uploads\/2024\/02\/ubbinkwatervalmambaeliassennl.jpg\",\"datePublished\":\"2019-10-28T16:00:19+00:00\",\"dateModified\":\"2026-02-23T08:06:48+00:00\",\"description\":\"Ein sch\u00f6nes Wasserornament aus Edelstahl f\u00fcr den Garten. Hergestellt aus rostfreiem Stahl. Dieses moderne Wasserornament f\u00fcr den Garten k\u00f6nnen Sie auch in unserem Ausstellungsraum besichtigen!\",\"breadcrumb\":{\"@id\":\"https:\/\/www.eliassen.nl\/de\/edelstahl-wasserspiel-ubbink-mamba-in-2-versionen\/#breadcrumb\"},\"inLanguage\":\"de\",\"potentialAction\":[{\"@type\":\"ReadAction\",\"target\":[\"https:\/\/www.eliassen.nl\/de\/edelstahl-wasserspiel-ubbink-mamba-in-2-versionen\/\"]}]},{\"@type\":\"ImageObject\",\"inLanguage\":\"de\",\"@id\":\"https:\/\/www.eliassen.nl\/de\/edelstahl-wasserspiel-ubbink-mamba-in-2-versionen\/#primaryimage\",\"url\":\"https:\/\/www.eliassen.nl\/wp-content\/uploads\/2024\/02\/ubbinkwatervalmambaeliassennl.jpg\",\"contentUrl\":\"https:\/\/www.eliassen.nl\/wp-content\/uploads\/2024\/02\/ubbinkwatervalmambaeliassennl.jpg\",\"width\":314,\"height\":338,\"caption\":\"Ubbink Wasserfall Mamba Eliassen.nl\"},{\"@type\":\"BreadcrumbList\",\"@id\":\"https:\/\/www.eliassen.nl\/de\/edelstahl-wasserspiel-ubbink-mamba-in-2-versionen\/#breadcrumb\",\"itemListElement\":[{\"@type\":\"ListItem\",\"position\":1,\"name\":\"Home\",\"item\":\"https:\/\/www.eliassen.nl\/de\/\"},{\"@type\":\"ListItem\",\"position\":2,\"name\":\"Shop\",\"item\":\"https:\/\/www.eliassen.nl\/de\/shop\/\"},{\"@type\":\"ListItem\",\"position\":3,\"name\":\"Wasserspiele\",\"item\":\"https:\/\/www.eliassen.nl\/de\/wassereigenschaften\/\"},{\"@type\":\"ListItem\",\"position\":4,\"name\":\"Ubbink-Wasserspiele\",\"item\":\"https:\/\/www.eliassen.nl\/de\/wassereigenschaften\/ubbink-wasserspiele\/\"},{\"@type\":\"ListItem\",\"position\":5,\"name\":\"Edelstahl-Wasserornament Ubbink Mamba in 2 Ausf\u00fchrungen\"}]},{\"@type\":\"WebSite\",\"@id\":\"https:\/\/www.eliassen.nl\/de\/#website\",\"url\":\"https:\/\/www.eliassen.nl\/de\/\",\"name\":\"Eliassen Home & Garden Pleasure\",\"description\":\"\",\"publisher\":{\"@id\":\"https:\/\/www.eliassen.nl\/de\/#organization\"},\"alternateName\":\"Eliassen.nl\",\"potentialAction\":[{\"@type\":\"SearchAction\",\"target\":{\"@type\":\"EntryPoint\",\"urlTemplate\":\"https:\/\/www.eliassen.nl\/de\/?s={search_term_string}\"},\"query-input\":{\"@type\":\"PropertyValueSpecification\",\"valueRequired\":true,\"valueName\":\"search_term_string\"}}],\"inLanguage\":\"de\"},{\"@type\":[\"Organization\",\"Place\"],\"@id\":\"https:\/\/www.eliassen.nl\/de\/#organization\",\"name\":\"Eliassen Home & Garden Pleasure\",\"url\":\"https:\/\/www.eliassen.nl\/de\/\",\"logo\":{\"@id\":\"https:\/\/www.eliassen.nl\/de\/edelstahl-wasserspiel-ubbink-mamba-in-2-versionen\/#local-main-organization-logo\"},\"image\":{\"@id\":\"https:\/\/www.eliassen.nl\/de\/edelstahl-wasserspiel-ubbink-mamba-in-2-versionen\/#local-main-organization-logo\"},\"sameAs\":[\"https:\/\/www.facebook.com\/TuincentrumEliassenAmmerzoden\",\"https:\/\/www.instagram.com\/eliassenhomeandgarden\/\",\"https:\/\/nl.pinterest.com\/eliassenhomeandgarden\/\",\"https:\/\/www.youtube.com\/@eliassenhomegardenpleasure4558\"],\"telephone\":[],\"openingHoursSpecification\":[{\"@type\":\"OpeningHoursSpecification\",\"dayOfWeek\":[\"Monday\",\"Tuesday\",\"Wednesday\",\"Thursday\",\"Friday\",\"Saturday\",\"Sunday\"],\"opens\":\"09:00\",\"closes\":\"17:00\"}]},{\"@type\":\"ImageObject\",\"inLanguage\":\"de\",\"@id\":\"https:\/\/www.eliassen.nl\/de\/edelstahl-wasserspiel-ubbink-mamba-in-2-versionen\/#local-main-organization-logo\",\"url\":\"https:\/\/www.eliassen.nl\/wp-content\/uploads\/2024\/01\/logo_4nd.jpg\",\"contentUrl\":\"https:\/\/www.eliassen.nl\/wp-content\/uploads\/2024\/01\/logo_4nd.jpg\",\"width\":500,\"height\":500,\"caption\":\"Eliassen Home & Garden Pleasure\"}]}<\/script>\n<meta property=\"og:availability\" content=\"instock\" \/>\n<meta property=\"product:availability\" content=\"instock\" \/>\n<meta property=\"product:retailer_item_id\" content=\"7504459\" \/>\n<meta property=\"product:condition\" content=\"new\" \/>\n<!-- \/ Yoast SEO Premium plugin. -->","yoast_head_json":{"title":"Edelstahl-Wasserornament Ubbink in 2 Ausf\u00fchrungen - Eliassen.nl","description":"Ein sch\u00f6nes Wasserornament aus Edelstahl f\u00fcr den Garten. Hergestellt aus rostfreiem Stahl. Dieses moderne Wasserornament f\u00fcr den Garten k\u00f6nnen Sie auch in unserem Ausstellungsraum besichtigen!","robots":{"index":"index","follow":"follow","max-snippet":"max-snippet:-1","max-image-preview":"max-image-preview:large","max-video-preview":"max-video-preview:-1"},"canonical":"https:\/\/www.eliassen.nl\/de\/edelstahl-wasserspiel-ubbink-mamba-in-2-versionen\/","og_locale":"de_DE","og_type":"article","og_title":"Acqua Arte Edelstahl-Wasserornament Ubbink Mamba in 2 Ausf\u00fchrungen - Eliassen.nl","og_description":"Ein sch\u00f6nes Wasserornament aus Edelstahl f\u00fcr den Garten. Hergestellt aus rostfreiem Stahl. Dieses moderne Wasserornament f\u00fcr den Garten k\u00f6nnen Sie auch in unserem Ausstellungsraum besichtigen!","og_url":"https:\/\/www.eliassen.nl\/de\/edelstahl-wasserspiel-ubbink-mamba-in-2-versionen\/","og_site_name":"Eliassen.nl","article_publisher":"https:\/\/www.facebook.com\/TuincentrumEliassenAmmerzoden","article_modified_time":"2026-02-23T08:06:48+00:00","og_image":[{"width":314,"height":338,"url":"https:\/\/www.eliassen.nl\/wp-content\/uploads\/2024\/02\/ubbinkwatervalmambaeliassennl.jpg","type":"image\/jpeg"}],"twitter_card":"summary_large_image","schema":{"@context":"https:\/\/schema.org","@graph":[{"@type":"WebPage","@id":"https:\/\/www.eliassen.nl\/de\/edelstahl-wasserspiel-ubbink-mamba-in-2-versionen\/","url":"https:\/\/www.eliassen.nl\/de\/edelstahl-wasserspiel-ubbink-mamba-in-2-versionen\/","name":"Edelstahl-Wasserornament Ubbink in 2 Ausf\u00fchrungen - Eliassen.nl","isPartOf":{"@id":"https:\/\/www.eliassen.nl\/de\/#website"},"primaryImageOfPage":{"@id":"https:\/\/www.eliassen.nl\/de\/edelstahl-wasserspiel-ubbink-mamba-in-2-versionen\/#primaryimage"},"image":{"@id":"https:\/\/www.eliassen.nl\/de\/edelstahl-wasserspiel-ubbink-mamba-in-2-versionen\/#primaryimage"},"thumbnailUrl":"https:\/\/www.eliassen.nl\/wp-content\/uploads\/2024\/02\/ubbinkwatervalmambaeliassennl.jpg","datePublished":"2019-10-28T16:00:19+00:00","dateModified":"2026-02-23T08:06:48+00:00","description":"Ein sch\u00f6nes Wasserornament aus Edelstahl f\u00fcr den Garten. Hergestellt aus rostfreiem Stahl. Dieses moderne Wasserornament f\u00fcr den Garten k\u00f6nnen Sie auch in unserem Ausstellungsraum besichtigen!","breadcrumb":{"@id":"https:\/\/www.eliassen.nl\/de\/edelstahl-wasserspiel-ubbink-mamba-in-2-versionen\/#breadcrumb"},"inLanguage":"de","potentialAction":[{"@type":"ReadAction","target":["https:\/\/www.eliassen.nl\/de\/edelstahl-wasserspiel-ubbink-mamba-in-2-versionen\/"]}]},{"@type":"ImageObject","inLanguage":"de","@id":"https:\/\/www.eliassen.nl\/de\/edelstahl-wasserspiel-ubbink-mamba-in-2-versionen\/#primaryimage","url":"https:\/\/www.eliassen.nl\/wp-content\/uploads\/2024\/02\/ubbinkwatervalmambaeliassennl.jpg","contentUrl":"https:\/\/www.eliassen.nl\/wp-content\/uploads\/2024\/02\/ubbinkwatervalmambaeliassennl.jpg","width":314,"height":338,"caption":"Ubbink Wasserfall Mamba Eliassen.nl"},{"@type":"BreadcrumbList","@id":"https:\/\/www.eliassen.nl\/de\/edelstahl-wasserspiel-ubbink-mamba-in-2-versionen\/#breadcrumb","itemListElement":[{"@type":"ListItem","position":1,"name":"Home","item":"https:\/\/www.eliassen.nl\/de\/"},{"@type":"ListItem","position":2,"name":"Shop","item":"https:\/\/www.eliassen.nl\/de\/shop\/"},{"@type":"ListItem","position":3,"name":"Wasserspiele","item":"https:\/\/www.eliassen.nl\/de\/wassereigenschaften\/"},{"@type":"ListItem","position":4,"name":"Ubbink-Wasserspiele","item":"https:\/\/www.eliassen.nl\/de\/wassereigenschaften\/ubbink-wasserspiele\/"},{"@type":"ListItem","position":5,"name":"Edelstahl-Wasserornament Ubbink Mamba in 2 Ausf\u00fchrungen"}]},{"@type":"WebSite","@id":"https:\/\/www.eliassen.nl\/de\/#website","url":"https:\/\/www.eliassen.nl\/de\/","name":"Eliassen Home & Garden Pleasure","description":"","publisher":{"@id":"https:\/\/www.eliassen.nl\/de\/#organization"},"alternateName":"Eliassen.nl","potentialAction":[{"@type":"SearchAction","target":{"@type":"EntryPoint","urlTemplate":"https:\/\/www.eliassen.nl\/de\/?s={search_term_string}"},"query-input":{"@type":"PropertyValueSpecification","valueRequired":true,"valueName":"search_term_string"}}],"inLanguage":"de"},{"@type":["Organization","Place"],"@id":"https:\/\/www.eliassen.nl\/de\/#organization","name":"Eliassen Home & Garden Pleasure","url":"https:\/\/www.eliassen.nl\/de\/","logo":{"@id":"https:\/\/www.eliassen.nl\/de\/edelstahl-wasserspiel-ubbink-mamba-in-2-versionen\/#local-main-organization-logo"},"image":{"@id":"https:\/\/www.eliassen.nl\/de\/edelstahl-wasserspiel-ubbink-mamba-in-2-versionen\/#local-main-organization-logo"},"sameAs":["https:\/\/www.facebook.com\/TuincentrumEliassenAmmerzoden","https:\/\/www.instagram.com\/eliassenhomeandgarden\/","https:\/\/nl.pinterest.com\/eliassenhomeandgarden\/","https:\/\/www.youtube.com\/@eliassenhomegardenpleasure4558"],"telephone":[],"openingHoursSpecification":[{"@type":"OpeningHoursSpecification","dayOfWeek":["Monday","Tuesday","Wednesday","Thursday","Friday","Saturday","Sunday"],"opens":"09:00","closes":"17:00"}]},{"@type":"ImageObject","inLanguage":"de","@id":"https:\/\/www.eliassen.nl\/de\/edelstahl-wasserspiel-ubbink-mamba-in-2-versionen\/#local-main-organization-logo","url":"https:\/\/www.eliassen.nl\/wp-content\/uploads\/2024\/01\/logo_4nd.jpg","contentUrl":"https:\/\/www.eliassen.nl\/wp-content\/uploads\/2024\/01\/logo_4nd.jpg","width":500,"height":500,"caption":"Eliassen Home & Garden Pleasure"}]},"og_availability":"instock","product_availability":"instock","product_retailer_item_id":"7504459","product_condition":"new"},"df_price":540,"df_sale_price":"","df_regular_price":540,"df_image_link":"https:\/\/www.eliassen.nl\/wp-content\/uploads\/2024\/02\/ubbinkwatervalmambaeliassennl.jpg","image":"https:\/\/www.eliassen.nl\/wp-content\/uploads\/2024\/02\/ubbinkwatervalmambaeliassennl.jpg","price_search":"<span class=\"woocommerce-Price-amount amount\"><bdi><span class=\"woocommerce-Price-currencySymbol\">&euro;<\/span>&nbsp;540,00<\/bdi><\/span>","category":"Ubbink-Wasserspiele","global_unique_id":"8711465044592","_links":{"self":[{"href":"https:\/\/www.eliassen.nl\/de\/wp-json\/wp\/v2\/product\/127262","targetHints":{"allow":["GET"]}}],"collection":[{"href":"https:\/\/www.eliassen.nl\/de\/wp-json\/wp\/v2\/product"}],"about":[{"href":"https:\/\/www.eliassen.nl\/de\/wp-json\/wp\/v2\/types\/product"}],"wp:featuredmedia":[{"embeddable":true,"href":"https:\/\/www.eliassen.nl\/de\/wp-json\/wp\/v2\/media\/127254"}],"wp:attachment":[{"href":"https:\/\/www.eliassen.nl\/de\/wp-json\/wp\/v2\/media?parent=127262"}],"wp:term":[{"taxonomy":"product_brand","embeddable":true,"href":"https:\/\/www.eliassen.nl\/de\/wp-json\/wp\/v2\/product_brand?post=127262"},{"taxonomy":"product_cat","embeddable":true,"href":"https:\/\/www.eliassen.nl\/de\/wp-json\/wp\/v2\/product_cat?post=127262"},{"taxonomy":"product_tag","embeddable":true,"href":"https:\/\/www.eliassen.nl\/de\/wp-json\/wp\/v2\/product_tag?post=127262"}],"curies":[{"name":"wp","href":"https:\/\/api.w.org\/{rel}","templated":true}]}}