{"id":127110,"date":"2019-10-28T15:57:43","date_gmt":"2019-10-28T14:57:43","guid":{"rendered":"https:\/\/www.eliassen.nl\/?product=oase-pumpen-1000-12000-liter-fuer-proffessioneel-g"},"modified":"2026-02-23T09:07:12","modified_gmt":"2026-02-23T08:07:12","slug":"oasis-aquarius-wasserbrunnen-und-springbrunnenpumpen","status":"publish","type":"product","link":"https:\/\/www.eliassen.nl\/de\/oasis-aquarius-wasserbrunnen-und-springbrunnenpumpen\/","title":{"rendered":"Oase Aquarius Wasserpumpen f\u00fcr Zierpflanzen und Springbrunnen"},"content":{"rendered":"<p>F\u00fcr Unternehmen, Institutionen und fanatische Springbrunnenbenutzer, die viele Ornamente oder Springbrunnen betreiben, sind diese Pumpen von Oase sehr zu empfehlen, da sie einen geringen Stromverbrauch haben und aus sehr langlebigen Materialien bestehen, die sich sehr schnell amortisieren. Auch in puncto Sicherheit ist es die beste Wahl. Eine Erdungsplatte ist au\u00dfen angebracht statt eingegossen, so dass der geringste Leckstrom erkannt wird und die Pumpe ausf\u00e4llt. Wenn man vergisst, Wasser nachzuf\u00fcllen, und die Pumpe eine Zeit lang trocken l\u00e4uft, brennt sie nicht durch, sondern schaltet sich ab. Die Pumpe kann in Wasser bis -20 g betrieben werden und ist sehr ger\u00e4uscharm. Auf der Saugseite ist die Wassermenge einstellbar. Ausgestattet mit einem 10 Meter langen Gummikabel k\u00f6nnen alle diese Pumpen auch in Trockensch\u00e4chten eingesetzt werden. 5 Jahre Garantie auf diese Pumpen (auf rotierende Teile 2 Jahre)<br \/><span style=\"color: #ff0000;\">W\u00e4hlen Sie hier oben Ihre Version aus.  <br \/>Siehe Spezifikationen unten.<\/p>\n<p><strong><span style=\"color: #000000;\">Spezifikationen<\/span><\/strong><\/span><span style=\"color: #000000;\"><strong>  Oase aquarius 1000:<\/strong><br \/>  * Max. F\u00f6rderh\u00f6he 1,5 m<br \/>* Druckseitiger Anschluss 1\/2&#8243;<br \/>* Filterfl\u00e4che 75 cm2<br \/>* Netzspannung 220V\/50Hz<br \/>* Leistungsaufnahme 15 Watt<br \/>* Abmessungen (LxBxH) 125 x 80 x 75 mm<\/p>\n<p><strong>Technische Daten Oase Aquarius 1500:<\/strong><br \/>* Max. 1500 l\/h<br \/>* Max. F\u00f6rderh\u00f6he 1,8 m<br \/>* Druckseitiger Anschluss 1\/2&#8243;<br \/>* Filterfl\u00e4che 75 cm2<br \/>* Netzspannung 220V\/50Hz<br \/>* Leistungsaufnahme 18 Watt<br \/>* Abmessungen (LxBxH) 125 x 80 x 75 mm<\/p>\n<p><strong>Technische Daten Oase Aquarius 2000:<\/strong><br \/>* Max. 2000 l\/h<br \/>* Max. F\u00f6rderh\u00f6he 2,0 m<br \/>* Druckseitiger Anschluss 1\/2&#8243;<br \/>* Filterfl\u00e4che 75 cm2<br \/>* Netzspannung 220V\/50Hz<br \/>* Leistungsaufnahme 25 Watt<br \/>* Abmessungen (LxBxH) 125 x 80 x 75 mm<\/p>\n<p><strong>Technische Daten Oase Aquarius 3000:<\/strong><br \/>* Max. 3000 l\/h<br \/>* Max. F\u00f6rderh\u00f6he 3,2 m<br \/>* Druckseitiger Anschluss 1&#8243;<br \/>* Filterfl\u00e4che 200 cm2<br \/>* Netzspannung 220V\/50Hz<br \/>* Leistungsaufnahme 40 Watt<br \/>* Abmessungen (LxBxH) 245 x 130 x 140 mm<\/p>\n<p><strong>Technische Daten Oase Aquarius 4000:<\/strong><br \/>* Max. 4000 l\/h<br \/>* Max. F\u00f6rderh\u00f6he 3,4 m<br \/>* Druckseitiger Anschluss 1&#8243;<br \/>* Filterfl\u00e4che 200 cm2<br \/>* Netzspannung 220V\/50Hz<br \/>* Leistungsaufnahme 50 Watt<br \/>* Abmessungen (LxBxH) 245 x 130 x 140 mm<\/p>\n<p><strong>Technische Daten Oase Aquarius 5000:<\/strong><br \/>* Max. 5000 l\/h<br \/>* Max. F\u00f6rderh\u00f6he 4,5 m<br \/>* Druckseitiger Anschluss 1&#8243;<br \/>* Filterfl\u00e4che 200 cm2<br \/>* Netzspannung 220V\/50Hz<br \/>* Leistungsaufnahme 85 Watt<br \/>* Abmessungen (LxBxH) 315 x 140 x 130 mm<\/p>\n<p><strong>Technische Daten Oase Aquarius 6000:<\/strong><br \/>* Max. 5000 l\/h<br \/>* Max. F\u00f6rderh\u00f6he 5,5 m<br \/>* Druckseitiger Anschluss 1&#8243;<br \/>* Filterfl\u00e4che 200 cm2<br \/>* Netzspannung 220V\/50Hz<br \/>* Leistungsaufnahme 110 Watt<br \/>* Abmessungen (LxBxH) 315 x 140 x 130 mm<\/p>\n<p><strong>Technische Daten Oase Aquarius 9000:<\/strong><br \/>* Max. 9000 l\/h<br \/>* Max. F\u00f6rderh\u00f6he 6,0 m<br \/>* Druckseitiger Anschluss 1.1\/2&#8243;<br \/>* Filterfl\u00e4che 223 cm2<br \/>* 10-Meter-Kabel<br \/>* Netzspannung 220V\/50Hz<br \/>* Leistungsaufnahme 195 Watt<br \/>* Abmessungen (LxBxH) 340 x 160 x 160 mm<\/p>\n<p><strong>Technische Daten Oase Aquarius 12000:<\/strong><br \/>* Max. 12.000 l\/h<br \/>* Max. F\u00f6rderh\u00f6he 7,0m<br \/>* Druckseitiger Anschluss 1.1\/2&#8243;<br \/>* Filterfl\u00e4che 223 cm2<br \/>* 10-Meter-Kabel<br \/>* Netzspannung 220V\/50Hz<br \/>* Leistungsaufnahme 270 Watt<br \/>* Abmessungen (LxBxH) 340 x 160 x 160 mm<\/p>\n<p><\/span><\/p>\n","protected":false},"excerpt":{"rendered":"<p>oase Pumpen 1000-12000 ltr f\u00fcr den professionellen Einsatz.<\/p>\n","protected":false},"featured_media":6022,"template":"","meta":{"_acf_changed":false,"_genesis_title":"","_genesis_description":""},"product_brand":[6932],"product_cat":[545],"product_tag":[],"class_list":{"0":"post-127110","1":"product","2":"type-product","3":"status-publish","4":"has-post-thumbnail","6":"product_brand-oase-de","7":"product_cat-teile-wasserspiele","9":"first","10":"instock","11":"taxable","12":"shipping-taxable","13":"purchasable","14":"product-type-variable"},"acf":[],"meta_all":{"total_sales":"1","wcml_sync_hash":{"postmeta_fields":"34e2a30a3c5345d86a6927069788b26a"},"attr_label_translations":[]},"meta_all_flat":{"total_sales":"1","wcml_sync_hash.postmeta_fields":"34e2a30a3c5345d86a6927069788b26a"},"yoast_head":"<!-- This site is optimized with the Yoast SEO Premium plugin v26.2 (Yoast SEO v27.2) - https:\/\/yoast.com\/product\/yoast-seo-premium-wordpress\/ -->\n<title>Oase Aquarius Wasserpumpen f\u00fcr Zierpflanzen und Springbrunnen<\/title>\n<meta name=\"description\" content=\"oase Pumpen 1000-12000 ltr f\u00fcr den professionellen Einsatz.\" \/>\n<meta name=\"robots\" content=\"index, follow, max-snippet:-1, max-image-preview:large, max-video-preview:-1\" \/>\n<link rel=\"canonical\" href=\"https:\/\/www.eliassen.nl\/de\/oasis-aquarius-wasserbrunnen-und-springbrunnenpumpen\/\" \/>\n<meta property=\"og:locale\" content=\"de_DE\" \/>\n<meta property=\"og:type\" content=\"article\" \/>\n<meta property=\"og:title\" content=\"Oase Oase Aquarius Wasserpumpen f\u00fcr Zierpflanzen und Springbrunnen - Eliassen.nl\" \/>\n<meta property=\"og:description\" content=\"oase Pumpen 1000-12000 ltr f\u00fcr den professionellen Einsatz.\" \/>\n<meta property=\"og:url\" content=\"https:\/\/www.eliassen.nl\/de\/oasis-aquarius-wasserbrunnen-und-springbrunnenpumpen\/\" \/>\n<meta property=\"og:site_name\" content=\"Eliassen.nl\" \/>\n<meta property=\"article:publisher\" content=\"https:\/\/www.facebook.com\/TuincentrumEliassenAmmerzoden\" \/>\n<meta property=\"article:modified_time\" content=\"2026-02-23T08:07:12+00:00\" \/>\n<meta property=\"og:image\" content=\"https:\/\/www.eliassen.nl\/wp-content\/uploads\/2024\/01\/5000.jpg\" \/>\n\t<meta property=\"og:image:width\" content=\"416\" \/>\n\t<meta property=\"og:image:height\" content=\"199\" \/>\n\t<meta property=\"og:image:type\" content=\"image\/jpeg\" \/>\n<meta name=\"twitter:card\" content=\"summary_large_image\" \/>\n<script type=\"application\/ld+json\" class=\"yoast-schema-graph\">{\"@context\":\"https:\/\/schema.org\",\"@graph\":[{\"@type\":\"WebPage\",\"@id\":\"https:\/\/www.eliassen.nl\/de\/oasis-aquarius-wasserbrunnen-und-springbrunnenpumpen\/\",\"url\":\"https:\/\/www.eliassen.nl\/de\/oasis-aquarius-wasserbrunnen-und-springbrunnenpumpen\/\",\"name\":\"Oase Aquarius Wasserpumpen f\u00fcr Zierpflanzen und Springbrunnen\",\"isPartOf\":{\"@id\":\"https:\/\/www.eliassen.nl\/de\/#website\"},\"primaryImageOfPage\":{\"@id\":\"https:\/\/www.eliassen.nl\/de\/oasis-aquarius-wasserbrunnen-und-springbrunnenpumpen\/#primaryimage\"},\"image\":{\"@id\":\"https:\/\/www.eliassen.nl\/de\/oasis-aquarius-wasserbrunnen-und-springbrunnenpumpen\/#primaryimage\"},\"thumbnailUrl\":\"https:\/\/www.eliassen.nl\/wp-content\/uploads\/2024\/01\/5000.jpg\",\"datePublished\":\"2019-10-28T14:57:43+00:00\",\"dateModified\":\"2026-02-23T08:07:12+00:00\",\"description\":\"oase Pumpen 1000-12000 ltr f\u00fcr den professionellen Einsatz.\",\"breadcrumb\":{\"@id\":\"https:\/\/www.eliassen.nl\/de\/oasis-aquarius-wasserbrunnen-und-springbrunnenpumpen\/#breadcrumb\"},\"inLanguage\":\"de\",\"potentialAction\":[{\"@type\":\"ReadAction\",\"target\":[\"https:\/\/www.eliassen.nl\/de\/oasis-aquarius-wasserbrunnen-und-springbrunnenpumpen\/\"]}]},{\"@type\":\"ImageObject\",\"inLanguage\":\"de\",\"@id\":\"https:\/\/www.eliassen.nl\/de\/oasis-aquarius-wasserbrunnen-und-springbrunnenpumpen\/#primaryimage\",\"url\":\"https:\/\/www.eliassen.nl\/wp-content\/uploads\/2024\/01\/5000.jpg\",\"contentUrl\":\"https:\/\/www.eliassen.nl\/wp-content\/uploads\/2024\/01\/5000.jpg\",\"width\":416,\"height\":199,\"caption\":\"5000\"},{\"@type\":\"BreadcrumbList\",\"@id\":\"https:\/\/www.eliassen.nl\/de\/oasis-aquarius-wasserbrunnen-und-springbrunnenpumpen\/#breadcrumb\",\"itemListElement\":[{\"@type\":\"ListItem\",\"position\":1,\"name\":\"Home\",\"item\":\"https:\/\/www.eliassen.nl\/de\/\"},{\"@type\":\"ListItem\",\"position\":2,\"name\":\"Shop\",\"item\":\"https:\/\/www.eliassen.nl\/de\/shop\/\"},{\"@type\":\"ListItem\",\"position\":3,\"name\":\"Wasserspiele\",\"item\":\"https:\/\/www.eliassen.nl\/de\/wassereigenschaften\/\"},{\"@type\":\"ListItem\",\"position\":4,\"name\":\"Teile Wasserspiele\",\"item\":\"https:\/\/www.eliassen.nl\/de\/wassereigenschaften\/teile-wasserspiele\/\"},{\"@type\":\"ListItem\",\"position\":5,\"name\":\"Oase Aquarius Wasserpumpen f\u00fcr Zierpflanzen und Springbrunnen\"}]},{\"@type\":\"WebSite\",\"@id\":\"https:\/\/www.eliassen.nl\/de\/#website\",\"url\":\"https:\/\/www.eliassen.nl\/de\/\",\"name\":\"Eliassen Home & Garden Pleasure\",\"description\":\"\",\"publisher\":{\"@id\":\"https:\/\/www.eliassen.nl\/de\/#organization\"},\"alternateName\":\"Eliassen.nl\",\"potentialAction\":[{\"@type\":\"SearchAction\",\"target\":{\"@type\":\"EntryPoint\",\"urlTemplate\":\"https:\/\/www.eliassen.nl\/de\/?s={search_term_string}\"},\"query-input\":{\"@type\":\"PropertyValueSpecification\",\"valueRequired\":true,\"valueName\":\"search_term_string\"}}],\"inLanguage\":\"de\"},{\"@type\":[\"Organization\",\"Place\"],\"@id\":\"https:\/\/www.eliassen.nl\/de\/#organization\",\"name\":\"Eliassen Home & Garden Pleasure\",\"url\":\"https:\/\/www.eliassen.nl\/de\/\",\"logo\":{\"@id\":\"https:\/\/www.eliassen.nl\/de\/oasis-aquarius-wasserbrunnen-und-springbrunnenpumpen\/#local-main-organization-logo\"},\"image\":{\"@id\":\"https:\/\/www.eliassen.nl\/de\/oasis-aquarius-wasserbrunnen-und-springbrunnenpumpen\/#local-main-organization-logo\"},\"sameAs\":[\"https:\/\/www.facebook.com\/TuincentrumEliassenAmmerzoden\",\"https:\/\/www.instagram.com\/eliassenhomeandgarden\/\",\"https:\/\/nl.pinterest.com\/eliassenhomeandgarden\/\",\"https:\/\/www.youtube.com\/@eliassenhomegardenpleasure4558\"],\"telephone\":[],\"openingHoursSpecification\":[{\"@type\":\"OpeningHoursSpecification\",\"dayOfWeek\":[\"Monday\",\"Tuesday\",\"Wednesday\",\"Thursday\",\"Friday\",\"Saturday\",\"Sunday\"],\"opens\":\"09:00\",\"closes\":\"17:00\"}]},{\"@type\":\"ImageObject\",\"inLanguage\":\"de\",\"@id\":\"https:\/\/www.eliassen.nl\/de\/oasis-aquarius-wasserbrunnen-und-springbrunnenpumpen\/#local-main-organization-logo\",\"url\":\"https:\/\/www.eliassen.nl\/wp-content\/uploads\/2024\/01\/logo_4nd.jpg\",\"contentUrl\":\"https:\/\/www.eliassen.nl\/wp-content\/uploads\/2024\/01\/logo_4nd.jpg\",\"width\":500,\"height\":500,\"caption\":\"Eliassen Home & Garden Pleasure\"}]}<\/script>\n<meta property=\"og:availability\" content=\"instock\" \/>\n<meta property=\"product:availability\" content=\"instock\" \/>\n<meta property=\"product:retailer_item_id\" content=\"36950\" \/>\n<meta property=\"product:condition\" content=\"new\" \/>\n<!-- \/ Yoast SEO Premium plugin. -->","yoast_head_json":{"title":"Oase Aquarius Wasserpumpen f\u00fcr Zierpflanzen und Springbrunnen","description":"oase Pumpen 1000-12000 ltr f\u00fcr den professionellen Einsatz.","robots":{"index":"index","follow":"follow","max-snippet":"max-snippet:-1","max-image-preview":"max-image-preview:large","max-video-preview":"max-video-preview:-1"},"canonical":"https:\/\/www.eliassen.nl\/de\/oasis-aquarius-wasserbrunnen-und-springbrunnenpumpen\/","og_locale":"de_DE","og_type":"article","og_title":"Oase Oase Aquarius Wasserpumpen f\u00fcr Zierpflanzen und Springbrunnen - Eliassen.nl","og_description":"oase Pumpen 1000-12000 ltr f\u00fcr den professionellen Einsatz.","og_url":"https:\/\/www.eliassen.nl\/de\/oasis-aquarius-wasserbrunnen-und-springbrunnenpumpen\/","og_site_name":"Eliassen.nl","article_publisher":"https:\/\/www.facebook.com\/TuincentrumEliassenAmmerzoden","article_modified_time":"2026-02-23T08:07:12+00:00","og_image":[{"width":416,"height":199,"url":"https:\/\/www.eliassen.nl\/wp-content\/uploads\/2024\/01\/5000.jpg","type":"image\/jpeg"}],"twitter_card":"summary_large_image","schema":{"@context":"https:\/\/schema.org","@graph":[{"@type":"WebPage","@id":"https:\/\/www.eliassen.nl\/de\/oasis-aquarius-wasserbrunnen-und-springbrunnenpumpen\/","url":"https:\/\/www.eliassen.nl\/de\/oasis-aquarius-wasserbrunnen-und-springbrunnenpumpen\/","name":"Oase Aquarius Wasserpumpen f\u00fcr Zierpflanzen und Springbrunnen","isPartOf":{"@id":"https:\/\/www.eliassen.nl\/de\/#website"},"primaryImageOfPage":{"@id":"https:\/\/www.eliassen.nl\/de\/oasis-aquarius-wasserbrunnen-und-springbrunnenpumpen\/#primaryimage"},"image":{"@id":"https:\/\/www.eliassen.nl\/de\/oasis-aquarius-wasserbrunnen-und-springbrunnenpumpen\/#primaryimage"},"thumbnailUrl":"https:\/\/www.eliassen.nl\/wp-content\/uploads\/2024\/01\/5000.jpg","datePublished":"2019-10-28T14:57:43+00:00","dateModified":"2026-02-23T08:07:12+00:00","description":"oase Pumpen 1000-12000 ltr f\u00fcr den professionellen Einsatz.","breadcrumb":{"@id":"https:\/\/www.eliassen.nl\/de\/oasis-aquarius-wasserbrunnen-und-springbrunnenpumpen\/#breadcrumb"},"inLanguage":"de","potentialAction":[{"@type":"ReadAction","target":["https:\/\/www.eliassen.nl\/de\/oasis-aquarius-wasserbrunnen-und-springbrunnenpumpen\/"]}]},{"@type":"ImageObject","inLanguage":"de","@id":"https:\/\/www.eliassen.nl\/de\/oasis-aquarius-wasserbrunnen-und-springbrunnenpumpen\/#primaryimage","url":"https:\/\/www.eliassen.nl\/wp-content\/uploads\/2024\/01\/5000.jpg","contentUrl":"https:\/\/www.eliassen.nl\/wp-content\/uploads\/2024\/01\/5000.jpg","width":416,"height":199,"caption":"5000"},{"@type":"BreadcrumbList","@id":"https:\/\/www.eliassen.nl\/de\/oasis-aquarius-wasserbrunnen-und-springbrunnenpumpen\/#breadcrumb","itemListElement":[{"@type":"ListItem","position":1,"name":"Home","item":"https:\/\/www.eliassen.nl\/de\/"},{"@type":"ListItem","position":2,"name":"Shop","item":"https:\/\/www.eliassen.nl\/de\/shop\/"},{"@type":"ListItem","position":3,"name":"Wasserspiele","item":"https:\/\/www.eliassen.nl\/de\/wassereigenschaften\/"},{"@type":"ListItem","position":4,"name":"Teile Wasserspiele","item":"https:\/\/www.eliassen.nl\/de\/wassereigenschaften\/teile-wasserspiele\/"},{"@type":"ListItem","position":5,"name":"Oase Aquarius Wasserpumpen f\u00fcr Zierpflanzen und Springbrunnen"}]},{"@type":"WebSite","@id":"https:\/\/www.eliassen.nl\/de\/#website","url":"https:\/\/www.eliassen.nl\/de\/","name":"Eliassen Home & Garden Pleasure","description":"","publisher":{"@id":"https:\/\/www.eliassen.nl\/de\/#organization"},"alternateName":"Eliassen.nl","potentialAction":[{"@type":"SearchAction","target":{"@type":"EntryPoint","urlTemplate":"https:\/\/www.eliassen.nl\/de\/?s={search_term_string}"},"query-input":{"@type":"PropertyValueSpecification","valueRequired":true,"valueName":"search_term_string"}}],"inLanguage":"de"},{"@type":["Organization","Place"],"@id":"https:\/\/www.eliassen.nl\/de\/#organization","name":"Eliassen Home & Garden Pleasure","url":"https:\/\/www.eliassen.nl\/de\/","logo":{"@id":"https:\/\/www.eliassen.nl\/de\/oasis-aquarius-wasserbrunnen-und-springbrunnenpumpen\/#local-main-organization-logo"},"image":{"@id":"https:\/\/www.eliassen.nl\/de\/oasis-aquarius-wasserbrunnen-und-springbrunnenpumpen\/#local-main-organization-logo"},"sameAs":["https:\/\/www.facebook.com\/TuincentrumEliassenAmmerzoden","https:\/\/www.instagram.com\/eliassenhomeandgarden\/","https:\/\/nl.pinterest.com\/eliassenhomeandgarden\/","https:\/\/www.youtube.com\/@eliassenhomegardenpleasure4558"],"telephone":[],"openingHoursSpecification":[{"@type":"OpeningHoursSpecification","dayOfWeek":["Monday","Tuesday","Wednesday","Thursday","Friday","Saturday","Sunday"],"opens":"09:00","closes":"17:00"}]},{"@type":"ImageObject","inLanguage":"de","@id":"https:\/\/www.eliassen.nl\/de\/oasis-aquarius-wasserbrunnen-und-springbrunnenpumpen\/#local-main-organization-logo","url":"https:\/\/www.eliassen.nl\/wp-content\/uploads\/2024\/01\/logo_4nd.jpg","contentUrl":"https:\/\/www.eliassen.nl\/wp-content\/uploads\/2024\/01\/logo_4nd.jpg","width":500,"height":500,"caption":"Eliassen Home & Garden Pleasure"}]},"og_availability":"instock","product_availability":"instock","product_retailer_item_id":"36950","product_condition":"new"},"df_price":114.5,"df_sale_price":"","df_regular_price":114.5,"df_image_link":"https:\/\/www.eliassen.nl\/wp-content\/uploads\/2024\/01\/5000.jpg","image":"https:\/\/www.eliassen.nl\/wp-content\/uploads\/2024\/01\/5000.jpg","price_search":"<span class=\"woocommerce-Price-amount amount\"><bdi><span class=\"woocommerce-Price-currencySymbol\">&euro;<\/span>&nbsp;114,50<\/bdi><\/span>","category":"Teile Wasserspiele","global_unique_id":"7438245616626","_links":{"self":[{"href":"https:\/\/www.eliassen.nl\/de\/wp-json\/wp\/v2\/product\/127110","targetHints":{"allow":["GET"]}}],"collection":[{"href":"https:\/\/www.eliassen.nl\/de\/wp-json\/wp\/v2\/product"}],"about":[{"href":"https:\/\/www.eliassen.nl\/de\/wp-json\/wp\/v2\/types\/product"}],"wp:featuredmedia":[{"embeddable":true,"href":"https:\/\/www.eliassen.nl\/de\/wp-json\/wp\/v2\/media\/6022"}],"wp:attachment":[{"href":"https:\/\/www.eliassen.nl\/de\/wp-json\/wp\/v2\/media?parent=127110"}],"wp:term":[{"taxonomy":"product_brand","embeddable":true,"href":"https:\/\/www.eliassen.nl\/de\/wp-json\/wp\/v2\/product_brand?post=127110"},{"taxonomy":"product_cat","embeddable":true,"href":"https:\/\/www.eliassen.nl\/de\/wp-json\/wp\/v2\/product_cat?post=127110"},{"taxonomy":"product_tag","embeddable":true,"href":"https:\/\/www.eliassen.nl\/de\/wp-json\/wp\/v2\/product_tag?post=127110"}],"curies":[{"name":"wp","href":"https:\/\/api.w.org\/{rel}","templated":true}]}}