{"id":12697,"date":"2019-10-28T17:32:31","date_gmt":"2019-10-28T17:32:31","guid":{"rendered":"https:\/\/www.eliassen.nl\/?product=malen-photo-frische"},"modified":"2026-01-07T12:04:27","modified_gmt":"2026-01-07T11:04:27","slug":"fotogemalde-fresh-leinwand-114x80cm","status":"publish","type":"product","link":"https:\/\/www.eliassen.nl\/de\/fotogemalde-fresh-leinwand-114x80cm\/","title":{"rendered":"Foto Malerei Frische Leinwand 114x80cm"},"content":{"rendered":"<p>Eine Bereicherung f\u00fcr Ihr Zuhause ist diese Wanddekoration mit dem gestochen scharfen Bild einer Bucht, gedruckt auf robuster Leinwand. Das Foto l\u00e4uft auch an den Seiten herunter. Die Leinwand ist auf einen stabilen 4,7 cm dicken Holzrahmen gespannt, der in der Mitte mit einem Verst\u00e4rkungskreuz versehen ist, so dass sich die Leinwand nicht verziehen kann. Einfach mit einer Schraube zu befestigen.<br \/>\n<strong>Wir haben fast die gesamte Kollektion dieses Ladens auch im Gesch\u00e4ft, also schauen Sie doch einfach mal bei uns vorbei. Wenn Sie sich ein spezielles Modell ansehen m\u00f6chten, rufen Sie uns bitte an oder schicken Sie uns eine E-Mail.<\/strong><\/p>\n<ul>\n<li>Gr\u00f6\u00dfe: 114 x 80cm.<\/li>\n<li>Dicker Holzrahmen.<\/li>\n<li>Schnelle Lieferung.<\/li>\n<li>Nur im Innenbereich.<\/li>\n<\/ul>\n","protected":false},"excerpt":{"rendered":"<p>Eine Bereicherung f\u00fcr Ihr Zuhause ist diese Wanddekoration mit dem gestochen scharfen Bild einer Bucht, gedruckt auf robuster Leinwand. Das Foto l\u00e4uft auch an den Seiten herunter. Die Leinwand ist auf einen stabilen 4,7 cm dicken Holzrahmen gespannt, der in der Mitte mit einem Verst\u00e4rkungskreuz versehen ist, so dass sich die Leinwand nicht verziehen kann. &hellip;<\/p>\n","protected":false},"featured_media":12691,"template":"","meta":{"_acf_changed":false,"_genesis_title":"","_genesis_description":""},"product_brand":[7505],"product_cat":[410,476,413],"product_tag":[],"class_list":{"0":"post-12697","1":"product","2":"type-product","3":"status-publish","4":"has-post-thumbnail","6":"product_brand-sonstige","7":"product_cat-gemaelde","8":"product_cat-gemaelde-auf-leinwand","9":"product_cat-gemaelde-outlet","11":"first","12":"instock","13":"sale","14":"taxable","15":"shipping-taxable","16":"purchasable","17":"product-type-simple"},"acf":[],"meta_all":{"total_sales":"0","wcml_sync_hash":{"postmeta_fields":"ce436c542dd1c899895c4c774cb094fa"},"attr_label_translations":[],"cor_restricted_countries":[]},"meta_all_flat":{"total_sales":"0","wcml_sync_hash.postmeta_fields":"ce436c542dd1c899895c4c774cb094fa"},"yoast_head":"<!-- This site is optimized with the Yoast SEO Premium plugin v26.2 (Yoast SEO v27.2) - https:\/\/yoast.com\/product\/yoast-seo-premium-wordpress\/ -->\n<title>Foto Gem\u00e4lde Frisch | Eliassen<\/title>\n<meta name=\"description\" content=\"Bei Eliassen k\u00f6nnen Sie das Fotogem\u00e4lde Fresh online kaufen oder live im Ausstellungsraum betrachten. Wir haben die sch\u00f6nsten Gem\u00e4lde, Gem\u00e4lde Outlet\" \/>\n<meta name=\"robots\" content=\"index, follow, max-snippet:-1, max-image-preview:large, max-video-preview:-1\" \/>\n<link rel=\"canonical\" href=\"https:\/\/www.eliassen.nl\/de\/fotogemalde-fresh-leinwand-114x80cm\/\" \/>\n<meta property=\"og:locale\" content=\"de_DE\" \/>\n<meta property=\"og:type\" content=\"article\" \/>\n<meta property=\"og:title\" content=\"Sonstige Foto Malerei Frische Leinwand 114x80cm - Eliassen.nl\" \/>\n<meta property=\"og:description\" content=\"Bei Eliassen k\u00f6nnen Sie das Fotogem\u00e4lde Fresh online kaufen oder live im Ausstellungsraum betrachten. Wir haben die sch\u00f6nsten Gem\u00e4lde, Gem\u00e4lde Outlet\" \/>\n<meta property=\"og:url\" content=\"https:\/\/www.eliassen.nl\/de\/fotogemalde-fresh-leinwand-114x80cm\/\" \/>\n<meta property=\"og:site_name\" content=\"Eliassen.nl\" \/>\n<meta property=\"article:publisher\" content=\"https:\/\/www.facebook.com\/TuincentrumEliassenAmmerzoden\" \/>\n<meta property=\"article:modified_time\" content=\"2026-01-07T11:04:27+00:00\" \/>\n<meta property=\"og:image\" content=\"https:\/\/www.eliassen.nl\/wp-content\/uploads\/2024\/01\/canvas08011408114x80cm.jpg\" \/>\n\t<meta property=\"og:image:width\" content=\"655\" \/>\n\t<meta property=\"og:image:height\" content=\"464\" \/>\n\t<meta property=\"og:image:type\" content=\"image\/jpeg\" \/>\n<meta name=\"twitter:card\" content=\"summary_large_image\" \/>\n<script type=\"application\/ld+json\" class=\"yoast-schema-graph\">{\"@context\":\"https:\/\/schema.org\",\"@graph\":[{\"@type\":\"WebPage\",\"@id\":\"https:\/\/www.eliassen.nl\/de\/fotogemalde-fresh-leinwand-114x80cm\/\",\"url\":\"https:\/\/www.eliassen.nl\/de\/fotogemalde-fresh-leinwand-114x80cm\/\",\"name\":\"Foto Gem\u00e4lde Frisch | Eliassen\",\"isPartOf\":{\"@id\":\"https:\/\/www.eliassen.nl\/de\/#website\"},\"primaryImageOfPage\":{\"@id\":\"https:\/\/www.eliassen.nl\/de\/fotogemalde-fresh-leinwand-114x80cm\/#primaryimage\"},\"image\":{\"@id\":\"https:\/\/www.eliassen.nl\/de\/fotogemalde-fresh-leinwand-114x80cm\/#primaryimage\"},\"thumbnailUrl\":\"https:\/\/www.eliassen.nl\/wp-content\/uploads\/2024\/01\/canvas08011408114x80cm.jpg\",\"datePublished\":\"2019-10-28T17:32:31+00:00\",\"dateModified\":\"2026-01-07T11:04:27+00:00\",\"description\":\"Bei Eliassen k\u00f6nnen Sie das Fotogem\u00e4lde Fresh online kaufen oder live im Ausstellungsraum betrachten. Wir haben die sch\u00f6nsten Gem\u00e4lde, Gem\u00e4lde Outlet\",\"breadcrumb\":{\"@id\":\"https:\/\/www.eliassen.nl\/de\/fotogemalde-fresh-leinwand-114x80cm\/#breadcrumb\"},\"inLanguage\":\"de\",\"potentialAction\":[{\"@type\":\"ReadAction\",\"target\":[\"https:\/\/www.eliassen.nl\/de\/fotogemalde-fresh-leinwand-114x80cm\/\"]}]},{\"@type\":\"ImageObject\",\"inLanguage\":\"de\",\"@id\":\"https:\/\/www.eliassen.nl\/de\/fotogemalde-fresh-leinwand-114x80cm\/#primaryimage\",\"url\":\"https:\/\/www.eliassen.nl\/wp-content\/uploads\/2024\/01\/canvas08011408114x80cm.jpg\",\"contentUrl\":\"https:\/\/www.eliassen.nl\/wp-content\/uploads\/2024\/01\/canvas08011408114x80cm.jpg\",\"width\":655,\"height\":464,\"caption\":\"canvas080114-08-114x80cm\"},{\"@type\":\"BreadcrumbList\",\"@id\":\"https:\/\/www.eliassen.nl\/de\/fotogemalde-fresh-leinwand-114x80cm\/#breadcrumb\",\"itemListElement\":[{\"@type\":\"ListItem\",\"position\":1,\"name\":\"Home\",\"item\":\"https:\/\/www.eliassen.nl\/de\/\"},{\"@type\":\"ListItem\",\"position\":2,\"name\":\"Shop\",\"item\":\"https:\/\/www.eliassen.nl\/de\/shop\/\"},{\"@type\":\"ListItem\",\"position\":3,\"name\":\"Gem\u00e4lde\",\"item\":\"https:\/\/www.eliassen.nl\/de\/gemaelde\/\"},{\"@type\":\"ListItem\",\"position\":4,\"name\":\"Gem\u00e4lde auf Leinwand\",\"item\":\"https:\/\/www.eliassen.nl\/de\/gemaelde\/gemaelde-auf-leinwand\/\"},{\"@type\":\"ListItem\",\"position\":5,\"name\":\"Foto Malerei Frische Leinwand 114x80cm\"}]},{\"@type\":\"WebSite\",\"@id\":\"https:\/\/www.eliassen.nl\/de\/#website\",\"url\":\"https:\/\/www.eliassen.nl\/de\/\",\"name\":\"Eliassen Home & Garden Pleasure\",\"description\":\"\",\"publisher\":{\"@id\":\"https:\/\/www.eliassen.nl\/de\/#organization\"},\"alternateName\":\"Eliassen.nl\",\"potentialAction\":[{\"@type\":\"SearchAction\",\"target\":{\"@type\":\"EntryPoint\",\"urlTemplate\":\"https:\/\/www.eliassen.nl\/de\/?s={search_term_string}\"},\"query-input\":{\"@type\":\"PropertyValueSpecification\",\"valueRequired\":true,\"valueName\":\"search_term_string\"}}],\"inLanguage\":\"de\"},{\"@type\":[\"Organization\",\"Place\"],\"@id\":\"https:\/\/www.eliassen.nl\/de\/#organization\",\"name\":\"Eliassen Home & Garden Pleasure\",\"url\":\"https:\/\/www.eliassen.nl\/de\/\",\"logo\":{\"@id\":\"https:\/\/www.eliassen.nl\/de\/fotogemalde-fresh-leinwand-114x80cm\/#local-main-organization-logo\"},\"image\":{\"@id\":\"https:\/\/www.eliassen.nl\/de\/fotogemalde-fresh-leinwand-114x80cm\/#local-main-organization-logo\"},\"sameAs\":[\"https:\/\/www.facebook.com\/TuincentrumEliassenAmmerzoden\",\"https:\/\/www.instagram.com\/eliassenhomeandgarden\/\",\"https:\/\/nl.pinterest.com\/eliassenhomeandgarden\/\",\"https:\/\/www.youtube.com\/@eliassenhomegardenpleasure4558\"],\"telephone\":[],\"openingHoursSpecification\":[{\"@type\":\"OpeningHoursSpecification\",\"dayOfWeek\":[\"Monday\",\"Tuesday\",\"Wednesday\",\"Thursday\",\"Friday\",\"Saturday\",\"Sunday\"],\"opens\":\"09:00\",\"closes\":\"17:00\"}]},{\"@type\":\"ImageObject\",\"inLanguage\":\"de\",\"@id\":\"https:\/\/www.eliassen.nl\/de\/fotogemalde-fresh-leinwand-114x80cm\/#local-main-organization-logo\",\"url\":\"https:\/\/www.eliassen.nl\/wp-content\/uploads\/2024\/01\/logo_4nd.jpg\",\"contentUrl\":\"https:\/\/www.eliassen.nl\/wp-content\/uploads\/2024\/01\/logo_4nd.jpg\",\"width\":500,\"height\":500,\"caption\":\"Eliassen Home & Garden Pleasure\"}]}<\/script>\n<meta property=\"product:price:amount\" content=\"30.00\" \/>\n<meta property=\"product:price:currency\" content=\"EUR\" \/>\n<meta property=\"og:availability\" content=\"instock\" \/>\n<meta property=\"product:availability\" content=\"instock\" \/>\n<meta property=\"product:retailer_item_id\" content=\"Canvas080114-08\" \/>\n<meta property=\"product:condition\" content=\"new\" \/>\n<!-- \/ Yoast SEO Premium plugin. -->","yoast_head_json":{"title":"Foto Gem\u00e4lde Frisch | Eliassen","description":"Bei Eliassen k\u00f6nnen Sie das Fotogem\u00e4lde Fresh online kaufen oder live im Ausstellungsraum betrachten. Wir haben die sch\u00f6nsten Gem\u00e4lde, Gem\u00e4lde Outlet","robots":{"index":"index","follow":"follow","max-snippet":"max-snippet:-1","max-image-preview":"max-image-preview:large","max-video-preview":"max-video-preview:-1"},"canonical":"https:\/\/www.eliassen.nl\/de\/fotogemalde-fresh-leinwand-114x80cm\/","og_locale":"de_DE","og_type":"article","og_title":"Sonstige Foto Malerei Frische Leinwand 114x80cm - Eliassen.nl","og_description":"Bei Eliassen k\u00f6nnen Sie das Fotogem\u00e4lde Fresh online kaufen oder live im Ausstellungsraum betrachten. Wir haben die sch\u00f6nsten Gem\u00e4lde, Gem\u00e4lde Outlet","og_url":"https:\/\/www.eliassen.nl\/de\/fotogemalde-fresh-leinwand-114x80cm\/","og_site_name":"Eliassen.nl","article_publisher":"https:\/\/www.facebook.com\/TuincentrumEliassenAmmerzoden","article_modified_time":"2026-01-07T11:04:27+00:00","og_image":[{"width":655,"height":464,"url":"https:\/\/www.eliassen.nl\/wp-content\/uploads\/2024\/01\/canvas08011408114x80cm.jpg","type":"image\/jpeg"}],"twitter_card":"summary_large_image","schema":{"@context":"https:\/\/schema.org","@graph":[{"@type":"WebPage","@id":"https:\/\/www.eliassen.nl\/de\/fotogemalde-fresh-leinwand-114x80cm\/","url":"https:\/\/www.eliassen.nl\/de\/fotogemalde-fresh-leinwand-114x80cm\/","name":"Foto Gem\u00e4lde Frisch | Eliassen","isPartOf":{"@id":"https:\/\/www.eliassen.nl\/de\/#website"},"primaryImageOfPage":{"@id":"https:\/\/www.eliassen.nl\/de\/fotogemalde-fresh-leinwand-114x80cm\/#primaryimage"},"image":{"@id":"https:\/\/www.eliassen.nl\/de\/fotogemalde-fresh-leinwand-114x80cm\/#primaryimage"},"thumbnailUrl":"https:\/\/www.eliassen.nl\/wp-content\/uploads\/2024\/01\/canvas08011408114x80cm.jpg","datePublished":"2019-10-28T17:32:31+00:00","dateModified":"2026-01-07T11:04:27+00:00","description":"Bei Eliassen k\u00f6nnen Sie das Fotogem\u00e4lde Fresh online kaufen oder live im Ausstellungsraum betrachten. Wir haben die sch\u00f6nsten Gem\u00e4lde, Gem\u00e4lde Outlet","breadcrumb":{"@id":"https:\/\/www.eliassen.nl\/de\/fotogemalde-fresh-leinwand-114x80cm\/#breadcrumb"},"inLanguage":"de","potentialAction":[{"@type":"ReadAction","target":["https:\/\/www.eliassen.nl\/de\/fotogemalde-fresh-leinwand-114x80cm\/"]}]},{"@type":"ImageObject","inLanguage":"de","@id":"https:\/\/www.eliassen.nl\/de\/fotogemalde-fresh-leinwand-114x80cm\/#primaryimage","url":"https:\/\/www.eliassen.nl\/wp-content\/uploads\/2024\/01\/canvas08011408114x80cm.jpg","contentUrl":"https:\/\/www.eliassen.nl\/wp-content\/uploads\/2024\/01\/canvas08011408114x80cm.jpg","width":655,"height":464,"caption":"canvas080114-08-114x80cm"},{"@type":"BreadcrumbList","@id":"https:\/\/www.eliassen.nl\/de\/fotogemalde-fresh-leinwand-114x80cm\/#breadcrumb","itemListElement":[{"@type":"ListItem","position":1,"name":"Home","item":"https:\/\/www.eliassen.nl\/de\/"},{"@type":"ListItem","position":2,"name":"Shop","item":"https:\/\/www.eliassen.nl\/de\/shop\/"},{"@type":"ListItem","position":3,"name":"Gem\u00e4lde","item":"https:\/\/www.eliassen.nl\/de\/gemaelde\/"},{"@type":"ListItem","position":4,"name":"Gem\u00e4lde auf Leinwand","item":"https:\/\/www.eliassen.nl\/de\/gemaelde\/gemaelde-auf-leinwand\/"},{"@type":"ListItem","position":5,"name":"Foto Malerei Frische Leinwand 114x80cm"}]},{"@type":"WebSite","@id":"https:\/\/www.eliassen.nl\/de\/#website","url":"https:\/\/www.eliassen.nl\/de\/","name":"Eliassen Home & Garden Pleasure","description":"","publisher":{"@id":"https:\/\/www.eliassen.nl\/de\/#organization"},"alternateName":"Eliassen.nl","potentialAction":[{"@type":"SearchAction","target":{"@type":"EntryPoint","urlTemplate":"https:\/\/www.eliassen.nl\/de\/?s={search_term_string}"},"query-input":{"@type":"PropertyValueSpecification","valueRequired":true,"valueName":"search_term_string"}}],"inLanguage":"de"},{"@type":["Organization","Place"],"@id":"https:\/\/www.eliassen.nl\/de\/#organization","name":"Eliassen Home & Garden Pleasure","url":"https:\/\/www.eliassen.nl\/de\/","logo":{"@id":"https:\/\/www.eliassen.nl\/de\/fotogemalde-fresh-leinwand-114x80cm\/#local-main-organization-logo"},"image":{"@id":"https:\/\/www.eliassen.nl\/de\/fotogemalde-fresh-leinwand-114x80cm\/#local-main-organization-logo"},"sameAs":["https:\/\/www.facebook.com\/TuincentrumEliassenAmmerzoden","https:\/\/www.instagram.com\/eliassenhomeandgarden\/","https:\/\/nl.pinterest.com\/eliassenhomeandgarden\/","https:\/\/www.youtube.com\/@eliassenhomegardenpleasure4558"],"telephone":[],"openingHoursSpecification":[{"@type":"OpeningHoursSpecification","dayOfWeek":["Monday","Tuesday","Wednesday","Thursday","Friday","Saturday","Sunday"],"opens":"09:00","closes":"17:00"}]},{"@type":"ImageObject","inLanguage":"de","@id":"https:\/\/www.eliassen.nl\/de\/fotogemalde-fresh-leinwand-114x80cm\/#local-main-organization-logo","url":"https:\/\/www.eliassen.nl\/wp-content\/uploads\/2024\/01\/logo_4nd.jpg","contentUrl":"https:\/\/www.eliassen.nl\/wp-content\/uploads\/2024\/01\/logo_4nd.jpg","width":500,"height":500,"caption":"Eliassen Home & Garden Pleasure"}]},"product_price_amount":"30.00","product_price_currency":"EUR","og_availability":"instock","product_availability":"instock","product_retailer_item_id":"Canvas080114-08","product_condition":"new"},"df_price":30,"df_sale_price":30,"df_regular_price":65,"df_image_link":"https:\/\/www.eliassen.nl\/wp-content\/uploads\/2024\/01\/canvas08011408114x80cm.jpg","image":"https:\/\/www.eliassen.nl\/wp-content\/uploads\/2024\/01\/canvas08011408114x80cm.jpg","price_search":"<span class=\"woocommerce-Price-amount amount\"><bdi><span class=\"woocommerce-Price-currencySymbol\">&euro;<\/span>&nbsp;30,00<\/bdi><\/span>","category":"Gem\u00e4lde","global_unique_id":"7438245771707","_links":{"self":[{"href":"https:\/\/www.eliassen.nl\/de\/wp-json\/wp\/v2\/product\/12697","targetHints":{"allow":["GET"]}}],"collection":[{"href":"https:\/\/www.eliassen.nl\/de\/wp-json\/wp\/v2\/product"}],"about":[{"href":"https:\/\/www.eliassen.nl\/de\/wp-json\/wp\/v2\/types\/product"}],"wp:featuredmedia":[{"embeddable":true,"href":"https:\/\/www.eliassen.nl\/de\/wp-json\/wp\/v2\/media\/12691"}],"wp:attachment":[{"href":"https:\/\/www.eliassen.nl\/de\/wp-json\/wp\/v2\/media?parent=12697"}],"wp:term":[{"taxonomy":"product_brand","embeddable":true,"href":"https:\/\/www.eliassen.nl\/de\/wp-json\/wp\/v2\/product_brand?post=12697"},{"taxonomy":"product_cat","embeddable":true,"href":"https:\/\/www.eliassen.nl\/de\/wp-json\/wp\/v2\/product_cat?post=12697"},{"taxonomy":"product_tag","embeddable":true,"href":"https:\/\/www.eliassen.nl\/de\/wp-json\/wp\/v2\/product_tag?post=12697"}],"curies":[{"name":"wp","href":"https:\/\/api.w.org\/{rel}","templated":true}]}}