{"id":12544,"date":"2019-10-28T17:27:57","date_gmt":"2019-10-28T17:27:57","guid":{"rendered":"https:\/\/www.eliassen.nl\/?product=wasser-eigenschaft-montreux"},"modified":"2026-01-16T13:23:13","modified_gmt":"2026-01-16T12:23:13","slug":"modernes-hochterrassen-wasserspiel-montreux","status":"publish","type":"product","link":"https:\/\/www.eliassen.nl\/de\/modernes-hochterrassen-wasserspiel-montreux\/","title":{"rendered":"Modernes hohes Terrassen-Wasserornament Montreux 86cm"},"content":{"rendered":"<p><strong>M\u00f6chten Sie den Ausstellungsraum daf\u00fcr besuchen? Kontaktieren Sie uns im Voraus!<\/strong><\/p>\n<p>Modernes, hohes Wasserornament f\u00fcr die Terrasse mit sch\u00f6nem, schlichtem Design. Vollst\u00e4ndig aus robustem Polyresin in ultramoderner gr\u00fcnlicher Farbe hergestellt. Wird mit Pumpe geliefert. Kann im Freien, aber auch in Innenr\u00e4umen verwendet werden.<\/p>\n<p><strong>Besuchen Sie unseren Ausstellungsraum, um viele Modelle live zu bewundern!<\/strong><\/p>\n<ul>\n<li>Material: Polyresin<\/li>\n<li>Gr\u00f6\u00dfe Ornament: 25x24x86cm hoch<\/li>\n<li>Kann ohne Graben installiert werden<\/li>\n<li>Mit Licht : nein<\/li>\n<li>Garantie: 1 Jahr<\/li>\n<li>Schnelle Lieferung<\/li>\n<li>Besuchen Sie unseren Ausstellungsraum, um viele Modelle live zu bewundern!<\/li>\n<\/ul>\n","protected":false},"excerpt":{"rendered":"<p>M\u00f6chten Sie den Ausstellungsraum daf\u00fcr besuchen? Kontaktieren Sie uns im Voraus!<\/p>\n","protected":false},"featured_media":12529,"template":"","meta":{"_acf_changed":false,"_genesis_title":"","_genesis_description":""},"product_brand":[6952],"product_cat":[575,536,581],"product_tag":[7371],"class_list":{"0":"post-12544","1":"product","2":"type-product","3":"status-publish","4":"has-post-thumbnail","6":"product_brand-acqua-arte-de","7":"product_cat-ubbink-wasserspiele","8":"product_cat-wassereigenschaften","9":"product_cat-wasserspiele-aus-kunststoff","10":"product_tag-kunststoff-wasserornamente","12":"first","13":"instock","14":"taxable","15":"shipping-taxable","16":"purchasable","17":"product-type-simple"},"acf":[],"meta_all":{"total_sales":"2","wcml_sync_hash":{"postmeta_fields":"f76ad8daa60ddd45b4a575b034d157fb"},"attr_label_translations":[],"cor_restricted_countries":[]},"meta_all_flat":{"total_sales":"2","wcml_sync_hash.postmeta_fields":"f76ad8daa60ddd45b4a575b034d157fb"},"yoast_head":"<!-- This site is optimized with the Yoast SEO Premium plugin v26.2 (Yoast SEO v27.2) - https:\/\/yoast.com\/product\/yoast-seo-premium-wordpress\/ -->\n<title>Modernes hohes Terrassen-Wasserornament Montreux | Eliassen<\/title>\n<meta name=\"description\" content=\"Werfen Sie einen Blick auf dieses hohe Terrassen-Wasserornament f\u00fcr Ihren Garten. Schlankes Design. Hergestellt aus Polyresin. Wird geliefert inkl. Pumpe. \u221a Sehen Sie LIVE mehr als 300 Modelle!\" \/>\n<meta name=\"robots\" content=\"index, follow, max-snippet:-1, max-image-preview:large, max-video-preview:-1\" \/>\n<link rel=\"canonical\" href=\"https:\/\/www.eliassen.nl\/de\/modernes-hochterrassen-wasserspiel-montreux\/\" \/>\n<meta property=\"og:locale\" content=\"de_DE\" \/>\n<meta property=\"og:type\" content=\"article\" \/>\n<meta property=\"og:title\" content=\"Acqua Arte Modernes hohes Terrassen-Wasserornament Montreux 86cm - Eliassen.nl\" \/>\n<meta property=\"og:description\" content=\"Werfen Sie einen Blick auf dieses hohe Terrassen-Wasserornament f\u00fcr Ihren Garten. Schlankes Design. Hergestellt aus Polyresin. Wird geliefert inkl. Pumpe. \u221a Sehen Sie LIVE mehr als 300 Modelle!\" \/>\n<meta property=\"og:url\" content=\"https:\/\/www.eliassen.nl\/de\/modernes-hochterrassen-wasserspiel-montreux\/\" \/>\n<meta property=\"og:site_name\" content=\"Eliassen.nl\" \/>\n<meta property=\"article:publisher\" content=\"https:\/\/www.facebook.com\/TuincentrumEliassenAmmerzoden\" \/>\n<meta property=\"article:modified_time\" content=\"2026-01-16T12:23:13+00:00\" \/>\n<meta property=\"og:image\" content=\"https:\/\/www.eliassen.nl\/wp-content\/uploads\/2024\/01\/modernehogeterraswaterornamentmontreuxelias.jpg\" \/>\n\t<meta property=\"og:image:width\" content=\"683\" \/>\n\t<meta property=\"og:image:height\" content=\"1024\" \/>\n\t<meta property=\"og:image:type\" content=\"image\/jpeg\" \/>\n<meta name=\"twitter:card\" content=\"summary_large_image\" \/>\n<script type=\"application\/ld+json\" class=\"yoast-schema-graph\">{\"@context\":\"https:\/\/schema.org\",\"@graph\":[{\"@type\":\"WebPage\",\"@id\":\"https:\/\/www.eliassen.nl\/de\/modernes-hochterrassen-wasserspiel-montreux\/\",\"url\":\"https:\/\/www.eliassen.nl\/de\/modernes-hochterrassen-wasserspiel-montreux\/\",\"name\":\"Modernes hohes Terrassen-Wasserornament Montreux | Eliassen\",\"isPartOf\":{\"@id\":\"https:\/\/www.eliassen.nl\/de\/#website\"},\"primaryImageOfPage\":{\"@id\":\"https:\/\/www.eliassen.nl\/de\/modernes-hochterrassen-wasserspiel-montreux\/#primaryimage\"},\"image\":{\"@id\":\"https:\/\/www.eliassen.nl\/de\/modernes-hochterrassen-wasserspiel-montreux\/#primaryimage\"},\"thumbnailUrl\":\"https:\/\/www.eliassen.nl\/wp-content\/uploads\/2024\/01\/modernehogeterraswaterornamentmontreuxelias.jpg\",\"datePublished\":\"2019-10-28T17:27:57+00:00\",\"dateModified\":\"2026-01-16T12:23:13+00:00\",\"description\":\"Werfen Sie einen Blick auf dieses hohe Terrassen-Wasserornament f\u00fcr Ihren Garten. Schlankes Design. Hergestellt aus Polyresin. Wird geliefert inkl. Pumpe. \u221a Sehen Sie LIVE mehr als 300 Modelle!\",\"breadcrumb\":{\"@id\":\"https:\/\/www.eliassen.nl\/de\/modernes-hochterrassen-wasserspiel-montreux\/#breadcrumb\"},\"inLanguage\":\"de\",\"potentialAction\":[{\"@type\":\"ReadAction\",\"target\":[\"https:\/\/www.eliassen.nl\/de\/modernes-hochterrassen-wasserspiel-montreux\/\"]}]},{\"@type\":\"ImageObject\",\"inLanguage\":\"de\",\"@id\":\"https:\/\/www.eliassen.nl\/de\/modernes-hochterrassen-wasserspiel-montreux\/#primaryimage\",\"url\":\"https:\/\/www.eliassen.nl\/wp-content\/uploads\/2024\/01\/modernehogeterraswaterornamentmontreuxelias.jpg\",\"contentUrl\":\"https:\/\/www.eliassen.nl\/wp-content\/uploads\/2024\/01\/modernehogeterraswaterornamentmontreuxelias.jpg\",\"width\":683,\"height\":1024,\"caption\":\"Modernes hohes Terrassen-Wasserornament Montreux - Eliassen.de\"},{\"@type\":\"BreadcrumbList\",\"@id\":\"https:\/\/www.eliassen.nl\/de\/modernes-hochterrassen-wasserspiel-montreux\/#breadcrumb\",\"itemListElement\":[{\"@type\":\"ListItem\",\"position\":1,\"name\":\"Home\",\"item\":\"https:\/\/www.eliassen.nl\/de\/\"},{\"@type\":\"ListItem\",\"position\":2,\"name\":\"Shop\",\"item\":\"https:\/\/www.eliassen.nl\/de\/shop\/\"},{\"@type\":\"ListItem\",\"position\":3,\"name\":\"Wasserspiele\",\"item\":\"https:\/\/www.eliassen.nl\/de\/wassereigenschaften\/\"},{\"@type\":\"ListItem\",\"position\":4,\"name\":\"Ubbink-Wasserspiele\",\"item\":\"https:\/\/www.eliassen.nl\/de\/wassereigenschaften\/ubbink-wasserspiele\/\"},{\"@type\":\"ListItem\",\"position\":5,\"name\":\"Modernes hohes Terrassen-Wasserornament Montreux 86cm\"}]},{\"@type\":\"WebSite\",\"@id\":\"https:\/\/www.eliassen.nl\/de\/#website\",\"url\":\"https:\/\/www.eliassen.nl\/de\/\",\"name\":\"Eliassen Home & Garden Pleasure\",\"description\":\"\",\"publisher\":{\"@id\":\"https:\/\/www.eliassen.nl\/de\/#organization\"},\"alternateName\":\"Eliassen.nl\",\"potentialAction\":[{\"@type\":\"SearchAction\",\"target\":{\"@type\":\"EntryPoint\",\"urlTemplate\":\"https:\/\/www.eliassen.nl\/de\/?s={search_term_string}\"},\"query-input\":{\"@type\":\"PropertyValueSpecification\",\"valueRequired\":true,\"valueName\":\"search_term_string\"}}],\"inLanguage\":\"de\"},{\"@type\":[\"Organization\",\"Place\"],\"@id\":\"https:\/\/www.eliassen.nl\/de\/#organization\",\"name\":\"Eliassen Home & Garden Pleasure\",\"url\":\"https:\/\/www.eliassen.nl\/de\/\",\"logo\":{\"@id\":\"https:\/\/www.eliassen.nl\/de\/modernes-hochterrassen-wasserspiel-montreux\/#local-main-organization-logo\"},\"image\":{\"@id\":\"https:\/\/www.eliassen.nl\/de\/modernes-hochterrassen-wasserspiel-montreux\/#local-main-organization-logo\"},\"sameAs\":[\"https:\/\/www.facebook.com\/TuincentrumEliassenAmmerzoden\",\"https:\/\/www.instagram.com\/eliassenhomeandgarden\/\",\"https:\/\/nl.pinterest.com\/eliassenhomeandgarden\/\",\"https:\/\/www.youtube.com\/@eliassenhomegardenpleasure4558\"],\"telephone\":[],\"openingHoursSpecification\":[{\"@type\":\"OpeningHoursSpecification\",\"dayOfWeek\":[\"Monday\",\"Tuesday\",\"Wednesday\",\"Thursday\",\"Friday\",\"Saturday\",\"Sunday\"],\"opens\":\"09:00\",\"closes\":\"17:00\"}]},{\"@type\":\"ImageObject\",\"inLanguage\":\"de\",\"@id\":\"https:\/\/www.eliassen.nl\/de\/modernes-hochterrassen-wasserspiel-montreux\/#local-main-organization-logo\",\"url\":\"https:\/\/www.eliassen.nl\/wp-content\/uploads\/2024\/01\/logo_4nd.jpg\",\"contentUrl\":\"https:\/\/www.eliassen.nl\/wp-content\/uploads\/2024\/01\/logo_4nd.jpg\",\"width\":500,\"height\":500,\"caption\":\"Eliassen Home & Garden Pleasure\"}]}<\/script>\n<meta property=\"product:price:amount\" content=\"185.00\" \/>\n<meta property=\"product:price:currency\" content=\"EUR\" \/>\n<meta property=\"og:availability\" content=\"instock\" \/>\n<meta property=\"product:availability\" content=\"instock\" \/>\n<meta property=\"product:retailer_item_id\" content=\"1387067\" \/>\n<meta property=\"product:condition\" content=\"new\" \/>\n<!-- \/ Yoast SEO Premium plugin. -->","yoast_head_json":{"title":"Modernes hohes Terrassen-Wasserornament Montreux | Eliassen","description":"Werfen Sie einen Blick auf dieses hohe Terrassen-Wasserornament f\u00fcr Ihren Garten. Schlankes Design. Hergestellt aus Polyresin. Wird geliefert inkl. Pumpe. \u221a Sehen Sie LIVE mehr als 300 Modelle!","robots":{"index":"index","follow":"follow","max-snippet":"max-snippet:-1","max-image-preview":"max-image-preview:large","max-video-preview":"max-video-preview:-1"},"canonical":"https:\/\/www.eliassen.nl\/de\/modernes-hochterrassen-wasserspiel-montreux\/","og_locale":"de_DE","og_type":"article","og_title":"Acqua Arte Modernes hohes Terrassen-Wasserornament Montreux 86cm - Eliassen.nl","og_description":"Werfen Sie einen Blick auf dieses hohe Terrassen-Wasserornament f\u00fcr Ihren Garten. Schlankes Design. Hergestellt aus Polyresin. Wird geliefert inkl. Pumpe. \u221a Sehen Sie LIVE mehr als 300 Modelle!","og_url":"https:\/\/www.eliassen.nl\/de\/modernes-hochterrassen-wasserspiel-montreux\/","og_site_name":"Eliassen.nl","article_publisher":"https:\/\/www.facebook.com\/TuincentrumEliassenAmmerzoden","article_modified_time":"2026-01-16T12:23:13+00:00","og_image":[{"width":683,"height":1024,"url":"https:\/\/www.eliassen.nl\/wp-content\/uploads\/2024\/01\/modernehogeterraswaterornamentmontreuxelias.jpg","type":"image\/jpeg"}],"twitter_card":"summary_large_image","schema":{"@context":"https:\/\/schema.org","@graph":[{"@type":"WebPage","@id":"https:\/\/www.eliassen.nl\/de\/modernes-hochterrassen-wasserspiel-montreux\/","url":"https:\/\/www.eliassen.nl\/de\/modernes-hochterrassen-wasserspiel-montreux\/","name":"Modernes hohes Terrassen-Wasserornament Montreux | Eliassen","isPartOf":{"@id":"https:\/\/www.eliassen.nl\/de\/#website"},"primaryImageOfPage":{"@id":"https:\/\/www.eliassen.nl\/de\/modernes-hochterrassen-wasserspiel-montreux\/#primaryimage"},"image":{"@id":"https:\/\/www.eliassen.nl\/de\/modernes-hochterrassen-wasserspiel-montreux\/#primaryimage"},"thumbnailUrl":"https:\/\/www.eliassen.nl\/wp-content\/uploads\/2024\/01\/modernehogeterraswaterornamentmontreuxelias.jpg","datePublished":"2019-10-28T17:27:57+00:00","dateModified":"2026-01-16T12:23:13+00:00","description":"Werfen Sie einen Blick auf dieses hohe Terrassen-Wasserornament f\u00fcr Ihren Garten. Schlankes Design. Hergestellt aus Polyresin. Wird geliefert inkl. Pumpe. \u221a Sehen Sie LIVE mehr als 300 Modelle!","breadcrumb":{"@id":"https:\/\/www.eliassen.nl\/de\/modernes-hochterrassen-wasserspiel-montreux\/#breadcrumb"},"inLanguage":"de","potentialAction":[{"@type":"ReadAction","target":["https:\/\/www.eliassen.nl\/de\/modernes-hochterrassen-wasserspiel-montreux\/"]}]},{"@type":"ImageObject","inLanguage":"de","@id":"https:\/\/www.eliassen.nl\/de\/modernes-hochterrassen-wasserspiel-montreux\/#primaryimage","url":"https:\/\/www.eliassen.nl\/wp-content\/uploads\/2024\/01\/modernehogeterraswaterornamentmontreuxelias.jpg","contentUrl":"https:\/\/www.eliassen.nl\/wp-content\/uploads\/2024\/01\/modernehogeterraswaterornamentmontreuxelias.jpg","width":683,"height":1024,"caption":"Modernes hohes Terrassen-Wasserornament Montreux - Eliassen.de"},{"@type":"BreadcrumbList","@id":"https:\/\/www.eliassen.nl\/de\/modernes-hochterrassen-wasserspiel-montreux\/#breadcrumb","itemListElement":[{"@type":"ListItem","position":1,"name":"Home","item":"https:\/\/www.eliassen.nl\/de\/"},{"@type":"ListItem","position":2,"name":"Shop","item":"https:\/\/www.eliassen.nl\/de\/shop\/"},{"@type":"ListItem","position":3,"name":"Wasserspiele","item":"https:\/\/www.eliassen.nl\/de\/wassereigenschaften\/"},{"@type":"ListItem","position":4,"name":"Ubbink-Wasserspiele","item":"https:\/\/www.eliassen.nl\/de\/wassereigenschaften\/ubbink-wasserspiele\/"},{"@type":"ListItem","position":5,"name":"Modernes hohes Terrassen-Wasserornament Montreux 86cm"}]},{"@type":"WebSite","@id":"https:\/\/www.eliassen.nl\/de\/#website","url":"https:\/\/www.eliassen.nl\/de\/","name":"Eliassen Home & Garden Pleasure","description":"","publisher":{"@id":"https:\/\/www.eliassen.nl\/de\/#organization"},"alternateName":"Eliassen.nl","potentialAction":[{"@type":"SearchAction","target":{"@type":"EntryPoint","urlTemplate":"https:\/\/www.eliassen.nl\/de\/?s={search_term_string}"},"query-input":{"@type":"PropertyValueSpecification","valueRequired":true,"valueName":"search_term_string"}}],"inLanguage":"de"},{"@type":["Organization","Place"],"@id":"https:\/\/www.eliassen.nl\/de\/#organization","name":"Eliassen Home & Garden Pleasure","url":"https:\/\/www.eliassen.nl\/de\/","logo":{"@id":"https:\/\/www.eliassen.nl\/de\/modernes-hochterrassen-wasserspiel-montreux\/#local-main-organization-logo"},"image":{"@id":"https:\/\/www.eliassen.nl\/de\/modernes-hochterrassen-wasserspiel-montreux\/#local-main-organization-logo"},"sameAs":["https:\/\/www.facebook.com\/TuincentrumEliassenAmmerzoden","https:\/\/www.instagram.com\/eliassenhomeandgarden\/","https:\/\/nl.pinterest.com\/eliassenhomeandgarden\/","https:\/\/www.youtube.com\/@eliassenhomegardenpleasure4558"],"telephone":[],"openingHoursSpecification":[{"@type":"OpeningHoursSpecification","dayOfWeek":["Monday","Tuesday","Wednesday","Thursday","Friday","Saturday","Sunday"],"opens":"09:00","closes":"17:00"}]},{"@type":"ImageObject","inLanguage":"de","@id":"https:\/\/www.eliassen.nl\/de\/modernes-hochterrassen-wasserspiel-montreux\/#local-main-organization-logo","url":"https:\/\/www.eliassen.nl\/wp-content\/uploads\/2024\/01\/logo_4nd.jpg","contentUrl":"https:\/\/www.eliassen.nl\/wp-content\/uploads\/2024\/01\/logo_4nd.jpg","width":500,"height":500,"caption":"Eliassen Home & Garden Pleasure"}]},"product_price_amount":"185.00","product_price_currency":"EUR","og_availability":"instock","product_availability":"instock","product_retailer_item_id":"1387067","product_condition":"new"},"df_price":185,"df_sale_price":"","df_regular_price":185,"df_image_link":"https:\/\/www.eliassen.nl\/wp-content\/uploads\/2024\/01\/modernehogeterraswaterornamentmontreuxelias.jpg","image":"https:\/\/www.eliassen.nl\/wp-content\/uploads\/2024\/01\/modernehogeterraswaterornamentmontreuxelias.jpg","price_search":"<span class=\"woocommerce-Price-amount amount\"><bdi><span class=\"woocommerce-Price-currencySymbol\">&euro;<\/span>&nbsp;185,00<\/bdi><\/span>","category":"Ubbink-Wasserspiele","global_unique_id":"8711465870672","_links":{"self":[{"href":"https:\/\/www.eliassen.nl\/de\/wp-json\/wp\/v2\/product\/12544","targetHints":{"allow":["GET"]}}],"collection":[{"href":"https:\/\/www.eliassen.nl\/de\/wp-json\/wp\/v2\/product"}],"about":[{"href":"https:\/\/www.eliassen.nl\/de\/wp-json\/wp\/v2\/types\/product"}],"wp:featuredmedia":[{"embeddable":true,"href":"https:\/\/www.eliassen.nl\/de\/wp-json\/wp\/v2\/media\/12529"}],"wp:attachment":[{"href":"https:\/\/www.eliassen.nl\/de\/wp-json\/wp\/v2\/media?parent=12544"}],"wp:term":[{"taxonomy":"product_brand","embeddable":true,"href":"https:\/\/www.eliassen.nl\/de\/wp-json\/wp\/v2\/product_brand?post=12544"},{"taxonomy":"product_cat","embeddable":true,"href":"https:\/\/www.eliassen.nl\/de\/wp-json\/wp\/v2\/product_cat?post=12544"},{"taxonomy":"product_tag","embeddable":true,"href":"https:\/\/www.eliassen.nl\/de\/wp-json\/wp\/v2\/product_tag?post=12544"}],"curies":[{"name":"wp","href":"https:\/\/api.w.org\/{rel}","templated":true}]}}