{"id":12436,"date":"2019-10-28T17:27:41","date_gmt":"2019-10-28T17:27:41","guid":{"rendered":"https:\/\/www.eliassen.nl\/?product=wanddekoration-globe-2-stueck"},"modified":"2026-01-16T13:23:02","modified_gmt":"2026-01-16T12:23:02","slug":"wanddekoration-globe-2-stuck","status":"publish","type":"product","link":"https:\/\/www.eliassen.nl\/de\/wanddekoration-globe-2-stuck\/","title":{"rendered":"Wanddekoration Globe 2-teilig"},"content":{"rendered":"<p>Diese Wanddekoration aus Metall versch\u00f6nert jedes moderne Interieur oder jeden Arbeitsplatz. Dieses Modell mit der Weltkarte aus Metall in 2 Teilen, jedes mit einem Durchmesser von 62 cm, wird ein stimmungsvolles und zeitloses St\u00fcck Wanddekoration und ein echter Blickfang sein.<br \/>\nDa es sich um menschliche Arbeit handelt, kann das Foto in Bezug auf die Farbe leicht von der Realit\u00e4t abweichen.<br \/>\n<strong>Dieses Modell ist nur bei uns im Angebot.<\/strong><\/p>\n<p><strong>Wir haben auch fast die gesamte Kollektion dieser Serie in unserem Gesch\u00e4ft, was in den Niederlanden einzigartig ist.<\/strong><br \/>\n<strong>Nirgendwo finden Sie eine so gro\u00dfe Sammlung. Sie sind herzlich willkommen.<\/strong><\/p>\n<ul>\n<li>  Gr\u00f6\u00dfe: 2 St\u00fcck mit einem Durchmesser von je 62 cm<\/li>\n<li>  Material: Metall<\/li>\n<li>  Einfach mit 2 Schrauben aufzuh\u00e4ngen<\/li>\n<li> Schnelle Lieferung<\/li>\n<li> <strong>Die gr\u00f6\u00dfte Kollektion von Wanddekorationen in den Benelux-L\u00e4ndern, die Sie sich auch live ansehen k\u00f6nnen.<\/strong><\/li>\n<\/ul>\n","protected":false},"excerpt":{"rendered":"<p><strong>Verwendung im Freien unter Schutz nach Behandlung mit Klarlack m\u00f6glich.<\/strong><\/p>\n","protected":false},"featured_media":12433,"template":"","meta":{"_acf_changed":false,"_genesis_title":"","_genesis_description":""},"product_brand":[6916],"product_cat":[515,509],"product_tag":[],"class_list":{"0":"post-12436","1":"product","2":"type-product","3":"status-publish","4":"has-post-thumbnail","6":"product_brand-eliassen-de","7":"product_cat-3d-wanddekoration-mit-rahmen","8":"product_cat-wanddekoration","10":"first","11":"instock","12":"sale","13":"taxable","14":"shipping-taxable","15":"purchasable","16":"product-type-simple"},"acf":[],"meta_all":{"total_sales":"0","wcml_sync_hash":{"postmeta_fields":"9b29703bc74184457b84cef15dc6f839"},"attr_label_translations":[],"cor_restricted_countries":[]},"meta_all_flat":{"total_sales":"0","wcml_sync_hash.postmeta_fields":"9b29703bc74184457b84cef15dc6f839"},"yoast_head":"<!-- This site is optimized with the Yoast SEO Premium plugin v26.2 (Yoast SEO v27.2) - https:\/\/yoast.com\/product\/yoast-seo-premium-wordpress\/ -->\n<title>Wanddekoration Globe 2-teilig | Eliassen<\/title>\n<meta name=\"description\" content=\"Kaufen Sie bei Eliassen die Wanddekoration Globe 2-teilig online oder sehen Sie sie sich live im Ausstellungsraum an. Wir haben die sch\u00f6nste Wanddekoration, 3d Wanddekoration mit Rahmen\" \/>\n<meta name=\"robots\" content=\"index, follow, max-snippet:-1, max-image-preview:large, max-video-preview:-1\" \/>\n<link rel=\"canonical\" href=\"https:\/\/www.eliassen.nl\/de\/wanddekoration-globe-2-stuck\/\" \/>\n<meta property=\"og:locale\" content=\"de_DE\" \/>\n<meta property=\"og:type\" content=\"article\" \/>\n<meta property=\"og:title\" content=\"Eliassen Wanddekoration Globe 2-teilig - Eliassen.nl\" \/>\n<meta property=\"og:description\" content=\"Kaufen Sie bei Eliassen die Wanddekoration Globe 2-teilig online oder sehen Sie sie sich live im Ausstellungsraum an. Wir haben die sch\u00f6nste Wanddekoration, 3d Wanddekoration mit Rahmen\" \/>\n<meta property=\"og:url\" content=\"https:\/\/www.eliassen.nl\/de\/wanddekoration-globe-2-stuck\/\" \/>\n<meta property=\"og:site_name\" content=\"Eliassen.nl\" \/>\n<meta property=\"article:publisher\" content=\"https:\/\/www.facebook.com\/TuincentrumEliassenAmmerzoden\" \/>\n<meta property=\"article:modified_time\" content=\"2026-01-16T12:23:02+00:00\" \/>\n<meta property=\"og:image\" content=\"https:\/\/www.eliassen.nl\/wp-content\/uploads\/2024\/01\/20180313095849.jpg\" \/>\n\t<meta property=\"og:image:width\" content=\"1024\" \/>\n\t<meta property=\"og:image:height\" content=\"778\" \/>\n\t<meta property=\"og:image:type\" content=\"image\/jpeg\" \/>\n<meta name=\"twitter:card\" content=\"summary_large_image\" \/>\n<script type=\"application\/ld+json\" class=\"yoast-schema-graph\">{\"@context\":\"https:\/\/schema.org\",\"@graph\":[{\"@type\":\"WebPage\",\"@id\":\"https:\/\/www.eliassen.nl\/de\/wanddekoration-globe-2-stuck\/\",\"url\":\"https:\/\/www.eliassen.nl\/de\/wanddekoration-globe-2-stuck\/\",\"name\":\"Wanddekoration Globe 2-teilig | Eliassen\",\"isPartOf\":{\"@id\":\"https:\/\/www.eliassen.nl\/de\/#website\"},\"primaryImageOfPage\":{\"@id\":\"https:\/\/www.eliassen.nl\/de\/wanddekoration-globe-2-stuck\/#primaryimage\"},\"image\":{\"@id\":\"https:\/\/www.eliassen.nl\/de\/wanddekoration-globe-2-stuck\/#primaryimage\"},\"thumbnailUrl\":\"https:\/\/www.eliassen.nl\/wp-content\/uploads\/2024\/01\/20180313095849.jpg\",\"datePublished\":\"2019-10-28T17:27:41+00:00\",\"dateModified\":\"2026-01-16T12:23:02+00:00\",\"description\":\"Kaufen Sie bei Eliassen die Wanddekoration Globe 2-teilig online oder sehen Sie sie sich live im Ausstellungsraum an. Wir haben die sch\u00f6nste Wanddekoration, 3d Wanddekoration mit Rahmen\",\"breadcrumb\":{\"@id\":\"https:\/\/www.eliassen.nl\/de\/wanddekoration-globe-2-stuck\/#breadcrumb\"},\"inLanguage\":\"de\",\"potentialAction\":[{\"@type\":\"ReadAction\",\"target\":[\"https:\/\/www.eliassen.nl\/de\/wanddekoration-globe-2-stuck\/\"]}]},{\"@type\":\"ImageObject\",\"inLanguage\":\"de\",\"@id\":\"https:\/\/www.eliassen.nl\/de\/wanddekoration-globe-2-stuck\/#primaryimage\",\"url\":\"https:\/\/www.eliassen.nl\/wp-content\/uploads\/2024\/01\/20180313095849.jpg\",\"contentUrl\":\"https:\/\/www.eliassen.nl\/wp-content\/uploads\/2024\/01\/20180313095849.jpg\",\"width\":1024,\"height\":778,\"caption\":\"20180313-095849\"},{\"@type\":\"BreadcrumbList\",\"@id\":\"https:\/\/www.eliassen.nl\/de\/wanddekoration-globe-2-stuck\/#breadcrumb\",\"itemListElement\":[{\"@type\":\"ListItem\",\"position\":1,\"name\":\"Home\",\"item\":\"https:\/\/www.eliassen.nl\/de\/\"},{\"@type\":\"ListItem\",\"position\":2,\"name\":\"Shop\",\"item\":\"https:\/\/www.eliassen.nl\/de\/shop\/\"},{\"@type\":\"ListItem\",\"position\":3,\"name\":\"Wanddekoration\",\"item\":\"https:\/\/www.eliassen.nl\/de\/wanddekoration\/\"},{\"@type\":\"ListItem\",\"position\":4,\"name\":\"3D-Wanddekoration mit Rahmen\",\"item\":\"https:\/\/www.eliassen.nl\/de\/wanddekoration\/3d-wanddekoration-mit-rahmen\/\"},{\"@type\":\"ListItem\",\"position\":5,\"name\":\"Wanddekoration Globe 2-teilig\"}]},{\"@type\":\"WebSite\",\"@id\":\"https:\/\/www.eliassen.nl\/de\/#website\",\"url\":\"https:\/\/www.eliassen.nl\/de\/\",\"name\":\"Eliassen Home & Garden Pleasure\",\"description\":\"\",\"publisher\":{\"@id\":\"https:\/\/www.eliassen.nl\/de\/#organization\"},\"alternateName\":\"Eliassen.nl\",\"potentialAction\":[{\"@type\":\"SearchAction\",\"target\":{\"@type\":\"EntryPoint\",\"urlTemplate\":\"https:\/\/www.eliassen.nl\/de\/?s={search_term_string}\"},\"query-input\":{\"@type\":\"PropertyValueSpecification\",\"valueRequired\":true,\"valueName\":\"search_term_string\"}}],\"inLanguage\":\"de\"},{\"@type\":[\"Organization\",\"Place\"],\"@id\":\"https:\/\/www.eliassen.nl\/de\/#organization\",\"name\":\"Eliassen Home & Garden Pleasure\",\"url\":\"https:\/\/www.eliassen.nl\/de\/\",\"logo\":{\"@id\":\"https:\/\/www.eliassen.nl\/de\/wanddekoration-globe-2-stuck\/#local-main-organization-logo\"},\"image\":{\"@id\":\"https:\/\/www.eliassen.nl\/de\/wanddekoration-globe-2-stuck\/#local-main-organization-logo\"},\"sameAs\":[\"https:\/\/www.facebook.com\/TuincentrumEliassenAmmerzoden\",\"https:\/\/www.instagram.com\/eliassenhomeandgarden\/\",\"https:\/\/nl.pinterest.com\/eliassenhomeandgarden\/\",\"https:\/\/www.youtube.com\/@eliassenhomegardenpleasure4558\"],\"telephone\":[],\"openingHoursSpecification\":[{\"@type\":\"OpeningHoursSpecification\",\"dayOfWeek\":[\"Monday\",\"Tuesday\",\"Wednesday\",\"Thursday\",\"Friday\",\"Saturday\",\"Sunday\"],\"opens\":\"09:00\",\"closes\":\"17:00\"}]},{\"@type\":\"ImageObject\",\"inLanguage\":\"de\",\"@id\":\"https:\/\/www.eliassen.nl\/de\/wanddekoration-globe-2-stuck\/#local-main-organization-logo\",\"url\":\"https:\/\/www.eliassen.nl\/wp-content\/uploads\/2024\/01\/logo_4nd.jpg\",\"contentUrl\":\"https:\/\/www.eliassen.nl\/wp-content\/uploads\/2024\/01\/logo_4nd.jpg\",\"width\":500,\"height\":500,\"caption\":\"Eliassen Home & Garden Pleasure\"}]}<\/script>\n<meta property=\"product:price:amount\" content=\"59.00\" \/>\n<meta property=\"product:price:currency\" content=\"EUR\" \/>\n<meta property=\"og:availability\" content=\"instock\" \/>\n<meta property=\"product:availability\" content=\"instock\" \/>\n<meta property=\"product:retailer_item_id\" content=\"Globe2x62\" \/>\n<meta property=\"product:condition\" content=\"new\" \/>\n<!-- \/ Yoast SEO Premium plugin. -->","yoast_head_json":{"title":"Wanddekoration Globe 2-teilig | Eliassen","description":"Kaufen Sie bei Eliassen die Wanddekoration Globe 2-teilig online oder sehen Sie sie sich live im Ausstellungsraum an. Wir haben die sch\u00f6nste Wanddekoration, 3d Wanddekoration mit Rahmen","robots":{"index":"index","follow":"follow","max-snippet":"max-snippet:-1","max-image-preview":"max-image-preview:large","max-video-preview":"max-video-preview:-1"},"canonical":"https:\/\/www.eliassen.nl\/de\/wanddekoration-globe-2-stuck\/","og_locale":"de_DE","og_type":"article","og_title":"Eliassen Wanddekoration Globe 2-teilig - Eliassen.nl","og_description":"Kaufen Sie bei Eliassen die Wanddekoration Globe 2-teilig online oder sehen Sie sie sich live im Ausstellungsraum an. Wir haben die sch\u00f6nste Wanddekoration, 3d Wanddekoration mit Rahmen","og_url":"https:\/\/www.eliassen.nl\/de\/wanddekoration-globe-2-stuck\/","og_site_name":"Eliassen.nl","article_publisher":"https:\/\/www.facebook.com\/TuincentrumEliassenAmmerzoden","article_modified_time":"2026-01-16T12:23:02+00:00","og_image":[{"width":1024,"height":778,"url":"https:\/\/www.eliassen.nl\/wp-content\/uploads\/2024\/01\/20180313095849.jpg","type":"image\/jpeg"}],"twitter_card":"summary_large_image","schema":{"@context":"https:\/\/schema.org","@graph":[{"@type":"WebPage","@id":"https:\/\/www.eliassen.nl\/de\/wanddekoration-globe-2-stuck\/","url":"https:\/\/www.eliassen.nl\/de\/wanddekoration-globe-2-stuck\/","name":"Wanddekoration Globe 2-teilig | Eliassen","isPartOf":{"@id":"https:\/\/www.eliassen.nl\/de\/#website"},"primaryImageOfPage":{"@id":"https:\/\/www.eliassen.nl\/de\/wanddekoration-globe-2-stuck\/#primaryimage"},"image":{"@id":"https:\/\/www.eliassen.nl\/de\/wanddekoration-globe-2-stuck\/#primaryimage"},"thumbnailUrl":"https:\/\/www.eliassen.nl\/wp-content\/uploads\/2024\/01\/20180313095849.jpg","datePublished":"2019-10-28T17:27:41+00:00","dateModified":"2026-01-16T12:23:02+00:00","description":"Kaufen Sie bei Eliassen die Wanddekoration Globe 2-teilig online oder sehen Sie sie sich live im Ausstellungsraum an. Wir haben die sch\u00f6nste Wanddekoration, 3d Wanddekoration mit Rahmen","breadcrumb":{"@id":"https:\/\/www.eliassen.nl\/de\/wanddekoration-globe-2-stuck\/#breadcrumb"},"inLanguage":"de","potentialAction":[{"@type":"ReadAction","target":["https:\/\/www.eliassen.nl\/de\/wanddekoration-globe-2-stuck\/"]}]},{"@type":"ImageObject","inLanguage":"de","@id":"https:\/\/www.eliassen.nl\/de\/wanddekoration-globe-2-stuck\/#primaryimage","url":"https:\/\/www.eliassen.nl\/wp-content\/uploads\/2024\/01\/20180313095849.jpg","contentUrl":"https:\/\/www.eliassen.nl\/wp-content\/uploads\/2024\/01\/20180313095849.jpg","width":1024,"height":778,"caption":"20180313-095849"},{"@type":"BreadcrumbList","@id":"https:\/\/www.eliassen.nl\/de\/wanddekoration-globe-2-stuck\/#breadcrumb","itemListElement":[{"@type":"ListItem","position":1,"name":"Home","item":"https:\/\/www.eliassen.nl\/de\/"},{"@type":"ListItem","position":2,"name":"Shop","item":"https:\/\/www.eliassen.nl\/de\/shop\/"},{"@type":"ListItem","position":3,"name":"Wanddekoration","item":"https:\/\/www.eliassen.nl\/de\/wanddekoration\/"},{"@type":"ListItem","position":4,"name":"3D-Wanddekoration mit Rahmen","item":"https:\/\/www.eliassen.nl\/de\/wanddekoration\/3d-wanddekoration-mit-rahmen\/"},{"@type":"ListItem","position":5,"name":"Wanddekoration Globe 2-teilig"}]},{"@type":"WebSite","@id":"https:\/\/www.eliassen.nl\/de\/#website","url":"https:\/\/www.eliassen.nl\/de\/","name":"Eliassen Home & Garden Pleasure","description":"","publisher":{"@id":"https:\/\/www.eliassen.nl\/de\/#organization"},"alternateName":"Eliassen.nl","potentialAction":[{"@type":"SearchAction","target":{"@type":"EntryPoint","urlTemplate":"https:\/\/www.eliassen.nl\/de\/?s={search_term_string}"},"query-input":{"@type":"PropertyValueSpecification","valueRequired":true,"valueName":"search_term_string"}}],"inLanguage":"de"},{"@type":["Organization","Place"],"@id":"https:\/\/www.eliassen.nl\/de\/#organization","name":"Eliassen Home & Garden Pleasure","url":"https:\/\/www.eliassen.nl\/de\/","logo":{"@id":"https:\/\/www.eliassen.nl\/de\/wanddekoration-globe-2-stuck\/#local-main-organization-logo"},"image":{"@id":"https:\/\/www.eliassen.nl\/de\/wanddekoration-globe-2-stuck\/#local-main-organization-logo"},"sameAs":["https:\/\/www.facebook.com\/TuincentrumEliassenAmmerzoden","https:\/\/www.instagram.com\/eliassenhomeandgarden\/","https:\/\/nl.pinterest.com\/eliassenhomeandgarden\/","https:\/\/www.youtube.com\/@eliassenhomegardenpleasure4558"],"telephone":[],"openingHoursSpecification":[{"@type":"OpeningHoursSpecification","dayOfWeek":["Monday","Tuesday","Wednesday","Thursday","Friday","Saturday","Sunday"],"opens":"09:00","closes":"17:00"}]},{"@type":"ImageObject","inLanguage":"de","@id":"https:\/\/www.eliassen.nl\/de\/wanddekoration-globe-2-stuck\/#local-main-organization-logo","url":"https:\/\/www.eliassen.nl\/wp-content\/uploads\/2024\/01\/logo_4nd.jpg","contentUrl":"https:\/\/www.eliassen.nl\/wp-content\/uploads\/2024\/01\/logo_4nd.jpg","width":500,"height":500,"caption":"Eliassen Home & Garden Pleasure"}]},"product_price_amount":"59.00","product_price_currency":"EUR","og_availability":"instock","product_availability":"instock","product_retailer_item_id":"Globe2x62","product_condition":"new"},"df_price":59,"df_sale_price":59,"df_regular_price":89,"df_image_link":"https:\/\/www.eliassen.nl\/wp-content\/uploads\/2024\/01\/20180313095849.jpg","image":"https:\/\/www.eliassen.nl\/wp-content\/uploads\/2024\/01\/20180313095849.jpg","price_search":"<span class=\"woocommerce-Price-amount amount\"><bdi><span class=\"woocommerce-Price-currencySymbol\">&euro;<\/span>&nbsp;59,00<\/bdi><\/span>","category":"3D-Wanddekoration mit Rahmen","global_unique_id":"7438245884841","_links":{"self":[{"href":"https:\/\/www.eliassen.nl\/de\/wp-json\/wp\/v2\/product\/12436","targetHints":{"allow":["GET"]}}],"collection":[{"href":"https:\/\/www.eliassen.nl\/de\/wp-json\/wp\/v2\/product"}],"about":[{"href":"https:\/\/www.eliassen.nl\/de\/wp-json\/wp\/v2\/types\/product"}],"wp:featuredmedia":[{"embeddable":true,"href":"https:\/\/www.eliassen.nl\/de\/wp-json\/wp\/v2\/media\/12433"}],"wp:attachment":[{"href":"https:\/\/www.eliassen.nl\/de\/wp-json\/wp\/v2\/media?parent=12436"}],"wp:term":[{"taxonomy":"product_brand","embeddable":true,"href":"https:\/\/www.eliassen.nl\/de\/wp-json\/wp\/v2\/product_brand?post=12436"},{"taxonomy":"product_cat","embeddable":true,"href":"https:\/\/www.eliassen.nl\/de\/wp-json\/wp\/v2\/product_cat?post=12436"},{"taxonomy":"product_tag","embeddable":true,"href":"https:\/\/www.eliassen.nl\/de\/wp-json\/wp\/v2\/product_tag?post=12436"}],"curies":[{"name":"wp","href":"https:\/\/api.w.org\/{rel}","templated":true}]}}