{"id":12175,"date":"2019-10-28T17:25:21","date_gmt":"2019-10-28T17:25:21","guid":{"rendered":"https:\/\/www.eliassen.nl\/?product=wanduhr-68cm-bad-copy"},"modified":"2025-11-27T15:42:49","modified_gmt":"2025-11-27T14:42:49","slug":"58cm-wanduhr-werfen","status":"publish","type":"product","link":"https:\/\/www.eliassen.nl\/de\/58cm-wanduhr-werfen\/","title":{"rendered":"Wanduhr 58cm Toss"},"content":{"rendered":"<h1>Wanduhr Toss<\/h1>\n<p>Seit jeher wollen die Menschen wissen, wie sp\u00e4t es ist. Eine Uhr war fr\u00fcher unentbehrlich, um zu sehen, in welcher Tageszeit man lebte. Heutzutage ist die Uhr immer noch ein n\u00fctzliches Utensil, wird aber zunehmend als sch\u00f6nes St\u00fcck Wanddekoration gekauft. Diese gro\u00dfe Wanduhr ist komplett aus Metall gefertigt und verf\u00fcgt \u00fcber ein Quarzwerk, das jahrelang mit einer guten AA-Batterie betrieben werden kann.Diese Wanddekoration ist nur f\u00fcr den Innenbereich geeignet.<\/p>\n<p><strong>Sie k\u00f6nnen sich diese Uhr auch in unserem Gesch\u00e4ft ansehen. Wir haben fast die gesamte Serie dieser Uhren in unserem Gesch\u00e4ft ausgestellt!<\/strong><\/p>\n<p><em>Technische Daten:<\/em><\/p>\n<ul>\n<li>Garantie: 2 Jahre<\/li>\n<li>Gr\u00f6\u00dfe: 58&#215;5 cm<\/li>\n<li>Material: Metall &#8211; Holz<\/li>\n<li>Farbe des Ziffernblatts: white wash<\/li>\n<li>Farbe der Zeiger: schwarz<\/li>\n<li>Stromversorgung: 1x AA-Batterie<\/li>\n<li>Einfaches Aufh\u00e4ngen mit 1 Schraube<\/li>\n<li>Verpackt in einem stabilen Karton.<\/li>\n<\/ul>\n","protected":false},"excerpt":{"rendered":"<p>Wanduhr Toss Seit jeher wollen die Menschen wissen, wie sp\u00e4t es ist. Eine Uhr war fr\u00fcher unentbehrlich, um zu sehen, in welcher Tageszeit man lebte. Heutzutage ist die Uhr immer noch ein n\u00fctzliches Utensil, wird aber zunehmend als sch\u00f6nes St\u00fcck Wanddekoration gekauft. Diese gro\u00dfe Wanduhr ist komplett aus Metall gefertigt und verf\u00fcgt \u00fcber ein Quarzwerk, &hellip;<\/p>\n","protected":false},"featured_media":12172,"template":"","meta":{"_acf_changed":false,"_genesis_title":"","_genesis_description":""},"product_brand":[6916,7505],"product_cat":[509,521],"product_tag":[],"class_list":{"0":"post-12175","1":"product","2":"type-product","3":"status-publish","4":"has-post-thumbnail","6":"product_brand-eliassen-de","7":"product_brand-sonstige","8":"product_cat-wanddekoration","9":"product_cat-wanduhren","11":"first","12":"instock","13":"sale","14":"taxable","15":"shipping-taxable","16":"purchasable","17":"product-type-simple"},"acf":[],"meta_all":{"total_sales":"0","wcml_sync_hash":{"postmeta_fields":"e35a097305ba9bfb6f4c6cd2635e4759"},"attr_label_translations":[],"cor_restricted_countries":["DIE"],"cor_product_add":"ja"},"meta_all_flat":{"total_sales":"0","wcml_sync_hash.postmeta_fields":"e35a097305ba9bfb6f4c6cd2635e4759","cor_restricted_countries.0":"DIE","cor_product_add":"ja"},"yoast_head":"<!-- This site is optimized with the Yoast SEO Premium plugin v26.2 (Yoast SEO v27.2) - https:\/\/yoast.com\/product\/yoast-seo-premium-wordpress\/ -->\n<title>Wanduhr 58cm Toss<\/title>\n<meta name=\"description\" content=\"Die Metallwanduhr Toss (58 cm) verf\u00fcgt \u00fcber ein Quarzwerk, das jahrelang mit einer guten AA-Batterie l\u00e4uft. Diese Wanddekoration ist nur f\u00fcr den Innenbereich geeignet.\" \/>\n<meta name=\"robots\" content=\"index, follow, max-snippet:-1, max-image-preview:large, max-video-preview:-1\" \/>\n<link rel=\"canonical\" href=\"https:\/\/www.eliassen.nl\/de\/58cm-wanduhr-werfen\/\" \/>\n<meta property=\"og:locale\" content=\"de_DE\" \/>\n<meta property=\"og:type\" content=\"article\" \/>\n<meta property=\"og:title\" content=\"Eliassen, Sonstige Wanduhr 58cm Toss - Eliassen.nl\" \/>\n<meta property=\"og:description\" content=\"Die Metallwanduhr Toss (58 cm) verf\u00fcgt \u00fcber ein Quarzwerk, das jahrelang mit einer guten AA-Batterie l\u00e4uft. Diese Wanddekoration ist nur f\u00fcr den Innenbereich geeignet.\" \/>\n<meta property=\"og:url\" content=\"https:\/\/www.eliassen.nl\/de\/58cm-wanduhr-werfen\/\" \/>\n<meta property=\"og:site_name\" content=\"Eliassen.nl\" \/>\n<meta property=\"article:publisher\" content=\"https:\/\/www.facebook.com\/TuincentrumEliassenAmmerzoden\" \/>\n<meta property=\"article:modified_time\" content=\"2025-11-27T14:42:49+00:00\" \/>\n<meta property=\"og:image\" content=\"https:\/\/www.eliassen.nl\/wp-content\/uploads\/2024\/01\/1053.jpg\" \/>\n\t<meta property=\"og:image:width\" content=\"1204\" \/>\n\t<meta property=\"og:image:height\" content=\"1157\" \/>\n\t<meta property=\"og:image:type\" content=\"image\/jpeg\" \/>\n<meta name=\"twitter:card\" content=\"summary_large_image\" \/>\n<script type=\"application\/ld+json\" class=\"yoast-schema-graph\">{\"@context\":\"https:\/\/schema.org\",\"@graph\":[{\"@type\":\"WebPage\",\"@id\":\"https:\/\/www.eliassen.nl\/de\/58cm-wanduhr-werfen\/\",\"url\":\"https:\/\/www.eliassen.nl\/de\/58cm-wanduhr-werfen\/\",\"name\":\"Wanduhr 58cm Toss\",\"isPartOf\":{\"@id\":\"https:\/\/www.eliassen.nl\/de\/#website\"},\"primaryImageOfPage\":{\"@id\":\"https:\/\/www.eliassen.nl\/de\/58cm-wanduhr-werfen\/#primaryimage\"},\"image\":{\"@id\":\"https:\/\/www.eliassen.nl\/de\/58cm-wanduhr-werfen\/#primaryimage\"},\"thumbnailUrl\":\"https:\/\/www.eliassen.nl\/wp-content\/uploads\/2024\/01\/1053.jpg\",\"datePublished\":\"2019-10-28T17:25:21+00:00\",\"dateModified\":\"2025-11-27T14:42:49+00:00\",\"description\":\"Die Metallwanduhr Toss (58 cm) verf\u00fcgt \u00fcber ein Quarzwerk, das jahrelang mit einer guten AA-Batterie l\u00e4uft. Diese Wanddekoration ist nur f\u00fcr den Innenbereich geeignet.\",\"breadcrumb\":{\"@id\":\"https:\/\/www.eliassen.nl\/de\/58cm-wanduhr-werfen\/#breadcrumb\"},\"inLanguage\":\"de\",\"potentialAction\":[{\"@type\":\"ReadAction\",\"target\":[\"https:\/\/www.eliassen.nl\/de\/58cm-wanduhr-werfen\/\"]}]},{\"@type\":\"ImageObject\",\"inLanguage\":\"de\",\"@id\":\"https:\/\/www.eliassen.nl\/de\/58cm-wanduhr-werfen\/#primaryimage\",\"url\":\"https:\/\/www.eliassen.nl\/wp-content\/uploads\/2024\/01\/1053.jpg\",\"contentUrl\":\"https:\/\/www.eliassen.nl\/wp-content\/uploads\/2024\/01\/1053.jpg\",\"width\":1204,\"height\":1157,\"caption\":\"1053\"},{\"@type\":\"BreadcrumbList\",\"@id\":\"https:\/\/www.eliassen.nl\/de\/58cm-wanduhr-werfen\/#breadcrumb\",\"itemListElement\":[{\"@type\":\"ListItem\",\"position\":1,\"name\":\"Home\",\"item\":\"https:\/\/www.eliassen.nl\/de\/\"},{\"@type\":\"ListItem\",\"position\":2,\"name\":\"Shop\",\"item\":\"https:\/\/www.eliassen.nl\/de\/shop\/\"},{\"@type\":\"ListItem\",\"position\":3,\"name\":\"Wanddekoration\",\"item\":\"https:\/\/www.eliassen.nl\/de\/wanddekoration\/\"},{\"@type\":\"ListItem\",\"position\":4,\"name\":\"Wanduhren\",\"item\":\"https:\/\/www.eliassen.nl\/de\/wanddekoration\/wanduhren\/\"},{\"@type\":\"ListItem\",\"position\":5,\"name\":\"Wanduhr 58cm Toss\"}]},{\"@type\":\"WebSite\",\"@id\":\"https:\/\/www.eliassen.nl\/de\/#website\",\"url\":\"https:\/\/www.eliassen.nl\/de\/\",\"name\":\"Eliassen Home & Garden Pleasure\",\"description\":\"\",\"publisher\":{\"@id\":\"https:\/\/www.eliassen.nl\/de\/#organization\"},\"alternateName\":\"Eliassen.nl\",\"potentialAction\":[{\"@type\":\"SearchAction\",\"target\":{\"@type\":\"EntryPoint\",\"urlTemplate\":\"https:\/\/www.eliassen.nl\/de\/?s={search_term_string}\"},\"query-input\":{\"@type\":\"PropertyValueSpecification\",\"valueRequired\":true,\"valueName\":\"search_term_string\"}}],\"inLanguage\":\"de\"},{\"@type\":[\"Organization\",\"Place\"],\"@id\":\"https:\/\/www.eliassen.nl\/de\/#organization\",\"name\":\"Eliassen Home & Garden Pleasure\",\"url\":\"https:\/\/www.eliassen.nl\/de\/\",\"logo\":{\"@id\":\"https:\/\/www.eliassen.nl\/de\/58cm-wanduhr-werfen\/#local-main-organization-logo\"},\"image\":{\"@id\":\"https:\/\/www.eliassen.nl\/de\/58cm-wanduhr-werfen\/#local-main-organization-logo\"},\"sameAs\":[\"https:\/\/www.facebook.com\/TuincentrumEliassenAmmerzoden\",\"https:\/\/www.instagram.com\/eliassenhomeandgarden\/\",\"https:\/\/nl.pinterest.com\/eliassenhomeandgarden\/\",\"https:\/\/www.youtube.com\/@eliassenhomegardenpleasure4558\"],\"telephone\":[],\"openingHoursSpecification\":[{\"@type\":\"OpeningHoursSpecification\",\"dayOfWeek\":[\"Monday\",\"Tuesday\",\"Wednesday\",\"Thursday\",\"Friday\",\"Saturday\",\"Sunday\"],\"opens\":\"09:00\",\"closes\":\"17:00\"}]},{\"@type\":\"ImageObject\",\"inLanguage\":\"de\",\"@id\":\"https:\/\/www.eliassen.nl\/de\/58cm-wanduhr-werfen\/#local-main-organization-logo\",\"url\":\"https:\/\/www.eliassen.nl\/wp-content\/uploads\/2024\/01\/logo_4nd.jpg\",\"contentUrl\":\"https:\/\/www.eliassen.nl\/wp-content\/uploads\/2024\/01\/logo_4nd.jpg\",\"width\":500,\"height\":500,\"caption\":\"Eliassen Home & Garden Pleasure\"}]}<\/script>\n<meta property=\"product:price:amount\" content=\"33.50\" \/>\n<meta property=\"product:price:currency\" content=\"EUR\" \/>\n<meta property=\"og:availability\" content=\"instock\" \/>\n<meta property=\"product:availability\" content=\"instock\" \/>\n<meta property=\"product:retailer_item_id\" content=\"1053\" \/>\n<meta property=\"product:condition\" content=\"new\" \/>\n<!-- \/ Yoast SEO Premium plugin. -->","yoast_head_json":{"title":"Wanduhr 58cm Toss","description":"Die Metallwanduhr Toss (58 cm) verf\u00fcgt \u00fcber ein Quarzwerk, das jahrelang mit einer guten AA-Batterie l\u00e4uft. Diese Wanddekoration ist nur f\u00fcr den Innenbereich geeignet.","robots":{"index":"index","follow":"follow","max-snippet":"max-snippet:-1","max-image-preview":"max-image-preview:large","max-video-preview":"max-video-preview:-1"},"canonical":"https:\/\/www.eliassen.nl\/de\/58cm-wanduhr-werfen\/","og_locale":"de_DE","og_type":"article","og_title":"Eliassen, Sonstige Wanduhr 58cm Toss - Eliassen.nl","og_description":"Die Metallwanduhr Toss (58 cm) verf\u00fcgt \u00fcber ein Quarzwerk, das jahrelang mit einer guten AA-Batterie l\u00e4uft. Diese Wanddekoration ist nur f\u00fcr den Innenbereich geeignet.","og_url":"https:\/\/www.eliassen.nl\/de\/58cm-wanduhr-werfen\/","og_site_name":"Eliassen.nl","article_publisher":"https:\/\/www.facebook.com\/TuincentrumEliassenAmmerzoden","article_modified_time":"2025-11-27T14:42:49+00:00","og_image":[{"width":1204,"height":1157,"url":"https:\/\/www.eliassen.nl\/wp-content\/uploads\/2024\/01\/1053.jpg","type":"image\/jpeg"}],"twitter_card":"summary_large_image","schema":{"@context":"https:\/\/schema.org","@graph":[{"@type":"WebPage","@id":"https:\/\/www.eliassen.nl\/de\/58cm-wanduhr-werfen\/","url":"https:\/\/www.eliassen.nl\/de\/58cm-wanduhr-werfen\/","name":"Wanduhr 58cm Toss","isPartOf":{"@id":"https:\/\/www.eliassen.nl\/de\/#website"},"primaryImageOfPage":{"@id":"https:\/\/www.eliassen.nl\/de\/58cm-wanduhr-werfen\/#primaryimage"},"image":{"@id":"https:\/\/www.eliassen.nl\/de\/58cm-wanduhr-werfen\/#primaryimage"},"thumbnailUrl":"https:\/\/www.eliassen.nl\/wp-content\/uploads\/2024\/01\/1053.jpg","datePublished":"2019-10-28T17:25:21+00:00","dateModified":"2025-11-27T14:42:49+00:00","description":"Die Metallwanduhr Toss (58 cm) verf\u00fcgt \u00fcber ein Quarzwerk, das jahrelang mit einer guten AA-Batterie l\u00e4uft. Diese Wanddekoration ist nur f\u00fcr den Innenbereich geeignet.","breadcrumb":{"@id":"https:\/\/www.eliassen.nl\/de\/58cm-wanduhr-werfen\/#breadcrumb"},"inLanguage":"de","potentialAction":[{"@type":"ReadAction","target":["https:\/\/www.eliassen.nl\/de\/58cm-wanduhr-werfen\/"]}]},{"@type":"ImageObject","inLanguage":"de","@id":"https:\/\/www.eliassen.nl\/de\/58cm-wanduhr-werfen\/#primaryimage","url":"https:\/\/www.eliassen.nl\/wp-content\/uploads\/2024\/01\/1053.jpg","contentUrl":"https:\/\/www.eliassen.nl\/wp-content\/uploads\/2024\/01\/1053.jpg","width":1204,"height":1157,"caption":"1053"},{"@type":"BreadcrumbList","@id":"https:\/\/www.eliassen.nl\/de\/58cm-wanduhr-werfen\/#breadcrumb","itemListElement":[{"@type":"ListItem","position":1,"name":"Home","item":"https:\/\/www.eliassen.nl\/de\/"},{"@type":"ListItem","position":2,"name":"Shop","item":"https:\/\/www.eliassen.nl\/de\/shop\/"},{"@type":"ListItem","position":3,"name":"Wanddekoration","item":"https:\/\/www.eliassen.nl\/de\/wanddekoration\/"},{"@type":"ListItem","position":4,"name":"Wanduhren","item":"https:\/\/www.eliassen.nl\/de\/wanddekoration\/wanduhren\/"},{"@type":"ListItem","position":5,"name":"Wanduhr 58cm Toss"}]},{"@type":"WebSite","@id":"https:\/\/www.eliassen.nl\/de\/#website","url":"https:\/\/www.eliassen.nl\/de\/","name":"Eliassen Home & Garden Pleasure","description":"","publisher":{"@id":"https:\/\/www.eliassen.nl\/de\/#organization"},"alternateName":"Eliassen.nl","potentialAction":[{"@type":"SearchAction","target":{"@type":"EntryPoint","urlTemplate":"https:\/\/www.eliassen.nl\/de\/?s={search_term_string}"},"query-input":{"@type":"PropertyValueSpecification","valueRequired":true,"valueName":"search_term_string"}}],"inLanguage":"de"},{"@type":["Organization","Place"],"@id":"https:\/\/www.eliassen.nl\/de\/#organization","name":"Eliassen Home & Garden Pleasure","url":"https:\/\/www.eliassen.nl\/de\/","logo":{"@id":"https:\/\/www.eliassen.nl\/de\/58cm-wanduhr-werfen\/#local-main-organization-logo"},"image":{"@id":"https:\/\/www.eliassen.nl\/de\/58cm-wanduhr-werfen\/#local-main-organization-logo"},"sameAs":["https:\/\/www.facebook.com\/TuincentrumEliassenAmmerzoden","https:\/\/www.instagram.com\/eliassenhomeandgarden\/","https:\/\/nl.pinterest.com\/eliassenhomeandgarden\/","https:\/\/www.youtube.com\/@eliassenhomegardenpleasure4558"],"telephone":[],"openingHoursSpecification":[{"@type":"OpeningHoursSpecification","dayOfWeek":["Monday","Tuesday","Wednesday","Thursday","Friday","Saturday","Sunday"],"opens":"09:00","closes":"17:00"}]},{"@type":"ImageObject","inLanguage":"de","@id":"https:\/\/www.eliassen.nl\/de\/58cm-wanduhr-werfen\/#local-main-organization-logo","url":"https:\/\/www.eliassen.nl\/wp-content\/uploads\/2024\/01\/logo_4nd.jpg","contentUrl":"https:\/\/www.eliassen.nl\/wp-content\/uploads\/2024\/01\/logo_4nd.jpg","width":500,"height":500,"caption":"Eliassen Home & Garden Pleasure"}]},"product_price_amount":"33.50","product_price_currency":"EUR","og_availability":"instock","product_availability":"instock","product_retailer_item_id":"1053","product_condition":"new"},"df_price":33.5,"df_sale_price":33.5,"df_regular_price":44.5,"df_image_link":"https:\/\/www.eliassen.nl\/wp-content\/uploads\/2024\/01\/1053.jpg","image":"https:\/\/www.eliassen.nl\/wp-content\/uploads\/2024\/01\/1053.jpg","price_search":"<span class=\"woocommerce-Price-amount amount\"><bdi><span class=\"woocommerce-Price-currencySymbol\">&euro;<\/span>&nbsp;33,50<\/bdi><\/span>","category":"Wanddekoration","global_unique_id":"6013811689610","_links":{"self":[{"href":"https:\/\/www.eliassen.nl\/de\/wp-json\/wp\/v2\/product\/12175","targetHints":{"allow":["GET"]}}],"collection":[{"href":"https:\/\/www.eliassen.nl\/de\/wp-json\/wp\/v2\/product"}],"about":[{"href":"https:\/\/www.eliassen.nl\/de\/wp-json\/wp\/v2\/types\/product"}],"wp:featuredmedia":[{"embeddable":true,"href":"https:\/\/www.eliassen.nl\/de\/wp-json\/wp\/v2\/media\/12172"}],"wp:attachment":[{"href":"https:\/\/www.eliassen.nl\/de\/wp-json\/wp\/v2\/media?parent=12175"}],"wp:term":[{"taxonomy":"product_brand","embeddable":true,"href":"https:\/\/www.eliassen.nl\/de\/wp-json\/wp\/v2\/product_brand?post=12175"},{"taxonomy":"product_cat","embeddable":true,"href":"https:\/\/www.eliassen.nl\/de\/wp-json\/wp\/v2\/product_cat?post=12175"},{"taxonomy":"product_tag","embeddable":true,"href":"https:\/\/www.eliassen.nl\/de\/wp-json\/wp\/v2\/product_tag?post=12175"}],"curies":[{"name":"wp","href":"https:\/\/api.w.org\/{rel}","templated":true}]}}