{"id":12154,"date":"2019-10-28T17:25:03","date_gmt":"2019-10-28T17:25:03","guid":{"rendered":"https:\/\/www.eliassen.nl\/?product=bemalen-sie-aluminiumbaum-in-der-nacht-60x120cm-co"},"modified":"2026-01-07T12:04:28","modified_gmt":"2026-01-07T11:04:28","slug":"malerei-aluminium-baum-in-der-nacht-80x160cm","status":"publish","type":"product","link":"https:\/\/www.eliassen.nl\/de\/malerei-aluminium-baum-in-der-nacht-80x160cm\/","title":{"rendered":"Gem\u00e4lde Aluminium Baum bei Nacht 80x160cm"},"content":{"rendered":"<p>M\u00f6chten Sie ein besonderes Gem\u00e4lde an die Wand h\u00e4ngen, das einen ganz einzigartigen Look hat? Dann lassen Sie sich dieses sehr moderne Aluminiumbild der exklusiven Marke ArtEl nicht entgehen. Vollst\u00e4ndig von Hand gefertigt. Durch viel manuelles Schleifen und Polieren eines Aluminiumblechs in Kombination mit den gew\u00e4hlten leuchtenden Farben entsteht ein modernes und zeitgem\u00e4\u00dfes St\u00fcck Wanddekoration f\u00fcr Ihr Arbeits- und Wohnumfeld. Dieses Gem\u00e4lde ist fast 3 cm dick, die R\u00fcckseite ist wundersch\u00f6n mit schwarzem Velours verarbeitet und mit Haken versehen.<\/p>\n<p>Dieses kontrastreiche Gem\u00e4lde in Schwarz und Wei\u00df k\u00f6nnte ein Bild aus einem Horrorfilm sein. Ein einsamer, wei\u00dfer Baum in der Nacht, der aus gutem Grund allein steht. Trotz seiner aufregenden Atmosph\u00e4re ist das Gem\u00e4lde ein sch\u00f6nes Bild f\u00fcr Ihre Wand. Das vollst\u00e4ndig handgefertigte Gem\u00e4lde Aluminium Tree In The Night ist ein ruhiger Blickfang und passt zu jeder Art von Einrichtung. Erstellt durch Schleifen und Polieren von Hand auf einer Aluminiumplatte.<\/p>\n<\/p>\n<ul>\n<li>Gr\u00f6\u00dfe 80 x 160 cm<\/li>\n<li>Dicke 2,7 cm<\/li>\n<li>Moderner und exklusiver Look<\/li>\n<li>Inklusive Aufh\u00e4ngematerial und Aufh\u00e4ngebeschreibung<\/li>\n<li>Nicht f\u00fcr den Au\u00dfeneinsatz geeignet<\/li>\n<li>Schnelle Lieferung in stabilem Karton<\/li>\n<li>kleine Auflage<\/li>\n<\/ul>\n","protected":false},"excerpt":{"rendered":"<p>M\u00f6chten Sie ein besonderes Gem\u00e4lde an die Wand h\u00e4ngen, das einen ganz einzigartigen Look hat? Dann lassen Sie sich dieses sehr moderne Aluminiumbild der exklusiven Marke ArtEl nicht entgehen. Vollst\u00e4ndig von Hand gefertigt. Durch viel manuelles Schleifen und Polieren eines Aluminiumblechs in Kombination mit den gew\u00e4hlten leuchtenden Farben entsteht ein modernes und zeitgem\u00e4\u00dfes St\u00fcck Wanddekoration &hellip;<\/p>\n","protected":false},"featured_media":12148,"template":"","meta":{"_acf_changed":false,"_genesis_title":"","_genesis_description":""},"product_brand":[6916],"product_cat":[410,416,413],"product_tag":[],"class_list":{"0":"post-12154","1":"product","2":"type-product","3":"status-publish","4":"has-post-thumbnail","6":"product_brand-eliassen-de","7":"product_cat-gemaelde","8":"product_cat-aluminium-gemaelde","9":"product_cat-gemaelde-outlet","11":"first","12":"instock","13":"sale","14":"taxable","15":"shipping-taxable","16":"purchasable","17":"product-type-simple"},"acf":[],"meta_all":{"total_sales":"0","wcml_sync_hash":{"postmeta_fields":"88ffc21e14a1ac60ba185068f82ad429"},"attr_label_translations":[]},"meta_all_flat":{"total_sales":"0","wcml_sync_hash.postmeta_fields":"88ffc21e14a1ac60ba185068f82ad429"},"yoast_head":"<!-- This site is optimized with the Yoast SEO Premium plugin v26.2 (Yoast SEO v27.2) - https:\/\/yoast.com\/product\/yoast-seo-premium-wordpress\/ -->\n<title>Gem\u00e4lde Aluminium Baum bei Nacht 80x160cm<\/title>\n<meta name=\"description\" content=\"Ein modernes Aluminiumgem\u00e4lde, das einen Baum darstellt. Die schwarzen und wei\u00dfen Farben verleihen dem Gem\u00e4lde einen besonders eleganten Look.\" \/>\n<meta name=\"robots\" content=\"index, follow, max-snippet:-1, max-image-preview:large, max-video-preview:-1\" \/>\n<link rel=\"canonical\" href=\"https:\/\/www.eliassen.nl\/de\/malerei-aluminium-baum-in-der-nacht-80x160cm\/\" \/>\n<meta property=\"og:locale\" content=\"de_DE\" \/>\n<meta property=\"og:type\" content=\"article\" \/>\n<meta property=\"og:title\" content=\"Eliassen Gem\u00e4lde Aluminium Baum bei Nacht 80x160cm - Eliassen.nl\" \/>\n<meta property=\"og:description\" content=\"Ein modernes Aluminiumgem\u00e4lde, das einen Baum darstellt. Die schwarzen und wei\u00dfen Farben verleihen dem Gem\u00e4lde einen besonders eleganten Look.\" \/>\n<meta property=\"og:url\" content=\"https:\/\/www.eliassen.nl\/de\/malerei-aluminium-baum-in-der-nacht-80x160cm\/\" \/>\n<meta property=\"og:site_name\" content=\"Eliassen.nl\" \/>\n<meta property=\"article:publisher\" content=\"https:\/\/www.facebook.com\/TuincentrumEliassenAmmerzoden\" \/>\n<meta property=\"article:modified_time\" content=\"2026-01-07T11:04:28+00:00\" \/>\n<meta property=\"og:image\" content=\"https:\/\/www.eliassen.nl\/wp-content\/uploads\/2024\/01\/zwartwitschilderijboom.jpg\" \/>\n\t<meta property=\"og:image:width\" content=\"2047\" \/>\n\t<meta property=\"og:image:height\" content=\"1054\" \/>\n\t<meta property=\"og:image:type\" content=\"image\/jpeg\" \/>\n<meta name=\"twitter:card\" content=\"summary_large_image\" \/>\n<script type=\"application\/ld+json\" class=\"yoast-schema-graph\">{\"@context\":\"https:\/\/schema.org\",\"@graph\":[{\"@type\":\"WebPage\",\"@id\":\"https:\/\/www.eliassen.nl\/de\/malerei-aluminium-baum-in-der-nacht-80x160cm\/\",\"url\":\"https:\/\/www.eliassen.nl\/de\/malerei-aluminium-baum-in-der-nacht-80x160cm\/\",\"name\":\"Gem\u00e4lde Aluminium Baum bei Nacht 80x160cm\",\"isPartOf\":{\"@id\":\"https:\/\/www.eliassen.nl\/de\/#website\"},\"primaryImageOfPage\":{\"@id\":\"https:\/\/www.eliassen.nl\/de\/malerei-aluminium-baum-in-der-nacht-80x160cm\/#primaryimage\"},\"image\":{\"@id\":\"https:\/\/www.eliassen.nl\/de\/malerei-aluminium-baum-in-der-nacht-80x160cm\/#primaryimage\"},\"thumbnailUrl\":\"https:\/\/www.eliassen.nl\/wp-content\/uploads\/2024\/01\/zwartwitschilderijboom.jpg\",\"datePublished\":\"2019-10-28T17:25:03+00:00\",\"dateModified\":\"2026-01-07T11:04:28+00:00\",\"description\":\"Ein modernes Aluminiumgem\u00e4lde, das einen Baum darstellt. Die schwarzen und wei\u00dfen Farben verleihen dem Gem\u00e4lde einen besonders eleganten Look.\",\"breadcrumb\":{\"@id\":\"https:\/\/www.eliassen.nl\/de\/malerei-aluminium-baum-in-der-nacht-80x160cm\/#breadcrumb\"},\"inLanguage\":\"de\",\"potentialAction\":[{\"@type\":\"ReadAction\",\"target\":[\"https:\/\/www.eliassen.nl\/de\/malerei-aluminium-baum-in-der-nacht-80x160cm\/\"]}]},{\"@type\":\"ImageObject\",\"inLanguage\":\"de\",\"@id\":\"https:\/\/www.eliassen.nl\/de\/malerei-aluminium-baum-in-der-nacht-80x160cm\/#primaryimage\",\"url\":\"https:\/\/www.eliassen.nl\/wp-content\/uploads\/2024\/01\/zwartwitschilderijboom.jpg\",\"contentUrl\":\"https:\/\/www.eliassen.nl\/wp-content\/uploads\/2024\/01\/zwartwitschilderijboom.jpg\",\"width\":2047,\"height\":1054,\"caption\":\"Schwarz-Wei\u00df-Malerei BOOM\"},{\"@type\":\"BreadcrumbList\",\"@id\":\"https:\/\/www.eliassen.nl\/de\/malerei-aluminium-baum-in-der-nacht-80x160cm\/#breadcrumb\",\"itemListElement\":[{\"@type\":\"ListItem\",\"position\":1,\"name\":\"Home\",\"item\":\"https:\/\/www.eliassen.nl\/de\/\"},{\"@type\":\"ListItem\",\"position\":2,\"name\":\"Shop\",\"item\":\"https:\/\/www.eliassen.nl\/de\/shop\/\"},{\"@type\":\"ListItem\",\"position\":3,\"name\":\"Gem\u00e4lde\",\"item\":\"https:\/\/www.eliassen.nl\/de\/gemaelde\/\"},{\"@type\":\"ListItem\",\"position\":4,\"name\":\"Gem\u00e4lde aus Aluminium\",\"item\":\"https:\/\/www.eliassen.nl\/de\/gemaelde\/aluminium-gemaelde\/\"},{\"@type\":\"ListItem\",\"position\":5,\"name\":\"Gem\u00e4lde Aluminium Baum bei Nacht 80x160cm\"}]},{\"@type\":\"WebSite\",\"@id\":\"https:\/\/www.eliassen.nl\/de\/#website\",\"url\":\"https:\/\/www.eliassen.nl\/de\/\",\"name\":\"Eliassen Home & Garden Pleasure\",\"description\":\"\",\"publisher\":{\"@id\":\"https:\/\/www.eliassen.nl\/de\/#organization\"},\"alternateName\":\"Eliassen.nl\",\"potentialAction\":[{\"@type\":\"SearchAction\",\"target\":{\"@type\":\"EntryPoint\",\"urlTemplate\":\"https:\/\/www.eliassen.nl\/de\/?s={search_term_string}\"},\"query-input\":{\"@type\":\"PropertyValueSpecification\",\"valueRequired\":true,\"valueName\":\"search_term_string\"}}],\"inLanguage\":\"de\"},{\"@type\":[\"Organization\",\"Place\"],\"@id\":\"https:\/\/www.eliassen.nl\/de\/#organization\",\"name\":\"Eliassen Home & Garden Pleasure\",\"url\":\"https:\/\/www.eliassen.nl\/de\/\",\"logo\":{\"@id\":\"https:\/\/www.eliassen.nl\/de\/malerei-aluminium-baum-in-der-nacht-80x160cm\/#local-main-organization-logo\"},\"image\":{\"@id\":\"https:\/\/www.eliassen.nl\/de\/malerei-aluminium-baum-in-der-nacht-80x160cm\/#local-main-organization-logo\"},\"sameAs\":[\"https:\/\/www.facebook.com\/TuincentrumEliassenAmmerzoden\",\"https:\/\/www.instagram.com\/eliassenhomeandgarden\/\",\"https:\/\/nl.pinterest.com\/eliassenhomeandgarden\/\",\"https:\/\/www.youtube.com\/@eliassenhomegardenpleasure4558\"],\"telephone\":[],\"openingHoursSpecification\":[{\"@type\":\"OpeningHoursSpecification\",\"dayOfWeek\":[\"Monday\",\"Tuesday\",\"Wednesday\",\"Thursday\",\"Friday\",\"Saturday\",\"Sunday\"],\"opens\":\"09:00\",\"closes\":\"17:00\"}]},{\"@type\":\"ImageObject\",\"inLanguage\":\"de\",\"@id\":\"https:\/\/www.eliassen.nl\/de\/malerei-aluminium-baum-in-der-nacht-80x160cm\/#local-main-organization-logo\",\"url\":\"https:\/\/www.eliassen.nl\/wp-content\/uploads\/2024\/01\/logo_4nd.jpg\",\"contentUrl\":\"https:\/\/www.eliassen.nl\/wp-content\/uploads\/2024\/01\/logo_4nd.jpg\",\"width\":500,\"height\":500,\"caption\":\"Eliassen Home & Garden Pleasure\"}]}<\/script>\n<meta property=\"product:price:amount\" content=\"135.00\" \/>\n<meta property=\"product:price:currency\" content=\"EUR\" \/>\n<meta property=\"og:availability\" content=\"instock\" \/>\n<meta property=\"product:availability\" content=\"instock\" \/>\n<meta property=\"product:retailer_item_id\" content=\"Lb472groot\" \/>\n<meta property=\"product:condition\" content=\"new\" \/>\n<!-- \/ Yoast SEO Premium plugin. -->","yoast_head_json":{"title":"Gem\u00e4lde Aluminium Baum bei Nacht 80x160cm","description":"Ein modernes Aluminiumgem\u00e4lde, das einen Baum darstellt. Die schwarzen und wei\u00dfen Farben verleihen dem Gem\u00e4lde einen besonders eleganten Look.","robots":{"index":"index","follow":"follow","max-snippet":"max-snippet:-1","max-image-preview":"max-image-preview:large","max-video-preview":"max-video-preview:-1"},"canonical":"https:\/\/www.eliassen.nl\/de\/malerei-aluminium-baum-in-der-nacht-80x160cm\/","og_locale":"de_DE","og_type":"article","og_title":"Eliassen Gem\u00e4lde Aluminium Baum bei Nacht 80x160cm - Eliassen.nl","og_description":"Ein modernes Aluminiumgem\u00e4lde, das einen Baum darstellt. Die schwarzen und wei\u00dfen Farben verleihen dem Gem\u00e4lde einen besonders eleganten Look.","og_url":"https:\/\/www.eliassen.nl\/de\/malerei-aluminium-baum-in-der-nacht-80x160cm\/","og_site_name":"Eliassen.nl","article_publisher":"https:\/\/www.facebook.com\/TuincentrumEliassenAmmerzoden","article_modified_time":"2026-01-07T11:04:28+00:00","og_image":[{"width":2047,"height":1054,"url":"https:\/\/www.eliassen.nl\/wp-content\/uploads\/2024\/01\/zwartwitschilderijboom.jpg","type":"image\/jpeg"}],"twitter_card":"summary_large_image","schema":{"@context":"https:\/\/schema.org","@graph":[{"@type":"WebPage","@id":"https:\/\/www.eliassen.nl\/de\/malerei-aluminium-baum-in-der-nacht-80x160cm\/","url":"https:\/\/www.eliassen.nl\/de\/malerei-aluminium-baum-in-der-nacht-80x160cm\/","name":"Gem\u00e4lde Aluminium Baum bei Nacht 80x160cm","isPartOf":{"@id":"https:\/\/www.eliassen.nl\/de\/#website"},"primaryImageOfPage":{"@id":"https:\/\/www.eliassen.nl\/de\/malerei-aluminium-baum-in-der-nacht-80x160cm\/#primaryimage"},"image":{"@id":"https:\/\/www.eliassen.nl\/de\/malerei-aluminium-baum-in-der-nacht-80x160cm\/#primaryimage"},"thumbnailUrl":"https:\/\/www.eliassen.nl\/wp-content\/uploads\/2024\/01\/zwartwitschilderijboom.jpg","datePublished":"2019-10-28T17:25:03+00:00","dateModified":"2026-01-07T11:04:28+00:00","description":"Ein modernes Aluminiumgem\u00e4lde, das einen Baum darstellt. Die schwarzen und wei\u00dfen Farben verleihen dem Gem\u00e4lde einen besonders eleganten Look.","breadcrumb":{"@id":"https:\/\/www.eliassen.nl\/de\/malerei-aluminium-baum-in-der-nacht-80x160cm\/#breadcrumb"},"inLanguage":"de","potentialAction":[{"@type":"ReadAction","target":["https:\/\/www.eliassen.nl\/de\/malerei-aluminium-baum-in-der-nacht-80x160cm\/"]}]},{"@type":"ImageObject","inLanguage":"de","@id":"https:\/\/www.eliassen.nl\/de\/malerei-aluminium-baum-in-der-nacht-80x160cm\/#primaryimage","url":"https:\/\/www.eliassen.nl\/wp-content\/uploads\/2024\/01\/zwartwitschilderijboom.jpg","contentUrl":"https:\/\/www.eliassen.nl\/wp-content\/uploads\/2024\/01\/zwartwitschilderijboom.jpg","width":2047,"height":1054,"caption":"Schwarz-Wei\u00df-Malerei BOOM"},{"@type":"BreadcrumbList","@id":"https:\/\/www.eliassen.nl\/de\/malerei-aluminium-baum-in-der-nacht-80x160cm\/#breadcrumb","itemListElement":[{"@type":"ListItem","position":1,"name":"Home","item":"https:\/\/www.eliassen.nl\/de\/"},{"@type":"ListItem","position":2,"name":"Shop","item":"https:\/\/www.eliassen.nl\/de\/shop\/"},{"@type":"ListItem","position":3,"name":"Gem\u00e4lde","item":"https:\/\/www.eliassen.nl\/de\/gemaelde\/"},{"@type":"ListItem","position":4,"name":"Gem\u00e4lde aus Aluminium","item":"https:\/\/www.eliassen.nl\/de\/gemaelde\/aluminium-gemaelde\/"},{"@type":"ListItem","position":5,"name":"Gem\u00e4lde Aluminium Baum bei Nacht 80x160cm"}]},{"@type":"WebSite","@id":"https:\/\/www.eliassen.nl\/de\/#website","url":"https:\/\/www.eliassen.nl\/de\/","name":"Eliassen Home & Garden Pleasure","description":"","publisher":{"@id":"https:\/\/www.eliassen.nl\/de\/#organization"},"alternateName":"Eliassen.nl","potentialAction":[{"@type":"SearchAction","target":{"@type":"EntryPoint","urlTemplate":"https:\/\/www.eliassen.nl\/de\/?s={search_term_string}"},"query-input":{"@type":"PropertyValueSpecification","valueRequired":true,"valueName":"search_term_string"}}],"inLanguage":"de"},{"@type":["Organization","Place"],"@id":"https:\/\/www.eliassen.nl\/de\/#organization","name":"Eliassen Home & Garden Pleasure","url":"https:\/\/www.eliassen.nl\/de\/","logo":{"@id":"https:\/\/www.eliassen.nl\/de\/malerei-aluminium-baum-in-der-nacht-80x160cm\/#local-main-organization-logo"},"image":{"@id":"https:\/\/www.eliassen.nl\/de\/malerei-aluminium-baum-in-der-nacht-80x160cm\/#local-main-organization-logo"},"sameAs":["https:\/\/www.facebook.com\/TuincentrumEliassenAmmerzoden","https:\/\/www.instagram.com\/eliassenhomeandgarden\/","https:\/\/nl.pinterest.com\/eliassenhomeandgarden\/","https:\/\/www.youtube.com\/@eliassenhomegardenpleasure4558"],"telephone":[],"openingHoursSpecification":[{"@type":"OpeningHoursSpecification","dayOfWeek":["Monday","Tuesday","Wednesday","Thursday","Friday","Saturday","Sunday"],"opens":"09:00","closes":"17:00"}]},{"@type":"ImageObject","inLanguage":"de","@id":"https:\/\/www.eliassen.nl\/de\/malerei-aluminium-baum-in-der-nacht-80x160cm\/#local-main-organization-logo","url":"https:\/\/www.eliassen.nl\/wp-content\/uploads\/2024\/01\/logo_4nd.jpg","contentUrl":"https:\/\/www.eliassen.nl\/wp-content\/uploads\/2024\/01\/logo_4nd.jpg","width":500,"height":500,"caption":"Eliassen Home & Garden Pleasure"}]},"product_price_amount":"135.00","product_price_currency":"EUR","og_availability":"instock","product_availability":"instock","product_retailer_item_id":"Lb472groot","product_condition":"new"},"df_price":135,"df_sale_price":135,"df_regular_price":270,"df_image_link":"https:\/\/www.eliassen.nl\/wp-content\/uploads\/2024\/01\/zwartwitschilderijboom.jpg","image":"https:\/\/www.eliassen.nl\/wp-content\/uploads\/2024\/01\/zwartwitschilderijboom.jpg","price_search":"<span class=\"woocommerce-Price-amount amount\"><bdi><span class=\"woocommerce-Price-currencySymbol\">&euro;<\/span>&nbsp;135,00<\/bdi><\/span>","category":"Gem\u00e4lde","global_unique_id":"7446038190130","_links":{"self":[{"href":"https:\/\/www.eliassen.nl\/de\/wp-json\/wp\/v2\/product\/12154","targetHints":{"allow":["GET"]}}],"collection":[{"href":"https:\/\/www.eliassen.nl\/de\/wp-json\/wp\/v2\/product"}],"about":[{"href":"https:\/\/www.eliassen.nl\/de\/wp-json\/wp\/v2\/types\/product"}],"wp:featuredmedia":[{"embeddable":true,"href":"https:\/\/www.eliassen.nl\/de\/wp-json\/wp\/v2\/media\/12148"}],"wp:attachment":[{"href":"https:\/\/www.eliassen.nl\/de\/wp-json\/wp\/v2\/media?parent=12154"}],"wp:term":[{"taxonomy":"product_brand","embeddable":true,"href":"https:\/\/www.eliassen.nl\/de\/wp-json\/wp\/v2\/product_brand?post=12154"},{"taxonomy":"product_cat","embeddable":true,"href":"https:\/\/www.eliassen.nl\/de\/wp-json\/wp\/v2\/product_cat?post=12154"},{"taxonomy":"product_tag","embeddable":true,"href":"https:\/\/www.eliassen.nl\/de\/wp-json\/wp\/v2\/product_tag?post=12154"}],"curies":[{"name":"wp","href":"https:\/\/api.w.org\/{rel}","templated":true}]}}