{"id":11524,"date":"2019-10-28T17:18:09","date_gmt":"2019-10-28T17:18:09","guid":{"rendered":"https:\/\/www.eliassen.nl\/?product=bemalung-aluminium-fuenfgetaefelten-baeumen-60x150"},"modified":"2026-01-07T12:03:17","modified_gmt":"2026-01-07T11:03:17","slug":"malerei-aluminium-pentaptychon-wellen-60x150cm","status":"publish","type":"product","link":"https:\/\/www.eliassen.nl\/de\/malerei-aluminium-pentaptychon-wellen-60x150cm\/","title":{"rendered":"Gem\u00e4lde Aluminium F\u00fcnf-Paneel Wellen 60x150cm"},"content":{"rendered":"<p>M\u00f6chten Sie ein besonderes f\u00fcnfteiliges Gem\u00e4lde mit raffinierten Schwarz- und Graut\u00f6nen an die Wand h\u00e4ngen, das einen v\u00f6llig einzigartigen Look hat? Dann lassen Sie sich dieses sehr moderne Aluminiumbild der exklusiven Marke ArtEl nicht entgehen. Vollst\u00e4ndig von Hand gefertigt. Durch viel manuelles Schleifen und Polieren eines Aluminiumblechs in Kombination mit den gew\u00e4hlten leuchtenden Farben entsteht ein modernes und zeitgem\u00e4\u00dfes St\u00fcck Wanddekoration f\u00fcr Ihr Arbeits- und Wohnumfeld. Dieses Gem\u00e4lde ist fast 3 cm dick, die R\u00fcckseite ist wundersch\u00f6n mit schwarzem Velours verarbeitet und mit Haken versehen.<\/p>\n<p>Die wellenf\u00f6rmigen Bewegungen und Figuren scheinen die Gem\u00fcter zu beruhigen. Das mag an der Assoziation liegen, die wir mit dem Meer haben, das f\u00fcr viele eine Quelle der Ruhe und des Friedens ist. Au\u00dferdem ist es eine in der Natur h\u00e4ufig vorkommende Form. Nicht umsonst stellen wir die DNA als Linien dar, die sich umeinander winden. Dieses handgefertigte f\u00fcnfteilige Gem\u00e4lde Waves aus Aluminium stellt diese perfekte Bewegung perfekt dar. Unsere Aluminiumbilder werden durch manuelles Schleifen und Polieren auf einer Aluminiumplatte erstellt.<\/p>\n<\/p>\n<ul>\n<li>Gr\u00f6\u00dfe 5 St\u00fcck 30 x 60 cm hoch<\/li>\n<li>Dicke 2,7 cm<\/li>\n<li>Moderner und exklusiver Look<\/li>\n<li><strong>Auch in unserem Gesch\u00e4ft ausgestellt<\/strong><\/li>\n<li>Inklusive Aufh\u00e4ngematerial und Aufh\u00e4ngebeschreibung<\/li>\n<li>Nicht f\u00fcr den Au\u00dfeneinsatz geeignet<\/li>\n<li>Schnelle Lieferung in stabilem Karton<\/li>\n<\/ul>\n","protected":false},"excerpt":{"rendered":"<p>M\u00f6chten Sie ein besonderes f\u00fcnfteiliges Gem\u00e4lde mit raffinierten Schwarz- und Graut\u00f6nen an die Wand h\u00e4ngen, das einen v\u00f6llig einzigartigen Look hat? Dann lassen Sie sich dieses sehr moderne Aluminiumbild der exklusiven Marke ArtEl nicht entgehen. Vollst\u00e4ndig von Hand gefertigt. Durch viel manuelles Schleifen und Polieren eines Aluminiumblechs in Kombination mit den gew\u00e4hlten leuchtenden Farben entsteht &hellip;<\/p>\n","protected":false},"featured_media":11521,"template":"","meta":{"_acf_changed":false,"_genesis_title":"","_genesis_description":""},"product_brand":[6916],"product_cat":[410,416,467,413],"product_tag":[],"class_list":{"0":"post-11524","1":"product","2":"type-product","3":"status-publish","4":"has-post-thumbnail","6":"product_brand-eliassen-de","7":"product_cat-gemaelde","8":"product_cat-aluminium-gemaelde","9":"product_cat-gemaelde-mit-mehreren-tafeln","10":"product_cat-gemaelde-outlet","12":"first","13":"instock","14":"sale","15":"taxable","16":"shipping-taxable","17":"purchasable","18":"product-type-simple"},"acf":[],"meta_all":{"wcml_sync_hash":{"postmeta_fields":"5ddb98a52cce1ed2082d9478e9c952e1"},"attr_label_translations":[],"total_sales":"1"},"meta_all_flat":{"wcml_sync_hash.postmeta_fields":"5ddb98a52cce1ed2082d9478e9c952e1","total_sales":"1"},"yoast_head":"<!-- This site is optimized with the Yoast SEO Premium plugin v26.2 (Yoast SEO v27.2) - https:\/\/yoast.com\/product\/yoast-seo-premium-wordpress\/ -->\n<title>Gem\u00e4lde Aluminium F\u00fcnf-Paneel Wellen 60x150cm<\/title>\n<meta name=\"description\" content=\"Kaufen Sie Gem\u00e4lde in Schwarzgrau in leuchtenden Farben als Aluminium-Gem\u00e4lde mit f\u00fcnf Tafeln f\u00fcr Ihr Zuhause oder Ihr B\u00fcro? Ein sch\u00f6ner Blickfang mit einer sauberen wei\u00dfen Wand.\" \/>\n<meta name=\"robots\" content=\"index, follow, max-snippet:-1, max-image-preview:large, max-video-preview:-1\" \/>\n<link rel=\"canonical\" href=\"https:\/\/www.eliassen.nl\/de\/malerei-aluminium-pentaptychon-wellen-60x150cm\/\" \/>\n<meta property=\"og:locale\" content=\"de_DE\" \/>\n<meta property=\"og:type\" content=\"article\" \/>\n<meta property=\"og:title\" content=\"Eliassen Gem\u00e4lde Aluminium F\u00fcnf-Paneel Wellen 60x150cm - Eliassen.nl\" \/>\n<meta property=\"og:description\" content=\"Kaufen Sie Gem\u00e4lde in Schwarzgrau in leuchtenden Farben als Aluminium-Gem\u00e4lde mit f\u00fcnf Tafeln f\u00fcr Ihr Zuhause oder Ihr B\u00fcro? Ein sch\u00f6ner Blickfang mit einer sauberen wei\u00dfen Wand.\" \/>\n<meta property=\"og:url\" content=\"https:\/\/www.eliassen.nl\/de\/malerei-aluminium-pentaptychon-wellen-60x150cm\/\" \/>\n<meta property=\"og:site_name\" content=\"Eliassen.nl\" \/>\n<meta property=\"article:publisher\" content=\"https:\/\/www.facebook.com\/TuincentrumEliassenAmmerzoden\" \/>\n<meta property=\"article:modified_time\" content=\"2026-01-07T11:03:17+00:00\" \/>\n<meta property=\"og:image\" content=\"https:\/\/www.eliassen.nl\/wp-content\/uploads\/2024\/01\/schilderijaluminiumvijfluikgolven.jpg\" \/>\n\t<meta property=\"og:image:width\" content=\"2048\" \/>\n\t<meta property=\"og:image:height\" content=\"780\" \/>\n\t<meta property=\"og:image:type\" content=\"image\/jpeg\" \/>\n<meta name=\"twitter:card\" content=\"summary_large_image\" \/>\n<script type=\"application\/ld+json\" class=\"yoast-schema-graph\">{\"@context\":\"https:\/\/schema.org\",\"@graph\":[{\"@type\":\"WebPage\",\"@id\":\"https:\/\/www.eliassen.nl\/de\/malerei-aluminium-pentaptychon-wellen-60x150cm\/\",\"url\":\"https:\/\/www.eliassen.nl\/de\/malerei-aluminium-pentaptychon-wellen-60x150cm\/\",\"name\":\"Gem\u00e4lde Aluminium F\u00fcnf-Paneel Wellen 60x150cm\",\"isPartOf\":{\"@id\":\"https:\/\/www.eliassen.nl\/de\/#website\"},\"primaryImageOfPage\":{\"@id\":\"https:\/\/www.eliassen.nl\/de\/malerei-aluminium-pentaptychon-wellen-60x150cm\/#primaryimage\"},\"image\":{\"@id\":\"https:\/\/www.eliassen.nl\/de\/malerei-aluminium-pentaptychon-wellen-60x150cm\/#primaryimage\"},\"thumbnailUrl\":\"https:\/\/www.eliassen.nl\/wp-content\/uploads\/2024\/01\/schilderijaluminiumvijfluikgolven.jpg\",\"datePublished\":\"2019-10-28T17:18:09+00:00\",\"dateModified\":\"2026-01-07T11:03:17+00:00\",\"description\":\"Kaufen Sie Gem\u00e4lde in Schwarzgrau in leuchtenden Farben als Aluminium-Gem\u00e4lde mit f\u00fcnf Tafeln f\u00fcr Ihr Zuhause oder Ihr B\u00fcro? Ein sch\u00f6ner Blickfang mit einer sauberen wei\u00dfen Wand.\",\"breadcrumb\":{\"@id\":\"https:\/\/www.eliassen.nl\/de\/malerei-aluminium-pentaptychon-wellen-60x150cm\/#breadcrumb\"},\"inLanguage\":\"de\",\"potentialAction\":[{\"@type\":\"ReadAction\",\"target\":[\"https:\/\/www.eliassen.nl\/de\/malerei-aluminium-pentaptychon-wellen-60x150cm\/\"]}]},{\"@type\":\"ImageObject\",\"inLanguage\":\"de\",\"@id\":\"https:\/\/www.eliassen.nl\/de\/malerei-aluminium-pentaptychon-wellen-60x150cm\/#primaryimage\",\"url\":\"https:\/\/www.eliassen.nl\/wp-content\/uploads\/2024\/01\/schilderijaluminiumvijfluikgolven.jpg\",\"contentUrl\":\"https:\/\/www.eliassen.nl\/wp-content\/uploads\/2024\/01\/schilderijaluminiumvijfluikgolven.jpg\",\"width\":2048,\"height\":780,\"caption\":\"Malerei Aluminium f\u00fcnf-Panel Waves\"},{\"@type\":\"BreadcrumbList\",\"@id\":\"https:\/\/www.eliassen.nl\/de\/malerei-aluminium-pentaptychon-wellen-60x150cm\/#breadcrumb\",\"itemListElement\":[{\"@type\":\"ListItem\",\"position\":1,\"name\":\"Home\",\"item\":\"https:\/\/www.eliassen.nl\/de\/\"},{\"@type\":\"ListItem\",\"position\":2,\"name\":\"Shop\",\"item\":\"https:\/\/www.eliassen.nl\/de\/shop\/\"},{\"@type\":\"ListItem\",\"position\":3,\"name\":\"Gem\u00e4lde\",\"item\":\"https:\/\/www.eliassen.nl\/de\/gemaelde\/\"},{\"@type\":\"ListItem\",\"position\":4,\"name\":\"Gem\u00e4lde aus Aluminium\",\"item\":\"https:\/\/www.eliassen.nl\/de\/gemaelde\/aluminium-gemaelde\/\"},{\"@type\":\"ListItem\",\"position\":5,\"name\":\"Gem\u00e4lde Aluminium F\u00fcnf-Paneel Wellen 60x150cm\"}]},{\"@type\":\"WebSite\",\"@id\":\"https:\/\/www.eliassen.nl\/de\/#website\",\"url\":\"https:\/\/www.eliassen.nl\/de\/\",\"name\":\"Eliassen Home & Garden Pleasure\",\"description\":\"\",\"publisher\":{\"@id\":\"https:\/\/www.eliassen.nl\/de\/#organization\"},\"alternateName\":\"Eliassen.nl\",\"potentialAction\":[{\"@type\":\"SearchAction\",\"target\":{\"@type\":\"EntryPoint\",\"urlTemplate\":\"https:\/\/www.eliassen.nl\/de\/?s={search_term_string}\"},\"query-input\":{\"@type\":\"PropertyValueSpecification\",\"valueRequired\":true,\"valueName\":\"search_term_string\"}}],\"inLanguage\":\"de\"},{\"@type\":[\"Organization\",\"Place\"],\"@id\":\"https:\/\/www.eliassen.nl\/de\/#organization\",\"name\":\"Eliassen Home & Garden Pleasure\",\"url\":\"https:\/\/www.eliassen.nl\/de\/\",\"logo\":{\"@id\":\"https:\/\/www.eliassen.nl\/de\/malerei-aluminium-pentaptychon-wellen-60x150cm\/#local-main-organization-logo\"},\"image\":{\"@id\":\"https:\/\/www.eliassen.nl\/de\/malerei-aluminium-pentaptychon-wellen-60x150cm\/#local-main-organization-logo\"},\"sameAs\":[\"https:\/\/www.facebook.com\/TuincentrumEliassenAmmerzoden\",\"https:\/\/www.instagram.com\/eliassenhomeandgarden\/\",\"https:\/\/nl.pinterest.com\/eliassenhomeandgarden\/\",\"https:\/\/www.youtube.com\/@eliassenhomegardenpleasure4558\"],\"telephone\":[],\"openingHoursSpecification\":[{\"@type\":\"OpeningHoursSpecification\",\"dayOfWeek\":[\"Monday\",\"Tuesday\",\"Wednesday\",\"Thursday\",\"Friday\",\"Saturday\",\"Sunday\"],\"opens\":\"09:00\",\"closes\":\"17:00\"}]},{\"@type\":\"ImageObject\",\"inLanguage\":\"de\",\"@id\":\"https:\/\/www.eliassen.nl\/de\/malerei-aluminium-pentaptychon-wellen-60x150cm\/#local-main-organization-logo\",\"url\":\"https:\/\/www.eliassen.nl\/wp-content\/uploads\/2024\/01\/logo_4nd.jpg\",\"contentUrl\":\"https:\/\/www.eliassen.nl\/wp-content\/uploads\/2024\/01\/logo_4nd.jpg\",\"width\":500,\"height\":500,\"caption\":\"Eliassen Home & Garden Pleasure\"}]}<\/script>\n<meta property=\"product:price:amount\" content=\"126.00\" \/>\n<meta property=\"product:price:currency\" content=\"EUR\" \/>\n<meta property=\"og:availability\" content=\"instock\" \/>\n<meta property=\"product:availability\" content=\"instock\" \/>\n<meta property=\"product:retailer_item_id\" content=\"Lb448\" \/>\n<meta property=\"product:condition\" content=\"new\" \/>\n<!-- \/ Yoast SEO Premium plugin. -->","yoast_head_json":{"title":"Gem\u00e4lde Aluminium F\u00fcnf-Paneel Wellen 60x150cm","description":"Kaufen Sie Gem\u00e4lde in Schwarzgrau in leuchtenden Farben als Aluminium-Gem\u00e4lde mit f\u00fcnf Tafeln f\u00fcr Ihr Zuhause oder Ihr B\u00fcro? Ein sch\u00f6ner Blickfang mit einer sauberen wei\u00dfen Wand.","robots":{"index":"index","follow":"follow","max-snippet":"max-snippet:-1","max-image-preview":"max-image-preview:large","max-video-preview":"max-video-preview:-1"},"canonical":"https:\/\/www.eliassen.nl\/de\/malerei-aluminium-pentaptychon-wellen-60x150cm\/","og_locale":"de_DE","og_type":"article","og_title":"Eliassen Gem\u00e4lde Aluminium F\u00fcnf-Paneel Wellen 60x150cm - Eliassen.nl","og_description":"Kaufen Sie Gem\u00e4lde in Schwarzgrau in leuchtenden Farben als Aluminium-Gem\u00e4lde mit f\u00fcnf Tafeln f\u00fcr Ihr Zuhause oder Ihr B\u00fcro? Ein sch\u00f6ner Blickfang mit einer sauberen wei\u00dfen Wand.","og_url":"https:\/\/www.eliassen.nl\/de\/malerei-aluminium-pentaptychon-wellen-60x150cm\/","og_site_name":"Eliassen.nl","article_publisher":"https:\/\/www.facebook.com\/TuincentrumEliassenAmmerzoden","article_modified_time":"2026-01-07T11:03:17+00:00","og_image":[{"width":2048,"height":780,"url":"https:\/\/www.eliassen.nl\/wp-content\/uploads\/2024\/01\/schilderijaluminiumvijfluikgolven.jpg","type":"image\/jpeg"}],"twitter_card":"summary_large_image","schema":{"@context":"https:\/\/schema.org","@graph":[{"@type":"WebPage","@id":"https:\/\/www.eliassen.nl\/de\/malerei-aluminium-pentaptychon-wellen-60x150cm\/","url":"https:\/\/www.eliassen.nl\/de\/malerei-aluminium-pentaptychon-wellen-60x150cm\/","name":"Gem\u00e4lde Aluminium F\u00fcnf-Paneel Wellen 60x150cm","isPartOf":{"@id":"https:\/\/www.eliassen.nl\/de\/#website"},"primaryImageOfPage":{"@id":"https:\/\/www.eliassen.nl\/de\/malerei-aluminium-pentaptychon-wellen-60x150cm\/#primaryimage"},"image":{"@id":"https:\/\/www.eliassen.nl\/de\/malerei-aluminium-pentaptychon-wellen-60x150cm\/#primaryimage"},"thumbnailUrl":"https:\/\/www.eliassen.nl\/wp-content\/uploads\/2024\/01\/schilderijaluminiumvijfluikgolven.jpg","datePublished":"2019-10-28T17:18:09+00:00","dateModified":"2026-01-07T11:03:17+00:00","description":"Kaufen Sie Gem\u00e4lde in Schwarzgrau in leuchtenden Farben als Aluminium-Gem\u00e4lde mit f\u00fcnf Tafeln f\u00fcr Ihr Zuhause oder Ihr B\u00fcro? Ein sch\u00f6ner Blickfang mit einer sauberen wei\u00dfen Wand.","breadcrumb":{"@id":"https:\/\/www.eliassen.nl\/de\/malerei-aluminium-pentaptychon-wellen-60x150cm\/#breadcrumb"},"inLanguage":"de","potentialAction":[{"@type":"ReadAction","target":["https:\/\/www.eliassen.nl\/de\/malerei-aluminium-pentaptychon-wellen-60x150cm\/"]}]},{"@type":"ImageObject","inLanguage":"de","@id":"https:\/\/www.eliassen.nl\/de\/malerei-aluminium-pentaptychon-wellen-60x150cm\/#primaryimage","url":"https:\/\/www.eliassen.nl\/wp-content\/uploads\/2024\/01\/schilderijaluminiumvijfluikgolven.jpg","contentUrl":"https:\/\/www.eliassen.nl\/wp-content\/uploads\/2024\/01\/schilderijaluminiumvijfluikgolven.jpg","width":2048,"height":780,"caption":"Malerei Aluminium f\u00fcnf-Panel Waves"},{"@type":"BreadcrumbList","@id":"https:\/\/www.eliassen.nl\/de\/malerei-aluminium-pentaptychon-wellen-60x150cm\/#breadcrumb","itemListElement":[{"@type":"ListItem","position":1,"name":"Home","item":"https:\/\/www.eliassen.nl\/de\/"},{"@type":"ListItem","position":2,"name":"Shop","item":"https:\/\/www.eliassen.nl\/de\/shop\/"},{"@type":"ListItem","position":3,"name":"Gem\u00e4lde","item":"https:\/\/www.eliassen.nl\/de\/gemaelde\/"},{"@type":"ListItem","position":4,"name":"Gem\u00e4lde aus Aluminium","item":"https:\/\/www.eliassen.nl\/de\/gemaelde\/aluminium-gemaelde\/"},{"@type":"ListItem","position":5,"name":"Gem\u00e4lde Aluminium F\u00fcnf-Paneel Wellen 60x150cm"}]},{"@type":"WebSite","@id":"https:\/\/www.eliassen.nl\/de\/#website","url":"https:\/\/www.eliassen.nl\/de\/","name":"Eliassen Home & Garden Pleasure","description":"","publisher":{"@id":"https:\/\/www.eliassen.nl\/de\/#organization"},"alternateName":"Eliassen.nl","potentialAction":[{"@type":"SearchAction","target":{"@type":"EntryPoint","urlTemplate":"https:\/\/www.eliassen.nl\/de\/?s={search_term_string}"},"query-input":{"@type":"PropertyValueSpecification","valueRequired":true,"valueName":"search_term_string"}}],"inLanguage":"de"},{"@type":["Organization","Place"],"@id":"https:\/\/www.eliassen.nl\/de\/#organization","name":"Eliassen Home & Garden Pleasure","url":"https:\/\/www.eliassen.nl\/de\/","logo":{"@id":"https:\/\/www.eliassen.nl\/de\/malerei-aluminium-pentaptychon-wellen-60x150cm\/#local-main-organization-logo"},"image":{"@id":"https:\/\/www.eliassen.nl\/de\/malerei-aluminium-pentaptychon-wellen-60x150cm\/#local-main-organization-logo"},"sameAs":["https:\/\/www.facebook.com\/TuincentrumEliassenAmmerzoden","https:\/\/www.instagram.com\/eliassenhomeandgarden\/","https:\/\/nl.pinterest.com\/eliassenhomeandgarden\/","https:\/\/www.youtube.com\/@eliassenhomegardenpleasure4558"],"telephone":[],"openingHoursSpecification":[{"@type":"OpeningHoursSpecification","dayOfWeek":["Monday","Tuesday","Wednesday","Thursday","Friday","Saturday","Sunday"],"opens":"09:00","closes":"17:00"}]},{"@type":"ImageObject","inLanguage":"de","@id":"https:\/\/www.eliassen.nl\/de\/malerei-aluminium-pentaptychon-wellen-60x150cm\/#local-main-organization-logo","url":"https:\/\/www.eliassen.nl\/wp-content\/uploads\/2024\/01\/logo_4nd.jpg","contentUrl":"https:\/\/www.eliassen.nl\/wp-content\/uploads\/2024\/01\/logo_4nd.jpg","width":500,"height":500,"caption":"Eliassen Home & Garden Pleasure"}]},"product_price_amount":"126.00","product_price_currency":"EUR","og_availability":"instock","product_availability":"instock","product_retailer_item_id":"Lb448","product_condition":"new"},"df_price":126,"df_sale_price":126,"df_regular_price":210,"df_image_link":"https:\/\/www.eliassen.nl\/wp-content\/uploads\/2024\/01\/schilderijaluminiumvijfluikgolven.jpg","image":"https:\/\/www.eliassen.nl\/wp-content\/uploads\/2024\/01\/schilderijaluminiumvijfluikgolven.jpg","price_search":"<span class=\"woocommerce-Price-amount amount\"><bdi><span class=\"woocommerce-Price-currencySymbol\">&euro;<\/span>&nbsp;126,00<\/bdi><\/span>","category":"Gem\u00e4lde","global_unique_id":"7446038188106","_links":{"self":[{"href":"https:\/\/www.eliassen.nl\/de\/wp-json\/wp\/v2\/product\/11524","targetHints":{"allow":["GET"]}}],"collection":[{"href":"https:\/\/www.eliassen.nl\/de\/wp-json\/wp\/v2\/product"}],"about":[{"href":"https:\/\/www.eliassen.nl\/de\/wp-json\/wp\/v2\/types\/product"}],"wp:featuredmedia":[{"embeddable":true,"href":"https:\/\/www.eliassen.nl\/de\/wp-json\/wp\/v2\/media\/11521"}],"wp:attachment":[{"href":"https:\/\/www.eliassen.nl\/de\/wp-json\/wp\/v2\/media?parent=11524"}],"wp:term":[{"taxonomy":"product_brand","embeddable":true,"href":"https:\/\/www.eliassen.nl\/de\/wp-json\/wp\/v2\/product_brand?post=11524"},{"taxonomy":"product_cat","embeddable":true,"href":"https:\/\/www.eliassen.nl\/de\/wp-json\/wp\/v2\/product_cat?post=11524"},{"taxonomy":"product_tag","embeddable":true,"href":"https:\/\/www.eliassen.nl\/de\/wp-json\/wp\/v2\/product_tag?post=11524"}],"curies":[{"name":"wp","href":"https:\/\/api.w.org\/{rel}","templated":true}]}}