{"id":11518,"date":"2019-10-28T17:18:08","date_gmt":"2019-10-28T17:18:08","guid":{"rendered":"https:\/\/www.eliassen.nl\/?product=bemalung-alu-fuenffachbaum-60x150cm-copy"},"modified":"2026-01-07T12:03:15","modified_gmt":"2026-01-07T11:03:15","slug":"bemalung-funfteiliger-baume-aus-aluminium-60x150cm","status":"publish","type":"product","link":"https:\/\/www.eliassen.nl\/de\/bemalung-funfteiliger-baume-aus-aluminium-60x150cm\/","title":{"rendered":"Gem\u00e4lde Aluminium F\u00fcnf-Paneel B\u00e4ume 60x150cm"},"content":{"rendered":"<p><span style=\"font-weight: 400;\">M\u00f6chten Sie ein besonderes f\u00fcnfteiliges Gem\u00e4lde an die Wand h\u00e4ngen, das einen v\u00f6llig einzigartigen Look hat? Dann lassen Sie sich dieses sehr moderne Aluminiumbild der exklusiven Marke ArtEl nicht entgehen. Vollst\u00e4ndig von Hand gefertigt. Durch viel manuelles Schleifen und Polieren eines Aluminiumblechs in Kombination mit den gew\u00e4hlten leuchtenden Farben entsteht ein modernes und zeitgem\u00e4\u00dfes St\u00fcck Wanddekoration f\u00fcr Ihr Arbeits- und Wohnumfeld. Dieses Gem\u00e4lde ist fast 3 cm dick, die R\u00fcckseite ist wundersch\u00f6n mit schwarzem Velours verarbeitet und mit Haken versehen.<\/span><span style=\"font-weight: 400;\"><br \/><\/span><span style=\"font-weight: 400;\"><br \/><\/span><span style=\"font-weight: 400;\">M\u00f6chten Sie ein beeindruckendes Gem\u00e4lde an Ihre Wand h\u00e4ngen, das in Bezug auf die Farben nicht zu \u00fcberladen ist? Unser handgefertigtes Aluminium-Gem\u00e4lde Trees mit f\u00fcnf Paneelen wird sofort die Aufmerksamkeit auf sich ziehen. Nicht mit leuchtenden und auff\u00e4lligen Farben, sondern mit einem schicken Look, der die Ruhe der Natur in Ihrem Zuhause verbreitet. Anmutige wei\u00dfe B\u00e4ume in einem dichten Wald werden Ihre Wand schm\u00fccken und Ihr Interieur vervollst\u00e4ndigen. Erstellt durch manuelles Schleifen und Polieren auf einer Aluminiumplatte.<\/span><\/p>\n<\/p>\n<ul>\n<li>Gr\u00f6\u00dfe 5 St\u00fcck 30 x 60 cm hoch<\/li>\n<li>Dicke 2,7 cm<\/li>\n<li>Moderner und exklusiver Look<\/li>\n<li>Inklusive Aufh\u00e4ngematerial und Aufh\u00e4ngebeschreibung<\/li>\n<li>Nicht f\u00fcr den Au\u00dfeneinsatz geeignet<\/li>\n<li>Schnelle Lieferung in stabilem Karton<\/li>\n<\/ul>\n","protected":false},"excerpt":{"rendered":"<p>M\u00f6chten Sie ein besonderes f\u00fcnfteiliges Gem\u00e4lde an die Wand h\u00e4ngen, das einen v\u00f6llig einzigartigen Look hat? Dann lassen Sie sich dieses sehr moderne Aluminiumbild der exklusiven Marke ArtEl nicht entgehen. Vollst\u00e4ndig von Hand gefertigt. Durch viel manuelles Schleifen und Polieren eines Aluminiumblechs in Kombination mit den gew\u00e4hlten leuchtenden Farben entsteht ein modernes und zeitgem\u00e4\u00dfes St\u00fcck &hellip;<\/p>\n","protected":false},"featured_media":11515,"template":"","meta":{"_acf_changed":false,"_genesis_title":"","_genesis_description":""},"product_brand":[6916],"product_cat":[410,416,467,413],"product_tag":[],"class_list":{"0":"post-11518","1":"product","2":"type-product","3":"status-publish","4":"has-post-thumbnail","6":"product_brand-eliassen-de","7":"product_cat-gemaelde","8":"product_cat-aluminium-gemaelde","9":"product_cat-gemaelde-mit-mehreren-tafeln","10":"product_cat-gemaelde-outlet","12":"first","13":"instock","14":"sale","15":"taxable","16":"shipping-taxable","17":"purchasable","18":"product-type-simple"},"acf":[],"meta_all":{"total_sales":"1","wcml_sync_hash":{"postmeta_fields":"9ba32924c8886a10cf107d51a10377c3"},"attr_label_translations":[]},"meta_all_flat":{"total_sales":"1","wcml_sync_hash.postmeta_fields":"9ba32924c8886a10cf107d51a10377c3"},"yoast_head":"<!-- This site is optimized with the Yoast SEO Premium plugin v26.2 (Yoast SEO v27.2) - https:\/\/yoast.com\/product\/yoast-seo-premium-wordpress\/ -->\n<title>F\u00fcnfteilige Malerei BOMEN | Aluminium Malerei | 60x150cm<\/title>\n<meta name=\"description\" content=\"Baumgem\u00e4lde in Form eines f\u00fcnfteiligen Gem\u00e4ldes kaufen? Dieses Kunstwerk aus Aluminium zeigt sanfte blaue, graue und wei\u00dfe Farben. LIVE-VIEW!\" \/>\n<meta name=\"robots\" content=\"index, follow, max-snippet:-1, max-image-preview:large, max-video-preview:-1\" \/>\n<link rel=\"canonical\" href=\"https:\/\/www.eliassen.nl\/de\/bemalung-funfteiliger-baume-aus-aluminium-60x150cm\/\" \/>\n<meta property=\"og:locale\" content=\"de_DE\" \/>\n<meta property=\"og:type\" content=\"article\" \/>\n<meta property=\"og:title\" content=\"Eliassen Gem\u00e4lde Aluminium F\u00fcnf-Paneel B\u00e4ume 60x150cm - Eliassen.nl\" \/>\n<meta property=\"og:description\" content=\"Baumgem\u00e4lde in Form eines f\u00fcnfteiligen Gem\u00e4ldes kaufen? Dieses Kunstwerk aus Aluminium zeigt sanfte blaue, graue und wei\u00dfe Farben. LIVE-VIEW!\" \/>\n<meta property=\"og:url\" content=\"https:\/\/www.eliassen.nl\/de\/bemalung-funfteiliger-baume-aus-aluminium-60x150cm\/\" \/>\n<meta property=\"og:site_name\" content=\"Eliassen.nl\" \/>\n<meta property=\"article:publisher\" content=\"https:\/\/www.facebook.com\/TuincentrumEliassenAmmerzoden\" \/>\n<meta property=\"article:modified_time\" content=\"2026-01-07T11:03:15+00:00\" \/>\n<meta property=\"og:image\" content=\"https:\/\/www.eliassen.nl\/wp-content\/uploads\/2024\/01\/vijfluikschilderijbomen.jpg\" \/>\n\t<meta property=\"og:image:width\" content=\"2048\" \/>\n\t<meta property=\"og:image:height\" content=\"790\" \/>\n\t<meta property=\"og:image:type\" content=\"image\/jpeg\" \/>\n<meta name=\"twitter:card\" content=\"summary_large_image\" \/>\n<script type=\"application\/ld+json\" class=\"yoast-schema-graph\">{\"@context\":\"https:\/\/schema.org\",\"@graph\":[{\"@type\":\"WebPage\",\"@id\":\"https:\/\/www.eliassen.nl\/de\/bemalung-funfteiliger-baume-aus-aluminium-60x150cm\/\",\"url\":\"https:\/\/www.eliassen.nl\/de\/bemalung-funfteiliger-baume-aus-aluminium-60x150cm\/\",\"name\":\"F\u00fcnfteilige Malerei BOMEN | Aluminium Malerei | 60x150cm\",\"isPartOf\":{\"@id\":\"https:\/\/www.eliassen.nl\/de\/#website\"},\"primaryImageOfPage\":{\"@id\":\"https:\/\/www.eliassen.nl\/de\/bemalung-funfteiliger-baume-aus-aluminium-60x150cm\/#primaryimage\"},\"image\":{\"@id\":\"https:\/\/www.eliassen.nl\/de\/bemalung-funfteiliger-baume-aus-aluminium-60x150cm\/#primaryimage\"},\"thumbnailUrl\":\"https:\/\/www.eliassen.nl\/wp-content\/uploads\/2024\/01\/vijfluikschilderijbomen.jpg\",\"datePublished\":\"2019-10-28T17:18:08+00:00\",\"dateModified\":\"2026-01-07T11:03:15+00:00\",\"description\":\"Baumgem\u00e4lde in Form eines f\u00fcnfteiligen Gem\u00e4ldes kaufen? Dieses Kunstwerk aus Aluminium zeigt sanfte blaue, graue und wei\u00dfe Farben. LIVE-VIEW!\",\"breadcrumb\":{\"@id\":\"https:\/\/www.eliassen.nl\/de\/bemalung-funfteiliger-baume-aus-aluminium-60x150cm\/#breadcrumb\"},\"inLanguage\":\"de\",\"potentialAction\":[{\"@type\":\"ReadAction\",\"target\":[\"https:\/\/www.eliassen.nl\/de\/bemalung-funfteiliger-baume-aus-aluminium-60x150cm\/\"]}]},{\"@type\":\"ImageObject\",\"inLanguage\":\"de\",\"@id\":\"https:\/\/www.eliassen.nl\/de\/bemalung-funfteiliger-baume-aus-aluminium-60x150cm\/#primaryimage\",\"url\":\"https:\/\/www.eliassen.nl\/wp-content\/uploads\/2024\/01\/vijfluikschilderijbomen.jpg\",\"contentUrl\":\"https:\/\/www.eliassen.nl\/wp-content\/uploads\/2024\/01\/vijfluikschilderijbomen.jpg\",\"width\":2048,\"height\":790,\"caption\":\"F\u00fcnf-Tafel-Gem\u00e4lde B\u00e4ume\"},{\"@type\":\"BreadcrumbList\",\"@id\":\"https:\/\/www.eliassen.nl\/de\/bemalung-funfteiliger-baume-aus-aluminium-60x150cm\/#breadcrumb\",\"itemListElement\":[{\"@type\":\"ListItem\",\"position\":1,\"name\":\"Home\",\"item\":\"https:\/\/www.eliassen.nl\/de\/\"},{\"@type\":\"ListItem\",\"position\":2,\"name\":\"Shop\",\"item\":\"https:\/\/www.eliassen.nl\/de\/shop\/\"},{\"@type\":\"ListItem\",\"position\":3,\"name\":\"Gem\u00e4lde\",\"item\":\"https:\/\/www.eliassen.nl\/de\/gemaelde\/\"},{\"@type\":\"ListItem\",\"position\":4,\"name\":\"Gem\u00e4lde aus Aluminium\",\"item\":\"https:\/\/www.eliassen.nl\/de\/gemaelde\/aluminium-gemaelde\/\"},{\"@type\":\"ListItem\",\"position\":5,\"name\":\"Gem\u00e4lde Aluminium F\u00fcnf-Paneel B\u00e4ume 60x150cm\"}]},{\"@type\":\"WebSite\",\"@id\":\"https:\/\/www.eliassen.nl\/de\/#website\",\"url\":\"https:\/\/www.eliassen.nl\/de\/\",\"name\":\"Eliassen Home & Garden Pleasure\",\"description\":\"\",\"publisher\":{\"@id\":\"https:\/\/www.eliassen.nl\/de\/#organization\"},\"alternateName\":\"Eliassen.nl\",\"potentialAction\":[{\"@type\":\"SearchAction\",\"target\":{\"@type\":\"EntryPoint\",\"urlTemplate\":\"https:\/\/www.eliassen.nl\/de\/?s={search_term_string}\"},\"query-input\":{\"@type\":\"PropertyValueSpecification\",\"valueRequired\":true,\"valueName\":\"search_term_string\"}}],\"inLanguage\":\"de\"},{\"@type\":[\"Organization\",\"Place\"],\"@id\":\"https:\/\/www.eliassen.nl\/de\/#organization\",\"name\":\"Eliassen Home & Garden Pleasure\",\"url\":\"https:\/\/www.eliassen.nl\/de\/\",\"logo\":{\"@id\":\"https:\/\/www.eliassen.nl\/de\/bemalung-funfteiliger-baume-aus-aluminium-60x150cm\/#local-main-organization-logo\"},\"image\":{\"@id\":\"https:\/\/www.eliassen.nl\/de\/bemalung-funfteiliger-baume-aus-aluminium-60x150cm\/#local-main-organization-logo\"},\"sameAs\":[\"https:\/\/www.facebook.com\/TuincentrumEliassenAmmerzoden\",\"https:\/\/www.instagram.com\/eliassenhomeandgarden\/\",\"https:\/\/nl.pinterest.com\/eliassenhomeandgarden\/\",\"https:\/\/www.youtube.com\/@eliassenhomegardenpleasure4558\"],\"telephone\":[],\"openingHoursSpecification\":[{\"@type\":\"OpeningHoursSpecification\",\"dayOfWeek\":[\"Monday\",\"Tuesday\",\"Wednesday\",\"Thursday\",\"Friday\",\"Saturday\",\"Sunday\"],\"opens\":\"09:00\",\"closes\":\"17:00\"}]},{\"@type\":\"ImageObject\",\"inLanguage\":\"de\",\"@id\":\"https:\/\/www.eliassen.nl\/de\/bemalung-funfteiliger-baume-aus-aluminium-60x150cm\/#local-main-organization-logo\",\"url\":\"https:\/\/www.eliassen.nl\/wp-content\/uploads\/2024\/01\/logo_4nd.jpg\",\"contentUrl\":\"https:\/\/www.eliassen.nl\/wp-content\/uploads\/2024\/01\/logo_4nd.jpg\",\"width\":500,\"height\":500,\"caption\":\"Eliassen Home & Garden Pleasure\"}]}<\/script>\n<meta property=\"product:price:amount\" content=\"63.00\" \/>\n<meta property=\"product:price:currency\" content=\"EUR\" \/>\n<meta property=\"og:availability\" content=\"instock\" \/>\n<meta property=\"product:availability\" content=\"instock\" \/>\n<meta property=\"product:retailer_item_id\" content=\"Lb447\" \/>\n<meta property=\"product:condition\" content=\"new\" \/>\n<!-- \/ Yoast SEO Premium plugin. -->","yoast_head_json":{"title":"F\u00fcnfteilige Malerei BOMEN | Aluminium Malerei | 60x150cm","description":"Baumgem\u00e4lde in Form eines f\u00fcnfteiligen Gem\u00e4ldes kaufen? Dieses Kunstwerk aus Aluminium zeigt sanfte blaue, graue und wei\u00dfe Farben. LIVE-VIEW!","robots":{"index":"index","follow":"follow","max-snippet":"max-snippet:-1","max-image-preview":"max-image-preview:large","max-video-preview":"max-video-preview:-1"},"canonical":"https:\/\/www.eliassen.nl\/de\/bemalung-funfteiliger-baume-aus-aluminium-60x150cm\/","og_locale":"de_DE","og_type":"article","og_title":"Eliassen Gem\u00e4lde Aluminium F\u00fcnf-Paneel B\u00e4ume 60x150cm - Eliassen.nl","og_description":"Baumgem\u00e4lde in Form eines f\u00fcnfteiligen Gem\u00e4ldes kaufen? Dieses Kunstwerk aus Aluminium zeigt sanfte blaue, graue und wei\u00dfe Farben. LIVE-VIEW!","og_url":"https:\/\/www.eliassen.nl\/de\/bemalung-funfteiliger-baume-aus-aluminium-60x150cm\/","og_site_name":"Eliassen.nl","article_publisher":"https:\/\/www.facebook.com\/TuincentrumEliassenAmmerzoden","article_modified_time":"2026-01-07T11:03:15+00:00","og_image":[{"width":2048,"height":790,"url":"https:\/\/www.eliassen.nl\/wp-content\/uploads\/2024\/01\/vijfluikschilderijbomen.jpg","type":"image\/jpeg"}],"twitter_card":"summary_large_image","schema":{"@context":"https:\/\/schema.org","@graph":[{"@type":"WebPage","@id":"https:\/\/www.eliassen.nl\/de\/bemalung-funfteiliger-baume-aus-aluminium-60x150cm\/","url":"https:\/\/www.eliassen.nl\/de\/bemalung-funfteiliger-baume-aus-aluminium-60x150cm\/","name":"F\u00fcnfteilige Malerei BOMEN | Aluminium Malerei | 60x150cm","isPartOf":{"@id":"https:\/\/www.eliassen.nl\/de\/#website"},"primaryImageOfPage":{"@id":"https:\/\/www.eliassen.nl\/de\/bemalung-funfteiliger-baume-aus-aluminium-60x150cm\/#primaryimage"},"image":{"@id":"https:\/\/www.eliassen.nl\/de\/bemalung-funfteiliger-baume-aus-aluminium-60x150cm\/#primaryimage"},"thumbnailUrl":"https:\/\/www.eliassen.nl\/wp-content\/uploads\/2024\/01\/vijfluikschilderijbomen.jpg","datePublished":"2019-10-28T17:18:08+00:00","dateModified":"2026-01-07T11:03:15+00:00","description":"Baumgem\u00e4lde in Form eines f\u00fcnfteiligen Gem\u00e4ldes kaufen? Dieses Kunstwerk aus Aluminium zeigt sanfte blaue, graue und wei\u00dfe Farben. LIVE-VIEW!","breadcrumb":{"@id":"https:\/\/www.eliassen.nl\/de\/bemalung-funfteiliger-baume-aus-aluminium-60x150cm\/#breadcrumb"},"inLanguage":"de","potentialAction":[{"@type":"ReadAction","target":["https:\/\/www.eliassen.nl\/de\/bemalung-funfteiliger-baume-aus-aluminium-60x150cm\/"]}]},{"@type":"ImageObject","inLanguage":"de","@id":"https:\/\/www.eliassen.nl\/de\/bemalung-funfteiliger-baume-aus-aluminium-60x150cm\/#primaryimage","url":"https:\/\/www.eliassen.nl\/wp-content\/uploads\/2024\/01\/vijfluikschilderijbomen.jpg","contentUrl":"https:\/\/www.eliassen.nl\/wp-content\/uploads\/2024\/01\/vijfluikschilderijbomen.jpg","width":2048,"height":790,"caption":"F\u00fcnf-Tafel-Gem\u00e4lde B\u00e4ume"},{"@type":"BreadcrumbList","@id":"https:\/\/www.eliassen.nl\/de\/bemalung-funfteiliger-baume-aus-aluminium-60x150cm\/#breadcrumb","itemListElement":[{"@type":"ListItem","position":1,"name":"Home","item":"https:\/\/www.eliassen.nl\/de\/"},{"@type":"ListItem","position":2,"name":"Shop","item":"https:\/\/www.eliassen.nl\/de\/shop\/"},{"@type":"ListItem","position":3,"name":"Gem\u00e4lde","item":"https:\/\/www.eliassen.nl\/de\/gemaelde\/"},{"@type":"ListItem","position":4,"name":"Gem\u00e4lde aus Aluminium","item":"https:\/\/www.eliassen.nl\/de\/gemaelde\/aluminium-gemaelde\/"},{"@type":"ListItem","position":5,"name":"Gem\u00e4lde Aluminium F\u00fcnf-Paneel B\u00e4ume 60x150cm"}]},{"@type":"WebSite","@id":"https:\/\/www.eliassen.nl\/de\/#website","url":"https:\/\/www.eliassen.nl\/de\/","name":"Eliassen Home & Garden Pleasure","description":"","publisher":{"@id":"https:\/\/www.eliassen.nl\/de\/#organization"},"alternateName":"Eliassen.nl","potentialAction":[{"@type":"SearchAction","target":{"@type":"EntryPoint","urlTemplate":"https:\/\/www.eliassen.nl\/de\/?s={search_term_string}"},"query-input":{"@type":"PropertyValueSpecification","valueRequired":true,"valueName":"search_term_string"}}],"inLanguage":"de"},{"@type":["Organization","Place"],"@id":"https:\/\/www.eliassen.nl\/de\/#organization","name":"Eliassen Home & Garden Pleasure","url":"https:\/\/www.eliassen.nl\/de\/","logo":{"@id":"https:\/\/www.eliassen.nl\/de\/bemalung-funfteiliger-baume-aus-aluminium-60x150cm\/#local-main-organization-logo"},"image":{"@id":"https:\/\/www.eliassen.nl\/de\/bemalung-funfteiliger-baume-aus-aluminium-60x150cm\/#local-main-organization-logo"},"sameAs":["https:\/\/www.facebook.com\/TuincentrumEliassenAmmerzoden","https:\/\/www.instagram.com\/eliassenhomeandgarden\/","https:\/\/nl.pinterest.com\/eliassenhomeandgarden\/","https:\/\/www.youtube.com\/@eliassenhomegardenpleasure4558"],"telephone":[],"openingHoursSpecification":[{"@type":"OpeningHoursSpecification","dayOfWeek":["Monday","Tuesday","Wednesday","Thursday","Friday","Saturday","Sunday"],"opens":"09:00","closes":"17:00"}]},{"@type":"ImageObject","inLanguage":"de","@id":"https:\/\/www.eliassen.nl\/de\/bemalung-funfteiliger-baume-aus-aluminium-60x150cm\/#local-main-organization-logo","url":"https:\/\/www.eliassen.nl\/wp-content\/uploads\/2024\/01\/logo_4nd.jpg","contentUrl":"https:\/\/www.eliassen.nl\/wp-content\/uploads\/2024\/01\/logo_4nd.jpg","width":500,"height":500,"caption":"Eliassen Home & Garden Pleasure"}]},"product_price_amount":"63.00","product_price_currency":"EUR","og_availability":"instock","product_availability":"instock","product_retailer_item_id":"Lb447","product_condition":"new"},"df_price":63,"df_sale_price":63,"df_regular_price":210,"df_image_link":"https:\/\/www.eliassen.nl\/wp-content\/uploads\/2024\/01\/vijfluikschilderijbomen.jpg","image":"https:\/\/www.eliassen.nl\/wp-content\/uploads\/2024\/01\/vijfluikschilderijbomen.jpg","price_search":"<span class=\"woocommerce-Price-amount amount\"><bdi><span class=\"woocommerce-Price-currencySymbol\">&euro;<\/span>&nbsp;63,00<\/bdi><\/span>","category":"Gem\u00e4lde","global_unique_id":"7446038187192","_links":{"self":[{"href":"https:\/\/www.eliassen.nl\/de\/wp-json\/wp\/v2\/product\/11518","targetHints":{"allow":["GET"]}}],"collection":[{"href":"https:\/\/www.eliassen.nl\/de\/wp-json\/wp\/v2\/product"}],"about":[{"href":"https:\/\/www.eliassen.nl\/de\/wp-json\/wp\/v2\/types\/product"}],"wp:featuredmedia":[{"embeddable":true,"href":"https:\/\/www.eliassen.nl\/de\/wp-json\/wp\/v2\/media\/11515"}],"wp:attachment":[{"href":"https:\/\/www.eliassen.nl\/de\/wp-json\/wp\/v2\/media?parent=11518"}],"wp:term":[{"taxonomy":"product_brand","embeddable":true,"href":"https:\/\/www.eliassen.nl\/de\/wp-json\/wp\/v2\/product_brand?post=11518"},{"taxonomy":"product_cat","embeddable":true,"href":"https:\/\/www.eliassen.nl\/de\/wp-json\/wp\/v2\/product_cat?post=11518"},{"taxonomy":"product_tag","embeddable":true,"href":"https:\/\/www.eliassen.nl\/de\/wp-json\/wp\/v2\/product_tag?post=11518"}],"curies":[{"name":"wp","href":"https:\/\/api.w.org\/{rel}","templated":true}]}}