{"id":11233,"date":"2019-10-28T17:16:13","date_gmt":"2019-10-28T16:16:13","guid":{"rendered":"https:\/\/www.eliassen.nl\/?product=dragonstone-pedestal-blenheim-pl18"},"modified":"2025-10-04T13:12:59","modified_gmt":"2025-10-04T11:12:59","slug":"sockel-blenheim-pl18-48cm","status":"publish","type":"product","link":"https:\/\/www.eliassen.nl\/de\/sockel-blenheim-pl18-48cm\/","title":{"rendered":"Sockel Blenheim PL18 48cm"},"content":{"rendered":"<p>Holen Sie sich die l\u00e4ndliche Atmosph\u00e4re in Ihren Garten mit diesem originalen Steingusssockel von Dragonstone. Mit diesem attraktiven originalen Steingusssockel aus England mit einer sch\u00f6nen Farbe bringen Sie die typische Cottage-Atmosph\u00e4re in Ihren Garten. Diese Betonsockel sind aus sehr hochwertigem Steinguss gefertigt, was eine sehr lange Lebensdauer garantiert. Die Sockel sind wundersch\u00f6n detailliert und die meisten Modelle sind mit dem Dragonstone-Logo versehen. Wenn Sie diesen Sockel einpflanzen m\u00f6chten, empfehlen wir immer eine Schicht Tongranulat in VORSICHT F\u00dcR NAMEN. Dieser 81kg schwere Sockel hat eine H\u00f6he von 48cm und einen Durchmesser von 42cm.<br \/>\n<strong>Wir haben viele Exemplare dieser Serie auf Lager. Rufen Sie uns an oder schicken Sie uns eine E-Mail f\u00fcr weitere Informationen.<\/strong><\/p>\n<ul>\n<li>H\u00f6he: 48cm<\/li>\n<li>Durchmesser: 42cm<\/li>\n<li>Gewicht: 81kg<\/li>\n<li>Fu\u00dfgr\u00f6\u00dfe: 30cm<\/li>\n<li>1 Jahr Garantie<\/li>\n<li>Schnelle Lieferung<\/li>\n<\/ul>\n","protected":false},"excerpt":{"rendered":"<p>42x48cm und 81kg<br \/>\nBlenheim Sockels\u00e4ule<\/p>\n","protected":false},"featured_media":11221,"template":"","meta":{"_acf_changed":false,"_genesis_title":"","_genesis_description":""},"product_brand":[6922],"product_cat":[716,791,677,722,733,7343,782,7239],"product_tag":[],"class_list":{"0":"post-11233","1":"product","2":"type-product","3":"status-publish","4":"has-post-thumbnail","6":"product_brand-dragonstone-de","7":"product_cat-betonsockel","9":"product_cat-betonstatuen","10":"product_cat-blumentoepfe-und-pflanzgefaesse","11":"product_cat-englische-gartenvasen","12":"product_cat-klassische-gartenvasen-de","13":"product_cat-sockel","14":"product_cat-bilder","16":"first","17":"instock","18":"taxable","19":"shipping-taxable","20":"purchasable","21":"product-type-simple"},"acf":[],"meta_all":{"total_sales":"1","wcml_sync_hash":{"postmeta_fields":"423810379b82b1d95cb1185c6ba351fc"},"attr_label_translations":[]},"meta_all_flat":{"total_sales":"1","wcml_sync_hash.postmeta_fields":"423810379b82b1d95cb1185c6ba351fc"},"yoast_head":"<!-- This site is optimized with the Yoast SEO Premium plugin v26.2 (Yoast SEO v27.2) - https:\/\/yoast.com\/product\/yoast-seo-premium-wordpress\/ -->\n<title>Sockel Blenheim PL18<\/title>\n<meta name=\"description\" content=\"Blenheim Sockels\u00e4ule\" \/>\n<meta name=\"robots\" content=\"index, follow, max-snippet:-1, max-image-preview:large, max-video-preview:-1\" \/>\n<link rel=\"canonical\" href=\"https:\/\/www.eliassen.nl\/de\/sockel-blenheim-pl18-48cm\/\" \/>\n<meta property=\"og:locale\" content=\"de_DE\" \/>\n<meta property=\"og:type\" content=\"article\" \/>\n<meta property=\"og:title\" content=\"Dragonstone Sockel Blenheim PL18 48cm - Eliassen.nl\" \/>\n<meta property=\"og:description\" content=\"Blenheim Sockels\u00e4ule\" \/>\n<meta property=\"og:url\" content=\"https:\/\/www.eliassen.nl\/de\/sockel-blenheim-pl18-48cm\/\" \/>\n<meta property=\"og:site_name\" content=\"Eliassen.nl\" \/>\n<meta property=\"article:publisher\" content=\"https:\/\/www.facebook.com\/TuincentrumEliassenAmmerzoden\" \/>\n<meta property=\"article:modified_time\" content=\"2025-10-04T11:12:59+00:00\" \/>\n<meta property=\"og:image\" content=\"https:\/\/www.eliassen.nl\/wp-content\/uploads\/2024\/01\/mijnproject20221004t121700422.png\" \/>\n\t<meta property=\"og:image:width\" content=\"1024\" \/>\n\t<meta property=\"og:image:height\" content=\"1000\" \/>\n\t<meta property=\"og:image:type\" content=\"image\/png\" \/>\n<meta name=\"twitter:card\" content=\"summary_large_image\" \/>\n<script type=\"application\/ld+json\" class=\"yoast-schema-graph\">{\"@context\":\"https:\/\/schema.org\",\"@graph\":[{\"@type\":\"WebPage\",\"@id\":\"https:\/\/www.eliassen.nl\/de\/sockel-blenheim-pl18-48cm\/\",\"url\":\"https:\/\/www.eliassen.nl\/de\/sockel-blenheim-pl18-48cm\/\",\"name\":\"Sockel Blenheim PL18\",\"isPartOf\":{\"@id\":\"https:\/\/www.eliassen.nl\/de\/#website\"},\"primaryImageOfPage\":{\"@id\":\"https:\/\/www.eliassen.nl\/de\/sockel-blenheim-pl18-48cm\/#primaryimage\"},\"image\":{\"@id\":\"https:\/\/www.eliassen.nl\/de\/sockel-blenheim-pl18-48cm\/#primaryimage\"},\"thumbnailUrl\":\"https:\/\/www.eliassen.nl\/wp-content\/uploads\/2024\/01\/mijnproject20221004t121700422.png\",\"datePublished\":\"2019-10-28T16:16:13+00:00\",\"dateModified\":\"2025-10-04T11:12:59+00:00\",\"description\":\"Blenheim Sockels\u00e4ule\",\"breadcrumb\":{\"@id\":\"https:\/\/www.eliassen.nl\/de\/sockel-blenheim-pl18-48cm\/#breadcrumb\"},\"inLanguage\":\"de\",\"potentialAction\":[{\"@type\":\"ReadAction\",\"target\":[\"https:\/\/www.eliassen.nl\/de\/sockel-blenheim-pl18-48cm\/\"]}]},{\"@type\":\"ImageObject\",\"inLanguage\":\"de\",\"@id\":\"https:\/\/www.eliassen.nl\/de\/sockel-blenheim-pl18-48cm\/#primaryimage\",\"url\":\"https:\/\/www.eliassen.nl\/wp-content\/uploads\/2024\/01\/mijnproject20221004t121700422.png\",\"contentUrl\":\"https:\/\/www.eliassen.nl\/wp-content\/uploads\/2024\/01\/mijnproject20221004t121700422.png\",\"width\":1024,\"height\":1000,\"caption\":\"Mein Projekt - 2022-10-04T121700.422\"},{\"@type\":\"BreadcrumbList\",\"@id\":\"https:\/\/www.eliassen.nl\/de\/sockel-blenheim-pl18-48cm\/#breadcrumb\",\"itemListElement\":[{\"@type\":\"ListItem\",\"position\":1,\"name\":\"Home\",\"item\":\"https:\/\/www.eliassen.nl\/de\/\"},{\"@type\":\"ListItem\",\"position\":2,\"name\":\"Shop\",\"item\":\"https:\/\/www.eliassen.nl\/de\/shop\/\"},{\"@type\":\"ListItem\",\"position\":3,\"name\":\"Blument\u00f6pfe und Pflanzgef\u00e4\u00dfe\",\"item\":\"https:\/\/www.eliassen.nl\/de\/blumentoepfe-und-pflanzgefaesse\/\"},{\"@type\":\"ListItem\",\"position\":4,\"name\":\"Klassische Gartenvasen\",\"item\":\"https:\/\/www.eliassen.nl\/de\/product-categorie\/blumentoepfe-und-pflanzgefaesse\/klassische-gartenvasen-de\/\"},{\"@type\":\"ListItem\",\"position\":5,\"name\":\"Englische Gartenvasen\",\"item\":\"https:\/\/www.eliassen.nl\/de\/blumentoepfe-und-pflanzgefaesse\/klassische-gartenvasen\/englische-gartenvasen\/\"},{\"@type\":\"ListItem\",\"position\":6,\"name\":\"Sockel Blenheim PL18 48cm\"}]},{\"@type\":\"WebSite\",\"@id\":\"https:\/\/www.eliassen.nl\/de\/#website\",\"url\":\"https:\/\/www.eliassen.nl\/de\/\",\"name\":\"Eliassen Home & Garden Pleasure\",\"description\":\"\",\"publisher\":{\"@id\":\"https:\/\/www.eliassen.nl\/de\/#organization\"},\"alternateName\":\"Eliassen.nl\",\"potentialAction\":[{\"@type\":\"SearchAction\",\"target\":{\"@type\":\"EntryPoint\",\"urlTemplate\":\"https:\/\/www.eliassen.nl\/de\/?s={search_term_string}\"},\"query-input\":{\"@type\":\"PropertyValueSpecification\",\"valueRequired\":true,\"valueName\":\"search_term_string\"}}],\"inLanguage\":\"de\"},{\"@type\":[\"Organization\",\"Place\"],\"@id\":\"https:\/\/www.eliassen.nl\/de\/#organization\",\"name\":\"Eliassen Home & Garden Pleasure\",\"url\":\"https:\/\/www.eliassen.nl\/de\/\",\"logo\":{\"@id\":\"https:\/\/www.eliassen.nl\/de\/sockel-blenheim-pl18-48cm\/#local-main-organization-logo\"},\"image\":{\"@id\":\"https:\/\/www.eliassen.nl\/de\/sockel-blenheim-pl18-48cm\/#local-main-organization-logo\"},\"sameAs\":[\"https:\/\/www.facebook.com\/TuincentrumEliassenAmmerzoden\",\"https:\/\/www.instagram.com\/eliassenhomeandgarden\/\",\"https:\/\/nl.pinterest.com\/eliassenhomeandgarden\/\",\"https:\/\/www.youtube.com\/@eliassenhomegardenpleasure4558\"],\"telephone\":[],\"openingHoursSpecification\":[{\"@type\":\"OpeningHoursSpecification\",\"dayOfWeek\":[\"Monday\",\"Tuesday\",\"Wednesday\",\"Thursday\",\"Friday\",\"Saturday\",\"Sunday\"],\"opens\":\"09:00\",\"closes\":\"17:00\"}]},{\"@type\":\"ImageObject\",\"inLanguage\":\"de\",\"@id\":\"https:\/\/www.eliassen.nl\/de\/sockel-blenheim-pl18-48cm\/#local-main-organization-logo\",\"url\":\"https:\/\/www.eliassen.nl\/wp-content\/uploads\/2024\/01\/logo_4nd.jpg\",\"contentUrl\":\"https:\/\/www.eliassen.nl\/wp-content\/uploads\/2024\/01\/logo_4nd.jpg\",\"width\":500,\"height\":500,\"caption\":\"Eliassen Home & Garden Pleasure\"}]}<\/script>\n<meta property=\"product:price:amount\" content=\"199.00\" \/>\n<meta property=\"product:price:currency\" content=\"EUR\" \/>\n<meta property=\"og:availability\" content=\"instock\" \/>\n<meta property=\"product:availability\" content=\"instock\" \/>\n<meta property=\"product:retailer_item_id\" content=\"Pl18\" \/>\n<meta property=\"product:condition\" content=\"new\" \/>\n<!-- \/ Yoast SEO Premium plugin. -->","yoast_head_json":{"title":"Sockel Blenheim PL18","description":"Blenheim Sockels\u00e4ule","robots":{"index":"index","follow":"follow","max-snippet":"max-snippet:-1","max-image-preview":"max-image-preview:large","max-video-preview":"max-video-preview:-1"},"canonical":"https:\/\/www.eliassen.nl\/de\/sockel-blenheim-pl18-48cm\/","og_locale":"de_DE","og_type":"article","og_title":"Dragonstone Sockel Blenheim PL18 48cm - Eliassen.nl","og_description":"Blenheim Sockels\u00e4ule","og_url":"https:\/\/www.eliassen.nl\/de\/sockel-blenheim-pl18-48cm\/","og_site_name":"Eliassen.nl","article_publisher":"https:\/\/www.facebook.com\/TuincentrumEliassenAmmerzoden","article_modified_time":"2025-10-04T11:12:59+00:00","og_image":[{"width":1024,"height":1000,"url":"https:\/\/www.eliassen.nl\/wp-content\/uploads\/2024\/01\/mijnproject20221004t121700422.png","type":"image\/png"}],"twitter_card":"summary_large_image","schema":{"@context":"https:\/\/schema.org","@graph":[{"@type":"WebPage","@id":"https:\/\/www.eliassen.nl\/de\/sockel-blenheim-pl18-48cm\/","url":"https:\/\/www.eliassen.nl\/de\/sockel-blenheim-pl18-48cm\/","name":"Sockel Blenheim PL18","isPartOf":{"@id":"https:\/\/www.eliassen.nl\/de\/#website"},"primaryImageOfPage":{"@id":"https:\/\/www.eliassen.nl\/de\/sockel-blenheim-pl18-48cm\/#primaryimage"},"image":{"@id":"https:\/\/www.eliassen.nl\/de\/sockel-blenheim-pl18-48cm\/#primaryimage"},"thumbnailUrl":"https:\/\/www.eliassen.nl\/wp-content\/uploads\/2024\/01\/mijnproject20221004t121700422.png","datePublished":"2019-10-28T16:16:13+00:00","dateModified":"2025-10-04T11:12:59+00:00","description":"Blenheim Sockels\u00e4ule","breadcrumb":{"@id":"https:\/\/www.eliassen.nl\/de\/sockel-blenheim-pl18-48cm\/#breadcrumb"},"inLanguage":"de","potentialAction":[{"@type":"ReadAction","target":["https:\/\/www.eliassen.nl\/de\/sockel-blenheim-pl18-48cm\/"]}]},{"@type":"ImageObject","inLanguage":"de","@id":"https:\/\/www.eliassen.nl\/de\/sockel-blenheim-pl18-48cm\/#primaryimage","url":"https:\/\/www.eliassen.nl\/wp-content\/uploads\/2024\/01\/mijnproject20221004t121700422.png","contentUrl":"https:\/\/www.eliassen.nl\/wp-content\/uploads\/2024\/01\/mijnproject20221004t121700422.png","width":1024,"height":1000,"caption":"Mein Projekt - 2022-10-04T121700.422"},{"@type":"BreadcrumbList","@id":"https:\/\/www.eliassen.nl\/de\/sockel-blenheim-pl18-48cm\/#breadcrumb","itemListElement":[{"@type":"ListItem","position":1,"name":"Home","item":"https:\/\/www.eliassen.nl\/de\/"},{"@type":"ListItem","position":2,"name":"Shop","item":"https:\/\/www.eliassen.nl\/de\/shop\/"},{"@type":"ListItem","position":3,"name":"Blument\u00f6pfe und Pflanzgef\u00e4\u00dfe","item":"https:\/\/www.eliassen.nl\/de\/blumentoepfe-und-pflanzgefaesse\/"},{"@type":"ListItem","position":4,"name":"Klassische Gartenvasen","item":"https:\/\/www.eliassen.nl\/de\/product-categorie\/blumentoepfe-und-pflanzgefaesse\/klassische-gartenvasen-de\/"},{"@type":"ListItem","position":5,"name":"Englische Gartenvasen","item":"https:\/\/www.eliassen.nl\/de\/blumentoepfe-und-pflanzgefaesse\/klassische-gartenvasen\/englische-gartenvasen\/"},{"@type":"ListItem","position":6,"name":"Sockel Blenheim PL18 48cm"}]},{"@type":"WebSite","@id":"https:\/\/www.eliassen.nl\/de\/#website","url":"https:\/\/www.eliassen.nl\/de\/","name":"Eliassen Home & Garden Pleasure","description":"","publisher":{"@id":"https:\/\/www.eliassen.nl\/de\/#organization"},"alternateName":"Eliassen.nl","potentialAction":[{"@type":"SearchAction","target":{"@type":"EntryPoint","urlTemplate":"https:\/\/www.eliassen.nl\/de\/?s={search_term_string}"},"query-input":{"@type":"PropertyValueSpecification","valueRequired":true,"valueName":"search_term_string"}}],"inLanguage":"de"},{"@type":["Organization","Place"],"@id":"https:\/\/www.eliassen.nl\/de\/#organization","name":"Eliassen Home & Garden Pleasure","url":"https:\/\/www.eliassen.nl\/de\/","logo":{"@id":"https:\/\/www.eliassen.nl\/de\/sockel-blenheim-pl18-48cm\/#local-main-organization-logo"},"image":{"@id":"https:\/\/www.eliassen.nl\/de\/sockel-blenheim-pl18-48cm\/#local-main-organization-logo"},"sameAs":["https:\/\/www.facebook.com\/TuincentrumEliassenAmmerzoden","https:\/\/www.instagram.com\/eliassenhomeandgarden\/","https:\/\/nl.pinterest.com\/eliassenhomeandgarden\/","https:\/\/www.youtube.com\/@eliassenhomegardenpleasure4558"],"telephone":[],"openingHoursSpecification":[{"@type":"OpeningHoursSpecification","dayOfWeek":["Monday","Tuesday","Wednesday","Thursday","Friday","Saturday","Sunday"],"opens":"09:00","closes":"17:00"}]},{"@type":"ImageObject","inLanguage":"de","@id":"https:\/\/www.eliassen.nl\/de\/sockel-blenheim-pl18-48cm\/#local-main-organization-logo","url":"https:\/\/www.eliassen.nl\/wp-content\/uploads\/2024\/01\/logo_4nd.jpg","contentUrl":"https:\/\/www.eliassen.nl\/wp-content\/uploads\/2024\/01\/logo_4nd.jpg","width":500,"height":500,"caption":"Eliassen Home & Garden Pleasure"}]},"product_price_amount":"199.00","product_price_currency":"EUR","og_availability":"instock","product_availability":"instock","product_retailer_item_id":"Pl18","product_condition":"new"},"df_price":199,"df_sale_price":"","df_regular_price":199,"df_image_link":"https:\/\/www.eliassen.nl\/wp-content\/uploads\/2024\/01\/mijnproject20221004t121700422.png","image":"https:\/\/www.eliassen.nl\/wp-content\/uploads\/2024\/01\/mijnproject20221004t121700422.png","price_search":"<span class=\"woocommerce-Price-amount amount\"><bdi><span class=\"woocommerce-Price-currencySymbol\">&euro;<\/span>&nbsp;199,00<\/bdi><\/span>","category":"Betonsockel","global_unique_id":"5023507024350","_links":{"self":[{"href":"https:\/\/www.eliassen.nl\/de\/wp-json\/wp\/v2\/product\/11233","targetHints":{"allow":["GET"]}}],"collection":[{"href":"https:\/\/www.eliassen.nl\/de\/wp-json\/wp\/v2\/product"}],"about":[{"href":"https:\/\/www.eliassen.nl\/de\/wp-json\/wp\/v2\/types\/product"}],"wp:featuredmedia":[{"embeddable":true,"href":"https:\/\/www.eliassen.nl\/de\/wp-json\/wp\/v2\/media\/11221"}],"wp:attachment":[{"href":"https:\/\/www.eliassen.nl\/de\/wp-json\/wp\/v2\/media?parent=11233"}],"wp:term":[{"taxonomy":"product_brand","embeddable":true,"href":"https:\/\/www.eliassen.nl\/de\/wp-json\/wp\/v2\/product_brand?post=11233"},{"taxonomy":"product_cat","embeddable":true,"href":"https:\/\/www.eliassen.nl\/de\/wp-json\/wp\/v2\/product_cat?post=11233"},{"taxonomy":"product_tag","embeddable":true,"href":"https:\/\/www.eliassen.nl\/de\/wp-json\/wp\/v2\/product_tag?post=11233"}],"curies":[{"name":"wp","href":"https:\/\/api.w.org\/{rel}","templated":true}]}}