{"id":11056,"date":"2019-10-28T17:13:56","date_gmt":"2019-10-28T17:13:56","guid":{"rendered":"https:\/\/www.eliassen.nl\/?product=gesicht-mann"},"modified":"2026-01-16T13:22:29","modified_gmt":"2026-01-16T12:22:29","slug":"steinstatue-gesicht-mann","status":"publish","type":"product","link":"https:\/\/www.eliassen.nl\/de\/steinstatue-gesicht-mann\/","title":{"rendered":"Steinstatue Gesicht Mann 115cm"},"content":{"rendered":"<p>Wundersch\u00f6n ist dieses gro\u00dfe Gesicht eines Mannes, das perfekt detailliert und ergraut ist. Diese Statue ist aus hochwertigem, massivem Steinguss gefertigt, an dem Sie jahrelang Freude haben werden. Wunderbar in Ihrem Garten, aber sicherlich auch in gr\u00f6\u00dferen H\u00e4usern oder in\/neben Ihrem Gesch\u00e4ft. Steht stabil auf einer stabilen Bodenplatte.<br \/>\nTipp: Auch sehr geschmackvoll in Kombination mit dem Gesicht der Frau.<br \/>\nSehen Sie sich die Spezifikationen f\u00fcr weitere Details an.<\/p>\n<ul>\n<li>Massiver Kunststein<\/li>\n<li>Nat\u00fcrliche Farbe<\/li>\n<li>Gr\u00f6\u00dfe 67 cm breit und 115 cm hoch<\/li>\n<li>145 kg<\/li>\n<li>2 Jahre Garantie<\/li>\n<li>Wir sind bestrebt, dieses Produkt auch immer in unserem Ausstellungsraum zu haben, damit Sie dieses Modell auch live sehen k\u00f6nnen. Rufen Sie uns an oder mailen Sie uns, wenn Sie kommen m\u00f6chten, um Missverst\u00e4ndnisse zu vermeiden.<\/li>\n<\/ul>\n","protected":false},"excerpt":{"rendered":"<p>Wundersch\u00f6n ist dieses gro\u00dfe Gesicht eines Mannes, das perfekt detailliert und ergraut ist. Diese Statue ist aus hochwertigem, massivem Steinguss gefertigt, an dem Sie jahrelang Freude haben werden. Wunderbar in Ihrem Garten, aber sicherlich auch in gr\u00f6\u00dferen H\u00e4usern oder in\/neben Ihrem Gesch\u00e4ft. Steht stabil auf einer stabilen Bodenplatte. Tipp: Auch sehr geschmackvoll in Kombination mit &hellip;<\/p>\n","protected":false},"featured_media":11041,"template":"","meta":{"_acf_changed":false,"_genesis_title":"","_genesis_description":""},"product_brand":[6956],"product_cat":[704,677,7239],"product_tag":[],"class_list":{"0":"post-11056","1":"product","2":"type-product","3":"status-publish","4":"has-post-thumbnail","6":"product_brand-vidroflor-de","7":"product_cat-andere-modelle-gartenstatuen","8":"product_cat-betonstatuen","9":"product_cat-bilder","11":"first","12":"instock","13":"taxable","14":"shipping-taxable","15":"purchasable","16":"product-type-simple"},"acf":[],"meta_all":{"total_sales":"2","wcml_sync_hash":{"postmeta_fields":"3982ee3616438ff69866ad64b8f57780"},"attr_label_translations":[],"no_of_subscribers":"2","cor_restricted_countries":[]},"meta_all_flat":{"total_sales":"2","wcml_sync_hash.postmeta_fields":"3982ee3616438ff69866ad64b8f57780","no_of_subscribers":"2"},"yoast_head":"<!-- This site is optimized with the Yoast SEO Premium plugin v26.2 (Yoast SEO v27.2) - https:\/\/yoast.com\/product\/yoast-seo-premium-wordpress\/ -->\n<title>Steinskulptur Gesicht Mann | Eliassen<\/title>\n<meta name=\"description\" content=\"Bei Eliassen k\u00f6nnen Sie die Steinstatue Face Man online kaufen oder live im Ausstellungsraum betrachten. Wir haben die sch\u00f6nsten Steinstatuen, andere Modelle von Gartenstatuen\" \/>\n<meta name=\"robots\" content=\"index, follow, max-snippet:-1, max-image-preview:large, max-video-preview:-1\" \/>\n<link rel=\"canonical\" href=\"https:\/\/www.eliassen.nl\/de\/steinstatue-gesicht-mann\/\" \/>\n<meta property=\"og:locale\" content=\"de_DE\" \/>\n<meta property=\"og:type\" content=\"article\" \/>\n<meta property=\"og:title\" content=\"vidroflor Steinstatue Gesicht Mann 115cm - Eliassen.nl\" \/>\n<meta property=\"og:description\" content=\"Bei Eliassen k\u00f6nnen Sie die Steinstatue Face Man online kaufen oder live im Ausstellungsraum betrachten. Wir haben die sch\u00f6nsten Steinstatuen, andere Modelle von Gartenstatuen\" \/>\n<meta property=\"og:url\" content=\"https:\/\/www.eliassen.nl\/de\/steinstatue-gesicht-mann\/\" \/>\n<meta property=\"og:site_name\" content=\"Eliassen.nl\" \/>\n<meta property=\"article:publisher\" content=\"https:\/\/www.facebook.com\/TuincentrumEliassenAmmerzoden\" \/>\n<meta property=\"article:modified_time\" content=\"2026-01-16T12:22:29+00:00\" \/>\n<meta property=\"og:image\" content=\"https:\/\/www.eliassen.nl\/wp-content\/uploads\/2024\/01\/11_3nd.jpg\" \/>\n\t<meta property=\"og:image:width\" content=\"400\" \/>\n\t<meta property=\"og:image:height\" content=\"600\" \/>\n\t<meta property=\"og:image:type\" content=\"image\/jpeg\" \/>\n<meta name=\"twitter:card\" content=\"summary_large_image\" \/>\n<script type=\"application\/ld+json\" class=\"yoast-schema-graph\">{\"@context\":\"https:\/\/schema.org\",\"@graph\":[{\"@type\":\"WebPage\",\"@id\":\"https:\/\/www.eliassen.nl\/de\/steinstatue-gesicht-mann\/\",\"url\":\"https:\/\/www.eliassen.nl\/de\/steinstatue-gesicht-mann\/\",\"name\":\"Steinskulptur Gesicht Mann | Eliassen\",\"isPartOf\":{\"@id\":\"https:\/\/www.eliassen.nl\/de\/#website\"},\"primaryImageOfPage\":{\"@id\":\"https:\/\/www.eliassen.nl\/de\/steinstatue-gesicht-mann\/#primaryimage\"},\"image\":{\"@id\":\"https:\/\/www.eliassen.nl\/de\/steinstatue-gesicht-mann\/#primaryimage\"},\"thumbnailUrl\":\"https:\/\/www.eliassen.nl\/wp-content\/uploads\/2024\/01\/11_3nd.jpg\",\"datePublished\":\"2019-10-28T17:13:56+00:00\",\"dateModified\":\"2026-01-16T12:22:29+00:00\",\"description\":\"Bei Eliassen k\u00f6nnen Sie die Steinstatue Face Man online kaufen oder live im Ausstellungsraum betrachten. Wir haben die sch\u00f6nsten Steinstatuen, andere Modelle von Gartenstatuen\",\"breadcrumb\":{\"@id\":\"https:\/\/www.eliassen.nl\/de\/steinstatue-gesicht-mann\/#breadcrumb\"},\"inLanguage\":\"de\",\"potentialAction\":[{\"@type\":\"ReadAction\",\"target\":[\"https:\/\/www.eliassen.nl\/de\/steinstatue-gesicht-mann\/\"]}]},{\"@type\":\"ImageObject\",\"inLanguage\":\"de\",\"@id\":\"https:\/\/www.eliassen.nl\/de\/steinstatue-gesicht-mann\/#primaryimage\",\"url\":\"https:\/\/www.eliassen.nl\/wp-content\/uploads\/2024\/01\/11_3nd.jpg\",\"contentUrl\":\"https:\/\/www.eliassen.nl\/wp-content\/uploads\/2024\/01\/11_3nd.jpg\",\"width\":400,\"height\":600,\"caption\":\"11\"},{\"@type\":\"BreadcrumbList\",\"@id\":\"https:\/\/www.eliassen.nl\/de\/steinstatue-gesicht-mann\/#breadcrumb\",\"itemListElement\":[{\"@type\":\"ListItem\",\"position\":1,\"name\":\"Home\",\"item\":\"https:\/\/www.eliassen.nl\/de\/\"},{\"@type\":\"ListItem\",\"position\":2,\"name\":\"Shop\",\"item\":\"https:\/\/www.eliassen.nl\/de\/shop\/\"},{\"@type\":\"ListItem\",\"position\":3,\"name\":\"Bilder\",\"item\":\"https:\/\/www.eliassen.nl\/de\/bilder\/\"},{\"@type\":\"ListItem\",\"position\":4,\"name\":\"Betonstatuen\",\"item\":\"https:\/\/www.eliassen.nl\/de\/bilder\/betonstatuen\/\"},{\"@type\":\"ListItem\",\"position\":5,\"name\":\"Andere Modelle Gartenstatuen\",\"item\":\"https:\/\/www.eliassen.nl\/de\/bilder\/betonstatuen\/andere-modelle-gartenstatuen\/\"},{\"@type\":\"ListItem\",\"position\":6,\"name\":\"Steinstatue Gesicht Mann 115cm\"}]},{\"@type\":\"WebSite\",\"@id\":\"https:\/\/www.eliassen.nl\/de\/#website\",\"url\":\"https:\/\/www.eliassen.nl\/de\/\",\"name\":\"Eliassen Home & Garden Pleasure\",\"description\":\"\",\"publisher\":{\"@id\":\"https:\/\/www.eliassen.nl\/de\/#organization\"},\"alternateName\":\"Eliassen.nl\",\"potentialAction\":[{\"@type\":\"SearchAction\",\"target\":{\"@type\":\"EntryPoint\",\"urlTemplate\":\"https:\/\/www.eliassen.nl\/de\/?s={search_term_string}\"},\"query-input\":{\"@type\":\"PropertyValueSpecification\",\"valueRequired\":true,\"valueName\":\"search_term_string\"}}],\"inLanguage\":\"de\"},{\"@type\":[\"Organization\",\"Place\"],\"@id\":\"https:\/\/www.eliassen.nl\/de\/#organization\",\"name\":\"Eliassen Home & Garden Pleasure\",\"url\":\"https:\/\/www.eliassen.nl\/de\/\",\"logo\":{\"@id\":\"https:\/\/www.eliassen.nl\/de\/steinstatue-gesicht-mann\/#local-main-organization-logo\"},\"image\":{\"@id\":\"https:\/\/www.eliassen.nl\/de\/steinstatue-gesicht-mann\/#local-main-organization-logo\"},\"sameAs\":[\"https:\/\/www.facebook.com\/TuincentrumEliassenAmmerzoden\",\"https:\/\/www.instagram.com\/eliassenhomeandgarden\/\",\"https:\/\/nl.pinterest.com\/eliassenhomeandgarden\/\",\"https:\/\/www.youtube.com\/@eliassenhomegardenpleasure4558\"],\"telephone\":[],\"openingHoursSpecification\":[{\"@type\":\"OpeningHoursSpecification\",\"dayOfWeek\":[\"Monday\",\"Tuesday\",\"Wednesday\",\"Thursday\",\"Friday\",\"Saturday\",\"Sunday\"],\"opens\":\"09:00\",\"closes\":\"17:00\"}]},{\"@type\":\"ImageObject\",\"inLanguage\":\"de\",\"@id\":\"https:\/\/www.eliassen.nl\/de\/steinstatue-gesicht-mann\/#local-main-organization-logo\",\"url\":\"https:\/\/www.eliassen.nl\/wp-content\/uploads\/2024\/01\/logo_4nd.jpg\",\"contentUrl\":\"https:\/\/www.eliassen.nl\/wp-content\/uploads\/2024\/01\/logo_4nd.jpg\",\"width\":500,\"height\":500,\"caption\":\"Eliassen Home & Garden Pleasure\"}]}<\/script>\n<meta property=\"product:price:amount\" content=\"760.00\" \/>\n<meta property=\"product:price:currency\" content=\"EUR\" \/>\n<meta property=\"og:availability\" content=\"instock\" \/>\n<meta property=\"product:availability\" content=\"instock\" \/>\n<meta property=\"product:retailer_item_id\" content=\"8081\" \/>\n<meta property=\"product:condition\" content=\"new\" \/>\n<!-- \/ Yoast SEO Premium plugin. -->","yoast_head_json":{"title":"Steinskulptur Gesicht Mann | Eliassen","description":"Bei Eliassen k\u00f6nnen Sie die Steinstatue Face Man online kaufen oder live im Ausstellungsraum betrachten. Wir haben die sch\u00f6nsten Steinstatuen, andere Modelle von Gartenstatuen","robots":{"index":"index","follow":"follow","max-snippet":"max-snippet:-1","max-image-preview":"max-image-preview:large","max-video-preview":"max-video-preview:-1"},"canonical":"https:\/\/www.eliassen.nl\/de\/steinstatue-gesicht-mann\/","og_locale":"de_DE","og_type":"article","og_title":"vidroflor Steinstatue Gesicht Mann 115cm - Eliassen.nl","og_description":"Bei Eliassen k\u00f6nnen Sie die Steinstatue Face Man online kaufen oder live im Ausstellungsraum betrachten. Wir haben die sch\u00f6nsten Steinstatuen, andere Modelle von Gartenstatuen","og_url":"https:\/\/www.eliassen.nl\/de\/steinstatue-gesicht-mann\/","og_site_name":"Eliassen.nl","article_publisher":"https:\/\/www.facebook.com\/TuincentrumEliassenAmmerzoden","article_modified_time":"2026-01-16T12:22:29+00:00","og_image":[{"width":400,"height":600,"url":"https:\/\/www.eliassen.nl\/wp-content\/uploads\/2024\/01\/11_3nd.jpg","type":"image\/jpeg"}],"twitter_card":"summary_large_image","schema":{"@context":"https:\/\/schema.org","@graph":[{"@type":"WebPage","@id":"https:\/\/www.eliassen.nl\/de\/steinstatue-gesicht-mann\/","url":"https:\/\/www.eliassen.nl\/de\/steinstatue-gesicht-mann\/","name":"Steinskulptur Gesicht Mann | Eliassen","isPartOf":{"@id":"https:\/\/www.eliassen.nl\/de\/#website"},"primaryImageOfPage":{"@id":"https:\/\/www.eliassen.nl\/de\/steinstatue-gesicht-mann\/#primaryimage"},"image":{"@id":"https:\/\/www.eliassen.nl\/de\/steinstatue-gesicht-mann\/#primaryimage"},"thumbnailUrl":"https:\/\/www.eliassen.nl\/wp-content\/uploads\/2024\/01\/11_3nd.jpg","datePublished":"2019-10-28T17:13:56+00:00","dateModified":"2026-01-16T12:22:29+00:00","description":"Bei Eliassen k\u00f6nnen Sie die Steinstatue Face Man online kaufen oder live im Ausstellungsraum betrachten. Wir haben die sch\u00f6nsten Steinstatuen, andere Modelle von Gartenstatuen","breadcrumb":{"@id":"https:\/\/www.eliassen.nl\/de\/steinstatue-gesicht-mann\/#breadcrumb"},"inLanguage":"de","potentialAction":[{"@type":"ReadAction","target":["https:\/\/www.eliassen.nl\/de\/steinstatue-gesicht-mann\/"]}]},{"@type":"ImageObject","inLanguage":"de","@id":"https:\/\/www.eliassen.nl\/de\/steinstatue-gesicht-mann\/#primaryimage","url":"https:\/\/www.eliassen.nl\/wp-content\/uploads\/2024\/01\/11_3nd.jpg","contentUrl":"https:\/\/www.eliassen.nl\/wp-content\/uploads\/2024\/01\/11_3nd.jpg","width":400,"height":600,"caption":"11"},{"@type":"BreadcrumbList","@id":"https:\/\/www.eliassen.nl\/de\/steinstatue-gesicht-mann\/#breadcrumb","itemListElement":[{"@type":"ListItem","position":1,"name":"Home","item":"https:\/\/www.eliassen.nl\/de\/"},{"@type":"ListItem","position":2,"name":"Shop","item":"https:\/\/www.eliassen.nl\/de\/shop\/"},{"@type":"ListItem","position":3,"name":"Bilder","item":"https:\/\/www.eliassen.nl\/de\/bilder\/"},{"@type":"ListItem","position":4,"name":"Betonstatuen","item":"https:\/\/www.eliassen.nl\/de\/bilder\/betonstatuen\/"},{"@type":"ListItem","position":5,"name":"Andere Modelle Gartenstatuen","item":"https:\/\/www.eliassen.nl\/de\/bilder\/betonstatuen\/andere-modelle-gartenstatuen\/"},{"@type":"ListItem","position":6,"name":"Steinstatue Gesicht Mann 115cm"}]},{"@type":"WebSite","@id":"https:\/\/www.eliassen.nl\/de\/#website","url":"https:\/\/www.eliassen.nl\/de\/","name":"Eliassen Home & Garden Pleasure","description":"","publisher":{"@id":"https:\/\/www.eliassen.nl\/de\/#organization"},"alternateName":"Eliassen.nl","potentialAction":[{"@type":"SearchAction","target":{"@type":"EntryPoint","urlTemplate":"https:\/\/www.eliassen.nl\/de\/?s={search_term_string}"},"query-input":{"@type":"PropertyValueSpecification","valueRequired":true,"valueName":"search_term_string"}}],"inLanguage":"de"},{"@type":["Organization","Place"],"@id":"https:\/\/www.eliassen.nl\/de\/#organization","name":"Eliassen Home & Garden Pleasure","url":"https:\/\/www.eliassen.nl\/de\/","logo":{"@id":"https:\/\/www.eliassen.nl\/de\/steinstatue-gesicht-mann\/#local-main-organization-logo"},"image":{"@id":"https:\/\/www.eliassen.nl\/de\/steinstatue-gesicht-mann\/#local-main-organization-logo"},"sameAs":["https:\/\/www.facebook.com\/TuincentrumEliassenAmmerzoden","https:\/\/www.instagram.com\/eliassenhomeandgarden\/","https:\/\/nl.pinterest.com\/eliassenhomeandgarden\/","https:\/\/www.youtube.com\/@eliassenhomegardenpleasure4558"],"telephone":[],"openingHoursSpecification":[{"@type":"OpeningHoursSpecification","dayOfWeek":["Monday","Tuesday","Wednesday","Thursday","Friday","Saturday","Sunday"],"opens":"09:00","closes":"17:00"}]},{"@type":"ImageObject","inLanguage":"de","@id":"https:\/\/www.eliassen.nl\/de\/steinstatue-gesicht-mann\/#local-main-organization-logo","url":"https:\/\/www.eliassen.nl\/wp-content\/uploads\/2024\/01\/logo_4nd.jpg","contentUrl":"https:\/\/www.eliassen.nl\/wp-content\/uploads\/2024\/01\/logo_4nd.jpg","width":500,"height":500,"caption":"Eliassen Home & Garden Pleasure"}]},"product_price_amount":"760.00","product_price_currency":"EUR","og_availability":"instock","product_availability":"instock","product_retailer_item_id":"8081","product_condition":"new"},"df_price":760,"df_sale_price":"","df_regular_price":760,"df_image_link":"https:\/\/www.eliassen.nl\/wp-content\/uploads\/2024\/01\/11_3nd.jpg","image":"https:\/\/www.eliassen.nl\/wp-content\/uploads\/2024\/01\/11_3nd.jpg","price_search":"<span class=\"woocommerce-Price-amount amount\"><bdi><span class=\"woocommerce-Price-currencySymbol\">&euro;<\/span>&nbsp;760,00<\/bdi><\/span>","category":"Andere Modelle Gartenstatuen","global_unique_id":"7438245764709","_links":{"self":[{"href":"https:\/\/www.eliassen.nl\/de\/wp-json\/wp\/v2\/product\/11056","targetHints":{"allow":["GET"]}}],"collection":[{"href":"https:\/\/www.eliassen.nl\/de\/wp-json\/wp\/v2\/product"}],"about":[{"href":"https:\/\/www.eliassen.nl\/de\/wp-json\/wp\/v2\/types\/product"}],"wp:featuredmedia":[{"embeddable":true,"href":"https:\/\/www.eliassen.nl\/de\/wp-json\/wp\/v2\/media\/11041"}],"wp:attachment":[{"href":"https:\/\/www.eliassen.nl\/de\/wp-json\/wp\/v2\/media?parent=11056"}],"wp:term":[{"taxonomy":"product_brand","embeddable":true,"href":"https:\/\/www.eliassen.nl\/de\/wp-json\/wp\/v2\/product_brand?post=11056"},{"taxonomy":"product_cat","embeddable":true,"href":"https:\/\/www.eliassen.nl\/de\/wp-json\/wp\/v2\/product_cat?post=11056"},{"taxonomy":"product_tag","embeddable":true,"href":"https:\/\/www.eliassen.nl\/de\/wp-json\/wp\/v2\/product_tag?post=11056"}],"curies":[{"name":"wp","href":"https:\/\/api.w.org\/{rel}","templated":true}]}}