{"id":1104,"date":"2019-10-28T15:18:08","date_gmt":"2019-10-28T15:18:08","guid":{"rendered":"https:\/\/www.eliassen.nl\/?product=nymphe-injizierende"},"modified":"2026-04-21T14:22:20","modified_gmt":"2026-04-21T12:22:20","slug":"spritzenfigur-wood-nymph","status":"publish","type":"product","link":"https:\/\/www.eliassen.nl\/de\/spritzenfigur-wood-nymph\/","title":{"rendered":"Spr\u00fchfigur Woodland Nymphe"},"content":{"rendered":"<p>Wundersch\u00f6ne Bronzestatue, hergestellt aus Bronze mit einem Mindestkupfergehalt von 75%, also von hoher Qualit\u00e4t. Wasser kann von unten gegen die H\u00e4nde spritzen.<\/p>\n<ul>\n<li>Gr\u00f6\u00dfe: 57 x 18 cm.<\/li>\n<li>Wird mit Zertifikat geliefert.<\/li>\n<li>Schnelle Lieferung.<\/li>\n<li>30 Jahre Garantie.<\/li>\n<li>Sehr viele aus dieser Serie von Bronzeskulpturen sind auch live in unserem Shop zu sehen.<\/li>\n<\/ul>\n<p>Sie k\u00f6nnen dieses Objekt auch in einen Teich oder einfach auf einen Wassertank stellen, den Sie eingraben.<\/p>\n<p>Beratung zu weiteren Lieferungen:<\/p>\n<p>Wassertank : 80cm<br \/>\nGr\u00f6\u00dfe des Gitters\/Deckels: Deckel 90cm<br \/>\nPumpenkapazit\u00e4t: 2000 ltr.<br \/>\nSchlauchgr\u00f6\u00dfe: 12-16mm<br \/>\nSteuerventil: ja<\/p>\n<p><iframe src=\"http:\/\/www.youtube.com\/embed\/SuVZ033xeN4\" width=\"425\" height=\"350\" frameborder=\"0\"><\/iframe><\/p>\n<p>Besuchen Sie unseren Ausstellungsraum, um viele Modelle live zu bewundern!<\/p>\n","protected":false},"excerpt":{"rendered":"<p>Waldnymphe spritzend<\/p>\n","protected":false},"featured_media":685,"template":"","meta":{"_acf_changed":false,"_genesis_title":"","_genesis_description":""},"product_brand":[7505],"product_cat":[590,593,613,620,7239],"product_tag":[],"class_list":{"0":"post-1104","1":"product","2":"type-product","3":"status-publish","4":"has-post-thumbnail","6":"product_brand-sonstige","7":"product_cat-sprayfiguren-bronze","8":"product_cat-bronzebrunnen","9":"product_cat-bronzestatuen","10":"product_cat-moderne-bronzestatuen","11":"product_cat-bilder","13":"first","14":"instock","15":"taxable","16":"shipping-taxable","17":"purchasable","18":"product-type-simple"},"acf":[],"meta_all":{"total_sales":"0","wcml_sync_hash":{"postmeta_fields":"52138e0745e9006aa502e4cbcd2935a8"},"attr_label_translations":[],"cor_restricted_countries":[]},"meta_all_flat":{"total_sales":"0","wcml_sync_hash.postmeta_fields":"52138e0745e9006aa502e4cbcd2935a8"},"yoast_head":"<!-- This site is optimized with the Yoast SEO Premium plugin v26.2 (Yoast SEO v27.2) - https:\/\/yoast.com\/product\/yoast-seo-premium-wordpress\/ -->\n<title>Spritzfigur Waldnymphe - Eliassen<\/title>\n<meta name=\"description\" content=\"Suchen Sie eine Spr\u00fchfigur? Bestellen Sie jetzt Bronze Waldnymphe. Kaufen Sie Wasserornamente einfach auf unserer Website. Gro\u00dfe Auswahl \u2713 Schnelle Lieferung\" \/>\n<meta name=\"robots\" content=\"index, follow, max-snippet:-1, max-image-preview:large, max-video-preview:-1\" \/>\n<link rel=\"canonical\" href=\"https:\/\/www.eliassen.nl\/de\/spritzenfigur-wood-nymph\/\" \/>\n<meta property=\"og:locale\" content=\"de_DE\" \/>\n<meta property=\"og:type\" content=\"article\" \/>\n<meta property=\"og:title\" content=\"Sonstige Spr\u00fchfigur Woodland Nymphe - Eliassen.nl\" \/>\n<meta property=\"og:description\" content=\"Suchen Sie eine Spr\u00fchfigur? Bestellen Sie jetzt Bronze Waldnymphe. Kaufen Sie Wasserornamente einfach auf unserer Website. Gro\u00dfe Auswahl \u2713 Schnelle Lieferung\" \/>\n<meta property=\"og:url\" content=\"https:\/\/www.eliassen.nl\/de\/spritzenfigur-wood-nymph\/\" \/>\n<meta property=\"og:site_name\" content=\"Eliassen.nl\" \/>\n<meta property=\"article:publisher\" content=\"https:\/\/www.facebook.com\/TuincentrumEliassenAmmerzoden\" \/>\n<meta property=\"article:modified_time\" content=\"2026-04-21T12:22:20+00:00\" \/>\n<meta property=\"og:image\" content=\"https:\/\/www.eliassen.nl\/wp-content\/uploads\/2024\/01\/eliassenspuitfiguurbosnimf.jpg\" \/>\n\t<meta property=\"og:image:width\" content=\"591\" \/>\n\t<meta property=\"og:image:height\" content=\"1024\" \/>\n\t<meta property=\"og:image:type\" content=\"image\/jpeg\" \/>\n<meta name=\"twitter:card\" content=\"summary_large_image\" \/>\n<script type=\"application\/ld+json\" class=\"yoast-schema-graph\">{\"@context\":\"https:\/\/schema.org\",\"@graph\":[{\"@type\":\"WebPage\",\"@id\":\"https:\/\/www.eliassen.nl\/de\/spritzenfigur-wood-nymph\/\",\"url\":\"https:\/\/www.eliassen.nl\/de\/spritzenfigur-wood-nymph\/\",\"name\":\"Spritzfigur Waldnymphe - Eliassen\",\"isPartOf\":{\"@id\":\"https:\/\/www.eliassen.nl\/de\/#website\"},\"primaryImageOfPage\":{\"@id\":\"https:\/\/www.eliassen.nl\/de\/spritzenfigur-wood-nymph\/#primaryimage\"},\"image\":{\"@id\":\"https:\/\/www.eliassen.nl\/de\/spritzenfigur-wood-nymph\/#primaryimage\"},\"thumbnailUrl\":\"https:\/\/www.eliassen.nl\/wp-content\/uploads\/2024\/01\/eliassenspuitfiguurbosnimf.jpg\",\"datePublished\":\"2019-10-28T15:18:08+00:00\",\"dateModified\":\"2026-04-21T12:22:20+00:00\",\"description\":\"Suchen Sie eine Spr\u00fchfigur? Bestellen Sie jetzt Bronze Waldnymphe. Kaufen Sie Wasserornamente einfach auf unserer Website. Gro\u00dfe Auswahl \u2713 Schnelle Lieferung\",\"breadcrumb\":{\"@id\":\"https:\/\/www.eliassen.nl\/de\/spritzenfigur-wood-nymph\/#breadcrumb\"},\"inLanguage\":\"de\",\"potentialAction\":[{\"@type\":\"ReadAction\",\"target\":[\"https:\/\/www.eliassen.nl\/de\/spritzenfigur-wood-nymph\/\"]}]},{\"@type\":\"ImageObject\",\"inLanguage\":\"de\",\"@id\":\"https:\/\/www.eliassen.nl\/de\/spritzenfigur-wood-nymph\/#primaryimage\",\"url\":\"https:\/\/www.eliassen.nl\/wp-content\/uploads\/2024\/01\/eliassenspuitfiguurbosnimf.jpg\",\"contentUrl\":\"https:\/\/www.eliassen.nl\/wp-content\/uploads\/2024\/01\/eliassenspuitfiguurbosnimf.jpg\",\"width\":591,\"height\":1024,\"caption\":\"Eliassen Spritzfigur Bosnimf\"},{\"@type\":\"BreadcrumbList\",\"@id\":\"https:\/\/www.eliassen.nl\/de\/spritzenfigur-wood-nymph\/#breadcrumb\",\"itemListElement\":[{\"@type\":\"ListItem\",\"position\":1,\"name\":\"Home\",\"item\":\"https:\/\/www.eliassen.nl\/de\/\"},{\"@type\":\"ListItem\",\"position\":2,\"name\":\"Shop\",\"item\":\"https:\/\/www.eliassen.nl\/de\/shop\/\"},{\"@type\":\"ListItem\",\"position\":3,\"name\":\"Wasserspiele\",\"item\":\"https:\/\/www.eliassen.nl\/de\/wassereigenschaften\/\"},{\"@type\":\"ListItem\",\"position\":4,\"name\":\"Bronze-Spr\u00fchfiguren\",\"item\":\"https:\/\/www.eliassen.nl\/de\/wassereigenschaften\/sprayfiguren-bronze\/\"},{\"@type\":\"ListItem\",\"position\":5,\"name\":\"Spr\u00fchfigur Woodland Nymphe\"}]},{\"@type\":\"WebSite\",\"@id\":\"https:\/\/www.eliassen.nl\/de\/#website\",\"url\":\"https:\/\/www.eliassen.nl\/de\/\",\"name\":\"Eliassen Home & Garden Pleasure\",\"description\":\"\",\"publisher\":{\"@id\":\"https:\/\/www.eliassen.nl\/de\/#organization\"},\"alternateName\":\"Eliassen.nl\",\"potentialAction\":[{\"@type\":\"SearchAction\",\"target\":{\"@type\":\"EntryPoint\",\"urlTemplate\":\"https:\/\/www.eliassen.nl\/de\/?s={search_term_string}\"},\"query-input\":{\"@type\":\"PropertyValueSpecification\",\"valueRequired\":true,\"valueName\":\"search_term_string\"}}],\"inLanguage\":\"de\"},{\"@type\":[\"Organization\",\"Place\"],\"@id\":\"https:\/\/www.eliassen.nl\/de\/#organization\",\"name\":\"Eliassen Home & Garden Pleasure\",\"url\":\"https:\/\/www.eliassen.nl\/de\/\",\"logo\":{\"@id\":\"https:\/\/www.eliassen.nl\/de\/spritzenfigur-wood-nymph\/#local-main-organization-logo\"},\"image\":{\"@id\":\"https:\/\/www.eliassen.nl\/de\/spritzenfigur-wood-nymph\/#local-main-organization-logo\"},\"sameAs\":[\"https:\/\/www.facebook.com\/TuincentrumEliassenAmmerzoden\",\"https:\/\/www.instagram.com\/eliassenhomeandgarden\/\",\"https:\/\/nl.pinterest.com\/eliassenhomeandgarden\/\",\"https:\/\/www.youtube.com\/@eliassenhomegardenpleasure4558\"],\"telephone\":[],\"openingHoursSpecification\":[{\"@type\":\"OpeningHoursSpecification\",\"dayOfWeek\":[\"Monday\",\"Tuesday\",\"Wednesday\",\"Thursday\",\"Friday\",\"Saturday\",\"Sunday\"],\"opens\":\"09:00\",\"closes\":\"17:00\"}]},{\"@type\":\"ImageObject\",\"inLanguage\":\"de\",\"@id\":\"https:\/\/www.eliassen.nl\/de\/spritzenfigur-wood-nymph\/#local-main-organization-logo\",\"url\":\"https:\/\/www.eliassen.nl\/wp-content\/uploads\/2024\/01\/logo_4nd.jpg\",\"contentUrl\":\"https:\/\/www.eliassen.nl\/wp-content\/uploads\/2024\/01\/logo_4nd.jpg\",\"width\":500,\"height\":500,\"caption\":\"Eliassen Home & Garden Pleasure\"}]}<\/script>\n<meta property=\"product:price:amount\" content=\"292.00\" \/>\n<meta property=\"product:price:currency\" content=\"EUR\" \/>\n<meta property=\"og:availability\" content=\"instock\" \/>\n<meta property=\"product:availability\" content=\"instock\" \/>\n<meta property=\"product:retailer_item_id\" content=\"B1060\" \/>\n<meta property=\"product:condition\" content=\"new\" \/>\n<!-- \/ Yoast SEO Premium plugin. -->","yoast_head_json":{"title":"Spritzfigur Waldnymphe - Eliassen","description":"Suchen Sie eine Spr\u00fchfigur? Bestellen Sie jetzt Bronze Waldnymphe. Kaufen Sie Wasserornamente einfach auf unserer Website. Gro\u00dfe Auswahl \u2713 Schnelle Lieferung","robots":{"index":"index","follow":"follow","max-snippet":"max-snippet:-1","max-image-preview":"max-image-preview:large","max-video-preview":"max-video-preview:-1"},"canonical":"https:\/\/www.eliassen.nl\/de\/spritzenfigur-wood-nymph\/","og_locale":"de_DE","og_type":"article","og_title":"Sonstige Spr\u00fchfigur Woodland Nymphe - Eliassen.nl","og_description":"Suchen Sie eine Spr\u00fchfigur? Bestellen Sie jetzt Bronze Waldnymphe. Kaufen Sie Wasserornamente einfach auf unserer Website. Gro\u00dfe Auswahl \u2713 Schnelle Lieferung","og_url":"https:\/\/www.eliassen.nl\/de\/spritzenfigur-wood-nymph\/","og_site_name":"Eliassen.nl","article_publisher":"https:\/\/www.facebook.com\/TuincentrumEliassenAmmerzoden","article_modified_time":"2026-04-21T12:22:20+00:00","og_image":[{"width":591,"height":1024,"url":"https:\/\/www.eliassen.nl\/wp-content\/uploads\/2024\/01\/eliassenspuitfiguurbosnimf.jpg","type":"image\/jpeg"}],"twitter_card":"summary_large_image","schema":{"@context":"https:\/\/schema.org","@graph":[{"@type":"WebPage","@id":"https:\/\/www.eliassen.nl\/de\/spritzenfigur-wood-nymph\/","url":"https:\/\/www.eliassen.nl\/de\/spritzenfigur-wood-nymph\/","name":"Spritzfigur Waldnymphe - Eliassen","isPartOf":{"@id":"https:\/\/www.eliassen.nl\/de\/#website"},"primaryImageOfPage":{"@id":"https:\/\/www.eliassen.nl\/de\/spritzenfigur-wood-nymph\/#primaryimage"},"image":{"@id":"https:\/\/www.eliassen.nl\/de\/spritzenfigur-wood-nymph\/#primaryimage"},"thumbnailUrl":"https:\/\/www.eliassen.nl\/wp-content\/uploads\/2024\/01\/eliassenspuitfiguurbosnimf.jpg","datePublished":"2019-10-28T15:18:08+00:00","dateModified":"2026-04-21T12:22:20+00:00","description":"Suchen Sie eine Spr\u00fchfigur? Bestellen Sie jetzt Bronze Waldnymphe. Kaufen Sie Wasserornamente einfach auf unserer Website. Gro\u00dfe Auswahl \u2713 Schnelle Lieferung","breadcrumb":{"@id":"https:\/\/www.eliassen.nl\/de\/spritzenfigur-wood-nymph\/#breadcrumb"},"inLanguage":"de","potentialAction":[{"@type":"ReadAction","target":["https:\/\/www.eliassen.nl\/de\/spritzenfigur-wood-nymph\/"]}]},{"@type":"ImageObject","inLanguage":"de","@id":"https:\/\/www.eliassen.nl\/de\/spritzenfigur-wood-nymph\/#primaryimage","url":"https:\/\/www.eliassen.nl\/wp-content\/uploads\/2024\/01\/eliassenspuitfiguurbosnimf.jpg","contentUrl":"https:\/\/www.eliassen.nl\/wp-content\/uploads\/2024\/01\/eliassenspuitfiguurbosnimf.jpg","width":591,"height":1024,"caption":"Eliassen Spritzfigur Bosnimf"},{"@type":"BreadcrumbList","@id":"https:\/\/www.eliassen.nl\/de\/spritzenfigur-wood-nymph\/#breadcrumb","itemListElement":[{"@type":"ListItem","position":1,"name":"Home","item":"https:\/\/www.eliassen.nl\/de\/"},{"@type":"ListItem","position":2,"name":"Shop","item":"https:\/\/www.eliassen.nl\/de\/shop\/"},{"@type":"ListItem","position":3,"name":"Wasserspiele","item":"https:\/\/www.eliassen.nl\/de\/wassereigenschaften\/"},{"@type":"ListItem","position":4,"name":"Bronze-Spr\u00fchfiguren","item":"https:\/\/www.eliassen.nl\/de\/wassereigenschaften\/sprayfiguren-bronze\/"},{"@type":"ListItem","position":5,"name":"Spr\u00fchfigur Woodland Nymphe"}]},{"@type":"WebSite","@id":"https:\/\/www.eliassen.nl\/de\/#website","url":"https:\/\/www.eliassen.nl\/de\/","name":"Eliassen Home & Garden Pleasure","description":"","publisher":{"@id":"https:\/\/www.eliassen.nl\/de\/#organization"},"alternateName":"Eliassen.nl","potentialAction":[{"@type":"SearchAction","target":{"@type":"EntryPoint","urlTemplate":"https:\/\/www.eliassen.nl\/de\/?s={search_term_string}"},"query-input":{"@type":"PropertyValueSpecification","valueRequired":true,"valueName":"search_term_string"}}],"inLanguage":"de"},{"@type":["Organization","Place"],"@id":"https:\/\/www.eliassen.nl\/de\/#organization","name":"Eliassen Home & Garden Pleasure","url":"https:\/\/www.eliassen.nl\/de\/","logo":{"@id":"https:\/\/www.eliassen.nl\/de\/spritzenfigur-wood-nymph\/#local-main-organization-logo"},"image":{"@id":"https:\/\/www.eliassen.nl\/de\/spritzenfigur-wood-nymph\/#local-main-organization-logo"},"sameAs":["https:\/\/www.facebook.com\/TuincentrumEliassenAmmerzoden","https:\/\/www.instagram.com\/eliassenhomeandgarden\/","https:\/\/nl.pinterest.com\/eliassenhomeandgarden\/","https:\/\/www.youtube.com\/@eliassenhomegardenpleasure4558"],"telephone":[],"openingHoursSpecification":[{"@type":"OpeningHoursSpecification","dayOfWeek":["Monday","Tuesday","Wednesday","Thursday","Friday","Saturday","Sunday"],"opens":"09:00","closes":"17:00"}]},{"@type":"ImageObject","inLanguage":"de","@id":"https:\/\/www.eliassen.nl\/de\/spritzenfigur-wood-nymph\/#local-main-organization-logo","url":"https:\/\/www.eliassen.nl\/wp-content\/uploads\/2024\/01\/logo_4nd.jpg","contentUrl":"https:\/\/www.eliassen.nl\/wp-content\/uploads\/2024\/01\/logo_4nd.jpg","width":500,"height":500,"caption":"Eliassen Home & Garden Pleasure"}]},"product_price_amount":"292.00","product_price_currency":"EUR","og_availability":"instock","product_availability":"instock","product_retailer_item_id":"B1060","product_condition":"new"},"df_price":292,"df_sale_price":"","df_regular_price":292,"df_image_link":"https:\/\/www.eliassen.nl\/wp-content\/uploads\/2024\/01\/eliassenspuitfiguurbosnimf.jpg","image":"https:\/\/www.eliassen.nl\/wp-content\/uploads\/2024\/01\/eliassenspuitfiguurbosnimf.jpg","price_search":"<span class=\"woocommerce-Price-amount amount\"><bdi><span class=\"woocommerce-Price-currencySymbol\">&euro;<\/span>&nbsp;292,00<\/bdi><\/span>","category":"Bronze-Spr\u00fchfiguren","global_unique_id":"7438235617619","_links":{"self":[{"href":"https:\/\/www.eliassen.nl\/de\/wp-json\/wp\/v2\/product\/1104","targetHints":{"allow":["GET"]}}],"collection":[{"href":"https:\/\/www.eliassen.nl\/de\/wp-json\/wp\/v2\/product"}],"about":[{"href":"https:\/\/www.eliassen.nl\/de\/wp-json\/wp\/v2\/types\/product"}],"wp:featuredmedia":[{"embeddable":true,"href":"https:\/\/www.eliassen.nl\/de\/wp-json\/wp\/v2\/media\/685"}],"wp:attachment":[{"href":"https:\/\/www.eliassen.nl\/de\/wp-json\/wp\/v2\/media?parent=1104"}],"wp:term":[{"taxonomy":"product_brand","embeddable":true,"href":"https:\/\/www.eliassen.nl\/de\/wp-json\/wp\/v2\/product_brand?post=1104"},{"taxonomy":"product_cat","embeddable":true,"href":"https:\/\/www.eliassen.nl\/de\/wp-json\/wp\/v2\/product_cat?post=1104"},{"taxonomy":"product_tag","embeddable":true,"href":"https:\/\/www.eliassen.nl\/de\/wp-json\/wp\/v2\/product_tag?post=1104"}],"curies":[{"name":"wp","href":"https:\/\/api.w.org\/{rel}","templated":true}]}}