{"id":10987,"date":"2019-10-28T17:12:47","date_gmt":"2019-10-28T17:12:47","guid":{"rendered":"https:\/\/www.eliassen.nl\/?product=malerei-aluminium-reife-blume-80x80cm-copy"},"modified":"2026-01-07T12:03:32","modified_gmt":"2026-01-07T11:03:32","slug":"malerei-aluminium-weisse-anemone-80x80cm","status":"publish","type":"product","link":"https:\/\/www.eliassen.nl\/de\/malerei-aluminium-weisse-anemone-80x80cm\/","title":{"rendered":"Gem\u00e4lde Aluminium Wei\u00dfe Anemone 80x80cm"},"content":{"rendered":"<p>M\u00f6chten Sie ein besonderes Gem\u00e4lde an die Wand h\u00e4ngen, das einen ganz einzigartigen Look hat? Dann lassen Sie sich dieses sehr moderne Aluminiumbild der exklusiven Marke ArtEl nicht entgehen. Vollst\u00e4ndig von Hand gefertigt. Viel Handarbeit beim Schleifen und Polieren einer Aluminiumplatte in Kombination mit den gew\u00e4hlten leuchtenden Farben schafft ein modernes und zeitgem\u00e4\u00dfes St\u00fcck Wanddekoration f\u00fcr Ihr Arbeits- und Wohnumfeld. Dieses Gem\u00e4lde ist fast 3 cm dick, die R\u00fcckseite ist wundersch\u00f6n mit schwarzem Velours verarbeitet und mit Haken versehen.<\/p>\n<p>M\u00f6chten Sie ein besonderes Gem\u00e4lde an die Wand h\u00e4ngen, das einen ganz einzigartigen Look hat? Dann lassen Sie sich dieses sehr moderne Aluminiumbild der exklusiven Marke ArtEl nicht entgehen. Vollst\u00e4ndig von Hand gefertigt. Durch viel manuelles Schleifen und Polieren eines Aluminiumblechs in Kombination mit den gew\u00e4hlten leuchtenden Farben entsteht ein modernes und zeitgem\u00e4\u00dfes St\u00fcck Wanddekoration f\u00fcr Ihr Arbeits- und Wohnumfeld. Dieses Gem\u00e4lde ist fast 3 cm dick, die R\u00fcckseite ist wundersch\u00f6n mit schwarzem Velours verarbeitet und mit Haken versehen.<\/p>\n<p>Die wei\u00dfe Anemone steht f\u00fcr Unschuld und Reinheit, aber auch f\u00fcr Vergebung und F\u00fcrsorge. Im katholischen Glauben steht die wei\u00dfe Herbstanemone f\u00fcr Unbest\u00e4ndigkeit und innere Sch\u00f6nheit. Das komplett handgefertigte Aluminiumgem\u00e4lde White Anemone bietet einen perfekt gezoomten Blick auf die lang bl\u00fchende Blume. Sie k\u00f6nnen jede Ader, jedes winzige Detail eines jeden Bl\u00fctenblattes sehen, das die Anemone so besonders macht. Das liegt an der Anwendung des manuellen Schleifens und Polierens auf einer Aluminiumplatte.<\/p>\n<\/p>\n<ul>\n<li>Gr\u00f6\u00dfe 80 x 80 cm<\/li>\n<li>Dicke 2,7 cm<\/li>\n<li>Moderner und exklusiver Look<\/li>\n<li>Inklusive Aufh\u00e4ngematerial und Aufh\u00e4ngebeschreibung<\/li>\n<li>Nicht f\u00fcr den Au\u00dfeneinsatz geeignet<\/li>\n<li>Schnelle Lieferung in stabilem Karton<\/li>\n<\/ul>\n","protected":false},"excerpt":{"rendered":"<p>M\u00f6chten Sie ein besonderes Gem\u00e4lde an die Wand h\u00e4ngen, das einen ganz einzigartigen Look hat? Dann lassen Sie sich dieses sehr moderne Aluminiumbild der exklusiven Marke ArtEl nicht entgehen. Vollst\u00e4ndig von Hand gefertigt. Viel Handarbeit beim Schleifen und Polieren einer Aluminiumplatte in Kombination mit den gew\u00e4hlten leuchtenden Farben schafft ein modernes und zeitgem\u00e4\u00dfes St\u00fcck Wanddekoration &hellip;<\/p>\n","protected":false},"featured_media":10984,"template":"","meta":{"_acf_changed":false,"_genesis_title":"","_genesis_description":""},"product_brand":[6916],"product_cat":[410,416,413],"product_tag":[],"class_list":{"0":"post-10987","1":"product","2":"type-product","3":"status-publish","4":"has-post-thumbnail","6":"product_brand-eliassen-de","7":"product_cat-gemaelde","8":"product_cat-aluminium-gemaelde","9":"product_cat-gemaelde-outlet","11":"first","12":"instock","13":"sale","14":"taxable","15":"shipping-taxable","16":"purchasable","17":"product-type-simple"},"acf":[],"meta_all":{"total_sales":"0","wcml_sync_hash":{"postmeta_fields":"3a0c5c4f87e8bc23f10c3b276c3f7cc9"},"attr_label_translations":[]},"meta_all_flat":{"total_sales":"0","wcml_sync_hash.postmeta_fields":"3a0c5c4f87e8bc23f10c3b276c3f7cc9"},"yoast_head":"<!-- This site is optimized with the Yoast SEO Premium plugin v26.2 (Yoast SEO v27.2) - https:\/\/yoast.com\/product\/yoast-seo-premium-wordpress\/ -->\n<title>Gem\u00e4lde Aluminium wei\u00df Anemone Pflanze 80x80cm<\/title>\n<meta name=\"description\" content=\"Kaufen Sie ein sch\u00f6nes Pflanzenbild? Dieses Anomone-Gem\u00e4lde mit Gold- und Wei\u00dft\u00f6nen ist eine sch\u00f6ne Erg\u00e4nzung als Wanddekoration.\" \/>\n<meta name=\"robots\" content=\"index, follow, max-snippet:-1, max-image-preview:large, max-video-preview:-1\" \/>\n<link rel=\"canonical\" href=\"https:\/\/www.eliassen.nl\/de\/malerei-aluminium-weisse-anemone-80x80cm\/\" \/>\n<meta property=\"og:locale\" content=\"de_DE\" \/>\n<meta property=\"og:type\" content=\"article\" \/>\n<meta property=\"og:title\" content=\"Eliassen Gem\u00e4lde Aluminium Wei\u00dfe Anemone 80x80cm - Eliassen.nl\" \/>\n<meta property=\"og:description\" content=\"Kaufen Sie ein sch\u00f6nes Pflanzenbild? Dieses Anomone-Gem\u00e4lde mit Gold- und Wei\u00dft\u00f6nen ist eine sch\u00f6ne Erg\u00e4nzung als Wanddekoration.\" \/>\n<meta property=\"og:url\" content=\"https:\/\/www.eliassen.nl\/de\/malerei-aluminium-weisse-anemone-80x80cm\/\" \/>\n<meta property=\"og:site_name\" content=\"Eliassen.nl\" \/>\n<meta property=\"article:publisher\" content=\"https:\/\/www.facebook.com\/TuincentrumEliassenAmmerzoden\" \/>\n<meta property=\"article:modified_time\" content=\"2026-01-07T11:03:32+00:00\" \/>\n<meta property=\"og:image\" content=\"https:\/\/www.eliassen.nl\/wp-content\/uploads\/2024\/01\/schilderijaluminiumwitteanemoon.jpg\" \/>\n\t<meta property=\"og:image:width\" content=\"2043\" \/>\n\t<meta property=\"og:image:height\" content=\"2048\" \/>\n\t<meta property=\"og:image:type\" content=\"image\/jpeg\" \/>\n<meta name=\"twitter:card\" content=\"summary_large_image\" \/>\n<script type=\"application\/ld+json\" class=\"yoast-schema-graph\">{\"@context\":\"https:\/\/schema.org\",\"@graph\":[{\"@type\":\"WebPage\",\"@id\":\"https:\/\/www.eliassen.nl\/de\/malerei-aluminium-weisse-anemone-80x80cm\/\",\"url\":\"https:\/\/www.eliassen.nl\/de\/malerei-aluminium-weisse-anemone-80x80cm\/\",\"name\":\"Gem\u00e4lde Aluminium wei\u00df Anemone Pflanze 80x80cm\",\"isPartOf\":{\"@id\":\"https:\/\/www.eliassen.nl\/de\/#website\"},\"primaryImageOfPage\":{\"@id\":\"https:\/\/www.eliassen.nl\/de\/malerei-aluminium-weisse-anemone-80x80cm\/#primaryimage\"},\"image\":{\"@id\":\"https:\/\/www.eliassen.nl\/de\/malerei-aluminium-weisse-anemone-80x80cm\/#primaryimage\"},\"thumbnailUrl\":\"https:\/\/www.eliassen.nl\/wp-content\/uploads\/2024\/01\/schilderijaluminiumwitteanemoon.jpg\",\"datePublished\":\"2019-10-28T17:12:47+00:00\",\"dateModified\":\"2026-01-07T11:03:32+00:00\",\"description\":\"Kaufen Sie ein sch\u00f6nes Pflanzenbild? Dieses Anomone-Gem\u00e4lde mit Gold- und Wei\u00dft\u00f6nen ist eine sch\u00f6ne Erg\u00e4nzung als Wanddekoration.\",\"breadcrumb\":{\"@id\":\"https:\/\/www.eliassen.nl\/de\/malerei-aluminium-weisse-anemone-80x80cm\/#breadcrumb\"},\"inLanguage\":\"de\",\"potentialAction\":[{\"@type\":\"ReadAction\",\"target\":[\"https:\/\/www.eliassen.nl\/de\/malerei-aluminium-weisse-anemone-80x80cm\/\"]}]},{\"@type\":\"ImageObject\",\"inLanguage\":\"de\",\"@id\":\"https:\/\/www.eliassen.nl\/de\/malerei-aluminium-weisse-anemone-80x80cm\/#primaryimage\",\"url\":\"https:\/\/www.eliassen.nl\/wp-content\/uploads\/2024\/01\/schilderijaluminiumwitteanemoon.jpg\",\"contentUrl\":\"https:\/\/www.eliassen.nl\/wp-content\/uploads\/2024\/01\/schilderijaluminiumwitteanemoon.jpg\",\"width\":2043,\"height\":2048,\"caption\":\"Malerei Aluminium Wei\u00dfe Anemone\"},{\"@type\":\"BreadcrumbList\",\"@id\":\"https:\/\/www.eliassen.nl\/de\/malerei-aluminium-weisse-anemone-80x80cm\/#breadcrumb\",\"itemListElement\":[{\"@type\":\"ListItem\",\"position\":1,\"name\":\"Home\",\"item\":\"https:\/\/www.eliassen.nl\/de\/\"},{\"@type\":\"ListItem\",\"position\":2,\"name\":\"Shop\",\"item\":\"https:\/\/www.eliassen.nl\/de\/shop\/\"},{\"@type\":\"ListItem\",\"position\":3,\"name\":\"Gem\u00e4lde\",\"item\":\"https:\/\/www.eliassen.nl\/de\/gemaelde\/\"},{\"@type\":\"ListItem\",\"position\":4,\"name\":\"Gem\u00e4lde aus Aluminium\",\"item\":\"https:\/\/www.eliassen.nl\/de\/gemaelde\/aluminium-gemaelde\/\"},{\"@type\":\"ListItem\",\"position\":5,\"name\":\"Gem\u00e4lde Aluminium Wei\u00dfe Anemone 80x80cm\"}]},{\"@type\":\"WebSite\",\"@id\":\"https:\/\/www.eliassen.nl\/de\/#website\",\"url\":\"https:\/\/www.eliassen.nl\/de\/\",\"name\":\"Eliassen Home & Garden Pleasure\",\"description\":\"\",\"publisher\":{\"@id\":\"https:\/\/www.eliassen.nl\/de\/#organization\"},\"alternateName\":\"Eliassen.nl\",\"potentialAction\":[{\"@type\":\"SearchAction\",\"target\":{\"@type\":\"EntryPoint\",\"urlTemplate\":\"https:\/\/www.eliassen.nl\/de\/?s={search_term_string}\"},\"query-input\":{\"@type\":\"PropertyValueSpecification\",\"valueRequired\":true,\"valueName\":\"search_term_string\"}}],\"inLanguage\":\"de\"},{\"@type\":[\"Organization\",\"Place\"],\"@id\":\"https:\/\/www.eliassen.nl\/de\/#organization\",\"name\":\"Eliassen Home & Garden Pleasure\",\"url\":\"https:\/\/www.eliassen.nl\/de\/\",\"logo\":{\"@id\":\"https:\/\/www.eliassen.nl\/de\/malerei-aluminium-weisse-anemone-80x80cm\/#local-main-organization-logo\"},\"image\":{\"@id\":\"https:\/\/www.eliassen.nl\/de\/malerei-aluminium-weisse-anemone-80x80cm\/#local-main-organization-logo\"},\"sameAs\":[\"https:\/\/www.facebook.com\/TuincentrumEliassenAmmerzoden\",\"https:\/\/www.instagram.com\/eliassenhomeandgarden\/\",\"https:\/\/nl.pinterest.com\/eliassenhomeandgarden\/\",\"https:\/\/www.youtube.com\/@eliassenhomegardenpleasure4558\"],\"telephone\":[],\"openingHoursSpecification\":[{\"@type\":\"OpeningHoursSpecification\",\"dayOfWeek\":[\"Monday\",\"Tuesday\",\"Wednesday\",\"Thursday\",\"Friday\",\"Saturday\",\"Sunday\"],\"opens\":\"09:00\",\"closes\":\"17:00\"}]},{\"@type\":\"ImageObject\",\"inLanguage\":\"de\",\"@id\":\"https:\/\/www.eliassen.nl\/de\/malerei-aluminium-weisse-anemone-80x80cm\/#local-main-organization-logo\",\"url\":\"https:\/\/www.eliassen.nl\/wp-content\/uploads\/2024\/01\/logo_4nd.jpg\",\"contentUrl\":\"https:\/\/www.eliassen.nl\/wp-content\/uploads\/2024\/01\/logo_4nd.jpg\",\"width\":500,\"height\":500,\"caption\":\"Eliassen Home & Garden Pleasure\"}]}<\/script>\n<meta property=\"product:price:amount\" content=\"93.00\" \/>\n<meta property=\"product:price:currency\" content=\"EUR\" \/>\n<meta property=\"og:availability\" content=\"instock\" \/>\n<meta property=\"product:availability\" content=\"instock\" \/>\n<meta property=\"product:retailer_item_id\" content=\"Lb563-80\" \/>\n<meta property=\"product:condition\" content=\"new\" \/>\n<!-- \/ Yoast SEO Premium plugin. -->","yoast_head_json":{"title":"Gem\u00e4lde Aluminium wei\u00df Anemone Pflanze 80x80cm","description":"Kaufen Sie ein sch\u00f6nes Pflanzenbild? Dieses Anomone-Gem\u00e4lde mit Gold- und Wei\u00dft\u00f6nen ist eine sch\u00f6ne Erg\u00e4nzung als Wanddekoration.","robots":{"index":"index","follow":"follow","max-snippet":"max-snippet:-1","max-image-preview":"max-image-preview:large","max-video-preview":"max-video-preview:-1"},"canonical":"https:\/\/www.eliassen.nl\/de\/malerei-aluminium-weisse-anemone-80x80cm\/","og_locale":"de_DE","og_type":"article","og_title":"Eliassen Gem\u00e4lde Aluminium Wei\u00dfe Anemone 80x80cm - Eliassen.nl","og_description":"Kaufen Sie ein sch\u00f6nes Pflanzenbild? Dieses Anomone-Gem\u00e4lde mit Gold- und Wei\u00dft\u00f6nen ist eine sch\u00f6ne Erg\u00e4nzung als Wanddekoration.","og_url":"https:\/\/www.eliassen.nl\/de\/malerei-aluminium-weisse-anemone-80x80cm\/","og_site_name":"Eliassen.nl","article_publisher":"https:\/\/www.facebook.com\/TuincentrumEliassenAmmerzoden","article_modified_time":"2026-01-07T11:03:32+00:00","og_image":[{"width":2043,"height":2048,"url":"https:\/\/www.eliassen.nl\/wp-content\/uploads\/2024\/01\/schilderijaluminiumwitteanemoon.jpg","type":"image\/jpeg"}],"twitter_card":"summary_large_image","schema":{"@context":"https:\/\/schema.org","@graph":[{"@type":"WebPage","@id":"https:\/\/www.eliassen.nl\/de\/malerei-aluminium-weisse-anemone-80x80cm\/","url":"https:\/\/www.eliassen.nl\/de\/malerei-aluminium-weisse-anemone-80x80cm\/","name":"Gem\u00e4lde Aluminium wei\u00df Anemone Pflanze 80x80cm","isPartOf":{"@id":"https:\/\/www.eliassen.nl\/de\/#website"},"primaryImageOfPage":{"@id":"https:\/\/www.eliassen.nl\/de\/malerei-aluminium-weisse-anemone-80x80cm\/#primaryimage"},"image":{"@id":"https:\/\/www.eliassen.nl\/de\/malerei-aluminium-weisse-anemone-80x80cm\/#primaryimage"},"thumbnailUrl":"https:\/\/www.eliassen.nl\/wp-content\/uploads\/2024\/01\/schilderijaluminiumwitteanemoon.jpg","datePublished":"2019-10-28T17:12:47+00:00","dateModified":"2026-01-07T11:03:32+00:00","description":"Kaufen Sie ein sch\u00f6nes Pflanzenbild? Dieses Anomone-Gem\u00e4lde mit Gold- und Wei\u00dft\u00f6nen ist eine sch\u00f6ne Erg\u00e4nzung als Wanddekoration.","breadcrumb":{"@id":"https:\/\/www.eliassen.nl\/de\/malerei-aluminium-weisse-anemone-80x80cm\/#breadcrumb"},"inLanguage":"de","potentialAction":[{"@type":"ReadAction","target":["https:\/\/www.eliassen.nl\/de\/malerei-aluminium-weisse-anemone-80x80cm\/"]}]},{"@type":"ImageObject","inLanguage":"de","@id":"https:\/\/www.eliassen.nl\/de\/malerei-aluminium-weisse-anemone-80x80cm\/#primaryimage","url":"https:\/\/www.eliassen.nl\/wp-content\/uploads\/2024\/01\/schilderijaluminiumwitteanemoon.jpg","contentUrl":"https:\/\/www.eliassen.nl\/wp-content\/uploads\/2024\/01\/schilderijaluminiumwitteanemoon.jpg","width":2043,"height":2048,"caption":"Malerei Aluminium Wei\u00dfe Anemone"},{"@type":"BreadcrumbList","@id":"https:\/\/www.eliassen.nl\/de\/malerei-aluminium-weisse-anemone-80x80cm\/#breadcrumb","itemListElement":[{"@type":"ListItem","position":1,"name":"Home","item":"https:\/\/www.eliassen.nl\/de\/"},{"@type":"ListItem","position":2,"name":"Shop","item":"https:\/\/www.eliassen.nl\/de\/shop\/"},{"@type":"ListItem","position":3,"name":"Gem\u00e4lde","item":"https:\/\/www.eliassen.nl\/de\/gemaelde\/"},{"@type":"ListItem","position":4,"name":"Gem\u00e4lde aus Aluminium","item":"https:\/\/www.eliassen.nl\/de\/gemaelde\/aluminium-gemaelde\/"},{"@type":"ListItem","position":5,"name":"Gem\u00e4lde Aluminium Wei\u00dfe Anemone 80x80cm"}]},{"@type":"WebSite","@id":"https:\/\/www.eliassen.nl\/de\/#website","url":"https:\/\/www.eliassen.nl\/de\/","name":"Eliassen Home & Garden Pleasure","description":"","publisher":{"@id":"https:\/\/www.eliassen.nl\/de\/#organization"},"alternateName":"Eliassen.nl","potentialAction":[{"@type":"SearchAction","target":{"@type":"EntryPoint","urlTemplate":"https:\/\/www.eliassen.nl\/de\/?s={search_term_string}"},"query-input":{"@type":"PropertyValueSpecification","valueRequired":true,"valueName":"search_term_string"}}],"inLanguage":"de"},{"@type":["Organization","Place"],"@id":"https:\/\/www.eliassen.nl\/de\/#organization","name":"Eliassen Home & Garden Pleasure","url":"https:\/\/www.eliassen.nl\/de\/","logo":{"@id":"https:\/\/www.eliassen.nl\/de\/malerei-aluminium-weisse-anemone-80x80cm\/#local-main-organization-logo"},"image":{"@id":"https:\/\/www.eliassen.nl\/de\/malerei-aluminium-weisse-anemone-80x80cm\/#local-main-organization-logo"},"sameAs":["https:\/\/www.facebook.com\/TuincentrumEliassenAmmerzoden","https:\/\/www.instagram.com\/eliassenhomeandgarden\/","https:\/\/nl.pinterest.com\/eliassenhomeandgarden\/","https:\/\/www.youtube.com\/@eliassenhomegardenpleasure4558"],"telephone":[],"openingHoursSpecification":[{"@type":"OpeningHoursSpecification","dayOfWeek":["Monday","Tuesday","Wednesday","Thursday","Friday","Saturday","Sunday"],"opens":"09:00","closes":"17:00"}]},{"@type":"ImageObject","inLanguage":"de","@id":"https:\/\/www.eliassen.nl\/de\/malerei-aluminium-weisse-anemone-80x80cm\/#local-main-organization-logo","url":"https:\/\/www.eliassen.nl\/wp-content\/uploads\/2024\/01\/logo_4nd.jpg","contentUrl":"https:\/\/www.eliassen.nl\/wp-content\/uploads\/2024\/01\/logo_4nd.jpg","width":500,"height":500,"caption":"Eliassen Home & Garden Pleasure"}]},"product_price_amount":"93.00","product_price_currency":"EUR","og_availability":"instock","product_availability":"instock","product_retailer_item_id":"Lb563-80","product_condition":"new"},"df_price":93,"df_sale_price":93,"df_regular_price":155,"df_image_link":"https:\/\/www.eliassen.nl\/wp-content\/uploads\/2024\/01\/schilderijaluminiumwitteanemoon.jpg","image":"https:\/\/www.eliassen.nl\/wp-content\/uploads\/2024\/01\/schilderijaluminiumwitteanemoon.jpg","price_search":"<span class=\"woocommerce-Price-amount amount\"><bdi><span class=\"woocommerce-Price-currencySymbol\">&euro;<\/span>&nbsp;93,00<\/bdi><\/span>","category":"Gem\u00e4lde","global_unique_id":"7446038185198","_links":{"self":[{"href":"https:\/\/www.eliassen.nl\/de\/wp-json\/wp\/v2\/product\/10987","targetHints":{"allow":["GET"]}}],"collection":[{"href":"https:\/\/www.eliassen.nl\/de\/wp-json\/wp\/v2\/product"}],"about":[{"href":"https:\/\/www.eliassen.nl\/de\/wp-json\/wp\/v2\/types\/product"}],"wp:featuredmedia":[{"embeddable":true,"href":"https:\/\/www.eliassen.nl\/de\/wp-json\/wp\/v2\/media\/10984"}],"wp:attachment":[{"href":"https:\/\/www.eliassen.nl\/de\/wp-json\/wp\/v2\/media?parent=10987"}],"wp:term":[{"taxonomy":"product_brand","embeddable":true,"href":"https:\/\/www.eliassen.nl\/de\/wp-json\/wp\/v2\/product_brand?post=10987"},{"taxonomy":"product_cat","embeddable":true,"href":"https:\/\/www.eliassen.nl\/de\/wp-json\/wp\/v2\/product_cat?post=10987"},{"taxonomy":"product_tag","embeddable":true,"href":"https:\/\/www.eliassen.nl\/de\/wp-json\/wp\/v2\/product_tag?post=10987"}],"curies":[{"name":"wp","href":"https:\/\/api.w.org\/{rel}","templated":true}]}}