{"id":10945,"date":"2019-10-28T17:12:33","date_gmt":"2019-10-28T17:12:33","guid":{"rendered":"https:\/\/www.eliassen.nl\/?product=anstrich-aluminium-elefantenkopf-100x100cm-copy"},"modified":"2026-01-07T12:02:44","modified_gmt":"2026-01-07T11:02:44","slug":"lackierung-aluminium-motorseite-100x100cm","status":"publish","type":"product","link":"https:\/\/www.eliassen.nl\/de\/lackierung-aluminium-motorseite-100x100cm\/","title":{"rendered":"Malerei Aluminium Motorrad beiseite 100x100cm"},"content":{"rendered":"<p>M\u00f6chten Sie ein besonderes Gem\u00e4lde an die Wand h\u00e4ngen, das einen ganz einzigartigen Look hat? Dann lassen Sie sich dieses sehr moderne abstrakte Aluminiumgem\u00e4lde der exklusiven Marke ArtEl nicht entgehen. Vollst\u00e4ndig von Hand gefertigt. Durch viel manuelles Schleifen und Polieren eines Aluminiumblechs in Kombination mit den gew\u00e4hlten leuchtenden Farben entsteht ein modernes und zeitgem\u00e4\u00dfes St\u00fcck Wanddekoration f\u00fcr Ihr Arbeits- und Wohnumfeld. Dieses Gem\u00e4lde ist fast 3 cm dick, die R\u00fcckseite ist wundersch\u00f6n mit schwarzem Velours verarbeitet und mit Haken versehen.<\/p>\n<p>Das Motorrad wurde 1880 erfunden, aber mit einem Holzrahmen und einem Dampfantrieb war es damals noch nicht voll leistungsf\u00e4hig. Im Jahr 1894 wurde in Deutschland das erste Motorrad mit einem Stahlrahmen und einem Benzinmotor hergestellt, das bereits das Gef\u00fchl von Geschwindigkeit besser vermitteln konnte als sein Vorg\u00e4nger. Unser handgefertigtes Aluminiumgem\u00e4lde Motor Front verleiht Ihrem Wohnzimmer mit seinen leuchtenden Farben einen coolen Look, der jedes Interieur versch\u00f6nern wird. Das Gem\u00e4lde wurde durch manuelles Schleifen und Polieren auf einer Aluminiumplatte erstellt.<\/p>\n<\/p>\n<ul>\n<li>Gr\u00f6\u00dfe 100 x 100 cm<\/li>\n<li>Dicke 2,7 cm<\/li>\n<li>Moderner und exklusiver Look<\/li>\n<li>Inklusive Aufh\u00e4ngematerial und Aufh\u00e4ngebeschreibung<\/li>\n<li>Nicht f\u00fcr den Au\u00dfeneinsatz geeignet<\/li>\n<li>Schnelle Lieferung in stabilem Karton<\/li>\n<\/ul>\n","protected":false},"excerpt":{"rendered":"<p>M\u00f6chten Sie ein besonderes Gem\u00e4lde an die Wand h\u00e4ngen, das einen ganz einzigartigen Look hat? Dann lassen Sie sich dieses sehr moderne abstrakte Aluminiumgem\u00e4lde der exklusiven Marke ArtEl nicht entgehen. Vollst\u00e4ndig von Hand gefertigt. Durch viel manuelles Schleifen und Polieren eines Aluminiumblechs in Kombination mit den gew\u00e4hlten leuchtenden Farben entsteht ein modernes und zeitgem\u00e4\u00dfes St\u00fcck &hellip;<\/p>\n","protected":false},"featured_media":10942,"template":"","meta":{"_acf_changed":false,"_genesis_title":"","_genesis_description":""},"product_brand":[6916],"product_cat":[410,416,413],"product_tag":[],"class_list":{"0":"post-10945","1":"product","2":"type-product","3":"status-publish","4":"has-post-thumbnail","6":"product_brand-eliassen-de","7":"product_cat-gemaelde","8":"product_cat-aluminium-gemaelde","9":"product_cat-gemaelde-outlet","11":"first","12":"instock","13":"taxable","14":"shipping-taxable","15":"purchasable","16":"product-type-simple"},"acf":[],"meta_all":{"total_sales":"0","wcml_sync_hash":{"postmeta_fields":"9f26a9c92cc2f617a7e9c01e8871123b"},"attr_label_translations":[]},"meta_all_flat":{"total_sales":"0","wcml_sync_hash.postmeta_fields":"9f26a9c92cc2f617a7e9c01e8871123b"},"yoast_head":"<!-- This site is optimized with the Yoast SEO Premium plugin v26.2 (Yoast SEO v27.2) - https:\/\/yoast.com\/product\/yoast-seo-premium-wordpress\/ -->\n<title>Malerei Aluminium MOTOR beiseite 100x100cm<\/title>\n<meta name=\"description\" content=\"Motorrad malen kaufen? Dann wird dieses abstrakte Aluminiumgem\u00e4lde, das vollst\u00e4ndig handgefertigt ist, eine sch\u00f6ne Wanddekoration f\u00fcr Sie sein. LIVE zu sehen!\" \/>\n<meta name=\"robots\" content=\"index, follow, max-snippet:-1, max-image-preview:large, max-video-preview:-1\" \/>\n<link rel=\"canonical\" href=\"https:\/\/www.eliassen.nl\/de\/lackierung-aluminium-motorseite-100x100cm\/\" \/>\n<meta property=\"og:locale\" content=\"de_DE\" \/>\n<meta property=\"og:type\" content=\"article\" \/>\n<meta property=\"og:title\" content=\"Eliassen Malerei Aluminium Motorrad beiseite 100x100cm - Eliassen.nl\" \/>\n<meta property=\"og:description\" content=\"Motorrad malen kaufen? Dann wird dieses abstrakte Aluminiumgem\u00e4lde, das vollst\u00e4ndig handgefertigt ist, eine sch\u00f6ne Wanddekoration f\u00fcr Sie sein. LIVE zu sehen!\" \/>\n<meta property=\"og:url\" content=\"https:\/\/www.eliassen.nl\/de\/lackierung-aluminium-motorseite-100x100cm\/\" \/>\n<meta property=\"og:site_name\" content=\"Eliassen.nl\" \/>\n<meta property=\"article:publisher\" content=\"https:\/\/www.facebook.com\/TuincentrumEliassenAmmerzoden\" \/>\n<meta property=\"article:modified_time\" content=\"2026-01-07T11:02:44+00:00\" \/>\n<meta property=\"og:image\" content=\"https:\/\/www.eliassen.nl\/wp-content\/uploads\/2024\/01\/schilderijaluminiummotoropzij.jpg\" \/>\n\t<meta property=\"og:image:width\" content=\"1024\" \/>\n\t<meta property=\"og:image:height\" content=\"1024\" \/>\n\t<meta property=\"og:image:type\" content=\"image\/jpeg\" \/>\n<meta name=\"twitter:card\" content=\"summary_large_image\" \/>\n<script type=\"application\/ld+json\" class=\"yoast-schema-graph\">{\"@context\":\"https:\/\/schema.org\",\"@graph\":[{\"@type\":\"WebPage\",\"@id\":\"https:\/\/www.eliassen.nl\/de\/lackierung-aluminium-motorseite-100x100cm\/\",\"url\":\"https:\/\/www.eliassen.nl\/de\/lackierung-aluminium-motorseite-100x100cm\/\",\"name\":\"Malerei Aluminium MOTOR beiseite 100x100cm\",\"isPartOf\":{\"@id\":\"https:\/\/www.eliassen.nl\/de\/#website\"},\"primaryImageOfPage\":{\"@id\":\"https:\/\/www.eliassen.nl\/de\/lackierung-aluminium-motorseite-100x100cm\/#primaryimage\"},\"image\":{\"@id\":\"https:\/\/www.eliassen.nl\/de\/lackierung-aluminium-motorseite-100x100cm\/#primaryimage\"},\"thumbnailUrl\":\"https:\/\/www.eliassen.nl\/wp-content\/uploads\/2024\/01\/schilderijaluminiummotoropzij.jpg\",\"datePublished\":\"2019-10-28T17:12:33+00:00\",\"dateModified\":\"2026-01-07T11:02:44+00:00\",\"description\":\"Motorrad malen kaufen? Dann wird dieses abstrakte Aluminiumgem\u00e4lde, das vollst\u00e4ndig handgefertigt ist, eine sch\u00f6ne Wanddekoration f\u00fcr Sie sein. LIVE zu sehen!\",\"breadcrumb\":{\"@id\":\"https:\/\/www.eliassen.nl\/de\/lackierung-aluminium-motorseite-100x100cm\/#breadcrumb\"},\"inLanguage\":\"de\",\"potentialAction\":[{\"@type\":\"ReadAction\",\"target\":[\"https:\/\/www.eliassen.nl\/de\/lackierung-aluminium-motorseite-100x100cm\/\"]}]},{\"@type\":\"ImageObject\",\"inLanguage\":\"de\",\"@id\":\"https:\/\/www.eliassen.nl\/de\/lackierung-aluminium-motorseite-100x100cm\/#primaryimage\",\"url\":\"https:\/\/www.eliassen.nl\/wp-content\/uploads\/2024\/01\/schilderijaluminiummotoropzij.jpg\",\"contentUrl\":\"https:\/\/www.eliassen.nl\/wp-content\/uploads\/2024\/01\/schilderijaluminiummotoropzij.jpg\",\"width\":2048,\"height\":2048,\"caption\":\"Lackieren von Aluminium MOTOR beiseite\"},{\"@type\":\"BreadcrumbList\",\"@id\":\"https:\/\/www.eliassen.nl\/de\/lackierung-aluminium-motorseite-100x100cm\/#breadcrumb\",\"itemListElement\":[{\"@type\":\"ListItem\",\"position\":1,\"name\":\"Home\",\"item\":\"https:\/\/www.eliassen.nl\/de\/\"},{\"@type\":\"ListItem\",\"position\":2,\"name\":\"Shop\",\"item\":\"https:\/\/www.eliassen.nl\/de\/shop\/\"},{\"@type\":\"ListItem\",\"position\":3,\"name\":\"Gem\u00e4lde\",\"item\":\"https:\/\/www.eliassen.nl\/de\/gemaelde\/\"},{\"@type\":\"ListItem\",\"position\":4,\"name\":\"Gem\u00e4lde aus Aluminium\",\"item\":\"https:\/\/www.eliassen.nl\/de\/gemaelde\/aluminium-gemaelde\/\"},{\"@type\":\"ListItem\",\"position\":5,\"name\":\"Malerei Aluminium Motorrad beiseite 100x100cm\"}]},{\"@type\":\"WebSite\",\"@id\":\"https:\/\/www.eliassen.nl\/de\/#website\",\"url\":\"https:\/\/www.eliassen.nl\/de\/\",\"name\":\"Eliassen Home & Garden Pleasure\",\"description\":\"\",\"publisher\":{\"@id\":\"https:\/\/www.eliassen.nl\/de\/#organization\"},\"alternateName\":\"Eliassen.nl\",\"potentialAction\":[{\"@type\":\"SearchAction\",\"target\":{\"@type\":\"EntryPoint\",\"urlTemplate\":\"https:\/\/www.eliassen.nl\/de\/?s={search_term_string}\"},\"query-input\":{\"@type\":\"PropertyValueSpecification\",\"valueRequired\":true,\"valueName\":\"search_term_string\"}}],\"inLanguage\":\"de\"},{\"@type\":[\"Organization\",\"Place\"],\"@id\":\"https:\/\/www.eliassen.nl\/de\/#organization\",\"name\":\"Eliassen Home & Garden Pleasure\",\"url\":\"https:\/\/www.eliassen.nl\/de\/\",\"logo\":{\"@id\":\"https:\/\/www.eliassen.nl\/de\/lackierung-aluminium-motorseite-100x100cm\/#local-main-organization-logo\"},\"image\":{\"@id\":\"https:\/\/www.eliassen.nl\/de\/lackierung-aluminium-motorseite-100x100cm\/#local-main-organization-logo\"},\"sameAs\":[\"https:\/\/www.facebook.com\/TuincentrumEliassenAmmerzoden\",\"https:\/\/www.instagram.com\/eliassenhomeandgarden\/\",\"https:\/\/nl.pinterest.com\/eliassenhomeandgarden\/\",\"https:\/\/www.youtube.com\/@eliassenhomegardenpleasure4558\"],\"telephone\":[],\"openingHoursSpecification\":[{\"@type\":\"OpeningHoursSpecification\",\"dayOfWeek\":[\"Monday\",\"Tuesday\",\"Wednesday\",\"Thursday\",\"Friday\",\"Saturday\",\"Sunday\"],\"opens\":\"09:00\",\"closes\":\"17:00\"}]},{\"@type\":\"ImageObject\",\"inLanguage\":\"de\",\"@id\":\"https:\/\/www.eliassen.nl\/de\/lackierung-aluminium-motorseite-100x100cm\/#local-main-organization-logo\",\"url\":\"https:\/\/www.eliassen.nl\/wp-content\/uploads\/2024\/01\/logo_4nd.jpg\",\"contentUrl\":\"https:\/\/www.eliassen.nl\/wp-content\/uploads\/2024\/01\/logo_4nd.jpg\",\"width\":500,\"height\":500,\"caption\":\"Eliassen Home & Garden Pleasure\"}]}<\/script>\n<meta property=\"product:price:amount\" content=\"239.00\" \/>\n<meta property=\"product:price:currency\" content=\"EUR\" \/>\n<meta property=\"og:availability\" content=\"instock\" \/>\n<meta property=\"product:availability\" content=\"instock\" \/>\n<meta property=\"product:retailer_item_id\" content=\"Lb550\" \/>\n<meta property=\"product:condition\" content=\"new\" \/>\n<!-- \/ Yoast SEO Premium plugin. -->","yoast_head_json":{"title":"Malerei Aluminium MOTOR beiseite 100x100cm","description":"Motorrad malen kaufen? Dann wird dieses abstrakte Aluminiumgem\u00e4lde, das vollst\u00e4ndig handgefertigt ist, eine sch\u00f6ne Wanddekoration f\u00fcr Sie sein. LIVE zu sehen!","robots":{"index":"index","follow":"follow","max-snippet":"max-snippet:-1","max-image-preview":"max-image-preview:large","max-video-preview":"max-video-preview:-1"},"canonical":"https:\/\/www.eliassen.nl\/de\/lackierung-aluminium-motorseite-100x100cm\/","og_locale":"de_DE","og_type":"article","og_title":"Eliassen Malerei Aluminium Motorrad beiseite 100x100cm - Eliassen.nl","og_description":"Motorrad malen kaufen? Dann wird dieses abstrakte Aluminiumgem\u00e4lde, das vollst\u00e4ndig handgefertigt ist, eine sch\u00f6ne Wanddekoration f\u00fcr Sie sein. LIVE zu sehen!","og_url":"https:\/\/www.eliassen.nl\/de\/lackierung-aluminium-motorseite-100x100cm\/","og_site_name":"Eliassen.nl","article_publisher":"https:\/\/www.facebook.com\/TuincentrumEliassenAmmerzoden","article_modified_time":"2026-01-07T11:02:44+00:00","og_image":[{"url":"https:\/\/www.eliassen.nl\/wp-content\/uploads\/2024\/01\/schilderijaluminiummotoropzij.jpg","width":1024,"height":1024,"type":"image\/jpeg"}],"twitter_card":"summary_large_image","schema":{"@context":"https:\/\/schema.org","@graph":[{"@type":"WebPage","@id":"https:\/\/www.eliassen.nl\/de\/lackierung-aluminium-motorseite-100x100cm\/","url":"https:\/\/www.eliassen.nl\/de\/lackierung-aluminium-motorseite-100x100cm\/","name":"Malerei Aluminium MOTOR beiseite 100x100cm","isPartOf":{"@id":"https:\/\/www.eliassen.nl\/de\/#website"},"primaryImageOfPage":{"@id":"https:\/\/www.eliassen.nl\/de\/lackierung-aluminium-motorseite-100x100cm\/#primaryimage"},"image":{"@id":"https:\/\/www.eliassen.nl\/de\/lackierung-aluminium-motorseite-100x100cm\/#primaryimage"},"thumbnailUrl":"https:\/\/www.eliassen.nl\/wp-content\/uploads\/2024\/01\/schilderijaluminiummotoropzij.jpg","datePublished":"2019-10-28T17:12:33+00:00","dateModified":"2026-01-07T11:02:44+00:00","description":"Motorrad malen kaufen? Dann wird dieses abstrakte Aluminiumgem\u00e4lde, das vollst\u00e4ndig handgefertigt ist, eine sch\u00f6ne Wanddekoration f\u00fcr Sie sein. LIVE zu sehen!","breadcrumb":{"@id":"https:\/\/www.eliassen.nl\/de\/lackierung-aluminium-motorseite-100x100cm\/#breadcrumb"},"inLanguage":"de","potentialAction":[{"@type":"ReadAction","target":["https:\/\/www.eliassen.nl\/de\/lackierung-aluminium-motorseite-100x100cm\/"]}]},{"@type":"ImageObject","inLanguage":"de","@id":"https:\/\/www.eliassen.nl\/de\/lackierung-aluminium-motorseite-100x100cm\/#primaryimage","url":"https:\/\/www.eliassen.nl\/wp-content\/uploads\/2024\/01\/schilderijaluminiummotoropzij.jpg","contentUrl":"https:\/\/www.eliassen.nl\/wp-content\/uploads\/2024\/01\/schilderijaluminiummotoropzij.jpg","width":2048,"height":2048,"caption":"Lackieren von Aluminium MOTOR beiseite"},{"@type":"BreadcrumbList","@id":"https:\/\/www.eliassen.nl\/de\/lackierung-aluminium-motorseite-100x100cm\/#breadcrumb","itemListElement":[{"@type":"ListItem","position":1,"name":"Home","item":"https:\/\/www.eliassen.nl\/de\/"},{"@type":"ListItem","position":2,"name":"Shop","item":"https:\/\/www.eliassen.nl\/de\/shop\/"},{"@type":"ListItem","position":3,"name":"Gem\u00e4lde","item":"https:\/\/www.eliassen.nl\/de\/gemaelde\/"},{"@type":"ListItem","position":4,"name":"Gem\u00e4lde aus Aluminium","item":"https:\/\/www.eliassen.nl\/de\/gemaelde\/aluminium-gemaelde\/"},{"@type":"ListItem","position":5,"name":"Malerei Aluminium Motorrad beiseite 100x100cm"}]},{"@type":"WebSite","@id":"https:\/\/www.eliassen.nl\/de\/#website","url":"https:\/\/www.eliassen.nl\/de\/","name":"Eliassen Home & Garden Pleasure","description":"","publisher":{"@id":"https:\/\/www.eliassen.nl\/de\/#organization"},"alternateName":"Eliassen.nl","potentialAction":[{"@type":"SearchAction","target":{"@type":"EntryPoint","urlTemplate":"https:\/\/www.eliassen.nl\/de\/?s={search_term_string}"},"query-input":{"@type":"PropertyValueSpecification","valueRequired":true,"valueName":"search_term_string"}}],"inLanguage":"de"},{"@type":["Organization","Place"],"@id":"https:\/\/www.eliassen.nl\/de\/#organization","name":"Eliassen Home & Garden Pleasure","url":"https:\/\/www.eliassen.nl\/de\/","logo":{"@id":"https:\/\/www.eliassen.nl\/de\/lackierung-aluminium-motorseite-100x100cm\/#local-main-organization-logo"},"image":{"@id":"https:\/\/www.eliassen.nl\/de\/lackierung-aluminium-motorseite-100x100cm\/#local-main-organization-logo"},"sameAs":["https:\/\/www.facebook.com\/TuincentrumEliassenAmmerzoden","https:\/\/www.instagram.com\/eliassenhomeandgarden\/","https:\/\/nl.pinterest.com\/eliassenhomeandgarden\/","https:\/\/www.youtube.com\/@eliassenhomegardenpleasure4558"],"telephone":[],"openingHoursSpecification":[{"@type":"OpeningHoursSpecification","dayOfWeek":["Monday","Tuesday","Wednesday","Thursday","Friday","Saturday","Sunday"],"opens":"09:00","closes":"17:00"}]},{"@type":"ImageObject","inLanguage":"de","@id":"https:\/\/www.eliassen.nl\/de\/lackierung-aluminium-motorseite-100x100cm\/#local-main-organization-logo","url":"https:\/\/www.eliassen.nl\/wp-content\/uploads\/2024\/01\/logo_4nd.jpg","contentUrl":"https:\/\/www.eliassen.nl\/wp-content\/uploads\/2024\/01\/logo_4nd.jpg","width":500,"height":500,"caption":"Eliassen Home & Garden Pleasure"}]},"product_price_amount":"239.00","product_price_currency":"EUR","og_availability":"instock","product_availability":"instock","product_retailer_item_id":"Lb550","product_condition":"new"},"df_price":239,"df_sale_price":"","df_regular_price":239,"df_image_link":"https:\/\/www.eliassen.nl\/wp-content\/uploads\/2024\/01\/schilderijaluminiummotoropzij.jpg","image":"https:\/\/www.eliassen.nl\/wp-content\/uploads\/2024\/01\/schilderijaluminiummotoropzij.jpg","price_search":"<span class=\"woocommerce-Price-amount amount\"><bdi><span class=\"woocommerce-Price-currencySymbol\">&euro;<\/span>&nbsp;239,00<\/bdi><\/span>","category":"Gem\u00e4lde","global_unique_id":"7446038185105","_links":{"self":[{"href":"https:\/\/www.eliassen.nl\/de\/wp-json\/wp\/v2\/product\/10945","targetHints":{"allow":["GET"]}}],"collection":[{"href":"https:\/\/www.eliassen.nl\/de\/wp-json\/wp\/v2\/product"}],"about":[{"href":"https:\/\/www.eliassen.nl\/de\/wp-json\/wp\/v2\/types\/product"}],"wp:featuredmedia":[{"embeddable":true,"href":"https:\/\/www.eliassen.nl\/de\/wp-json\/wp\/v2\/media\/10942"}],"wp:attachment":[{"href":"https:\/\/www.eliassen.nl\/de\/wp-json\/wp\/v2\/media?parent=10945"}],"wp:term":[{"taxonomy":"product_brand","embeddable":true,"href":"https:\/\/www.eliassen.nl\/de\/wp-json\/wp\/v2\/product_brand?post=10945"},{"taxonomy":"product_cat","embeddable":true,"href":"https:\/\/www.eliassen.nl\/de\/wp-json\/wp\/v2\/product_cat?post=10945"},{"taxonomy":"product_tag","embeddable":true,"href":"https:\/\/www.eliassen.nl\/de\/wp-json\/wp\/v2\/product_tag?post=10945"}],"curies":[{"name":"wp","href":"https:\/\/api.w.org\/{rel}","templated":true}]}}