{"id":10927,"date":"2019-10-28T17:11:34","date_gmt":"2019-10-28T17:11:34","guid":{"rendered":"https:\/\/www.eliassen.nl\/?product=ganesh-bild-enthalten-sind-gross"},"modified":"2026-02-21T15:21:25","modified_gmt":"2026-02-21T14:21:25","slug":"ganesh-bild-enthalten-sind-gross","status":"publish","type":"product","link":"https:\/\/www.eliassen.nl\/de\/ganesh-bild-enthalten-sind-gross\/","title":{"rendered":"Ganesha Statue stehend gro\u00df 150cm"},"content":{"rendered":"<div class=\"page info active\"><strong>Jetzt auch in Rostfarbe !<\/strong><\/div>\n<div class=\"page info active\">Wundersch\u00f6n detaillierter stehender Ganesha, Hindu-Gott der Weisheit. Hergestellt aus Kunststein in Schwarzbraun.<br \/>\nDie Gr\u00f6\u00dfe ist 40x35x150cm hoch.<\/div>\n<div class=\"page info active\">Ein besseres Foto folgt noch.<\/div>\n<div class=\"page info active\">\n<ul>\n<li>H\u00f6henmessung: 150cm<\/li>\n<li>Opp Gr\u00f6\u00dfe: 40x35cm<\/li>\n<li>Hochwertiger Kunststein<\/li>\n<li>Handgemacht<\/li>\n<li>Schnelle Lieferung<\/li>\n<li><strong>Vieles aus dieser Serie ist auch in unserem Gesch\u00e4ft zu sehen<\/strong><\/li>\n<li>Ganesha hat seinen Elefantenkopf f\u00fcr ein tragisches Missverst\u00e4ndnis verantwortlich gemacht. Als Shiva (Vater) eines Tages das Haus verl\u00e4sst, macht Parvati (Mutter) aus Hautschuppen und \u00d6len ihren Sohn Ganesha. Als Shiva nach Hause zur\u00fcckkehrte, w\u00fcrgte ihn der erwachende Ganesha. Shiva glaubte, es mit einem Rivalen zu tun zu haben und hackte ihm den Kopf ab. Parvati war untr\u00f6stlich. Die Diener wurden angewiesen, bei Bedarf einen neuen Kopf f\u00fcr den Ungl\u00fccklichen zu finden, und zwar von dem ersten Lebewesen, das sie fanden. Es stellte sich heraus, dass es sich um einen Elefanten handelte, so dass der Torso von Ganesha vom Kopf eines Elefanten stammt.<\/li>\n<\/ul>\n<p>So kam er wieder ins Leben zur\u00fcck, aber er musste sein Dasein mit einem seltsamen Kopf fristen.<br \/>\nGanesha wird oft als W\u00e4chter abgebildet. In seinen vier H\u00e4nden h\u00e4lt er dann einen Stock oder eine Axt. Mit der Axt hackt er falsche Illusionen weg, mit dem Stock m\u00f6chte er kontrollieren. Wie bei den meisten hinduistischen G\u00f6ttern gibt es eine interessante Symbolik in seiner Gestalt.<br \/>\nDie Abbildung einer Seerose zum Beispiel symbolisiert Ganeshas Furchtlosigkeit und Reinheit. Einer seiner Sto\u00dfz\u00e4hne ist manchmal gebrochen. Das zeigt, dass selbst G\u00f6tter nicht perfekt sind. In einer seiner H\u00e4nde, oft Reis, ist ein Zeichen des \u00dcberflusses. Seine Krone ist nat\u00fcrlich ein Zeichen der Heiligkeit und seine kleinen Augen stehen f\u00fcr die Notwendigkeit, nach innen zu schauen und sich selbst zu verstehen.<br \/>\nDer Berg von Ganesha ist eine Ratte, die zeigt, dass Gro\u00df und Klein in Frieden miteinander leben k\u00f6nnen.<br \/>\nGanesha ist der Gott der Weisheit, Gl\u00fccksbringer und Besch\u00fctzer.<br \/>\nZu Beginn jeder Reise, jedes Rituals und jedes gr\u00f6\u00dferen Ereignisses wird zun\u00e4chst Ganesha angerufen und verehrt.<\/p>\n<\/div>\n<div class=\"page info active\"><\/div>\n","protected":false},"excerpt":{"rendered":"<p>\u2713 40x35x150cm hoch \u2713 Hochwertiger Kunststein<\/p>\n","protected":false},"featured_media":10915,"template":"","meta":{"_acf_changed":false,"_genesis_title":"","_genesis_description":""},"product_brand":[7505],"product_cat":[677,686,7239],"product_tag":[],"class_list":{"0":"post-10927","1":"product","2":"type-product","3":"status-publish","4":"has-post-thumbnail","6":"product_brand-sonstige","7":"product_cat-betonstatuen","8":"product_cat-hinduistische-bilder","9":"product_cat-bilder","11":"first","12":"instock","13":"taxable","14":"shipping-taxable","15":"purchasable","16":"product-type-simple"},"acf":[],"meta_all":{"total_sales":"2","wcml_sync_hash":{"postmeta_fields":"f87750db881621153f9da14706f1e325"},"attr_label_translations":[],"cor_restricted_countries":[]},"meta_all_flat":{"total_sales":"2","wcml_sync_hash.postmeta_fields":"f87750db881621153f9da14706f1e325"},"yoast_head":"<!-- This site is optimized with the Yoast SEO Premium plugin v26.2 (Yoast SEO v27.2) - https:\/\/yoast.com\/product\/yoast-seo-premium-wordpress\/ -->\n<title>Ganesha Statue stehend gro\u00df | Eliassen<\/title>\n<meta name=\"description\" content=\"Kaufen Sie bei Eliassen die Ganesha-Statue stehend gro\u00df online oder sehen Sie sie live im Ausstellungsraum. Wir haben die sch\u00f6nsten Steinstatuen, Hindu-Statuen\" \/>\n<meta name=\"robots\" content=\"index, follow, max-snippet:-1, max-image-preview:large, max-video-preview:-1\" \/>\n<link rel=\"canonical\" href=\"https:\/\/www.eliassen.nl\/de\/ganesh-bild-enthalten-sind-gross\/\" \/>\n<meta property=\"og:locale\" content=\"de_DE\" \/>\n<meta property=\"og:type\" content=\"article\" \/>\n<meta property=\"og:title\" content=\"Sonstige Ganesha Statue stehend gro\u00df 150cm - Eliassen.nl\" \/>\n<meta property=\"og:description\" content=\"Kaufen Sie bei Eliassen die Ganesha-Statue stehend gro\u00df online oder sehen Sie sie live im Ausstellungsraum. Wir haben die sch\u00f6nsten Steinstatuen, Hindu-Statuen\" \/>\n<meta property=\"og:url\" content=\"https:\/\/www.eliassen.nl\/de\/ganesh-bild-enthalten-sind-gross\/\" \/>\n<meta property=\"og:site_name\" content=\"Eliassen.nl\" \/>\n<meta property=\"article:publisher\" content=\"https:\/\/www.facebook.com\/TuincentrumEliassenAmmerzoden\" \/>\n<meta property=\"article:modified_time\" content=\"2026-02-21T14:21:25+00:00\" \/>\n<meta property=\"og:image\" content=\"https:\/\/www.eliassen.nl\/wp-content\/uploads\/2024\/01\/20180405162047.jpg\" \/>\n\t<meta property=\"og:image:width\" content=\"768\" \/>\n\t<meta property=\"og:image:height\" content=\"1024\" \/>\n\t<meta property=\"og:image:type\" content=\"image\/jpeg\" \/>\n<meta name=\"twitter:card\" content=\"summary_large_image\" \/>\n<script type=\"application\/ld+json\" class=\"yoast-schema-graph\">{\"@context\":\"https:\/\/schema.org\",\"@graph\":[{\"@type\":\"WebPage\",\"@id\":\"https:\/\/www.eliassen.nl\/de\/ganesh-bild-enthalten-sind-gross\/\",\"url\":\"https:\/\/www.eliassen.nl\/de\/ganesh-bild-enthalten-sind-gross\/\",\"name\":\"Ganesha Statue stehend gro\u00df | Eliassen\",\"isPartOf\":{\"@id\":\"https:\/\/www.eliassen.nl\/de\/#website\"},\"primaryImageOfPage\":{\"@id\":\"https:\/\/www.eliassen.nl\/de\/ganesh-bild-enthalten-sind-gross\/#primaryimage\"},\"image\":{\"@id\":\"https:\/\/www.eliassen.nl\/de\/ganesh-bild-enthalten-sind-gross\/#primaryimage\"},\"thumbnailUrl\":\"https:\/\/www.eliassen.nl\/wp-content\/uploads\/2024\/01\/20180405162047.jpg\",\"datePublished\":\"2019-10-28T17:11:34+00:00\",\"dateModified\":\"2026-02-21T14:21:25+00:00\",\"description\":\"Kaufen Sie bei Eliassen die Ganesha-Statue stehend gro\u00df online oder sehen Sie sie live im Ausstellungsraum. Wir haben die sch\u00f6nsten Steinstatuen, Hindu-Statuen\",\"breadcrumb\":{\"@id\":\"https:\/\/www.eliassen.nl\/de\/ganesh-bild-enthalten-sind-gross\/#breadcrumb\"},\"inLanguage\":\"de\",\"potentialAction\":[{\"@type\":\"ReadAction\",\"target\":[\"https:\/\/www.eliassen.nl\/de\/ganesh-bild-enthalten-sind-gross\/\"]}]},{\"@type\":\"ImageObject\",\"inLanguage\":\"de\",\"@id\":\"https:\/\/www.eliassen.nl\/de\/ganesh-bild-enthalten-sind-gross\/#primaryimage\",\"url\":\"https:\/\/www.eliassen.nl\/wp-content\/uploads\/2024\/01\/20180405162047.jpg\",\"contentUrl\":\"https:\/\/www.eliassen.nl\/wp-content\/uploads\/2024\/01\/20180405162047.jpg\",\"width\":768,\"height\":1024,\"caption\":\"20180405-162047\"},{\"@type\":\"BreadcrumbList\",\"@id\":\"https:\/\/www.eliassen.nl\/de\/ganesh-bild-enthalten-sind-gross\/#breadcrumb\",\"itemListElement\":[{\"@type\":\"ListItem\",\"position\":1,\"name\":\"Home\",\"item\":\"https:\/\/www.eliassen.nl\/de\/\"},{\"@type\":\"ListItem\",\"position\":2,\"name\":\"Shop\",\"item\":\"https:\/\/www.eliassen.nl\/de\/shop\/\"},{\"@type\":\"ListItem\",\"position\":3,\"name\":\"Bilder\",\"item\":\"https:\/\/www.eliassen.nl\/de\/bilder\/\"},{\"@type\":\"ListItem\",\"position\":4,\"name\":\"Betonstatuen\",\"item\":\"https:\/\/www.eliassen.nl\/de\/bilder\/betonstatuen\/\"},{\"@type\":\"ListItem\",\"position\":5,\"name\":\"Hinduistische Bilder\",\"item\":\"https:\/\/www.eliassen.nl\/de\/bilder\/betonstatuen\/hinduistische-bilder\/\"},{\"@type\":\"ListItem\",\"position\":6,\"name\":\"Ganesha Statue stehend gro\u00df 150cm\"}]},{\"@type\":\"WebSite\",\"@id\":\"https:\/\/www.eliassen.nl\/de\/#website\",\"url\":\"https:\/\/www.eliassen.nl\/de\/\",\"name\":\"Eliassen Home & Garden Pleasure\",\"description\":\"\",\"publisher\":{\"@id\":\"https:\/\/www.eliassen.nl\/de\/#organization\"},\"alternateName\":\"Eliassen.nl\",\"potentialAction\":[{\"@type\":\"SearchAction\",\"target\":{\"@type\":\"EntryPoint\",\"urlTemplate\":\"https:\/\/www.eliassen.nl\/de\/?s={search_term_string}\"},\"query-input\":{\"@type\":\"PropertyValueSpecification\",\"valueRequired\":true,\"valueName\":\"search_term_string\"}}],\"inLanguage\":\"de\"},{\"@type\":[\"Organization\",\"Place\"],\"@id\":\"https:\/\/www.eliassen.nl\/de\/#organization\",\"name\":\"Eliassen Home & Garden Pleasure\",\"url\":\"https:\/\/www.eliassen.nl\/de\/\",\"logo\":{\"@id\":\"https:\/\/www.eliassen.nl\/de\/ganesh-bild-enthalten-sind-gross\/#local-main-organization-logo\"},\"image\":{\"@id\":\"https:\/\/www.eliassen.nl\/de\/ganesh-bild-enthalten-sind-gross\/#local-main-organization-logo\"},\"sameAs\":[\"https:\/\/www.facebook.com\/TuincentrumEliassenAmmerzoden\",\"https:\/\/www.instagram.com\/eliassenhomeandgarden\/\",\"https:\/\/nl.pinterest.com\/eliassenhomeandgarden\/\",\"https:\/\/www.youtube.com\/@eliassenhomegardenpleasure4558\"],\"telephone\":[],\"openingHoursSpecification\":[{\"@type\":\"OpeningHoursSpecification\",\"dayOfWeek\":[\"Monday\",\"Tuesday\",\"Wednesday\",\"Thursday\",\"Friday\",\"Saturday\",\"Sunday\"],\"opens\":\"09:00\",\"closes\":\"17:00\"}]},{\"@type\":\"ImageObject\",\"inLanguage\":\"de\",\"@id\":\"https:\/\/www.eliassen.nl\/de\/ganesh-bild-enthalten-sind-gross\/#local-main-organization-logo\",\"url\":\"https:\/\/www.eliassen.nl\/wp-content\/uploads\/2024\/01\/logo_4nd.jpg\",\"contentUrl\":\"https:\/\/www.eliassen.nl\/wp-content\/uploads\/2024\/01\/logo_4nd.jpg\",\"width\":500,\"height\":500,\"caption\":\"Eliassen Home & Garden Pleasure\"}]}<\/script>\n<meta property=\"product:price:amount\" content=\"425.00\" \/>\n<meta property=\"product:price:currency\" content=\"EUR\" \/>\n<meta property=\"og:availability\" content=\"instock\" \/>\n<meta property=\"product:availability\" content=\"instock\" \/>\n<meta property=\"product:retailer_item_id\" content=\"Brgst150\" \/>\n<meta property=\"product:condition\" content=\"new\" \/>\n<!-- \/ Yoast SEO Premium plugin. -->","yoast_head_json":{"title":"Ganesha Statue stehend gro\u00df | Eliassen","description":"Kaufen Sie bei Eliassen die Ganesha-Statue stehend gro\u00df online oder sehen Sie sie live im Ausstellungsraum. Wir haben die sch\u00f6nsten Steinstatuen, Hindu-Statuen","robots":{"index":"index","follow":"follow","max-snippet":"max-snippet:-1","max-image-preview":"max-image-preview:large","max-video-preview":"max-video-preview:-1"},"canonical":"https:\/\/www.eliassen.nl\/de\/ganesh-bild-enthalten-sind-gross\/","og_locale":"de_DE","og_type":"article","og_title":"Sonstige Ganesha Statue stehend gro\u00df 150cm - Eliassen.nl","og_description":"Kaufen Sie bei Eliassen die Ganesha-Statue stehend gro\u00df online oder sehen Sie sie live im Ausstellungsraum. Wir haben die sch\u00f6nsten Steinstatuen, Hindu-Statuen","og_url":"https:\/\/www.eliassen.nl\/de\/ganesh-bild-enthalten-sind-gross\/","og_site_name":"Eliassen.nl","article_publisher":"https:\/\/www.facebook.com\/TuincentrumEliassenAmmerzoden","article_modified_time":"2026-02-21T14:21:25+00:00","og_image":[{"width":768,"height":1024,"url":"https:\/\/www.eliassen.nl\/wp-content\/uploads\/2024\/01\/20180405162047.jpg","type":"image\/jpeg"}],"twitter_card":"summary_large_image","schema":{"@context":"https:\/\/schema.org","@graph":[{"@type":"WebPage","@id":"https:\/\/www.eliassen.nl\/de\/ganesh-bild-enthalten-sind-gross\/","url":"https:\/\/www.eliassen.nl\/de\/ganesh-bild-enthalten-sind-gross\/","name":"Ganesha Statue stehend gro\u00df | Eliassen","isPartOf":{"@id":"https:\/\/www.eliassen.nl\/de\/#website"},"primaryImageOfPage":{"@id":"https:\/\/www.eliassen.nl\/de\/ganesh-bild-enthalten-sind-gross\/#primaryimage"},"image":{"@id":"https:\/\/www.eliassen.nl\/de\/ganesh-bild-enthalten-sind-gross\/#primaryimage"},"thumbnailUrl":"https:\/\/www.eliassen.nl\/wp-content\/uploads\/2024\/01\/20180405162047.jpg","datePublished":"2019-10-28T17:11:34+00:00","dateModified":"2026-02-21T14:21:25+00:00","description":"Kaufen Sie bei Eliassen die Ganesha-Statue stehend gro\u00df online oder sehen Sie sie live im Ausstellungsraum. Wir haben die sch\u00f6nsten Steinstatuen, Hindu-Statuen","breadcrumb":{"@id":"https:\/\/www.eliassen.nl\/de\/ganesh-bild-enthalten-sind-gross\/#breadcrumb"},"inLanguage":"de","potentialAction":[{"@type":"ReadAction","target":["https:\/\/www.eliassen.nl\/de\/ganesh-bild-enthalten-sind-gross\/"]}]},{"@type":"ImageObject","inLanguage":"de","@id":"https:\/\/www.eliassen.nl\/de\/ganesh-bild-enthalten-sind-gross\/#primaryimage","url":"https:\/\/www.eliassen.nl\/wp-content\/uploads\/2024\/01\/20180405162047.jpg","contentUrl":"https:\/\/www.eliassen.nl\/wp-content\/uploads\/2024\/01\/20180405162047.jpg","width":768,"height":1024,"caption":"20180405-162047"},{"@type":"BreadcrumbList","@id":"https:\/\/www.eliassen.nl\/de\/ganesh-bild-enthalten-sind-gross\/#breadcrumb","itemListElement":[{"@type":"ListItem","position":1,"name":"Home","item":"https:\/\/www.eliassen.nl\/de\/"},{"@type":"ListItem","position":2,"name":"Shop","item":"https:\/\/www.eliassen.nl\/de\/shop\/"},{"@type":"ListItem","position":3,"name":"Bilder","item":"https:\/\/www.eliassen.nl\/de\/bilder\/"},{"@type":"ListItem","position":4,"name":"Betonstatuen","item":"https:\/\/www.eliassen.nl\/de\/bilder\/betonstatuen\/"},{"@type":"ListItem","position":5,"name":"Hinduistische Bilder","item":"https:\/\/www.eliassen.nl\/de\/bilder\/betonstatuen\/hinduistische-bilder\/"},{"@type":"ListItem","position":6,"name":"Ganesha Statue stehend gro\u00df 150cm"}]},{"@type":"WebSite","@id":"https:\/\/www.eliassen.nl\/de\/#website","url":"https:\/\/www.eliassen.nl\/de\/","name":"Eliassen Home & Garden Pleasure","description":"","publisher":{"@id":"https:\/\/www.eliassen.nl\/de\/#organization"},"alternateName":"Eliassen.nl","potentialAction":[{"@type":"SearchAction","target":{"@type":"EntryPoint","urlTemplate":"https:\/\/www.eliassen.nl\/de\/?s={search_term_string}"},"query-input":{"@type":"PropertyValueSpecification","valueRequired":true,"valueName":"search_term_string"}}],"inLanguage":"de"},{"@type":["Organization","Place"],"@id":"https:\/\/www.eliassen.nl\/de\/#organization","name":"Eliassen Home & Garden Pleasure","url":"https:\/\/www.eliassen.nl\/de\/","logo":{"@id":"https:\/\/www.eliassen.nl\/de\/ganesh-bild-enthalten-sind-gross\/#local-main-organization-logo"},"image":{"@id":"https:\/\/www.eliassen.nl\/de\/ganesh-bild-enthalten-sind-gross\/#local-main-organization-logo"},"sameAs":["https:\/\/www.facebook.com\/TuincentrumEliassenAmmerzoden","https:\/\/www.instagram.com\/eliassenhomeandgarden\/","https:\/\/nl.pinterest.com\/eliassenhomeandgarden\/","https:\/\/www.youtube.com\/@eliassenhomegardenpleasure4558"],"telephone":[],"openingHoursSpecification":[{"@type":"OpeningHoursSpecification","dayOfWeek":["Monday","Tuesday","Wednesday","Thursday","Friday","Saturday","Sunday"],"opens":"09:00","closes":"17:00"}]},{"@type":"ImageObject","inLanguage":"de","@id":"https:\/\/www.eliassen.nl\/de\/ganesh-bild-enthalten-sind-gross\/#local-main-organization-logo","url":"https:\/\/www.eliassen.nl\/wp-content\/uploads\/2024\/01\/logo_4nd.jpg","contentUrl":"https:\/\/www.eliassen.nl\/wp-content\/uploads\/2024\/01\/logo_4nd.jpg","width":500,"height":500,"caption":"Eliassen Home & Garden Pleasure"}]},"product_price_amount":"425.00","product_price_currency":"EUR","og_availability":"instock","product_availability":"instock","product_retailer_item_id":"Brgst150","product_condition":"new"},"df_price":425,"df_sale_price":"","df_regular_price":425,"df_image_link":"https:\/\/www.eliassen.nl\/wp-content\/uploads\/2024\/01\/20180405162047.jpg","image":"https:\/\/www.eliassen.nl\/wp-content\/uploads\/2024\/01\/20180405162047.jpg","price_search":"<span class=\"woocommerce-Price-amount amount\"><bdi><span class=\"woocommerce-Price-currencySymbol\">&euro;<\/span>&nbsp;425,00<\/bdi><\/span>","category":"Betonstatuen","global_unique_id":"7438235730714","_links":{"self":[{"href":"https:\/\/www.eliassen.nl\/de\/wp-json\/wp\/v2\/product\/10927","targetHints":{"allow":["GET"]}}],"collection":[{"href":"https:\/\/www.eliassen.nl\/de\/wp-json\/wp\/v2\/product"}],"about":[{"href":"https:\/\/www.eliassen.nl\/de\/wp-json\/wp\/v2\/types\/product"}],"wp:featuredmedia":[{"embeddable":true,"href":"https:\/\/www.eliassen.nl\/de\/wp-json\/wp\/v2\/media\/10915"}],"wp:attachment":[{"href":"https:\/\/www.eliassen.nl\/de\/wp-json\/wp\/v2\/media?parent=10927"}],"wp:term":[{"taxonomy":"product_brand","embeddable":true,"href":"https:\/\/www.eliassen.nl\/de\/wp-json\/wp\/v2\/product_brand?post=10927"},{"taxonomy":"product_cat","embeddable":true,"href":"https:\/\/www.eliassen.nl\/de\/wp-json\/wp\/v2\/product_cat?post=10927"},{"taxonomy":"product_tag","embeddable":true,"href":"https:\/\/www.eliassen.nl\/de\/wp-json\/wp\/v2\/product_tag?post=10927"}],"curies":[{"name":"wp","href":"https:\/\/api.w.org\/{rel}","templated":true}]}}