{"id":10678,"date":"2019-10-28T17:10:06","date_gmt":"2019-10-28T17:10:06","guid":{"rendered":"https:\/\/www.eliassen.nl\/?product=super-grossen-sonnenuhr-moderne-bronze"},"modified":"2026-01-16T13:22:02","modified_gmt":"2026-01-16T12:22:02","slug":"sonnenuhr-bronze-modern-super-gross","status":"publish","type":"product","link":"https:\/\/www.eliassen.nl\/de\/sonnenuhr-bronze-modern-super-gross\/","title":{"rendered":"Sonnenuhr Bronze modern super gro\u00df"},"content":{"rendered":"<p>Versch\u00f6nern Sie Ihren Garten oder Ihre Innenr\u00e4ume mit einer Sonnenuhr aus Bronze. Das authentische Aussehen dieser Sonnenuhr ist ein wahrer Genuss, wenn Sie authentische Statuen und Sonnenuhren aus Bronze, Messing oder Kupfer m\u00f6gen.<\/p>\n<p><em>Wie funktionieren die Sonnenuhren?<\/em><\/p>\n<p>Eine Sonnenuhr ist ein Hilfsmittel zur Anzeige der Uhrzeit anhand der Sonne. Dies kann z.B. in Form eines Flugzeugs oder einer Scheibe sein.<\/p>\n<p>Der Kupfergehalt dieser Bronzesonnenuhr betr\u00e4gt mindestens 75%. Dies garantiert eine sehr lange Lebensdauer. Die meisten Statuen haben an der Unterseite ein M8-Gewinde, mit dem Sie die Statue z.B. an einer S\u00e4ule befestigen k\u00f6nnen.<\/p>\n<p>Wir haben eine gro\u00dfe Auswahl an verschiedenen Bronze-Sonnenuhren. Diese k\u00f6nnen Sie sowohl auf der Website als auch in unserem Ausstellungsraum besichtigen!<\/p>\n<ul>\n<li>Abmessungen: 180x120x65cm<\/li>\n<li>Material: Bronze<\/li>\n<\/ul>\n","protected":false},"excerpt":{"rendered":"<p>\u00fcbergro\u00dfe Sonnenuhr moderne Bronze<\/p>\n","protected":false},"featured_media":10675,"template":"","meta":{"_acf_changed":false,"_genesis_title":"","_genesis_description":""},"product_brand":[7505],"product_cat":[647,613,755,752,7239],"product_tag":[],"class_list":{"0":"post-10678","1":"product","2":"type-product","3":"status-publish","4":"has-post-thumbnail","6":"product_brand-sonstige","7":"product_cat-bronzene-sonnenuhren","8":"product_cat-bronzestatuen","9":"product_cat-sonnenuhren","10":"product_cat-weitere-artikel","11":"product_cat-bilder","13":"first","14":"onbackorder","15":"taxable","16":"shipping-taxable","17":"purchasable","18":"product-type-simple"},"acf":[],"meta_all":{"total_sales":"0","wcml_sync_hash":{"postmeta_fields":"32b2aeafd809ca6b546881ba6113bf38"},"attr_label_translations":[],"cor_restricted_countries":[]},"meta_all_flat":{"total_sales":"0","wcml_sync_hash.postmeta_fields":"32b2aeafd809ca6b546881ba6113bf38"},"yoast_head":"<!-- This site is optimized with the Yoast SEO Premium plugin v26.2 (Yoast SEO v27.2) - https:\/\/yoast.com\/product\/yoast-seo-premium-wordpress\/ -->\n<title>Sonnenuhr Bronze modern super gro\u00df | Eliassen.nl<\/title>\n<meta name=\"description\" content=\"Sonnenuhr in \u00dcbergr\u00f6\u00dfe kaufen? Schauen Sie sich unsere Sonnenuhren an, darunter eine \u00fcbergro\u00dfe Sonnenuhr im modernen Look hier auf der Website! \u2713 Echte Bronze \u2713 Live-Ansicht\" \/>\n<meta name=\"robots\" content=\"index, follow, max-snippet:-1, max-image-preview:large, max-video-preview:-1\" \/>\n<link rel=\"canonical\" href=\"https:\/\/www.eliassen.nl\/de\/sonnenuhr-bronze-modern-super-gross\/\" \/>\n<meta property=\"og:locale\" content=\"de_DE\" \/>\n<meta property=\"og:type\" content=\"article\" \/>\n<meta property=\"og:title\" content=\"Sonstige Sonnenuhr Bronze modern super gro\u00df - Eliassen.nl\" \/>\n<meta property=\"og:description\" content=\"Sonnenuhr in \u00dcbergr\u00f6\u00dfe kaufen? Schauen Sie sich unsere Sonnenuhren an, darunter eine \u00fcbergro\u00dfe Sonnenuhr im modernen Look hier auf der Website! \u2713 Echte Bronze \u2713 Live-Ansicht\" \/>\n<meta property=\"og:url\" content=\"https:\/\/www.eliassen.nl\/de\/sonnenuhr-bronze-modern-super-gross\/\" \/>\n<meta property=\"og:site_name\" content=\"Eliassen.nl\" \/>\n<meta property=\"article:publisher\" content=\"https:\/\/www.facebook.com\/TuincentrumEliassenAmmerzoden\" \/>\n<meta property=\"article:modified_time\" content=\"2026-01-16T12:22:02+00:00\" \/>\n<meta property=\"og:image\" content=\"https:\/\/www.eliassen.nl\/wp-content\/uploads\/2024\/01\/eliassenzonnewijzerbronsmodernsupergrootga038.jpg\" \/>\n\t<meta property=\"og:image:width\" content=\"600\" \/>\n\t<meta property=\"og:image:height\" content=\"764\" \/>\n\t<meta property=\"og:image:type\" content=\"image\/jpeg\" \/>\n<meta name=\"twitter:card\" content=\"summary_large_image\" \/>\n<script type=\"application\/ld+json\" class=\"yoast-schema-graph\">{\"@context\":\"https:\/\/schema.org\",\"@graph\":[{\"@type\":\"WebPage\",\"@id\":\"https:\/\/www.eliassen.nl\/de\/sonnenuhr-bronze-modern-super-gross\/\",\"url\":\"https:\/\/www.eliassen.nl\/de\/sonnenuhr-bronze-modern-super-gross\/\",\"name\":\"Sonnenuhr Bronze modern super gro\u00df | Eliassen.nl\",\"isPartOf\":{\"@id\":\"https:\/\/www.eliassen.nl\/de\/#website\"},\"primaryImageOfPage\":{\"@id\":\"https:\/\/www.eliassen.nl\/de\/sonnenuhr-bronze-modern-super-gross\/#primaryimage\"},\"image\":{\"@id\":\"https:\/\/www.eliassen.nl\/de\/sonnenuhr-bronze-modern-super-gross\/#primaryimage\"},\"thumbnailUrl\":\"https:\/\/www.eliassen.nl\/wp-content\/uploads\/2024\/01\/eliassenzonnewijzerbronsmodernsupergrootga038.jpg\",\"datePublished\":\"2019-10-28T17:10:06+00:00\",\"dateModified\":\"2026-01-16T12:22:02+00:00\",\"description\":\"Sonnenuhr in \u00dcbergr\u00f6\u00dfe kaufen? Schauen Sie sich unsere Sonnenuhren an, darunter eine \u00fcbergro\u00dfe Sonnenuhr im modernen Look hier auf der Website! \u2713 Echte Bronze \u2713 Live-Ansicht\",\"breadcrumb\":{\"@id\":\"https:\/\/www.eliassen.nl\/de\/sonnenuhr-bronze-modern-super-gross\/#breadcrumb\"},\"inLanguage\":\"de\",\"potentialAction\":[{\"@type\":\"ReadAction\",\"target\":[\"https:\/\/www.eliassen.nl\/de\/sonnenuhr-bronze-modern-super-gross\/\"]}]},{\"@type\":\"ImageObject\",\"inLanguage\":\"de\",\"@id\":\"https:\/\/www.eliassen.nl\/de\/sonnenuhr-bronze-modern-super-gross\/#primaryimage\",\"url\":\"https:\/\/www.eliassen.nl\/wp-content\/uploads\/2024\/01\/eliassenzonnewijzerbronsmodernsupergrootga038.jpg\",\"contentUrl\":\"https:\/\/www.eliassen.nl\/wp-content\/uploads\/2024\/01\/eliassenzonnewijzerbronsmodernsupergrootga038.jpg\",\"width\":600,\"height\":764,\"caption\":\"Eliassen Sonnenuhr Bronze modern super gro\u00df Ga0387 - Eliassen.nl\"},{\"@type\":\"BreadcrumbList\",\"@id\":\"https:\/\/www.eliassen.nl\/de\/sonnenuhr-bronze-modern-super-gross\/#breadcrumb\",\"itemListElement\":[{\"@type\":\"ListItem\",\"position\":1,\"name\":\"Home\",\"item\":\"https:\/\/www.eliassen.nl\/de\/\"},{\"@type\":\"ListItem\",\"position\":2,\"name\":\"Shop\",\"item\":\"https:\/\/www.eliassen.nl\/de\/shop\/\"},{\"@type\":\"ListItem\",\"position\":3,\"name\":\"Bronzestatuen\",\"item\":\"https:\/\/www.eliassen.nl\/de\/bronzestatuen\/\"},{\"@type\":\"ListItem\",\"position\":4,\"name\":\"Bronzene Sonnenuhren\",\"item\":\"https:\/\/www.eliassen.nl\/de\/bilder\/bronzestatuen\/bronzene-sonnenuhren\/\"},{\"@type\":\"ListItem\",\"position\":5,\"name\":\"Sonnenuhr Bronze modern super gro\u00df\"}]},{\"@type\":\"WebSite\",\"@id\":\"https:\/\/www.eliassen.nl\/de\/#website\",\"url\":\"https:\/\/www.eliassen.nl\/de\/\",\"name\":\"Eliassen Home & Garden Pleasure\",\"description\":\"\",\"publisher\":{\"@id\":\"https:\/\/www.eliassen.nl\/de\/#organization\"},\"alternateName\":\"Eliassen.nl\",\"potentialAction\":[{\"@type\":\"SearchAction\",\"target\":{\"@type\":\"EntryPoint\",\"urlTemplate\":\"https:\/\/www.eliassen.nl\/de\/?s={search_term_string}\"},\"query-input\":{\"@type\":\"PropertyValueSpecification\",\"valueRequired\":true,\"valueName\":\"search_term_string\"}}],\"inLanguage\":\"de\"},{\"@type\":[\"Organization\",\"Place\"],\"@id\":\"https:\/\/www.eliassen.nl\/de\/#organization\",\"name\":\"Eliassen Home & Garden Pleasure\",\"url\":\"https:\/\/www.eliassen.nl\/de\/\",\"logo\":{\"@id\":\"https:\/\/www.eliassen.nl\/de\/sonnenuhr-bronze-modern-super-gross\/#local-main-organization-logo\"},\"image\":{\"@id\":\"https:\/\/www.eliassen.nl\/de\/sonnenuhr-bronze-modern-super-gross\/#local-main-organization-logo\"},\"sameAs\":[\"https:\/\/www.facebook.com\/TuincentrumEliassenAmmerzoden\",\"https:\/\/www.instagram.com\/eliassenhomeandgarden\/\",\"https:\/\/nl.pinterest.com\/eliassenhomeandgarden\/\",\"https:\/\/www.youtube.com\/@eliassenhomegardenpleasure4558\"],\"telephone\":[],\"openingHoursSpecification\":[{\"@type\":\"OpeningHoursSpecification\",\"dayOfWeek\":[\"Monday\",\"Tuesday\",\"Wednesday\",\"Thursday\",\"Friday\",\"Saturday\",\"Sunday\"],\"opens\":\"09:00\",\"closes\":\"17:00\"}]},{\"@type\":\"ImageObject\",\"inLanguage\":\"de\",\"@id\":\"https:\/\/www.eliassen.nl\/de\/sonnenuhr-bronze-modern-super-gross\/#local-main-organization-logo\",\"url\":\"https:\/\/www.eliassen.nl\/wp-content\/uploads\/2024\/01\/logo_4nd.jpg\",\"contentUrl\":\"https:\/\/www.eliassen.nl\/wp-content\/uploads\/2024\/01\/logo_4nd.jpg\",\"width\":500,\"height\":500,\"caption\":\"Eliassen Home & Garden Pleasure\"}]}<\/script>\n<meta property=\"product:price:amount\" content=\"4589.00\" \/>\n<meta property=\"product:price:currency\" content=\"EUR\" \/>\n<meta property=\"og:availability\" content=\"backorder\" \/>\n<meta property=\"product:availability\" content=\"available for order\" \/>\n<meta property=\"product:retailer_item_id\" content=\"Ga0387-1\" \/>\n<meta property=\"product:condition\" content=\"new\" \/>\n<!-- \/ Yoast SEO Premium plugin. -->","yoast_head_json":{"title":"Sonnenuhr Bronze modern super gro\u00df | Eliassen.nl","description":"Sonnenuhr in \u00dcbergr\u00f6\u00dfe kaufen? Schauen Sie sich unsere Sonnenuhren an, darunter eine \u00fcbergro\u00dfe Sonnenuhr im modernen Look hier auf der Website! \u2713 Echte Bronze \u2713 Live-Ansicht","robots":{"index":"index","follow":"follow","max-snippet":"max-snippet:-1","max-image-preview":"max-image-preview:large","max-video-preview":"max-video-preview:-1"},"canonical":"https:\/\/www.eliassen.nl\/de\/sonnenuhr-bronze-modern-super-gross\/","og_locale":"de_DE","og_type":"article","og_title":"Sonstige Sonnenuhr Bronze modern super gro\u00df - Eliassen.nl","og_description":"Sonnenuhr in \u00dcbergr\u00f6\u00dfe kaufen? Schauen Sie sich unsere Sonnenuhren an, darunter eine \u00fcbergro\u00dfe Sonnenuhr im modernen Look hier auf der Website! \u2713 Echte Bronze \u2713 Live-Ansicht","og_url":"https:\/\/www.eliassen.nl\/de\/sonnenuhr-bronze-modern-super-gross\/","og_site_name":"Eliassen.nl","article_publisher":"https:\/\/www.facebook.com\/TuincentrumEliassenAmmerzoden","article_modified_time":"2026-01-16T12:22:02+00:00","og_image":[{"width":600,"height":764,"url":"https:\/\/www.eliassen.nl\/wp-content\/uploads\/2024\/01\/eliassenzonnewijzerbronsmodernsupergrootga038.jpg","type":"image\/jpeg"}],"twitter_card":"summary_large_image","schema":{"@context":"https:\/\/schema.org","@graph":[{"@type":"WebPage","@id":"https:\/\/www.eliassen.nl\/de\/sonnenuhr-bronze-modern-super-gross\/","url":"https:\/\/www.eliassen.nl\/de\/sonnenuhr-bronze-modern-super-gross\/","name":"Sonnenuhr Bronze modern super gro\u00df | Eliassen.nl","isPartOf":{"@id":"https:\/\/www.eliassen.nl\/de\/#website"},"primaryImageOfPage":{"@id":"https:\/\/www.eliassen.nl\/de\/sonnenuhr-bronze-modern-super-gross\/#primaryimage"},"image":{"@id":"https:\/\/www.eliassen.nl\/de\/sonnenuhr-bronze-modern-super-gross\/#primaryimage"},"thumbnailUrl":"https:\/\/www.eliassen.nl\/wp-content\/uploads\/2024\/01\/eliassenzonnewijzerbronsmodernsupergrootga038.jpg","datePublished":"2019-10-28T17:10:06+00:00","dateModified":"2026-01-16T12:22:02+00:00","description":"Sonnenuhr in \u00dcbergr\u00f6\u00dfe kaufen? Schauen Sie sich unsere Sonnenuhren an, darunter eine \u00fcbergro\u00dfe Sonnenuhr im modernen Look hier auf der Website! \u2713 Echte Bronze \u2713 Live-Ansicht","breadcrumb":{"@id":"https:\/\/www.eliassen.nl\/de\/sonnenuhr-bronze-modern-super-gross\/#breadcrumb"},"inLanguage":"de","potentialAction":[{"@type":"ReadAction","target":["https:\/\/www.eliassen.nl\/de\/sonnenuhr-bronze-modern-super-gross\/"]}]},{"@type":"ImageObject","inLanguage":"de","@id":"https:\/\/www.eliassen.nl\/de\/sonnenuhr-bronze-modern-super-gross\/#primaryimage","url":"https:\/\/www.eliassen.nl\/wp-content\/uploads\/2024\/01\/eliassenzonnewijzerbronsmodernsupergrootga038.jpg","contentUrl":"https:\/\/www.eliassen.nl\/wp-content\/uploads\/2024\/01\/eliassenzonnewijzerbronsmodernsupergrootga038.jpg","width":600,"height":764,"caption":"Eliassen Sonnenuhr Bronze modern super gro\u00df Ga0387 - Eliassen.nl"},{"@type":"BreadcrumbList","@id":"https:\/\/www.eliassen.nl\/de\/sonnenuhr-bronze-modern-super-gross\/#breadcrumb","itemListElement":[{"@type":"ListItem","position":1,"name":"Home","item":"https:\/\/www.eliassen.nl\/de\/"},{"@type":"ListItem","position":2,"name":"Shop","item":"https:\/\/www.eliassen.nl\/de\/shop\/"},{"@type":"ListItem","position":3,"name":"Bronzestatuen","item":"https:\/\/www.eliassen.nl\/de\/bronzestatuen\/"},{"@type":"ListItem","position":4,"name":"Bronzene Sonnenuhren","item":"https:\/\/www.eliassen.nl\/de\/bilder\/bronzestatuen\/bronzene-sonnenuhren\/"},{"@type":"ListItem","position":5,"name":"Sonnenuhr Bronze modern super gro\u00df"}]},{"@type":"WebSite","@id":"https:\/\/www.eliassen.nl\/de\/#website","url":"https:\/\/www.eliassen.nl\/de\/","name":"Eliassen Home & Garden Pleasure","description":"","publisher":{"@id":"https:\/\/www.eliassen.nl\/de\/#organization"},"alternateName":"Eliassen.nl","potentialAction":[{"@type":"SearchAction","target":{"@type":"EntryPoint","urlTemplate":"https:\/\/www.eliassen.nl\/de\/?s={search_term_string}"},"query-input":{"@type":"PropertyValueSpecification","valueRequired":true,"valueName":"search_term_string"}}],"inLanguage":"de"},{"@type":["Organization","Place"],"@id":"https:\/\/www.eliassen.nl\/de\/#organization","name":"Eliassen Home & Garden Pleasure","url":"https:\/\/www.eliassen.nl\/de\/","logo":{"@id":"https:\/\/www.eliassen.nl\/de\/sonnenuhr-bronze-modern-super-gross\/#local-main-organization-logo"},"image":{"@id":"https:\/\/www.eliassen.nl\/de\/sonnenuhr-bronze-modern-super-gross\/#local-main-organization-logo"},"sameAs":["https:\/\/www.facebook.com\/TuincentrumEliassenAmmerzoden","https:\/\/www.instagram.com\/eliassenhomeandgarden\/","https:\/\/nl.pinterest.com\/eliassenhomeandgarden\/","https:\/\/www.youtube.com\/@eliassenhomegardenpleasure4558"],"telephone":[],"openingHoursSpecification":[{"@type":"OpeningHoursSpecification","dayOfWeek":["Monday","Tuesday","Wednesday","Thursday","Friday","Saturday","Sunday"],"opens":"09:00","closes":"17:00"}]},{"@type":"ImageObject","inLanguage":"de","@id":"https:\/\/www.eliassen.nl\/de\/sonnenuhr-bronze-modern-super-gross\/#local-main-organization-logo","url":"https:\/\/www.eliassen.nl\/wp-content\/uploads\/2024\/01\/logo_4nd.jpg","contentUrl":"https:\/\/www.eliassen.nl\/wp-content\/uploads\/2024\/01\/logo_4nd.jpg","width":500,"height":500,"caption":"Eliassen Home & Garden Pleasure"}]},"product_price_amount":"4589.00","product_price_currency":"EUR","og_availability":"backorder","product_availability":"available for order","product_retailer_item_id":"Ga0387-1","product_condition":"new"},"df_price":4589,"df_sale_price":"","df_regular_price":4589,"df_image_link":"https:\/\/www.eliassen.nl\/wp-content\/uploads\/2024\/01\/eliassenzonnewijzerbronsmodernsupergrootga038.jpg","image":"https:\/\/www.eliassen.nl\/wp-content\/uploads\/2024\/01\/eliassenzonnewijzerbronsmodernsupergrootga038.jpg","price_search":"<span class=\"woocommerce-Price-amount amount\"><bdi><span class=\"woocommerce-Price-currencySymbol\">&euro;<\/span>&nbsp;4.589,00<\/bdi><\/span>","category":"Bronzene Sonnenuhren","global_unique_id":"5410807003879","_links":{"self":[{"href":"https:\/\/www.eliassen.nl\/de\/wp-json\/wp\/v2\/product\/10678","targetHints":{"allow":["GET"]}}],"collection":[{"href":"https:\/\/www.eliassen.nl\/de\/wp-json\/wp\/v2\/product"}],"about":[{"href":"https:\/\/www.eliassen.nl\/de\/wp-json\/wp\/v2\/types\/product"}],"wp:featuredmedia":[{"embeddable":true,"href":"https:\/\/www.eliassen.nl\/de\/wp-json\/wp\/v2\/media\/10675"}],"wp:attachment":[{"href":"https:\/\/www.eliassen.nl\/de\/wp-json\/wp\/v2\/media?parent=10678"}],"wp:term":[{"taxonomy":"product_brand","embeddable":true,"href":"https:\/\/www.eliassen.nl\/de\/wp-json\/wp\/v2\/product_brand?post=10678"},{"taxonomy":"product_cat","embeddable":true,"href":"https:\/\/www.eliassen.nl\/de\/wp-json\/wp\/v2\/product_cat?post=10678"},{"taxonomy":"product_tag","embeddable":true,"href":"https:\/\/www.eliassen.nl\/de\/wp-json\/wp\/v2\/product_tag?post=10678"}],"curies":[{"name":"wp","href":"https:\/\/api.w.org\/{rel}","templated":true}]}}