{"id":10672,"date":"2019-10-28T17:10:05","date_gmt":"2019-10-28T17:10:05","guid":{"rendered":"https:\/\/www.eliassen.nl\/?product=moderne-bronze-sonnenuhr-16194120"},"modified":"2026-01-16T13:21:56","modified_gmt":"2026-01-16T12:21:56","slug":"sonnenuhr-bronze-modern","status":"publish","type":"product","link":"https:\/\/www.eliassen.nl\/de\/sonnenuhr-bronze-modern\/","title":{"rendered":"Sonnenuhr Bronze modern 49cm"},"content":{"rendered":"<p>Versch\u00f6nern Sie Ihren Garten oder Ihre Innenr\u00e4ume mit einer Sonnenuhr aus Bronze. Das authentische Aussehen dieser Sonnenuhr ist ein wahrer Genuss, wenn Sie authentische Statuen und Sonnenuhren aus Bronze, Messing oder Kupfer m\u00f6gen. Diese Sonnenuhr aus Bronze hat eine sch\u00f6ne Farbe und ein sch\u00f6nes Aussehen.<\/p>\n<p><em>Wie funktionieren die Sonnenuhren?<\/em><\/p>\n<p>Eine Sonnenuhr ist ein Hilfsmittel zur Anzeige der Uhrzeit anhand der Sonne. Dies kann z.B. in Form eines Flugzeugs oder einer Scheibe sein.<\/p>\n<p>Der Kupfergehalt dieser Bronzesonnenuhr betr\u00e4gt mindestens 75%. Dies garantiert eine sehr lange Lebensdauer. Die meisten Statuen haben an der Unterseite ein M8-Gewinde, mit dem Sie die Statue z.B. an einer S\u00e4ule befestigen k\u00f6nnen.<\/p>\n<p>Wir haben eine gro\u00dfe Auswahl an verschiedenen Bronze-Sonnenuhren. Diese k\u00f6nnen Sie sowohl auf der Website als auch in unserem Ausstellungsraum besichtigen!<\/p>\n<ul>\n<li>Abmessungen: 40x49x40cm<\/li>\n<li>Material: Bronze<\/li>\n<li>Gr\u00f6\u00dfe der Oberfl\u00e4che: 19cm<\/li>\n<\/ul>\n","protected":false},"excerpt":{"rendered":"<p>Sonnenuhr modern Bronze<\/p>\n","protected":false},"featured_media":10660,"template":"","meta":{"_acf_changed":false,"_genesis_title":"","_genesis_description":""},"product_brand":[7505],"product_cat":[647,613,755,752,7239],"product_tag":[],"class_list":{"0":"post-10672","1":"product","2":"type-product","3":"status-publish","4":"has-post-thumbnail","6":"product_brand-sonstige","7":"product_cat-bronzene-sonnenuhren","8":"product_cat-bronzestatuen","9":"product_cat-sonnenuhren","10":"product_cat-weitere-artikel","11":"product_cat-bilder","13":"first","14":"instock","15":"taxable","16":"shipping-taxable","17":"purchasable","18":"product-type-simple"},"acf":[],"meta_all":{"total_sales":"6","wcml_sync_hash":{"postmeta_fields":"70a4712be654cd20b51a52a2a08f8b19"},"attr_label_translations":[],"cor_restricted_countries":[]},"meta_all_flat":{"total_sales":"6","wcml_sync_hash.postmeta_fields":"70a4712be654cd20b51a52a2a08f8b19"},"yoast_head":"<!-- This site is optimized with the Yoast SEO Premium plugin v26.2 (Yoast SEO v27.2) - https:\/\/yoast.com\/product\/yoast-seo-premium-wordpress\/ -->\n<title>Sonnenuhr Bronze modern | Eliassen.nl<\/title>\n<meta name=\"description\" content=\"Kaufen Sie Sundial bronze modern bei Eliassen online oder besichtigen Sie es live im Ausstellungsraum. Wir haben die sch\u00f6nsten Bronze-Sonnenuhren! \u2713 Gute Qualit\u00e4t\" \/>\n<meta name=\"robots\" content=\"index, follow, max-snippet:-1, max-image-preview:large, max-video-preview:-1\" \/>\n<link rel=\"canonical\" href=\"https:\/\/www.eliassen.nl\/de\/sonnenuhr-bronze-modern\/\" \/>\n<meta property=\"og:locale\" content=\"de_DE\" \/>\n<meta property=\"og:type\" content=\"article\" \/>\n<meta property=\"og:title\" content=\"Sonstige Sonnenuhr Bronze modern 49cm - Eliassen.nl\" \/>\n<meta property=\"og:description\" content=\"Kaufen Sie Sundial bronze modern bei Eliassen online oder besichtigen Sie es live im Ausstellungsraum. Wir haben die sch\u00f6nsten Bronze-Sonnenuhren! \u2713 Gute Qualit\u00e4t\" \/>\n<meta property=\"og:url\" content=\"https:\/\/www.eliassen.nl\/de\/sonnenuhr-bronze-modern\/\" \/>\n<meta property=\"og:site_name\" content=\"Eliassen.nl\" \/>\n<meta property=\"article:publisher\" content=\"https:\/\/www.facebook.com\/TuincentrumEliassenAmmerzoden\" \/>\n<meta property=\"article:modified_time\" content=\"2026-01-16T12:21:56+00:00\" \/>\n<meta property=\"og:image\" content=\"https:\/\/www.eliassen.nl\/wp-content\/uploads\/2024\/01\/eliassenzonnewijzerbronsmodernga0386eliasse.jpg\" \/>\n\t<meta property=\"og:image:width\" content=\"690\" \/>\n\t<meta property=\"og:image:height\" content=\"800\" \/>\n\t<meta property=\"og:image:type\" content=\"image\/jpeg\" \/>\n<meta name=\"twitter:card\" content=\"summary_large_image\" \/>\n<script type=\"application\/ld+json\" class=\"yoast-schema-graph\">{\"@context\":\"https:\/\/schema.org\",\"@graph\":[{\"@type\":\"WebPage\",\"@id\":\"https:\/\/www.eliassen.nl\/de\/sonnenuhr-bronze-modern\/\",\"url\":\"https:\/\/www.eliassen.nl\/de\/sonnenuhr-bronze-modern\/\",\"name\":\"Sonnenuhr Bronze modern | Eliassen.nl\",\"isPartOf\":{\"@id\":\"https:\/\/www.eliassen.nl\/de\/#website\"},\"primaryImageOfPage\":{\"@id\":\"https:\/\/www.eliassen.nl\/de\/sonnenuhr-bronze-modern\/#primaryimage\"},\"image\":{\"@id\":\"https:\/\/www.eliassen.nl\/de\/sonnenuhr-bronze-modern\/#primaryimage\"},\"thumbnailUrl\":\"https:\/\/www.eliassen.nl\/wp-content\/uploads\/2024\/01\/eliassenzonnewijzerbronsmodernga0386eliasse.jpg\",\"datePublished\":\"2019-10-28T17:10:05+00:00\",\"dateModified\":\"2026-01-16T12:21:56+00:00\",\"description\":\"Kaufen Sie Sundial bronze modern bei Eliassen online oder besichtigen Sie es live im Ausstellungsraum. Wir haben die sch\u00f6nsten Bronze-Sonnenuhren! \u2713 Gute Qualit\u00e4t\",\"breadcrumb\":{\"@id\":\"https:\/\/www.eliassen.nl\/de\/sonnenuhr-bronze-modern\/#breadcrumb\"},\"inLanguage\":\"de\",\"potentialAction\":[{\"@type\":\"ReadAction\",\"target\":[\"https:\/\/www.eliassen.nl\/de\/sonnenuhr-bronze-modern\/\"]}]},{\"@type\":\"ImageObject\",\"inLanguage\":\"de\",\"@id\":\"https:\/\/www.eliassen.nl\/de\/sonnenuhr-bronze-modern\/#primaryimage\",\"url\":\"https:\/\/www.eliassen.nl\/wp-content\/uploads\/2024\/01\/eliassenzonnewijzerbronsmodernga0386eliasse.jpg\",\"contentUrl\":\"https:\/\/www.eliassen.nl\/wp-content\/uploads\/2024\/01\/eliassenzonnewijzerbronsmodernga0386eliasse.jpg\",\"width\":690,\"height\":800,\"caption\":\"Eliassen Sonnenuhr Bronze modern Ga0386 - Eliassen.nl\"},{\"@type\":\"BreadcrumbList\",\"@id\":\"https:\/\/www.eliassen.nl\/de\/sonnenuhr-bronze-modern\/#breadcrumb\",\"itemListElement\":[{\"@type\":\"ListItem\",\"position\":1,\"name\":\"Home\",\"item\":\"https:\/\/www.eliassen.nl\/de\/\"},{\"@type\":\"ListItem\",\"position\":2,\"name\":\"Shop\",\"item\":\"https:\/\/www.eliassen.nl\/de\/shop\/\"},{\"@type\":\"ListItem\",\"position\":3,\"name\":\"Bronzestatuen\",\"item\":\"https:\/\/www.eliassen.nl\/de\/bronzestatuen\/\"},{\"@type\":\"ListItem\",\"position\":4,\"name\":\"Bronzene Sonnenuhren\",\"item\":\"https:\/\/www.eliassen.nl\/de\/bilder\/bronzestatuen\/bronzene-sonnenuhren\/\"},{\"@type\":\"ListItem\",\"position\":5,\"name\":\"Sonnenuhr Bronze modern 49cm\"}]},{\"@type\":\"WebSite\",\"@id\":\"https:\/\/www.eliassen.nl\/de\/#website\",\"url\":\"https:\/\/www.eliassen.nl\/de\/\",\"name\":\"Eliassen Home & Garden Pleasure\",\"description\":\"\",\"publisher\":{\"@id\":\"https:\/\/www.eliassen.nl\/de\/#organization\"},\"alternateName\":\"Eliassen.nl\",\"potentialAction\":[{\"@type\":\"SearchAction\",\"target\":{\"@type\":\"EntryPoint\",\"urlTemplate\":\"https:\/\/www.eliassen.nl\/de\/?s={search_term_string}\"},\"query-input\":{\"@type\":\"PropertyValueSpecification\",\"valueRequired\":true,\"valueName\":\"search_term_string\"}}],\"inLanguage\":\"de\"},{\"@type\":[\"Organization\",\"Place\"],\"@id\":\"https:\/\/www.eliassen.nl\/de\/#organization\",\"name\":\"Eliassen Home & Garden Pleasure\",\"url\":\"https:\/\/www.eliassen.nl\/de\/\",\"logo\":{\"@id\":\"https:\/\/www.eliassen.nl\/de\/sonnenuhr-bronze-modern\/#local-main-organization-logo\"},\"image\":{\"@id\":\"https:\/\/www.eliassen.nl\/de\/sonnenuhr-bronze-modern\/#local-main-organization-logo\"},\"sameAs\":[\"https:\/\/www.facebook.com\/TuincentrumEliassenAmmerzoden\",\"https:\/\/www.instagram.com\/eliassenhomeandgarden\/\",\"https:\/\/nl.pinterest.com\/eliassenhomeandgarden\/\",\"https:\/\/www.youtube.com\/@eliassenhomegardenpleasure4558\"],\"telephone\":[],\"openingHoursSpecification\":[{\"@type\":\"OpeningHoursSpecification\",\"dayOfWeek\":[\"Monday\",\"Tuesday\",\"Wednesday\",\"Thursday\",\"Friday\",\"Saturday\",\"Sunday\"],\"opens\":\"09:00\",\"closes\":\"17:00\"}]},{\"@type\":\"ImageObject\",\"inLanguage\":\"de\",\"@id\":\"https:\/\/www.eliassen.nl\/de\/sonnenuhr-bronze-modern\/#local-main-organization-logo\",\"url\":\"https:\/\/www.eliassen.nl\/wp-content\/uploads\/2024\/01\/logo_4nd.jpg\",\"contentUrl\":\"https:\/\/www.eliassen.nl\/wp-content\/uploads\/2024\/01\/logo_4nd.jpg\",\"width\":500,\"height\":500,\"caption\":\"Eliassen Home & Garden Pleasure\"}]}<\/script>\n<meta property=\"product:price:amount\" content=\"390.00\" \/>\n<meta property=\"product:price:currency\" content=\"EUR\" \/>\n<meta property=\"og:availability\" content=\"instock\" \/>\n<meta property=\"product:availability\" content=\"instock\" \/>\n<meta property=\"product:retailer_item_id\" content=\"Ga0386\" \/>\n<meta property=\"product:condition\" content=\"new\" \/>\n<!-- \/ Yoast SEO Premium plugin. -->","yoast_head_json":{"title":"Sonnenuhr Bronze modern | Eliassen.nl","description":"Kaufen Sie Sundial bronze modern bei Eliassen online oder besichtigen Sie es live im Ausstellungsraum. Wir haben die sch\u00f6nsten Bronze-Sonnenuhren! \u2713 Gute Qualit\u00e4t","robots":{"index":"index","follow":"follow","max-snippet":"max-snippet:-1","max-image-preview":"max-image-preview:large","max-video-preview":"max-video-preview:-1"},"canonical":"https:\/\/www.eliassen.nl\/de\/sonnenuhr-bronze-modern\/","og_locale":"de_DE","og_type":"article","og_title":"Sonstige Sonnenuhr Bronze modern 49cm - Eliassen.nl","og_description":"Kaufen Sie Sundial bronze modern bei Eliassen online oder besichtigen Sie es live im Ausstellungsraum. Wir haben die sch\u00f6nsten Bronze-Sonnenuhren! \u2713 Gute Qualit\u00e4t","og_url":"https:\/\/www.eliassen.nl\/de\/sonnenuhr-bronze-modern\/","og_site_name":"Eliassen.nl","article_publisher":"https:\/\/www.facebook.com\/TuincentrumEliassenAmmerzoden","article_modified_time":"2026-01-16T12:21:56+00:00","og_image":[{"width":690,"height":800,"url":"https:\/\/www.eliassen.nl\/wp-content\/uploads\/2024\/01\/eliassenzonnewijzerbronsmodernga0386eliasse.jpg","type":"image\/jpeg"}],"twitter_card":"summary_large_image","schema":{"@context":"https:\/\/schema.org","@graph":[{"@type":"WebPage","@id":"https:\/\/www.eliassen.nl\/de\/sonnenuhr-bronze-modern\/","url":"https:\/\/www.eliassen.nl\/de\/sonnenuhr-bronze-modern\/","name":"Sonnenuhr Bronze modern | Eliassen.nl","isPartOf":{"@id":"https:\/\/www.eliassen.nl\/de\/#website"},"primaryImageOfPage":{"@id":"https:\/\/www.eliassen.nl\/de\/sonnenuhr-bronze-modern\/#primaryimage"},"image":{"@id":"https:\/\/www.eliassen.nl\/de\/sonnenuhr-bronze-modern\/#primaryimage"},"thumbnailUrl":"https:\/\/www.eliassen.nl\/wp-content\/uploads\/2024\/01\/eliassenzonnewijzerbronsmodernga0386eliasse.jpg","datePublished":"2019-10-28T17:10:05+00:00","dateModified":"2026-01-16T12:21:56+00:00","description":"Kaufen Sie Sundial bronze modern bei Eliassen online oder besichtigen Sie es live im Ausstellungsraum. Wir haben die sch\u00f6nsten Bronze-Sonnenuhren! \u2713 Gute Qualit\u00e4t","breadcrumb":{"@id":"https:\/\/www.eliassen.nl\/de\/sonnenuhr-bronze-modern\/#breadcrumb"},"inLanguage":"de","potentialAction":[{"@type":"ReadAction","target":["https:\/\/www.eliassen.nl\/de\/sonnenuhr-bronze-modern\/"]}]},{"@type":"ImageObject","inLanguage":"de","@id":"https:\/\/www.eliassen.nl\/de\/sonnenuhr-bronze-modern\/#primaryimage","url":"https:\/\/www.eliassen.nl\/wp-content\/uploads\/2024\/01\/eliassenzonnewijzerbronsmodernga0386eliasse.jpg","contentUrl":"https:\/\/www.eliassen.nl\/wp-content\/uploads\/2024\/01\/eliassenzonnewijzerbronsmodernga0386eliasse.jpg","width":690,"height":800,"caption":"Eliassen Sonnenuhr Bronze modern Ga0386 - Eliassen.nl"},{"@type":"BreadcrumbList","@id":"https:\/\/www.eliassen.nl\/de\/sonnenuhr-bronze-modern\/#breadcrumb","itemListElement":[{"@type":"ListItem","position":1,"name":"Home","item":"https:\/\/www.eliassen.nl\/de\/"},{"@type":"ListItem","position":2,"name":"Shop","item":"https:\/\/www.eliassen.nl\/de\/shop\/"},{"@type":"ListItem","position":3,"name":"Bronzestatuen","item":"https:\/\/www.eliassen.nl\/de\/bronzestatuen\/"},{"@type":"ListItem","position":4,"name":"Bronzene Sonnenuhren","item":"https:\/\/www.eliassen.nl\/de\/bilder\/bronzestatuen\/bronzene-sonnenuhren\/"},{"@type":"ListItem","position":5,"name":"Sonnenuhr Bronze modern 49cm"}]},{"@type":"WebSite","@id":"https:\/\/www.eliassen.nl\/de\/#website","url":"https:\/\/www.eliassen.nl\/de\/","name":"Eliassen Home & Garden Pleasure","description":"","publisher":{"@id":"https:\/\/www.eliassen.nl\/de\/#organization"},"alternateName":"Eliassen.nl","potentialAction":[{"@type":"SearchAction","target":{"@type":"EntryPoint","urlTemplate":"https:\/\/www.eliassen.nl\/de\/?s={search_term_string}"},"query-input":{"@type":"PropertyValueSpecification","valueRequired":true,"valueName":"search_term_string"}}],"inLanguage":"de"},{"@type":["Organization","Place"],"@id":"https:\/\/www.eliassen.nl\/de\/#organization","name":"Eliassen Home & Garden Pleasure","url":"https:\/\/www.eliassen.nl\/de\/","logo":{"@id":"https:\/\/www.eliassen.nl\/de\/sonnenuhr-bronze-modern\/#local-main-organization-logo"},"image":{"@id":"https:\/\/www.eliassen.nl\/de\/sonnenuhr-bronze-modern\/#local-main-organization-logo"},"sameAs":["https:\/\/www.facebook.com\/TuincentrumEliassenAmmerzoden","https:\/\/www.instagram.com\/eliassenhomeandgarden\/","https:\/\/nl.pinterest.com\/eliassenhomeandgarden\/","https:\/\/www.youtube.com\/@eliassenhomegardenpleasure4558"],"telephone":[],"openingHoursSpecification":[{"@type":"OpeningHoursSpecification","dayOfWeek":["Monday","Tuesday","Wednesday","Thursday","Friday","Saturday","Sunday"],"opens":"09:00","closes":"17:00"}]},{"@type":"ImageObject","inLanguage":"de","@id":"https:\/\/www.eliassen.nl\/de\/sonnenuhr-bronze-modern\/#local-main-organization-logo","url":"https:\/\/www.eliassen.nl\/wp-content\/uploads\/2024\/01\/logo_4nd.jpg","contentUrl":"https:\/\/www.eliassen.nl\/wp-content\/uploads\/2024\/01\/logo_4nd.jpg","width":500,"height":500,"caption":"Eliassen Home & Garden Pleasure"}]},"product_price_amount":"390.00","product_price_currency":"EUR","og_availability":"instock","product_availability":"instock","product_retailer_item_id":"Ga0386","product_condition":"new"},"df_price":390,"df_sale_price":"","df_regular_price":390,"df_image_link":"https:\/\/www.eliassen.nl\/wp-content\/uploads\/2024\/01\/eliassenzonnewijzerbronsmodernga0386eliasse.jpg","image":"https:\/\/www.eliassen.nl\/wp-content\/uploads\/2024\/01\/eliassenzonnewijzerbronsmodernga0386eliasse.jpg","price_search":"<span class=\"woocommerce-Price-amount amount\"><bdi><span class=\"woocommerce-Price-currencySymbol\">&euro;<\/span>&nbsp;390,00<\/bdi><\/span>","category":"Bronzene Sonnenuhren","global_unique_id":"5410807003862","_links":{"self":[{"href":"https:\/\/www.eliassen.nl\/de\/wp-json\/wp\/v2\/product\/10672","targetHints":{"allow":["GET"]}}],"collection":[{"href":"https:\/\/www.eliassen.nl\/de\/wp-json\/wp\/v2\/product"}],"about":[{"href":"https:\/\/www.eliassen.nl\/de\/wp-json\/wp\/v2\/types\/product"}],"wp:featuredmedia":[{"embeddable":true,"href":"https:\/\/www.eliassen.nl\/de\/wp-json\/wp\/v2\/media\/10660"}],"wp:attachment":[{"href":"https:\/\/www.eliassen.nl\/de\/wp-json\/wp\/v2\/media?parent=10672"}],"wp:term":[{"taxonomy":"product_brand","embeddable":true,"href":"https:\/\/www.eliassen.nl\/de\/wp-json\/wp\/v2\/product_brand?post=10672"},{"taxonomy":"product_cat","embeddable":true,"href":"https:\/\/www.eliassen.nl\/de\/wp-json\/wp\/v2\/product_cat?post=10672"},{"taxonomy":"product_tag","embeddable":true,"href":"https:\/\/www.eliassen.nl\/de\/wp-json\/wp\/v2\/product_tag?post=10672"}],"curies":[{"name":"wp","href":"https:\/\/api.w.org\/{rel}","templated":true}]}}