{"id":10639,"date":"2019-10-28T17:08:52","date_gmt":"2019-10-28T17:08:52","guid":{"rendered":"https:\/\/www.eliassen.nl\/?product=grosse-sonnenuhr"},"modified":"2026-01-16T13:21:43","modified_gmt":"2026-01-16T12:21:43","slug":"sonnenuhr-bronze-gross","status":"publish","type":"product","link":"https:\/\/www.eliassen.nl\/de\/sonnenuhr-bronze-gross\/","title":{"rendered":"Sonnenuhr Bronze gro\u00df"},"content":{"rendered":"<p>Versch\u00f6nern Sie Ihren Garten oder Ihre Innenr\u00e4ume mit einer Sonnenuhr aus Bronze. Das authentische Aussehen dieser Sonnenuhr ist ein wahrer Genuss, wenn Sie authentische Statuen und Sonnenuhren aus Bronze, Messing oder Kupfer m\u00f6gen. Diese Sonnenuhr aus Bronze hat eine sch\u00f6ne Farbe und ein sch\u00f6nes Aussehen.<\/p>\n<p><em>Wie funktionieren die Sonnenuhren?<\/em><\/p>\n<p>Eine Sonnenuhr ist ein Hilfsmittel zur Anzeige der Uhrzeit anhand der Sonne. Dies kann z.B. in Form eines Flugzeugs oder einer Scheibe sein.<\/p>\n<p>Der Kupfergehalt dieser Bronzesonnenuhr betr\u00e4gt mindestens 75%. Dies garantiert eine sehr lange Lebensdauer. Die meisten Statuen haben an der Unterseite ein M8-Gewinde, mit dem Sie die Statue z.B. an einer S\u00e4ule befestigen k\u00f6nnen.<\/p>\n<p>Wir haben eine gro\u00dfe Auswahl an verschiedenen Bronze-Sonnenuhren. Diese k\u00f6nnen Sie sowohl auf der Website als auch in unserem Ausstellungsraum besichtigen!<\/p>\n<ul>\n<li>Ma\u00dfe: 78x45x47cm Fu\u00dfgr\u00f6\u00dfe 20x20x20cm<\/li>\n<li>Material: Bronze<\/li>\n<\/ul>\n","protected":false},"excerpt":{"rendered":"<p>Sonnenuhr gro\u00df Bronze<\/p>\n","protected":false},"featured_media":10624,"template":"","meta":{"_acf_changed":false,"_genesis_title":"","_genesis_description":""},"product_brand":[7505],"product_cat":[647,613,755,752,7239],"product_tag":[],"class_list":{"0":"post-10639","1":"product","2":"type-product","3":"status-publish","4":"has-post-thumbnail","6":"product_brand-sonstige","7":"product_cat-bronzene-sonnenuhren","8":"product_cat-bronzestatuen","9":"product_cat-sonnenuhren","10":"product_cat-weitere-artikel","11":"product_cat-bilder","13":"first","14":"instock","15":"taxable","16":"shipping-taxable","17":"purchasable","18":"product-type-simple"},"acf":[],"meta_all":{"total_sales":"5","wcml_sync_hash":{"postmeta_fields":"5f15a9191a6eaab4907c135c8cb64e98"},"attr_label_translations":[],"cor_restricted_countries":[]},"meta_all_flat":{"total_sales":"5","wcml_sync_hash.postmeta_fields":"5f15a9191a6eaab4907c135c8cb64e98"},"yoast_head":"<!-- This site is optimized with the Yoast SEO Premium plugin v26.2 (Yoast SEO v27.2) - https:\/\/yoast.com\/product\/yoast-seo-premium-wordpress\/ -->\n<title>Sonnenuhr Bronze gro\u00df | Eliassen.nl<\/title>\n<meta name=\"description\" content=\"Bei Eliassen kaufen Sie Sonnenuhren aus Bronze. Gro\u00dfe Auswahl online oder live im Ausstellungsraum. Wir haben die sch\u00f6nsten Sonnenuhren f\u00fcr Ihren Garten!\" \/>\n<meta name=\"robots\" content=\"index, follow, max-snippet:-1, max-image-preview:large, max-video-preview:-1\" \/>\n<link rel=\"canonical\" href=\"https:\/\/www.eliassen.nl\/de\/sonnenuhr-bronze-gross\/\" \/>\n<meta property=\"og:locale\" content=\"de_DE\" \/>\n<meta property=\"og:type\" content=\"article\" \/>\n<meta property=\"og:title\" content=\"Sonstige Sonnenuhr Bronze gro\u00df - Eliassen.nl\" \/>\n<meta property=\"og:description\" content=\"Bei Eliassen kaufen Sie Sonnenuhren aus Bronze. Gro\u00dfe Auswahl online oder live im Ausstellungsraum. Wir haben die sch\u00f6nsten Sonnenuhren f\u00fcr Ihren Garten!\" \/>\n<meta property=\"og:url\" content=\"https:\/\/www.eliassen.nl\/de\/sonnenuhr-bronze-gross\/\" \/>\n<meta property=\"og:site_name\" content=\"Eliassen.nl\" \/>\n<meta property=\"article:publisher\" content=\"https:\/\/www.facebook.com\/TuincentrumEliassenAmmerzoden\" \/>\n<meta property=\"article:modified_time\" content=\"2026-01-16T12:21:43+00:00\" \/>\n<meta property=\"og:image\" content=\"https:\/\/www.eliassen.nl\/wp-content\/uploads\/2024\/01\/eliassenzonnewijzerbronsgrootga0107eliassen.jpg\" \/>\n\t<meta property=\"og:image:width\" content=\"692\" \/>\n\t<meta property=\"og:image:height\" content=\"799\" \/>\n\t<meta property=\"og:image:type\" content=\"image\/jpeg\" \/>\n<meta name=\"twitter:card\" content=\"summary_large_image\" \/>\n<script type=\"application\/ld+json\" class=\"yoast-schema-graph\">{\"@context\":\"https:\/\/schema.org\",\"@graph\":[{\"@type\":\"WebPage\",\"@id\":\"https:\/\/www.eliassen.nl\/de\/sonnenuhr-bronze-gross\/\",\"url\":\"https:\/\/www.eliassen.nl\/de\/sonnenuhr-bronze-gross\/\",\"name\":\"Sonnenuhr Bronze gro\u00df | Eliassen.nl\",\"isPartOf\":{\"@id\":\"https:\/\/www.eliassen.nl\/de\/#website\"},\"primaryImageOfPage\":{\"@id\":\"https:\/\/www.eliassen.nl\/de\/sonnenuhr-bronze-gross\/#primaryimage\"},\"image\":{\"@id\":\"https:\/\/www.eliassen.nl\/de\/sonnenuhr-bronze-gross\/#primaryimage\"},\"thumbnailUrl\":\"https:\/\/www.eliassen.nl\/wp-content\/uploads\/2024\/01\/eliassenzonnewijzerbronsgrootga0107eliassen.jpg\",\"datePublished\":\"2019-10-28T17:08:52+00:00\",\"dateModified\":\"2026-01-16T12:21:43+00:00\",\"description\":\"Bei Eliassen kaufen Sie Sonnenuhren aus Bronze. Gro\u00dfe Auswahl online oder live im Ausstellungsraum. Wir haben die sch\u00f6nsten Sonnenuhren f\u00fcr Ihren Garten!\",\"breadcrumb\":{\"@id\":\"https:\/\/www.eliassen.nl\/de\/sonnenuhr-bronze-gross\/#breadcrumb\"},\"inLanguage\":\"de\",\"potentialAction\":[{\"@type\":\"ReadAction\",\"target\":[\"https:\/\/www.eliassen.nl\/de\/sonnenuhr-bronze-gross\/\"]}]},{\"@type\":\"ImageObject\",\"inLanguage\":\"de\",\"@id\":\"https:\/\/www.eliassen.nl\/de\/sonnenuhr-bronze-gross\/#primaryimage\",\"url\":\"https:\/\/www.eliassen.nl\/wp-content\/uploads\/2024\/01\/eliassenzonnewijzerbronsgrootga0107eliassen.jpg\",\"contentUrl\":\"https:\/\/www.eliassen.nl\/wp-content\/uploads\/2024\/01\/eliassenzonnewijzerbronsgrootga0107eliassen.jpg\",\"width\":692,\"height\":799,\"caption\":\"Eliassen Sonnenuhr Bronze gro\u00df Ga0107 - Eliassen.nl\"},{\"@type\":\"BreadcrumbList\",\"@id\":\"https:\/\/www.eliassen.nl\/de\/sonnenuhr-bronze-gross\/#breadcrumb\",\"itemListElement\":[{\"@type\":\"ListItem\",\"position\":1,\"name\":\"Home\",\"item\":\"https:\/\/www.eliassen.nl\/de\/\"},{\"@type\":\"ListItem\",\"position\":2,\"name\":\"Shop\",\"item\":\"https:\/\/www.eliassen.nl\/de\/shop\/\"},{\"@type\":\"ListItem\",\"position\":3,\"name\":\"Bronzestatuen\",\"item\":\"https:\/\/www.eliassen.nl\/de\/bronzestatuen\/\"},{\"@type\":\"ListItem\",\"position\":4,\"name\":\"Bronzene Sonnenuhren\",\"item\":\"https:\/\/www.eliassen.nl\/de\/bilder\/bronzestatuen\/bronzene-sonnenuhren\/\"},{\"@type\":\"ListItem\",\"position\":5,\"name\":\"Sonnenuhr Bronze gro\u00df\"}]},{\"@type\":\"WebSite\",\"@id\":\"https:\/\/www.eliassen.nl\/de\/#website\",\"url\":\"https:\/\/www.eliassen.nl\/de\/\",\"name\":\"Eliassen Home & Garden Pleasure\",\"description\":\"\",\"publisher\":{\"@id\":\"https:\/\/www.eliassen.nl\/de\/#organization\"},\"alternateName\":\"Eliassen.nl\",\"potentialAction\":[{\"@type\":\"SearchAction\",\"target\":{\"@type\":\"EntryPoint\",\"urlTemplate\":\"https:\/\/www.eliassen.nl\/de\/?s={search_term_string}\"},\"query-input\":{\"@type\":\"PropertyValueSpecification\",\"valueRequired\":true,\"valueName\":\"search_term_string\"}}],\"inLanguage\":\"de\"},{\"@type\":[\"Organization\",\"Place\"],\"@id\":\"https:\/\/www.eliassen.nl\/de\/#organization\",\"name\":\"Eliassen Home & Garden Pleasure\",\"url\":\"https:\/\/www.eliassen.nl\/de\/\",\"logo\":{\"@id\":\"https:\/\/www.eliassen.nl\/de\/sonnenuhr-bronze-gross\/#local-main-organization-logo\"},\"image\":{\"@id\":\"https:\/\/www.eliassen.nl\/de\/sonnenuhr-bronze-gross\/#local-main-organization-logo\"},\"sameAs\":[\"https:\/\/www.facebook.com\/TuincentrumEliassenAmmerzoden\",\"https:\/\/www.instagram.com\/eliassenhomeandgarden\/\",\"https:\/\/nl.pinterest.com\/eliassenhomeandgarden\/\",\"https:\/\/www.youtube.com\/@eliassenhomegardenpleasure4558\"],\"telephone\":[],\"openingHoursSpecification\":[{\"@type\":\"OpeningHoursSpecification\",\"dayOfWeek\":[\"Monday\",\"Tuesday\",\"Wednesday\",\"Thursday\",\"Friday\",\"Saturday\",\"Sunday\"],\"opens\":\"09:00\",\"closes\":\"17:00\"}]},{\"@type\":\"ImageObject\",\"inLanguage\":\"de\",\"@id\":\"https:\/\/www.eliassen.nl\/de\/sonnenuhr-bronze-gross\/#local-main-organization-logo\",\"url\":\"https:\/\/www.eliassen.nl\/wp-content\/uploads\/2024\/01\/logo_4nd.jpg\",\"contentUrl\":\"https:\/\/www.eliassen.nl\/wp-content\/uploads\/2024\/01\/logo_4nd.jpg\",\"width\":500,\"height\":500,\"caption\":\"Eliassen Home & Garden Pleasure\"}]}<\/script>\n<meta property=\"product:price:amount\" content=\"740.00\" \/>\n<meta property=\"product:price:currency\" content=\"EUR\" \/>\n<meta property=\"og:availability\" content=\"instock\" \/>\n<meta property=\"product:availability\" content=\"instock\" \/>\n<meta property=\"product:retailer_item_id\" content=\"Ga0107\" \/>\n<meta property=\"product:condition\" content=\"new\" \/>\n<!-- \/ Yoast SEO Premium plugin. -->","yoast_head_json":{"title":"Sonnenuhr Bronze gro\u00df | Eliassen.nl","description":"Bei Eliassen kaufen Sie Sonnenuhren aus Bronze. Gro\u00dfe Auswahl online oder live im Ausstellungsraum. Wir haben die sch\u00f6nsten Sonnenuhren f\u00fcr Ihren Garten!","robots":{"index":"index","follow":"follow","max-snippet":"max-snippet:-1","max-image-preview":"max-image-preview:large","max-video-preview":"max-video-preview:-1"},"canonical":"https:\/\/www.eliassen.nl\/de\/sonnenuhr-bronze-gross\/","og_locale":"de_DE","og_type":"article","og_title":"Sonstige Sonnenuhr Bronze gro\u00df - Eliassen.nl","og_description":"Bei Eliassen kaufen Sie Sonnenuhren aus Bronze. Gro\u00dfe Auswahl online oder live im Ausstellungsraum. Wir haben die sch\u00f6nsten Sonnenuhren f\u00fcr Ihren Garten!","og_url":"https:\/\/www.eliassen.nl\/de\/sonnenuhr-bronze-gross\/","og_site_name":"Eliassen.nl","article_publisher":"https:\/\/www.facebook.com\/TuincentrumEliassenAmmerzoden","article_modified_time":"2026-01-16T12:21:43+00:00","og_image":[{"width":692,"height":799,"url":"https:\/\/www.eliassen.nl\/wp-content\/uploads\/2024\/01\/eliassenzonnewijzerbronsgrootga0107eliassen.jpg","type":"image\/jpeg"}],"twitter_card":"summary_large_image","schema":{"@context":"https:\/\/schema.org","@graph":[{"@type":"WebPage","@id":"https:\/\/www.eliassen.nl\/de\/sonnenuhr-bronze-gross\/","url":"https:\/\/www.eliassen.nl\/de\/sonnenuhr-bronze-gross\/","name":"Sonnenuhr Bronze gro\u00df | Eliassen.nl","isPartOf":{"@id":"https:\/\/www.eliassen.nl\/de\/#website"},"primaryImageOfPage":{"@id":"https:\/\/www.eliassen.nl\/de\/sonnenuhr-bronze-gross\/#primaryimage"},"image":{"@id":"https:\/\/www.eliassen.nl\/de\/sonnenuhr-bronze-gross\/#primaryimage"},"thumbnailUrl":"https:\/\/www.eliassen.nl\/wp-content\/uploads\/2024\/01\/eliassenzonnewijzerbronsgrootga0107eliassen.jpg","datePublished":"2019-10-28T17:08:52+00:00","dateModified":"2026-01-16T12:21:43+00:00","description":"Bei Eliassen kaufen Sie Sonnenuhren aus Bronze. Gro\u00dfe Auswahl online oder live im Ausstellungsraum. Wir haben die sch\u00f6nsten Sonnenuhren f\u00fcr Ihren Garten!","breadcrumb":{"@id":"https:\/\/www.eliassen.nl\/de\/sonnenuhr-bronze-gross\/#breadcrumb"},"inLanguage":"de","potentialAction":[{"@type":"ReadAction","target":["https:\/\/www.eliassen.nl\/de\/sonnenuhr-bronze-gross\/"]}]},{"@type":"ImageObject","inLanguage":"de","@id":"https:\/\/www.eliassen.nl\/de\/sonnenuhr-bronze-gross\/#primaryimage","url":"https:\/\/www.eliassen.nl\/wp-content\/uploads\/2024\/01\/eliassenzonnewijzerbronsgrootga0107eliassen.jpg","contentUrl":"https:\/\/www.eliassen.nl\/wp-content\/uploads\/2024\/01\/eliassenzonnewijzerbronsgrootga0107eliassen.jpg","width":692,"height":799,"caption":"Eliassen Sonnenuhr Bronze gro\u00df Ga0107 - Eliassen.nl"},{"@type":"BreadcrumbList","@id":"https:\/\/www.eliassen.nl\/de\/sonnenuhr-bronze-gross\/#breadcrumb","itemListElement":[{"@type":"ListItem","position":1,"name":"Home","item":"https:\/\/www.eliassen.nl\/de\/"},{"@type":"ListItem","position":2,"name":"Shop","item":"https:\/\/www.eliassen.nl\/de\/shop\/"},{"@type":"ListItem","position":3,"name":"Bronzestatuen","item":"https:\/\/www.eliassen.nl\/de\/bronzestatuen\/"},{"@type":"ListItem","position":4,"name":"Bronzene Sonnenuhren","item":"https:\/\/www.eliassen.nl\/de\/bilder\/bronzestatuen\/bronzene-sonnenuhren\/"},{"@type":"ListItem","position":5,"name":"Sonnenuhr Bronze gro\u00df"}]},{"@type":"WebSite","@id":"https:\/\/www.eliassen.nl\/de\/#website","url":"https:\/\/www.eliassen.nl\/de\/","name":"Eliassen Home & Garden Pleasure","description":"","publisher":{"@id":"https:\/\/www.eliassen.nl\/de\/#organization"},"alternateName":"Eliassen.nl","potentialAction":[{"@type":"SearchAction","target":{"@type":"EntryPoint","urlTemplate":"https:\/\/www.eliassen.nl\/de\/?s={search_term_string}"},"query-input":{"@type":"PropertyValueSpecification","valueRequired":true,"valueName":"search_term_string"}}],"inLanguage":"de"},{"@type":["Organization","Place"],"@id":"https:\/\/www.eliassen.nl\/de\/#organization","name":"Eliassen Home & Garden Pleasure","url":"https:\/\/www.eliassen.nl\/de\/","logo":{"@id":"https:\/\/www.eliassen.nl\/de\/sonnenuhr-bronze-gross\/#local-main-organization-logo"},"image":{"@id":"https:\/\/www.eliassen.nl\/de\/sonnenuhr-bronze-gross\/#local-main-organization-logo"},"sameAs":["https:\/\/www.facebook.com\/TuincentrumEliassenAmmerzoden","https:\/\/www.instagram.com\/eliassenhomeandgarden\/","https:\/\/nl.pinterest.com\/eliassenhomeandgarden\/","https:\/\/www.youtube.com\/@eliassenhomegardenpleasure4558"],"telephone":[],"openingHoursSpecification":[{"@type":"OpeningHoursSpecification","dayOfWeek":["Monday","Tuesday","Wednesday","Thursday","Friday","Saturday","Sunday"],"opens":"09:00","closes":"17:00"}]},{"@type":"ImageObject","inLanguage":"de","@id":"https:\/\/www.eliassen.nl\/de\/sonnenuhr-bronze-gross\/#local-main-organization-logo","url":"https:\/\/www.eliassen.nl\/wp-content\/uploads\/2024\/01\/logo_4nd.jpg","contentUrl":"https:\/\/www.eliassen.nl\/wp-content\/uploads\/2024\/01\/logo_4nd.jpg","width":500,"height":500,"caption":"Eliassen Home & Garden Pleasure"}]},"product_price_amount":"740.00","product_price_currency":"EUR","og_availability":"instock","product_availability":"instock","product_retailer_item_id":"Ga0107","product_condition":"new"},"df_price":740,"df_sale_price":"","df_regular_price":740,"df_image_link":"https:\/\/www.eliassen.nl\/wp-content\/uploads\/2024\/01\/eliassenzonnewijzerbronsgrootga0107eliassen.jpg","image":"https:\/\/www.eliassen.nl\/wp-content\/uploads\/2024\/01\/eliassenzonnewijzerbronsgrootga0107eliassen.jpg","price_search":"<span class=\"woocommerce-Price-amount amount\"><bdi><span class=\"woocommerce-Price-currencySymbol\">&euro;<\/span>&nbsp;740,00<\/bdi><\/span>","category":"Bronzene Sonnenuhren","global_unique_id":"5410807101070","_links":{"self":[{"href":"https:\/\/www.eliassen.nl\/de\/wp-json\/wp\/v2\/product\/10639","targetHints":{"allow":["GET"]}}],"collection":[{"href":"https:\/\/www.eliassen.nl\/de\/wp-json\/wp\/v2\/product"}],"about":[{"href":"https:\/\/www.eliassen.nl\/de\/wp-json\/wp\/v2\/types\/product"}],"wp:featuredmedia":[{"embeddable":true,"href":"https:\/\/www.eliassen.nl\/de\/wp-json\/wp\/v2\/media\/10624"}],"wp:attachment":[{"href":"https:\/\/www.eliassen.nl\/de\/wp-json\/wp\/v2\/media?parent=10639"}],"wp:term":[{"taxonomy":"product_brand","embeddable":true,"href":"https:\/\/www.eliassen.nl\/de\/wp-json\/wp\/v2\/product_brand?post=10639"},{"taxonomy":"product_cat","embeddable":true,"href":"https:\/\/www.eliassen.nl\/de\/wp-json\/wp\/v2\/product_cat?post=10639"},{"taxonomy":"product_tag","embeddable":true,"href":"https:\/\/www.eliassen.nl\/de\/wp-json\/wp\/v2\/product_tag?post=10639"}],"curies":[{"name":"wp","href":"https:\/\/api.w.org\/{rel}","templated":true}]}}