{"id":10621,"date":"2019-10-28T17:08:50","date_gmt":"2019-10-28T17:08:50","guid":{"rendered":"https:\/\/www.eliassen.nl\/?product=eliassen-roll-wasser-funktion"},"modified":"2026-01-16T13:21:40","modified_gmt":"2026-01-16T12:21:40","slug":"rotierender-kugelbrunnen","status":"publish","type":"product","link":"https:\/\/www.eliassen.nl\/de\/rotierender-kugelbrunnen\/","title":{"rendered":"Drehender Globusbrunnen"},"content":{"rendered":"<p>Ein sehr exklusives St\u00fcck, dieser schwarze Granitbrunnen mit drehendem Globus. Ein superweicher Globus mit einem Durchmesser von 50 cm, der sich durch den Wasserdruck der Pumpe dreht. Die Kugel dreht sich in einem grauen Granitsockel, der sehr pr\u00e4zise ausgeh\u00f6hlt ist, um einen sehr festen Sitz zu gew\u00e4hrleisten. Ein erhabenes und sehr pr\u00e4zises St\u00fcck Handwerkskunst. Sch\u00f6n in Ihrem Garten, aber auch f\u00fcr Grundst\u00fccke in der N\u00e4he von Geb\u00e4uden. Jetzt zum Sonderpreis ohne Garantie !!!<\/p>\n<p>&nbsp;<\/p>\n<p>Wenn Sie eine Frage zu diesem Produkt haben oder wissen m\u00f6chten, was es sonst noch braucht, k\u00f6nnen Sie uns gerne kontaktieren.<\/p>\n<p>Sehen Sie sich das Video unten an, um einen Eindruck zu bekommen:<iframe src=\"https:\/\/www.youtube.com\/embed\/qYMiTUExdCc?rel=0&amp;showinfo=0\" width=\"560\" height=\"315\" frameborder=\"0\" allowfullscreen=\"allowfullscreen\"><\/iframe><\/p>\n","protected":false},"excerpt":{"rendered":"<p>Ein sehr exklusives St\u00fcck, dieser schwarze Granitbrunnen mit drehendem Globus. Ein superweicher Globus mit einem Durchmesser von 50 cm, der sich durch den Wasserdruck der Pumpe dreht. Die Kugel dreht sich in einem grauen Granitsockel, der sehr pr\u00e4zise ausgeh\u00f6hlt ist, um einen sehr festen Sitz zu gew\u00e4hrleisten. Ein erhabenes und sehr pr\u00e4zises St\u00fcck Handwerkskunst. Sch\u00f6n &hellip;<\/p>\n","protected":false},"featured_media":10612,"template":"","meta":{"_acf_changed":false,"_genesis_title":"","_genesis_description":""},"product_brand":[6916],"product_cat":[539,551,569,536],"product_tag":[],"class_list":{"0":"post-10621","1":"product","2":"type-product","3":"status-publish","4":"has-post-thumbnail","6":"product_brand-eliassen-de","7":"product_cat-einzigartige-eigene-modelle-von-losen-wasserspiele","8":"product_cat-lose-wasserspiele","9":"product_cat-wasserbaelle","10":"product_cat-wassereigenschaften","12":"first","13":"outofstock","14":"sale","15":"taxable","16":"shipping-taxable","17":"purchasable","18":"product-type-simple"},"acf":[],"meta_all":{"total_sales":"0","wcml_sync_hash":{"postmeta_fields":"4dd9569642fc68d8bf027fea19eccc0f"},"attr_label_translations":[],"cor_restricted_countries":[]},"meta_all_flat":{"total_sales":"0","wcml_sync_hash.postmeta_fields":"4dd9569642fc68d8bf027fea19eccc0f"},"yoast_head":"<!-- This site is optimized with the Yoast SEO Premium plugin v26.2 (Yoast SEO v27.2) - https:\/\/yoast.com\/product\/yoast-seo-premium-wordpress\/ -->\n<title>Drehender Weltkugelbrunnen | Exklusives Modell! | Eliassen.co.uk<\/title>\n<meta name=\"description\" content=\"Rotierender Globusbrunnen in schwarzer Farbe. Sehr exklusives Modell! Ein pr\u00e4zises St\u00fcck Handwerkskunst. Besuchen Sie unseren Ausstellungsraum und sehen Sie sich +300 Wasserornamente LIVE an!\" \/>\n<meta name=\"robots\" content=\"index, follow, max-snippet:-1, max-image-preview:large, max-video-preview:-1\" \/>\n<link rel=\"canonical\" href=\"https:\/\/www.eliassen.nl\/de\/rotierender-kugelbrunnen\/\" \/>\n<meta property=\"og:locale\" content=\"de_DE\" \/>\n<meta property=\"og:type\" content=\"article\" \/>\n<meta property=\"og:title\" content=\"Eliassen Drehender Globusbrunnen - Eliassen.nl\" \/>\n<meta property=\"og:description\" content=\"Rotierender Globusbrunnen in schwarzer Farbe. Sehr exklusives Modell! Ein pr\u00e4zises St\u00fcck Handwerkskunst. Besuchen Sie unseren Ausstellungsraum und sehen Sie sich +300 Wasserornamente LIVE an!\" \/>\n<meta property=\"og:url\" content=\"https:\/\/www.eliassen.nl\/de\/rotierender-kugelbrunnen\/\" \/>\n<meta property=\"og:site_name\" content=\"Eliassen.nl\" \/>\n<meta property=\"article:publisher\" content=\"https:\/\/www.facebook.com\/TuincentrumEliassenAmmerzoden\" \/>\n<meta property=\"article:modified_time\" content=\"2026-01-16T12:21:40+00:00\" \/>\n<meta property=\"og:image\" content=\"https:\/\/www.eliassen.nl\/wp-content\/uploads\/2024\/01\/eliassendraaiendewereldbolfontein.jpg\" \/>\n\t<meta property=\"og:image:width\" content=\"716\" \/>\n\t<meta property=\"og:image:height\" content=\"1000\" \/>\n\t<meta property=\"og:image:type\" content=\"image\/jpeg\" \/>\n<meta name=\"twitter:card\" content=\"summary_large_image\" \/>\n<script type=\"application\/ld+json\" class=\"yoast-schema-graph\">{\"@context\":\"https:\/\/schema.org\",\"@graph\":[{\"@type\":\"WebPage\",\"@id\":\"https:\/\/www.eliassen.nl\/de\/rotierender-kugelbrunnen\/\",\"url\":\"https:\/\/www.eliassen.nl\/de\/rotierender-kugelbrunnen\/\",\"name\":\"Drehender Weltkugelbrunnen | Exklusives Modell! | Eliassen.co.uk\",\"isPartOf\":{\"@id\":\"https:\/\/www.eliassen.nl\/de\/#website\"},\"primaryImageOfPage\":{\"@id\":\"https:\/\/www.eliassen.nl\/de\/rotierender-kugelbrunnen\/#primaryimage\"},\"image\":{\"@id\":\"https:\/\/www.eliassen.nl\/de\/rotierender-kugelbrunnen\/#primaryimage\"},\"thumbnailUrl\":\"https:\/\/www.eliassen.nl\/wp-content\/uploads\/2024\/01\/eliassendraaiendewereldbolfontein.jpg\",\"datePublished\":\"2019-10-28T17:08:50+00:00\",\"dateModified\":\"2026-01-16T12:21:40+00:00\",\"description\":\"Rotierender Globusbrunnen in schwarzer Farbe. Sehr exklusives Modell! Ein pr\u00e4zises St\u00fcck Handwerkskunst. Besuchen Sie unseren Ausstellungsraum und sehen Sie sich +300 Wasserornamente LIVE an!\",\"breadcrumb\":{\"@id\":\"https:\/\/www.eliassen.nl\/de\/rotierender-kugelbrunnen\/#breadcrumb\"},\"inLanguage\":\"de\",\"potentialAction\":[{\"@type\":\"ReadAction\",\"target\":[\"https:\/\/www.eliassen.nl\/de\/rotierender-kugelbrunnen\/\"]}]},{\"@type\":\"ImageObject\",\"inLanguage\":\"de\",\"@id\":\"https:\/\/www.eliassen.nl\/de\/rotierender-kugelbrunnen\/#primaryimage\",\"url\":\"https:\/\/www.eliassen.nl\/wp-content\/uploads\/2024\/01\/eliassendraaiendewereldbolfontein.jpg\",\"contentUrl\":\"https:\/\/www.eliassen.nl\/wp-content\/uploads\/2024\/01\/eliassendraaiendewereldbolfontein.jpg\",\"width\":716,\"height\":1000,\"caption\":\"eliassen-die-welt-umdrehende-kugel-brunnen\"},{\"@type\":\"BreadcrumbList\",\"@id\":\"https:\/\/www.eliassen.nl\/de\/rotierender-kugelbrunnen\/#breadcrumb\",\"itemListElement\":[{\"@type\":\"ListItem\",\"position\":1,\"name\":\"Home\",\"item\":\"https:\/\/www.eliassen.nl\/de\/\"},{\"@type\":\"ListItem\",\"position\":2,\"name\":\"Shop\",\"item\":\"https:\/\/www.eliassen.nl\/de\/shop\/\"},{\"@type\":\"ListItem\",\"position\":3,\"name\":\"Wasserspiele\",\"item\":\"https:\/\/www.eliassen.nl\/de\/wassereigenschaften\/\"},{\"@type\":\"ListItem\",\"position\":4,\"name\":\"Einzigartige eigene Modelle von losen Wasserspielen\",\"item\":\"https:\/\/www.eliassen.nl\/de\/wassereigenschaften\/einzigartige-eigene-modelle-von-losen-wasserspiele\/\"},{\"@type\":\"ListItem\",\"position\":5,\"name\":\"Drehender Globusbrunnen\"}]},{\"@type\":\"WebSite\",\"@id\":\"https:\/\/www.eliassen.nl\/de\/#website\",\"url\":\"https:\/\/www.eliassen.nl\/de\/\",\"name\":\"Eliassen Home & Garden Pleasure\",\"description\":\"\",\"publisher\":{\"@id\":\"https:\/\/www.eliassen.nl\/de\/#organization\"},\"alternateName\":\"Eliassen.nl\",\"potentialAction\":[{\"@type\":\"SearchAction\",\"target\":{\"@type\":\"EntryPoint\",\"urlTemplate\":\"https:\/\/www.eliassen.nl\/de\/?s={search_term_string}\"},\"query-input\":{\"@type\":\"PropertyValueSpecification\",\"valueRequired\":true,\"valueName\":\"search_term_string\"}}],\"inLanguage\":\"de\"},{\"@type\":[\"Organization\",\"Place\"],\"@id\":\"https:\/\/www.eliassen.nl\/de\/#organization\",\"name\":\"Eliassen Home & Garden Pleasure\",\"url\":\"https:\/\/www.eliassen.nl\/de\/\",\"logo\":{\"@id\":\"https:\/\/www.eliassen.nl\/de\/rotierender-kugelbrunnen\/#local-main-organization-logo\"},\"image\":{\"@id\":\"https:\/\/www.eliassen.nl\/de\/rotierender-kugelbrunnen\/#local-main-organization-logo\"},\"sameAs\":[\"https:\/\/www.facebook.com\/TuincentrumEliassenAmmerzoden\",\"https:\/\/www.instagram.com\/eliassenhomeandgarden\/\",\"https:\/\/nl.pinterest.com\/eliassenhomeandgarden\/\",\"https:\/\/www.youtube.com\/@eliassenhomegardenpleasure4558\"],\"telephone\":[],\"openingHoursSpecification\":[{\"@type\":\"OpeningHoursSpecification\",\"dayOfWeek\":[\"Monday\",\"Tuesday\",\"Wednesday\",\"Thursday\",\"Friday\",\"Saturday\",\"Sunday\"],\"opens\":\"09:00\",\"closes\":\"17:00\"}]},{\"@type\":\"ImageObject\",\"inLanguage\":\"de\",\"@id\":\"https:\/\/www.eliassen.nl\/de\/rotierender-kugelbrunnen\/#local-main-organization-logo\",\"url\":\"https:\/\/www.eliassen.nl\/wp-content\/uploads\/2024\/01\/logo_4nd.jpg\",\"contentUrl\":\"https:\/\/www.eliassen.nl\/wp-content\/uploads\/2024\/01\/logo_4nd.jpg\",\"width\":500,\"height\":500,\"caption\":\"Eliassen Home & Garden Pleasure\"}]}<\/script>\n<meta property=\"product:price:amount\" content=\"1450.00\" \/>\n<meta property=\"product:price:currency\" content=\"EUR\" \/>\n<meta property=\"og:availability\" content=\"out of stock\" \/>\n<meta property=\"product:availability\" content=\"out of stock\" \/>\n<meta property=\"product:retailer_item_id\" content=\"Rolling\" \/>\n<meta property=\"product:condition\" content=\"new\" \/>\n<!-- \/ Yoast SEO Premium plugin. -->","yoast_head_json":{"title":"Drehender Weltkugelbrunnen | Exklusives Modell! | Eliassen.co.uk","description":"Rotierender Globusbrunnen in schwarzer Farbe. Sehr exklusives Modell! Ein pr\u00e4zises St\u00fcck Handwerkskunst. Besuchen Sie unseren Ausstellungsraum und sehen Sie sich +300 Wasserornamente LIVE an!","robots":{"index":"index","follow":"follow","max-snippet":"max-snippet:-1","max-image-preview":"max-image-preview:large","max-video-preview":"max-video-preview:-1"},"canonical":"https:\/\/www.eliassen.nl\/de\/rotierender-kugelbrunnen\/","og_locale":"de_DE","og_type":"article","og_title":"Eliassen Drehender Globusbrunnen - Eliassen.nl","og_description":"Rotierender Globusbrunnen in schwarzer Farbe. Sehr exklusives Modell! Ein pr\u00e4zises St\u00fcck Handwerkskunst. Besuchen Sie unseren Ausstellungsraum und sehen Sie sich +300 Wasserornamente LIVE an!","og_url":"https:\/\/www.eliassen.nl\/de\/rotierender-kugelbrunnen\/","og_site_name":"Eliassen.nl","article_publisher":"https:\/\/www.facebook.com\/TuincentrumEliassenAmmerzoden","article_modified_time":"2026-01-16T12:21:40+00:00","og_image":[{"width":716,"height":1000,"url":"https:\/\/www.eliassen.nl\/wp-content\/uploads\/2024\/01\/eliassendraaiendewereldbolfontein.jpg","type":"image\/jpeg"}],"twitter_card":"summary_large_image","schema":{"@context":"https:\/\/schema.org","@graph":[{"@type":"WebPage","@id":"https:\/\/www.eliassen.nl\/de\/rotierender-kugelbrunnen\/","url":"https:\/\/www.eliassen.nl\/de\/rotierender-kugelbrunnen\/","name":"Drehender Weltkugelbrunnen | Exklusives Modell! | Eliassen.co.uk","isPartOf":{"@id":"https:\/\/www.eliassen.nl\/de\/#website"},"primaryImageOfPage":{"@id":"https:\/\/www.eliassen.nl\/de\/rotierender-kugelbrunnen\/#primaryimage"},"image":{"@id":"https:\/\/www.eliassen.nl\/de\/rotierender-kugelbrunnen\/#primaryimage"},"thumbnailUrl":"https:\/\/www.eliassen.nl\/wp-content\/uploads\/2024\/01\/eliassendraaiendewereldbolfontein.jpg","datePublished":"2019-10-28T17:08:50+00:00","dateModified":"2026-01-16T12:21:40+00:00","description":"Rotierender Globusbrunnen in schwarzer Farbe. Sehr exklusives Modell! Ein pr\u00e4zises St\u00fcck Handwerkskunst. Besuchen Sie unseren Ausstellungsraum und sehen Sie sich +300 Wasserornamente LIVE an!","breadcrumb":{"@id":"https:\/\/www.eliassen.nl\/de\/rotierender-kugelbrunnen\/#breadcrumb"},"inLanguage":"de","potentialAction":[{"@type":"ReadAction","target":["https:\/\/www.eliassen.nl\/de\/rotierender-kugelbrunnen\/"]}]},{"@type":"ImageObject","inLanguage":"de","@id":"https:\/\/www.eliassen.nl\/de\/rotierender-kugelbrunnen\/#primaryimage","url":"https:\/\/www.eliassen.nl\/wp-content\/uploads\/2024\/01\/eliassendraaiendewereldbolfontein.jpg","contentUrl":"https:\/\/www.eliassen.nl\/wp-content\/uploads\/2024\/01\/eliassendraaiendewereldbolfontein.jpg","width":716,"height":1000,"caption":"eliassen-die-welt-umdrehende-kugel-brunnen"},{"@type":"BreadcrumbList","@id":"https:\/\/www.eliassen.nl\/de\/rotierender-kugelbrunnen\/#breadcrumb","itemListElement":[{"@type":"ListItem","position":1,"name":"Home","item":"https:\/\/www.eliassen.nl\/de\/"},{"@type":"ListItem","position":2,"name":"Shop","item":"https:\/\/www.eliassen.nl\/de\/shop\/"},{"@type":"ListItem","position":3,"name":"Wasserspiele","item":"https:\/\/www.eliassen.nl\/de\/wassereigenschaften\/"},{"@type":"ListItem","position":4,"name":"Einzigartige eigene Modelle von losen Wasserspielen","item":"https:\/\/www.eliassen.nl\/de\/wassereigenschaften\/einzigartige-eigene-modelle-von-losen-wasserspiele\/"},{"@type":"ListItem","position":5,"name":"Drehender Globusbrunnen"}]},{"@type":"WebSite","@id":"https:\/\/www.eliassen.nl\/de\/#website","url":"https:\/\/www.eliassen.nl\/de\/","name":"Eliassen Home & Garden Pleasure","description":"","publisher":{"@id":"https:\/\/www.eliassen.nl\/de\/#organization"},"alternateName":"Eliassen.nl","potentialAction":[{"@type":"SearchAction","target":{"@type":"EntryPoint","urlTemplate":"https:\/\/www.eliassen.nl\/de\/?s={search_term_string}"},"query-input":{"@type":"PropertyValueSpecification","valueRequired":true,"valueName":"search_term_string"}}],"inLanguage":"de"},{"@type":["Organization","Place"],"@id":"https:\/\/www.eliassen.nl\/de\/#organization","name":"Eliassen Home & Garden Pleasure","url":"https:\/\/www.eliassen.nl\/de\/","logo":{"@id":"https:\/\/www.eliassen.nl\/de\/rotierender-kugelbrunnen\/#local-main-organization-logo"},"image":{"@id":"https:\/\/www.eliassen.nl\/de\/rotierender-kugelbrunnen\/#local-main-organization-logo"},"sameAs":["https:\/\/www.facebook.com\/TuincentrumEliassenAmmerzoden","https:\/\/www.instagram.com\/eliassenhomeandgarden\/","https:\/\/nl.pinterest.com\/eliassenhomeandgarden\/","https:\/\/www.youtube.com\/@eliassenhomegardenpleasure4558"],"telephone":[],"openingHoursSpecification":[{"@type":"OpeningHoursSpecification","dayOfWeek":["Monday","Tuesday","Wednesday","Thursday","Friday","Saturday","Sunday"],"opens":"09:00","closes":"17:00"}]},{"@type":"ImageObject","inLanguage":"de","@id":"https:\/\/www.eliassen.nl\/de\/rotierender-kugelbrunnen\/#local-main-organization-logo","url":"https:\/\/www.eliassen.nl\/wp-content\/uploads\/2024\/01\/logo_4nd.jpg","contentUrl":"https:\/\/www.eliassen.nl\/wp-content\/uploads\/2024\/01\/logo_4nd.jpg","width":500,"height":500,"caption":"Eliassen Home & Garden Pleasure"}]},"product_price_amount":"1450.00","product_price_currency":"EUR","og_availability":"out of stock","product_availability":"out of stock","product_retailer_item_id":"Rolling","product_condition":"new"},"df_price":1450,"df_sale_price":1450,"df_regular_price":3200,"df_image_link":"https:\/\/www.eliassen.nl\/wp-content\/uploads\/2024\/01\/eliassendraaiendewereldbolfontein.jpg","image":"https:\/\/www.eliassen.nl\/wp-content\/uploads\/2024\/01\/eliassendraaiendewereldbolfontein.jpg","price_search":"<span class=\"woocommerce-Price-amount amount\"><bdi><span class=\"woocommerce-Price-currencySymbol\">&euro;<\/span>&nbsp;1.450,00<\/bdi><\/span>","category":"Einzigartige eigene Modelle von losen Wasserspielen","global_unique_id":"7438235632681","_links":{"self":[{"href":"https:\/\/www.eliassen.nl\/de\/wp-json\/wp\/v2\/product\/10621","targetHints":{"allow":["GET"]}}],"collection":[{"href":"https:\/\/www.eliassen.nl\/de\/wp-json\/wp\/v2\/product"}],"about":[{"href":"https:\/\/www.eliassen.nl\/de\/wp-json\/wp\/v2\/types\/product"}],"wp:featuredmedia":[{"embeddable":true,"href":"https:\/\/www.eliassen.nl\/de\/wp-json\/wp\/v2\/media\/10612"}],"wp:attachment":[{"href":"https:\/\/www.eliassen.nl\/de\/wp-json\/wp\/v2\/media?parent=10621"}],"wp:term":[{"taxonomy":"product_brand","embeddable":true,"href":"https:\/\/www.eliassen.nl\/de\/wp-json\/wp\/v2\/product_brand?post=10621"},{"taxonomy":"product_cat","embeddable":true,"href":"https:\/\/www.eliassen.nl\/de\/wp-json\/wp\/v2\/product_cat?post=10621"},{"taxonomy":"product_tag","embeddable":true,"href":"https:\/\/www.eliassen.nl\/de\/wp-json\/wp\/v2\/product_tag?post=10621"}],"curies":[{"name":"wp","href":"https:\/\/api.w.org\/{rel}","templated":true}]}}