{"id":10609,"date":"2019-10-28T17:08:41","date_gmt":"2019-10-28T17:08:41","guid":{"rendered":"https:\/\/www.eliassen.nl\/?product=eliassen-wasser-element-niam"},"modified":"2026-01-16T13:21:34","modified_gmt":"2026-01-16T12:21:34","slug":"basaltsaule-niam","status":"publish","type":"product","link":"https:\/\/www.eliassen.nl\/de\/basaltsaule-niam\/","title":{"rendered":"Basalts\u00e4ule Niam"},"content":{"rendered":"<p><strong>Es handelt sich um ein loses Ornament. Erkundigen Sie sich nach den anderen ben\u00f6tigten Teilen.<\/strong><\/p>\n<p>Wundersch\u00f6nes gro\u00dfes Wasserornament aus massivem Basaltstein, aus dem das Wasser wie ein Wasserfall herausl\u00e4uft. Dieses Modell sollte auf einen eingegrabenen Wassertank gestellt werden, auf dem ein Gitter angebracht ist. Dies ist ein einzigartiges Modell, das nur bei uns zum Verkauf steht. Die Gr\u00f6\u00dfe dieses Ornaments betr\u00e4gt 100 cm, die Dicke variiert, da es sich um ein Naturmaterial handelt.<\/p>\n<p><strong>Tipp:<\/strong> Vervollst\u00e4ndigen Sie das Gitter mit unseren runden, polierten Zierkieseln in Pechschwarz f\u00fcr einen sch\u00f6nen Kontrast.<br \/>\nSiehe Spezifikationen f\u00fcr noch mehr Details. Vergessen Sie nicht, unseren Shop zu besuchen, um die beste Beratung und das gr\u00f6\u00dfte Sortiment in den Beneluxl\u00e4ndern zu erhalten!<\/p>\n<ul>\n<li>Massiver Basaltstein<\/li>\n<li>180 kg<\/li>\n<li>Bleibt sch\u00f6n<\/li>\n<li>Einzigartiges Design, nur bei uns erh\u00e4ltlich<br \/>\nHaben Sie Fragen zu diesem Artikel oder ben\u00f6tigen Sie Ratschl\u00e4ge, um dieses Modell mit allen anderen wesentlichen Bestandteilen zu vervollst\u00e4ndigen? Wenn ja, k\u00f6nnen Sie uns gerne kontaktieren.<\/li>\n<\/ul>\n","protected":false},"excerpt":{"rendered":"<p>Es handelt sich um ein loses Ornament. Erkundigen Sie sich nach den anderen ben\u00f6tigten Teilen.<\/p>\n","protected":false},"featured_media":10606,"template":"","meta":{"_acf_changed":false,"_genesis_title":"","_genesis_description":""},"product_brand":[6916],"product_cat":[539,551,536],"product_tag":[],"class_list":{"0":"post-10609","1":"product","2":"type-product","3":"status-publish","4":"has-post-thumbnail","6":"product_brand-eliassen-de","7":"product_cat-einzigartige-eigene-modelle-von-losen-wasserspiele","8":"product_cat-lose-wasserspiele","9":"product_cat-wassereigenschaften","11":"first","12":"instock","13":"taxable","14":"shipping-taxable","15":"purchasable","16":"product-type-simple"},"acf":[],"meta_all":{"total_sales":"0","wcml_sync_hash":{"postmeta_fields":"1dfdd6d5519b27f1dff5144d647d4ac4"},"attr_label_translations":[],"cor_restricted_countries":[]},"meta_all_flat":{"total_sales":"0","wcml_sync_hash.postmeta_fields":"1dfdd6d5519b27f1dff5144d647d4ac4"},"yoast_head":"<!-- This site is optimized with the Yoast SEO Premium plugin v26.2 (Yoast SEO v27.2) - https:\/\/yoast.com\/product\/yoast-seo-premium-wordpress\/ -->\n<title>Gro\u00dfe Basalts\u00e4ule | Einzigartiges Design! | Eliassen.co.uk<\/title>\n<meta name=\"description\" content=\"Kaufen Sie eine gro\u00dfe Basalts\u00e4ule? Dann sehen Sie sich dieses atemberaubende Exemplar an, das 100 cm gro\u00df und 180 kg schwer ist. Nur bei uns zu kaufen! Sehen Sie LIVE +300 Wasserornamente!\" \/>\n<meta name=\"robots\" content=\"index, follow, max-snippet:-1, max-image-preview:large, max-video-preview:-1\" \/>\n<link rel=\"canonical\" href=\"https:\/\/www.eliassen.nl\/de\/basaltsaule-niam\/\" \/>\n<meta property=\"og:locale\" content=\"de_DE\" \/>\n<meta property=\"og:type\" content=\"article\" \/>\n<meta property=\"og:title\" content=\"Eliassen Basalts\u00e4ule Niam - Eliassen.nl\" \/>\n<meta property=\"og:description\" content=\"Kaufen Sie eine gro\u00dfe Basalts\u00e4ule? Dann sehen Sie sich dieses atemberaubende Exemplar an, das 100 cm gro\u00df und 180 kg schwer ist. Nur bei uns zu kaufen! Sehen Sie LIVE +300 Wasserornamente!\" \/>\n<meta property=\"og:url\" content=\"https:\/\/www.eliassen.nl\/de\/basaltsaule-niam\/\" \/>\n<meta property=\"og:site_name\" content=\"Eliassen.nl\" \/>\n<meta property=\"article:publisher\" content=\"https:\/\/www.facebook.com\/TuincentrumEliassenAmmerzoden\" \/>\n<meta property=\"article:modified_time\" content=\"2026-01-16T12:21:34+00:00\" \/>\n<meta property=\"og:image\" content=\"https:\/\/www.eliassen.nl\/wp-content\/uploads\/2024\/01\/basaltzuilniameliassennl.jpg\" \/>\n\t<meta property=\"og:image:width\" content=\"575\" \/>\n\t<meta property=\"og:image:height\" content=\"1024\" \/>\n\t<meta property=\"og:image:type\" content=\"image\/jpeg\" \/>\n<meta name=\"twitter:card\" content=\"summary_large_image\" \/>\n<script type=\"application\/ld+json\" class=\"yoast-schema-graph\">{\"@context\":\"https:\/\/schema.org\",\"@graph\":[{\"@type\":\"WebPage\",\"@id\":\"https:\/\/www.eliassen.nl\/de\/basaltsaule-niam\/\",\"url\":\"https:\/\/www.eliassen.nl\/de\/basaltsaule-niam\/\",\"name\":\"Gro\u00dfe Basalts\u00e4ule | Einzigartiges Design! | Eliassen.co.uk\",\"isPartOf\":{\"@id\":\"https:\/\/www.eliassen.nl\/de\/#website\"},\"primaryImageOfPage\":{\"@id\":\"https:\/\/www.eliassen.nl\/de\/basaltsaule-niam\/#primaryimage\"},\"image\":{\"@id\":\"https:\/\/www.eliassen.nl\/de\/basaltsaule-niam\/#primaryimage\"},\"thumbnailUrl\":\"https:\/\/www.eliassen.nl\/wp-content\/uploads\/2024\/01\/basaltzuilniameliassennl.jpg\",\"datePublished\":\"2019-10-28T17:08:41+00:00\",\"dateModified\":\"2026-01-16T12:21:34+00:00\",\"description\":\"Kaufen Sie eine gro\u00dfe Basalts\u00e4ule? Dann sehen Sie sich dieses atemberaubende Exemplar an, das 100 cm gro\u00df und 180 kg schwer ist. Nur bei uns zu kaufen! Sehen Sie LIVE +300 Wasserornamente!\",\"breadcrumb\":{\"@id\":\"https:\/\/www.eliassen.nl\/de\/basaltsaule-niam\/#breadcrumb\"},\"inLanguage\":\"de\",\"potentialAction\":[{\"@type\":\"ReadAction\",\"target\":[\"https:\/\/www.eliassen.nl\/de\/basaltsaule-niam\/\"]}]},{\"@type\":\"ImageObject\",\"inLanguage\":\"de\",\"@id\":\"https:\/\/www.eliassen.nl\/de\/basaltsaule-niam\/#primaryimage\",\"url\":\"https:\/\/www.eliassen.nl\/wp-content\/uploads\/2024\/01\/basaltzuilniameliassennl.jpg\",\"contentUrl\":\"https:\/\/www.eliassen.nl\/wp-content\/uploads\/2024\/01\/basaltzuilniameliassennl.jpg\",\"width\":575,\"height\":1024,\"caption\":\"Basalts\u00e4ule Niam | Eliassen.de\"},{\"@type\":\"BreadcrumbList\",\"@id\":\"https:\/\/www.eliassen.nl\/de\/basaltsaule-niam\/#breadcrumb\",\"itemListElement\":[{\"@type\":\"ListItem\",\"position\":1,\"name\":\"Home\",\"item\":\"https:\/\/www.eliassen.nl\/de\/\"},{\"@type\":\"ListItem\",\"position\":2,\"name\":\"Shop\",\"item\":\"https:\/\/www.eliassen.nl\/de\/shop\/\"},{\"@type\":\"ListItem\",\"position\":3,\"name\":\"Wasserspiele\",\"item\":\"https:\/\/www.eliassen.nl\/de\/wassereigenschaften\/\"},{\"@type\":\"ListItem\",\"position\":4,\"name\":\"Einzigartige eigene Modelle von losen Wasserspielen\",\"item\":\"https:\/\/www.eliassen.nl\/de\/wassereigenschaften\/einzigartige-eigene-modelle-von-losen-wasserspiele\/\"},{\"@type\":\"ListItem\",\"position\":5,\"name\":\"Basalts\u00e4ule Niam\"}]},{\"@type\":\"WebSite\",\"@id\":\"https:\/\/www.eliassen.nl\/de\/#website\",\"url\":\"https:\/\/www.eliassen.nl\/de\/\",\"name\":\"Eliassen Home & Garden Pleasure\",\"description\":\"\",\"publisher\":{\"@id\":\"https:\/\/www.eliassen.nl\/de\/#organization\"},\"alternateName\":\"Eliassen.nl\",\"potentialAction\":[{\"@type\":\"SearchAction\",\"target\":{\"@type\":\"EntryPoint\",\"urlTemplate\":\"https:\/\/www.eliassen.nl\/de\/?s={search_term_string}\"},\"query-input\":{\"@type\":\"PropertyValueSpecification\",\"valueRequired\":true,\"valueName\":\"search_term_string\"}}],\"inLanguage\":\"de\"},{\"@type\":[\"Organization\",\"Place\"],\"@id\":\"https:\/\/www.eliassen.nl\/de\/#organization\",\"name\":\"Eliassen Home & Garden Pleasure\",\"url\":\"https:\/\/www.eliassen.nl\/de\/\",\"logo\":{\"@id\":\"https:\/\/www.eliassen.nl\/de\/basaltsaule-niam\/#local-main-organization-logo\"},\"image\":{\"@id\":\"https:\/\/www.eliassen.nl\/de\/basaltsaule-niam\/#local-main-organization-logo\"},\"sameAs\":[\"https:\/\/www.facebook.com\/TuincentrumEliassenAmmerzoden\",\"https:\/\/www.instagram.com\/eliassenhomeandgarden\/\",\"https:\/\/nl.pinterest.com\/eliassenhomeandgarden\/\",\"https:\/\/www.youtube.com\/@eliassenhomegardenpleasure4558\"],\"telephone\":[],\"openingHoursSpecification\":[{\"@type\":\"OpeningHoursSpecification\",\"dayOfWeek\":[\"Monday\",\"Tuesday\",\"Wednesday\",\"Thursday\",\"Friday\",\"Saturday\",\"Sunday\"],\"opens\":\"09:00\",\"closes\":\"17:00\"}]},{\"@type\":\"ImageObject\",\"inLanguage\":\"de\",\"@id\":\"https:\/\/www.eliassen.nl\/de\/basaltsaule-niam\/#local-main-organization-logo\",\"url\":\"https:\/\/www.eliassen.nl\/wp-content\/uploads\/2024\/01\/logo_4nd.jpg\",\"contentUrl\":\"https:\/\/www.eliassen.nl\/wp-content\/uploads\/2024\/01\/logo_4nd.jpg\",\"width\":500,\"height\":500,\"caption\":\"Eliassen Home & Garden Pleasure\"}]}<\/script>\n<meta property=\"product:price:amount\" content=\"375.00\" \/>\n<meta property=\"product:price:currency\" content=\"EUR\" \/>\n<meta property=\"og:availability\" content=\"instock\" \/>\n<meta property=\"product:availability\" content=\"instock\" \/>\n<meta property=\"product:retailer_item_id\" content=\"Niam\" \/>\n<meta property=\"product:condition\" content=\"new\" \/>\n<!-- \/ Yoast SEO Premium plugin. -->","yoast_head_json":{"title":"Gro\u00dfe Basalts\u00e4ule | Einzigartiges Design! | Eliassen.co.uk","description":"Kaufen Sie eine gro\u00dfe Basalts\u00e4ule? Dann sehen Sie sich dieses atemberaubende Exemplar an, das 100 cm gro\u00df und 180 kg schwer ist. Nur bei uns zu kaufen! Sehen Sie LIVE +300 Wasserornamente!","robots":{"index":"index","follow":"follow","max-snippet":"max-snippet:-1","max-image-preview":"max-image-preview:large","max-video-preview":"max-video-preview:-1"},"canonical":"https:\/\/www.eliassen.nl\/de\/basaltsaule-niam\/","og_locale":"de_DE","og_type":"article","og_title":"Eliassen Basalts\u00e4ule Niam - Eliassen.nl","og_description":"Kaufen Sie eine gro\u00dfe Basalts\u00e4ule? Dann sehen Sie sich dieses atemberaubende Exemplar an, das 100 cm gro\u00df und 180 kg schwer ist. Nur bei uns zu kaufen! Sehen Sie LIVE +300 Wasserornamente!","og_url":"https:\/\/www.eliassen.nl\/de\/basaltsaule-niam\/","og_site_name":"Eliassen.nl","article_publisher":"https:\/\/www.facebook.com\/TuincentrumEliassenAmmerzoden","article_modified_time":"2026-01-16T12:21:34+00:00","og_image":[{"width":575,"height":1024,"url":"https:\/\/www.eliassen.nl\/wp-content\/uploads\/2024\/01\/basaltzuilniameliassennl.jpg","type":"image\/jpeg"}],"twitter_card":"summary_large_image","schema":{"@context":"https:\/\/schema.org","@graph":[{"@type":"WebPage","@id":"https:\/\/www.eliassen.nl\/de\/basaltsaule-niam\/","url":"https:\/\/www.eliassen.nl\/de\/basaltsaule-niam\/","name":"Gro\u00dfe Basalts\u00e4ule | Einzigartiges Design! | Eliassen.co.uk","isPartOf":{"@id":"https:\/\/www.eliassen.nl\/de\/#website"},"primaryImageOfPage":{"@id":"https:\/\/www.eliassen.nl\/de\/basaltsaule-niam\/#primaryimage"},"image":{"@id":"https:\/\/www.eliassen.nl\/de\/basaltsaule-niam\/#primaryimage"},"thumbnailUrl":"https:\/\/www.eliassen.nl\/wp-content\/uploads\/2024\/01\/basaltzuilniameliassennl.jpg","datePublished":"2019-10-28T17:08:41+00:00","dateModified":"2026-01-16T12:21:34+00:00","description":"Kaufen Sie eine gro\u00dfe Basalts\u00e4ule? Dann sehen Sie sich dieses atemberaubende Exemplar an, das 100 cm gro\u00df und 180 kg schwer ist. Nur bei uns zu kaufen! Sehen Sie LIVE +300 Wasserornamente!","breadcrumb":{"@id":"https:\/\/www.eliassen.nl\/de\/basaltsaule-niam\/#breadcrumb"},"inLanguage":"de","potentialAction":[{"@type":"ReadAction","target":["https:\/\/www.eliassen.nl\/de\/basaltsaule-niam\/"]}]},{"@type":"ImageObject","inLanguage":"de","@id":"https:\/\/www.eliassen.nl\/de\/basaltsaule-niam\/#primaryimage","url":"https:\/\/www.eliassen.nl\/wp-content\/uploads\/2024\/01\/basaltzuilniameliassennl.jpg","contentUrl":"https:\/\/www.eliassen.nl\/wp-content\/uploads\/2024\/01\/basaltzuilniameliassennl.jpg","width":575,"height":1024,"caption":"Basalts\u00e4ule Niam | Eliassen.de"},{"@type":"BreadcrumbList","@id":"https:\/\/www.eliassen.nl\/de\/basaltsaule-niam\/#breadcrumb","itemListElement":[{"@type":"ListItem","position":1,"name":"Home","item":"https:\/\/www.eliassen.nl\/de\/"},{"@type":"ListItem","position":2,"name":"Shop","item":"https:\/\/www.eliassen.nl\/de\/shop\/"},{"@type":"ListItem","position":3,"name":"Wasserspiele","item":"https:\/\/www.eliassen.nl\/de\/wassereigenschaften\/"},{"@type":"ListItem","position":4,"name":"Einzigartige eigene Modelle von losen Wasserspielen","item":"https:\/\/www.eliassen.nl\/de\/wassereigenschaften\/einzigartige-eigene-modelle-von-losen-wasserspiele\/"},{"@type":"ListItem","position":5,"name":"Basalts\u00e4ule Niam"}]},{"@type":"WebSite","@id":"https:\/\/www.eliassen.nl\/de\/#website","url":"https:\/\/www.eliassen.nl\/de\/","name":"Eliassen Home & Garden Pleasure","description":"","publisher":{"@id":"https:\/\/www.eliassen.nl\/de\/#organization"},"alternateName":"Eliassen.nl","potentialAction":[{"@type":"SearchAction","target":{"@type":"EntryPoint","urlTemplate":"https:\/\/www.eliassen.nl\/de\/?s={search_term_string}"},"query-input":{"@type":"PropertyValueSpecification","valueRequired":true,"valueName":"search_term_string"}}],"inLanguage":"de"},{"@type":["Organization","Place"],"@id":"https:\/\/www.eliassen.nl\/de\/#organization","name":"Eliassen Home & Garden Pleasure","url":"https:\/\/www.eliassen.nl\/de\/","logo":{"@id":"https:\/\/www.eliassen.nl\/de\/basaltsaule-niam\/#local-main-organization-logo"},"image":{"@id":"https:\/\/www.eliassen.nl\/de\/basaltsaule-niam\/#local-main-organization-logo"},"sameAs":["https:\/\/www.facebook.com\/TuincentrumEliassenAmmerzoden","https:\/\/www.instagram.com\/eliassenhomeandgarden\/","https:\/\/nl.pinterest.com\/eliassenhomeandgarden\/","https:\/\/www.youtube.com\/@eliassenhomegardenpleasure4558"],"telephone":[],"openingHoursSpecification":[{"@type":"OpeningHoursSpecification","dayOfWeek":["Monday","Tuesday","Wednesday","Thursday","Friday","Saturday","Sunday"],"opens":"09:00","closes":"17:00"}]},{"@type":"ImageObject","inLanguage":"de","@id":"https:\/\/www.eliassen.nl\/de\/basaltsaule-niam\/#local-main-organization-logo","url":"https:\/\/www.eliassen.nl\/wp-content\/uploads\/2024\/01\/logo_4nd.jpg","contentUrl":"https:\/\/www.eliassen.nl\/wp-content\/uploads\/2024\/01\/logo_4nd.jpg","width":500,"height":500,"caption":"Eliassen Home & Garden Pleasure"}]},"product_price_amount":"375.00","product_price_currency":"EUR","og_availability":"instock","product_availability":"instock","product_retailer_item_id":"Niam","product_condition":"new"},"df_price":375,"df_sale_price":"","df_regular_price":375,"df_image_link":"https:\/\/www.eliassen.nl\/wp-content\/uploads\/2024\/01\/basaltzuilniameliassennl.jpg","image":"https:\/\/www.eliassen.nl\/wp-content\/uploads\/2024\/01\/basaltzuilniameliassennl.jpg","price_search":"<span class=\"woocommerce-Price-amount amount\"><bdi><span class=\"woocommerce-Price-currencySymbol\">&euro;<\/span>&nbsp;375,00<\/bdi><\/span>","category":"Einzigartige eigene Modelle von losen Wasserspielen","global_unique_id":"7438235633626","_links":{"self":[{"href":"https:\/\/www.eliassen.nl\/de\/wp-json\/wp\/v2\/product\/10609","targetHints":{"allow":["GET"]}}],"collection":[{"href":"https:\/\/www.eliassen.nl\/de\/wp-json\/wp\/v2\/product"}],"about":[{"href":"https:\/\/www.eliassen.nl\/de\/wp-json\/wp\/v2\/types\/product"}],"wp:featuredmedia":[{"embeddable":true,"href":"https:\/\/www.eliassen.nl\/de\/wp-json\/wp\/v2\/media\/10606"}],"wp:attachment":[{"href":"https:\/\/www.eliassen.nl\/de\/wp-json\/wp\/v2\/media?parent=10609"}],"wp:term":[{"taxonomy":"product_brand","embeddable":true,"href":"https:\/\/www.eliassen.nl\/de\/wp-json\/wp\/v2\/product_brand?post=10609"},{"taxonomy":"product_cat","embeddable":true,"href":"https:\/\/www.eliassen.nl\/de\/wp-json\/wp\/v2\/product_cat?post=10609"},{"taxonomy":"product_tag","embeddable":true,"href":"https:\/\/www.eliassen.nl\/de\/wp-json\/wp\/v2\/product_tag?post=10609"}],"curies":[{"name":"wp","href":"https:\/\/api.w.org\/{rel}","templated":true}]}}