{"id":10594,"date":"2019-10-28T17:08:34","date_gmt":"2019-10-28T17:08:34","guid":{"rendered":"https:\/\/www.eliassen.nl\/?product=eliassen-wasser-element-vaughn"},"modified":"2026-01-16T13:21:04","modified_gmt":"2026-01-16T12:21:04","slug":"exklusiver-wasserelement-granit-vaugh","status":"publish","type":"product","link":"https:\/\/www.eliassen.nl\/de\/exklusiver-wasserelement-granit-vaugh\/","title":{"rendered":"Exklusives Wasserelement aus Granit Vaugh"},"content":{"rendered":"<p><strong>Es handelt sich um ein loses Ornament. Erkundigen Sie sich nach den anderen ben\u00f6tigten Teilen.<\/strong><\/p>\n<p>Sehr exklusives Wasserspiel aus sch\u00f6nem dunklem Granitstein. Massives schweres Ganzes, Unterseite geschliffen, obere H\u00e4lfte poliert. Dieses Modell wurde intern entwickelt und kann nur bei uns erworben werden.  <br \/>Die Gr\u00f6\u00dfe dieser S\u00e4ule betr\u00e4gt stolze 60x60x60cm.<span style=\"color: #ff0000;\"> <\/span><\/p>\n<p><strong>Tipp:<\/strong> Unsere eigenen schwarzen, polierten schwarzen Kieselsteine, die in 3 Gr\u00f6\u00dfen erh\u00e4ltlich sind, bilden einen wunderbaren Kontrast zu den S\u00e4ulen!<\/p>\n<p><strong>Vergessen Sie nicht, unser Ausstellungsgel\u00e4nde zu besuchen.<\/strong><\/p>\n<ul>\n<li>Ornament aus massivem Granit<\/li>\n<li>Poliert<\/li>\n<li>200 kg<\/li>\n<li>Bleibt sch\u00f6n<\/li>\n<li>Einzigartiges Design, nur bei uns erh\u00e4ltlich.<\/li>\n<\/ul>\n<p>Haben Sie Fragen zu diesem Artikel oder ben\u00f6tigen Sie Ratschl\u00e4ge, um dieses Modell mit allen anderen wesentlichen Bestandteilen zu vervollst\u00e4ndigen? Wenn ja, k\u00f6nnen Sie uns gerne kontaktieren.  <\/p>\n","protected":false},"excerpt":{"rendered":"<p>Es handelt sich um ein loses Ornament. Erkundigen Sie sich nach den anderen ben\u00f6tigten Teilen.<\/p>\n","protected":false},"featured_media":10591,"template":"","meta":{"_acf_changed":false,"_genesis_title":"","_genesis_description":""},"product_brand":[6916],"product_cat":[596,539,551,536],"product_tag":[],"class_list":{"0":"post-10594","1":"product","2":"type-product","3":"status-publish","4":"has-post-thumbnail","6":"product_brand-eliassen-de","7":"product_cat-auslass-fuer-wasserspiele","8":"product_cat-einzigartige-eigene-modelle-von-losen-wasserspiele","9":"product_cat-lose-wasserspiele","10":"product_cat-wassereigenschaften","12":"first","13":"instock","14":"sale","15":"taxable","16":"shipping-taxable","17":"purchasable","18":"product-type-simple"},"acf":[],"meta_all":{"total_sales":"0","wcml_sync_hash":{"postmeta_fields":"c8aa20434e9334ff8fccd3f48f7a21cf"},"attr_label_translations":[]},"meta_all_flat":{"total_sales":"0","wcml_sync_hash.postmeta_fields":"c8aa20434e9334ff8fccd3f48f7a21cf"},"yoast_head":"<!-- This site is optimized with the Yoast SEO Premium plugin v26.2 (Yoast SEO v27.2) - https:\/\/yoast.com\/product\/yoast-seo-premium-wordpress\/ -->\n<title>Exklusive Wasserelemente aus Granit | Einzigartiges Design! | Eliassen.co.uk<\/title>\n<meta name=\"description\" content=\"Exklusiver Wasserelement-Granit, den Sie nur bei uns kaufen k\u00f6nnen! Exklusives Modell. Sch\u00f6ner dunkler Granitstein. Sehen Sie sich LIVE +300 Wasserornamente in unserem Ausstellungsraum an!\" \/>\n<meta name=\"robots\" content=\"index, follow, max-snippet:-1, max-image-preview:large, max-video-preview:-1\" \/>\n<link rel=\"canonical\" href=\"https:\/\/www.eliassen.nl\/de\/exklusiver-wasserelement-granit-vaugh\/\" \/>\n<meta property=\"og:locale\" content=\"de_DE\" \/>\n<meta property=\"og:type\" content=\"article\" \/>\n<meta property=\"og:title\" content=\"Eliassen Exklusives Wasserelement aus Granit Vaugh - Eliassen.nl\" \/>\n<meta property=\"og:description\" content=\"Exklusiver Wasserelement-Granit, den Sie nur bei uns kaufen k\u00f6nnen! Exklusives Modell. Sch\u00f6ner dunkler Granitstein. Sehen Sie sich LIVE +300 Wasserornamente in unserem Ausstellungsraum an!\" \/>\n<meta property=\"og:url\" content=\"https:\/\/www.eliassen.nl\/de\/exklusiver-wasserelement-granit-vaugh\/\" \/>\n<meta property=\"og:site_name\" content=\"Eliassen.nl\" \/>\n<meta property=\"article:publisher\" content=\"https:\/\/www.facebook.com\/TuincentrumEliassenAmmerzoden\" \/>\n<meta property=\"article:modified_time\" content=\"2026-01-16T12:21:04+00:00\" \/>\n<meta property=\"og:image\" content=\"https:\/\/www.eliassen.nl\/wp-content\/uploads\/2024\/01\/exclusievewaterelementgranietvaugheliassennl.jpg\" \/>\n\t<meta property=\"og:image:width\" content=\"800\" \/>\n\t<meta property=\"og:image:height\" content=\"1024\" \/>\n\t<meta property=\"og:image:type\" content=\"image\/jpeg\" \/>\n<meta name=\"twitter:card\" content=\"summary_large_image\" \/>\n<script type=\"application\/ld+json\" class=\"yoast-schema-graph\">{\"@context\":\"https:\/\/schema.org\",\"@graph\":[{\"@type\":\"WebPage\",\"@id\":\"https:\/\/www.eliassen.nl\/de\/exklusiver-wasserelement-granit-vaugh\/\",\"url\":\"https:\/\/www.eliassen.nl\/de\/exklusiver-wasserelement-granit-vaugh\/\",\"name\":\"Exklusive Wasserelemente aus Granit | Einzigartiges Design! | Eliassen.co.uk\",\"isPartOf\":{\"@id\":\"https:\/\/www.eliassen.nl\/de\/#website\"},\"primaryImageOfPage\":{\"@id\":\"https:\/\/www.eliassen.nl\/de\/exklusiver-wasserelement-granit-vaugh\/#primaryimage\"},\"image\":{\"@id\":\"https:\/\/www.eliassen.nl\/de\/exklusiver-wasserelement-granit-vaugh\/#primaryimage\"},\"thumbnailUrl\":\"https:\/\/www.eliassen.nl\/wp-content\/uploads\/2024\/01\/exclusievewaterelementgranietvaugheliassennl.jpg\",\"datePublished\":\"2019-10-28T17:08:34+00:00\",\"dateModified\":\"2026-01-16T12:21:04+00:00\",\"description\":\"Exklusiver Wasserelement-Granit, den Sie nur bei uns kaufen k\u00f6nnen! Exklusives Modell. Sch\u00f6ner dunkler Granitstein. Sehen Sie sich LIVE +300 Wasserornamente in unserem Ausstellungsraum an!\",\"breadcrumb\":{\"@id\":\"https:\/\/www.eliassen.nl\/de\/exklusiver-wasserelement-granit-vaugh\/#breadcrumb\"},\"inLanguage\":\"de\",\"potentialAction\":[{\"@type\":\"ReadAction\",\"target\":[\"https:\/\/www.eliassen.nl\/de\/exklusiver-wasserelement-granit-vaugh\/\"]}]},{\"@type\":\"ImageObject\",\"inLanguage\":\"de\",\"@id\":\"https:\/\/www.eliassen.nl\/de\/exklusiver-wasserelement-granit-vaugh\/#primaryimage\",\"url\":\"https:\/\/www.eliassen.nl\/wp-content\/uploads\/2024\/01\/exclusievewaterelementgranietvaugheliassennl.jpg\",\"contentUrl\":\"https:\/\/www.eliassen.nl\/wp-content\/uploads\/2024\/01\/exclusievewaterelementgranietvaugheliassennl.jpg\",\"width\":800,\"height\":1024,\"caption\":\"Exklusives Wasserelement Granit Vaugh | Eliassen.de\"},{\"@type\":\"BreadcrumbList\",\"@id\":\"https:\/\/www.eliassen.nl\/de\/exklusiver-wasserelement-granit-vaugh\/#breadcrumb\",\"itemListElement\":[{\"@type\":\"ListItem\",\"position\":1,\"name\":\"Home\",\"item\":\"https:\/\/www.eliassen.nl\/de\/\"},{\"@type\":\"ListItem\",\"position\":2,\"name\":\"Shop\",\"item\":\"https:\/\/www.eliassen.nl\/de\/shop\/\"},{\"@type\":\"ListItem\",\"position\":3,\"name\":\"Wasserspiele\",\"item\":\"https:\/\/www.eliassen.nl\/de\/wassereigenschaften\/\"},{\"@type\":\"ListItem\",\"position\":4,\"name\":\"Auslass f\u00fcr Wasserspiele\",\"item\":\"https:\/\/www.eliassen.nl\/de\/wassereigenschaften\/auslass-fuer-wasserspiele\/\"},{\"@type\":\"ListItem\",\"position\":5,\"name\":\"Exklusives Wasserelement aus Granit Vaugh\"}]},{\"@type\":\"WebSite\",\"@id\":\"https:\/\/www.eliassen.nl\/de\/#website\",\"url\":\"https:\/\/www.eliassen.nl\/de\/\",\"name\":\"Eliassen Home & Garden Pleasure\",\"description\":\"\",\"publisher\":{\"@id\":\"https:\/\/www.eliassen.nl\/de\/#organization\"},\"alternateName\":\"Eliassen.nl\",\"potentialAction\":[{\"@type\":\"SearchAction\",\"target\":{\"@type\":\"EntryPoint\",\"urlTemplate\":\"https:\/\/www.eliassen.nl\/de\/?s={search_term_string}\"},\"query-input\":{\"@type\":\"PropertyValueSpecification\",\"valueRequired\":true,\"valueName\":\"search_term_string\"}}],\"inLanguage\":\"de\"},{\"@type\":[\"Organization\",\"Place\"],\"@id\":\"https:\/\/www.eliassen.nl\/de\/#organization\",\"name\":\"Eliassen Home & Garden Pleasure\",\"url\":\"https:\/\/www.eliassen.nl\/de\/\",\"logo\":{\"@id\":\"https:\/\/www.eliassen.nl\/de\/exklusiver-wasserelement-granit-vaugh\/#local-main-organization-logo\"},\"image\":{\"@id\":\"https:\/\/www.eliassen.nl\/de\/exklusiver-wasserelement-granit-vaugh\/#local-main-organization-logo\"},\"sameAs\":[\"https:\/\/www.facebook.com\/TuincentrumEliassenAmmerzoden\",\"https:\/\/www.instagram.com\/eliassenhomeandgarden\/\",\"https:\/\/nl.pinterest.com\/eliassenhomeandgarden\/\",\"https:\/\/www.youtube.com\/@eliassenhomegardenpleasure4558\"],\"telephone\":[],\"openingHoursSpecification\":[{\"@type\":\"OpeningHoursSpecification\",\"dayOfWeek\":[\"Monday\",\"Tuesday\",\"Wednesday\",\"Thursday\",\"Friday\",\"Saturday\",\"Sunday\"],\"opens\":\"09:00\",\"closes\":\"17:00\"}]},{\"@type\":\"ImageObject\",\"inLanguage\":\"de\",\"@id\":\"https:\/\/www.eliassen.nl\/de\/exklusiver-wasserelement-granit-vaugh\/#local-main-organization-logo\",\"url\":\"https:\/\/www.eliassen.nl\/wp-content\/uploads\/2024\/01\/logo_4nd.jpg\",\"contentUrl\":\"https:\/\/www.eliassen.nl\/wp-content\/uploads\/2024\/01\/logo_4nd.jpg\",\"width\":500,\"height\":500,\"caption\":\"Eliassen Home & Garden Pleasure\"}]}<\/script>\n<meta property=\"product:price:amount\" content=\"250.00\" \/>\n<meta property=\"product:price:currency\" content=\"EUR\" \/>\n<meta property=\"og:availability\" content=\"instock\" \/>\n<meta property=\"product:availability\" content=\"instock\" \/>\n<meta property=\"product:retailer_item_id\" content=\"Vaugh\" \/>\n<meta property=\"product:condition\" content=\"new\" \/>\n<!-- \/ Yoast SEO Premium plugin. -->","yoast_head_json":{"title":"Exklusive Wasserelemente aus Granit | Einzigartiges Design! | Eliassen.co.uk","description":"Exklusiver Wasserelement-Granit, den Sie nur bei uns kaufen k\u00f6nnen! Exklusives Modell. Sch\u00f6ner dunkler Granitstein. Sehen Sie sich LIVE +300 Wasserornamente in unserem Ausstellungsraum an!","robots":{"index":"index","follow":"follow","max-snippet":"max-snippet:-1","max-image-preview":"max-image-preview:large","max-video-preview":"max-video-preview:-1"},"canonical":"https:\/\/www.eliassen.nl\/de\/exklusiver-wasserelement-granit-vaugh\/","og_locale":"de_DE","og_type":"article","og_title":"Eliassen Exklusives Wasserelement aus Granit Vaugh - Eliassen.nl","og_description":"Exklusiver Wasserelement-Granit, den Sie nur bei uns kaufen k\u00f6nnen! Exklusives Modell. Sch\u00f6ner dunkler Granitstein. Sehen Sie sich LIVE +300 Wasserornamente in unserem Ausstellungsraum an!","og_url":"https:\/\/www.eliassen.nl\/de\/exklusiver-wasserelement-granit-vaugh\/","og_site_name":"Eliassen.nl","article_publisher":"https:\/\/www.facebook.com\/TuincentrumEliassenAmmerzoden","article_modified_time":"2026-01-16T12:21:04+00:00","og_image":[{"width":800,"height":1024,"url":"https:\/\/www.eliassen.nl\/wp-content\/uploads\/2024\/01\/exclusievewaterelementgranietvaugheliassennl.jpg","type":"image\/jpeg"}],"twitter_card":"summary_large_image","schema":{"@context":"https:\/\/schema.org","@graph":[{"@type":"WebPage","@id":"https:\/\/www.eliassen.nl\/de\/exklusiver-wasserelement-granit-vaugh\/","url":"https:\/\/www.eliassen.nl\/de\/exklusiver-wasserelement-granit-vaugh\/","name":"Exklusive Wasserelemente aus Granit | Einzigartiges Design! | Eliassen.co.uk","isPartOf":{"@id":"https:\/\/www.eliassen.nl\/de\/#website"},"primaryImageOfPage":{"@id":"https:\/\/www.eliassen.nl\/de\/exklusiver-wasserelement-granit-vaugh\/#primaryimage"},"image":{"@id":"https:\/\/www.eliassen.nl\/de\/exklusiver-wasserelement-granit-vaugh\/#primaryimage"},"thumbnailUrl":"https:\/\/www.eliassen.nl\/wp-content\/uploads\/2024\/01\/exclusievewaterelementgranietvaugheliassennl.jpg","datePublished":"2019-10-28T17:08:34+00:00","dateModified":"2026-01-16T12:21:04+00:00","description":"Exklusiver Wasserelement-Granit, den Sie nur bei uns kaufen k\u00f6nnen! Exklusives Modell. Sch\u00f6ner dunkler Granitstein. Sehen Sie sich LIVE +300 Wasserornamente in unserem Ausstellungsraum an!","breadcrumb":{"@id":"https:\/\/www.eliassen.nl\/de\/exklusiver-wasserelement-granit-vaugh\/#breadcrumb"},"inLanguage":"de","potentialAction":[{"@type":"ReadAction","target":["https:\/\/www.eliassen.nl\/de\/exklusiver-wasserelement-granit-vaugh\/"]}]},{"@type":"ImageObject","inLanguage":"de","@id":"https:\/\/www.eliassen.nl\/de\/exklusiver-wasserelement-granit-vaugh\/#primaryimage","url":"https:\/\/www.eliassen.nl\/wp-content\/uploads\/2024\/01\/exclusievewaterelementgranietvaugheliassennl.jpg","contentUrl":"https:\/\/www.eliassen.nl\/wp-content\/uploads\/2024\/01\/exclusievewaterelementgranietvaugheliassennl.jpg","width":800,"height":1024,"caption":"Exklusives Wasserelement Granit Vaugh | Eliassen.de"},{"@type":"BreadcrumbList","@id":"https:\/\/www.eliassen.nl\/de\/exklusiver-wasserelement-granit-vaugh\/#breadcrumb","itemListElement":[{"@type":"ListItem","position":1,"name":"Home","item":"https:\/\/www.eliassen.nl\/de\/"},{"@type":"ListItem","position":2,"name":"Shop","item":"https:\/\/www.eliassen.nl\/de\/shop\/"},{"@type":"ListItem","position":3,"name":"Wasserspiele","item":"https:\/\/www.eliassen.nl\/de\/wassereigenschaften\/"},{"@type":"ListItem","position":4,"name":"Auslass f\u00fcr Wasserspiele","item":"https:\/\/www.eliassen.nl\/de\/wassereigenschaften\/auslass-fuer-wasserspiele\/"},{"@type":"ListItem","position":5,"name":"Exklusives Wasserelement aus Granit Vaugh"}]},{"@type":"WebSite","@id":"https:\/\/www.eliassen.nl\/de\/#website","url":"https:\/\/www.eliassen.nl\/de\/","name":"Eliassen Home & Garden Pleasure","description":"","publisher":{"@id":"https:\/\/www.eliassen.nl\/de\/#organization"},"alternateName":"Eliassen.nl","potentialAction":[{"@type":"SearchAction","target":{"@type":"EntryPoint","urlTemplate":"https:\/\/www.eliassen.nl\/de\/?s={search_term_string}"},"query-input":{"@type":"PropertyValueSpecification","valueRequired":true,"valueName":"search_term_string"}}],"inLanguage":"de"},{"@type":["Organization","Place"],"@id":"https:\/\/www.eliassen.nl\/de\/#organization","name":"Eliassen Home & Garden Pleasure","url":"https:\/\/www.eliassen.nl\/de\/","logo":{"@id":"https:\/\/www.eliassen.nl\/de\/exklusiver-wasserelement-granit-vaugh\/#local-main-organization-logo"},"image":{"@id":"https:\/\/www.eliassen.nl\/de\/exklusiver-wasserelement-granit-vaugh\/#local-main-organization-logo"},"sameAs":["https:\/\/www.facebook.com\/TuincentrumEliassenAmmerzoden","https:\/\/www.instagram.com\/eliassenhomeandgarden\/","https:\/\/nl.pinterest.com\/eliassenhomeandgarden\/","https:\/\/www.youtube.com\/@eliassenhomegardenpleasure4558"],"telephone":[],"openingHoursSpecification":[{"@type":"OpeningHoursSpecification","dayOfWeek":["Monday","Tuesday","Wednesday","Thursday","Friday","Saturday","Sunday"],"opens":"09:00","closes":"17:00"}]},{"@type":"ImageObject","inLanguage":"de","@id":"https:\/\/www.eliassen.nl\/de\/exklusiver-wasserelement-granit-vaugh\/#local-main-organization-logo","url":"https:\/\/www.eliassen.nl\/wp-content\/uploads\/2024\/01\/logo_4nd.jpg","contentUrl":"https:\/\/www.eliassen.nl\/wp-content\/uploads\/2024\/01\/logo_4nd.jpg","width":500,"height":500,"caption":"Eliassen Home & Garden Pleasure"}]},"product_price_amount":"250.00","product_price_currency":"EUR","og_availability":"instock","product_availability":"instock","product_retailer_item_id":"Vaugh","product_condition":"new"},"df_price":250,"df_sale_price":250,"df_regular_price":499,"df_image_link":"https:\/\/www.eliassen.nl\/wp-content\/uploads\/2024\/01\/exclusievewaterelementgranietvaugheliassennl.jpg","image":"https:\/\/www.eliassen.nl\/wp-content\/uploads\/2024\/01\/exclusievewaterelementgranietvaugheliassennl.jpg","price_search":"<span class=\"woocommerce-Price-amount amount\"><bdi><span class=\"woocommerce-Price-currencySymbol\">&euro;<\/span>&nbsp;250,00<\/bdi><\/span>","category":"Auslass f\u00fcr Wasserspiele","global_unique_id":"7438235633664","_links":{"self":[{"href":"https:\/\/www.eliassen.nl\/de\/wp-json\/wp\/v2\/product\/10594","targetHints":{"allow":["GET"]}}],"collection":[{"href":"https:\/\/www.eliassen.nl\/de\/wp-json\/wp\/v2\/product"}],"about":[{"href":"https:\/\/www.eliassen.nl\/de\/wp-json\/wp\/v2\/types\/product"}],"wp:featuredmedia":[{"embeddable":true,"href":"https:\/\/www.eliassen.nl\/de\/wp-json\/wp\/v2\/media\/10591"}],"wp:attachment":[{"href":"https:\/\/www.eliassen.nl\/de\/wp-json\/wp\/v2\/media?parent=10594"}],"wp:term":[{"taxonomy":"product_brand","embeddable":true,"href":"https:\/\/www.eliassen.nl\/de\/wp-json\/wp\/v2\/product_brand?post=10594"},{"taxonomy":"product_cat","embeddable":true,"href":"https:\/\/www.eliassen.nl\/de\/wp-json\/wp\/v2\/product_cat?post=10594"},{"taxonomy":"product_tag","embeddable":true,"href":"https:\/\/www.eliassen.nl\/de\/wp-json\/wp\/v2\/product_tag?post=10594"}],"curies":[{"name":"wp","href":"https:\/\/api.w.org\/{rel}","templated":true}]}}