{"id":10582,"date":"2019-10-28T17:08:28","date_gmt":"2019-10-28T17:08:28","guid":{"rendered":"https:\/\/www.eliassen.nl\/?product=eliassen-fussball-wasser-kugel-40cm"},"modified":"2026-01-16T13:20:40","modified_gmt":"2026-01-16T12:20:40","slug":"wasserball-anthrazit-football-granit-40cm","status":"publish","type":"product","link":"https:\/\/www.eliassen.nl\/de\/wasserball-anthrazit-football-granit-40cm\/","title":{"rendered":"Wasserball Set Fu\u00dfball 40cm Granit Komplett-Set"},"content":{"rendered":"<div class=\"tabsPages\">\n<div class=\"page info active\"><\/div>\n<div class=\"page info active\">Sch\u00f6ne graue Granit-Wasserkugel im Fu\u00dfball-Design. Hergestellt aus massivem Granit. Der Durchmesser dieser Kugel betr\u00e4gt 40 cm.<\/div>\n<div class=\"page info active\">\n<p>Dies ist ein komplettes Set, alles was Sie brauchen ist Wasser !!!<\/p>\n<p>Es besteht aus:<\/p>\n<p>Fu\u00dfball Wasserball Granit<\/p>\n<p>Wassertank 90 ltr.<\/p>\n<p>verzinktes Gitter 70x70cm<\/p>\n<p>Spr\u00fchfolie 100x100cm<\/p>\n<p>Gitter<\/p>\n<p>Pumpe 900<\/p>\n<p>Schlauch 1\/2 Zoll<\/p>\n<p>2x Schaumstoffringe<\/p>\n<p>Beschreibung der Struktur<\/p>\n<p>3x Keile gro\u00df<\/p>\n<p>Pflege des Brunnens mit klarem Wasser.<\/p>\n<p>1x Beutel mit Mosaiksteinen grau<\/p>\n<p>Haben Sie Fragen zu diesem Artikel oder ben\u00f6tigen Sie Ratschl\u00e4ge, um dieses Modell mit allen anderen wesentlichen Bestandteilen zu vervollst\u00e4ndigen? Wenn ja, k\u00f6nnen Sie uns gerne kontaktieren.<\/p>\n<\/div>\n<\/div>\n<div class=\"product-actions row\">\n<div class=\"social-media col-xs-12 col-md-4\">\n<div class=\"social-block social-block-facebook\">\n<div id=\"fb-root\" class=\" fb_reset\">\n<div><\/div>\n<\/div>\n<\/div>\n<\/div>\n<\/div>\n","protected":false},"excerpt":{"rendered":"<p>Sch\u00f6nes komplettes Set, Sie brauchen nur Wasser.<\/p>\n","protected":false},"featured_media":10579,"template":"","meta":{"_acf_changed":false,"_genesis_title":"","_genesis_description":""},"product_brand":[6916],"product_cat":[539,551,569,536,542],"product_tag":[],"class_list":{"0":"post-10582","1":"product","2":"type-product","3":"status-publish","4":"has-post-thumbnail","6":"product_brand-eliassen-de","7":"product_cat-einzigartige-eigene-modelle-von-losen-wasserspiele","8":"product_cat-lose-wasserspiele","9":"product_cat-wasserbaelle","10":"product_cat-wassereigenschaften","11":"product_cat-wasserspiele-am-ausgang","13":"first","14":"instock","15":"sale","16":"taxable","17":"shipping-taxable","18":"purchasable","19":"product-type-simple"},"acf":[],"meta_all":{"total_sales":"1","wcml_sync_hash":{"postmeta_fields":"f6545b36c917c75b823ff9485d84be20"},"attr_label_translations":[],"cor_restricted_countries":[]},"meta_all_flat":{"total_sales":"1","wcml_sync_hash.postmeta_fields":"f6545b36c917c75b823ff9485d84be20"},"yoast_head":"<!-- This site is optimized with the Yoast SEO Premium plugin v26.2 (Yoast SEO v27.2) - https:\/\/yoast.com\/product\/yoast-seo-premium-wordpress\/ -->\n<title>Wasserball Anthrazit Fu\u00dfball Granit 40cm | Eliassen.nl<\/title>\n<meta name=\"description\" content=\"Sie m\u00f6chten eine Wasserkugel f\u00fcr Ihren Garten kaufen? Sehen Sie sich dieses sch\u00f6ne Exemplar an. Eine Wasserkugel in Form eines Fu\u00dfballs. Nur bei uns zu kaufen! Hergestellt aus massivem Granit.\" \/>\n<meta name=\"robots\" content=\"index, follow, max-snippet:-1, max-image-preview:large, max-video-preview:-1\" \/>\n<link rel=\"canonical\" href=\"https:\/\/www.eliassen.nl\/de\/wasserball-anthrazit-football-granit-40cm\/\" \/>\n<meta property=\"og:locale\" content=\"de_DE\" \/>\n<meta property=\"og:type\" content=\"article\" \/>\n<meta property=\"og:title\" content=\"Eliassen Wasserball Set Fu\u00dfball 40cm Granit Komplett-Set - Eliassen.nl\" \/>\n<meta property=\"og:description\" content=\"Sie m\u00f6chten eine Wasserkugel f\u00fcr Ihren Garten kaufen? Sehen Sie sich dieses sch\u00f6ne Exemplar an. Eine Wasserkugel in Form eines Fu\u00dfballs. Nur bei uns zu kaufen! Hergestellt aus massivem Granit.\" \/>\n<meta property=\"og:url\" content=\"https:\/\/www.eliassen.nl\/de\/wasserball-anthrazit-football-granit-40cm\/\" \/>\n<meta property=\"og:site_name\" content=\"Eliassen.nl\" \/>\n<meta property=\"article:publisher\" content=\"https:\/\/www.facebook.com\/TuincentrumEliassenAmmerzoden\" \/>\n<meta property=\"article:modified_time\" content=\"2026-01-16T12:20:40+00:00\" \/>\n<meta property=\"og:image\" content=\"https:\/\/www.eliassen.nl\/wp-content\/uploads\/2024\/01\/waterbolantracietvoetbalgraniet40cmeliassennl.jpg\" \/>\n\t<meta property=\"og:image:width\" content=\"1024\" \/>\n\t<meta property=\"og:image:height\" content=\"999\" \/>\n\t<meta property=\"og:image:type\" content=\"image\/jpeg\" \/>\n<meta name=\"twitter:card\" content=\"summary_large_image\" \/>\n<script type=\"application\/ld+json\" class=\"yoast-schema-graph\">{\"@context\":\"https:\/\/schema.org\",\"@graph\":[{\"@type\":\"WebPage\",\"@id\":\"https:\/\/www.eliassen.nl\/de\/wasserball-anthrazit-football-granit-40cm\/\",\"url\":\"https:\/\/www.eliassen.nl\/de\/wasserball-anthrazit-football-granit-40cm\/\",\"name\":\"Wasserball Anthrazit Fu\u00dfball Granit 40cm | Eliassen.nl\",\"isPartOf\":{\"@id\":\"https:\/\/www.eliassen.nl\/de\/#website\"},\"primaryImageOfPage\":{\"@id\":\"https:\/\/www.eliassen.nl\/de\/wasserball-anthrazit-football-granit-40cm\/#primaryimage\"},\"image\":{\"@id\":\"https:\/\/www.eliassen.nl\/de\/wasserball-anthrazit-football-granit-40cm\/#primaryimage\"},\"thumbnailUrl\":\"https:\/\/www.eliassen.nl\/wp-content\/uploads\/2024\/01\/waterbolantracietvoetbalgraniet40cmeliassennl.jpg\",\"datePublished\":\"2019-10-28T17:08:28+00:00\",\"dateModified\":\"2026-01-16T12:20:40+00:00\",\"description\":\"Sie m\u00f6chten eine Wasserkugel f\u00fcr Ihren Garten kaufen? Sehen Sie sich dieses sch\u00f6ne Exemplar an. Eine Wasserkugel in Form eines Fu\u00dfballs. Nur bei uns zu kaufen! Hergestellt aus massivem Granit.\",\"breadcrumb\":{\"@id\":\"https:\/\/www.eliassen.nl\/de\/wasserball-anthrazit-football-granit-40cm\/#breadcrumb\"},\"inLanguage\":\"de\",\"potentialAction\":[{\"@type\":\"ReadAction\",\"target\":[\"https:\/\/www.eliassen.nl\/de\/wasserball-anthrazit-football-granit-40cm\/\"]}]},{\"@type\":\"ImageObject\",\"inLanguage\":\"de\",\"@id\":\"https:\/\/www.eliassen.nl\/de\/wasserball-anthrazit-football-granit-40cm\/#primaryimage\",\"url\":\"https:\/\/www.eliassen.nl\/wp-content\/uploads\/2024\/01\/waterbolantracietvoetbalgraniet40cmeliassennl.jpg\",\"contentUrl\":\"https:\/\/www.eliassen.nl\/wp-content\/uploads\/2024\/01\/waterbolantracietvoetbalgraniet40cmeliassennl.jpg\",\"width\":1024,\"height\":999,\"caption\":\"Wasserball Anthrazit Fu\u00dfball Granit 40cm | Eliassen.nl\"},{\"@type\":\"BreadcrumbList\",\"@id\":\"https:\/\/www.eliassen.nl\/de\/wasserball-anthrazit-football-granit-40cm\/#breadcrumb\",\"itemListElement\":[{\"@type\":\"ListItem\",\"position\":1,\"name\":\"Home\",\"item\":\"https:\/\/www.eliassen.nl\/de\/\"},{\"@type\":\"ListItem\",\"position\":2,\"name\":\"Shop\",\"item\":\"https:\/\/www.eliassen.nl\/de\/shop\/\"},{\"@type\":\"ListItem\",\"position\":3,\"name\":\"Wasserspiele\",\"item\":\"https:\/\/www.eliassen.nl\/de\/wassereigenschaften\/\"},{\"@type\":\"ListItem\",\"position\":4,\"name\":\"Einzigartige eigene Modelle von losen Wasserspielen\",\"item\":\"https:\/\/www.eliassen.nl\/de\/wassereigenschaften\/einzigartige-eigene-modelle-von-losen-wasserspiele\/\"},{\"@type\":\"ListItem\",\"position\":5,\"name\":\"Wasserball Set Fu\u00dfball 40cm Granit Komplett-Set\"}]},{\"@type\":\"WebSite\",\"@id\":\"https:\/\/www.eliassen.nl\/de\/#website\",\"url\":\"https:\/\/www.eliassen.nl\/de\/\",\"name\":\"Eliassen Home & Garden Pleasure\",\"description\":\"\",\"publisher\":{\"@id\":\"https:\/\/www.eliassen.nl\/de\/#organization\"},\"alternateName\":\"Eliassen.nl\",\"potentialAction\":[{\"@type\":\"SearchAction\",\"target\":{\"@type\":\"EntryPoint\",\"urlTemplate\":\"https:\/\/www.eliassen.nl\/de\/?s={search_term_string}\"},\"query-input\":{\"@type\":\"PropertyValueSpecification\",\"valueRequired\":true,\"valueName\":\"search_term_string\"}}],\"inLanguage\":\"de\"},{\"@type\":[\"Organization\",\"Place\"],\"@id\":\"https:\/\/www.eliassen.nl\/de\/#organization\",\"name\":\"Eliassen Home & Garden Pleasure\",\"url\":\"https:\/\/www.eliassen.nl\/de\/\",\"logo\":{\"@id\":\"https:\/\/www.eliassen.nl\/de\/wasserball-anthrazit-football-granit-40cm\/#local-main-organization-logo\"},\"image\":{\"@id\":\"https:\/\/www.eliassen.nl\/de\/wasserball-anthrazit-football-granit-40cm\/#local-main-organization-logo\"},\"sameAs\":[\"https:\/\/www.facebook.com\/TuincentrumEliassenAmmerzoden\",\"https:\/\/www.instagram.com\/eliassenhomeandgarden\/\",\"https:\/\/nl.pinterest.com\/eliassenhomeandgarden\/\",\"https:\/\/www.youtube.com\/@eliassenhomegardenpleasure4558\"],\"telephone\":[],\"openingHoursSpecification\":[{\"@type\":\"OpeningHoursSpecification\",\"dayOfWeek\":[\"Monday\",\"Tuesday\",\"Wednesday\",\"Thursday\",\"Friday\",\"Saturday\",\"Sunday\"],\"opens\":\"09:00\",\"closes\":\"17:00\"}]},{\"@type\":\"ImageObject\",\"inLanguage\":\"de\",\"@id\":\"https:\/\/www.eliassen.nl\/de\/wasserball-anthrazit-football-granit-40cm\/#local-main-organization-logo\",\"url\":\"https:\/\/www.eliassen.nl\/wp-content\/uploads\/2024\/01\/logo_4nd.jpg\",\"contentUrl\":\"https:\/\/www.eliassen.nl\/wp-content\/uploads\/2024\/01\/logo_4nd.jpg\",\"width\":500,\"height\":500,\"caption\":\"Eliassen Home & Garden Pleasure\"}]}<\/script>\n<meta property=\"product:price:amount\" content=\"175.00\" \/>\n<meta property=\"product:price:currency\" content=\"EUR\" \/>\n<meta property=\"og:availability\" content=\"instock\" \/>\n<meta property=\"product:availability\" content=\"instock\" \/>\n<meta property=\"product:retailer_item_id\" content=\"Voetbal\" \/>\n<meta property=\"product:condition\" content=\"new\" \/>\n<!-- \/ Yoast SEO Premium plugin. -->","yoast_head_json":{"title":"Wasserball Anthrazit Fu\u00dfball Granit 40cm | Eliassen.nl","description":"Sie m\u00f6chten eine Wasserkugel f\u00fcr Ihren Garten kaufen? Sehen Sie sich dieses sch\u00f6ne Exemplar an. Eine Wasserkugel in Form eines Fu\u00dfballs. Nur bei uns zu kaufen! Hergestellt aus massivem Granit.","robots":{"index":"index","follow":"follow","max-snippet":"max-snippet:-1","max-image-preview":"max-image-preview:large","max-video-preview":"max-video-preview:-1"},"canonical":"https:\/\/www.eliassen.nl\/de\/wasserball-anthrazit-football-granit-40cm\/","og_locale":"de_DE","og_type":"article","og_title":"Eliassen Wasserball Set Fu\u00dfball 40cm Granit Komplett-Set - Eliassen.nl","og_description":"Sie m\u00f6chten eine Wasserkugel f\u00fcr Ihren Garten kaufen? Sehen Sie sich dieses sch\u00f6ne Exemplar an. Eine Wasserkugel in Form eines Fu\u00dfballs. Nur bei uns zu kaufen! Hergestellt aus massivem Granit.","og_url":"https:\/\/www.eliassen.nl\/de\/wasserball-anthrazit-football-granit-40cm\/","og_site_name":"Eliassen.nl","article_publisher":"https:\/\/www.facebook.com\/TuincentrumEliassenAmmerzoden","article_modified_time":"2026-01-16T12:20:40+00:00","og_image":[{"width":1024,"height":999,"url":"https:\/\/www.eliassen.nl\/wp-content\/uploads\/2024\/01\/waterbolantracietvoetbalgraniet40cmeliassennl.jpg","type":"image\/jpeg"}],"twitter_card":"summary_large_image","schema":{"@context":"https:\/\/schema.org","@graph":[{"@type":"WebPage","@id":"https:\/\/www.eliassen.nl\/de\/wasserball-anthrazit-football-granit-40cm\/","url":"https:\/\/www.eliassen.nl\/de\/wasserball-anthrazit-football-granit-40cm\/","name":"Wasserball Anthrazit Fu\u00dfball Granit 40cm | Eliassen.nl","isPartOf":{"@id":"https:\/\/www.eliassen.nl\/de\/#website"},"primaryImageOfPage":{"@id":"https:\/\/www.eliassen.nl\/de\/wasserball-anthrazit-football-granit-40cm\/#primaryimage"},"image":{"@id":"https:\/\/www.eliassen.nl\/de\/wasserball-anthrazit-football-granit-40cm\/#primaryimage"},"thumbnailUrl":"https:\/\/www.eliassen.nl\/wp-content\/uploads\/2024\/01\/waterbolantracietvoetbalgraniet40cmeliassennl.jpg","datePublished":"2019-10-28T17:08:28+00:00","dateModified":"2026-01-16T12:20:40+00:00","description":"Sie m\u00f6chten eine Wasserkugel f\u00fcr Ihren Garten kaufen? Sehen Sie sich dieses sch\u00f6ne Exemplar an. Eine Wasserkugel in Form eines Fu\u00dfballs. Nur bei uns zu kaufen! Hergestellt aus massivem Granit.","breadcrumb":{"@id":"https:\/\/www.eliassen.nl\/de\/wasserball-anthrazit-football-granit-40cm\/#breadcrumb"},"inLanguage":"de","potentialAction":[{"@type":"ReadAction","target":["https:\/\/www.eliassen.nl\/de\/wasserball-anthrazit-football-granit-40cm\/"]}]},{"@type":"ImageObject","inLanguage":"de","@id":"https:\/\/www.eliassen.nl\/de\/wasserball-anthrazit-football-granit-40cm\/#primaryimage","url":"https:\/\/www.eliassen.nl\/wp-content\/uploads\/2024\/01\/waterbolantracietvoetbalgraniet40cmeliassennl.jpg","contentUrl":"https:\/\/www.eliassen.nl\/wp-content\/uploads\/2024\/01\/waterbolantracietvoetbalgraniet40cmeliassennl.jpg","width":1024,"height":999,"caption":"Wasserball Anthrazit Fu\u00dfball Granit 40cm | Eliassen.nl"},{"@type":"BreadcrumbList","@id":"https:\/\/www.eliassen.nl\/de\/wasserball-anthrazit-football-granit-40cm\/#breadcrumb","itemListElement":[{"@type":"ListItem","position":1,"name":"Home","item":"https:\/\/www.eliassen.nl\/de\/"},{"@type":"ListItem","position":2,"name":"Shop","item":"https:\/\/www.eliassen.nl\/de\/shop\/"},{"@type":"ListItem","position":3,"name":"Wasserspiele","item":"https:\/\/www.eliassen.nl\/de\/wassereigenschaften\/"},{"@type":"ListItem","position":4,"name":"Einzigartige eigene Modelle von losen Wasserspielen","item":"https:\/\/www.eliassen.nl\/de\/wassereigenschaften\/einzigartige-eigene-modelle-von-losen-wasserspiele\/"},{"@type":"ListItem","position":5,"name":"Wasserball Set Fu\u00dfball 40cm Granit Komplett-Set"}]},{"@type":"WebSite","@id":"https:\/\/www.eliassen.nl\/de\/#website","url":"https:\/\/www.eliassen.nl\/de\/","name":"Eliassen Home & Garden Pleasure","description":"","publisher":{"@id":"https:\/\/www.eliassen.nl\/de\/#organization"},"alternateName":"Eliassen.nl","potentialAction":[{"@type":"SearchAction","target":{"@type":"EntryPoint","urlTemplate":"https:\/\/www.eliassen.nl\/de\/?s={search_term_string}"},"query-input":{"@type":"PropertyValueSpecification","valueRequired":true,"valueName":"search_term_string"}}],"inLanguage":"de"},{"@type":["Organization","Place"],"@id":"https:\/\/www.eliassen.nl\/de\/#organization","name":"Eliassen Home & Garden Pleasure","url":"https:\/\/www.eliassen.nl\/de\/","logo":{"@id":"https:\/\/www.eliassen.nl\/de\/wasserball-anthrazit-football-granit-40cm\/#local-main-organization-logo"},"image":{"@id":"https:\/\/www.eliassen.nl\/de\/wasserball-anthrazit-football-granit-40cm\/#local-main-organization-logo"},"sameAs":["https:\/\/www.facebook.com\/TuincentrumEliassenAmmerzoden","https:\/\/www.instagram.com\/eliassenhomeandgarden\/","https:\/\/nl.pinterest.com\/eliassenhomeandgarden\/","https:\/\/www.youtube.com\/@eliassenhomegardenpleasure4558"],"telephone":[],"openingHoursSpecification":[{"@type":"OpeningHoursSpecification","dayOfWeek":["Monday","Tuesday","Wednesday","Thursday","Friday","Saturday","Sunday"],"opens":"09:00","closes":"17:00"}]},{"@type":"ImageObject","inLanguage":"de","@id":"https:\/\/www.eliassen.nl\/de\/wasserball-anthrazit-football-granit-40cm\/#local-main-organization-logo","url":"https:\/\/www.eliassen.nl\/wp-content\/uploads\/2024\/01\/logo_4nd.jpg","contentUrl":"https:\/\/www.eliassen.nl\/wp-content\/uploads\/2024\/01\/logo_4nd.jpg","width":500,"height":500,"caption":"Eliassen Home & Garden Pleasure"}]},"product_price_amount":"175.00","product_price_currency":"EUR","og_availability":"instock","product_availability":"instock","product_retailer_item_id":"Voetbal","product_condition":"new"},"df_price":175,"df_sale_price":175,"df_regular_price":349,"df_image_link":"https:\/\/www.eliassen.nl\/wp-content\/uploads\/2024\/01\/waterbolantracietvoetbalgraniet40cmeliassennl.jpg","image":"https:\/\/www.eliassen.nl\/wp-content\/uploads\/2024\/01\/waterbolantracietvoetbalgraniet40cmeliassennl.jpg","price_search":"<span class=\"woocommerce-Price-amount amount\"><bdi><span class=\"woocommerce-Price-currencySymbol\">&euro;<\/span>&nbsp;175,00<\/bdi><\/span>","category":"Einzigartige eigene Modelle von losen Wasserspielen","global_unique_id":"7438235634609","_links":{"self":[{"href":"https:\/\/www.eliassen.nl\/de\/wp-json\/wp\/v2\/product\/10582","targetHints":{"allow":["GET"]}}],"collection":[{"href":"https:\/\/www.eliassen.nl\/de\/wp-json\/wp\/v2\/product"}],"about":[{"href":"https:\/\/www.eliassen.nl\/de\/wp-json\/wp\/v2\/types\/product"}],"wp:featuredmedia":[{"embeddable":true,"href":"https:\/\/www.eliassen.nl\/de\/wp-json\/wp\/v2\/media\/10579"}],"wp:attachment":[{"href":"https:\/\/www.eliassen.nl\/de\/wp-json\/wp\/v2\/media?parent=10582"}],"wp:term":[{"taxonomy":"product_brand","embeddable":true,"href":"https:\/\/www.eliassen.nl\/de\/wp-json\/wp\/v2\/product_brand?post=10582"},{"taxonomy":"product_cat","embeddable":true,"href":"https:\/\/www.eliassen.nl\/de\/wp-json\/wp\/v2\/product_cat?post=10582"},{"taxonomy":"product_tag","embeddable":true,"href":"https:\/\/www.eliassen.nl\/de\/wp-json\/wp\/v2\/product_tag?post=10582"}],"curies":[{"name":"wp","href":"https:\/\/api.w.org\/{rel}","templated":true}]}}