{"id":10117,"date":"2019-10-28T18:03:47","date_gmt":"2019-10-28T17:03:47","guid":{"rendered":"https:\/\/www.eliassen.nl\/?product=omabank"},"modified":"2026-04-13T14:17:39","modified_gmt":"2026-04-13T12:17:39","slug":"oma-sofa-180cm-breit","status":"publish","type":"product","link":"https:\/\/www.eliassen.nl\/de\/oma-sofa-180cm-breit\/","title":{"rendered":"Oma Bank 180cm breit"},"content":{"rendered":"<p><strong>W\u00e4hlen Sie die obige Version<\/strong><\/p>\n<p>Ein Klassiker, diese Gartenbank, die sich hervorragend einsetzen l\u00e4sst. Verzinkter, schwerer Ziersockel mit vorgebohrten Hartholzlatten. Bausatz Chassis und zus\u00e4tzlicher Streifen in der Mitte, mit Schrauben und Muttern aus Edelstahl und Montagebeschreibung. 180cm breit<\/p>\n<p>Das von diesem niederl\u00e4ndischen Unternehmen f\u00fcr diese Lattenbank verwendete Holz ist garantiert FSC-Holz, das unter der Lizenznummer C016391 registriert ist.<\/p>\n<ul>\n<li>Niederl\u00e4ndische Herstellung<\/li>\n<li>Baukasten<\/li>\n<li>180 breit, H\u00f6he 81cm, Sitzh\u00f6he 43cm, Sitztiefe 40cm, Gesamttiefe des Sofas 85cm<\/li>\n<li>FSC-Holz, Lizenz C016391<\/li>\n<li>10 Jahre Garantie<\/li>\n<li>Wir haben diesen Artikel in unserem Ausstellungsraum.<\/li>\n<li>Wahlweise montiert geliefert zu 70.00 Aufpreis<\/li>\n<\/ul>\n<p>Lattenrost-Bank<\/p>\n<p>klassisches Sofa<\/p>\n<p>die Bank der Vergangenheit<\/p>\n<p>Gartenbank aus der Vergangenheit<\/p>\n","protected":false},"excerpt":{"rendered":"<p>Altmodische sehr solide Lattengartenbank Parkbank omabank . Wird bei Bedarf montiert geliefert.<\/p>\n<p><strong>VERF\u00dcGBAR AB ENDE MAI<\/strong><\/p>\n","protected":false},"featured_media":10102,"template":"","meta":{"_acf_changed":false,"_genesis_title":"","_genesis_description":""},"product_brand":[6938],"product_cat":[806,761,752],"product_tag":[],"class_list":{"0":"post-10117","1":"product","2":"type-product","3":"status-publish","4":"has-post-thumbnail","6":"product_brand-talen-staphorst-de","7":"product_cat-gartenbaenke","8":"product_cat-gartenmoebel","9":"product_cat-weitere-artikel","11":"first","12":"instock","13":"taxable","14":"shipping-taxable","15":"purchasable","16":"product-type-variable"},"acf":[],"meta_all":{"wcml_sync_hash":{"postmeta_fields":"3ed81ef1ba0840621e8c6ad183662238"},"attr_label_translations":[],"cor_restricted_countries":[],"total_sales":"147"},"meta_all_flat":{"wcml_sync_hash.postmeta_fields":"3ed81ef1ba0840621e8c6ad183662238","total_sales":"147"},"yoast_head":"<!-- This site is optimized with the Yoast SEO Premium plugin v26.2 (Yoast SEO v27.2) - https:\/\/yoast.com\/product\/yoast-seo-premium-wordpress\/ -->\n<title>Omabank 180cm | Eliassen<\/title>\n<meta name=\"description\" content=\"Bei Eliassen k\u00f6nnen Sie Omabank 180cm online kaufen oder live im Showroom anschauen. Altbew\u00e4hrte Qualit\u00e4t zu einem g\u00fcnstigen Preis.\" \/>\n<meta name=\"robots\" content=\"index, follow, max-snippet:-1, max-image-preview:large, max-video-preview:-1\" \/>\n<link rel=\"canonical\" href=\"https:\/\/www.eliassen.nl\/de\/oma-sofa-180cm-breit\/\" \/>\n<meta property=\"og:locale\" content=\"de_DE\" \/>\n<meta property=\"og:type\" content=\"article\" \/>\n<meta property=\"og:title\" content=\"Talen Staphorst Oma Bank 180cm breit - Eliassen.nl\" \/>\n<meta property=\"og:description\" content=\"Bei Eliassen k\u00f6nnen Sie Omabank 180cm online kaufen oder live im Showroom anschauen. Altbew\u00e4hrte Qualit\u00e4t zu einem g\u00fcnstigen Preis.\" \/>\n<meta property=\"og:url\" content=\"https:\/\/www.eliassen.nl\/de\/oma-sofa-180cm-breit\/\" \/>\n<meta property=\"og:site_name\" content=\"Eliassen.nl\" \/>\n<meta property=\"article:publisher\" content=\"https:\/\/www.facebook.com\/TuincentrumEliassenAmmerzoden\" \/>\n<meta property=\"article:modified_time\" content=\"2026-04-13T12:17:39+00:00\" \/>\n<meta property=\"og:image\" content=\"https:\/\/www.eliassen.nl\/wp-content\/uploads\/2024\/01\/0417tekstfileminimizer.jpg\" \/>\n\t<meta property=\"og:image:width\" content=\"1024\" \/>\n\t<meta property=\"og:image:height\" content=\"636\" \/>\n\t<meta property=\"og:image:type\" content=\"image\/jpeg\" \/>\n<meta name=\"twitter:card\" content=\"summary_large_image\" \/>\n<script type=\"application\/ld+json\" class=\"yoast-schema-graph\">{\"@context\":\"https:\/\/schema.org\",\"@graph\":[{\"@type\":\"WebPage\",\"@id\":\"https:\/\/www.eliassen.nl\/de\/oma-sofa-180cm-breit\/\",\"url\":\"https:\/\/www.eliassen.nl\/de\/oma-sofa-180cm-breit\/\",\"name\":\"Omabank 180cm | Eliassen\",\"isPartOf\":{\"@id\":\"https:\/\/www.eliassen.nl\/de\/#website\"},\"primaryImageOfPage\":{\"@id\":\"https:\/\/www.eliassen.nl\/de\/oma-sofa-180cm-breit\/#primaryimage\"},\"image\":{\"@id\":\"https:\/\/www.eliassen.nl\/de\/oma-sofa-180cm-breit\/#primaryimage\"},\"thumbnailUrl\":\"https:\/\/www.eliassen.nl\/wp-content\/uploads\/2024\/01\/0417tekstfileminimizer.jpg\",\"datePublished\":\"2019-10-28T17:03:47+00:00\",\"dateModified\":\"2026-04-13T12:17:39+00:00\",\"description\":\"Bei Eliassen k\u00f6nnen Sie Omabank 180cm online kaufen oder live im Showroom anschauen. Altbew\u00e4hrte Qualit\u00e4t zu einem g\u00fcnstigen Preis.\",\"breadcrumb\":{\"@id\":\"https:\/\/www.eliassen.nl\/de\/oma-sofa-180cm-breit\/#breadcrumb\"},\"inLanguage\":\"de\",\"potentialAction\":[{\"@type\":\"ReadAction\",\"target\":[\"https:\/\/www.eliassen.nl\/de\/oma-sofa-180cm-breit\/\"]}]},{\"@type\":\"ImageObject\",\"inLanguage\":\"de\",\"@id\":\"https:\/\/www.eliassen.nl\/de\/oma-sofa-180cm-breit\/#primaryimage\",\"url\":\"https:\/\/www.eliassen.nl\/wp-content\/uploads\/2024\/01\/0417tekstfileminimizer.jpg\",\"contentUrl\":\"https:\/\/www.eliassen.nl\/wp-content\/uploads\/2024\/01\/0417tekstfileminimizer.jpg\",\"width\":1024,\"height\":636,\"caption\":\"0417-text-datei-minimierer\"},{\"@type\":\"BreadcrumbList\",\"@id\":\"https:\/\/www.eliassen.nl\/de\/oma-sofa-180cm-breit\/#breadcrumb\",\"itemListElement\":[{\"@type\":\"ListItem\",\"position\":1,\"name\":\"Home\",\"item\":\"https:\/\/www.eliassen.nl\/de\/\"},{\"@type\":\"ListItem\",\"position\":2,\"name\":\"Shop\",\"item\":\"https:\/\/www.eliassen.nl\/de\/shop\/\"},{\"@type\":\"ListItem\",\"position\":3,\"name\":\"Weitere Artikel\",\"item\":\"https:\/\/www.eliassen.nl\/de\/weitere-artikel\/\"},{\"@type\":\"ListItem\",\"position\":4,\"name\":\"Oma Bank 180cm breit\"}]},{\"@type\":\"WebSite\",\"@id\":\"https:\/\/www.eliassen.nl\/de\/#website\",\"url\":\"https:\/\/www.eliassen.nl\/de\/\",\"name\":\"Eliassen Home & Garden Pleasure\",\"description\":\"\",\"publisher\":{\"@id\":\"https:\/\/www.eliassen.nl\/de\/#organization\"},\"alternateName\":\"Eliassen.nl\",\"potentialAction\":[{\"@type\":\"SearchAction\",\"target\":{\"@type\":\"EntryPoint\",\"urlTemplate\":\"https:\/\/www.eliassen.nl\/de\/?s={search_term_string}\"},\"query-input\":{\"@type\":\"PropertyValueSpecification\",\"valueRequired\":true,\"valueName\":\"search_term_string\"}}],\"inLanguage\":\"de\"},{\"@type\":[\"Organization\",\"Place\"],\"@id\":\"https:\/\/www.eliassen.nl\/de\/#organization\",\"name\":\"Eliassen Home & Garden Pleasure\",\"url\":\"https:\/\/www.eliassen.nl\/de\/\",\"logo\":{\"@id\":\"https:\/\/www.eliassen.nl\/de\/oma-sofa-180cm-breit\/#local-main-organization-logo\"},\"image\":{\"@id\":\"https:\/\/www.eliassen.nl\/de\/oma-sofa-180cm-breit\/#local-main-organization-logo\"},\"sameAs\":[\"https:\/\/www.facebook.com\/TuincentrumEliassenAmmerzoden\",\"https:\/\/www.instagram.com\/eliassenhomeandgarden\/\",\"https:\/\/nl.pinterest.com\/eliassenhomeandgarden\/\",\"https:\/\/www.youtube.com\/@eliassenhomegardenpleasure4558\"],\"telephone\":[],\"openingHoursSpecification\":[{\"@type\":\"OpeningHoursSpecification\",\"dayOfWeek\":[\"Monday\",\"Tuesday\",\"Wednesday\",\"Thursday\",\"Friday\",\"Saturday\",\"Sunday\"],\"opens\":\"09:00\",\"closes\":\"17:00\"}]},{\"@type\":\"ImageObject\",\"inLanguage\":\"de\",\"@id\":\"https:\/\/www.eliassen.nl\/de\/oma-sofa-180cm-breit\/#local-main-organization-logo\",\"url\":\"https:\/\/www.eliassen.nl\/wp-content\/uploads\/2024\/01\/logo_4nd.jpg\",\"contentUrl\":\"https:\/\/www.eliassen.nl\/wp-content\/uploads\/2024\/01\/logo_4nd.jpg\",\"width\":500,\"height\":500,\"caption\":\"Eliassen Home & Garden Pleasure\"}]}<\/script>\n<meta property=\"og:availability\" content=\"instock\" \/>\n<meta property=\"product:availability\" content=\"instock\" \/>\n<meta property=\"product:retailer_item_id\" content=\"0417\" \/>\n<meta property=\"product:condition\" content=\"new\" \/>\n<!-- \/ Yoast SEO Premium plugin. -->","yoast_head_json":{"title":"Omabank 180cm | Eliassen","description":"Bei Eliassen k\u00f6nnen Sie Omabank 180cm online kaufen oder live im Showroom anschauen. Altbew\u00e4hrte Qualit\u00e4t zu einem g\u00fcnstigen Preis.","robots":{"index":"index","follow":"follow","max-snippet":"max-snippet:-1","max-image-preview":"max-image-preview:large","max-video-preview":"max-video-preview:-1"},"canonical":"https:\/\/www.eliassen.nl\/de\/oma-sofa-180cm-breit\/","og_locale":"de_DE","og_type":"article","og_title":"Talen Staphorst Oma Bank 180cm breit - Eliassen.nl","og_description":"Bei Eliassen k\u00f6nnen Sie Omabank 180cm online kaufen oder live im Showroom anschauen. Altbew\u00e4hrte Qualit\u00e4t zu einem g\u00fcnstigen Preis.","og_url":"https:\/\/www.eliassen.nl\/de\/oma-sofa-180cm-breit\/","og_site_name":"Eliassen.nl","article_publisher":"https:\/\/www.facebook.com\/TuincentrumEliassenAmmerzoden","article_modified_time":"2026-04-13T12:17:39+00:00","og_image":[{"width":1024,"height":636,"url":"https:\/\/www.eliassen.nl\/wp-content\/uploads\/2024\/01\/0417tekstfileminimizer.jpg","type":"image\/jpeg"}],"twitter_card":"summary_large_image","schema":{"@context":"https:\/\/schema.org","@graph":[{"@type":"WebPage","@id":"https:\/\/www.eliassen.nl\/de\/oma-sofa-180cm-breit\/","url":"https:\/\/www.eliassen.nl\/de\/oma-sofa-180cm-breit\/","name":"Omabank 180cm | Eliassen","isPartOf":{"@id":"https:\/\/www.eliassen.nl\/de\/#website"},"primaryImageOfPage":{"@id":"https:\/\/www.eliassen.nl\/de\/oma-sofa-180cm-breit\/#primaryimage"},"image":{"@id":"https:\/\/www.eliassen.nl\/de\/oma-sofa-180cm-breit\/#primaryimage"},"thumbnailUrl":"https:\/\/www.eliassen.nl\/wp-content\/uploads\/2024\/01\/0417tekstfileminimizer.jpg","datePublished":"2019-10-28T17:03:47+00:00","dateModified":"2026-04-13T12:17:39+00:00","description":"Bei Eliassen k\u00f6nnen Sie Omabank 180cm online kaufen oder live im Showroom anschauen. Altbew\u00e4hrte Qualit\u00e4t zu einem g\u00fcnstigen Preis.","breadcrumb":{"@id":"https:\/\/www.eliassen.nl\/de\/oma-sofa-180cm-breit\/#breadcrumb"},"inLanguage":"de","potentialAction":[{"@type":"ReadAction","target":["https:\/\/www.eliassen.nl\/de\/oma-sofa-180cm-breit\/"]}]},{"@type":"ImageObject","inLanguage":"de","@id":"https:\/\/www.eliassen.nl\/de\/oma-sofa-180cm-breit\/#primaryimage","url":"https:\/\/www.eliassen.nl\/wp-content\/uploads\/2024\/01\/0417tekstfileminimizer.jpg","contentUrl":"https:\/\/www.eliassen.nl\/wp-content\/uploads\/2024\/01\/0417tekstfileminimizer.jpg","width":1024,"height":636,"caption":"0417-text-datei-minimierer"},{"@type":"BreadcrumbList","@id":"https:\/\/www.eliassen.nl\/de\/oma-sofa-180cm-breit\/#breadcrumb","itemListElement":[{"@type":"ListItem","position":1,"name":"Home","item":"https:\/\/www.eliassen.nl\/de\/"},{"@type":"ListItem","position":2,"name":"Shop","item":"https:\/\/www.eliassen.nl\/de\/shop\/"},{"@type":"ListItem","position":3,"name":"Weitere Artikel","item":"https:\/\/www.eliassen.nl\/de\/weitere-artikel\/"},{"@type":"ListItem","position":4,"name":"Oma Bank 180cm breit"}]},{"@type":"WebSite","@id":"https:\/\/www.eliassen.nl\/de\/#website","url":"https:\/\/www.eliassen.nl\/de\/","name":"Eliassen Home & Garden Pleasure","description":"","publisher":{"@id":"https:\/\/www.eliassen.nl\/de\/#organization"},"alternateName":"Eliassen.nl","potentialAction":[{"@type":"SearchAction","target":{"@type":"EntryPoint","urlTemplate":"https:\/\/www.eliassen.nl\/de\/?s={search_term_string}"},"query-input":{"@type":"PropertyValueSpecification","valueRequired":true,"valueName":"search_term_string"}}],"inLanguage":"de"},{"@type":["Organization","Place"],"@id":"https:\/\/www.eliassen.nl\/de\/#organization","name":"Eliassen Home & Garden Pleasure","url":"https:\/\/www.eliassen.nl\/de\/","logo":{"@id":"https:\/\/www.eliassen.nl\/de\/oma-sofa-180cm-breit\/#local-main-organization-logo"},"image":{"@id":"https:\/\/www.eliassen.nl\/de\/oma-sofa-180cm-breit\/#local-main-organization-logo"},"sameAs":["https:\/\/www.facebook.com\/TuincentrumEliassenAmmerzoden","https:\/\/www.instagram.com\/eliassenhomeandgarden\/","https:\/\/nl.pinterest.com\/eliassenhomeandgarden\/","https:\/\/www.youtube.com\/@eliassenhomegardenpleasure4558"],"telephone":[],"openingHoursSpecification":[{"@type":"OpeningHoursSpecification","dayOfWeek":["Monday","Tuesday","Wednesday","Thursday","Friday","Saturday","Sunday"],"opens":"09:00","closes":"17:00"}]},{"@type":"ImageObject","inLanguage":"de","@id":"https:\/\/www.eliassen.nl\/de\/oma-sofa-180cm-breit\/#local-main-organization-logo","url":"https:\/\/www.eliassen.nl\/wp-content\/uploads\/2024\/01\/logo_4nd.jpg","contentUrl":"https:\/\/www.eliassen.nl\/wp-content\/uploads\/2024\/01\/logo_4nd.jpg","width":500,"height":500,"caption":"Eliassen Home & Garden Pleasure"}]},"og_availability":"instock","product_availability":"instock","product_retailer_item_id":"0417","product_condition":"new"},"df_price":289,"df_sale_price":"","df_regular_price":289,"df_image_link":"https:\/\/www.eliassen.nl\/wp-content\/uploads\/2024\/01\/0417tekstfileminimizer.jpg","image":"https:\/\/www.eliassen.nl\/wp-content\/uploads\/2024\/01\/0417tekstfileminimizer.jpg","price_search":"<span class=\"woocommerce-Price-amount amount\"><bdi><span class=\"woocommerce-Price-currencySymbol\">&euro;<\/span>&nbsp;289,00<\/bdi><\/span>","category":"Gartenb\u00e4nke","global_unique_id":"8719074041704","_links":{"self":[{"href":"https:\/\/www.eliassen.nl\/de\/wp-json\/wp\/v2\/product\/10117","targetHints":{"allow":["GET"]}}],"collection":[{"href":"https:\/\/www.eliassen.nl\/de\/wp-json\/wp\/v2\/product"}],"about":[{"href":"https:\/\/www.eliassen.nl\/de\/wp-json\/wp\/v2\/types\/product"}],"wp:featuredmedia":[{"embeddable":true,"href":"https:\/\/www.eliassen.nl\/de\/wp-json\/wp\/v2\/media\/10102"}],"wp:attachment":[{"href":"https:\/\/www.eliassen.nl\/de\/wp-json\/wp\/v2\/media?parent=10117"}],"wp:term":[{"taxonomy":"product_brand","embeddable":true,"href":"https:\/\/www.eliassen.nl\/de\/wp-json\/wp\/v2\/product_brand?post=10117"},{"taxonomy":"product_cat","embeddable":true,"href":"https:\/\/www.eliassen.nl\/de\/wp-json\/wp\/v2\/product_cat?post=10117"},{"taxonomy":"product_tag","embeddable":true,"href":"https:\/\/www.eliassen.nl\/de\/wp-json\/wp\/v2\/product_tag?post=10117"}],"curies":[{"name":"wp","href":"https:\/\/api.w.org\/{rel}","templated":true}]}}