{"id":10042,"date":"2019-10-28T17:03:18","date_gmt":"2019-10-28T17:03:18","guid":{"rendered":"https:\/\/www.eliassen.nl\/?product=liegende-frau"},"modified":"2026-01-16T13:19:54","modified_gmt":"2026-01-16T12:19:54","slug":"steinstatue-liegende-frau","status":"publish","type":"product","link":"https:\/\/www.eliassen.nl\/de\/steinstatue-liegende-frau\/","title":{"rendered":"Statue Liegende Frau Marmor 130cm"},"content":{"rendered":"<p>Einzigartige Marmorskulptur, in einem St\u00fcck von Hand gefertigt. (Marmor ist ein Naturstein, er kann verschiedenfarbige Adern enthalten, dies ist normal und kann nicht reklamiert werden)<\/p>\n<p>Gr\u00f6\u00dfe: 130 cm breit. Ein sch\u00f6nes Modell, um es zum Beispiel am Pool zu platzieren.<\/p>\n","protected":false},"excerpt":{"rendered":"<p>Liegende Frau<\/p>\n","protected":false},"featured_media":187430,"template":"","meta":{"_acf_changed":false,"_genesis_title":"","_genesis_description":""},"product_brand":[7505],"product_cat":[719,7239],"product_tag":[],"class_list":{"0":"post-10042","1":"product","2":"type-product","3":"status-publish","4":"has-post-thumbnail","6":"product_brand-sonstige","7":"product_cat-statuen-aus-naturstein","8":"product_cat-bilder","10":"first","11":"instock","12":"sale","13":"taxable","14":"shipping-taxable","15":"purchasable","16":"product-type-simple"},"acf":[],"meta_all":{"total_sales":"0","wcml_sync_hash":{"postmeta_fields":"4411df4fb557570a3e302fb384fd7da0"},"attr_label_translations":[],"cor_restricted_countries":[]},"meta_all_flat":{"total_sales":"0","wcml_sync_hash.postmeta_fields":"4411df4fb557570a3e302fb384fd7da0"},"yoast_head":"<!-- This site is optimized with the Yoast SEO Premium plugin v26.2 (Yoast SEO v27.2) - https:\/\/yoast.com\/product\/yoast-seo-premium-wordpress\/ -->\n<title>Steinstatue liegende Frau | Marmorstatue | Eliassen.nl<\/title>\n<meta name=\"description\" content=\"Statue Frau aus Marmor, EINZIGARTIGES Modell! Diese Steinstatue Frau ist ein besonderes Exemplar und daher eine wunderbare Dekoration f\u00fcr jede Art von Garten.\" \/>\n<meta name=\"robots\" content=\"index, follow, max-snippet:-1, max-image-preview:large, max-video-preview:-1\" \/>\n<link rel=\"canonical\" href=\"https:\/\/www.eliassen.nl\/de\/steinstatue-liegende-frau\/\" \/>\n<meta property=\"og:locale\" content=\"de_DE\" \/>\n<meta property=\"og:type\" content=\"article\" \/>\n<meta property=\"og:title\" content=\"Sonstige Statue Liegende Frau Marmor 130cm - Eliassen.nl\" \/>\n<meta property=\"og:description\" content=\"Statue Frau aus Marmor, EINZIGARTIGES Modell! Diese Steinstatue Frau ist ein besonderes Exemplar und daher eine wunderbare Dekoration f\u00fcr jede Art von Garten.\" \/>\n<meta property=\"og:url\" content=\"https:\/\/www.eliassen.nl\/de\/steinstatue-liegende-frau\/\" \/>\n<meta property=\"og:site_name\" content=\"Eliassen.nl\" \/>\n<meta property=\"article:publisher\" content=\"https:\/\/www.facebook.com\/TuincentrumEliassenAmmerzoden\" \/>\n<meta property=\"article:modified_time\" content=\"2026-01-16T12:19:54+00:00\" \/>\n<meta property=\"og:image\" content=\"https:\/\/www.eliassen.nl\/wp-content\/uploads\/2019\/10\/pro-kKGV7toB-scaled.jpeg\" \/>\n\t<meta property=\"og:image:width\" content=\"1440\" \/>\n\t<meta property=\"og:image:height\" content=\"2560\" \/>\n\t<meta property=\"og:image:type\" content=\"image\/jpeg\" \/>\n<meta name=\"twitter:card\" content=\"summary_large_image\" \/>\n<script type=\"application\/ld+json\" class=\"yoast-schema-graph\">{\"@context\":\"https:\/\/schema.org\",\"@graph\":[{\"@type\":\"WebPage\",\"@id\":\"https:\/\/www.eliassen.nl\/de\/steinstatue-liegende-frau\/\",\"url\":\"https:\/\/www.eliassen.nl\/de\/steinstatue-liegende-frau\/\",\"name\":\"Steinstatue liegende Frau | Marmorstatue | Eliassen.nl\",\"isPartOf\":{\"@id\":\"https:\/\/www.eliassen.nl\/de\/#website\"},\"primaryImageOfPage\":{\"@id\":\"https:\/\/www.eliassen.nl\/de\/steinstatue-liegende-frau\/#primaryimage\"},\"image\":{\"@id\":\"https:\/\/www.eliassen.nl\/de\/steinstatue-liegende-frau\/#primaryimage\"},\"thumbnailUrl\":\"https:\/\/www.eliassen.nl\/wp-content\/uploads\/2019\/10\/pro-kKGV7toB-scaled.jpeg\",\"datePublished\":\"2019-10-28T17:03:18+00:00\",\"dateModified\":\"2026-01-16T12:19:54+00:00\",\"description\":\"Statue Frau aus Marmor, EINZIGARTIGES Modell! Diese Steinstatue Frau ist ein besonderes Exemplar und daher eine wunderbare Dekoration f\u00fcr jede Art von Garten.\",\"breadcrumb\":{\"@id\":\"https:\/\/www.eliassen.nl\/de\/steinstatue-liegende-frau\/#breadcrumb\"},\"inLanguage\":\"de\",\"potentialAction\":[{\"@type\":\"ReadAction\",\"target\":[\"https:\/\/www.eliassen.nl\/de\/steinstatue-liegende-frau\/\"]}]},{\"@type\":\"ImageObject\",\"inLanguage\":\"de\",\"@id\":\"https:\/\/www.eliassen.nl\/de\/steinstatue-liegende-frau\/#primaryimage\",\"url\":\"https:\/\/www.eliassen.nl\/wp-content\/uploads\/2019\/10\/pro-kKGV7toB-scaled.jpeg\",\"contentUrl\":\"https:\/\/www.eliassen.nl\/wp-content\/uploads\/2019\/10\/pro-kKGV7toB-scaled.jpeg\",\"width\":1440,\"height\":2560},{\"@type\":\"BreadcrumbList\",\"@id\":\"https:\/\/www.eliassen.nl\/de\/steinstatue-liegende-frau\/#breadcrumb\",\"itemListElement\":[{\"@type\":\"ListItem\",\"position\":1,\"name\":\"Home\",\"item\":\"https:\/\/www.eliassen.nl\/de\/\"},{\"@type\":\"ListItem\",\"position\":2,\"name\":\"Shop\",\"item\":\"https:\/\/www.eliassen.nl\/de\/shop\/\"},{\"@type\":\"ListItem\",\"position\":3,\"name\":\"Bilder\",\"item\":\"https:\/\/www.eliassen.nl\/de\/bilder\/\"},{\"@type\":\"ListItem\",\"position\":4,\"name\":\"Statuen aus Naturstein\",\"item\":\"https:\/\/www.eliassen.nl\/de\/bilder\/statuen-aus-naturstein\/\"},{\"@type\":\"ListItem\",\"position\":5,\"name\":\"Statue Liegende Frau Marmor 130cm\"}]},{\"@type\":\"WebSite\",\"@id\":\"https:\/\/www.eliassen.nl\/de\/#website\",\"url\":\"https:\/\/www.eliassen.nl\/de\/\",\"name\":\"Eliassen Home & Garden Pleasure\",\"description\":\"\",\"publisher\":{\"@id\":\"https:\/\/www.eliassen.nl\/de\/#organization\"},\"alternateName\":\"Eliassen.nl\",\"potentialAction\":[{\"@type\":\"SearchAction\",\"target\":{\"@type\":\"EntryPoint\",\"urlTemplate\":\"https:\/\/www.eliassen.nl\/de\/?s={search_term_string}\"},\"query-input\":{\"@type\":\"PropertyValueSpecification\",\"valueRequired\":true,\"valueName\":\"search_term_string\"}}],\"inLanguage\":\"de\"},{\"@type\":[\"Organization\",\"Place\"],\"@id\":\"https:\/\/www.eliassen.nl\/de\/#organization\",\"name\":\"Eliassen Home & Garden Pleasure\",\"url\":\"https:\/\/www.eliassen.nl\/de\/\",\"logo\":{\"@id\":\"https:\/\/www.eliassen.nl\/de\/steinstatue-liegende-frau\/#local-main-organization-logo\"},\"image\":{\"@id\":\"https:\/\/www.eliassen.nl\/de\/steinstatue-liegende-frau\/#local-main-organization-logo\"},\"sameAs\":[\"https:\/\/www.facebook.com\/TuincentrumEliassenAmmerzoden\",\"https:\/\/www.instagram.com\/eliassenhomeandgarden\/\",\"https:\/\/nl.pinterest.com\/eliassenhomeandgarden\/\",\"https:\/\/www.youtube.com\/@eliassenhomegardenpleasure4558\"],\"telephone\":[],\"openingHoursSpecification\":[{\"@type\":\"OpeningHoursSpecification\",\"dayOfWeek\":[\"Monday\",\"Tuesday\",\"Wednesday\",\"Thursday\",\"Friday\",\"Saturday\",\"Sunday\"],\"opens\":\"09:00\",\"closes\":\"17:00\"}]},{\"@type\":\"ImageObject\",\"inLanguage\":\"de\",\"@id\":\"https:\/\/www.eliassen.nl\/de\/steinstatue-liegende-frau\/#local-main-organization-logo\",\"url\":\"https:\/\/www.eliassen.nl\/wp-content\/uploads\/2024\/01\/logo_4nd.jpg\",\"contentUrl\":\"https:\/\/www.eliassen.nl\/wp-content\/uploads\/2024\/01\/logo_4nd.jpg\",\"width\":500,\"height\":500,\"caption\":\"Eliassen Home & Garden Pleasure\"}]}<\/script>\n<meta property=\"product:price:amount\" content=\"795.00\" \/>\n<meta property=\"product:price:currency\" content=\"EUR\" \/>\n<meta property=\"og:availability\" content=\"instock\" \/>\n<meta property=\"product:availability\" content=\"instock\" \/>\n<meta property=\"product:retailer_item_id\" content=\"261nqor\" \/>\n<meta property=\"product:condition\" content=\"new\" \/>\n<!-- \/ Yoast SEO Premium plugin. -->","yoast_head_json":{"title":"Steinstatue liegende Frau | Marmorstatue | Eliassen.nl","description":"Statue Frau aus Marmor, EINZIGARTIGES Modell! Diese Steinstatue Frau ist ein besonderes Exemplar und daher eine wunderbare Dekoration f\u00fcr jede Art von Garten.","robots":{"index":"index","follow":"follow","max-snippet":"max-snippet:-1","max-image-preview":"max-image-preview:large","max-video-preview":"max-video-preview:-1"},"canonical":"https:\/\/www.eliassen.nl\/de\/steinstatue-liegende-frau\/","og_locale":"de_DE","og_type":"article","og_title":"Sonstige Statue Liegende Frau Marmor 130cm - Eliassen.nl","og_description":"Statue Frau aus Marmor, EINZIGARTIGES Modell! Diese Steinstatue Frau ist ein besonderes Exemplar und daher eine wunderbare Dekoration f\u00fcr jede Art von Garten.","og_url":"https:\/\/www.eliassen.nl\/de\/steinstatue-liegende-frau\/","og_site_name":"Eliassen.nl","article_publisher":"https:\/\/www.facebook.com\/TuincentrumEliassenAmmerzoden","article_modified_time":"2026-01-16T12:19:54+00:00","og_image":[{"width":1440,"height":2560,"url":"https:\/\/www.eliassen.nl\/wp-content\/uploads\/2019\/10\/pro-kKGV7toB-scaled.jpeg","type":"image\/jpeg"}],"twitter_card":"summary_large_image","schema":{"@context":"https:\/\/schema.org","@graph":[{"@type":"WebPage","@id":"https:\/\/www.eliassen.nl\/de\/steinstatue-liegende-frau\/","url":"https:\/\/www.eliassen.nl\/de\/steinstatue-liegende-frau\/","name":"Steinstatue liegende Frau | Marmorstatue | Eliassen.nl","isPartOf":{"@id":"https:\/\/www.eliassen.nl\/de\/#website"},"primaryImageOfPage":{"@id":"https:\/\/www.eliassen.nl\/de\/steinstatue-liegende-frau\/#primaryimage"},"image":{"@id":"https:\/\/www.eliassen.nl\/de\/steinstatue-liegende-frau\/#primaryimage"},"thumbnailUrl":"https:\/\/www.eliassen.nl\/wp-content\/uploads\/2019\/10\/pro-kKGV7toB-scaled.jpeg","datePublished":"2019-10-28T17:03:18+00:00","dateModified":"2026-01-16T12:19:54+00:00","description":"Statue Frau aus Marmor, EINZIGARTIGES Modell! Diese Steinstatue Frau ist ein besonderes Exemplar und daher eine wunderbare Dekoration f\u00fcr jede Art von Garten.","breadcrumb":{"@id":"https:\/\/www.eliassen.nl\/de\/steinstatue-liegende-frau\/#breadcrumb"},"inLanguage":"de","potentialAction":[{"@type":"ReadAction","target":["https:\/\/www.eliassen.nl\/de\/steinstatue-liegende-frau\/"]}]},{"@type":"ImageObject","inLanguage":"de","@id":"https:\/\/www.eliassen.nl\/de\/steinstatue-liegende-frau\/#primaryimage","url":"https:\/\/www.eliassen.nl\/wp-content\/uploads\/2019\/10\/pro-kKGV7toB-scaled.jpeg","contentUrl":"https:\/\/www.eliassen.nl\/wp-content\/uploads\/2019\/10\/pro-kKGV7toB-scaled.jpeg","width":1440,"height":2560},{"@type":"BreadcrumbList","@id":"https:\/\/www.eliassen.nl\/de\/steinstatue-liegende-frau\/#breadcrumb","itemListElement":[{"@type":"ListItem","position":1,"name":"Home","item":"https:\/\/www.eliassen.nl\/de\/"},{"@type":"ListItem","position":2,"name":"Shop","item":"https:\/\/www.eliassen.nl\/de\/shop\/"},{"@type":"ListItem","position":3,"name":"Bilder","item":"https:\/\/www.eliassen.nl\/de\/bilder\/"},{"@type":"ListItem","position":4,"name":"Statuen aus Naturstein","item":"https:\/\/www.eliassen.nl\/de\/bilder\/statuen-aus-naturstein\/"},{"@type":"ListItem","position":5,"name":"Statue Liegende Frau Marmor 130cm"}]},{"@type":"WebSite","@id":"https:\/\/www.eliassen.nl\/de\/#website","url":"https:\/\/www.eliassen.nl\/de\/","name":"Eliassen Home & Garden Pleasure","description":"","publisher":{"@id":"https:\/\/www.eliassen.nl\/de\/#organization"},"alternateName":"Eliassen.nl","potentialAction":[{"@type":"SearchAction","target":{"@type":"EntryPoint","urlTemplate":"https:\/\/www.eliassen.nl\/de\/?s={search_term_string}"},"query-input":{"@type":"PropertyValueSpecification","valueRequired":true,"valueName":"search_term_string"}}],"inLanguage":"de"},{"@type":["Organization","Place"],"@id":"https:\/\/www.eliassen.nl\/de\/#organization","name":"Eliassen Home & Garden Pleasure","url":"https:\/\/www.eliassen.nl\/de\/","logo":{"@id":"https:\/\/www.eliassen.nl\/de\/steinstatue-liegende-frau\/#local-main-organization-logo"},"image":{"@id":"https:\/\/www.eliassen.nl\/de\/steinstatue-liegende-frau\/#local-main-organization-logo"},"sameAs":["https:\/\/www.facebook.com\/TuincentrumEliassenAmmerzoden","https:\/\/www.instagram.com\/eliassenhomeandgarden\/","https:\/\/nl.pinterest.com\/eliassenhomeandgarden\/","https:\/\/www.youtube.com\/@eliassenhomegardenpleasure4558"],"telephone":[],"openingHoursSpecification":[{"@type":"OpeningHoursSpecification","dayOfWeek":["Monday","Tuesday","Wednesday","Thursday","Friday","Saturday","Sunday"],"opens":"09:00","closes":"17:00"}]},{"@type":"ImageObject","inLanguage":"de","@id":"https:\/\/www.eliassen.nl\/de\/steinstatue-liegende-frau\/#local-main-organization-logo","url":"https:\/\/www.eliassen.nl\/wp-content\/uploads\/2024\/01\/logo_4nd.jpg","contentUrl":"https:\/\/www.eliassen.nl\/wp-content\/uploads\/2024\/01\/logo_4nd.jpg","width":500,"height":500,"caption":"Eliassen Home & Garden Pleasure"}]},"product_price_amount":"795.00","product_price_currency":"EUR","og_availability":"instock","product_availability":"instock","product_retailer_item_id":"261nqor","product_condition":"new"},"df_price":795,"df_sale_price":795,"df_regular_price":1495,"df_image_link":"https:\/\/www.eliassen.nl\/wp-content\/uploads\/2019\/10\/pro-kKGV7toB-169x300.jpeg","image":"https:\/\/www.eliassen.nl\/wp-content\/uploads\/2019\/10\/pro-kKGV7toB-150x150.jpeg","price_search":"<span class=\"woocommerce-Price-amount amount\"><bdi><span class=\"woocommerce-Price-currencySymbol\">&euro;<\/span>&nbsp;795,00<\/bdi><\/span>","category":"Statuen aus Naturstein","global_unique_id":"7438245638680","_links":{"self":[{"href":"https:\/\/www.eliassen.nl\/de\/wp-json\/wp\/v2\/product\/10042","targetHints":{"allow":["GET"]}}],"collection":[{"href":"https:\/\/www.eliassen.nl\/de\/wp-json\/wp\/v2\/product"}],"about":[{"href":"https:\/\/www.eliassen.nl\/de\/wp-json\/wp\/v2\/types\/product"}],"wp:featuredmedia":[{"embeddable":true,"href":"https:\/\/www.eliassen.nl\/de\/wp-json\/wp\/v2\/media\/187430"}],"wp:attachment":[{"href":"https:\/\/www.eliassen.nl\/de\/wp-json\/wp\/v2\/media?parent=10042"}],"wp:term":[{"taxonomy":"product_brand","embeddable":true,"href":"https:\/\/www.eliassen.nl\/de\/wp-json\/wp\/v2\/product_brand?post=10042"},{"taxonomy":"product_cat","embeddable":true,"href":"https:\/\/www.eliassen.nl\/de\/wp-json\/wp\/v2\/product_cat?post=10042"},{"taxonomy":"product_tag","embeddable":true,"href":"https:\/\/www.eliassen.nl\/de\/wp-json\/wp\/v2\/product_tag?post=10042"}],"curies":[{"name":"wp","href":"https:\/\/api.w.org\/{rel}","templated":true}]}}