{"id":220,"date":"2023-03-02T20:45:30","date_gmt":"2023-03-02T19:45:30","guid":{"rendered":"https:\/\/www.eliassen.nl\/versand-rueckgabe\/"},"modified":"2025-12-19T11:26:57","modified_gmt":"2025-12-19T10:26:57","slug":"versand-rueckgabe","status":"publish","type":"page","link":"https:\/\/www.eliassen.nl\/de\/versand-rueckgabe\/","title":{"rendered":"Versand &amp; R\u00fcckgabe"},"content":{"rendered":"<section id=\"block_c24182d9e5be115b7607a005965719e7\" class=\"block block--content block-abstand-klein\">\n                <div class=\"block__inner \">\n                <div class=\"block__content\">\n        <div class=\"prose max-w-none\">\n<h1>Versand &amp; R\u00fcckgabe<\/h1>\n<p><strong>Kosten f\u00fcr den Versand<\/strong><\/p>\n<p>Die Versandkosten werden pro Artikel in der Detailansicht eines Artikels angezeigt, und der Gesamtbetrag der Versandkosten wird in der Zusammenfassung Ihrer Bestellung angezeigt, bevor Sie Ihre Bestellung abschlie\u00dfen.<\/p>\n<p>Die Versandkosten werden nach Gewicht oder Volumen berechnet.<br \/>\nArtikel, bei denen die Versandkosten pro St\u00fcck berechnet werden, z\u00e4hlen nicht zu den Gewichtsversandkosten. Einige Artikel mit Versandkosten pro St\u00fcck, haben keine zus\u00e4tzliche Geb\u00fchr f\u00fcr den Versand mehrere vaan den gleichen Artikel. Mehrere Einheiten passen dann z. B. auf eine Palette. Dies wird bei den entsprechenden Positionen in der Detailansicht immer angezeigt.<\/p>\n<p>Die Versandkosten werden im Warenkorb auf der Grundlage des Gewichts der Artikel angegeben. Der endg\u00fcltige Versandbetrag ist erst nach Eingabe der Adressdaten in der Bestellzusammenfassung verf\u00fcgbar.<\/p>\n<p>Der Gesamtbetrag der Versandkosten ist sichtbar, bevor Sie Ihre Bestellung abschlie\u00dfen. Sie k\u00f6nnen jederzeit Artikel aus Ihrem Warenkorb entfernen.<\/p>\n<p><strong>Andere L\u00e4nder:<\/strong><\/p>\n<p><em>Auf Anfrage<\/em><\/p>\n<p><strong>Paketdienste<\/strong><\/p>\n<p>Eliassen Home &amp; Gardenpleasure arbeitet mit GLS und Doesburg Transport zusammen. Bei diesen Unternehmen werden die Waren als Standardpaket verschickt.<\/p>\n<p><strong>Bei der Lieferung nicht zu Hause?<\/strong><\/p>\n<p>Wenn Sie nicht zu Hause sind, wenn das Paket von GLS zugestellt wird, hinterl\u00e4sst der Zusteller eine Nachricht in Ihrem Briefkasten oder gibt das Paket bei Ihren Nachbarn ab. Sie k\u00f6nnen auch im Voraus festlegen, was mit dem Paket geschehen soll. Weitere Informationen finden Sie in der Mail von GLS (eine neue Seite \u00f6ffnet sich direkt auf der Seite &#8222;Bei Lieferung nicht zu Hause?&#8220;).<\/p>\n<p>Nat\u00fcrlich k\u00f6nnen Sie sich jederzeit an Eliassen Home &amp; Gardenpleasure wenden. Weitere Informationen <a href=\"\/contact\">finden Sie auf unserer Kontaktseite.<\/a><\/p>\n<p><strong>Lieferfrist<\/strong><\/p>\n<p>Alle Artikel auf der Website, die versendet werden, werden garantiert innerhalb von 14 Tagen geliefert. Wenn die betreffenden Artikel sofort auf Lager sind, erfolgt die Lieferung unverz\u00fcglich. Wenn Sie Fragen zu den Lieferzeiten haben, k\u00f6nnen Sie sich jederzeit an Eliassen Home &amp; Gardenpleasure wenden. Weitere Informationen <a href=\"https:\/\/eliassen.nl\/index.php\/contacts\">finden Sie auf unserer Kontaktseite.<\/a><\/p>\n<p>In dem unwahrscheinlichen Fall, dass wir nicht rechtzeitig liefern k\u00f6nnen, werden wir Sie innerhalb der vereinbarten Lieferfrist von 14 Tagen \u00fcber eine m\u00f6gliche L\u00f6sung informieren.<\/p>\n<p><strong>R\u00fcckkehr<\/strong><\/p>\n<p>Sie haben das Recht, Ihre Bestellung innerhalb von 14 Tagen nach Erhalt ohne Angabe von Gr\u00fcnden zu widerrufen. Nach dem Widerruf haben Sie noch 14 Tage Zeit, Ihr Produkt zur\u00fcckzugeben. Sie erhalten dann den vollen Bestellbetrag gutgeschrieben, lediglich die Kosten f\u00fcr die R\u00fccksendung von Ihrer Bestelladresse zum Webshop gehen zu Ihren Lasten. Wenn Sie von Ihrem Widerrufsrecht Gebrauch machen, wird das Produkt mit allem gelieferten Zubeh\u00f6r und &#8211; wenn m\u00f6glich &#8211; in seinem urspr\u00fcnglichen Zustand und in der Originalverpackung an den Unternehmer zur\u00fcckgesandt. Um von diesem Recht Gebrauch zu machen, kontaktieren Sie uns bitte unter <a href=\"mailto:info@eliassen.nl\" target=\"_self\">info@eliassen.nl.<\/a> Wir erstatten Ihnen dann innerhalb von 14 Tagen nach der Benachrichtigung \u00fcber Ihre R\u00fccksendung den f\u00e4lligen Betrag zur\u00fcck, sofern das Produkt bereits in gutem Zustand und unbenutzt zur\u00fcckerhalten wurde.<\/p>\n<p>R\u00fccksendeadresse:<\/p>\n<p>Haus &amp; GartenFreude Eliassen<br \/>\nHaarstra\u00dfe 44<br \/>\n5324AP Ammerzoden, die Niederlande<\/p>\n\n<\/div>            <\/div>\n    <\/div>\n    <\/section>\n","protected":false},"excerpt":{"rendered":"","protected":false},"author":1,"featured_media":0,"parent":0,"menu_order":0,"comment_status":"closed","ping_status":"closed","template":"","meta":{"_acf_changed":false,"_genesis_title":"","_genesis_description":"","footnotes":""},"class_list":["post-220","page","type-page","status-publish","hentry"],"acf":[],"meta_all":{"footnotes":""},"meta_all_flat":{"footnotes":""},"yoast_head":"<!-- This site is optimized with the Yoast SEO Premium plugin v26.2 (Yoast SEO v27.2) - https:\/\/yoast.com\/product\/yoast-seo-premium-wordpress\/ -->\n<title>Versand &amp; R\u00fcckgabe - Eliassen.nl<\/title>\n<meta name=\"robots\" content=\"index, follow, max-snippet:-1, max-image-preview:large, max-video-preview:-1\" \/>\n<link rel=\"canonical\" href=\"https:\/\/www.eliassen.nl\/de\/versand-rueckgabe\/\" \/>\n<meta property=\"og:locale\" content=\"de_DE\" \/>\n<meta property=\"og:type\" content=\"article\" \/>\n<meta property=\"og:title\" content=\"Versand &amp; R\u00fcckgabe\" \/>\n<meta property=\"og:url\" content=\"https:\/\/www.eliassen.nl\/de\/versand-rueckgabe\/\" \/>\n<meta property=\"og:site_name\" content=\"Eliassen.nl\" \/>\n<meta property=\"article:publisher\" content=\"https:\/\/www.facebook.com\/TuincentrumEliassenAmmerzoden\" \/>\n<meta property=\"article:modified_time\" content=\"2025-12-19T10:26:57+00:00\" \/>\n<meta name=\"twitter:card\" content=\"summary_large_image\" \/>\n<script type=\"application\/ld+json\" class=\"yoast-schema-graph\">{\"@context\":\"https:\/\/schema.org\",\"@graph\":[{\"@type\":\"WebPage\",\"@id\":\"https:\/\/www.eliassen.nl\/de\/versand-rueckgabe\/\",\"url\":\"https:\/\/www.eliassen.nl\/de\/versand-rueckgabe\/\",\"name\":\"Versand &amp; R\u00fcckgabe - Eliassen.nl\",\"isPartOf\":{\"@id\":\"https:\/\/www.eliassen.nl\/de\/#website\"},\"datePublished\":\"2023-03-02T19:45:30+00:00\",\"dateModified\":\"2025-12-19T10:26:57+00:00\",\"breadcrumb\":{\"@id\":\"https:\/\/www.eliassen.nl\/de\/versand-rueckgabe\/#breadcrumb\"},\"inLanguage\":\"de\",\"potentialAction\":[{\"@type\":\"ReadAction\",\"target\":[\"https:\/\/www.eliassen.nl\/de\/versand-rueckgabe\/\"]}]},{\"@type\":\"BreadcrumbList\",\"@id\":\"https:\/\/www.eliassen.nl\/de\/versand-rueckgabe\/#breadcrumb\",\"itemListElement\":[{\"@type\":\"ListItem\",\"position\":1,\"name\":\"Home\",\"item\":\"https:\/\/www.eliassen.nl\/de\/\"},{\"@type\":\"ListItem\",\"position\":2,\"name\":\"Versand &amp; R\u00fcckgabe\"}]},{\"@type\":\"WebSite\",\"@id\":\"https:\/\/www.eliassen.nl\/de\/#website\",\"url\":\"https:\/\/www.eliassen.nl\/de\/\",\"name\":\"Eliassen Home & Garden Pleasure\",\"description\":\"\",\"publisher\":{\"@id\":\"https:\/\/www.eliassen.nl\/de\/#organization\"},\"alternateName\":\"Eliassen.nl\",\"potentialAction\":[{\"@type\":\"SearchAction\",\"target\":{\"@type\":\"EntryPoint\",\"urlTemplate\":\"https:\/\/www.eliassen.nl\/de\/?s={search_term_string}\"},\"query-input\":{\"@type\":\"PropertyValueSpecification\",\"valueRequired\":true,\"valueName\":\"search_term_string\"}}],\"inLanguage\":\"de\"},{\"@type\":[\"Organization\",\"Place\"],\"@id\":\"https:\/\/www.eliassen.nl\/de\/#organization\",\"name\":\"Eliassen Home & Garden Pleasure\",\"url\":\"https:\/\/www.eliassen.nl\/de\/\",\"logo\":{\"@id\":\"https:\/\/www.eliassen.nl\/de\/versand-rueckgabe\/#local-main-organization-logo\"},\"image\":{\"@id\":\"https:\/\/www.eliassen.nl\/de\/versand-rueckgabe\/#local-main-organization-logo\"},\"sameAs\":[\"https:\/\/www.facebook.com\/TuincentrumEliassenAmmerzoden\",\"https:\/\/www.instagram.com\/eliassenhomeandgarden\/\",\"https:\/\/nl.pinterest.com\/eliassenhomeandgarden\/\",\"https:\/\/www.youtube.com\/@eliassenhomegardenpleasure4558\"],\"telephone\":[],\"openingHoursSpecification\":[{\"@type\":\"OpeningHoursSpecification\",\"dayOfWeek\":[\"Monday\",\"Tuesday\",\"Wednesday\",\"Thursday\",\"Friday\",\"Saturday\",\"Sunday\"],\"opens\":\"09:00\",\"closes\":\"17:00\"}]},{\"@type\":\"ImageObject\",\"inLanguage\":\"de\",\"@id\":\"https:\/\/www.eliassen.nl\/de\/versand-rueckgabe\/#local-main-organization-logo\",\"url\":\"https:\/\/www.eliassen.nl\/wp-content\/uploads\/2024\/01\/logo_4nd.jpg\",\"contentUrl\":\"https:\/\/www.eliassen.nl\/wp-content\/uploads\/2024\/01\/logo_4nd.jpg\",\"width\":500,\"height\":500,\"caption\":\"Eliassen Home & Garden Pleasure\"}]}<\/script>\n<!-- \/ Yoast SEO Premium plugin. -->","yoast_head_json":{"title":"Versand &amp; R\u00fcckgabe - Eliassen.nl","robots":{"index":"index","follow":"follow","max-snippet":"max-snippet:-1","max-image-preview":"max-image-preview:large","max-video-preview":"max-video-preview:-1"},"canonical":"https:\/\/www.eliassen.nl\/de\/versand-rueckgabe\/","og_locale":"de_DE","og_type":"article","og_title":"Versand &amp; R\u00fcckgabe","og_url":"https:\/\/www.eliassen.nl\/de\/versand-rueckgabe\/","og_site_name":"Eliassen.nl","article_publisher":"https:\/\/www.facebook.com\/TuincentrumEliassenAmmerzoden","article_modified_time":"2025-12-19T10:26:57+00:00","twitter_card":"summary_large_image","schema":{"@context":"https:\/\/schema.org","@graph":[{"@type":"WebPage","@id":"https:\/\/www.eliassen.nl\/de\/versand-rueckgabe\/","url":"https:\/\/www.eliassen.nl\/de\/versand-rueckgabe\/","name":"Versand &amp; R\u00fcckgabe - Eliassen.nl","isPartOf":{"@id":"https:\/\/www.eliassen.nl\/de\/#website"},"datePublished":"2023-03-02T19:45:30+00:00","dateModified":"2025-12-19T10:26:57+00:00","breadcrumb":{"@id":"https:\/\/www.eliassen.nl\/de\/versand-rueckgabe\/#breadcrumb"},"inLanguage":"de","potentialAction":[{"@type":"ReadAction","target":["https:\/\/www.eliassen.nl\/de\/versand-rueckgabe\/"]}]},{"@type":"BreadcrumbList","@id":"https:\/\/www.eliassen.nl\/de\/versand-rueckgabe\/#breadcrumb","itemListElement":[{"@type":"ListItem","position":1,"name":"Home","item":"https:\/\/www.eliassen.nl\/de\/"},{"@type":"ListItem","position":2,"name":"Versand &amp; R\u00fcckgabe"}]},{"@type":"WebSite","@id":"https:\/\/www.eliassen.nl\/de\/#website","url":"https:\/\/www.eliassen.nl\/de\/","name":"Eliassen Home & Garden Pleasure","description":"","publisher":{"@id":"https:\/\/www.eliassen.nl\/de\/#organization"},"alternateName":"Eliassen.nl","potentialAction":[{"@type":"SearchAction","target":{"@type":"EntryPoint","urlTemplate":"https:\/\/www.eliassen.nl\/de\/?s={search_term_string}"},"query-input":{"@type":"PropertyValueSpecification","valueRequired":true,"valueName":"search_term_string"}}],"inLanguage":"de"},{"@type":["Organization","Place"],"@id":"https:\/\/www.eliassen.nl\/de\/#organization","name":"Eliassen Home & Garden Pleasure","url":"https:\/\/www.eliassen.nl\/de\/","logo":{"@id":"https:\/\/www.eliassen.nl\/de\/versand-rueckgabe\/#local-main-organization-logo"},"image":{"@id":"https:\/\/www.eliassen.nl\/de\/versand-rueckgabe\/#local-main-organization-logo"},"sameAs":["https:\/\/www.facebook.com\/TuincentrumEliassenAmmerzoden","https:\/\/www.instagram.com\/eliassenhomeandgarden\/","https:\/\/nl.pinterest.com\/eliassenhomeandgarden\/","https:\/\/www.youtube.com\/@eliassenhomegardenpleasure4558"],"telephone":[],"openingHoursSpecification":[{"@type":"OpeningHoursSpecification","dayOfWeek":["Monday","Tuesday","Wednesday","Thursday","Friday","Saturday","Sunday"],"opens":"09:00","closes":"17:00"}]},{"@type":"ImageObject","inLanguage":"de","@id":"https:\/\/www.eliassen.nl\/de\/versand-rueckgabe\/#local-main-organization-logo","url":"https:\/\/www.eliassen.nl\/wp-content\/uploads\/2024\/01\/logo_4nd.jpg","contentUrl":"https:\/\/www.eliassen.nl\/wp-content\/uploads\/2024\/01\/logo_4nd.jpg","width":500,"height":500,"caption":"Eliassen Home & Garden Pleasure"}]}},"_links":{"self":[{"href":"https:\/\/www.eliassen.nl\/de\/wp-json\/wp\/v2\/pages\/220","targetHints":{"allow":["GET"]}}],"collection":[{"href":"https:\/\/www.eliassen.nl\/de\/wp-json\/wp\/v2\/pages"}],"about":[{"href":"https:\/\/www.eliassen.nl\/de\/wp-json\/wp\/v2\/types\/page"}],"author":[{"embeddable":true,"href":"https:\/\/www.eliassen.nl\/de\/wp-json\/wp\/v2\/users\/1"}],"replies":[{"embeddable":true,"href":"https:\/\/www.eliassen.nl\/de\/wp-json\/wp\/v2\/comments?post=220"}],"version-history":[{"count":9,"href":"https:\/\/www.eliassen.nl\/de\/wp-json\/wp\/v2\/pages\/220\/revisions"}],"predecessor-version":[{"id":201798,"href":"https:\/\/www.eliassen.nl\/de\/wp-json\/wp\/v2\/pages\/220\/revisions\/201798"}],"wp:attachment":[{"href":"https:\/\/www.eliassen.nl\/de\/wp-json\/wp\/v2\/media?parent=220"}],"curies":[{"name":"wp","href":"https:\/\/api.w.org\/{rel}","templated":true}]}}