{"id":167177,"date":"2024-11-15T12:12:44","date_gmt":"2024-11-15T11:12:44","guid":{"rendered":"https:\/\/www.eliassen.nl\/adresse-und-oeffnungszeiten\/"},"modified":"2026-04-16T12:02:23","modified_gmt":"2026-04-16T10:02:23","slug":"adresse-und-oeffnungszeiten","status":"publish","type":"page","link":"https:\/\/www.eliassen.nl\/de\/adresse-und-oeffnungszeiten\/","title":{"rendered":"Adresse und \u00d6ffnungszeiten"},"content":{"rendered":"<section id=\"block_2ead2320972f8602d16ef018bf90bc42\" class=\"block block--content\">\n                <div class=\"block__inner \">\n                <div class=\"block__content\">\n        <div class=\"prose max-w-none\">\n<p>R<span style=\"color: #ff0000;\">UFEN ODER MAILEN SIE UNS AN, WENN SIE F\u00dcR EINEN BESTIMMTEN<\/span><span style=\"color: #ff0000;\">ARTIKEL<\/span><span style=\"color: #ff0000;\">BESUCHEN WOLLEN<\/span><span style=\"color: #ff0000;\">, UM ZU BEWEISEN, DASS SIE F\u00dcR NICHTS GEKOMMEN SIND!<\/span> Fragen Sie ruhig nach zus\u00e4tzlichen Produktfotos! Wir haben fast alles! Haus &amp; Gartenpleasure Eliassen Haarstraat 44 5324AP Ammerzoden, Die Niederlande Tel : +031(0)73-5992869<\/p>\n\n<\/div>            <\/div>\n    <\/div>\n    <\/section>\n\n\n<section id=\"block_ead51469feb04d6a733fc0e99e067180\" class=\"block block--columns\">\n                <div class=\"block__inner \">\n            <div class=\"block__columns  block__columns--2\">\n      <div class=\"block__column \">\n                    <div class=\"block__content\">\n              <div class=\"prose max-w-none\">\n<p><img decoding=\"async\" class=\"alignnone  wp-image-207714\" src=\"https:\/\/www.eliassen.nl\/wp-content\/uploads\/2026\/03\/Eliassen-april-2026-openingstijden-1-300x211.jpg\" alt=\"Eliassen april 2026 openingstijden (1)\" width=\"498\" height=\"350\" srcset=\"https:\/\/www.eliassen.nl\/wp-content\/uploads\/2026\/03\/Eliassen-april-2026-openingstijden-1-300x211.jpg 300w, https:\/\/www.eliassen.nl\/wp-content\/uploads\/2026\/03\/Eliassen-april-2026-openingstijden-1-320x225.jpg 320w, https:\/\/www.eliassen.nl\/wp-content\/uploads\/2026\/03\/Eliassen-april-2026-openingstijden-1.jpg 589w\" sizes=\"(max-width: 498px) 100vw, 498px\" \/><\/p>\n\n<\/div>          <\/div>\n      <\/div>\n      <div class=\"block__column \">\n                    <div class=\"block__content\">\n              <div class=\"prose max-w-none\">\n<p><img decoding=\"async\" class=\"alignnone  wp-image-211995\" src=\"https:\/\/www.eliassen.nl\/wp-content\/uploads\/2026\/04\/Eliassen-mei-2026-openingstijden-1-300x229.jpg\" alt=\"\" width=\"459\" height=\"350\" srcset=\"https:\/\/www.eliassen.nl\/wp-content\/uploads\/2026\/04\/Eliassen-mei-2026-openingstijden-1-300x229.jpg 300w, https:\/\/www.eliassen.nl\/wp-content\/uploads\/2026\/04\/Eliassen-mei-2026-openingstijden-1-320x245.jpg 320w, https:\/\/www.eliassen.nl\/wp-content\/uploads\/2026\/04\/Eliassen-mei-2026-openingstijden-1.jpg 547w\" sizes=\"(max-width: 459px) 100vw, 459px\" \/><\/p>\n\n<\/div>          <\/div>\n      <\/div>\n              <\/div>\n    <\/div>\n    <\/section>\n","protected":false},"excerpt":{"rendered":"","protected":false},"author":1,"featured_media":0,"parent":0,"menu_order":0,"comment_status":"closed","ping_status":"closed","template":"","meta":{"_acf_changed":false,"_genesis_title":"","_genesis_description":"","footnotes":""},"class_list":["post-167177","page","type-page","status-publish","hentry"],"acf":[],"meta_all":{"footnotes":"","searchwp_related":"adresse und \u00f6ffnungszeiten offnungszeiten"},"meta_all_flat":{"footnotes":"","searchwp_related":"adresse und \u00f6ffnungszeiten offnungszeiten"},"yoast_head":"<!-- This site is optimized with the Yoast SEO Premium plugin v26.2 (Yoast SEO v27.2) - https:\/\/yoast.com\/product\/yoast-seo-premium-wordpress\/ -->\n<title>Adresse und \u00d6ffnungszeiten - Eliassen.nl<\/title>\n<meta name=\"description\" content=\"M\u00f6chten Sie unseren Ausstellungsraum in Ammerzoden besuchen? Dann schauen Sie sich unsere \u00d6ffnungszeiten genau an oder rufen Sie uns an.\" \/>\n<meta name=\"robots\" content=\"index, follow, max-snippet:-1, max-image-preview:large, max-video-preview:-1\" \/>\n<link rel=\"canonical\" href=\"https:\/\/www.eliassen.nl\/de\/adresse-und-oeffnungszeiten\/\" \/>\n<meta property=\"og:locale\" content=\"de_DE\" \/>\n<meta property=\"og:type\" content=\"article\" \/>\n<meta property=\"og:title\" content=\"Adresse und \u00d6ffnungszeiten\" \/>\n<meta property=\"og:description\" content=\"M\u00f6chten Sie unseren Ausstellungsraum in Ammerzoden besuchen? Dann schauen Sie sich unsere \u00d6ffnungszeiten genau an oder rufen Sie uns an.\" \/>\n<meta property=\"og:url\" content=\"https:\/\/www.eliassen.nl\/de\/adresse-und-oeffnungszeiten\/\" \/>\n<meta property=\"og:site_name\" content=\"Eliassen.nl\" \/>\n<meta property=\"article:publisher\" content=\"https:\/\/www.facebook.com\/TuincentrumEliassenAmmerzoden\" \/>\n<meta property=\"article:modified_time\" content=\"2026-04-16T10:02:23+00:00\" \/>\n<meta name=\"twitter:card\" content=\"summary_large_image\" \/>\n<script type=\"application\/ld+json\" class=\"yoast-schema-graph\">{\"@context\":\"https:\/\/schema.org\",\"@graph\":[{\"@type\":\"WebPage\",\"@id\":\"https:\/\/www.eliassen.nl\/de\/adresse-und-oeffnungszeiten\/\",\"url\":\"https:\/\/www.eliassen.nl\/de\/adresse-und-oeffnungszeiten\/\",\"name\":\"Adresse und \u00d6ffnungszeiten - Eliassen.nl\",\"isPartOf\":{\"@id\":\"https:\/\/www.eliassen.nl\/de\/#website\"},\"datePublished\":\"2024-11-15T11:12:44+00:00\",\"dateModified\":\"2026-04-16T10:02:23+00:00\",\"description\":\"M\u00f6chten Sie unseren Ausstellungsraum in Ammerzoden besuchen? Dann schauen Sie sich unsere \u00d6ffnungszeiten genau an oder rufen Sie uns an.\",\"breadcrumb\":{\"@id\":\"https:\/\/www.eliassen.nl\/de\/adresse-und-oeffnungszeiten\/#breadcrumb\"},\"inLanguage\":\"de\",\"potentialAction\":[{\"@type\":\"ReadAction\",\"target\":[\"https:\/\/www.eliassen.nl\/de\/adresse-und-oeffnungszeiten\/\"]}]},{\"@type\":\"BreadcrumbList\",\"@id\":\"https:\/\/www.eliassen.nl\/de\/adresse-und-oeffnungszeiten\/#breadcrumb\",\"itemListElement\":[{\"@type\":\"ListItem\",\"position\":1,\"name\":\"Home\",\"item\":\"https:\/\/www.eliassen.nl\/de\/\"},{\"@type\":\"ListItem\",\"position\":2,\"name\":\"Adresse und \u00d6ffnungszeiten\"}]},{\"@type\":\"WebSite\",\"@id\":\"https:\/\/www.eliassen.nl\/de\/#website\",\"url\":\"https:\/\/www.eliassen.nl\/de\/\",\"name\":\"Eliassen Home & Garden Pleasure\",\"description\":\"\",\"publisher\":{\"@id\":\"https:\/\/www.eliassen.nl\/de\/#organization\"},\"alternateName\":\"Eliassen.nl\",\"potentialAction\":[{\"@type\":\"SearchAction\",\"target\":{\"@type\":\"EntryPoint\",\"urlTemplate\":\"https:\/\/www.eliassen.nl\/de\/?s={search_term_string}\"},\"query-input\":{\"@type\":\"PropertyValueSpecification\",\"valueRequired\":true,\"valueName\":\"search_term_string\"}}],\"inLanguage\":\"de\"},{\"@type\":[\"Organization\",\"Place\"],\"@id\":\"https:\/\/www.eliassen.nl\/de\/#organization\",\"name\":\"Eliassen Home & Garden Pleasure\",\"url\":\"https:\/\/www.eliassen.nl\/de\/\",\"logo\":{\"@id\":\"https:\/\/www.eliassen.nl\/de\/adresse-und-oeffnungszeiten\/#local-main-organization-logo\"},\"image\":{\"@id\":\"https:\/\/www.eliassen.nl\/de\/adresse-und-oeffnungszeiten\/#local-main-organization-logo\"},\"sameAs\":[\"https:\/\/www.facebook.com\/TuincentrumEliassenAmmerzoden\",\"https:\/\/www.instagram.com\/eliassenhomeandgarden\/\",\"https:\/\/nl.pinterest.com\/eliassenhomeandgarden\/\",\"https:\/\/www.youtube.com\/@eliassenhomegardenpleasure4558\"],\"telephone\":[],\"openingHoursSpecification\":[{\"@type\":\"OpeningHoursSpecification\",\"dayOfWeek\":[\"Monday\",\"Tuesday\",\"Wednesday\",\"Thursday\",\"Friday\",\"Saturday\",\"Sunday\"],\"opens\":\"09:00\",\"closes\":\"17:00\"}]},{\"@type\":\"ImageObject\",\"inLanguage\":\"de\",\"@id\":\"https:\/\/www.eliassen.nl\/de\/adresse-und-oeffnungszeiten\/#local-main-organization-logo\",\"url\":\"https:\/\/www.eliassen.nl\/wp-content\/uploads\/2024\/01\/logo_4nd.jpg\",\"contentUrl\":\"https:\/\/www.eliassen.nl\/wp-content\/uploads\/2024\/01\/logo_4nd.jpg\",\"width\":500,\"height\":500,\"caption\":\"Eliassen Home & Garden Pleasure\"}]}<\/script>\n<!-- \/ Yoast SEO Premium plugin. -->","yoast_head_json":{"title":"Adresse und \u00d6ffnungszeiten - Eliassen.nl","description":"M\u00f6chten Sie unseren Ausstellungsraum in Ammerzoden besuchen? Dann schauen Sie sich unsere \u00d6ffnungszeiten genau an oder rufen Sie uns an.","robots":{"index":"index","follow":"follow","max-snippet":"max-snippet:-1","max-image-preview":"max-image-preview:large","max-video-preview":"max-video-preview:-1"},"canonical":"https:\/\/www.eliassen.nl\/de\/adresse-und-oeffnungszeiten\/","og_locale":"de_DE","og_type":"article","og_title":"Adresse und \u00d6ffnungszeiten","og_description":"M\u00f6chten Sie unseren Ausstellungsraum in Ammerzoden besuchen? Dann schauen Sie sich unsere \u00d6ffnungszeiten genau an oder rufen Sie uns an.","og_url":"https:\/\/www.eliassen.nl\/de\/adresse-und-oeffnungszeiten\/","og_site_name":"Eliassen.nl","article_publisher":"https:\/\/www.facebook.com\/TuincentrumEliassenAmmerzoden","article_modified_time":"2026-04-16T10:02:23+00:00","twitter_card":"summary_large_image","schema":{"@context":"https:\/\/schema.org","@graph":[{"@type":"WebPage","@id":"https:\/\/www.eliassen.nl\/de\/adresse-und-oeffnungszeiten\/","url":"https:\/\/www.eliassen.nl\/de\/adresse-und-oeffnungszeiten\/","name":"Adresse und \u00d6ffnungszeiten - Eliassen.nl","isPartOf":{"@id":"https:\/\/www.eliassen.nl\/de\/#website"},"datePublished":"2024-11-15T11:12:44+00:00","dateModified":"2026-04-16T10:02:23+00:00","description":"M\u00f6chten Sie unseren Ausstellungsraum in Ammerzoden besuchen? Dann schauen Sie sich unsere \u00d6ffnungszeiten genau an oder rufen Sie uns an.","breadcrumb":{"@id":"https:\/\/www.eliassen.nl\/de\/adresse-und-oeffnungszeiten\/#breadcrumb"},"inLanguage":"de","potentialAction":[{"@type":"ReadAction","target":["https:\/\/www.eliassen.nl\/de\/adresse-und-oeffnungszeiten\/"]}]},{"@type":"BreadcrumbList","@id":"https:\/\/www.eliassen.nl\/de\/adresse-und-oeffnungszeiten\/#breadcrumb","itemListElement":[{"@type":"ListItem","position":1,"name":"Home","item":"https:\/\/www.eliassen.nl\/de\/"},{"@type":"ListItem","position":2,"name":"Adresse und \u00d6ffnungszeiten"}]},{"@type":"WebSite","@id":"https:\/\/www.eliassen.nl\/de\/#website","url":"https:\/\/www.eliassen.nl\/de\/","name":"Eliassen Home & Garden Pleasure","description":"","publisher":{"@id":"https:\/\/www.eliassen.nl\/de\/#organization"},"alternateName":"Eliassen.nl","potentialAction":[{"@type":"SearchAction","target":{"@type":"EntryPoint","urlTemplate":"https:\/\/www.eliassen.nl\/de\/?s={search_term_string}"},"query-input":{"@type":"PropertyValueSpecification","valueRequired":true,"valueName":"search_term_string"}}],"inLanguage":"de"},{"@type":["Organization","Place"],"@id":"https:\/\/www.eliassen.nl\/de\/#organization","name":"Eliassen Home & Garden Pleasure","url":"https:\/\/www.eliassen.nl\/de\/","logo":{"@id":"https:\/\/www.eliassen.nl\/de\/adresse-und-oeffnungszeiten\/#local-main-organization-logo"},"image":{"@id":"https:\/\/www.eliassen.nl\/de\/adresse-und-oeffnungszeiten\/#local-main-organization-logo"},"sameAs":["https:\/\/www.facebook.com\/TuincentrumEliassenAmmerzoden","https:\/\/www.instagram.com\/eliassenhomeandgarden\/","https:\/\/nl.pinterest.com\/eliassenhomeandgarden\/","https:\/\/www.youtube.com\/@eliassenhomegardenpleasure4558"],"telephone":[],"openingHoursSpecification":[{"@type":"OpeningHoursSpecification","dayOfWeek":["Monday","Tuesday","Wednesday","Thursday","Friday","Saturday","Sunday"],"opens":"09:00","closes":"17:00"}]},{"@type":"ImageObject","inLanguage":"de","@id":"https:\/\/www.eliassen.nl\/de\/adresse-und-oeffnungszeiten\/#local-main-organization-logo","url":"https:\/\/www.eliassen.nl\/wp-content\/uploads\/2024\/01\/logo_4nd.jpg","contentUrl":"https:\/\/www.eliassen.nl\/wp-content\/uploads\/2024\/01\/logo_4nd.jpg","width":500,"height":500,"caption":"Eliassen Home & Garden Pleasure"}]}},"_links":{"self":[{"href":"https:\/\/www.eliassen.nl\/de\/wp-json\/wp\/v2\/pages\/167177","targetHints":{"allow":["GET"]}}],"collection":[{"href":"https:\/\/www.eliassen.nl\/de\/wp-json\/wp\/v2\/pages"}],"about":[{"href":"https:\/\/www.eliassen.nl\/de\/wp-json\/wp\/v2\/types\/page"}],"author":[{"embeddable":true,"href":"https:\/\/www.eliassen.nl\/de\/wp-json\/wp\/v2\/users\/1"}],"replies":[{"embeddable":true,"href":"https:\/\/www.eliassen.nl\/de\/wp-json\/wp\/v2\/comments?post=167177"}],"version-history":[{"count":54,"href":"https:\/\/www.eliassen.nl\/de\/wp-json\/wp\/v2\/pages\/167177\/revisions"}],"predecessor-version":[{"id":211998,"href":"https:\/\/www.eliassen.nl\/de\/wp-json\/wp\/v2\/pages\/167177\/revisions\/211998"}],"wp:attachment":[{"href":"https:\/\/www.eliassen.nl\/de\/wp-json\/wp\/v2\/media?parent=167177"}],"curies":[{"name":"wp","href":"https:\/\/api.w.org\/{rel}","templated":true}]}}